{"id":21669,"date":"2025-12-12T18:07:08","date_gmt":"2025-12-12T17:07:08","guid":{"rendered":"https:\/\/test.ecbeaute.com\/?post_type=product&#038;p=21669"},"modified":"2025-12-12T18:07:18","modified_gmt":"2025-12-12T17:07:18","slug":"synbionyme-medacnyl-creme-moussante","status":"publish","type":"product","link":"https:\/\/paracherkaoui.ma\/index.php\/produit\/synbionyme-medacnyl-creme-moussante\/","title":{"rendered":"SYNBIONYME MEDACNYL CREME MOUSSANTE"},"content":{"rendered":"<p>Description:<br \/>\nSa texture fondante se transforme en une mousse l\u00e9g\u00e8re et d\u00e9licate qui \u00e9limine efficacement les impuret\u00e9s et les cellules mortes en respectant le pH de la peau. Ses actifs astringents limitent la production excessive de s\u00e9bum. Au c\u0153ur de sa formule, le complexe Pro-B3 renforce les d\u00e9fenses naturelles de la peau et la prot\u00e8ge efficacement.<br \/>\nConseils d\u2019Utilisation :<br \/>\nMatin et soir, sur le visage mouill\u00e9, appliquer une petite quantit\u00e9 de cr\u00e8me en \u00e9vitant le contour des yeux. Faire mousser du bout des doigts par des mouvements circulaires et rincer abondamment \u00e0 l\u2019eau ti\u00e8de.<\/p>\n","protected":false},"excerpt":{"rendered":"<p>Description: Sa texture fondante se transforme en une mousse l\u00e9g\u00e8re et d\u00e9licate qui \u00e9limine efficacement les impuret\u00e9s et les cellules<\/p>\n","protected":false},"featured_media":21727,"comment_status":"open","ping_status":"closed","template":"","meta":[],"product_brand":[459],"product_cat":[346],"product_tag":[],"class_list":{"0":"post-21669","1":"product","2":"type-product","3":"status-publish","4":"has-post-thumbnail","6":"product_brand-synbionime","7":"product_cat-demaquillants-et-nettoyants","9":"first","10":"instock","11":"sale","12":"shipping-taxable","13":"purchasable","14":"product-type-simple"},"yoast_head":"<!-- This site is optimized with the Yoast SEO plugin v26.6 - https:\/\/yoast.com\/wordpress\/plugins\/seo\/ -->\r\n<title>SYNBIONYME MEDACNYL CREME MOUSSANTE - Paracherkaoui.ma<\/title>\r\n<meta name=\"robots\" content=\"index, follow, max-snippet:-1, max-image-preview:large, max-video-preview:-1\" \/>\r\n<link rel=\"canonical\" href=\"https:\/\/paracherkaoui.ma\/index.php\/produit\/synbionyme-medacnyl-creme-moussante\/\" \/>\r\n<meta property=\"og:locale\" content=\"fr_FR\" \/>\r\n<meta property=\"og:type\" content=\"article\" \/>\r\n<meta property=\"og:title\" content=\"SYNBIONYME MEDACNYL CREME MOUSSANTE - Paracherkaoui.ma\" \/>\r\n<meta property=\"og:description\" content=\"Description: Sa texture fondante se transforme en une mousse l\u00e9g\u00e8re et d\u00e9licate qui \u00e9limine efficacement les impuret\u00e9s et les cellules\" \/>\r\n<meta property=\"og:url\" content=\"https:\/\/paracherkaoui.ma\/index.php\/produit\/synbionyme-medacnyl-creme-moussante\/\" \/>\r\n<meta property=\"og:site_name\" content=\"Paracherkaoui.ma\" \/>\r\n<meta property=\"article:modified_time\" content=\"2025-12-12T17:07:18+00:00\" \/>\r\n<meta property=\"og:image\" content=\"https:\/\/paracherkaoui.ma\/wp-content\/uploads\/2025\/12\/synbionime-synbionyme-medacnyl-creme-moussante-nettoyants-visage.jpg\" \/>\r\n\t<meta property=\"og:image:width\" content=\"700\" \/>\r\n\t<meta property=\"og:image:height\" content=\"700\" \/>\r\n\t<meta property=\"og:image:type\" content=\"image\/jpeg\" \/>\r\n<meta name=\"twitter:card\" content=\"summary_large_image\" \/>\r\n<meta name=\"twitter:label1\" content=\"Dur\u00e9e de lecture estim\u00e9e\" \/>\n\t<meta name=\"twitter:data1\" content=\"1 minute\" \/>\r\n<script type=\"application\/ld+json\" class=\"yoast-schema-graph\">{\"@context\":\"https:\/\/schema.org\",\"@graph\":[{\"@type\":\"WebPage\",\"@id\":\"https:\/\/paracherkaoui.ma\/index.php\/produit\/synbionyme-medacnyl-creme-moussante\/\",\"url\":\"https:\/\/paracherkaoui.ma\/index.php\/produit\/synbionyme-medacnyl-creme-moussante\/\",\"name\":\"SYNBIONYME MEDACNYL CREME MOUSSANTE - Paracherkaoui.ma\",\"isPartOf\":{\"@id\":\"https:\/\/paracherkaoui.ma\/#website\"},\"primaryImageOfPage\":{\"@id\":\"https:\/\/paracherkaoui.ma\/index.php\/produit\/synbionyme-medacnyl-creme-moussante\/#primaryimage\"},\"image\":{\"@id\":\"https:\/\/paracherkaoui.ma\/index.php\/produit\/synbionyme-medacnyl-creme-moussante\/#primaryimage\"},\"thumbnailUrl\":\"https:\/\/paracherkaoui.ma\/wp-content\/uploads\/2025\/12\/synbionime-synbionyme-medacnyl-creme-moussante-nettoyants-visage.jpg\",\"datePublished\":\"2025-12-12T17:07:08+00:00\",\"dateModified\":\"2025-12-12T17:07:18+00:00\",\"breadcrumb\":{\"@id\":\"https:\/\/paracherkaoui.ma\/index.php\/produit\/synbionyme-medacnyl-creme-moussante\/#breadcrumb\"},\"inLanguage\":\"fr-FR\",\"potentialAction\":[{\"@type\":\"ReadAction\",\"target\":[\"https:\/\/paracherkaoui.ma\/index.php\/produit\/synbionyme-medacnyl-creme-moussante\/\"]}]},{\"@type\":\"ImageObject\",\"inLanguage\":\"fr-FR\",\"@id\":\"https:\/\/paracherkaoui.ma\/index.php\/produit\/synbionyme-medacnyl-creme-moussante\/#primaryimage\",\"url\":\"https:\/\/paracherkaoui.ma\/wp-content\/uploads\/2025\/12\/synbionime-synbionyme-medacnyl-creme-moussante-nettoyants-visage.jpg\",\"contentUrl\":\"https:\/\/paracherkaoui.ma\/wp-content\/uploads\/2025\/12\/synbionime-synbionyme-medacnyl-creme-moussante-nettoyants-visage.jpg\",\"width\":700,\"height\":700},{\"@type\":\"BreadcrumbList\",\"@id\":\"https:\/\/paracherkaoui.ma\/index.php\/produit\/synbionyme-medacnyl-creme-moussante\/#breadcrumb\",\"itemListElement\":[{\"@type\":\"ListItem\",\"position\":1,\"name\":\"Accueil\",\"item\":\"https:\/\/paracherkaoui.ma\/\"},{\"@type\":\"ListItem\",\"position\":2,\"name\":\"Boutique\",\"item\":\"https:\/\/paracherkaoui.ma\/index.php\/boutique\/\"},{\"@type\":\"ListItem\",\"position\":3,\"name\":\"SYNBIONYME MEDACNYL CREME MOUSSANTE\"}]},{\"@type\":\"WebSite\",\"@id\":\"https:\/\/paracherkaoui.ma\/#website\",\"url\":\"https:\/\/paracherkaoui.ma\/\",\"name\":\"Paracherkaoui.ma\",\"description\":\"Achetez en ligne sur Paracherkaoui.ma\",\"potentialAction\":[{\"@type\":\"SearchAction\",\"target\":{\"@type\":\"EntryPoint\",\"urlTemplate\":\"https:\/\/paracherkaoui.ma\/?s={search_term_string}\"},\"query-input\":{\"@type\":\"PropertyValueSpecification\",\"valueRequired\":true,\"valueName\":\"search_term_string\"}}],\"inLanguage\":\"fr-FR\"}]}<\/script>\r\n<!-- \/ Yoast SEO plugin. -->","yoast_head_json":{"title":"SYNBIONYME MEDACNYL CREME MOUSSANTE - Paracherkaoui.ma","robots":{"index":"index","follow":"follow","max-snippet":"max-snippet:-1","max-image-preview":"max-image-preview:large","max-video-preview":"max-video-preview:-1"},"canonical":"https:\/\/paracherkaoui.ma\/index.php\/produit\/synbionyme-medacnyl-creme-moussante\/","og_locale":"fr_FR","og_type":"article","og_title":"SYNBIONYME MEDACNYL CREME MOUSSANTE - Paracherkaoui.ma","og_description":"Description: Sa texture fondante se transforme en une mousse l\u00e9g\u00e8re et d\u00e9licate qui \u00e9limine efficacement les impuret\u00e9s et les cellules","og_url":"https:\/\/paracherkaoui.ma\/index.php\/produit\/synbionyme-medacnyl-creme-moussante\/","og_site_name":"Paracherkaoui.ma","article_modified_time":"2025-12-12T17:07:18+00:00","og_image":[{"width":700,"height":700,"url":"https:\/\/paracherkaoui.ma\/wp-content\/uploads\/2025\/12\/synbionime-synbionyme-medacnyl-creme-moussante-nettoyants-visage.jpg","type":"image\/jpeg"}],"twitter_card":"summary_large_image","twitter_misc":{"Dur\u00e9e de lecture estim\u00e9e":"1 minute"},"schema":{"@context":"https:\/\/schema.org","@graph":[{"@type":"WebPage","@id":"https:\/\/paracherkaoui.ma\/index.php\/produit\/synbionyme-medacnyl-creme-moussante\/","url":"https:\/\/paracherkaoui.ma\/index.php\/produit\/synbionyme-medacnyl-creme-moussante\/","name":"SYNBIONYME MEDACNYL CREME MOUSSANTE - Paracherkaoui.ma","isPartOf":{"@id":"https:\/\/paracherkaoui.ma\/#website"},"primaryImageOfPage":{"@id":"https:\/\/paracherkaoui.ma\/index.php\/produit\/synbionyme-medacnyl-creme-moussante\/#primaryimage"},"image":{"@id":"https:\/\/paracherkaoui.ma\/index.php\/produit\/synbionyme-medacnyl-creme-moussante\/#primaryimage"},"thumbnailUrl":"https:\/\/paracherkaoui.ma\/wp-content\/uploads\/2025\/12\/synbionime-synbionyme-medacnyl-creme-moussante-nettoyants-visage.jpg","datePublished":"2025-12-12T17:07:08+00:00","dateModified":"2025-12-12T17:07:18+00:00","breadcrumb":{"@id":"https:\/\/paracherkaoui.ma\/index.php\/produit\/synbionyme-medacnyl-creme-moussante\/#breadcrumb"},"inLanguage":"fr-FR","potentialAction":[{"@type":"ReadAction","target":["https:\/\/paracherkaoui.ma\/index.php\/produit\/synbionyme-medacnyl-creme-moussante\/"]}]},{"@type":"ImageObject","inLanguage":"fr-FR","@id":"https:\/\/paracherkaoui.ma\/index.php\/produit\/synbionyme-medacnyl-creme-moussante\/#primaryimage","url":"https:\/\/paracherkaoui.ma\/wp-content\/uploads\/2025\/12\/synbionime-synbionyme-medacnyl-creme-moussante-nettoyants-visage.jpg","contentUrl":"https:\/\/paracherkaoui.ma\/wp-content\/uploads\/2025\/12\/synbionime-synbionyme-medacnyl-creme-moussante-nettoyants-visage.jpg","width":700,"height":700},{"@type":"BreadcrumbList","@id":"https:\/\/paracherkaoui.ma\/index.php\/produit\/synbionyme-medacnyl-creme-moussante\/#breadcrumb","itemListElement":[{"@type":"ListItem","position":1,"name":"Accueil","item":"https:\/\/paracherkaoui.ma\/"},{"@type":"ListItem","position":2,"name":"Boutique","item":"https:\/\/paracherkaoui.ma\/index.php\/boutique\/"},{"@type":"ListItem","position":3,"name":"SYNBIONYME MEDACNYL CREME MOUSSANTE"}]},{"@type":"WebSite","@id":"https:\/\/paracherkaoui.ma\/#website","url":"https:\/\/paracherkaoui.ma\/","name":"Paracherkaoui.ma","description":"Achetez en ligne sur Paracherkaoui.ma","potentialAction":[{"@type":"SearchAction","target":{"@type":"EntryPoint","urlTemplate":"https:\/\/paracherkaoui.ma\/?s={search_term_string}"},"query-input":{"@type":"PropertyValueSpecification","valueRequired":true,"valueName":"search_term_string"}}],"inLanguage":"fr-FR"}]}},"_links":{"self":[{"href":"https:\/\/paracherkaoui.ma\/index.php\/wp-json\/wp\/v2\/product\/21669","targetHints":{"allow":["GET"]}}],"collection":[{"href":"https:\/\/paracherkaoui.ma\/index.php\/wp-json\/wp\/v2\/product"}],"about":[{"href":"https:\/\/paracherkaoui.ma\/index.php\/wp-json\/wp\/v2\/types\/product"}],"replies":[{"embeddable":true,"href":"https:\/\/paracherkaoui.ma\/index.php\/wp-json\/wp\/v2\/comments?post=21669"}],"version-history":[{"count":1,"href":"https:\/\/paracherkaoui.ma\/index.php\/wp-json\/wp\/v2\/product\/21669\/revisions"}],"predecessor-version":[{"id":21728,"href":"https:\/\/paracherkaoui.ma\/index.php\/wp-json\/wp\/v2\/product\/21669\/revisions\/21728"}],"wp:featuredmedia":[{"embeddable":true,"href":"https:\/\/paracherkaoui.ma\/index.php\/wp-json\/wp\/v2\/media\/21727"}],"wp:attachment":[{"href":"https:\/\/paracherkaoui.ma\/index.php\/wp-json\/wp\/v2\/media?parent=21669"}],"wp:term":[{"taxonomy":"product_brand","embeddable":true,"href":"https:\/\/paracherkaoui.ma\/index.php\/wp-json\/wp\/v2\/product_brand?post=21669"},{"taxonomy":"product_cat","embeddable":true,"href":"https:\/\/paracherkaoui.ma\/index.php\/wp-json\/wp\/v2\/product_cat?post=21669"},{"taxonomy":"product_tag","embeddable":true,"href":"https:\/\/paracherkaoui.ma\/index.php\/wp-json\/wp\/v2\/product_tag?post=21669"}],"curies":[{"name":"wp","href":"https:\/\/api.w.org\/{rel}","templated":true}]}}