{"id":21667,"date":"2025-12-12T18:07:08","date_gmt":"2025-12-12T17:07:08","guid":{"rendered":"https:\/\/test.ecbeaute.com\/?post_type=product&#038;p=21667"},"modified":"2025-12-12T18:07:17","modified_gmt":"2025-12-12T17:07:17","slug":"cattier-solution-micellaire-demaquillante","status":"publish","type":"product","link":"https:\/\/paracherkaoui.ma\/index.php\/produit\/cattier-solution-micellaire-demaquillante\/","title":{"rendered":"CATTIER SOLUTION MICELLAIRE DEMAQUILLANTE"},"content":{"rendered":"<p>La Solution micellaire d\u00e9maquillante Perle d\u2019Eau Cattier, formul\u00e9e sans alcool et sans parfum, \u00e9limine d\u00e9licatement toutes les impuret\u00e9s et le maquillage du visage, des yeux et des l\u00e8vres. Gr\u00e2ce \u00e0 sa richesse en extrait de rose bio, recherch\u00e9e pour ses vertus apaisantes, astringentes et hydratantes et en aloe vera bio, adoucissant, r\u00e9g\u00e9n\u00e9rant et protecteur, sa formule haute tol\u00e9rance rafra\u00eechit, apaise et purifie la peau. Sa texture ultra-l\u00e9g\u00e8re associe la fra\u00eecheur tonifiante de l\u2019eau \u00e0 l\u2019efficacit\u00e9 nettoyante des micelles<br \/>\npour une peau parfaitement propre, douce et \u00e9clatante.<\/p>\n<p>[ 0% ALCOOL \u2013 0% PARFUM ]<br \/>\nContenance: 300 ml \/ 50 ml<br \/>\nMatin et soir, imbiber un coton de Solution micellaire d\u00e9maquillante Perle d&rsquo;Eau Cattier et nettoyer et\/ou d\u00e9maquiller le visage, les yeux, les l\u00e8vres, le cou et le d\u00e9collet\u00e9. Renouveler l&rsquo;application jusqu\u2019\u00e0 ce que le coton soit parfaitement propre. Sans rin\u00e7age.<\/p>\n","protected":false},"excerpt":{"rendered":"<p>La Solution micellaire d\u00e9maquillante Perle d\u2019Eau Cattier, formul\u00e9e sans alcool et sans parfum, \u00e9limine d\u00e9licatement toutes les impuret\u00e9s et le<\/p>\n","protected":false},"featured_media":21723,"comment_status":"open","ping_status":"closed","template":"","meta":[],"product_brand":[187],"product_cat":[346],"product_tag":[],"class_list":{"0":"post-21667","1":"product","2":"type-product","3":"status-publish","4":"has-post-thumbnail","6":"product_brand-cattier","7":"product_cat-demaquillants-et-nettoyants","9":"first","10":"instock","11":"shipping-taxable","12":"purchasable","13":"product-type-simple"},"yoast_head":"<!-- This site is optimized with the Yoast SEO plugin v26.6 - https:\/\/yoast.com\/wordpress\/plugins\/seo\/ -->\r\n<title>CATTIER SOLUTION MICELLAIRE DEMAQUILLANTE - Paracherkaoui.ma<\/title>\r\n<meta name=\"robots\" content=\"index, follow, max-snippet:-1, max-image-preview:large, max-video-preview:-1\" \/>\r\n<link rel=\"canonical\" href=\"https:\/\/paracherkaoui.ma\/index.php\/produit\/cattier-solution-micellaire-demaquillante\/\" \/>\r\n<meta property=\"og:locale\" content=\"fr_FR\" \/>\r\n<meta property=\"og:type\" content=\"article\" \/>\r\n<meta property=\"og:title\" content=\"CATTIER SOLUTION MICELLAIRE DEMAQUILLANTE - Paracherkaoui.ma\" \/>\r\n<meta property=\"og:description\" content=\"La Solution micellaire d\u00e9maquillante Perle d\u2019Eau Cattier, formul\u00e9e sans alcool et sans parfum, \u00e9limine d\u00e9licatement toutes les impuret\u00e9s et le\" \/>\r\n<meta property=\"og:url\" content=\"https:\/\/paracherkaoui.ma\/index.php\/produit\/cattier-solution-micellaire-demaquillante\/\" \/>\r\n<meta property=\"og:site_name\" content=\"Paracherkaoui.ma\" \/>\r\n<meta property=\"article:modified_time\" content=\"2025-12-12T17:07:17+00:00\" \/>\r\n<meta property=\"og:image\" content=\"https:\/\/paracherkaoui.ma\/wp-content\/uploads\/2025\/12\/cattier-cattier-solution-micellaire-demaquillante-nettoyants-visage.jpg\" \/>\r\n\t<meta property=\"og:image:width\" content=\"700\" \/>\r\n\t<meta property=\"og:image:height\" content=\"700\" \/>\r\n\t<meta property=\"og:image:type\" content=\"image\/jpeg\" \/>\r\n<meta name=\"twitter:card\" content=\"summary_large_image\" \/>\r\n<meta name=\"twitter:label1\" content=\"Dur\u00e9e de lecture estim\u00e9e\" \/>\n\t<meta name=\"twitter:data1\" content=\"1 minute\" \/>\r\n<script type=\"application\/ld+json\" class=\"yoast-schema-graph\">{\"@context\":\"https:\/\/schema.org\",\"@graph\":[{\"@type\":\"WebPage\",\"@id\":\"https:\/\/paracherkaoui.ma\/index.php\/produit\/cattier-solution-micellaire-demaquillante\/\",\"url\":\"https:\/\/paracherkaoui.ma\/index.php\/produit\/cattier-solution-micellaire-demaquillante\/\",\"name\":\"CATTIER SOLUTION MICELLAIRE DEMAQUILLANTE - Paracherkaoui.ma\",\"isPartOf\":{\"@id\":\"https:\/\/paracherkaoui.ma\/#website\"},\"primaryImageOfPage\":{\"@id\":\"https:\/\/paracherkaoui.ma\/index.php\/produit\/cattier-solution-micellaire-demaquillante\/#primaryimage\"},\"image\":{\"@id\":\"https:\/\/paracherkaoui.ma\/index.php\/produit\/cattier-solution-micellaire-demaquillante\/#primaryimage\"},\"thumbnailUrl\":\"https:\/\/paracherkaoui.ma\/wp-content\/uploads\/2025\/12\/cattier-cattier-solution-micellaire-demaquillante-nettoyants-visage.jpg\",\"datePublished\":\"2025-12-12T17:07:08+00:00\",\"dateModified\":\"2025-12-12T17:07:17+00:00\",\"breadcrumb\":{\"@id\":\"https:\/\/paracherkaoui.ma\/index.php\/produit\/cattier-solution-micellaire-demaquillante\/#breadcrumb\"},\"inLanguage\":\"fr-FR\",\"potentialAction\":[{\"@type\":\"ReadAction\",\"target\":[\"https:\/\/paracherkaoui.ma\/index.php\/produit\/cattier-solution-micellaire-demaquillante\/\"]}]},{\"@type\":\"ImageObject\",\"inLanguage\":\"fr-FR\",\"@id\":\"https:\/\/paracherkaoui.ma\/index.php\/produit\/cattier-solution-micellaire-demaquillante\/#primaryimage\",\"url\":\"https:\/\/paracherkaoui.ma\/wp-content\/uploads\/2025\/12\/cattier-cattier-solution-micellaire-demaquillante-nettoyants-visage.jpg\",\"contentUrl\":\"https:\/\/paracherkaoui.ma\/wp-content\/uploads\/2025\/12\/cattier-cattier-solution-micellaire-demaquillante-nettoyants-visage.jpg\",\"width\":700,\"height\":700},{\"@type\":\"BreadcrumbList\",\"@id\":\"https:\/\/paracherkaoui.ma\/index.php\/produit\/cattier-solution-micellaire-demaquillante\/#breadcrumb\",\"itemListElement\":[{\"@type\":\"ListItem\",\"position\":1,\"name\":\"Accueil\",\"item\":\"https:\/\/paracherkaoui.ma\/\"},{\"@type\":\"ListItem\",\"position\":2,\"name\":\"Boutique\",\"item\":\"https:\/\/paracherkaoui.ma\/index.php\/boutique\/\"},{\"@type\":\"ListItem\",\"position\":3,\"name\":\"CATTIER SOLUTION MICELLAIRE DEMAQUILLANTE\"}]},{\"@type\":\"WebSite\",\"@id\":\"https:\/\/paracherkaoui.ma\/#website\",\"url\":\"https:\/\/paracherkaoui.ma\/\",\"name\":\"Paracherkaoui.ma\",\"description\":\"Achetez en ligne sur Paracherkaoui.ma\",\"potentialAction\":[{\"@type\":\"SearchAction\",\"target\":{\"@type\":\"EntryPoint\",\"urlTemplate\":\"https:\/\/paracherkaoui.ma\/?s={search_term_string}\"},\"query-input\":{\"@type\":\"PropertyValueSpecification\",\"valueRequired\":true,\"valueName\":\"search_term_string\"}}],\"inLanguage\":\"fr-FR\"}]}<\/script>\r\n<!-- \/ Yoast SEO plugin. -->","yoast_head_json":{"title":"CATTIER SOLUTION MICELLAIRE DEMAQUILLANTE - Paracherkaoui.ma","robots":{"index":"index","follow":"follow","max-snippet":"max-snippet:-1","max-image-preview":"max-image-preview:large","max-video-preview":"max-video-preview:-1"},"canonical":"https:\/\/paracherkaoui.ma\/index.php\/produit\/cattier-solution-micellaire-demaquillante\/","og_locale":"fr_FR","og_type":"article","og_title":"CATTIER SOLUTION MICELLAIRE DEMAQUILLANTE - Paracherkaoui.ma","og_description":"La Solution micellaire d\u00e9maquillante Perle d\u2019Eau Cattier, formul\u00e9e sans alcool et sans parfum, \u00e9limine d\u00e9licatement toutes les impuret\u00e9s et le","og_url":"https:\/\/paracherkaoui.ma\/index.php\/produit\/cattier-solution-micellaire-demaquillante\/","og_site_name":"Paracherkaoui.ma","article_modified_time":"2025-12-12T17:07:17+00:00","og_image":[{"width":700,"height":700,"url":"https:\/\/paracherkaoui.ma\/wp-content\/uploads\/2025\/12\/cattier-cattier-solution-micellaire-demaquillante-nettoyants-visage.jpg","type":"image\/jpeg"}],"twitter_card":"summary_large_image","twitter_misc":{"Dur\u00e9e de lecture estim\u00e9e":"1 minute"},"schema":{"@context":"https:\/\/schema.org","@graph":[{"@type":"WebPage","@id":"https:\/\/paracherkaoui.ma\/index.php\/produit\/cattier-solution-micellaire-demaquillante\/","url":"https:\/\/paracherkaoui.ma\/index.php\/produit\/cattier-solution-micellaire-demaquillante\/","name":"CATTIER SOLUTION MICELLAIRE DEMAQUILLANTE - Paracherkaoui.ma","isPartOf":{"@id":"https:\/\/paracherkaoui.ma\/#website"},"primaryImageOfPage":{"@id":"https:\/\/paracherkaoui.ma\/index.php\/produit\/cattier-solution-micellaire-demaquillante\/#primaryimage"},"image":{"@id":"https:\/\/paracherkaoui.ma\/index.php\/produit\/cattier-solution-micellaire-demaquillante\/#primaryimage"},"thumbnailUrl":"https:\/\/paracherkaoui.ma\/wp-content\/uploads\/2025\/12\/cattier-cattier-solution-micellaire-demaquillante-nettoyants-visage.jpg","datePublished":"2025-12-12T17:07:08+00:00","dateModified":"2025-12-12T17:07:17+00:00","breadcrumb":{"@id":"https:\/\/paracherkaoui.ma\/index.php\/produit\/cattier-solution-micellaire-demaquillante\/#breadcrumb"},"inLanguage":"fr-FR","potentialAction":[{"@type":"ReadAction","target":["https:\/\/paracherkaoui.ma\/index.php\/produit\/cattier-solution-micellaire-demaquillante\/"]}]},{"@type":"ImageObject","inLanguage":"fr-FR","@id":"https:\/\/paracherkaoui.ma\/index.php\/produit\/cattier-solution-micellaire-demaquillante\/#primaryimage","url":"https:\/\/paracherkaoui.ma\/wp-content\/uploads\/2025\/12\/cattier-cattier-solution-micellaire-demaquillante-nettoyants-visage.jpg","contentUrl":"https:\/\/paracherkaoui.ma\/wp-content\/uploads\/2025\/12\/cattier-cattier-solution-micellaire-demaquillante-nettoyants-visage.jpg","width":700,"height":700},{"@type":"BreadcrumbList","@id":"https:\/\/paracherkaoui.ma\/index.php\/produit\/cattier-solution-micellaire-demaquillante\/#breadcrumb","itemListElement":[{"@type":"ListItem","position":1,"name":"Accueil","item":"https:\/\/paracherkaoui.ma\/"},{"@type":"ListItem","position":2,"name":"Boutique","item":"https:\/\/paracherkaoui.ma\/index.php\/boutique\/"},{"@type":"ListItem","position":3,"name":"CATTIER SOLUTION MICELLAIRE DEMAQUILLANTE"}]},{"@type":"WebSite","@id":"https:\/\/paracherkaoui.ma\/#website","url":"https:\/\/paracherkaoui.ma\/","name":"Paracherkaoui.ma","description":"Achetez en ligne sur Paracherkaoui.ma","potentialAction":[{"@type":"SearchAction","target":{"@type":"EntryPoint","urlTemplate":"https:\/\/paracherkaoui.ma\/?s={search_term_string}"},"query-input":{"@type":"PropertyValueSpecification","valueRequired":true,"valueName":"search_term_string"}}],"inLanguage":"fr-FR"}]}},"_links":{"self":[{"href":"https:\/\/paracherkaoui.ma\/index.php\/wp-json\/wp\/v2\/product\/21667","targetHints":{"allow":["GET"]}}],"collection":[{"href":"https:\/\/paracherkaoui.ma\/index.php\/wp-json\/wp\/v2\/product"}],"about":[{"href":"https:\/\/paracherkaoui.ma\/index.php\/wp-json\/wp\/v2\/types\/product"}],"replies":[{"embeddable":true,"href":"https:\/\/paracherkaoui.ma\/index.php\/wp-json\/wp\/v2\/comments?post=21667"}],"version-history":[{"count":1,"href":"https:\/\/paracherkaoui.ma\/index.php\/wp-json\/wp\/v2\/product\/21667\/revisions"}],"predecessor-version":[{"id":21724,"href":"https:\/\/paracherkaoui.ma\/index.php\/wp-json\/wp\/v2\/product\/21667\/revisions\/21724"}],"wp:featuredmedia":[{"embeddable":true,"href":"https:\/\/paracherkaoui.ma\/index.php\/wp-json\/wp\/v2\/media\/21723"}],"wp:attachment":[{"href":"https:\/\/paracherkaoui.ma\/index.php\/wp-json\/wp\/v2\/media?parent=21667"}],"wp:term":[{"taxonomy":"product_brand","embeddable":true,"href":"https:\/\/paracherkaoui.ma\/index.php\/wp-json\/wp\/v2\/product_brand?post=21667"},{"taxonomy":"product_cat","embeddable":true,"href":"https:\/\/paracherkaoui.ma\/index.php\/wp-json\/wp\/v2\/product_cat?post=21667"},{"taxonomy":"product_tag","embeddable":true,"href":"https:\/\/paracherkaoui.ma\/index.php\/wp-json\/wp\/v2\/product_tag?post=21667"}],"curies":[{"name":"wp","href":"https:\/\/api.w.org\/{rel}","templated":true}]}}