{"id":21648,"date":"2025-12-12T18:07:07","date_gmt":"2025-12-12T17:07:07","guid":{"rendered":"https:\/\/test.ecbeaute.com\/?post_type=product&#038;p=21648"},"modified":"2025-12-12T18:07:10","modified_gmt":"2025-12-12T17:07:10","slug":"floxia-mousse-purifiante-sans-savon","status":"publish","type":"product","link":"https:\/\/paracherkaoui.ma\/index.php\/produit\/floxia-mousse-purifiante-sans-savon\/","title":{"rendered":"FLOXIA MOUSSE PURIFIANTE SANS SAVON"},"content":{"rendered":"<p>Description:<br \/>\nLa Mousse Nettoyante Purifiante d\u00e9maquille et nettoie la peau en profondeur. Sa composition\u00a0sans savon\u00a0est beaucoup moins agressive pour l\u2019\u00e9piderme. La\u00a0mousse nettoyante visage\u00a0\u00e9limine les impuret\u00e9s et prend soin des peaux s\u00e8ches et sensibles sans les agresser.<\/p>\n","protected":false},"excerpt":{"rendered":"<p>Description: La Mousse Nettoyante Purifiante d\u00e9maquille et nettoie la peau en profondeur. Sa composition\u00a0sans savon\u00a0est beaucoup moins agressive pour l\u2019\u00e9piderme.<\/p>\n","protected":false},"featured_media":21685,"comment_status":"open","ping_status":"closed","template":"","meta":[],"product_brand":[300],"product_cat":[346],"product_tag":[],"class_list":{"0":"post-21648","1":"product","2":"type-product","3":"status-publish","4":"has-post-thumbnail","6":"product_brand-floxia","7":"product_cat-demaquillants-et-nettoyants","9":"first","10":"instock","11":"sale","12":"shipping-taxable","13":"purchasable","14":"product-type-simple"},"yoast_head":"<!-- This site is optimized with the Yoast SEO plugin v26.6 - https:\/\/yoast.com\/wordpress\/plugins\/seo\/ -->\r\n<title>FLOXIA MOUSSE PURIFIANTE SANS SAVON - Paracherkaoui.ma<\/title>\r\n<meta name=\"robots\" content=\"index, follow, max-snippet:-1, max-image-preview:large, max-video-preview:-1\" \/>\r\n<link rel=\"canonical\" href=\"https:\/\/paracherkaoui.ma\/index.php\/produit\/floxia-mousse-purifiante-sans-savon\/\" \/>\r\n<meta property=\"og:locale\" content=\"fr_FR\" \/>\r\n<meta property=\"og:type\" content=\"article\" \/>\r\n<meta property=\"og:title\" content=\"FLOXIA MOUSSE PURIFIANTE SANS SAVON - Paracherkaoui.ma\" \/>\r\n<meta property=\"og:description\" content=\"Description: La Mousse Nettoyante Purifiante d\u00e9maquille et nettoie la peau en profondeur. Sa composition\u00a0sans savon\u00a0est beaucoup moins agressive pour l\u2019\u00e9piderme.\" \/>\r\n<meta property=\"og:url\" content=\"https:\/\/paracherkaoui.ma\/index.php\/produit\/floxia-mousse-purifiante-sans-savon\/\" \/>\r\n<meta property=\"og:site_name\" content=\"Paracherkaoui.ma\" \/>\r\n<meta property=\"article:modified_time\" content=\"2025-12-12T17:07:10+00:00\" \/>\r\n<meta property=\"og:image\" content=\"https:\/\/paracherkaoui.ma\/wp-content\/uploads\/2025\/12\/floxia-floxia-mousse-purifiante-sans-savon-nettoyants-visage.jpg\" \/>\r\n\t<meta property=\"og:image:width\" content=\"700\" \/>\r\n\t<meta property=\"og:image:height\" content=\"700\" \/>\r\n\t<meta property=\"og:image:type\" content=\"image\/jpeg\" \/>\r\n<meta name=\"twitter:card\" content=\"summary_large_image\" \/>\r\n<script type=\"application\/ld+json\" class=\"yoast-schema-graph\">{\"@context\":\"https:\/\/schema.org\",\"@graph\":[{\"@type\":\"WebPage\",\"@id\":\"https:\/\/paracherkaoui.ma\/index.php\/produit\/floxia-mousse-purifiante-sans-savon\/\",\"url\":\"https:\/\/paracherkaoui.ma\/index.php\/produit\/floxia-mousse-purifiante-sans-savon\/\",\"name\":\"FLOXIA MOUSSE PURIFIANTE SANS SAVON - Paracherkaoui.ma\",\"isPartOf\":{\"@id\":\"https:\/\/paracherkaoui.ma\/#website\"},\"primaryImageOfPage\":{\"@id\":\"https:\/\/paracherkaoui.ma\/index.php\/produit\/floxia-mousse-purifiante-sans-savon\/#primaryimage\"},\"image\":{\"@id\":\"https:\/\/paracherkaoui.ma\/index.php\/produit\/floxia-mousse-purifiante-sans-savon\/#primaryimage\"},\"thumbnailUrl\":\"https:\/\/paracherkaoui.ma\/wp-content\/uploads\/2025\/12\/floxia-floxia-mousse-purifiante-sans-savon-nettoyants-visage.jpg\",\"datePublished\":\"2025-12-12T17:07:07+00:00\",\"dateModified\":\"2025-12-12T17:07:10+00:00\",\"breadcrumb\":{\"@id\":\"https:\/\/paracherkaoui.ma\/index.php\/produit\/floxia-mousse-purifiante-sans-savon\/#breadcrumb\"},\"inLanguage\":\"fr-FR\",\"potentialAction\":[{\"@type\":\"ReadAction\",\"target\":[\"https:\/\/paracherkaoui.ma\/index.php\/produit\/floxia-mousse-purifiante-sans-savon\/\"]}]},{\"@type\":\"ImageObject\",\"inLanguage\":\"fr-FR\",\"@id\":\"https:\/\/paracherkaoui.ma\/index.php\/produit\/floxia-mousse-purifiante-sans-savon\/#primaryimage\",\"url\":\"https:\/\/paracherkaoui.ma\/wp-content\/uploads\/2025\/12\/floxia-floxia-mousse-purifiante-sans-savon-nettoyants-visage.jpg\",\"contentUrl\":\"https:\/\/paracherkaoui.ma\/wp-content\/uploads\/2025\/12\/floxia-floxia-mousse-purifiante-sans-savon-nettoyants-visage.jpg\",\"width\":700,\"height\":700},{\"@type\":\"BreadcrumbList\",\"@id\":\"https:\/\/paracherkaoui.ma\/index.php\/produit\/floxia-mousse-purifiante-sans-savon\/#breadcrumb\",\"itemListElement\":[{\"@type\":\"ListItem\",\"position\":1,\"name\":\"Accueil\",\"item\":\"https:\/\/paracherkaoui.ma\/\"},{\"@type\":\"ListItem\",\"position\":2,\"name\":\"Boutique\",\"item\":\"https:\/\/paracherkaoui.ma\/index.php\/boutique\/\"},{\"@type\":\"ListItem\",\"position\":3,\"name\":\"FLOXIA MOUSSE PURIFIANTE SANS SAVON\"}]},{\"@type\":\"WebSite\",\"@id\":\"https:\/\/paracherkaoui.ma\/#website\",\"url\":\"https:\/\/paracherkaoui.ma\/\",\"name\":\"Paracherkaoui.ma\",\"description\":\"Achetez en ligne sur Paracherkaoui.ma\",\"potentialAction\":[{\"@type\":\"SearchAction\",\"target\":{\"@type\":\"EntryPoint\",\"urlTemplate\":\"https:\/\/paracherkaoui.ma\/?s={search_term_string}\"},\"query-input\":{\"@type\":\"PropertyValueSpecification\",\"valueRequired\":true,\"valueName\":\"search_term_string\"}}],\"inLanguage\":\"fr-FR\"}]}<\/script>\r\n<!-- \/ Yoast SEO plugin. -->","yoast_head_json":{"title":"FLOXIA MOUSSE PURIFIANTE SANS SAVON - Paracherkaoui.ma","robots":{"index":"index","follow":"follow","max-snippet":"max-snippet:-1","max-image-preview":"max-image-preview:large","max-video-preview":"max-video-preview:-1"},"canonical":"https:\/\/paracherkaoui.ma\/index.php\/produit\/floxia-mousse-purifiante-sans-savon\/","og_locale":"fr_FR","og_type":"article","og_title":"FLOXIA MOUSSE PURIFIANTE SANS SAVON - Paracherkaoui.ma","og_description":"Description: La Mousse Nettoyante Purifiante d\u00e9maquille et nettoie la peau en profondeur. Sa composition\u00a0sans savon\u00a0est beaucoup moins agressive pour l\u2019\u00e9piderme.","og_url":"https:\/\/paracherkaoui.ma\/index.php\/produit\/floxia-mousse-purifiante-sans-savon\/","og_site_name":"Paracherkaoui.ma","article_modified_time":"2025-12-12T17:07:10+00:00","og_image":[{"width":700,"height":700,"url":"https:\/\/paracherkaoui.ma\/wp-content\/uploads\/2025\/12\/floxia-floxia-mousse-purifiante-sans-savon-nettoyants-visage.jpg","type":"image\/jpeg"}],"twitter_card":"summary_large_image","schema":{"@context":"https:\/\/schema.org","@graph":[{"@type":"WebPage","@id":"https:\/\/paracherkaoui.ma\/index.php\/produit\/floxia-mousse-purifiante-sans-savon\/","url":"https:\/\/paracherkaoui.ma\/index.php\/produit\/floxia-mousse-purifiante-sans-savon\/","name":"FLOXIA MOUSSE PURIFIANTE SANS SAVON - Paracherkaoui.ma","isPartOf":{"@id":"https:\/\/paracherkaoui.ma\/#website"},"primaryImageOfPage":{"@id":"https:\/\/paracherkaoui.ma\/index.php\/produit\/floxia-mousse-purifiante-sans-savon\/#primaryimage"},"image":{"@id":"https:\/\/paracherkaoui.ma\/index.php\/produit\/floxia-mousse-purifiante-sans-savon\/#primaryimage"},"thumbnailUrl":"https:\/\/paracherkaoui.ma\/wp-content\/uploads\/2025\/12\/floxia-floxia-mousse-purifiante-sans-savon-nettoyants-visage.jpg","datePublished":"2025-12-12T17:07:07+00:00","dateModified":"2025-12-12T17:07:10+00:00","breadcrumb":{"@id":"https:\/\/paracherkaoui.ma\/index.php\/produit\/floxia-mousse-purifiante-sans-savon\/#breadcrumb"},"inLanguage":"fr-FR","potentialAction":[{"@type":"ReadAction","target":["https:\/\/paracherkaoui.ma\/index.php\/produit\/floxia-mousse-purifiante-sans-savon\/"]}]},{"@type":"ImageObject","inLanguage":"fr-FR","@id":"https:\/\/paracherkaoui.ma\/index.php\/produit\/floxia-mousse-purifiante-sans-savon\/#primaryimage","url":"https:\/\/paracherkaoui.ma\/wp-content\/uploads\/2025\/12\/floxia-floxia-mousse-purifiante-sans-savon-nettoyants-visage.jpg","contentUrl":"https:\/\/paracherkaoui.ma\/wp-content\/uploads\/2025\/12\/floxia-floxia-mousse-purifiante-sans-savon-nettoyants-visage.jpg","width":700,"height":700},{"@type":"BreadcrumbList","@id":"https:\/\/paracherkaoui.ma\/index.php\/produit\/floxia-mousse-purifiante-sans-savon\/#breadcrumb","itemListElement":[{"@type":"ListItem","position":1,"name":"Accueil","item":"https:\/\/paracherkaoui.ma\/"},{"@type":"ListItem","position":2,"name":"Boutique","item":"https:\/\/paracherkaoui.ma\/index.php\/boutique\/"},{"@type":"ListItem","position":3,"name":"FLOXIA MOUSSE PURIFIANTE SANS SAVON"}]},{"@type":"WebSite","@id":"https:\/\/paracherkaoui.ma\/#website","url":"https:\/\/paracherkaoui.ma\/","name":"Paracherkaoui.ma","description":"Achetez en ligne sur Paracherkaoui.ma","potentialAction":[{"@type":"SearchAction","target":{"@type":"EntryPoint","urlTemplate":"https:\/\/paracherkaoui.ma\/?s={search_term_string}"},"query-input":{"@type":"PropertyValueSpecification","valueRequired":true,"valueName":"search_term_string"}}],"inLanguage":"fr-FR"}]}},"_links":{"self":[{"href":"https:\/\/paracherkaoui.ma\/index.php\/wp-json\/wp\/v2\/product\/21648","targetHints":{"allow":["GET"]}}],"collection":[{"href":"https:\/\/paracherkaoui.ma\/index.php\/wp-json\/wp\/v2\/product"}],"about":[{"href":"https:\/\/paracherkaoui.ma\/index.php\/wp-json\/wp\/v2\/types\/product"}],"replies":[{"embeddable":true,"href":"https:\/\/paracherkaoui.ma\/index.php\/wp-json\/wp\/v2\/comments?post=21648"}],"version-history":[{"count":1,"href":"https:\/\/paracherkaoui.ma\/index.php\/wp-json\/wp\/v2\/product\/21648\/revisions"}],"predecessor-version":[{"id":21686,"href":"https:\/\/paracherkaoui.ma\/index.php\/wp-json\/wp\/v2\/product\/21648\/revisions\/21686"}],"wp:featuredmedia":[{"embeddable":true,"href":"https:\/\/paracherkaoui.ma\/index.php\/wp-json\/wp\/v2\/media\/21685"}],"wp:attachment":[{"href":"https:\/\/paracherkaoui.ma\/index.php\/wp-json\/wp\/v2\/media?parent=21648"}],"wp:term":[{"taxonomy":"product_brand","embeddable":true,"href":"https:\/\/paracherkaoui.ma\/index.php\/wp-json\/wp\/v2\/product_brand?post=21648"},{"taxonomy":"product_cat","embeddable":true,"href":"https:\/\/paracherkaoui.ma\/index.php\/wp-json\/wp\/v2\/product_cat?post=21648"},{"taxonomy":"product_tag","embeddable":true,"href":"https:\/\/paracherkaoui.ma\/index.php\/wp-json\/wp\/v2\/product_tag?post=21648"}],"curies":[{"name":"wp","href":"https:\/\/api.w.org\/{rel}","templated":true}]}}