{"id":21573,"date":"2025-12-12T18:06:58","date_gmt":"2025-12-12T17:06:58","guid":{"rendered":"https:\/\/test.ecbeaute.com\/?post_type=product&#038;p=21573"},"modified":"2025-12-12T18:07:03","modified_gmt":"2025-12-12T17:07:03","slug":"hyfac-mousse-nettoyante-exfoliante","status":"publish","type":"product","link":"https:\/\/paracherkaoui.ma\/index.php\/produit\/hyfac-mousse-nettoyante-exfoliante\/","title":{"rendered":"HYFAC MOUSSE NETTOYANTE EXFOLIANTE"},"content":{"rendered":"<p>La mousse nettoyante exfoliante HYFAC nettoie et purifie les peaux \u00e0 imperfections. Sa texture a\u00e9rienne et ultra-douce rend son utilisation agr\u00e9able au quotidien pour un nettoyage en profondeur. Elle purifie en douceur et \u00e9limine les impuret\u00e9s des peaux jeunes \u00e0 tendance acn\u00e9ique gr\u00e2ce \u00e0 son action exfoliante. Les actifs de fruits (AHA) pr\u00e9viennent l\u2019apparition des boutons et permettent d\u2019\u00e9liminer les com\u00e9dons et points noirs pour retrouver une peau nette et saine.<br \/>\nMatin et\/ou soir, d\u00e9poser 2 pressions de mousse au creux de la main. Appliquer sur la peau pr\u00e9alablement humidifi\u00e9e et masser d\u00e9licatement l\u2019ensemble du visage. Rincer abondamment \u00e0 l\u2019eau claire, puis s\u00e9cher \u00e0 l\u2019aide d\u2019une serviette propre. Il est ensuite conseill\u00e9 d\u2019appliquer le soin global HYFAC sur une peau parfaitement s\u00e8che.<\/p>\n","protected":false},"excerpt":{"rendered":"<p>La mousse nettoyante exfoliante HYFAC nettoie et purifie les peaux \u00e0 imperfections. Sa texture a\u00e9rienne et ultra-douce rend son utilisation<\/p>\n","protected":false},"featured_media":21624,"comment_status":"open","ping_status":"closed","template":"","meta":[],"product_brand":[365],"product_cat":[346],"product_tag":[],"class_list":{"0":"post-21573","1":"product","2":"type-product","3":"status-publish","4":"has-post-thumbnail","6":"product_brand-hyfac","7":"product_cat-demaquillants-et-nettoyants","9":"first","10":"instock","11":"sale","12":"shipping-taxable","13":"purchasable","14":"product-type-simple"},"yoast_head":"<!-- This site is optimized with the Yoast SEO plugin v26.6 - https:\/\/yoast.com\/wordpress\/plugins\/seo\/ -->\r\n<title>HYFAC MOUSSE NETTOYANTE EXFOLIANTE - Paracherkaoui.ma<\/title>\r\n<meta name=\"robots\" content=\"index, follow, max-snippet:-1, max-image-preview:large, max-video-preview:-1\" \/>\r\n<link rel=\"canonical\" href=\"https:\/\/paracherkaoui.ma\/index.php\/produit\/hyfac-mousse-nettoyante-exfoliante\/\" \/>\r\n<meta property=\"og:locale\" content=\"fr_FR\" \/>\r\n<meta property=\"og:type\" content=\"article\" \/>\r\n<meta property=\"og:title\" content=\"HYFAC MOUSSE NETTOYANTE EXFOLIANTE - Paracherkaoui.ma\" \/>\r\n<meta property=\"og:description\" content=\"La mousse nettoyante exfoliante HYFAC nettoie et purifie les peaux \u00e0 imperfections. Sa texture a\u00e9rienne et ultra-douce rend son utilisation\" \/>\r\n<meta property=\"og:url\" content=\"https:\/\/paracherkaoui.ma\/index.php\/produit\/hyfac-mousse-nettoyante-exfoliante\/\" \/>\r\n<meta property=\"og:site_name\" content=\"Paracherkaoui.ma\" \/>\r\n<meta property=\"article:modified_time\" content=\"2025-12-12T17:07:03+00:00\" \/>\r\n<meta property=\"og:image\" content=\"https:\/\/paracherkaoui.ma\/wp-content\/uploads\/2025\/12\/hyfac-mousse-nettoyante-exfoliante.jpg\" \/>\r\n\t<meta property=\"og:image:width\" content=\"700\" \/>\r\n\t<meta property=\"og:image:height\" content=\"700\" \/>\r\n\t<meta property=\"og:image:type\" content=\"image\/jpeg\" \/>\r\n<meta name=\"twitter:card\" content=\"summary_large_image\" \/>\r\n<meta name=\"twitter:label1\" content=\"Dur\u00e9e de lecture estim\u00e9e\" \/>\n\t<meta name=\"twitter:data1\" content=\"1 minute\" \/>\r\n<script type=\"application\/ld+json\" class=\"yoast-schema-graph\">{\"@context\":\"https:\/\/schema.org\",\"@graph\":[{\"@type\":\"WebPage\",\"@id\":\"https:\/\/paracherkaoui.ma\/index.php\/produit\/hyfac-mousse-nettoyante-exfoliante\/\",\"url\":\"https:\/\/paracherkaoui.ma\/index.php\/produit\/hyfac-mousse-nettoyante-exfoliante\/\",\"name\":\"HYFAC MOUSSE NETTOYANTE EXFOLIANTE - Paracherkaoui.ma\",\"isPartOf\":{\"@id\":\"https:\/\/paracherkaoui.ma\/#website\"},\"primaryImageOfPage\":{\"@id\":\"https:\/\/paracherkaoui.ma\/index.php\/produit\/hyfac-mousse-nettoyante-exfoliante\/#primaryimage\"},\"image\":{\"@id\":\"https:\/\/paracherkaoui.ma\/index.php\/produit\/hyfac-mousse-nettoyante-exfoliante\/#primaryimage\"},\"thumbnailUrl\":\"https:\/\/paracherkaoui.ma\/wp-content\/uploads\/2025\/12\/hyfac-mousse-nettoyante-exfoliante.jpg\",\"datePublished\":\"2025-12-12T17:06:58+00:00\",\"dateModified\":\"2025-12-12T17:07:03+00:00\",\"breadcrumb\":{\"@id\":\"https:\/\/paracherkaoui.ma\/index.php\/produit\/hyfac-mousse-nettoyante-exfoliante\/#breadcrumb\"},\"inLanguage\":\"fr-FR\",\"potentialAction\":[{\"@type\":\"ReadAction\",\"target\":[\"https:\/\/paracherkaoui.ma\/index.php\/produit\/hyfac-mousse-nettoyante-exfoliante\/\"]}]},{\"@type\":\"ImageObject\",\"inLanguage\":\"fr-FR\",\"@id\":\"https:\/\/paracherkaoui.ma\/index.php\/produit\/hyfac-mousse-nettoyante-exfoliante\/#primaryimage\",\"url\":\"https:\/\/paracherkaoui.ma\/wp-content\/uploads\/2025\/12\/hyfac-mousse-nettoyante-exfoliante.jpg\",\"contentUrl\":\"https:\/\/paracherkaoui.ma\/wp-content\/uploads\/2025\/12\/hyfac-mousse-nettoyante-exfoliante.jpg\",\"width\":700,\"height\":700},{\"@type\":\"BreadcrumbList\",\"@id\":\"https:\/\/paracherkaoui.ma\/index.php\/produit\/hyfac-mousse-nettoyante-exfoliante\/#breadcrumb\",\"itemListElement\":[{\"@type\":\"ListItem\",\"position\":1,\"name\":\"Accueil\",\"item\":\"https:\/\/paracherkaoui.ma\/\"},{\"@type\":\"ListItem\",\"position\":2,\"name\":\"Boutique\",\"item\":\"https:\/\/paracherkaoui.ma\/index.php\/boutique\/\"},{\"@type\":\"ListItem\",\"position\":3,\"name\":\"HYFAC MOUSSE NETTOYANTE EXFOLIANTE\"}]},{\"@type\":\"WebSite\",\"@id\":\"https:\/\/paracherkaoui.ma\/#website\",\"url\":\"https:\/\/paracherkaoui.ma\/\",\"name\":\"Paracherkaoui.ma\",\"description\":\"Achetez en ligne sur Paracherkaoui.ma\",\"potentialAction\":[{\"@type\":\"SearchAction\",\"target\":{\"@type\":\"EntryPoint\",\"urlTemplate\":\"https:\/\/paracherkaoui.ma\/?s={search_term_string}\"},\"query-input\":{\"@type\":\"PropertyValueSpecification\",\"valueRequired\":true,\"valueName\":\"search_term_string\"}}],\"inLanguage\":\"fr-FR\"}]}<\/script>\r\n<!-- \/ Yoast SEO plugin. -->","yoast_head_json":{"title":"HYFAC MOUSSE NETTOYANTE EXFOLIANTE - Paracherkaoui.ma","robots":{"index":"index","follow":"follow","max-snippet":"max-snippet:-1","max-image-preview":"max-image-preview:large","max-video-preview":"max-video-preview:-1"},"canonical":"https:\/\/paracherkaoui.ma\/index.php\/produit\/hyfac-mousse-nettoyante-exfoliante\/","og_locale":"fr_FR","og_type":"article","og_title":"HYFAC MOUSSE NETTOYANTE EXFOLIANTE - Paracherkaoui.ma","og_description":"La mousse nettoyante exfoliante HYFAC nettoie et purifie les peaux \u00e0 imperfections. Sa texture a\u00e9rienne et ultra-douce rend son utilisation","og_url":"https:\/\/paracherkaoui.ma\/index.php\/produit\/hyfac-mousse-nettoyante-exfoliante\/","og_site_name":"Paracherkaoui.ma","article_modified_time":"2025-12-12T17:07:03+00:00","og_image":[{"width":700,"height":700,"url":"https:\/\/paracherkaoui.ma\/wp-content\/uploads\/2025\/12\/hyfac-mousse-nettoyante-exfoliante.jpg","type":"image\/jpeg"}],"twitter_card":"summary_large_image","twitter_misc":{"Dur\u00e9e de lecture estim\u00e9e":"1 minute"},"schema":{"@context":"https:\/\/schema.org","@graph":[{"@type":"WebPage","@id":"https:\/\/paracherkaoui.ma\/index.php\/produit\/hyfac-mousse-nettoyante-exfoliante\/","url":"https:\/\/paracherkaoui.ma\/index.php\/produit\/hyfac-mousse-nettoyante-exfoliante\/","name":"HYFAC MOUSSE NETTOYANTE EXFOLIANTE - Paracherkaoui.ma","isPartOf":{"@id":"https:\/\/paracherkaoui.ma\/#website"},"primaryImageOfPage":{"@id":"https:\/\/paracherkaoui.ma\/index.php\/produit\/hyfac-mousse-nettoyante-exfoliante\/#primaryimage"},"image":{"@id":"https:\/\/paracherkaoui.ma\/index.php\/produit\/hyfac-mousse-nettoyante-exfoliante\/#primaryimage"},"thumbnailUrl":"https:\/\/paracherkaoui.ma\/wp-content\/uploads\/2025\/12\/hyfac-mousse-nettoyante-exfoliante.jpg","datePublished":"2025-12-12T17:06:58+00:00","dateModified":"2025-12-12T17:07:03+00:00","breadcrumb":{"@id":"https:\/\/paracherkaoui.ma\/index.php\/produit\/hyfac-mousse-nettoyante-exfoliante\/#breadcrumb"},"inLanguage":"fr-FR","potentialAction":[{"@type":"ReadAction","target":["https:\/\/paracherkaoui.ma\/index.php\/produit\/hyfac-mousse-nettoyante-exfoliante\/"]}]},{"@type":"ImageObject","inLanguage":"fr-FR","@id":"https:\/\/paracherkaoui.ma\/index.php\/produit\/hyfac-mousse-nettoyante-exfoliante\/#primaryimage","url":"https:\/\/paracherkaoui.ma\/wp-content\/uploads\/2025\/12\/hyfac-mousse-nettoyante-exfoliante.jpg","contentUrl":"https:\/\/paracherkaoui.ma\/wp-content\/uploads\/2025\/12\/hyfac-mousse-nettoyante-exfoliante.jpg","width":700,"height":700},{"@type":"BreadcrumbList","@id":"https:\/\/paracherkaoui.ma\/index.php\/produit\/hyfac-mousse-nettoyante-exfoliante\/#breadcrumb","itemListElement":[{"@type":"ListItem","position":1,"name":"Accueil","item":"https:\/\/paracherkaoui.ma\/"},{"@type":"ListItem","position":2,"name":"Boutique","item":"https:\/\/paracherkaoui.ma\/index.php\/boutique\/"},{"@type":"ListItem","position":3,"name":"HYFAC MOUSSE NETTOYANTE EXFOLIANTE"}]},{"@type":"WebSite","@id":"https:\/\/paracherkaoui.ma\/#website","url":"https:\/\/paracherkaoui.ma\/","name":"Paracherkaoui.ma","description":"Achetez en ligne sur Paracherkaoui.ma","potentialAction":[{"@type":"SearchAction","target":{"@type":"EntryPoint","urlTemplate":"https:\/\/paracherkaoui.ma\/?s={search_term_string}"},"query-input":{"@type":"PropertyValueSpecification","valueRequired":true,"valueName":"search_term_string"}}],"inLanguage":"fr-FR"}]}},"_links":{"self":[{"href":"https:\/\/paracherkaoui.ma\/index.php\/wp-json\/wp\/v2\/product\/21573","targetHints":{"allow":["GET"]}}],"collection":[{"href":"https:\/\/paracherkaoui.ma\/index.php\/wp-json\/wp\/v2\/product"}],"about":[{"href":"https:\/\/paracherkaoui.ma\/index.php\/wp-json\/wp\/v2\/types\/product"}],"replies":[{"embeddable":true,"href":"https:\/\/paracherkaoui.ma\/index.php\/wp-json\/wp\/v2\/comments?post=21573"}],"version-history":[{"count":1,"href":"https:\/\/paracherkaoui.ma\/index.php\/wp-json\/wp\/v2\/product\/21573\/revisions"}],"predecessor-version":[{"id":21625,"href":"https:\/\/paracherkaoui.ma\/index.php\/wp-json\/wp\/v2\/product\/21573\/revisions\/21625"}],"wp:featuredmedia":[{"embeddable":true,"href":"https:\/\/paracherkaoui.ma\/index.php\/wp-json\/wp\/v2\/media\/21624"}],"wp:attachment":[{"href":"https:\/\/paracherkaoui.ma\/index.php\/wp-json\/wp\/v2\/media?parent=21573"}],"wp:term":[{"taxonomy":"product_brand","embeddable":true,"href":"https:\/\/paracherkaoui.ma\/index.php\/wp-json\/wp\/v2\/product_brand?post=21573"},{"taxonomy":"product_cat","embeddable":true,"href":"https:\/\/paracherkaoui.ma\/index.php\/wp-json\/wp\/v2\/product_cat?post=21573"},{"taxonomy":"product_tag","embeddable":true,"href":"https:\/\/paracherkaoui.ma\/index.php\/wp-json\/wp\/v2\/product_tag?post=21573"}],"curies":[{"name":"wp","href":"https:\/\/api.w.org\/{rel}","templated":true}]}}