{"id":21568,"date":"2025-12-12T18:06:58","date_gmt":"2025-12-12T17:06:58","guid":{"rendered":"https:\/\/test.ecbeaute.com\/?post_type=product&#038;p=21568"},"modified":"2025-12-12T18:07:02","modified_gmt":"2025-12-12T17:07:02","slug":"isispharma-ruboril-baume-fondant-nettoyant-apaisant-peau-sensible-100-ml","status":"publish","type":"product","link":"https:\/\/paracherkaoui.ma\/index.php\/produit\/isispharma-ruboril-baume-fondant-nettoyant-apaisant-peau-sensible-100-ml\/","title":{"rendered":"ISISPHARMA RUBORIL BAUME FONDANT NETTOYANT APAISANT PEAU SENSIBLE 100 ML"},"content":{"rendered":"<p>Sa formule enrichie en ingr\u00e9dients d&rsquo;origine naturelle, comme l&rsquo;huile v\u00e9g\u00e9tale et la glyc\u00e9rine, nourrit en profondeur et hydrate intens\u00e9ment la peau. Le bisabolol, un puissant apaisant, agit contre les rougeurs, offrant un confort imm\u00e9diat. Ce baume est id\u00e9al pour celles et ceux qui recherchent un nettoyage tout en douceur, sans compromettre l&rsquo;hydratation. Les tensioactifs doux pr\u00e9sents garantissent un nettoyage efficace sans agresser la peau, la laissant douce, fra\u00eeche et apais\u00e9e.<br \/>\nCe baume nettoyant innovant vous permet de b\u00e9n\u00e9ficier d&rsquo;un double nettoyage en un seul geste, en combinant l&rsquo;efficacit\u00e9 d&rsquo;une huile d\u00e9maquillante et la douceur d&rsquo;un lait hydratant. En plus de son action apaisante, il r\u00e9duit visiblement les rougeurs, rendant votre peau plus lumineuse et plus homog\u00e8ne.<br \/>\nAvec son utilisation simple et sensorielle, le baume offre une exp\u00e9rience de soin unique. Appliqu\u00e9 sur une peau s\u00e8che, il se transforme d&rsquo;abord en huile nourrissante, puis en lait d\u00e9licat au contact de l&rsquo;eau, assurant un nettoyage parfait tout en respectant la sensibilit\u00e9 de la peau.<br \/>\nComposition<br \/>\nTensioactifs doux.<br \/>\nHUILE D&rsquo;ORIGINE V\u00c9G\u00c9TALE.<br \/>\nGlyc\u00e9rine.<br \/>\nBisabolol.<br \/>\nConseils d&rsquo;utilisation<br \/>\nPr\u00e9levez une petite quantit\u00e9 de baume et r\u00e9chauffez le en le frottant entre vos doigts. Appliquez le sur peau s\u00e8che et massez doucement. La texture se transforme en huile. Ajoutez un peu d&rsquo;eau pour transformer l&rsquo;huile en lait. Rincez d\u00e9licatement \u00e0 l&rsquo;eau ti\u00e8de. Utilisez quotidiennement pour une peau douce, hydrat\u00e9e et sans rougeurs.<\/p>\n","protected":false},"excerpt":{"rendered":"<p>Sa formule enrichie en ingr\u00e9dients d&rsquo;origine naturelle, comme l&rsquo;huile v\u00e9g\u00e9tale et la glyc\u00e9rine, nourrit en profondeur et hydrate intens\u00e9ment la<\/p>\n","protected":false},"featured_media":21615,"comment_status":"open","ping_status":"closed","template":"","meta":[],"product_brand":[321],"product_cat":[346],"product_tag":[],"class_list":{"0":"post-21568","1":"product","2":"type-product","3":"status-publish","4":"has-post-thumbnail","6":"product_brand-isispharma","7":"product_cat-demaquillants-et-nettoyants","9":"first","10":"instock","11":"sale","12":"shipping-taxable","13":"purchasable","14":"product-type-simple"},"yoast_head":"<!-- This site is optimized with the Yoast SEO plugin v26.6 - https:\/\/yoast.com\/wordpress\/plugins\/seo\/ -->\r\n<title>ISISPHARMA RUBORIL BAUME FONDANT NETTOYANT APAISANT PEAU SENSIBLE 100 ML - Paracherkaoui.ma<\/title>\r\n<meta name=\"robots\" content=\"index, follow, max-snippet:-1, max-image-preview:large, max-video-preview:-1\" \/>\r\n<link rel=\"canonical\" href=\"https:\/\/paracherkaoui.ma\/index.php\/produit\/isispharma-ruboril-baume-fondant-nettoyant-apaisant-peau-sensible-100-ml\/\" \/>\r\n<meta property=\"og:locale\" content=\"fr_FR\" \/>\r\n<meta property=\"og:type\" content=\"article\" \/>\r\n<meta property=\"og:title\" content=\"ISISPHARMA RUBORIL BAUME FONDANT NETTOYANT APAISANT PEAU SENSIBLE 100 ML - Paracherkaoui.ma\" \/>\r\n<meta property=\"og:description\" content=\"Sa formule enrichie en ingr\u00e9dients d&rsquo;origine naturelle, comme l&rsquo;huile v\u00e9g\u00e9tale et la glyc\u00e9rine, nourrit en profondeur et hydrate intens\u00e9ment la\" \/>\r\n<meta property=\"og:url\" content=\"https:\/\/paracherkaoui.ma\/index.php\/produit\/isispharma-ruboril-baume-fondant-nettoyant-apaisant-peau-sensible-100-ml\/\" \/>\r\n<meta property=\"og:site_name\" content=\"Paracherkaoui.ma\" \/>\r\n<meta property=\"article:modified_time\" content=\"2025-12-12T17:07:02+00:00\" \/>\r\n<meta property=\"og:image\" content=\"https:\/\/paracherkaoui.ma\/wp-content\/uploads\/2025\/12\/isispharma-isispharma-ruboril-baume-fondant-nettoyant-apaisant-peau-sensible-100-ml-demaquillants-et-nettoyants.jpg\" \/>\r\n\t<meta property=\"og:image:width\" content=\"700\" \/>\r\n\t<meta property=\"og:image:height\" content=\"700\" \/>\r\n\t<meta property=\"og:image:type\" content=\"image\/jpeg\" \/>\r\n<meta name=\"twitter:card\" content=\"summary_large_image\" \/>\r\n<meta name=\"twitter:label1\" content=\"Dur\u00e9e de lecture estim\u00e9e\" \/>\n\t<meta name=\"twitter:data1\" content=\"1 minute\" \/>\r\n<script type=\"application\/ld+json\" class=\"yoast-schema-graph\">{\"@context\":\"https:\/\/schema.org\",\"@graph\":[{\"@type\":\"WebPage\",\"@id\":\"https:\/\/paracherkaoui.ma\/index.php\/produit\/isispharma-ruboril-baume-fondant-nettoyant-apaisant-peau-sensible-100-ml\/\",\"url\":\"https:\/\/paracherkaoui.ma\/index.php\/produit\/isispharma-ruboril-baume-fondant-nettoyant-apaisant-peau-sensible-100-ml\/\",\"name\":\"ISISPHARMA RUBORIL BAUME FONDANT NETTOYANT APAISANT PEAU SENSIBLE 100 ML - Paracherkaoui.ma\",\"isPartOf\":{\"@id\":\"https:\/\/paracherkaoui.ma\/#website\"},\"primaryImageOfPage\":{\"@id\":\"https:\/\/paracherkaoui.ma\/index.php\/produit\/isispharma-ruboril-baume-fondant-nettoyant-apaisant-peau-sensible-100-ml\/#primaryimage\"},\"image\":{\"@id\":\"https:\/\/paracherkaoui.ma\/index.php\/produit\/isispharma-ruboril-baume-fondant-nettoyant-apaisant-peau-sensible-100-ml\/#primaryimage\"},\"thumbnailUrl\":\"https:\/\/paracherkaoui.ma\/wp-content\/uploads\/2025\/12\/isispharma-isispharma-ruboril-baume-fondant-nettoyant-apaisant-peau-sensible-100-ml-demaquillants-et-nettoyants.jpg\",\"datePublished\":\"2025-12-12T17:06:58+00:00\",\"dateModified\":\"2025-12-12T17:07:02+00:00\",\"breadcrumb\":{\"@id\":\"https:\/\/paracherkaoui.ma\/index.php\/produit\/isispharma-ruboril-baume-fondant-nettoyant-apaisant-peau-sensible-100-ml\/#breadcrumb\"},\"inLanguage\":\"fr-FR\",\"potentialAction\":[{\"@type\":\"ReadAction\",\"target\":[\"https:\/\/paracherkaoui.ma\/index.php\/produit\/isispharma-ruboril-baume-fondant-nettoyant-apaisant-peau-sensible-100-ml\/\"]}]},{\"@type\":\"ImageObject\",\"inLanguage\":\"fr-FR\",\"@id\":\"https:\/\/paracherkaoui.ma\/index.php\/produit\/isispharma-ruboril-baume-fondant-nettoyant-apaisant-peau-sensible-100-ml\/#primaryimage\",\"url\":\"https:\/\/paracherkaoui.ma\/wp-content\/uploads\/2025\/12\/isispharma-isispharma-ruboril-baume-fondant-nettoyant-apaisant-peau-sensible-100-ml-demaquillants-et-nettoyants.jpg\",\"contentUrl\":\"https:\/\/paracherkaoui.ma\/wp-content\/uploads\/2025\/12\/isispharma-isispharma-ruboril-baume-fondant-nettoyant-apaisant-peau-sensible-100-ml-demaquillants-et-nettoyants.jpg\",\"width\":700,\"height\":700},{\"@type\":\"BreadcrumbList\",\"@id\":\"https:\/\/paracherkaoui.ma\/index.php\/produit\/isispharma-ruboril-baume-fondant-nettoyant-apaisant-peau-sensible-100-ml\/#breadcrumb\",\"itemListElement\":[{\"@type\":\"ListItem\",\"position\":1,\"name\":\"Accueil\",\"item\":\"https:\/\/paracherkaoui.ma\/\"},{\"@type\":\"ListItem\",\"position\":2,\"name\":\"Boutique\",\"item\":\"https:\/\/paracherkaoui.ma\/index.php\/boutique\/\"},{\"@type\":\"ListItem\",\"position\":3,\"name\":\"ISISPHARMA RUBORIL BAUME FONDANT NETTOYANT APAISANT PEAU SENSIBLE 100 ML\"}]},{\"@type\":\"WebSite\",\"@id\":\"https:\/\/paracherkaoui.ma\/#website\",\"url\":\"https:\/\/paracherkaoui.ma\/\",\"name\":\"Paracherkaoui.ma\",\"description\":\"Achetez en ligne sur Paracherkaoui.ma\",\"potentialAction\":[{\"@type\":\"SearchAction\",\"target\":{\"@type\":\"EntryPoint\",\"urlTemplate\":\"https:\/\/paracherkaoui.ma\/?s={search_term_string}\"},\"query-input\":{\"@type\":\"PropertyValueSpecification\",\"valueRequired\":true,\"valueName\":\"search_term_string\"}}],\"inLanguage\":\"fr-FR\"}]}<\/script>\r\n<!-- \/ Yoast SEO plugin. -->","yoast_head_json":{"title":"ISISPHARMA RUBORIL BAUME FONDANT NETTOYANT APAISANT PEAU SENSIBLE 100 ML - Paracherkaoui.ma","robots":{"index":"index","follow":"follow","max-snippet":"max-snippet:-1","max-image-preview":"max-image-preview:large","max-video-preview":"max-video-preview:-1"},"canonical":"https:\/\/paracherkaoui.ma\/index.php\/produit\/isispharma-ruboril-baume-fondant-nettoyant-apaisant-peau-sensible-100-ml\/","og_locale":"fr_FR","og_type":"article","og_title":"ISISPHARMA RUBORIL BAUME FONDANT NETTOYANT APAISANT PEAU SENSIBLE 100 ML - Paracherkaoui.ma","og_description":"Sa formule enrichie en ingr\u00e9dients d&rsquo;origine naturelle, comme l&rsquo;huile v\u00e9g\u00e9tale et la glyc\u00e9rine, nourrit en profondeur et hydrate intens\u00e9ment la","og_url":"https:\/\/paracherkaoui.ma\/index.php\/produit\/isispharma-ruboril-baume-fondant-nettoyant-apaisant-peau-sensible-100-ml\/","og_site_name":"Paracherkaoui.ma","article_modified_time":"2025-12-12T17:07:02+00:00","og_image":[{"width":700,"height":700,"url":"https:\/\/paracherkaoui.ma\/wp-content\/uploads\/2025\/12\/isispharma-isispharma-ruboril-baume-fondant-nettoyant-apaisant-peau-sensible-100-ml-demaquillants-et-nettoyants.jpg","type":"image\/jpeg"}],"twitter_card":"summary_large_image","twitter_misc":{"Dur\u00e9e de lecture estim\u00e9e":"1 minute"},"schema":{"@context":"https:\/\/schema.org","@graph":[{"@type":"WebPage","@id":"https:\/\/paracherkaoui.ma\/index.php\/produit\/isispharma-ruboril-baume-fondant-nettoyant-apaisant-peau-sensible-100-ml\/","url":"https:\/\/paracherkaoui.ma\/index.php\/produit\/isispharma-ruboril-baume-fondant-nettoyant-apaisant-peau-sensible-100-ml\/","name":"ISISPHARMA RUBORIL BAUME FONDANT NETTOYANT APAISANT PEAU SENSIBLE 100 ML - Paracherkaoui.ma","isPartOf":{"@id":"https:\/\/paracherkaoui.ma\/#website"},"primaryImageOfPage":{"@id":"https:\/\/paracherkaoui.ma\/index.php\/produit\/isispharma-ruboril-baume-fondant-nettoyant-apaisant-peau-sensible-100-ml\/#primaryimage"},"image":{"@id":"https:\/\/paracherkaoui.ma\/index.php\/produit\/isispharma-ruboril-baume-fondant-nettoyant-apaisant-peau-sensible-100-ml\/#primaryimage"},"thumbnailUrl":"https:\/\/paracherkaoui.ma\/wp-content\/uploads\/2025\/12\/isispharma-isispharma-ruboril-baume-fondant-nettoyant-apaisant-peau-sensible-100-ml-demaquillants-et-nettoyants.jpg","datePublished":"2025-12-12T17:06:58+00:00","dateModified":"2025-12-12T17:07:02+00:00","breadcrumb":{"@id":"https:\/\/paracherkaoui.ma\/index.php\/produit\/isispharma-ruboril-baume-fondant-nettoyant-apaisant-peau-sensible-100-ml\/#breadcrumb"},"inLanguage":"fr-FR","potentialAction":[{"@type":"ReadAction","target":["https:\/\/paracherkaoui.ma\/index.php\/produit\/isispharma-ruboril-baume-fondant-nettoyant-apaisant-peau-sensible-100-ml\/"]}]},{"@type":"ImageObject","inLanguage":"fr-FR","@id":"https:\/\/paracherkaoui.ma\/index.php\/produit\/isispharma-ruboril-baume-fondant-nettoyant-apaisant-peau-sensible-100-ml\/#primaryimage","url":"https:\/\/paracherkaoui.ma\/wp-content\/uploads\/2025\/12\/isispharma-isispharma-ruboril-baume-fondant-nettoyant-apaisant-peau-sensible-100-ml-demaquillants-et-nettoyants.jpg","contentUrl":"https:\/\/paracherkaoui.ma\/wp-content\/uploads\/2025\/12\/isispharma-isispharma-ruboril-baume-fondant-nettoyant-apaisant-peau-sensible-100-ml-demaquillants-et-nettoyants.jpg","width":700,"height":700},{"@type":"BreadcrumbList","@id":"https:\/\/paracherkaoui.ma\/index.php\/produit\/isispharma-ruboril-baume-fondant-nettoyant-apaisant-peau-sensible-100-ml\/#breadcrumb","itemListElement":[{"@type":"ListItem","position":1,"name":"Accueil","item":"https:\/\/paracherkaoui.ma\/"},{"@type":"ListItem","position":2,"name":"Boutique","item":"https:\/\/paracherkaoui.ma\/index.php\/boutique\/"},{"@type":"ListItem","position":3,"name":"ISISPHARMA RUBORIL BAUME FONDANT NETTOYANT APAISANT PEAU SENSIBLE 100 ML"}]},{"@type":"WebSite","@id":"https:\/\/paracherkaoui.ma\/#website","url":"https:\/\/paracherkaoui.ma\/","name":"Paracherkaoui.ma","description":"Achetez en ligne sur Paracherkaoui.ma","potentialAction":[{"@type":"SearchAction","target":{"@type":"EntryPoint","urlTemplate":"https:\/\/paracherkaoui.ma\/?s={search_term_string}"},"query-input":{"@type":"PropertyValueSpecification","valueRequired":true,"valueName":"search_term_string"}}],"inLanguage":"fr-FR"}]}},"_links":{"self":[{"href":"https:\/\/paracherkaoui.ma\/index.php\/wp-json\/wp\/v2\/product\/21568","targetHints":{"allow":["GET"]}}],"collection":[{"href":"https:\/\/paracherkaoui.ma\/index.php\/wp-json\/wp\/v2\/product"}],"about":[{"href":"https:\/\/paracherkaoui.ma\/index.php\/wp-json\/wp\/v2\/types\/product"}],"replies":[{"embeddable":true,"href":"https:\/\/paracherkaoui.ma\/index.php\/wp-json\/wp\/v2\/comments?post=21568"}],"version-history":[{"count":1,"href":"https:\/\/paracherkaoui.ma\/index.php\/wp-json\/wp\/v2\/product\/21568\/revisions"}],"predecessor-version":[{"id":21616,"href":"https:\/\/paracherkaoui.ma\/index.php\/wp-json\/wp\/v2\/product\/21568\/revisions\/21616"}],"wp:featuredmedia":[{"embeddable":true,"href":"https:\/\/paracherkaoui.ma\/index.php\/wp-json\/wp\/v2\/media\/21615"}],"wp:attachment":[{"href":"https:\/\/paracherkaoui.ma\/index.php\/wp-json\/wp\/v2\/media?parent=21568"}],"wp:term":[{"taxonomy":"product_brand","embeddable":true,"href":"https:\/\/paracherkaoui.ma\/index.php\/wp-json\/wp\/v2\/product_brand?post=21568"},{"taxonomy":"product_cat","embeddable":true,"href":"https:\/\/paracherkaoui.ma\/index.php\/wp-json\/wp\/v2\/product_cat?post=21568"},{"taxonomy":"product_tag","embeddable":true,"href":"https:\/\/paracherkaoui.ma\/index.php\/wp-json\/wp\/v2\/product_tag?post=21568"}],"curies":[{"name":"wp","href":"https:\/\/api.w.org\/{rel}","templated":true}]}}