{"id":21567,"date":"2025-12-12T18:06:58","date_gmt":"2025-12-12T17:06:58","guid":{"rendered":"https:\/\/test.ecbeaute.com\/?post_type=product&#038;p=21567"},"modified":"2025-12-12T18:07:02","modified_gmt":"2025-12-12T17:07:02","slug":"lea-nature-eau-thermale-jonzac-rehydrate-gel-dermo-nettoyant-200-ml","status":"publish","type":"product","link":"https:\/\/paracherkaoui.ma\/index.php\/produit\/lea-nature-eau-thermale-jonzac-rehydrate-gel-dermo-nettoyant-200-ml\/","title":{"rendered":"LEA NATURE EAU THERMALE JONZAC REHYDRATE GEL DERMO NETTOYANT 200 ML"},"content":{"rendered":"<p>Formul\u00e9 \u00e0 base d\u2019eau thermale de Jonzac, le gel dermo-nettoyant de Jonzac nettoie efficacement la peau et retire les impuret\u00e9s du visage. Hypoallerg\u00e9nique et sans savon, il pr\u00e9serve le film hydrolipidique cutan\u00e9 et convient parfaitement aux peaux sensibles, normales \u00e0 mixtes. Le gel dermo-nettoyant visage de Jonzac est un produit cosm\u00e9tique \u00e9cologique et biologique, certifi\u00e9 par ecocert..<br \/>\nConseil d\u2019utilisation :<br \/>\nAppliquer sur un visage humide, appliquer 1 \u00e0 2 fois par jour en faisant mousser une noisette de produit sur le visage.<\/p>\n","protected":false},"excerpt":{"rendered":"<p>Formul\u00e9 \u00e0 base d\u2019eau thermale de Jonzac, le gel dermo-nettoyant de Jonzac nettoie efficacement la peau et retire les impuret\u00e9s<\/p>\n","protected":false},"featured_media":21613,"comment_status":"open","ping_status":"closed","template":"","meta":[],"product_brand":[373],"product_cat":[346],"product_tag":[],"class_list":{"0":"post-21567","1":"product","2":"type-product","3":"status-publish","4":"has-post-thumbnail","6":"product_brand-lea-nature","7":"product_cat-demaquillants-et-nettoyants","9":"first","10":"instock","11":"sale","12":"shipping-taxable","13":"purchasable","14":"product-type-simple"},"yoast_head":"<!-- This site is optimized with the Yoast SEO plugin v26.6 - https:\/\/yoast.com\/wordpress\/plugins\/seo\/ -->\r\n<title>LEA NATURE EAU THERMALE JONZAC REHYDRATE GEL DERMO NETTOYANT 200 ML - Paracherkaoui.ma<\/title>\r\n<meta name=\"robots\" content=\"index, follow, max-snippet:-1, max-image-preview:large, max-video-preview:-1\" \/>\r\n<link rel=\"canonical\" href=\"https:\/\/paracherkaoui.ma\/index.php\/produit\/lea-nature-eau-thermale-jonzac-rehydrate-gel-dermo-nettoyant-200-ml\/\" \/>\r\n<meta property=\"og:locale\" content=\"fr_FR\" \/>\r\n<meta property=\"og:type\" content=\"article\" \/>\r\n<meta property=\"og:title\" content=\"LEA NATURE EAU THERMALE JONZAC REHYDRATE GEL DERMO NETTOYANT 200 ML - Paracherkaoui.ma\" \/>\r\n<meta property=\"og:description\" content=\"Formul\u00e9 \u00e0 base d\u2019eau thermale de Jonzac, le gel dermo-nettoyant de Jonzac nettoie efficacement la peau et retire les impuret\u00e9s\" \/>\r\n<meta property=\"og:url\" content=\"https:\/\/paracherkaoui.ma\/index.php\/produit\/lea-nature-eau-thermale-jonzac-rehydrate-gel-dermo-nettoyant-200-ml\/\" \/>\r\n<meta property=\"og:site_name\" content=\"Paracherkaoui.ma\" \/>\r\n<meta property=\"article:modified_time\" content=\"2025-12-12T17:07:02+00:00\" \/>\r\n<meta property=\"og:image\" content=\"https:\/\/paracherkaoui.ma\/wp-content\/uploads\/2025\/12\/lea-nature-lea-nature-eau-thermale-jonzac-rehydrate-gel-dermo-nettoyant-200-ml-nettoyants-visage.jpg\" \/>\r\n\t<meta property=\"og:image:width\" content=\"700\" \/>\r\n\t<meta property=\"og:image:height\" content=\"700\" \/>\r\n\t<meta property=\"og:image:type\" content=\"image\/jpeg\" \/>\r\n<meta name=\"twitter:card\" content=\"summary_large_image\" \/>\r\n<script type=\"application\/ld+json\" class=\"yoast-schema-graph\">{\"@context\":\"https:\/\/schema.org\",\"@graph\":[{\"@type\":\"WebPage\",\"@id\":\"https:\/\/paracherkaoui.ma\/index.php\/produit\/lea-nature-eau-thermale-jonzac-rehydrate-gel-dermo-nettoyant-200-ml\/\",\"url\":\"https:\/\/paracherkaoui.ma\/index.php\/produit\/lea-nature-eau-thermale-jonzac-rehydrate-gel-dermo-nettoyant-200-ml\/\",\"name\":\"LEA NATURE EAU THERMALE JONZAC REHYDRATE GEL DERMO NETTOYANT 200 ML - Paracherkaoui.ma\",\"isPartOf\":{\"@id\":\"https:\/\/paracherkaoui.ma\/#website\"},\"primaryImageOfPage\":{\"@id\":\"https:\/\/paracherkaoui.ma\/index.php\/produit\/lea-nature-eau-thermale-jonzac-rehydrate-gel-dermo-nettoyant-200-ml\/#primaryimage\"},\"image\":{\"@id\":\"https:\/\/paracherkaoui.ma\/index.php\/produit\/lea-nature-eau-thermale-jonzac-rehydrate-gel-dermo-nettoyant-200-ml\/#primaryimage\"},\"thumbnailUrl\":\"https:\/\/paracherkaoui.ma\/wp-content\/uploads\/2025\/12\/lea-nature-lea-nature-eau-thermale-jonzac-rehydrate-gel-dermo-nettoyant-200-ml-nettoyants-visage.jpg\",\"datePublished\":\"2025-12-12T17:06:58+00:00\",\"dateModified\":\"2025-12-12T17:07:02+00:00\",\"breadcrumb\":{\"@id\":\"https:\/\/paracherkaoui.ma\/index.php\/produit\/lea-nature-eau-thermale-jonzac-rehydrate-gel-dermo-nettoyant-200-ml\/#breadcrumb\"},\"inLanguage\":\"fr-FR\",\"potentialAction\":[{\"@type\":\"ReadAction\",\"target\":[\"https:\/\/paracherkaoui.ma\/index.php\/produit\/lea-nature-eau-thermale-jonzac-rehydrate-gel-dermo-nettoyant-200-ml\/\"]}]},{\"@type\":\"ImageObject\",\"inLanguage\":\"fr-FR\",\"@id\":\"https:\/\/paracherkaoui.ma\/index.php\/produit\/lea-nature-eau-thermale-jonzac-rehydrate-gel-dermo-nettoyant-200-ml\/#primaryimage\",\"url\":\"https:\/\/paracherkaoui.ma\/wp-content\/uploads\/2025\/12\/lea-nature-lea-nature-eau-thermale-jonzac-rehydrate-gel-dermo-nettoyant-200-ml-nettoyants-visage.jpg\",\"contentUrl\":\"https:\/\/paracherkaoui.ma\/wp-content\/uploads\/2025\/12\/lea-nature-lea-nature-eau-thermale-jonzac-rehydrate-gel-dermo-nettoyant-200-ml-nettoyants-visage.jpg\",\"width\":700,\"height\":700},{\"@type\":\"BreadcrumbList\",\"@id\":\"https:\/\/paracherkaoui.ma\/index.php\/produit\/lea-nature-eau-thermale-jonzac-rehydrate-gel-dermo-nettoyant-200-ml\/#breadcrumb\",\"itemListElement\":[{\"@type\":\"ListItem\",\"position\":1,\"name\":\"Accueil\",\"item\":\"https:\/\/paracherkaoui.ma\/\"},{\"@type\":\"ListItem\",\"position\":2,\"name\":\"Boutique\",\"item\":\"https:\/\/paracherkaoui.ma\/index.php\/boutique\/\"},{\"@type\":\"ListItem\",\"position\":3,\"name\":\"LEA NATURE EAU THERMALE JONZAC REHYDRATE GEL DERMO NETTOYANT 200 ML\"}]},{\"@type\":\"WebSite\",\"@id\":\"https:\/\/paracherkaoui.ma\/#website\",\"url\":\"https:\/\/paracherkaoui.ma\/\",\"name\":\"Paracherkaoui.ma\",\"description\":\"Achetez en ligne sur Paracherkaoui.ma\",\"potentialAction\":[{\"@type\":\"SearchAction\",\"target\":{\"@type\":\"EntryPoint\",\"urlTemplate\":\"https:\/\/paracherkaoui.ma\/?s={search_term_string}\"},\"query-input\":{\"@type\":\"PropertyValueSpecification\",\"valueRequired\":true,\"valueName\":\"search_term_string\"}}],\"inLanguage\":\"fr-FR\"}]}<\/script>\r\n<!-- \/ Yoast SEO plugin. -->","yoast_head_json":{"title":"LEA NATURE EAU THERMALE JONZAC REHYDRATE GEL DERMO NETTOYANT 200 ML - Paracherkaoui.ma","robots":{"index":"index","follow":"follow","max-snippet":"max-snippet:-1","max-image-preview":"max-image-preview:large","max-video-preview":"max-video-preview:-1"},"canonical":"https:\/\/paracherkaoui.ma\/index.php\/produit\/lea-nature-eau-thermale-jonzac-rehydrate-gel-dermo-nettoyant-200-ml\/","og_locale":"fr_FR","og_type":"article","og_title":"LEA NATURE EAU THERMALE JONZAC REHYDRATE GEL DERMO NETTOYANT 200 ML - Paracherkaoui.ma","og_description":"Formul\u00e9 \u00e0 base d\u2019eau thermale de Jonzac, le gel dermo-nettoyant de Jonzac nettoie efficacement la peau et retire les impuret\u00e9s","og_url":"https:\/\/paracherkaoui.ma\/index.php\/produit\/lea-nature-eau-thermale-jonzac-rehydrate-gel-dermo-nettoyant-200-ml\/","og_site_name":"Paracherkaoui.ma","article_modified_time":"2025-12-12T17:07:02+00:00","og_image":[{"width":700,"height":700,"url":"https:\/\/paracherkaoui.ma\/wp-content\/uploads\/2025\/12\/lea-nature-lea-nature-eau-thermale-jonzac-rehydrate-gel-dermo-nettoyant-200-ml-nettoyants-visage.jpg","type":"image\/jpeg"}],"twitter_card":"summary_large_image","schema":{"@context":"https:\/\/schema.org","@graph":[{"@type":"WebPage","@id":"https:\/\/paracherkaoui.ma\/index.php\/produit\/lea-nature-eau-thermale-jonzac-rehydrate-gel-dermo-nettoyant-200-ml\/","url":"https:\/\/paracherkaoui.ma\/index.php\/produit\/lea-nature-eau-thermale-jonzac-rehydrate-gel-dermo-nettoyant-200-ml\/","name":"LEA NATURE EAU THERMALE JONZAC REHYDRATE GEL DERMO NETTOYANT 200 ML - Paracherkaoui.ma","isPartOf":{"@id":"https:\/\/paracherkaoui.ma\/#website"},"primaryImageOfPage":{"@id":"https:\/\/paracherkaoui.ma\/index.php\/produit\/lea-nature-eau-thermale-jonzac-rehydrate-gel-dermo-nettoyant-200-ml\/#primaryimage"},"image":{"@id":"https:\/\/paracherkaoui.ma\/index.php\/produit\/lea-nature-eau-thermale-jonzac-rehydrate-gel-dermo-nettoyant-200-ml\/#primaryimage"},"thumbnailUrl":"https:\/\/paracherkaoui.ma\/wp-content\/uploads\/2025\/12\/lea-nature-lea-nature-eau-thermale-jonzac-rehydrate-gel-dermo-nettoyant-200-ml-nettoyants-visage.jpg","datePublished":"2025-12-12T17:06:58+00:00","dateModified":"2025-12-12T17:07:02+00:00","breadcrumb":{"@id":"https:\/\/paracherkaoui.ma\/index.php\/produit\/lea-nature-eau-thermale-jonzac-rehydrate-gel-dermo-nettoyant-200-ml\/#breadcrumb"},"inLanguage":"fr-FR","potentialAction":[{"@type":"ReadAction","target":["https:\/\/paracherkaoui.ma\/index.php\/produit\/lea-nature-eau-thermale-jonzac-rehydrate-gel-dermo-nettoyant-200-ml\/"]}]},{"@type":"ImageObject","inLanguage":"fr-FR","@id":"https:\/\/paracherkaoui.ma\/index.php\/produit\/lea-nature-eau-thermale-jonzac-rehydrate-gel-dermo-nettoyant-200-ml\/#primaryimage","url":"https:\/\/paracherkaoui.ma\/wp-content\/uploads\/2025\/12\/lea-nature-lea-nature-eau-thermale-jonzac-rehydrate-gel-dermo-nettoyant-200-ml-nettoyants-visage.jpg","contentUrl":"https:\/\/paracherkaoui.ma\/wp-content\/uploads\/2025\/12\/lea-nature-lea-nature-eau-thermale-jonzac-rehydrate-gel-dermo-nettoyant-200-ml-nettoyants-visage.jpg","width":700,"height":700},{"@type":"BreadcrumbList","@id":"https:\/\/paracherkaoui.ma\/index.php\/produit\/lea-nature-eau-thermale-jonzac-rehydrate-gel-dermo-nettoyant-200-ml\/#breadcrumb","itemListElement":[{"@type":"ListItem","position":1,"name":"Accueil","item":"https:\/\/paracherkaoui.ma\/"},{"@type":"ListItem","position":2,"name":"Boutique","item":"https:\/\/paracherkaoui.ma\/index.php\/boutique\/"},{"@type":"ListItem","position":3,"name":"LEA NATURE EAU THERMALE JONZAC REHYDRATE GEL DERMO NETTOYANT 200 ML"}]},{"@type":"WebSite","@id":"https:\/\/paracherkaoui.ma\/#website","url":"https:\/\/paracherkaoui.ma\/","name":"Paracherkaoui.ma","description":"Achetez en ligne sur Paracherkaoui.ma","potentialAction":[{"@type":"SearchAction","target":{"@type":"EntryPoint","urlTemplate":"https:\/\/paracherkaoui.ma\/?s={search_term_string}"},"query-input":{"@type":"PropertyValueSpecification","valueRequired":true,"valueName":"search_term_string"}}],"inLanguage":"fr-FR"}]}},"_links":{"self":[{"href":"https:\/\/paracherkaoui.ma\/index.php\/wp-json\/wp\/v2\/product\/21567","targetHints":{"allow":["GET"]}}],"collection":[{"href":"https:\/\/paracherkaoui.ma\/index.php\/wp-json\/wp\/v2\/product"}],"about":[{"href":"https:\/\/paracherkaoui.ma\/index.php\/wp-json\/wp\/v2\/types\/product"}],"replies":[{"embeddable":true,"href":"https:\/\/paracherkaoui.ma\/index.php\/wp-json\/wp\/v2\/comments?post=21567"}],"version-history":[{"count":1,"href":"https:\/\/paracherkaoui.ma\/index.php\/wp-json\/wp\/v2\/product\/21567\/revisions"}],"predecessor-version":[{"id":21614,"href":"https:\/\/paracherkaoui.ma\/index.php\/wp-json\/wp\/v2\/product\/21567\/revisions\/21614"}],"wp:featuredmedia":[{"embeddable":true,"href":"https:\/\/paracherkaoui.ma\/index.php\/wp-json\/wp\/v2\/media\/21613"}],"wp:attachment":[{"href":"https:\/\/paracherkaoui.ma\/index.php\/wp-json\/wp\/v2\/media?parent=21567"}],"wp:term":[{"taxonomy":"product_brand","embeddable":true,"href":"https:\/\/paracherkaoui.ma\/index.php\/wp-json\/wp\/v2\/product_brand?post=21567"},{"taxonomy":"product_cat","embeddable":true,"href":"https:\/\/paracherkaoui.ma\/index.php\/wp-json\/wp\/v2\/product_cat?post=21567"},{"taxonomy":"product_tag","embeddable":true,"href":"https:\/\/paracherkaoui.ma\/index.php\/wp-json\/wp\/v2\/product_tag?post=21567"}],"curies":[{"name":"wp","href":"https:\/\/api.w.org\/{rel}","templated":true}]}}