{"id":21559,"date":"2025-12-12T18:06:58","date_gmt":"2025-12-12T17:06:58","guid":{"rendered":"https:\/\/test.ecbeaute.com\/?post_type=product&#038;p=21559"},"modified":"2025-12-12T18:07:00","modified_gmt":"2025-12-12T17:07:00","slug":"photoskin-gel-nettoyant-soin-intense-200-ml-peaux-grasses","status":"publish","type":"product","link":"https:\/\/paracherkaoui.ma\/index.php\/produit\/photoskin-gel-nettoyant-soin-intense-200-ml-peaux-grasses\/","title":{"rendered":"PHOTOSKIN GEL NETTOYANT SOIN INTENSE 200 ML PEAUX GRASSES"},"content":{"rendered":"<p>Sp\u00e9cialement formul\u00e9 pour les \u00e9pidermes sujets aux brillances, imperfections et exc\u00e8s de s\u00e9bum, ce gel doux mais puissant est le geste purifiant essentiel de votre routine beaut\u00e9.<br \/>\nGr\u00e2ce \u00e0 sa formule enrichie en actifs naturels, il \u00e9limine les impuret\u00e9s, r\u00e9duit les imperfections et \u00e9claircit visiblement le teint, tout en respectant l\u2019\u00e9quilibre cutan\u00e9. Il absorbe l\u2019exc\u00e8s de s\u00e9bum sans agresser la peau, pour un fini mat, net et rafra\u00eechi. Son action purifiante profonde permet de resserrer les pores, diminuer les brillances et r\u00e9v\u00e9ler un teint plus homog\u00e8ne et lumineux.<br \/>\nCe soin est un alli\u00e9 quotidien pour les peaux grasses sujettes aux points noirs et \u00e0 l\u2019acn\u00e9. Jour apr\u00e8s jour, il clarifie, adoucit et illumine la peau pour un effet \u201cpeau neuve\u201d durable. Sa texture gel fra\u00eeche et limpide procure une sensation de puret\u00e9 imm\u00e9diate d\u00e8s la premi\u00e8re application.<br \/>\nConseils d\u2019utilisation :<br \/>\nUtilisez matin et soir sur une peau humidifi\u00e9e.<br \/>\nAppliquez une noisette de gel sur le visage.<br \/>\nMassez d\u00e9licatement en mouvements circulaires.<br \/>\nInsistez sur la zone T (front, nez, menton).<br \/>\nRincez abondamment \u00e0 l\u2019eau ti\u00e8de.<br \/>\nS\u00e9chez en tamponnant avec une serviette propre.<\/p>\n","protected":false},"excerpt":{"rendered":"<p>Sp\u00e9cialement formul\u00e9 pour les \u00e9pidermes sujets aux brillances, imperfections et exc\u00e8s de s\u00e9bum, ce gel doux mais puissant est le<\/p>\n","protected":false},"featured_media":21597,"comment_status":"open","ping_status":"closed","template":"","meta":[],"product_brand":[432],"product_cat":[346],"product_tag":[],"class_list":{"0":"post-21559","1":"product","2":"type-product","3":"status-publish","4":"has-post-thumbnail","6":"product_brand-photoskin","7":"product_cat-demaquillants-et-nettoyants","9":"first","10":"instock","11":"sale","12":"shipping-taxable","13":"purchasable","14":"product-type-simple"},"yoast_head":"<!-- This site is optimized with the Yoast SEO plugin v26.6 - https:\/\/yoast.com\/wordpress\/plugins\/seo\/ -->\r\n<title>PHOTOSKIN GEL NETTOYANT SOIN INTENSE 200 ML PEAUX GRASSES - Paracherkaoui.ma<\/title>\r\n<meta name=\"robots\" content=\"index, follow, max-snippet:-1, max-image-preview:large, max-video-preview:-1\" \/>\r\n<link rel=\"canonical\" href=\"https:\/\/paracherkaoui.ma\/index.php\/produit\/photoskin-gel-nettoyant-soin-intense-200-ml-peaux-grasses\/\" \/>\r\n<meta property=\"og:locale\" content=\"fr_FR\" \/>\r\n<meta property=\"og:type\" content=\"article\" \/>\r\n<meta property=\"og:title\" content=\"PHOTOSKIN GEL NETTOYANT SOIN INTENSE 200 ML PEAUX GRASSES - Paracherkaoui.ma\" \/>\r\n<meta property=\"og:description\" content=\"Sp\u00e9cialement formul\u00e9 pour les \u00e9pidermes sujets aux brillances, imperfections et exc\u00e8s de s\u00e9bum, ce gel doux mais puissant est le\" \/>\r\n<meta property=\"og:url\" content=\"https:\/\/paracherkaoui.ma\/index.php\/produit\/photoskin-gel-nettoyant-soin-intense-200-ml-peaux-grasses\/\" \/>\r\n<meta property=\"og:site_name\" content=\"Paracherkaoui.ma\" \/>\r\n<meta property=\"article:modified_time\" content=\"2025-12-12T17:07:00+00:00\" \/>\r\n<meta property=\"og:image\" content=\"https:\/\/paracherkaoui.ma\/wp-content\/uploads\/2025\/12\/photoskin-gel-nettoyant-soin-intense-200-ml-peaux-grasses.jpg\" \/>\r\n\t<meta property=\"og:image:width\" content=\"700\" \/>\r\n\t<meta property=\"og:image:height\" content=\"700\" \/>\r\n\t<meta property=\"og:image:type\" content=\"image\/jpeg\" \/>\r\n<meta name=\"twitter:card\" content=\"summary_large_image\" \/>\r\n<meta name=\"twitter:label1\" content=\"Dur\u00e9e de lecture estim\u00e9e\" \/>\n\t<meta name=\"twitter:data1\" content=\"1 minute\" \/>\r\n<script type=\"application\/ld+json\" class=\"yoast-schema-graph\">{\"@context\":\"https:\/\/schema.org\",\"@graph\":[{\"@type\":\"WebPage\",\"@id\":\"https:\/\/paracherkaoui.ma\/index.php\/produit\/photoskin-gel-nettoyant-soin-intense-200-ml-peaux-grasses\/\",\"url\":\"https:\/\/paracherkaoui.ma\/index.php\/produit\/photoskin-gel-nettoyant-soin-intense-200-ml-peaux-grasses\/\",\"name\":\"PHOTOSKIN GEL NETTOYANT SOIN INTENSE 200 ML PEAUX GRASSES - Paracherkaoui.ma\",\"isPartOf\":{\"@id\":\"https:\/\/paracherkaoui.ma\/#website\"},\"primaryImageOfPage\":{\"@id\":\"https:\/\/paracherkaoui.ma\/index.php\/produit\/photoskin-gel-nettoyant-soin-intense-200-ml-peaux-grasses\/#primaryimage\"},\"image\":{\"@id\":\"https:\/\/paracherkaoui.ma\/index.php\/produit\/photoskin-gel-nettoyant-soin-intense-200-ml-peaux-grasses\/#primaryimage\"},\"thumbnailUrl\":\"https:\/\/paracherkaoui.ma\/wp-content\/uploads\/2025\/12\/photoskin-gel-nettoyant-soin-intense-200-ml-peaux-grasses.jpg\",\"datePublished\":\"2025-12-12T17:06:58+00:00\",\"dateModified\":\"2025-12-12T17:07:00+00:00\",\"breadcrumb\":{\"@id\":\"https:\/\/paracherkaoui.ma\/index.php\/produit\/photoskin-gel-nettoyant-soin-intense-200-ml-peaux-grasses\/#breadcrumb\"},\"inLanguage\":\"fr-FR\",\"potentialAction\":[{\"@type\":\"ReadAction\",\"target\":[\"https:\/\/paracherkaoui.ma\/index.php\/produit\/photoskin-gel-nettoyant-soin-intense-200-ml-peaux-grasses\/\"]}]},{\"@type\":\"ImageObject\",\"inLanguage\":\"fr-FR\",\"@id\":\"https:\/\/paracherkaoui.ma\/index.php\/produit\/photoskin-gel-nettoyant-soin-intense-200-ml-peaux-grasses\/#primaryimage\",\"url\":\"https:\/\/paracherkaoui.ma\/wp-content\/uploads\/2025\/12\/photoskin-gel-nettoyant-soin-intense-200-ml-peaux-grasses.jpg\",\"contentUrl\":\"https:\/\/paracherkaoui.ma\/wp-content\/uploads\/2025\/12\/photoskin-gel-nettoyant-soin-intense-200-ml-peaux-grasses.jpg\",\"width\":700,\"height\":700},{\"@type\":\"BreadcrumbList\",\"@id\":\"https:\/\/paracherkaoui.ma\/index.php\/produit\/photoskin-gel-nettoyant-soin-intense-200-ml-peaux-grasses\/#breadcrumb\",\"itemListElement\":[{\"@type\":\"ListItem\",\"position\":1,\"name\":\"Accueil\",\"item\":\"https:\/\/paracherkaoui.ma\/\"},{\"@type\":\"ListItem\",\"position\":2,\"name\":\"Boutique\",\"item\":\"https:\/\/paracherkaoui.ma\/index.php\/boutique\/\"},{\"@type\":\"ListItem\",\"position\":3,\"name\":\"PHOTOSKIN GEL NETTOYANT SOIN INTENSE 200 ML PEAUX GRASSES\"}]},{\"@type\":\"WebSite\",\"@id\":\"https:\/\/paracherkaoui.ma\/#website\",\"url\":\"https:\/\/paracherkaoui.ma\/\",\"name\":\"Paracherkaoui.ma\",\"description\":\"Achetez en ligne sur Paracherkaoui.ma\",\"potentialAction\":[{\"@type\":\"SearchAction\",\"target\":{\"@type\":\"EntryPoint\",\"urlTemplate\":\"https:\/\/paracherkaoui.ma\/?s={search_term_string}\"},\"query-input\":{\"@type\":\"PropertyValueSpecification\",\"valueRequired\":true,\"valueName\":\"search_term_string\"}}],\"inLanguage\":\"fr-FR\"}]}<\/script>\r\n<!-- \/ Yoast SEO plugin. -->","yoast_head_json":{"title":"PHOTOSKIN GEL NETTOYANT SOIN INTENSE 200 ML PEAUX GRASSES - Paracherkaoui.ma","robots":{"index":"index","follow":"follow","max-snippet":"max-snippet:-1","max-image-preview":"max-image-preview:large","max-video-preview":"max-video-preview:-1"},"canonical":"https:\/\/paracherkaoui.ma\/index.php\/produit\/photoskin-gel-nettoyant-soin-intense-200-ml-peaux-grasses\/","og_locale":"fr_FR","og_type":"article","og_title":"PHOTOSKIN GEL NETTOYANT SOIN INTENSE 200 ML PEAUX GRASSES - Paracherkaoui.ma","og_description":"Sp\u00e9cialement formul\u00e9 pour les \u00e9pidermes sujets aux brillances, imperfections et exc\u00e8s de s\u00e9bum, ce gel doux mais puissant est le","og_url":"https:\/\/paracherkaoui.ma\/index.php\/produit\/photoskin-gel-nettoyant-soin-intense-200-ml-peaux-grasses\/","og_site_name":"Paracherkaoui.ma","article_modified_time":"2025-12-12T17:07:00+00:00","og_image":[{"width":700,"height":700,"url":"https:\/\/paracherkaoui.ma\/wp-content\/uploads\/2025\/12\/photoskin-gel-nettoyant-soin-intense-200-ml-peaux-grasses.jpg","type":"image\/jpeg"}],"twitter_card":"summary_large_image","twitter_misc":{"Dur\u00e9e de lecture estim\u00e9e":"1 minute"},"schema":{"@context":"https:\/\/schema.org","@graph":[{"@type":"WebPage","@id":"https:\/\/paracherkaoui.ma\/index.php\/produit\/photoskin-gel-nettoyant-soin-intense-200-ml-peaux-grasses\/","url":"https:\/\/paracherkaoui.ma\/index.php\/produit\/photoskin-gel-nettoyant-soin-intense-200-ml-peaux-grasses\/","name":"PHOTOSKIN GEL NETTOYANT SOIN INTENSE 200 ML PEAUX GRASSES - Paracherkaoui.ma","isPartOf":{"@id":"https:\/\/paracherkaoui.ma\/#website"},"primaryImageOfPage":{"@id":"https:\/\/paracherkaoui.ma\/index.php\/produit\/photoskin-gel-nettoyant-soin-intense-200-ml-peaux-grasses\/#primaryimage"},"image":{"@id":"https:\/\/paracherkaoui.ma\/index.php\/produit\/photoskin-gel-nettoyant-soin-intense-200-ml-peaux-grasses\/#primaryimage"},"thumbnailUrl":"https:\/\/paracherkaoui.ma\/wp-content\/uploads\/2025\/12\/photoskin-gel-nettoyant-soin-intense-200-ml-peaux-grasses.jpg","datePublished":"2025-12-12T17:06:58+00:00","dateModified":"2025-12-12T17:07:00+00:00","breadcrumb":{"@id":"https:\/\/paracherkaoui.ma\/index.php\/produit\/photoskin-gel-nettoyant-soin-intense-200-ml-peaux-grasses\/#breadcrumb"},"inLanguage":"fr-FR","potentialAction":[{"@type":"ReadAction","target":["https:\/\/paracherkaoui.ma\/index.php\/produit\/photoskin-gel-nettoyant-soin-intense-200-ml-peaux-grasses\/"]}]},{"@type":"ImageObject","inLanguage":"fr-FR","@id":"https:\/\/paracherkaoui.ma\/index.php\/produit\/photoskin-gel-nettoyant-soin-intense-200-ml-peaux-grasses\/#primaryimage","url":"https:\/\/paracherkaoui.ma\/wp-content\/uploads\/2025\/12\/photoskin-gel-nettoyant-soin-intense-200-ml-peaux-grasses.jpg","contentUrl":"https:\/\/paracherkaoui.ma\/wp-content\/uploads\/2025\/12\/photoskin-gel-nettoyant-soin-intense-200-ml-peaux-grasses.jpg","width":700,"height":700},{"@type":"BreadcrumbList","@id":"https:\/\/paracherkaoui.ma\/index.php\/produit\/photoskin-gel-nettoyant-soin-intense-200-ml-peaux-grasses\/#breadcrumb","itemListElement":[{"@type":"ListItem","position":1,"name":"Accueil","item":"https:\/\/paracherkaoui.ma\/"},{"@type":"ListItem","position":2,"name":"Boutique","item":"https:\/\/paracherkaoui.ma\/index.php\/boutique\/"},{"@type":"ListItem","position":3,"name":"PHOTOSKIN GEL NETTOYANT SOIN INTENSE 200 ML PEAUX GRASSES"}]},{"@type":"WebSite","@id":"https:\/\/paracherkaoui.ma\/#website","url":"https:\/\/paracherkaoui.ma\/","name":"Paracherkaoui.ma","description":"Achetez en ligne sur Paracherkaoui.ma","potentialAction":[{"@type":"SearchAction","target":{"@type":"EntryPoint","urlTemplate":"https:\/\/paracherkaoui.ma\/?s={search_term_string}"},"query-input":{"@type":"PropertyValueSpecification","valueRequired":true,"valueName":"search_term_string"}}],"inLanguage":"fr-FR"}]}},"_links":{"self":[{"href":"https:\/\/paracherkaoui.ma\/index.php\/wp-json\/wp\/v2\/product\/21559","targetHints":{"allow":["GET"]}}],"collection":[{"href":"https:\/\/paracherkaoui.ma\/index.php\/wp-json\/wp\/v2\/product"}],"about":[{"href":"https:\/\/paracherkaoui.ma\/index.php\/wp-json\/wp\/v2\/types\/product"}],"replies":[{"embeddable":true,"href":"https:\/\/paracherkaoui.ma\/index.php\/wp-json\/wp\/v2\/comments?post=21559"}],"version-history":[{"count":1,"href":"https:\/\/paracherkaoui.ma\/index.php\/wp-json\/wp\/v2\/product\/21559\/revisions"}],"predecessor-version":[{"id":21598,"href":"https:\/\/paracherkaoui.ma\/index.php\/wp-json\/wp\/v2\/product\/21559\/revisions\/21598"}],"wp:featuredmedia":[{"embeddable":true,"href":"https:\/\/paracherkaoui.ma\/index.php\/wp-json\/wp\/v2\/media\/21597"}],"wp:attachment":[{"href":"https:\/\/paracherkaoui.ma\/index.php\/wp-json\/wp\/v2\/media?parent=21559"}],"wp:term":[{"taxonomy":"product_brand","embeddable":true,"href":"https:\/\/paracherkaoui.ma\/index.php\/wp-json\/wp\/v2\/product_brand?post=21559"},{"taxonomy":"product_cat","embeddable":true,"href":"https:\/\/paracherkaoui.ma\/index.php\/wp-json\/wp\/v2\/product_cat?post=21559"},{"taxonomy":"product_tag","embeddable":true,"href":"https:\/\/paracherkaoui.ma\/index.php\/wp-json\/wp\/v2\/product_tag?post=21559"}],"curies":[{"name":"wp","href":"https:\/\/api.w.org\/{rel}","templated":true}]}}