{"id":21558,"date":"2025-12-12T18:06:58","date_gmt":"2025-12-12T17:06:58","guid":{"rendered":"https:\/\/test.ecbeaute.com\/?post_type=product&#038;p=21558"},"modified":"2025-12-12T18:07:00","modified_gmt":"2025-12-12T17:07:00","slug":"ocaflor-gel-nettoyant-eclaircissant-double-action-200ml","status":"publish","type":"product","link":"https:\/\/paracherkaoui.ma\/index.php\/produit\/ocaflor-gel-nettoyant-eclaircissant-double-action-200ml\/","title":{"rendered":"Ocaflor Gel Nettoyant \u00c9claircissant Double Action 200ml"},"content":{"rendered":"<p>OCAFLOR gel nettoyant \u00e9claircissant double action, \u00e9limine les impuret\u00e9s, hydrate, nettoie la peau tout en douceur et corrige les troubles de pigmentation.<br \/>\nGrace \u00e0 sa richesse en Niacinamide, Dermawhite et en extrait d\u2019aloe vera qui vont agir en synergie pour nettoyer, \u00e9claircir et \u00e9liminer les impuret\u00e9s tout en donnat un teint clair et unifi\u00e9.<br \/>\nAu fil des applications la peau retrouve son \u00e9clat.<\/p>\n","protected":false},"excerpt":{"rendered":"<p>OCAFLOR gel nettoyant \u00e9claircissant double action, \u00e9limine les impuret\u00e9s, hydrate, nettoie la peau tout en douceur et corrige les troubles<\/p>\n","protected":false},"featured_media":21595,"comment_status":"open","ping_status":"closed","template":"","meta":[],"product_brand":[449],"product_cat":[346],"product_tag":[],"class_list":{"0":"post-21558","1":"product","2":"type-product","3":"status-publish","4":"has-post-thumbnail","6":"product_brand-ocaflor","7":"product_cat-demaquillants-et-nettoyants","9":"first","10":"instock","11":"sale","12":"shipping-taxable","13":"purchasable","14":"product-type-simple"},"yoast_head":"<!-- This site is optimized with the Yoast SEO plugin v26.6 - https:\/\/yoast.com\/wordpress\/plugins\/seo\/ -->\r\n<title>Ocaflor Gel Nettoyant \u00c9claircissant Double Action 200ml - Paracherkaoui.ma<\/title>\r\n<meta name=\"robots\" content=\"index, follow, max-snippet:-1, max-image-preview:large, max-video-preview:-1\" \/>\r\n<link rel=\"canonical\" href=\"https:\/\/paracherkaoui.ma\/index.php\/produit\/ocaflor-gel-nettoyant-eclaircissant-double-action-200ml\/\" \/>\r\n<meta property=\"og:locale\" content=\"fr_FR\" \/>\r\n<meta property=\"og:type\" content=\"article\" \/>\r\n<meta property=\"og:title\" content=\"Ocaflor Gel Nettoyant \u00c9claircissant Double Action 200ml - Paracherkaoui.ma\" \/>\r\n<meta property=\"og:description\" content=\"OCAFLOR gel nettoyant \u00e9claircissant double action, \u00e9limine les impuret\u00e9s, hydrate, nettoie la peau tout en douceur et corrige les troubles\" \/>\r\n<meta property=\"og:url\" content=\"https:\/\/paracherkaoui.ma\/index.php\/produit\/ocaflor-gel-nettoyant-eclaircissant-double-action-200ml\/\" \/>\r\n<meta property=\"og:site_name\" content=\"Paracherkaoui.ma\" \/>\r\n<meta property=\"article:modified_time\" content=\"2025-12-12T17:07:00+00:00\" \/>\r\n<meta property=\"og:image\" content=\"https:\/\/paracherkaoui.ma\/wp-content\/uploads\/2025\/12\/ocaflor-ocaflor-gel-nettoyant-eclaircissant-double-action-200ml-nettoyants-visage.jpg\" \/>\r\n\t<meta property=\"og:image:width\" content=\"700\" \/>\r\n\t<meta property=\"og:image:height\" content=\"700\" \/>\r\n\t<meta property=\"og:image:type\" content=\"image\/jpeg\" \/>\r\n<meta name=\"twitter:card\" content=\"summary_large_image\" \/>\r\n<script type=\"application\/ld+json\" class=\"yoast-schema-graph\">{\"@context\":\"https:\/\/schema.org\",\"@graph\":[{\"@type\":\"WebPage\",\"@id\":\"https:\/\/paracherkaoui.ma\/index.php\/produit\/ocaflor-gel-nettoyant-eclaircissant-double-action-200ml\/\",\"url\":\"https:\/\/paracherkaoui.ma\/index.php\/produit\/ocaflor-gel-nettoyant-eclaircissant-double-action-200ml\/\",\"name\":\"Ocaflor Gel Nettoyant \u00c9claircissant Double Action 200ml - Paracherkaoui.ma\",\"isPartOf\":{\"@id\":\"https:\/\/paracherkaoui.ma\/#website\"},\"primaryImageOfPage\":{\"@id\":\"https:\/\/paracherkaoui.ma\/index.php\/produit\/ocaflor-gel-nettoyant-eclaircissant-double-action-200ml\/#primaryimage\"},\"image\":{\"@id\":\"https:\/\/paracherkaoui.ma\/index.php\/produit\/ocaflor-gel-nettoyant-eclaircissant-double-action-200ml\/#primaryimage\"},\"thumbnailUrl\":\"https:\/\/paracherkaoui.ma\/wp-content\/uploads\/2025\/12\/ocaflor-ocaflor-gel-nettoyant-eclaircissant-double-action-200ml-nettoyants-visage.jpg\",\"datePublished\":\"2025-12-12T17:06:58+00:00\",\"dateModified\":\"2025-12-12T17:07:00+00:00\",\"breadcrumb\":{\"@id\":\"https:\/\/paracherkaoui.ma\/index.php\/produit\/ocaflor-gel-nettoyant-eclaircissant-double-action-200ml\/#breadcrumb\"},\"inLanguage\":\"fr-FR\",\"potentialAction\":[{\"@type\":\"ReadAction\",\"target\":[\"https:\/\/paracherkaoui.ma\/index.php\/produit\/ocaflor-gel-nettoyant-eclaircissant-double-action-200ml\/\"]}]},{\"@type\":\"ImageObject\",\"inLanguage\":\"fr-FR\",\"@id\":\"https:\/\/paracherkaoui.ma\/index.php\/produit\/ocaflor-gel-nettoyant-eclaircissant-double-action-200ml\/#primaryimage\",\"url\":\"https:\/\/paracherkaoui.ma\/wp-content\/uploads\/2025\/12\/ocaflor-ocaflor-gel-nettoyant-eclaircissant-double-action-200ml-nettoyants-visage.jpg\",\"contentUrl\":\"https:\/\/paracherkaoui.ma\/wp-content\/uploads\/2025\/12\/ocaflor-ocaflor-gel-nettoyant-eclaircissant-double-action-200ml-nettoyants-visage.jpg\",\"width\":700,\"height\":700},{\"@type\":\"BreadcrumbList\",\"@id\":\"https:\/\/paracherkaoui.ma\/index.php\/produit\/ocaflor-gel-nettoyant-eclaircissant-double-action-200ml\/#breadcrumb\",\"itemListElement\":[{\"@type\":\"ListItem\",\"position\":1,\"name\":\"Accueil\",\"item\":\"https:\/\/paracherkaoui.ma\/\"},{\"@type\":\"ListItem\",\"position\":2,\"name\":\"Boutique\",\"item\":\"https:\/\/paracherkaoui.ma\/index.php\/boutique\/\"},{\"@type\":\"ListItem\",\"position\":3,\"name\":\"Ocaflor Gel Nettoyant \u00c9claircissant Double Action 200ml\"}]},{\"@type\":\"WebSite\",\"@id\":\"https:\/\/paracherkaoui.ma\/#website\",\"url\":\"https:\/\/paracherkaoui.ma\/\",\"name\":\"Paracherkaoui.ma\",\"description\":\"Achetez en ligne sur Paracherkaoui.ma\",\"potentialAction\":[{\"@type\":\"SearchAction\",\"target\":{\"@type\":\"EntryPoint\",\"urlTemplate\":\"https:\/\/paracherkaoui.ma\/?s={search_term_string}\"},\"query-input\":{\"@type\":\"PropertyValueSpecification\",\"valueRequired\":true,\"valueName\":\"search_term_string\"}}],\"inLanguage\":\"fr-FR\"}]}<\/script>\r\n<!-- \/ Yoast SEO plugin. -->","yoast_head_json":{"title":"Ocaflor Gel Nettoyant \u00c9claircissant Double Action 200ml - Paracherkaoui.ma","robots":{"index":"index","follow":"follow","max-snippet":"max-snippet:-1","max-image-preview":"max-image-preview:large","max-video-preview":"max-video-preview:-1"},"canonical":"https:\/\/paracherkaoui.ma\/index.php\/produit\/ocaflor-gel-nettoyant-eclaircissant-double-action-200ml\/","og_locale":"fr_FR","og_type":"article","og_title":"Ocaflor Gel Nettoyant \u00c9claircissant Double Action 200ml - Paracherkaoui.ma","og_description":"OCAFLOR gel nettoyant \u00e9claircissant double action, \u00e9limine les impuret\u00e9s, hydrate, nettoie la peau tout en douceur et corrige les troubles","og_url":"https:\/\/paracherkaoui.ma\/index.php\/produit\/ocaflor-gel-nettoyant-eclaircissant-double-action-200ml\/","og_site_name":"Paracherkaoui.ma","article_modified_time":"2025-12-12T17:07:00+00:00","og_image":[{"width":700,"height":700,"url":"https:\/\/paracherkaoui.ma\/wp-content\/uploads\/2025\/12\/ocaflor-ocaflor-gel-nettoyant-eclaircissant-double-action-200ml-nettoyants-visage.jpg","type":"image\/jpeg"}],"twitter_card":"summary_large_image","schema":{"@context":"https:\/\/schema.org","@graph":[{"@type":"WebPage","@id":"https:\/\/paracherkaoui.ma\/index.php\/produit\/ocaflor-gel-nettoyant-eclaircissant-double-action-200ml\/","url":"https:\/\/paracherkaoui.ma\/index.php\/produit\/ocaflor-gel-nettoyant-eclaircissant-double-action-200ml\/","name":"Ocaflor Gel Nettoyant \u00c9claircissant Double Action 200ml - Paracherkaoui.ma","isPartOf":{"@id":"https:\/\/paracherkaoui.ma\/#website"},"primaryImageOfPage":{"@id":"https:\/\/paracherkaoui.ma\/index.php\/produit\/ocaflor-gel-nettoyant-eclaircissant-double-action-200ml\/#primaryimage"},"image":{"@id":"https:\/\/paracherkaoui.ma\/index.php\/produit\/ocaflor-gel-nettoyant-eclaircissant-double-action-200ml\/#primaryimage"},"thumbnailUrl":"https:\/\/paracherkaoui.ma\/wp-content\/uploads\/2025\/12\/ocaflor-ocaflor-gel-nettoyant-eclaircissant-double-action-200ml-nettoyants-visage.jpg","datePublished":"2025-12-12T17:06:58+00:00","dateModified":"2025-12-12T17:07:00+00:00","breadcrumb":{"@id":"https:\/\/paracherkaoui.ma\/index.php\/produit\/ocaflor-gel-nettoyant-eclaircissant-double-action-200ml\/#breadcrumb"},"inLanguage":"fr-FR","potentialAction":[{"@type":"ReadAction","target":["https:\/\/paracherkaoui.ma\/index.php\/produit\/ocaflor-gel-nettoyant-eclaircissant-double-action-200ml\/"]}]},{"@type":"ImageObject","inLanguage":"fr-FR","@id":"https:\/\/paracherkaoui.ma\/index.php\/produit\/ocaflor-gel-nettoyant-eclaircissant-double-action-200ml\/#primaryimage","url":"https:\/\/paracherkaoui.ma\/wp-content\/uploads\/2025\/12\/ocaflor-ocaflor-gel-nettoyant-eclaircissant-double-action-200ml-nettoyants-visage.jpg","contentUrl":"https:\/\/paracherkaoui.ma\/wp-content\/uploads\/2025\/12\/ocaflor-ocaflor-gel-nettoyant-eclaircissant-double-action-200ml-nettoyants-visage.jpg","width":700,"height":700},{"@type":"BreadcrumbList","@id":"https:\/\/paracherkaoui.ma\/index.php\/produit\/ocaflor-gel-nettoyant-eclaircissant-double-action-200ml\/#breadcrumb","itemListElement":[{"@type":"ListItem","position":1,"name":"Accueil","item":"https:\/\/paracherkaoui.ma\/"},{"@type":"ListItem","position":2,"name":"Boutique","item":"https:\/\/paracherkaoui.ma\/index.php\/boutique\/"},{"@type":"ListItem","position":3,"name":"Ocaflor Gel Nettoyant \u00c9claircissant Double Action 200ml"}]},{"@type":"WebSite","@id":"https:\/\/paracherkaoui.ma\/#website","url":"https:\/\/paracherkaoui.ma\/","name":"Paracherkaoui.ma","description":"Achetez en ligne sur Paracherkaoui.ma","potentialAction":[{"@type":"SearchAction","target":{"@type":"EntryPoint","urlTemplate":"https:\/\/paracherkaoui.ma\/?s={search_term_string}"},"query-input":{"@type":"PropertyValueSpecification","valueRequired":true,"valueName":"search_term_string"}}],"inLanguage":"fr-FR"}]}},"_links":{"self":[{"href":"https:\/\/paracherkaoui.ma\/index.php\/wp-json\/wp\/v2\/product\/21558","targetHints":{"allow":["GET"]}}],"collection":[{"href":"https:\/\/paracherkaoui.ma\/index.php\/wp-json\/wp\/v2\/product"}],"about":[{"href":"https:\/\/paracherkaoui.ma\/index.php\/wp-json\/wp\/v2\/types\/product"}],"replies":[{"embeddable":true,"href":"https:\/\/paracherkaoui.ma\/index.php\/wp-json\/wp\/v2\/comments?post=21558"}],"version-history":[{"count":1,"href":"https:\/\/paracherkaoui.ma\/index.php\/wp-json\/wp\/v2\/product\/21558\/revisions"}],"predecessor-version":[{"id":21596,"href":"https:\/\/paracherkaoui.ma\/index.php\/wp-json\/wp\/v2\/product\/21558\/revisions\/21596"}],"wp:featuredmedia":[{"embeddable":true,"href":"https:\/\/paracherkaoui.ma\/index.php\/wp-json\/wp\/v2\/media\/21595"}],"wp:attachment":[{"href":"https:\/\/paracherkaoui.ma\/index.php\/wp-json\/wp\/v2\/media?parent=21558"}],"wp:term":[{"taxonomy":"product_brand","embeddable":true,"href":"https:\/\/paracherkaoui.ma\/index.php\/wp-json\/wp\/v2\/product_brand?post=21558"},{"taxonomy":"product_cat","embeddable":true,"href":"https:\/\/paracherkaoui.ma\/index.php\/wp-json\/wp\/v2\/product_cat?post=21558"},{"taxonomy":"product_tag","embeddable":true,"href":"https:\/\/paracherkaoui.ma\/index.php\/wp-json\/wp\/v2\/product_tag?post=21558"}],"curies":[{"name":"wp","href":"https:\/\/api.w.org\/{rel}","templated":true}]}}