{"id":21490,"date":"2025-12-12T18:06:51","date_gmt":"2025-12-12T17:06:51","guid":{"rendered":"https:\/\/test.ecbeaute.com\/?post_type=product&#038;p=21490"},"modified":"2025-12-12T18:06:57","modified_gmt":"2025-12-12T17:06:57","slug":"castalia-sensial-gel-nettoyant-surgras-200-ml","status":"publish","type":"product","link":"https:\/\/paracherkaoui.ma\/index.php\/produit\/castalia-sensial-gel-nettoyant-surgras-200-ml\/","title":{"rendered":"CASTALIA SENSIAL GEL NETTOYANT SURGRAS 200 ML"},"content":{"rendered":"<p>Description:<br \/>\nDoux gel nettoyant moussant visage et corps. Complexe enrichi en agents nettoyants non agressifs et en prot\u00e9ines v\u00e9g\u00e9tales qui hydratent et entretiennent la peau en l\u2019apaisent. Cet alliage contient \u00e9galement de la vitamine E, qui est un puissant antioxydant.<br \/>\nConseils d\u2019utilisation :<br \/>\nMatin et soir, appliquer sur une peau humide, faire mousser et rincer \u00e0 l\u2019eau clai<\/p>\n","protected":false},"excerpt":{"rendered":"<p>Description: Doux gel nettoyant moussant visage et corps. Complexe enrichi en agents nettoyants non agressifs et en prot\u00e9ines v\u00e9g\u00e9tales qui<\/p>\n","protected":false},"featured_media":21549,"comment_status":"open","ping_status":"closed","template":"","meta":[],"product_brand":[447],"product_cat":[346],"product_tag":[],"class_list":{"0":"post-21490","1":"product","2":"type-product","3":"status-publish","4":"has-post-thumbnail","6":"product_brand-castalia","7":"product_cat-demaquillants-et-nettoyants","9":"first","10":"instock","11":"sale","12":"shipping-taxable","13":"purchasable","14":"product-type-simple"},"yoast_head":"<!-- This site is optimized with the Yoast SEO plugin v26.6 - https:\/\/yoast.com\/wordpress\/plugins\/seo\/ -->\r\n<title>CASTALIA SENSIAL GEL NETTOYANT SURGRAS 200 ML - Paracherkaoui.ma<\/title>\r\n<meta name=\"robots\" content=\"index, follow, max-snippet:-1, max-image-preview:large, max-video-preview:-1\" \/>\r\n<link rel=\"canonical\" href=\"https:\/\/paracherkaoui.ma\/index.php\/produit\/castalia-sensial-gel-nettoyant-surgras-200-ml\/\" \/>\r\n<meta property=\"og:locale\" content=\"fr_FR\" \/>\r\n<meta property=\"og:type\" content=\"article\" \/>\r\n<meta property=\"og:title\" content=\"CASTALIA SENSIAL GEL NETTOYANT SURGRAS 200 ML - Paracherkaoui.ma\" \/>\r\n<meta property=\"og:description\" content=\"Description: Doux gel nettoyant moussant visage et corps. Complexe enrichi en agents nettoyants non agressifs et en prot\u00e9ines v\u00e9g\u00e9tales qui\" \/>\r\n<meta property=\"og:url\" content=\"https:\/\/paracherkaoui.ma\/index.php\/produit\/castalia-sensial-gel-nettoyant-surgras-200-ml\/\" \/>\r\n<meta property=\"og:site_name\" content=\"Paracherkaoui.ma\" \/>\r\n<meta property=\"article:modified_time\" content=\"2025-12-12T17:06:57+00:00\" \/>\r\n<meta property=\"og:image\" content=\"https:\/\/paracherkaoui.ma\/wp-content\/uploads\/2025\/12\/castalia-castalia-sensial-gel-nettoyant-surgras-200-ml-nettoyants-visage.jpg\" \/>\r\n\t<meta property=\"og:image:width\" content=\"700\" \/>\r\n\t<meta property=\"og:image:height\" content=\"700\" \/>\r\n\t<meta property=\"og:image:type\" content=\"image\/jpeg\" \/>\r\n<meta name=\"twitter:card\" content=\"summary_large_image\" \/>\r\n<script type=\"application\/ld+json\" class=\"yoast-schema-graph\">{\"@context\":\"https:\/\/schema.org\",\"@graph\":[{\"@type\":\"WebPage\",\"@id\":\"https:\/\/paracherkaoui.ma\/index.php\/produit\/castalia-sensial-gel-nettoyant-surgras-200-ml\/\",\"url\":\"https:\/\/paracherkaoui.ma\/index.php\/produit\/castalia-sensial-gel-nettoyant-surgras-200-ml\/\",\"name\":\"CASTALIA SENSIAL GEL NETTOYANT SURGRAS 200 ML - Paracherkaoui.ma\",\"isPartOf\":{\"@id\":\"https:\/\/paracherkaoui.ma\/#website\"},\"primaryImageOfPage\":{\"@id\":\"https:\/\/paracherkaoui.ma\/index.php\/produit\/castalia-sensial-gel-nettoyant-surgras-200-ml\/#primaryimage\"},\"image\":{\"@id\":\"https:\/\/paracherkaoui.ma\/index.php\/produit\/castalia-sensial-gel-nettoyant-surgras-200-ml\/#primaryimage\"},\"thumbnailUrl\":\"https:\/\/paracherkaoui.ma\/wp-content\/uploads\/2025\/12\/castalia-castalia-sensial-gel-nettoyant-surgras-200-ml-nettoyants-visage.jpg\",\"datePublished\":\"2025-12-12T17:06:51+00:00\",\"dateModified\":\"2025-12-12T17:06:57+00:00\",\"breadcrumb\":{\"@id\":\"https:\/\/paracherkaoui.ma\/index.php\/produit\/castalia-sensial-gel-nettoyant-surgras-200-ml\/#breadcrumb\"},\"inLanguage\":\"fr-FR\",\"potentialAction\":[{\"@type\":\"ReadAction\",\"target\":[\"https:\/\/paracherkaoui.ma\/index.php\/produit\/castalia-sensial-gel-nettoyant-surgras-200-ml\/\"]}]},{\"@type\":\"ImageObject\",\"inLanguage\":\"fr-FR\",\"@id\":\"https:\/\/paracherkaoui.ma\/index.php\/produit\/castalia-sensial-gel-nettoyant-surgras-200-ml\/#primaryimage\",\"url\":\"https:\/\/paracherkaoui.ma\/wp-content\/uploads\/2025\/12\/castalia-castalia-sensial-gel-nettoyant-surgras-200-ml-nettoyants-visage.jpg\",\"contentUrl\":\"https:\/\/paracherkaoui.ma\/wp-content\/uploads\/2025\/12\/castalia-castalia-sensial-gel-nettoyant-surgras-200-ml-nettoyants-visage.jpg\",\"width\":700,\"height\":700},{\"@type\":\"BreadcrumbList\",\"@id\":\"https:\/\/paracherkaoui.ma\/index.php\/produit\/castalia-sensial-gel-nettoyant-surgras-200-ml\/#breadcrumb\",\"itemListElement\":[{\"@type\":\"ListItem\",\"position\":1,\"name\":\"Accueil\",\"item\":\"https:\/\/paracherkaoui.ma\/\"},{\"@type\":\"ListItem\",\"position\":2,\"name\":\"Boutique\",\"item\":\"https:\/\/paracherkaoui.ma\/index.php\/boutique\/\"},{\"@type\":\"ListItem\",\"position\":3,\"name\":\"CASTALIA SENSIAL GEL NETTOYANT SURGRAS 200 ML\"}]},{\"@type\":\"WebSite\",\"@id\":\"https:\/\/paracherkaoui.ma\/#website\",\"url\":\"https:\/\/paracherkaoui.ma\/\",\"name\":\"Paracherkaoui.ma\",\"description\":\"Achetez en ligne sur Paracherkaoui.ma\",\"potentialAction\":[{\"@type\":\"SearchAction\",\"target\":{\"@type\":\"EntryPoint\",\"urlTemplate\":\"https:\/\/paracherkaoui.ma\/?s={search_term_string}\"},\"query-input\":{\"@type\":\"PropertyValueSpecification\",\"valueRequired\":true,\"valueName\":\"search_term_string\"}}],\"inLanguage\":\"fr-FR\"}]}<\/script>\r\n<!-- \/ Yoast SEO plugin. -->","yoast_head_json":{"title":"CASTALIA SENSIAL GEL NETTOYANT SURGRAS 200 ML - Paracherkaoui.ma","robots":{"index":"index","follow":"follow","max-snippet":"max-snippet:-1","max-image-preview":"max-image-preview:large","max-video-preview":"max-video-preview:-1"},"canonical":"https:\/\/paracherkaoui.ma\/index.php\/produit\/castalia-sensial-gel-nettoyant-surgras-200-ml\/","og_locale":"fr_FR","og_type":"article","og_title":"CASTALIA SENSIAL GEL NETTOYANT SURGRAS 200 ML - Paracherkaoui.ma","og_description":"Description: Doux gel nettoyant moussant visage et corps. Complexe enrichi en agents nettoyants non agressifs et en prot\u00e9ines v\u00e9g\u00e9tales qui","og_url":"https:\/\/paracherkaoui.ma\/index.php\/produit\/castalia-sensial-gel-nettoyant-surgras-200-ml\/","og_site_name":"Paracherkaoui.ma","article_modified_time":"2025-12-12T17:06:57+00:00","og_image":[{"width":700,"height":700,"url":"https:\/\/paracherkaoui.ma\/wp-content\/uploads\/2025\/12\/castalia-castalia-sensial-gel-nettoyant-surgras-200-ml-nettoyants-visage.jpg","type":"image\/jpeg"}],"twitter_card":"summary_large_image","schema":{"@context":"https:\/\/schema.org","@graph":[{"@type":"WebPage","@id":"https:\/\/paracherkaoui.ma\/index.php\/produit\/castalia-sensial-gel-nettoyant-surgras-200-ml\/","url":"https:\/\/paracherkaoui.ma\/index.php\/produit\/castalia-sensial-gel-nettoyant-surgras-200-ml\/","name":"CASTALIA SENSIAL GEL NETTOYANT SURGRAS 200 ML - Paracherkaoui.ma","isPartOf":{"@id":"https:\/\/paracherkaoui.ma\/#website"},"primaryImageOfPage":{"@id":"https:\/\/paracherkaoui.ma\/index.php\/produit\/castalia-sensial-gel-nettoyant-surgras-200-ml\/#primaryimage"},"image":{"@id":"https:\/\/paracherkaoui.ma\/index.php\/produit\/castalia-sensial-gel-nettoyant-surgras-200-ml\/#primaryimage"},"thumbnailUrl":"https:\/\/paracherkaoui.ma\/wp-content\/uploads\/2025\/12\/castalia-castalia-sensial-gel-nettoyant-surgras-200-ml-nettoyants-visage.jpg","datePublished":"2025-12-12T17:06:51+00:00","dateModified":"2025-12-12T17:06:57+00:00","breadcrumb":{"@id":"https:\/\/paracherkaoui.ma\/index.php\/produit\/castalia-sensial-gel-nettoyant-surgras-200-ml\/#breadcrumb"},"inLanguage":"fr-FR","potentialAction":[{"@type":"ReadAction","target":["https:\/\/paracherkaoui.ma\/index.php\/produit\/castalia-sensial-gel-nettoyant-surgras-200-ml\/"]}]},{"@type":"ImageObject","inLanguage":"fr-FR","@id":"https:\/\/paracherkaoui.ma\/index.php\/produit\/castalia-sensial-gel-nettoyant-surgras-200-ml\/#primaryimage","url":"https:\/\/paracherkaoui.ma\/wp-content\/uploads\/2025\/12\/castalia-castalia-sensial-gel-nettoyant-surgras-200-ml-nettoyants-visage.jpg","contentUrl":"https:\/\/paracherkaoui.ma\/wp-content\/uploads\/2025\/12\/castalia-castalia-sensial-gel-nettoyant-surgras-200-ml-nettoyants-visage.jpg","width":700,"height":700},{"@type":"BreadcrumbList","@id":"https:\/\/paracherkaoui.ma\/index.php\/produit\/castalia-sensial-gel-nettoyant-surgras-200-ml\/#breadcrumb","itemListElement":[{"@type":"ListItem","position":1,"name":"Accueil","item":"https:\/\/paracherkaoui.ma\/"},{"@type":"ListItem","position":2,"name":"Boutique","item":"https:\/\/paracherkaoui.ma\/index.php\/boutique\/"},{"@type":"ListItem","position":3,"name":"CASTALIA SENSIAL GEL NETTOYANT SURGRAS 200 ML"}]},{"@type":"WebSite","@id":"https:\/\/paracherkaoui.ma\/#website","url":"https:\/\/paracherkaoui.ma\/","name":"Paracherkaoui.ma","description":"Achetez en ligne sur Paracherkaoui.ma","potentialAction":[{"@type":"SearchAction","target":{"@type":"EntryPoint","urlTemplate":"https:\/\/paracherkaoui.ma\/?s={search_term_string}"},"query-input":{"@type":"PropertyValueSpecification","valueRequired":true,"valueName":"search_term_string"}}],"inLanguage":"fr-FR"}]}},"_links":{"self":[{"href":"https:\/\/paracherkaoui.ma\/index.php\/wp-json\/wp\/v2\/product\/21490","targetHints":{"allow":["GET"]}}],"collection":[{"href":"https:\/\/paracherkaoui.ma\/index.php\/wp-json\/wp\/v2\/product"}],"about":[{"href":"https:\/\/paracherkaoui.ma\/index.php\/wp-json\/wp\/v2\/types\/product"}],"replies":[{"embeddable":true,"href":"https:\/\/paracherkaoui.ma\/index.php\/wp-json\/wp\/v2\/comments?post=21490"}],"version-history":[{"count":1,"href":"https:\/\/paracherkaoui.ma\/index.php\/wp-json\/wp\/v2\/product\/21490\/revisions"}],"predecessor-version":[{"id":21550,"href":"https:\/\/paracherkaoui.ma\/index.php\/wp-json\/wp\/v2\/product\/21490\/revisions\/21550"}],"wp:featuredmedia":[{"embeddable":true,"href":"https:\/\/paracherkaoui.ma\/index.php\/wp-json\/wp\/v2\/media\/21549"}],"wp:attachment":[{"href":"https:\/\/paracherkaoui.ma\/index.php\/wp-json\/wp\/v2\/media?parent=21490"}],"wp:term":[{"taxonomy":"product_brand","embeddable":true,"href":"https:\/\/paracherkaoui.ma\/index.php\/wp-json\/wp\/v2\/product_brand?post=21490"},{"taxonomy":"product_cat","embeddable":true,"href":"https:\/\/paracherkaoui.ma\/index.php\/wp-json\/wp\/v2\/product_cat?post=21490"},{"taxonomy":"product_tag","embeddable":true,"href":"https:\/\/paracherkaoui.ma\/index.php\/wp-json\/wp\/v2\/product_tag?post=21490"}],"curies":[{"name":"wp","href":"https:\/\/api.w.org\/{rel}","templated":true}]}}