{"id":21489,"date":"2025-12-12T18:06:51","date_gmt":"2025-12-12T17:06:51","guid":{"rendered":"https:\/\/test.ecbeaute.com\/?post_type=product&#038;p=21489"},"modified":"2025-12-12T18:06:57","modified_gmt":"2025-12-12T17:06:57","slug":"floxia-solution-micellaire-apaisante-250-ml","status":"publish","type":"product","link":"https:\/\/paracherkaoui.ma\/index.php\/produit\/floxia-solution-micellaire-apaisante-250-ml\/","title":{"rendered":"FLOXIA SOLUTION MICELLAIRE APAISANTE 250 ML"},"content":{"rendered":"<p>L\u2019Eau Micellaire Apaisante est un\u00a0d\u00e9maquillant\u00a0doux et non agressif pour la peau. Elle nettoie les pores des impuret\u00e9s et maintient l\u2019hydratation de l\u2019\u00e9piderme.<br \/>\nId\u00e9ale pour prendre soin des\u00a0peaux s\u00e8ches et sensibles, la solution micellaire apaisante Sativa est un produit de beaut\u00e9 incontournable. L\u2019eau micellaire apaisante hydratante :\u00a0nettoie la peau en douceur\u00a0d\u00e9sincruste les pores\u00a0diminue les sensations d\u2019inconforts\u00a0apaise les peaux sensibles\u00a0hydrate l\u2019\u00e9piderme<br \/>\nLe teint terne et d\u00e9shydrat\u00e9 n\u2019est pas une fatalit\u00e9 ! Avec l\u2019eau micellaire apaisante, nettoyez et hydratez votre peau en un seul geste. Matin et soir, rafra\u00eechissez votre visage et vos yeux. Cette solution micellaire ne colle pas et ne laisse aucune sensation de tiraillement apr\u00e8s application. Sp\u00e9cialement con\u00e7u pour soulager et aider les peaux s\u00e8ches et sensibles, ce\u00a0soin nettoyant\u00a0et hydratant \u00e9limine le maquillage et les salet\u00e9s sans agresser. L\u2019eau micellaire est un soin sans rin\u00e7age.<\/p>\n","protected":false},"excerpt":{"rendered":"<p>L\u2019Eau Micellaire Apaisante est un\u00a0d\u00e9maquillant\u00a0doux et non agressif pour la peau. Elle nettoie les pores des impuret\u00e9s et maintient l\u2019hydratation<\/p>\n","protected":false},"featured_media":21547,"comment_status":"open","ping_status":"closed","template":"","meta":[],"product_brand":[300],"product_cat":[346],"product_tag":[],"class_list":{"0":"post-21489","1":"product","2":"type-product","3":"status-publish","4":"has-post-thumbnail","6":"product_brand-floxia","7":"product_cat-demaquillants-et-nettoyants","9":"first","10":"instock","11":"sale","12":"shipping-taxable","13":"purchasable","14":"product-type-simple"},"yoast_head":"<!-- This site is optimized with the Yoast SEO plugin v26.6 - https:\/\/yoast.com\/wordpress\/plugins\/seo\/ -->\r\n<title>FLOXIA SOLUTION MICELLAIRE APAISANTE 250 ML - Paracherkaoui.ma<\/title>\r\n<meta name=\"robots\" content=\"index, follow, max-snippet:-1, max-image-preview:large, max-video-preview:-1\" \/>\r\n<link rel=\"canonical\" href=\"https:\/\/paracherkaoui.ma\/index.php\/produit\/floxia-solution-micellaire-apaisante-250-ml\/\" \/>\r\n<meta property=\"og:locale\" content=\"fr_FR\" \/>\r\n<meta property=\"og:type\" content=\"article\" \/>\r\n<meta property=\"og:title\" content=\"FLOXIA SOLUTION MICELLAIRE APAISANTE 250 ML - Paracherkaoui.ma\" \/>\r\n<meta property=\"og:description\" content=\"L\u2019Eau Micellaire Apaisante est un\u00a0d\u00e9maquillant\u00a0doux et non agressif pour la peau. Elle nettoie les pores des impuret\u00e9s et maintient l\u2019hydratation\" \/>\r\n<meta property=\"og:url\" content=\"https:\/\/paracherkaoui.ma\/index.php\/produit\/floxia-solution-micellaire-apaisante-250-ml\/\" \/>\r\n<meta property=\"og:site_name\" content=\"Paracherkaoui.ma\" \/>\r\n<meta property=\"article:modified_time\" content=\"2025-12-12T17:06:57+00:00\" \/>\r\n<meta property=\"og:image\" content=\"https:\/\/paracherkaoui.ma\/wp-content\/uploads\/2025\/12\/floxia-floxia-solution-micellaire-apaisante-250-ml-nettoyants-visage.jpg\" \/>\r\n\t<meta property=\"og:image:width\" content=\"700\" \/>\r\n\t<meta property=\"og:image:height\" content=\"700\" \/>\r\n\t<meta property=\"og:image:type\" content=\"image\/jpeg\" \/>\r\n<meta name=\"twitter:card\" content=\"summary_large_image\" \/>\r\n<meta name=\"twitter:label1\" content=\"Dur\u00e9e de lecture estim\u00e9e\" \/>\n\t<meta name=\"twitter:data1\" content=\"1 minute\" \/>\r\n<script type=\"application\/ld+json\" class=\"yoast-schema-graph\">{\"@context\":\"https:\/\/schema.org\",\"@graph\":[{\"@type\":\"WebPage\",\"@id\":\"https:\/\/paracherkaoui.ma\/index.php\/produit\/floxia-solution-micellaire-apaisante-250-ml\/\",\"url\":\"https:\/\/paracherkaoui.ma\/index.php\/produit\/floxia-solution-micellaire-apaisante-250-ml\/\",\"name\":\"FLOXIA SOLUTION MICELLAIRE APAISANTE 250 ML - Paracherkaoui.ma\",\"isPartOf\":{\"@id\":\"https:\/\/paracherkaoui.ma\/#website\"},\"primaryImageOfPage\":{\"@id\":\"https:\/\/paracherkaoui.ma\/index.php\/produit\/floxia-solution-micellaire-apaisante-250-ml\/#primaryimage\"},\"image\":{\"@id\":\"https:\/\/paracherkaoui.ma\/index.php\/produit\/floxia-solution-micellaire-apaisante-250-ml\/#primaryimage\"},\"thumbnailUrl\":\"https:\/\/paracherkaoui.ma\/wp-content\/uploads\/2025\/12\/floxia-floxia-solution-micellaire-apaisante-250-ml-nettoyants-visage.jpg\",\"datePublished\":\"2025-12-12T17:06:51+00:00\",\"dateModified\":\"2025-12-12T17:06:57+00:00\",\"breadcrumb\":{\"@id\":\"https:\/\/paracherkaoui.ma\/index.php\/produit\/floxia-solution-micellaire-apaisante-250-ml\/#breadcrumb\"},\"inLanguage\":\"fr-FR\",\"potentialAction\":[{\"@type\":\"ReadAction\",\"target\":[\"https:\/\/paracherkaoui.ma\/index.php\/produit\/floxia-solution-micellaire-apaisante-250-ml\/\"]}]},{\"@type\":\"ImageObject\",\"inLanguage\":\"fr-FR\",\"@id\":\"https:\/\/paracherkaoui.ma\/index.php\/produit\/floxia-solution-micellaire-apaisante-250-ml\/#primaryimage\",\"url\":\"https:\/\/paracherkaoui.ma\/wp-content\/uploads\/2025\/12\/floxia-floxia-solution-micellaire-apaisante-250-ml-nettoyants-visage.jpg\",\"contentUrl\":\"https:\/\/paracherkaoui.ma\/wp-content\/uploads\/2025\/12\/floxia-floxia-solution-micellaire-apaisante-250-ml-nettoyants-visage.jpg\",\"width\":700,\"height\":700},{\"@type\":\"BreadcrumbList\",\"@id\":\"https:\/\/paracherkaoui.ma\/index.php\/produit\/floxia-solution-micellaire-apaisante-250-ml\/#breadcrumb\",\"itemListElement\":[{\"@type\":\"ListItem\",\"position\":1,\"name\":\"Accueil\",\"item\":\"https:\/\/paracherkaoui.ma\/\"},{\"@type\":\"ListItem\",\"position\":2,\"name\":\"Boutique\",\"item\":\"https:\/\/paracherkaoui.ma\/index.php\/boutique\/\"},{\"@type\":\"ListItem\",\"position\":3,\"name\":\"FLOXIA SOLUTION MICELLAIRE APAISANTE 250 ML\"}]},{\"@type\":\"WebSite\",\"@id\":\"https:\/\/paracherkaoui.ma\/#website\",\"url\":\"https:\/\/paracherkaoui.ma\/\",\"name\":\"Paracherkaoui.ma\",\"description\":\"Achetez en ligne sur Paracherkaoui.ma\",\"potentialAction\":[{\"@type\":\"SearchAction\",\"target\":{\"@type\":\"EntryPoint\",\"urlTemplate\":\"https:\/\/paracherkaoui.ma\/?s={search_term_string}\"},\"query-input\":{\"@type\":\"PropertyValueSpecification\",\"valueRequired\":true,\"valueName\":\"search_term_string\"}}],\"inLanguage\":\"fr-FR\"}]}<\/script>\r\n<!-- \/ Yoast SEO plugin. -->","yoast_head_json":{"title":"FLOXIA SOLUTION MICELLAIRE APAISANTE 250 ML - Paracherkaoui.ma","robots":{"index":"index","follow":"follow","max-snippet":"max-snippet:-1","max-image-preview":"max-image-preview:large","max-video-preview":"max-video-preview:-1"},"canonical":"https:\/\/paracherkaoui.ma\/index.php\/produit\/floxia-solution-micellaire-apaisante-250-ml\/","og_locale":"fr_FR","og_type":"article","og_title":"FLOXIA SOLUTION MICELLAIRE APAISANTE 250 ML - Paracherkaoui.ma","og_description":"L\u2019Eau Micellaire Apaisante est un\u00a0d\u00e9maquillant\u00a0doux et non agressif pour la peau. Elle nettoie les pores des impuret\u00e9s et maintient l\u2019hydratation","og_url":"https:\/\/paracherkaoui.ma\/index.php\/produit\/floxia-solution-micellaire-apaisante-250-ml\/","og_site_name":"Paracherkaoui.ma","article_modified_time":"2025-12-12T17:06:57+00:00","og_image":[{"width":700,"height":700,"url":"https:\/\/paracherkaoui.ma\/wp-content\/uploads\/2025\/12\/floxia-floxia-solution-micellaire-apaisante-250-ml-nettoyants-visage.jpg","type":"image\/jpeg"}],"twitter_card":"summary_large_image","twitter_misc":{"Dur\u00e9e de lecture estim\u00e9e":"1 minute"},"schema":{"@context":"https:\/\/schema.org","@graph":[{"@type":"WebPage","@id":"https:\/\/paracherkaoui.ma\/index.php\/produit\/floxia-solution-micellaire-apaisante-250-ml\/","url":"https:\/\/paracherkaoui.ma\/index.php\/produit\/floxia-solution-micellaire-apaisante-250-ml\/","name":"FLOXIA SOLUTION MICELLAIRE APAISANTE 250 ML - Paracherkaoui.ma","isPartOf":{"@id":"https:\/\/paracherkaoui.ma\/#website"},"primaryImageOfPage":{"@id":"https:\/\/paracherkaoui.ma\/index.php\/produit\/floxia-solution-micellaire-apaisante-250-ml\/#primaryimage"},"image":{"@id":"https:\/\/paracherkaoui.ma\/index.php\/produit\/floxia-solution-micellaire-apaisante-250-ml\/#primaryimage"},"thumbnailUrl":"https:\/\/paracherkaoui.ma\/wp-content\/uploads\/2025\/12\/floxia-floxia-solution-micellaire-apaisante-250-ml-nettoyants-visage.jpg","datePublished":"2025-12-12T17:06:51+00:00","dateModified":"2025-12-12T17:06:57+00:00","breadcrumb":{"@id":"https:\/\/paracherkaoui.ma\/index.php\/produit\/floxia-solution-micellaire-apaisante-250-ml\/#breadcrumb"},"inLanguage":"fr-FR","potentialAction":[{"@type":"ReadAction","target":["https:\/\/paracherkaoui.ma\/index.php\/produit\/floxia-solution-micellaire-apaisante-250-ml\/"]}]},{"@type":"ImageObject","inLanguage":"fr-FR","@id":"https:\/\/paracherkaoui.ma\/index.php\/produit\/floxia-solution-micellaire-apaisante-250-ml\/#primaryimage","url":"https:\/\/paracherkaoui.ma\/wp-content\/uploads\/2025\/12\/floxia-floxia-solution-micellaire-apaisante-250-ml-nettoyants-visage.jpg","contentUrl":"https:\/\/paracherkaoui.ma\/wp-content\/uploads\/2025\/12\/floxia-floxia-solution-micellaire-apaisante-250-ml-nettoyants-visage.jpg","width":700,"height":700},{"@type":"BreadcrumbList","@id":"https:\/\/paracherkaoui.ma\/index.php\/produit\/floxia-solution-micellaire-apaisante-250-ml\/#breadcrumb","itemListElement":[{"@type":"ListItem","position":1,"name":"Accueil","item":"https:\/\/paracherkaoui.ma\/"},{"@type":"ListItem","position":2,"name":"Boutique","item":"https:\/\/paracherkaoui.ma\/index.php\/boutique\/"},{"@type":"ListItem","position":3,"name":"FLOXIA SOLUTION MICELLAIRE APAISANTE 250 ML"}]},{"@type":"WebSite","@id":"https:\/\/paracherkaoui.ma\/#website","url":"https:\/\/paracherkaoui.ma\/","name":"Paracherkaoui.ma","description":"Achetez en ligne sur Paracherkaoui.ma","potentialAction":[{"@type":"SearchAction","target":{"@type":"EntryPoint","urlTemplate":"https:\/\/paracherkaoui.ma\/?s={search_term_string}"},"query-input":{"@type":"PropertyValueSpecification","valueRequired":true,"valueName":"search_term_string"}}],"inLanguage":"fr-FR"}]}},"_links":{"self":[{"href":"https:\/\/paracherkaoui.ma\/index.php\/wp-json\/wp\/v2\/product\/21489","targetHints":{"allow":["GET"]}}],"collection":[{"href":"https:\/\/paracherkaoui.ma\/index.php\/wp-json\/wp\/v2\/product"}],"about":[{"href":"https:\/\/paracherkaoui.ma\/index.php\/wp-json\/wp\/v2\/types\/product"}],"replies":[{"embeddable":true,"href":"https:\/\/paracherkaoui.ma\/index.php\/wp-json\/wp\/v2\/comments?post=21489"}],"version-history":[{"count":1,"href":"https:\/\/paracherkaoui.ma\/index.php\/wp-json\/wp\/v2\/product\/21489\/revisions"}],"predecessor-version":[{"id":21548,"href":"https:\/\/paracherkaoui.ma\/index.php\/wp-json\/wp\/v2\/product\/21489\/revisions\/21548"}],"wp:featuredmedia":[{"embeddable":true,"href":"https:\/\/paracherkaoui.ma\/index.php\/wp-json\/wp\/v2\/media\/21547"}],"wp:attachment":[{"href":"https:\/\/paracherkaoui.ma\/index.php\/wp-json\/wp\/v2\/media?parent=21489"}],"wp:term":[{"taxonomy":"product_brand","embeddable":true,"href":"https:\/\/paracherkaoui.ma\/index.php\/wp-json\/wp\/v2\/product_brand?post=21489"},{"taxonomy":"product_cat","embeddable":true,"href":"https:\/\/paracherkaoui.ma\/index.php\/wp-json\/wp\/v2\/product_cat?post=21489"},{"taxonomy":"product_tag","embeddable":true,"href":"https:\/\/paracherkaoui.ma\/index.php\/wp-json\/wp\/v2\/product_tag?post=21489"}],"curies":[{"name":"wp","href":"https:\/\/api.w.org\/{rel}","templated":true}]}}