{"id":21488,"date":"2025-12-12T18:06:51","date_gmt":"2025-12-12T17:06:51","guid":{"rendered":"https:\/\/test.ecbeaute.com\/?post_type=product&#038;p=21488"},"modified":"2025-12-12T18:06:56","modified_gmt":"2025-12-12T17:06:56","slug":"abiderm-gel-nettoyant-surgras-visage-et-corps-200-ml","status":"publish","type":"product","link":"https:\/\/paracherkaoui.ma\/index.php\/produit\/abiderm-gel-nettoyant-surgras-visage-et-corps-200-ml\/","title":{"rendered":"ABIDERM GEL NETTOYANT SURGRAS VISAGE ET CORPS 200 ML"},"content":{"rendered":"<p>D\u00e9couvrez Abiderm Gel Nettoyant Surgras : le soin parfait pour les peaux s\u00e8ches, fragilis\u00e9es et irrit\u00e9es. Formul\u00e9 sans savon et avec un pH physiologique, ce gel nettoyant d\u00e9licat favorise la reconstitution du film hydrolipidique protecteur de votre peau. Sa base lavante douce, enrichie en extrait de grenade et en Pentavitin, apaise et adoucit, laissant votre peau hydrat\u00e9e, souple et prot\u00e9g\u00e9e.<br \/>\nPourquoi choisir Abiderm Gel Nettoyant Surgras ?<br \/>\nReconstitution du film hydrolipidique : Abiderm Gel Nettoyant Surgras aide \u00e0 restaurer et \u00e0 maintenir la barri\u00e8re protectrice naturelle de la peau, essentielle pour la prot\u00e9ger des agressions ext\u00e9rieures et pr\u00e9venir la d\u00e9shydratation.<br \/>\nFormule sans savon et pH physiologique : Con\u00e7u pour respecter l&rsquo;\u00e9quilibre naturel de votre peau, ce gel nettoyant n&rsquo;ass\u00e8che pas et ne d\u00e9s\u00e9quilibre pas votre \u00e9piderme. Il est id\u00e9al pour les peaux sensibles et r\u00e9actives.<br \/>\nHydratation intense avec Pentavitin: Ce complexe naturel, d\u00e9riv\u00e9 de plantes, agit comme un aimant \u00e0 humidit\u00e9, offrant une hydratation imm\u00e9diate et durable jusqu&rsquo;\u00e0 72 heures, m\u00eame apr\u00e8s rin\u00e7age.<br \/>\nExtrait de grenade apaisant : Riche en antioxydants et en vitamines, l&rsquo;extrait de grenade apaise les irritations, r\u00e9duit les inflammations et aide \u00e0 r\u00e9parer les peaux ab\u00eem\u00e9es.<br \/>\nDouceur et confort : Apr\u00e8s chaque utilisation, votre peau est douce, souple et confortable, d\u00e9barrass\u00e9e des impuret\u00e9s sans \u00eatre agress\u00e9e.<br \/>\nConseils d\u2019utilisation :<br \/>\nVerser dans le creux de la main et appliquer sur la peau pr\u00e9alablement mouill\u00e9e, faire mousser puis rincer.<\/p>\n","protected":false},"excerpt":{"rendered":"<p>D\u00e9couvrez Abiderm Gel Nettoyant Surgras : le soin parfait pour les peaux s\u00e8ches, fragilis\u00e9es et irrit\u00e9es. Formul\u00e9 sans savon et<\/p>\n","protected":false},"featured_media":21545,"comment_status":"open","ping_status":"closed","template":"","meta":[],"product_brand":[429],"product_cat":[346],"product_tag":[],"class_list":{"0":"post-21488","1":"product","2":"type-product","3":"status-publish","4":"has-post-thumbnail","6":"product_brand-abiderm","7":"product_cat-demaquillants-et-nettoyants","9":"first","10":"instock","11":"sale","12":"shipping-taxable","13":"purchasable","14":"product-type-simple"},"yoast_head":"<!-- This site is optimized with the Yoast SEO plugin v26.6 - https:\/\/yoast.com\/wordpress\/plugins\/seo\/ -->\r\n<title>ABIDERM GEL NETTOYANT SURGRAS VISAGE ET CORPS 200 ML - Paracherkaoui.ma<\/title>\r\n<meta name=\"robots\" content=\"index, follow, max-snippet:-1, max-image-preview:large, max-video-preview:-1\" \/>\r\n<link rel=\"canonical\" href=\"https:\/\/paracherkaoui.ma\/index.php\/produit\/abiderm-gel-nettoyant-surgras-visage-et-corps-200-ml\/\" \/>\r\n<meta property=\"og:locale\" content=\"fr_FR\" \/>\r\n<meta property=\"og:type\" content=\"article\" \/>\r\n<meta property=\"og:title\" content=\"ABIDERM GEL NETTOYANT SURGRAS VISAGE ET CORPS 200 ML - Paracherkaoui.ma\" \/>\r\n<meta property=\"og:description\" content=\"D\u00e9couvrez Abiderm Gel Nettoyant Surgras : le soin parfait pour les peaux s\u00e8ches, fragilis\u00e9es et irrit\u00e9es. Formul\u00e9 sans savon et\" \/>\r\n<meta property=\"og:url\" content=\"https:\/\/paracherkaoui.ma\/index.php\/produit\/abiderm-gel-nettoyant-surgras-visage-et-corps-200-ml\/\" \/>\r\n<meta property=\"og:site_name\" content=\"Paracherkaoui.ma\" \/>\r\n<meta property=\"article:modified_time\" content=\"2025-12-12T17:06:56+00:00\" \/>\r\n<meta property=\"og:image\" content=\"https:\/\/paracherkaoui.ma\/wp-content\/uploads\/2025\/12\/abiderm-abiderm-gel-nettoyant-surgras-visage-et-corps-200-ml-demaquillants-et-nettoyants.jpg\" \/>\r\n\t<meta property=\"og:image:width\" content=\"700\" \/>\r\n\t<meta property=\"og:image:height\" content=\"700\" \/>\r\n\t<meta property=\"og:image:type\" content=\"image\/jpeg\" \/>\r\n<meta name=\"twitter:card\" content=\"summary_large_image\" \/>\r\n<meta name=\"twitter:label1\" content=\"Dur\u00e9e de lecture estim\u00e9e\" \/>\n\t<meta name=\"twitter:data1\" content=\"1 minute\" \/>\r\n<script type=\"application\/ld+json\" class=\"yoast-schema-graph\">{\"@context\":\"https:\/\/schema.org\",\"@graph\":[{\"@type\":\"WebPage\",\"@id\":\"https:\/\/paracherkaoui.ma\/index.php\/produit\/abiderm-gel-nettoyant-surgras-visage-et-corps-200-ml\/\",\"url\":\"https:\/\/paracherkaoui.ma\/index.php\/produit\/abiderm-gel-nettoyant-surgras-visage-et-corps-200-ml\/\",\"name\":\"ABIDERM GEL NETTOYANT SURGRAS VISAGE ET CORPS 200 ML - Paracherkaoui.ma\",\"isPartOf\":{\"@id\":\"https:\/\/paracherkaoui.ma\/#website\"},\"primaryImageOfPage\":{\"@id\":\"https:\/\/paracherkaoui.ma\/index.php\/produit\/abiderm-gel-nettoyant-surgras-visage-et-corps-200-ml\/#primaryimage\"},\"image\":{\"@id\":\"https:\/\/paracherkaoui.ma\/index.php\/produit\/abiderm-gel-nettoyant-surgras-visage-et-corps-200-ml\/#primaryimage\"},\"thumbnailUrl\":\"https:\/\/paracherkaoui.ma\/wp-content\/uploads\/2025\/12\/abiderm-abiderm-gel-nettoyant-surgras-visage-et-corps-200-ml-demaquillants-et-nettoyants.jpg\",\"datePublished\":\"2025-12-12T17:06:51+00:00\",\"dateModified\":\"2025-12-12T17:06:56+00:00\",\"breadcrumb\":{\"@id\":\"https:\/\/paracherkaoui.ma\/index.php\/produit\/abiderm-gel-nettoyant-surgras-visage-et-corps-200-ml\/#breadcrumb\"},\"inLanguage\":\"fr-FR\",\"potentialAction\":[{\"@type\":\"ReadAction\",\"target\":[\"https:\/\/paracherkaoui.ma\/index.php\/produit\/abiderm-gel-nettoyant-surgras-visage-et-corps-200-ml\/\"]}]},{\"@type\":\"ImageObject\",\"inLanguage\":\"fr-FR\",\"@id\":\"https:\/\/paracherkaoui.ma\/index.php\/produit\/abiderm-gel-nettoyant-surgras-visage-et-corps-200-ml\/#primaryimage\",\"url\":\"https:\/\/paracherkaoui.ma\/wp-content\/uploads\/2025\/12\/abiderm-abiderm-gel-nettoyant-surgras-visage-et-corps-200-ml-demaquillants-et-nettoyants.jpg\",\"contentUrl\":\"https:\/\/paracherkaoui.ma\/wp-content\/uploads\/2025\/12\/abiderm-abiderm-gel-nettoyant-surgras-visage-et-corps-200-ml-demaquillants-et-nettoyants.jpg\",\"width\":700,\"height\":700},{\"@type\":\"BreadcrumbList\",\"@id\":\"https:\/\/paracherkaoui.ma\/index.php\/produit\/abiderm-gel-nettoyant-surgras-visage-et-corps-200-ml\/#breadcrumb\",\"itemListElement\":[{\"@type\":\"ListItem\",\"position\":1,\"name\":\"Accueil\",\"item\":\"https:\/\/paracherkaoui.ma\/\"},{\"@type\":\"ListItem\",\"position\":2,\"name\":\"Boutique\",\"item\":\"https:\/\/paracherkaoui.ma\/index.php\/boutique\/\"},{\"@type\":\"ListItem\",\"position\":3,\"name\":\"ABIDERM GEL NETTOYANT SURGRAS VISAGE ET CORPS 200 ML\"}]},{\"@type\":\"WebSite\",\"@id\":\"https:\/\/paracherkaoui.ma\/#website\",\"url\":\"https:\/\/paracherkaoui.ma\/\",\"name\":\"Paracherkaoui.ma\",\"description\":\"Achetez en ligne sur Paracherkaoui.ma\",\"potentialAction\":[{\"@type\":\"SearchAction\",\"target\":{\"@type\":\"EntryPoint\",\"urlTemplate\":\"https:\/\/paracherkaoui.ma\/?s={search_term_string}\"},\"query-input\":{\"@type\":\"PropertyValueSpecification\",\"valueRequired\":true,\"valueName\":\"search_term_string\"}}],\"inLanguage\":\"fr-FR\"}]}<\/script>\r\n<!-- \/ Yoast SEO plugin. -->","yoast_head_json":{"title":"ABIDERM GEL NETTOYANT SURGRAS VISAGE ET CORPS 200 ML - Paracherkaoui.ma","robots":{"index":"index","follow":"follow","max-snippet":"max-snippet:-1","max-image-preview":"max-image-preview:large","max-video-preview":"max-video-preview:-1"},"canonical":"https:\/\/paracherkaoui.ma\/index.php\/produit\/abiderm-gel-nettoyant-surgras-visage-et-corps-200-ml\/","og_locale":"fr_FR","og_type":"article","og_title":"ABIDERM GEL NETTOYANT SURGRAS VISAGE ET CORPS 200 ML - Paracherkaoui.ma","og_description":"D\u00e9couvrez Abiderm Gel Nettoyant Surgras : le soin parfait pour les peaux s\u00e8ches, fragilis\u00e9es et irrit\u00e9es. Formul\u00e9 sans savon et","og_url":"https:\/\/paracherkaoui.ma\/index.php\/produit\/abiderm-gel-nettoyant-surgras-visage-et-corps-200-ml\/","og_site_name":"Paracherkaoui.ma","article_modified_time":"2025-12-12T17:06:56+00:00","og_image":[{"width":700,"height":700,"url":"https:\/\/paracherkaoui.ma\/wp-content\/uploads\/2025\/12\/abiderm-abiderm-gel-nettoyant-surgras-visage-et-corps-200-ml-demaquillants-et-nettoyants.jpg","type":"image\/jpeg"}],"twitter_card":"summary_large_image","twitter_misc":{"Dur\u00e9e de lecture estim\u00e9e":"1 minute"},"schema":{"@context":"https:\/\/schema.org","@graph":[{"@type":"WebPage","@id":"https:\/\/paracherkaoui.ma\/index.php\/produit\/abiderm-gel-nettoyant-surgras-visage-et-corps-200-ml\/","url":"https:\/\/paracherkaoui.ma\/index.php\/produit\/abiderm-gel-nettoyant-surgras-visage-et-corps-200-ml\/","name":"ABIDERM GEL NETTOYANT SURGRAS VISAGE ET CORPS 200 ML - Paracherkaoui.ma","isPartOf":{"@id":"https:\/\/paracherkaoui.ma\/#website"},"primaryImageOfPage":{"@id":"https:\/\/paracherkaoui.ma\/index.php\/produit\/abiderm-gel-nettoyant-surgras-visage-et-corps-200-ml\/#primaryimage"},"image":{"@id":"https:\/\/paracherkaoui.ma\/index.php\/produit\/abiderm-gel-nettoyant-surgras-visage-et-corps-200-ml\/#primaryimage"},"thumbnailUrl":"https:\/\/paracherkaoui.ma\/wp-content\/uploads\/2025\/12\/abiderm-abiderm-gel-nettoyant-surgras-visage-et-corps-200-ml-demaquillants-et-nettoyants.jpg","datePublished":"2025-12-12T17:06:51+00:00","dateModified":"2025-12-12T17:06:56+00:00","breadcrumb":{"@id":"https:\/\/paracherkaoui.ma\/index.php\/produit\/abiderm-gel-nettoyant-surgras-visage-et-corps-200-ml\/#breadcrumb"},"inLanguage":"fr-FR","potentialAction":[{"@type":"ReadAction","target":["https:\/\/paracherkaoui.ma\/index.php\/produit\/abiderm-gel-nettoyant-surgras-visage-et-corps-200-ml\/"]}]},{"@type":"ImageObject","inLanguage":"fr-FR","@id":"https:\/\/paracherkaoui.ma\/index.php\/produit\/abiderm-gel-nettoyant-surgras-visage-et-corps-200-ml\/#primaryimage","url":"https:\/\/paracherkaoui.ma\/wp-content\/uploads\/2025\/12\/abiderm-abiderm-gel-nettoyant-surgras-visage-et-corps-200-ml-demaquillants-et-nettoyants.jpg","contentUrl":"https:\/\/paracherkaoui.ma\/wp-content\/uploads\/2025\/12\/abiderm-abiderm-gel-nettoyant-surgras-visage-et-corps-200-ml-demaquillants-et-nettoyants.jpg","width":700,"height":700},{"@type":"BreadcrumbList","@id":"https:\/\/paracherkaoui.ma\/index.php\/produit\/abiderm-gel-nettoyant-surgras-visage-et-corps-200-ml\/#breadcrumb","itemListElement":[{"@type":"ListItem","position":1,"name":"Accueil","item":"https:\/\/paracherkaoui.ma\/"},{"@type":"ListItem","position":2,"name":"Boutique","item":"https:\/\/paracherkaoui.ma\/index.php\/boutique\/"},{"@type":"ListItem","position":3,"name":"ABIDERM GEL NETTOYANT SURGRAS VISAGE ET CORPS 200 ML"}]},{"@type":"WebSite","@id":"https:\/\/paracherkaoui.ma\/#website","url":"https:\/\/paracherkaoui.ma\/","name":"Paracherkaoui.ma","description":"Achetez en ligne sur Paracherkaoui.ma","potentialAction":[{"@type":"SearchAction","target":{"@type":"EntryPoint","urlTemplate":"https:\/\/paracherkaoui.ma\/?s={search_term_string}"},"query-input":{"@type":"PropertyValueSpecification","valueRequired":true,"valueName":"search_term_string"}}],"inLanguage":"fr-FR"}]}},"_links":{"self":[{"href":"https:\/\/paracherkaoui.ma\/index.php\/wp-json\/wp\/v2\/product\/21488","targetHints":{"allow":["GET"]}}],"collection":[{"href":"https:\/\/paracherkaoui.ma\/index.php\/wp-json\/wp\/v2\/product"}],"about":[{"href":"https:\/\/paracherkaoui.ma\/index.php\/wp-json\/wp\/v2\/types\/product"}],"replies":[{"embeddable":true,"href":"https:\/\/paracherkaoui.ma\/index.php\/wp-json\/wp\/v2\/comments?post=21488"}],"version-history":[{"count":1,"href":"https:\/\/paracherkaoui.ma\/index.php\/wp-json\/wp\/v2\/product\/21488\/revisions"}],"predecessor-version":[{"id":21546,"href":"https:\/\/paracherkaoui.ma\/index.php\/wp-json\/wp\/v2\/product\/21488\/revisions\/21546"}],"wp:featuredmedia":[{"embeddable":true,"href":"https:\/\/paracherkaoui.ma\/index.php\/wp-json\/wp\/v2\/media\/21545"}],"wp:attachment":[{"href":"https:\/\/paracherkaoui.ma\/index.php\/wp-json\/wp\/v2\/media?parent=21488"}],"wp:term":[{"taxonomy":"product_brand","embeddable":true,"href":"https:\/\/paracherkaoui.ma\/index.php\/wp-json\/wp\/v2\/product_brand?post=21488"},{"taxonomy":"product_cat","embeddable":true,"href":"https:\/\/paracherkaoui.ma\/index.php\/wp-json\/wp\/v2\/product_cat?post=21488"},{"taxonomy":"product_tag","embeddable":true,"href":"https:\/\/paracherkaoui.ma\/index.php\/wp-json\/wp\/v2\/product_tag?post=21488"}],"curies":[{"name":"wp","href":"https:\/\/api.w.org\/{rel}","templated":true}]}}