{"id":21474,"date":"2025-12-12T18:06:50","date_gmt":"2025-12-12T17:06:50","guid":{"rendered":"https:\/\/test.ecbeaute.com\/?post_type=product&#038;p=21474"},"modified":"2025-12-12T18:06:54","modified_gmt":"2025-12-12T17:06:54","slug":"abiderm-gel-nettoyant-purifiant-visage-200-ml","status":"publish","type":"product","link":"https:\/\/paracherkaoui.ma\/index.php\/produit\/abiderm-gel-nettoyant-purifiant-visage-200-ml\/","title":{"rendered":"ABIDERM GEL NETTOYANT PURIFIANT VISAGE 200 ML"},"content":{"rendered":"<p>Gr\u00e2ce \u00e0 ses actifs au pouvoir s\u00e9bo-r\u00e9gulateur, Abiderm gel nettoyant purifiant apaise et restaure le confort cutan\u00e9 de l\u2019\u00e9piderme r\u00e9duisant ainsi de mani\u00e8re significative le nombre d\u2019imperfections.<br \/>\nIl est sp\u00e9cialement adapt\u00e9 aux peaux sensibles, grasses \u00e0 tendance acn\u00e9ique.<br \/>\nINDICATIONS :<br \/>\nNettoie et purifie la peau en douceur. Il \u00e9limine les impuret\u00e9s et l\u2019exc\u00e9s de s\u00e9bum laissant la peau de votre visage propre et radieuse.<br \/>\nCONSEILS D\u2019UTILISATION :<br \/>\nAppliquer sur le visage humide en \u00e9vitant le contour des yeux. Faire mousser avec les bouts des doigts. Rincer \u00e0 l\u2019eau ti\u00e8de puis \u00e0 l\u2019eau fra\u00eeche pour stimuler la peau.<\/p>\n","protected":false},"excerpt":{"rendered":"<p>Gr\u00e2ce \u00e0 ses actifs au pouvoir s\u00e9bo-r\u00e9gulateur, Abiderm gel nettoyant purifiant apaise et restaure le confort cutan\u00e9 de l\u2019\u00e9piderme r\u00e9duisant<\/p>\n","protected":false},"featured_media":21517,"comment_status":"open","ping_status":"closed","template":"","meta":[],"product_brand":[429],"product_cat":[346],"product_tag":[],"class_list":{"0":"post-21474","1":"product","2":"type-product","3":"status-publish","4":"has-post-thumbnail","6":"product_brand-abiderm","7":"product_cat-demaquillants-et-nettoyants","9":"first","10":"instock","11":"sale","12":"shipping-taxable","13":"purchasable","14":"product-type-simple"},"yoast_head":"<!-- This site is optimized with the Yoast SEO plugin v26.6 - https:\/\/yoast.com\/wordpress\/plugins\/seo\/ -->\r\n<title>ABIDERM GEL NETTOYANT PURIFIANT VISAGE 200 ML - Paracherkaoui.ma<\/title>\r\n<meta name=\"robots\" content=\"index, follow, max-snippet:-1, max-image-preview:large, max-video-preview:-1\" \/>\r\n<link rel=\"canonical\" href=\"https:\/\/paracherkaoui.ma\/index.php\/produit\/abiderm-gel-nettoyant-purifiant-visage-200-ml\/\" \/>\r\n<meta property=\"og:locale\" content=\"fr_FR\" \/>\r\n<meta property=\"og:type\" content=\"article\" \/>\r\n<meta property=\"og:title\" content=\"ABIDERM GEL NETTOYANT PURIFIANT VISAGE 200 ML - Paracherkaoui.ma\" \/>\r\n<meta property=\"og:description\" content=\"Gr\u00e2ce \u00e0 ses actifs au pouvoir s\u00e9bo-r\u00e9gulateur, Abiderm gel nettoyant purifiant apaise et restaure le confort cutan\u00e9 de l\u2019\u00e9piderme r\u00e9duisant\" \/>\r\n<meta property=\"og:url\" content=\"https:\/\/paracherkaoui.ma\/index.php\/produit\/abiderm-gel-nettoyant-purifiant-visage-200-ml\/\" \/>\r\n<meta property=\"og:site_name\" content=\"Paracherkaoui.ma\" \/>\r\n<meta property=\"article:modified_time\" content=\"2025-12-12T17:06:54+00:00\" \/>\r\n<meta property=\"og:image\" content=\"https:\/\/paracherkaoui.ma\/wp-content\/uploads\/2025\/12\/abiderm-abiderm-gel-nettoyant-purifiant-visage-200-ml-accueil.jpg\" \/>\r\n\t<meta property=\"og:image:width\" content=\"700\" \/>\r\n\t<meta property=\"og:image:height\" content=\"700\" \/>\r\n\t<meta property=\"og:image:type\" content=\"image\/jpeg\" \/>\r\n<meta name=\"twitter:card\" content=\"summary_large_image\" \/>\r\n<meta name=\"twitter:label1\" content=\"Dur\u00e9e de lecture estim\u00e9e\" \/>\n\t<meta name=\"twitter:data1\" content=\"1 minute\" \/>\r\n<script type=\"application\/ld+json\" class=\"yoast-schema-graph\">{\"@context\":\"https:\/\/schema.org\",\"@graph\":[{\"@type\":\"WebPage\",\"@id\":\"https:\/\/paracherkaoui.ma\/index.php\/produit\/abiderm-gel-nettoyant-purifiant-visage-200-ml\/\",\"url\":\"https:\/\/paracherkaoui.ma\/index.php\/produit\/abiderm-gel-nettoyant-purifiant-visage-200-ml\/\",\"name\":\"ABIDERM GEL NETTOYANT PURIFIANT VISAGE 200 ML - Paracherkaoui.ma\",\"isPartOf\":{\"@id\":\"https:\/\/paracherkaoui.ma\/#website\"},\"primaryImageOfPage\":{\"@id\":\"https:\/\/paracherkaoui.ma\/index.php\/produit\/abiderm-gel-nettoyant-purifiant-visage-200-ml\/#primaryimage\"},\"image\":{\"@id\":\"https:\/\/paracherkaoui.ma\/index.php\/produit\/abiderm-gel-nettoyant-purifiant-visage-200-ml\/#primaryimage\"},\"thumbnailUrl\":\"https:\/\/paracherkaoui.ma\/wp-content\/uploads\/2025\/12\/abiderm-abiderm-gel-nettoyant-purifiant-visage-200-ml-accueil.jpg\",\"datePublished\":\"2025-12-12T17:06:50+00:00\",\"dateModified\":\"2025-12-12T17:06:54+00:00\",\"breadcrumb\":{\"@id\":\"https:\/\/paracherkaoui.ma\/index.php\/produit\/abiderm-gel-nettoyant-purifiant-visage-200-ml\/#breadcrumb\"},\"inLanguage\":\"fr-FR\",\"potentialAction\":[{\"@type\":\"ReadAction\",\"target\":[\"https:\/\/paracherkaoui.ma\/index.php\/produit\/abiderm-gel-nettoyant-purifiant-visage-200-ml\/\"]}]},{\"@type\":\"ImageObject\",\"inLanguage\":\"fr-FR\",\"@id\":\"https:\/\/paracherkaoui.ma\/index.php\/produit\/abiderm-gel-nettoyant-purifiant-visage-200-ml\/#primaryimage\",\"url\":\"https:\/\/paracherkaoui.ma\/wp-content\/uploads\/2025\/12\/abiderm-abiderm-gel-nettoyant-purifiant-visage-200-ml-accueil.jpg\",\"contentUrl\":\"https:\/\/paracherkaoui.ma\/wp-content\/uploads\/2025\/12\/abiderm-abiderm-gel-nettoyant-purifiant-visage-200-ml-accueil.jpg\",\"width\":700,\"height\":700},{\"@type\":\"BreadcrumbList\",\"@id\":\"https:\/\/paracherkaoui.ma\/index.php\/produit\/abiderm-gel-nettoyant-purifiant-visage-200-ml\/#breadcrumb\",\"itemListElement\":[{\"@type\":\"ListItem\",\"position\":1,\"name\":\"Accueil\",\"item\":\"https:\/\/paracherkaoui.ma\/\"},{\"@type\":\"ListItem\",\"position\":2,\"name\":\"Boutique\",\"item\":\"https:\/\/paracherkaoui.ma\/index.php\/boutique\/\"},{\"@type\":\"ListItem\",\"position\":3,\"name\":\"ABIDERM GEL NETTOYANT PURIFIANT VISAGE 200 ML\"}]},{\"@type\":\"WebSite\",\"@id\":\"https:\/\/paracherkaoui.ma\/#website\",\"url\":\"https:\/\/paracherkaoui.ma\/\",\"name\":\"Paracherkaoui.ma\",\"description\":\"Achetez en ligne sur Paracherkaoui.ma\",\"potentialAction\":[{\"@type\":\"SearchAction\",\"target\":{\"@type\":\"EntryPoint\",\"urlTemplate\":\"https:\/\/paracherkaoui.ma\/?s={search_term_string}\"},\"query-input\":{\"@type\":\"PropertyValueSpecification\",\"valueRequired\":true,\"valueName\":\"search_term_string\"}}],\"inLanguage\":\"fr-FR\"}]}<\/script>\r\n<!-- \/ Yoast SEO plugin. -->","yoast_head_json":{"title":"ABIDERM GEL NETTOYANT PURIFIANT VISAGE 200 ML - Paracherkaoui.ma","robots":{"index":"index","follow":"follow","max-snippet":"max-snippet:-1","max-image-preview":"max-image-preview:large","max-video-preview":"max-video-preview:-1"},"canonical":"https:\/\/paracherkaoui.ma\/index.php\/produit\/abiderm-gel-nettoyant-purifiant-visage-200-ml\/","og_locale":"fr_FR","og_type":"article","og_title":"ABIDERM GEL NETTOYANT PURIFIANT VISAGE 200 ML - Paracherkaoui.ma","og_description":"Gr\u00e2ce \u00e0 ses actifs au pouvoir s\u00e9bo-r\u00e9gulateur, Abiderm gel nettoyant purifiant apaise et restaure le confort cutan\u00e9 de l\u2019\u00e9piderme r\u00e9duisant","og_url":"https:\/\/paracherkaoui.ma\/index.php\/produit\/abiderm-gel-nettoyant-purifiant-visage-200-ml\/","og_site_name":"Paracherkaoui.ma","article_modified_time":"2025-12-12T17:06:54+00:00","og_image":[{"width":700,"height":700,"url":"https:\/\/paracherkaoui.ma\/wp-content\/uploads\/2025\/12\/abiderm-abiderm-gel-nettoyant-purifiant-visage-200-ml-accueil.jpg","type":"image\/jpeg"}],"twitter_card":"summary_large_image","twitter_misc":{"Dur\u00e9e de lecture estim\u00e9e":"1 minute"},"schema":{"@context":"https:\/\/schema.org","@graph":[{"@type":"WebPage","@id":"https:\/\/paracherkaoui.ma\/index.php\/produit\/abiderm-gel-nettoyant-purifiant-visage-200-ml\/","url":"https:\/\/paracherkaoui.ma\/index.php\/produit\/abiderm-gel-nettoyant-purifiant-visage-200-ml\/","name":"ABIDERM GEL NETTOYANT PURIFIANT VISAGE 200 ML - Paracherkaoui.ma","isPartOf":{"@id":"https:\/\/paracherkaoui.ma\/#website"},"primaryImageOfPage":{"@id":"https:\/\/paracherkaoui.ma\/index.php\/produit\/abiderm-gel-nettoyant-purifiant-visage-200-ml\/#primaryimage"},"image":{"@id":"https:\/\/paracherkaoui.ma\/index.php\/produit\/abiderm-gel-nettoyant-purifiant-visage-200-ml\/#primaryimage"},"thumbnailUrl":"https:\/\/paracherkaoui.ma\/wp-content\/uploads\/2025\/12\/abiderm-abiderm-gel-nettoyant-purifiant-visage-200-ml-accueil.jpg","datePublished":"2025-12-12T17:06:50+00:00","dateModified":"2025-12-12T17:06:54+00:00","breadcrumb":{"@id":"https:\/\/paracherkaoui.ma\/index.php\/produit\/abiderm-gel-nettoyant-purifiant-visage-200-ml\/#breadcrumb"},"inLanguage":"fr-FR","potentialAction":[{"@type":"ReadAction","target":["https:\/\/paracherkaoui.ma\/index.php\/produit\/abiderm-gel-nettoyant-purifiant-visage-200-ml\/"]}]},{"@type":"ImageObject","inLanguage":"fr-FR","@id":"https:\/\/paracherkaoui.ma\/index.php\/produit\/abiderm-gel-nettoyant-purifiant-visage-200-ml\/#primaryimage","url":"https:\/\/paracherkaoui.ma\/wp-content\/uploads\/2025\/12\/abiderm-abiderm-gel-nettoyant-purifiant-visage-200-ml-accueil.jpg","contentUrl":"https:\/\/paracherkaoui.ma\/wp-content\/uploads\/2025\/12\/abiderm-abiderm-gel-nettoyant-purifiant-visage-200-ml-accueil.jpg","width":700,"height":700},{"@type":"BreadcrumbList","@id":"https:\/\/paracherkaoui.ma\/index.php\/produit\/abiderm-gel-nettoyant-purifiant-visage-200-ml\/#breadcrumb","itemListElement":[{"@type":"ListItem","position":1,"name":"Accueil","item":"https:\/\/paracherkaoui.ma\/"},{"@type":"ListItem","position":2,"name":"Boutique","item":"https:\/\/paracherkaoui.ma\/index.php\/boutique\/"},{"@type":"ListItem","position":3,"name":"ABIDERM GEL NETTOYANT PURIFIANT VISAGE 200 ML"}]},{"@type":"WebSite","@id":"https:\/\/paracherkaoui.ma\/#website","url":"https:\/\/paracherkaoui.ma\/","name":"Paracherkaoui.ma","description":"Achetez en ligne sur Paracherkaoui.ma","potentialAction":[{"@type":"SearchAction","target":{"@type":"EntryPoint","urlTemplate":"https:\/\/paracherkaoui.ma\/?s={search_term_string}"},"query-input":{"@type":"PropertyValueSpecification","valueRequired":true,"valueName":"search_term_string"}}],"inLanguage":"fr-FR"}]}},"_links":{"self":[{"href":"https:\/\/paracherkaoui.ma\/index.php\/wp-json\/wp\/v2\/product\/21474","targetHints":{"allow":["GET"]}}],"collection":[{"href":"https:\/\/paracherkaoui.ma\/index.php\/wp-json\/wp\/v2\/product"}],"about":[{"href":"https:\/\/paracherkaoui.ma\/index.php\/wp-json\/wp\/v2\/types\/product"}],"replies":[{"embeddable":true,"href":"https:\/\/paracherkaoui.ma\/index.php\/wp-json\/wp\/v2\/comments?post=21474"}],"version-history":[{"count":1,"href":"https:\/\/paracherkaoui.ma\/index.php\/wp-json\/wp\/v2\/product\/21474\/revisions"}],"predecessor-version":[{"id":21518,"href":"https:\/\/paracherkaoui.ma\/index.php\/wp-json\/wp\/v2\/product\/21474\/revisions\/21518"}],"wp:featuredmedia":[{"embeddable":true,"href":"https:\/\/paracherkaoui.ma\/index.php\/wp-json\/wp\/v2\/media\/21517"}],"wp:attachment":[{"href":"https:\/\/paracherkaoui.ma\/index.php\/wp-json\/wp\/v2\/media?parent=21474"}],"wp:term":[{"taxonomy":"product_brand","embeddable":true,"href":"https:\/\/paracherkaoui.ma\/index.php\/wp-json\/wp\/v2\/product_brand?post=21474"},{"taxonomy":"product_cat","embeddable":true,"href":"https:\/\/paracherkaoui.ma\/index.php\/wp-json\/wp\/v2\/product_cat?post=21474"},{"taxonomy":"product_tag","embeddable":true,"href":"https:\/\/paracherkaoui.ma\/index.php\/wp-json\/wp\/v2\/product_tag?post=21474"}],"curies":[{"name":"wp","href":"https:\/\/api.w.org\/{rel}","templated":true}]}}