{"id":21472,"date":"2025-12-12T18:06:50","date_gmt":"2025-12-12T17:06:50","guid":{"rendered":"https:\/\/test.ecbeaute.com\/?post_type=product&#038;p=21472"},"modified":"2025-12-12T18:06:54","modified_gmt":"2025-12-12T17:06:54","slug":"patyka-clean-mousse-nettoayante-detox-150-ml","status":"publish","type":"product","link":"https:\/\/paracherkaoui.ma\/index.php\/produit\/patyka-clean-mousse-nettoayante-detox-150-ml\/","title":{"rendered":"PATYKA CLEAN MOUSSE NETTOAYANTE DETOX 150 ML"},"content":{"rendered":"<p>La Mousse Nettoyante D\u00e9tox CLEAN de PATYKA est le deuxi\u00e8me geste incontournable du double nettoyage pour une peau \u00e9clatante et purifi\u00e9e. Con\u00e7ue pour toutes les peaux, m\u00eame les plus sensibles, cette mousse onctueuse \u00e9limine en douceur les impuret\u00e9s et les particules de pollution accumul\u00e9es tout au long de la journ\u00e9e. Gr\u00e2ce \u00e0 sa formule innovante sans savon, elle respecte le film hydrolipidique naturel, pr\u00e9servant ainsi l&rsquo;\u00e9quilibre de la peau pour un nettoyage profond mais doux.<br \/>\nEnrichie en Aloe Vera hydratant et apaisant, elle offre un confort imm\u00e9diat \u00e0 la peau, tout en att\u00e9nuant les sensations de tiraillement. La Mousse Nettoyante D\u00e9tox contient \u00e9galement du Moringa Bio, un actif aux propri\u00e9t\u00e9s d\u00e9toxifiantes puissantes, id\u00e9al pour d\u00e9barrasser la peau des r\u00e9sidus de pollution et lui redonner tout son \u00e9clat. Sa texture l\u00e9g\u00e8re et a\u00e9rienne transforme le nettoyage en un moment de bien-\u00eatre sensoriel, laissant la peau douce, rafra\u00eechie et lumineuse.<br \/>\nJour apr\u00e8s jour, la peau retrouve sa fra\u00eecheur naturelle et un \u00e9clat durable. Adoptez cette mousse comme deuxi\u00e8me \u00e9tape de votre rituel de nettoyage pour un teint net et revitalis\u00e9.<br \/>\nConseils d&rsquo;utilisation :<br \/>\nUtilisez la Mousse Nettoyante D\u00e9tox le soir, apr\u00e8s le premier nettoyage, sur une peau humide.<br \/>\nAppliquez une petite quantit\u00e9 de mousse sur le visage et massez doucement en mouvements circulaires.<br \/>\nRincez abondamment \u00e0 l\u2019eau ti\u00e8de et s\u00e9chez votre visage en tapotant avec une serviette douce<\/p>\n","protected":false},"excerpt":{"rendered":"<p>La Mousse Nettoyante D\u00e9tox CLEAN de PATYKA est le deuxi\u00e8me geste incontournable du double nettoyage pour une peau \u00e9clatante et<\/p>\n","protected":false},"featured_media":21513,"comment_status":"open","ping_status":"closed","template":"","meta":[],"product_brand":[443],"product_cat":[346],"product_tag":[],"class_list":{"0":"post-21472","1":"product","2":"type-product","3":"status-publish","4":"has-post-thumbnail","6":"product_brand-patyka","7":"product_cat-demaquillants-et-nettoyants","9":"first","10":"instock","11":"sale","12":"shipping-taxable","13":"purchasable","14":"product-type-simple"},"yoast_head":"<!-- This site is optimized with the Yoast SEO plugin v26.6 - https:\/\/yoast.com\/wordpress\/plugins\/seo\/ -->\r\n<title>PATYKA CLEAN MOUSSE NETTOAYANTE DETOX 150 ML - Paracherkaoui.ma<\/title>\r\n<meta name=\"robots\" content=\"index, follow, max-snippet:-1, max-image-preview:large, max-video-preview:-1\" \/>\r\n<link rel=\"canonical\" href=\"https:\/\/paracherkaoui.ma\/index.php\/produit\/patyka-clean-mousse-nettoayante-detox-150-ml\/\" \/>\r\n<meta property=\"og:locale\" content=\"fr_FR\" \/>\r\n<meta property=\"og:type\" content=\"article\" \/>\r\n<meta property=\"og:title\" content=\"PATYKA CLEAN MOUSSE NETTOAYANTE DETOX 150 ML - Paracherkaoui.ma\" \/>\r\n<meta property=\"og:description\" content=\"La Mousse Nettoyante D\u00e9tox CLEAN de PATYKA est le deuxi\u00e8me geste incontournable du double nettoyage pour une peau \u00e9clatante et\" \/>\r\n<meta property=\"og:url\" content=\"https:\/\/paracherkaoui.ma\/index.php\/produit\/patyka-clean-mousse-nettoayante-detox-150-ml\/\" \/>\r\n<meta property=\"og:site_name\" content=\"Paracherkaoui.ma\" \/>\r\n<meta property=\"article:modified_time\" content=\"2025-12-12T17:06:54+00:00\" \/>\r\n<meta property=\"og:image\" content=\"https:\/\/paracherkaoui.ma\/wp-content\/uploads\/2025\/12\/patyka-patyka-clean-mousse-nettoayante-detox-150-ml-demaquillants-et-nettoyants.jpg\" \/>\r\n\t<meta property=\"og:image:width\" content=\"700\" \/>\r\n\t<meta property=\"og:image:height\" content=\"700\" \/>\r\n\t<meta property=\"og:image:type\" content=\"image\/jpeg\" \/>\r\n<meta name=\"twitter:card\" content=\"summary_large_image\" \/>\r\n<meta name=\"twitter:label1\" content=\"Dur\u00e9e de lecture estim\u00e9e\" \/>\n\t<meta name=\"twitter:data1\" content=\"1 minute\" \/>\r\n<script type=\"application\/ld+json\" class=\"yoast-schema-graph\">{\"@context\":\"https:\/\/schema.org\",\"@graph\":[{\"@type\":\"WebPage\",\"@id\":\"https:\/\/paracherkaoui.ma\/index.php\/produit\/patyka-clean-mousse-nettoayante-detox-150-ml\/\",\"url\":\"https:\/\/paracherkaoui.ma\/index.php\/produit\/patyka-clean-mousse-nettoayante-detox-150-ml\/\",\"name\":\"PATYKA CLEAN MOUSSE NETTOAYANTE DETOX 150 ML - Paracherkaoui.ma\",\"isPartOf\":{\"@id\":\"https:\/\/paracherkaoui.ma\/#website\"},\"primaryImageOfPage\":{\"@id\":\"https:\/\/paracherkaoui.ma\/index.php\/produit\/patyka-clean-mousse-nettoayante-detox-150-ml\/#primaryimage\"},\"image\":{\"@id\":\"https:\/\/paracherkaoui.ma\/index.php\/produit\/patyka-clean-mousse-nettoayante-detox-150-ml\/#primaryimage\"},\"thumbnailUrl\":\"https:\/\/paracherkaoui.ma\/wp-content\/uploads\/2025\/12\/patyka-patyka-clean-mousse-nettoayante-detox-150-ml-demaquillants-et-nettoyants.jpg\",\"datePublished\":\"2025-12-12T17:06:50+00:00\",\"dateModified\":\"2025-12-12T17:06:54+00:00\",\"breadcrumb\":{\"@id\":\"https:\/\/paracherkaoui.ma\/index.php\/produit\/patyka-clean-mousse-nettoayante-detox-150-ml\/#breadcrumb\"},\"inLanguage\":\"fr-FR\",\"potentialAction\":[{\"@type\":\"ReadAction\",\"target\":[\"https:\/\/paracherkaoui.ma\/index.php\/produit\/patyka-clean-mousse-nettoayante-detox-150-ml\/\"]}]},{\"@type\":\"ImageObject\",\"inLanguage\":\"fr-FR\",\"@id\":\"https:\/\/paracherkaoui.ma\/index.php\/produit\/patyka-clean-mousse-nettoayante-detox-150-ml\/#primaryimage\",\"url\":\"https:\/\/paracherkaoui.ma\/wp-content\/uploads\/2025\/12\/patyka-patyka-clean-mousse-nettoayante-detox-150-ml-demaquillants-et-nettoyants.jpg\",\"contentUrl\":\"https:\/\/paracherkaoui.ma\/wp-content\/uploads\/2025\/12\/patyka-patyka-clean-mousse-nettoayante-detox-150-ml-demaquillants-et-nettoyants.jpg\",\"width\":700,\"height\":700},{\"@type\":\"BreadcrumbList\",\"@id\":\"https:\/\/paracherkaoui.ma\/index.php\/produit\/patyka-clean-mousse-nettoayante-detox-150-ml\/#breadcrumb\",\"itemListElement\":[{\"@type\":\"ListItem\",\"position\":1,\"name\":\"Accueil\",\"item\":\"https:\/\/paracherkaoui.ma\/\"},{\"@type\":\"ListItem\",\"position\":2,\"name\":\"Boutique\",\"item\":\"https:\/\/paracherkaoui.ma\/index.php\/boutique\/\"},{\"@type\":\"ListItem\",\"position\":3,\"name\":\"PATYKA CLEAN MOUSSE NETTOAYANTE DETOX 150 ML\"}]},{\"@type\":\"WebSite\",\"@id\":\"https:\/\/paracherkaoui.ma\/#website\",\"url\":\"https:\/\/paracherkaoui.ma\/\",\"name\":\"Paracherkaoui.ma\",\"description\":\"Achetez en ligne sur Paracherkaoui.ma\",\"potentialAction\":[{\"@type\":\"SearchAction\",\"target\":{\"@type\":\"EntryPoint\",\"urlTemplate\":\"https:\/\/paracherkaoui.ma\/?s={search_term_string}\"},\"query-input\":{\"@type\":\"PropertyValueSpecification\",\"valueRequired\":true,\"valueName\":\"search_term_string\"}}],\"inLanguage\":\"fr-FR\"}]}<\/script>\r\n<!-- \/ Yoast SEO plugin. -->","yoast_head_json":{"title":"PATYKA CLEAN MOUSSE NETTOAYANTE DETOX 150 ML - Paracherkaoui.ma","robots":{"index":"index","follow":"follow","max-snippet":"max-snippet:-1","max-image-preview":"max-image-preview:large","max-video-preview":"max-video-preview:-1"},"canonical":"https:\/\/paracherkaoui.ma\/index.php\/produit\/patyka-clean-mousse-nettoayante-detox-150-ml\/","og_locale":"fr_FR","og_type":"article","og_title":"PATYKA CLEAN MOUSSE NETTOAYANTE DETOX 150 ML - Paracherkaoui.ma","og_description":"La Mousse Nettoyante D\u00e9tox CLEAN de PATYKA est le deuxi\u00e8me geste incontournable du double nettoyage pour une peau \u00e9clatante et","og_url":"https:\/\/paracherkaoui.ma\/index.php\/produit\/patyka-clean-mousse-nettoayante-detox-150-ml\/","og_site_name":"Paracherkaoui.ma","article_modified_time":"2025-12-12T17:06:54+00:00","og_image":[{"width":700,"height":700,"url":"https:\/\/paracherkaoui.ma\/wp-content\/uploads\/2025\/12\/patyka-patyka-clean-mousse-nettoayante-detox-150-ml-demaquillants-et-nettoyants.jpg","type":"image\/jpeg"}],"twitter_card":"summary_large_image","twitter_misc":{"Dur\u00e9e de lecture estim\u00e9e":"1 minute"},"schema":{"@context":"https:\/\/schema.org","@graph":[{"@type":"WebPage","@id":"https:\/\/paracherkaoui.ma\/index.php\/produit\/patyka-clean-mousse-nettoayante-detox-150-ml\/","url":"https:\/\/paracherkaoui.ma\/index.php\/produit\/patyka-clean-mousse-nettoayante-detox-150-ml\/","name":"PATYKA CLEAN MOUSSE NETTOAYANTE DETOX 150 ML - Paracherkaoui.ma","isPartOf":{"@id":"https:\/\/paracherkaoui.ma\/#website"},"primaryImageOfPage":{"@id":"https:\/\/paracherkaoui.ma\/index.php\/produit\/patyka-clean-mousse-nettoayante-detox-150-ml\/#primaryimage"},"image":{"@id":"https:\/\/paracherkaoui.ma\/index.php\/produit\/patyka-clean-mousse-nettoayante-detox-150-ml\/#primaryimage"},"thumbnailUrl":"https:\/\/paracherkaoui.ma\/wp-content\/uploads\/2025\/12\/patyka-patyka-clean-mousse-nettoayante-detox-150-ml-demaquillants-et-nettoyants.jpg","datePublished":"2025-12-12T17:06:50+00:00","dateModified":"2025-12-12T17:06:54+00:00","breadcrumb":{"@id":"https:\/\/paracherkaoui.ma\/index.php\/produit\/patyka-clean-mousse-nettoayante-detox-150-ml\/#breadcrumb"},"inLanguage":"fr-FR","potentialAction":[{"@type":"ReadAction","target":["https:\/\/paracherkaoui.ma\/index.php\/produit\/patyka-clean-mousse-nettoayante-detox-150-ml\/"]}]},{"@type":"ImageObject","inLanguage":"fr-FR","@id":"https:\/\/paracherkaoui.ma\/index.php\/produit\/patyka-clean-mousse-nettoayante-detox-150-ml\/#primaryimage","url":"https:\/\/paracherkaoui.ma\/wp-content\/uploads\/2025\/12\/patyka-patyka-clean-mousse-nettoayante-detox-150-ml-demaquillants-et-nettoyants.jpg","contentUrl":"https:\/\/paracherkaoui.ma\/wp-content\/uploads\/2025\/12\/patyka-patyka-clean-mousse-nettoayante-detox-150-ml-demaquillants-et-nettoyants.jpg","width":700,"height":700},{"@type":"BreadcrumbList","@id":"https:\/\/paracherkaoui.ma\/index.php\/produit\/patyka-clean-mousse-nettoayante-detox-150-ml\/#breadcrumb","itemListElement":[{"@type":"ListItem","position":1,"name":"Accueil","item":"https:\/\/paracherkaoui.ma\/"},{"@type":"ListItem","position":2,"name":"Boutique","item":"https:\/\/paracherkaoui.ma\/index.php\/boutique\/"},{"@type":"ListItem","position":3,"name":"PATYKA CLEAN MOUSSE NETTOAYANTE DETOX 150 ML"}]},{"@type":"WebSite","@id":"https:\/\/paracherkaoui.ma\/#website","url":"https:\/\/paracherkaoui.ma\/","name":"Paracherkaoui.ma","description":"Achetez en ligne sur Paracherkaoui.ma","potentialAction":[{"@type":"SearchAction","target":{"@type":"EntryPoint","urlTemplate":"https:\/\/paracherkaoui.ma\/?s={search_term_string}"},"query-input":{"@type":"PropertyValueSpecification","valueRequired":true,"valueName":"search_term_string"}}],"inLanguage":"fr-FR"}]}},"_links":{"self":[{"href":"https:\/\/paracherkaoui.ma\/index.php\/wp-json\/wp\/v2\/product\/21472","targetHints":{"allow":["GET"]}}],"collection":[{"href":"https:\/\/paracherkaoui.ma\/index.php\/wp-json\/wp\/v2\/product"}],"about":[{"href":"https:\/\/paracherkaoui.ma\/index.php\/wp-json\/wp\/v2\/types\/product"}],"replies":[{"embeddable":true,"href":"https:\/\/paracherkaoui.ma\/index.php\/wp-json\/wp\/v2\/comments?post=21472"}],"version-history":[{"count":1,"href":"https:\/\/paracherkaoui.ma\/index.php\/wp-json\/wp\/v2\/product\/21472\/revisions"}],"predecessor-version":[{"id":21514,"href":"https:\/\/paracherkaoui.ma\/index.php\/wp-json\/wp\/v2\/product\/21472\/revisions\/21514"}],"wp:featuredmedia":[{"embeddable":true,"href":"https:\/\/paracherkaoui.ma\/index.php\/wp-json\/wp\/v2\/media\/21513"}],"wp:attachment":[{"href":"https:\/\/paracherkaoui.ma\/index.php\/wp-json\/wp\/v2\/media?parent=21472"}],"wp:term":[{"taxonomy":"product_brand","embeddable":true,"href":"https:\/\/paracherkaoui.ma\/index.php\/wp-json\/wp\/v2\/product_brand?post=21472"},{"taxonomy":"product_cat","embeddable":true,"href":"https:\/\/paracherkaoui.ma\/index.php\/wp-json\/wp\/v2\/product_cat?post=21472"},{"taxonomy":"product_tag","embeddable":true,"href":"https:\/\/paracherkaoui.ma\/index.php\/wp-json\/wp\/v2\/product_tag?post=21472"}],"curies":[{"name":"wp","href":"https:\/\/api.w.org\/{rel}","templated":true}]}}