{"id":21470,"date":"2025-12-12T18:06:50","date_gmt":"2025-12-12T17:06:50","guid":{"rendered":"https:\/\/test.ecbeaute.com\/?post_type=product&#038;p=21470"},"modified":"2025-12-12T18:06:53","modified_gmt":"2025-12-12T17:06:53","slug":"isispharma-aquaruboril-solution-micellaire-demaquillante-apaisante-250-ml","status":"publish","type":"product","link":"https:\/\/paracherkaoui.ma\/index.php\/produit\/isispharma-aquaruboril-solution-micellaire-demaquillante-apaisante-250-ml\/","title":{"rendered":"ISISPHARMA AQUARUBORIL SOLUTION MICELLAIRE DEMAQUILLANTE APAISANTE 250 ML"},"content":{"rendered":"<p>Isispharma AQUARUBORIL Solution micellaire d\u00e9maquillante a \u00e9t\u00e9 sp\u00e9cialement d\u00e9velopp\u00e9 pour les peaux sensibles et r\u00e9actives. Enrichi en actifs apaisants, elle nettoie et d\u00e9maquille en douceur VISAGE &#038; YEUX tout en participant au maintien de l\u2019\u00e9quilibre naturel de la peau. Excellente tol\u00e9rance cutan\u00e9e et oculaire.<\/p>\n<p>PROPRI\u00c9T\u00c9S DES INGR\u00c9DIENTS PRINCIPAUX<\/p>\n<p>\u2022\u00a0EXTRAIT DE FICAIRE FAUSSE-RENONCULE\u00a0: apaise, adoucit et poss\u00e8de des propri\u00e9t\u00e9s anti-rougeurs<\/p>\n<p>\u2022\u00a0DISTILLAT DE CAMOMILLE ROMAINE: apaise et adoucit<\/p>\n<p>UTILISATION<\/p>\n<p>Appliquer\u00a0AQUARUBORIL\u00ae\u00a0matin et soir \u00e0 l\u2019aide d\u2019un coton sur le visage et les yeux. Sans rin\u00e7age.<\/p>\n<p>SANS SAVON\u2022 SANS PARFUM\u00a0 \u2022 PH PHYSIOLOGIQUE \u2022 HYPOALLERG\u00c9NIQUE<\/p>\n<p>TEST\u00c9 SOUS CONTR\u00d4LE DERMATOLOGIQUE ET OPHTALMOLOGIQUE<\/p>\n","protected":false},"excerpt":{"rendered":"<p>Isispharma AQUARUBORIL Solution micellaire d\u00e9maquillante a \u00e9t\u00e9 sp\u00e9cialement d\u00e9velopp\u00e9 pour les peaux sensibles et r\u00e9actives. Enrichi en actifs apaisants, elle<\/p>\n","protected":false},"featured_media":21509,"comment_status":"open","ping_status":"closed","template":"","meta":[],"product_brand":[321],"product_cat":[346],"product_tag":[],"class_list":{"0":"post-21470","1":"product","2":"type-product","3":"status-publish","4":"has-post-thumbnail","6":"product_brand-isispharma","7":"product_cat-demaquillants-et-nettoyants","9":"first","10":"instock","11":"sale","12":"shipping-taxable","13":"purchasable","14":"product-type-simple"},"yoast_head":"<!-- This site is optimized with the Yoast SEO plugin v26.6 - https:\/\/yoast.com\/wordpress\/plugins\/seo\/ -->\r\n<title>ISISPHARMA AQUARUBORIL SOLUTION MICELLAIRE DEMAQUILLANTE APAISANTE 250 ML - Paracherkaoui.ma<\/title>\r\n<meta name=\"robots\" content=\"index, follow, max-snippet:-1, max-image-preview:large, max-video-preview:-1\" \/>\r\n<link rel=\"canonical\" href=\"https:\/\/paracherkaoui.ma\/index.php\/produit\/isispharma-aquaruboril-solution-micellaire-demaquillante-apaisante-250-ml\/\" \/>\r\n<meta property=\"og:locale\" content=\"fr_FR\" \/>\r\n<meta property=\"og:type\" content=\"article\" \/>\r\n<meta property=\"og:title\" content=\"ISISPHARMA AQUARUBORIL SOLUTION MICELLAIRE DEMAQUILLANTE APAISANTE 250 ML - Paracherkaoui.ma\" \/>\r\n<meta property=\"og:description\" content=\"Isispharma AQUARUBORIL Solution micellaire d\u00e9maquillante a \u00e9t\u00e9 sp\u00e9cialement d\u00e9velopp\u00e9 pour les peaux sensibles et r\u00e9actives. Enrichi en actifs apaisants, elle\" \/>\r\n<meta property=\"og:url\" content=\"https:\/\/paracherkaoui.ma\/index.php\/produit\/isispharma-aquaruboril-solution-micellaire-demaquillante-apaisante-250-ml\/\" \/>\r\n<meta property=\"og:site_name\" content=\"Paracherkaoui.ma\" \/>\r\n<meta property=\"article:modified_time\" content=\"2025-12-12T17:06:53+00:00\" \/>\r\n<meta property=\"og:image\" content=\"https:\/\/paracherkaoui.ma\/wp-content\/uploads\/2025\/12\/isispharma-isispharma-aquaruboril-solution-micellaire-demaquillante-apaisante-250-ml-nettoyants-visage.jpg\" \/>\r\n\t<meta property=\"og:image:width\" content=\"700\" \/>\r\n\t<meta property=\"og:image:height\" content=\"700\" \/>\r\n\t<meta property=\"og:image:type\" content=\"image\/jpeg\" \/>\r\n<meta name=\"twitter:card\" content=\"summary_large_image\" \/>\r\n<meta name=\"twitter:label1\" content=\"Dur\u00e9e de lecture estim\u00e9e\" \/>\n\t<meta name=\"twitter:data1\" content=\"1 minute\" \/>\r\n<script type=\"application\/ld+json\" class=\"yoast-schema-graph\">{\"@context\":\"https:\/\/schema.org\",\"@graph\":[{\"@type\":\"WebPage\",\"@id\":\"https:\/\/paracherkaoui.ma\/index.php\/produit\/isispharma-aquaruboril-solution-micellaire-demaquillante-apaisante-250-ml\/\",\"url\":\"https:\/\/paracherkaoui.ma\/index.php\/produit\/isispharma-aquaruboril-solution-micellaire-demaquillante-apaisante-250-ml\/\",\"name\":\"ISISPHARMA AQUARUBORIL SOLUTION MICELLAIRE DEMAQUILLANTE APAISANTE 250 ML - Paracherkaoui.ma\",\"isPartOf\":{\"@id\":\"https:\/\/paracherkaoui.ma\/#website\"},\"primaryImageOfPage\":{\"@id\":\"https:\/\/paracherkaoui.ma\/index.php\/produit\/isispharma-aquaruboril-solution-micellaire-demaquillante-apaisante-250-ml\/#primaryimage\"},\"image\":{\"@id\":\"https:\/\/paracherkaoui.ma\/index.php\/produit\/isispharma-aquaruboril-solution-micellaire-demaquillante-apaisante-250-ml\/#primaryimage\"},\"thumbnailUrl\":\"https:\/\/paracherkaoui.ma\/wp-content\/uploads\/2025\/12\/isispharma-isispharma-aquaruboril-solution-micellaire-demaquillante-apaisante-250-ml-nettoyants-visage.jpg\",\"datePublished\":\"2025-12-12T17:06:50+00:00\",\"dateModified\":\"2025-12-12T17:06:53+00:00\",\"breadcrumb\":{\"@id\":\"https:\/\/paracherkaoui.ma\/index.php\/produit\/isispharma-aquaruboril-solution-micellaire-demaquillante-apaisante-250-ml\/#breadcrumb\"},\"inLanguage\":\"fr-FR\",\"potentialAction\":[{\"@type\":\"ReadAction\",\"target\":[\"https:\/\/paracherkaoui.ma\/index.php\/produit\/isispharma-aquaruboril-solution-micellaire-demaquillante-apaisante-250-ml\/\"]}]},{\"@type\":\"ImageObject\",\"inLanguage\":\"fr-FR\",\"@id\":\"https:\/\/paracherkaoui.ma\/index.php\/produit\/isispharma-aquaruboril-solution-micellaire-demaquillante-apaisante-250-ml\/#primaryimage\",\"url\":\"https:\/\/paracherkaoui.ma\/wp-content\/uploads\/2025\/12\/isispharma-isispharma-aquaruboril-solution-micellaire-demaquillante-apaisante-250-ml-nettoyants-visage.jpg\",\"contentUrl\":\"https:\/\/paracherkaoui.ma\/wp-content\/uploads\/2025\/12\/isispharma-isispharma-aquaruboril-solution-micellaire-demaquillante-apaisante-250-ml-nettoyants-visage.jpg\",\"width\":700,\"height\":700},{\"@type\":\"BreadcrumbList\",\"@id\":\"https:\/\/paracherkaoui.ma\/index.php\/produit\/isispharma-aquaruboril-solution-micellaire-demaquillante-apaisante-250-ml\/#breadcrumb\",\"itemListElement\":[{\"@type\":\"ListItem\",\"position\":1,\"name\":\"Accueil\",\"item\":\"https:\/\/paracherkaoui.ma\/\"},{\"@type\":\"ListItem\",\"position\":2,\"name\":\"Boutique\",\"item\":\"https:\/\/paracherkaoui.ma\/index.php\/boutique\/\"},{\"@type\":\"ListItem\",\"position\":3,\"name\":\"ISISPHARMA AQUARUBORIL SOLUTION MICELLAIRE DEMAQUILLANTE APAISANTE 250 ML\"}]},{\"@type\":\"WebSite\",\"@id\":\"https:\/\/paracherkaoui.ma\/#website\",\"url\":\"https:\/\/paracherkaoui.ma\/\",\"name\":\"Paracherkaoui.ma\",\"description\":\"Achetez en ligne sur Paracherkaoui.ma\",\"potentialAction\":[{\"@type\":\"SearchAction\",\"target\":{\"@type\":\"EntryPoint\",\"urlTemplate\":\"https:\/\/paracherkaoui.ma\/?s={search_term_string}\"},\"query-input\":{\"@type\":\"PropertyValueSpecification\",\"valueRequired\":true,\"valueName\":\"search_term_string\"}}],\"inLanguage\":\"fr-FR\"}]}<\/script>\r\n<!-- \/ Yoast SEO plugin. -->","yoast_head_json":{"title":"ISISPHARMA AQUARUBORIL SOLUTION MICELLAIRE DEMAQUILLANTE APAISANTE 250 ML - Paracherkaoui.ma","robots":{"index":"index","follow":"follow","max-snippet":"max-snippet:-1","max-image-preview":"max-image-preview:large","max-video-preview":"max-video-preview:-1"},"canonical":"https:\/\/paracherkaoui.ma\/index.php\/produit\/isispharma-aquaruboril-solution-micellaire-demaquillante-apaisante-250-ml\/","og_locale":"fr_FR","og_type":"article","og_title":"ISISPHARMA AQUARUBORIL SOLUTION MICELLAIRE DEMAQUILLANTE APAISANTE 250 ML - Paracherkaoui.ma","og_description":"Isispharma AQUARUBORIL Solution micellaire d\u00e9maquillante a \u00e9t\u00e9 sp\u00e9cialement d\u00e9velopp\u00e9 pour les peaux sensibles et r\u00e9actives. Enrichi en actifs apaisants, elle","og_url":"https:\/\/paracherkaoui.ma\/index.php\/produit\/isispharma-aquaruboril-solution-micellaire-demaquillante-apaisante-250-ml\/","og_site_name":"Paracherkaoui.ma","article_modified_time":"2025-12-12T17:06:53+00:00","og_image":[{"width":700,"height":700,"url":"https:\/\/paracherkaoui.ma\/wp-content\/uploads\/2025\/12\/isispharma-isispharma-aquaruboril-solution-micellaire-demaquillante-apaisante-250-ml-nettoyants-visage.jpg","type":"image\/jpeg"}],"twitter_card":"summary_large_image","twitter_misc":{"Dur\u00e9e de lecture estim\u00e9e":"1 minute"},"schema":{"@context":"https:\/\/schema.org","@graph":[{"@type":"WebPage","@id":"https:\/\/paracherkaoui.ma\/index.php\/produit\/isispharma-aquaruboril-solution-micellaire-demaquillante-apaisante-250-ml\/","url":"https:\/\/paracherkaoui.ma\/index.php\/produit\/isispharma-aquaruboril-solution-micellaire-demaquillante-apaisante-250-ml\/","name":"ISISPHARMA AQUARUBORIL SOLUTION MICELLAIRE DEMAQUILLANTE APAISANTE 250 ML - Paracherkaoui.ma","isPartOf":{"@id":"https:\/\/paracherkaoui.ma\/#website"},"primaryImageOfPage":{"@id":"https:\/\/paracherkaoui.ma\/index.php\/produit\/isispharma-aquaruboril-solution-micellaire-demaquillante-apaisante-250-ml\/#primaryimage"},"image":{"@id":"https:\/\/paracherkaoui.ma\/index.php\/produit\/isispharma-aquaruboril-solution-micellaire-demaquillante-apaisante-250-ml\/#primaryimage"},"thumbnailUrl":"https:\/\/paracherkaoui.ma\/wp-content\/uploads\/2025\/12\/isispharma-isispharma-aquaruboril-solution-micellaire-demaquillante-apaisante-250-ml-nettoyants-visage.jpg","datePublished":"2025-12-12T17:06:50+00:00","dateModified":"2025-12-12T17:06:53+00:00","breadcrumb":{"@id":"https:\/\/paracherkaoui.ma\/index.php\/produit\/isispharma-aquaruboril-solution-micellaire-demaquillante-apaisante-250-ml\/#breadcrumb"},"inLanguage":"fr-FR","potentialAction":[{"@type":"ReadAction","target":["https:\/\/paracherkaoui.ma\/index.php\/produit\/isispharma-aquaruboril-solution-micellaire-demaquillante-apaisante-250-ml\/"]}]},{"@type":"ImageObject","inLanguage":"fr-FR","@id":"https:\/\/paracherkaoui.ma\/index.php\/produit\/isispharma-aquaruboril-solution-micellaire-demaquillante-apaisante-250-ml\/#primaryimage","url":"https:\/\/paracherkaoui.ma\/wp-content\/uploads\/2025\/12\/isispharma-isispharma-aquaruboril-solution-micellaire-demaquillante-apaisante-250-ml-nettoyants-visage.jpg","contentUrl":"https:\/\/paracherkaoui.ma\/wp-content\/uploads\/2025\/12\/isispharma-isispharma-aquaruboril-solution-micellaire-demaquillante-apaisante-250-ml-nettoyants-visage.jpg","width":700,"height":700},{"@type":"BreadcrumbList","@id":"https:\/\/paracherkaoui.ma\/index.php\/produit\/isispharma-aquaruboril-solution-micellaire-demaquillante-apaisante-250-ml\/#breadcrumb","itemListElement":[{"@type":"ListItem","position":1,"name":"Accueil","item":"https:\/\/paracherkaoui.ma\/"},{"@type":"ListItem","position":2,"name":"Boutique","item":"https:\/\/paracherkaoui.ma\/index.php\/boutique\/"},{"@type":"ListItem","position":3,"name":"ISISPHARMA AQUARUBORIL SOLUTION MICELLAIRE DEMAQUILLANTE APAISANTE 250 ML"}]},{"@type":"WebSite","@id":"https:\/\/paracherkaoui.ma\/#website","url":"https:\/\/paracherkaoui.ma\/","name":"Paracherkaoui.ma","description":"Achetez en ligne sur Paracherkaoui.ma","potentialAction":[{"@type":"SearchAction","target":{"@type":"EntryPoint","urlTemplate":"https:\/\/paracherkaoui.ma\/?s={search_term_string}"},"query-input":{"@type":"PropertyValueSpecification","valueRequired":true,"valueName":"search_term_string"}}],"inLanguage":"fr-FR"}]}},"_links":{"self":[{"href":"https:\/\/paracherkaoui.ma\/index.php\/wp-json\/wp\/v2\/product\/21470","targetHints":{"allow":["GET"]}}],"collection":[{"href":"https:\/\/paracherkaoui.ma\/index.php\/wp-json\/wp\/v2\/product"}],"about":[{"href":"https:\/\/paracherkaoui.ma\/index.php\/wp-json\/wp\/v2\/types\/product"}],"replies":[{"embeddable":true,"href":"https:\/\/paracherkaoui.ma\/index.php\/wp-json\/wp\/v2\/comments?post=21470"}],"version-history":[{"count":1,"href":"https:\/\/paracherkaoui.ma\/index.php\/wp-json\/wp\/v2\/product\/21470\/revisions"}],"predecessor-version":[{"id":21510,"href":"https:\/\/paracherkaoui.ma\/index.php\/wp-json\/wp\/v2\/product\/21470\/revisions\/21510"}],"wp:featuredmedia":[{"embeddable":true,"href":"https:\/\/paracherkaoui.ma\/index.php\/wp-json\/wp\/v2\/media\/21509"}],"wp:attachment":[{"href":"https:\/\/paracherkaoui.ma\/index.php\/wp-json\/wp\/v2\/media?parent=21470"}],"wp:term":[{"taxonomy":"product_brand","embeddable":true,"href":"https:\/\/paracherkaoui.ma\/index.php\/wp-json\/wp\/v2\/product_brand?post=21470"},{"taxonomy":"product_cat","embeddable":true,"href":"https:\/\/paracherkaoui.ma\/index.php\/wp-json\/wp\/v2\/product_cat?post=21470"},{"taxonomy":"product_tag","embeddable":true,"href":"https:\/\/paracherkaoui.ma\/index.php\/wp-json\/wp\/v2\/product_tag?post=21470"}],"curies":[{"name":"wp","href":"https:\/\/api.w.org\/{rel}","templated":true}]}}