{"id":21399,"date":"2025-12-12T18:06:40","date_gmt":"2025-12-12T17:06:40","guid":{"rendered":"https:\/\/test.ecbeaute.com\/?post_type=product&#038;p=21399"},"modified":"2025-12-12T18:06:49","modified_gmt":"2025-12-12T17:06:49","slug":"filorga-skin-prep-solution-micellaire-400ml","status":"publish","type":"product","link":"https:\/\/paracherkaoui.ma\/index.php\/produit\/filorga-skin-prep-solution-micellaire-400ml\/","title":{"rendered":"FILORGA SKIN PREP SOLUTION MICELLAIRE 400ML"},"content":{"rendered":"<p>La SOLUTION MICELLAIRE visage et yeux de Filorga est une v\u00e9ritable prouesse cosm\u00e9tique, une eau d\u00e9maquillante 3-en-1 con\u00e7ue pour simplifier votre routine beaut\u00e9 sans jamais faire de compromis sur l&rsquo;efficacit\u00e9. Qu&rsquo;il s&rsquo;agisse de retirer le maquillage le plus tenace, les impuret\u00e9s accumul\u00e9es durant la journ\u00e9e, ou simplement de rafra\u00eechir votre teint, cette eau micellaire est votre alli\u00e9e indispensable.<br \/>\nAu c\u0153ur de sa formule innovante, Filorga a int\u00e9gr\u00e9 des actifs hydratants et apaisants de pointe : le tr\u00e9halose et le rhamnose. Le tr\u00e9halose, un disaccharide naturel, est r\u00e9put\u00e9 pour sa capacit\u00e9 \u00e0 prot\u00e9ger les cellules cutan\u00e9es du stress et \u00e0 maintenir un niveau d&rsquo;hydratation optimal. Le rhamnose, un sucre aux propri\u00e9t\u00e9s apaisantes, contribue \u00e0 calmer les irritations et \u00e0 r\u00e9duire les rougeurs, laissant la peau confortable et douce. Gr\u00e2ce \u00e0 cette combinaison experte, votre peau ne se contente pas d&rsquo;\u00eatre nettoy\u00e9e ; elle est choy\u00e9e, laissant une sensation de bien-\u00eatre et un aspect visiblement rajeuni. Elle laisse le visage parfaitement nettoy\u00e9, une base impeccable qui pr\u00e9pare id\u00e9alement la peau \u00e0 recevoir et \u00e0 maximiser les bienfaits de vos soins quotidiens (s\u00e9rums, cr\u00e8mes).<br \/>\nSa texture liquide est un plaisir \u00e0 utiliser : l\u00e9g\u00e8re, fra\u00eeche, elle glisse sur la peau, capturant toutes les impuret\u00e9s sans effort. Et pour le plus grand respect de votre \u00e9piderme, cette eau micellaire est sans parfum, minimisant ainsi les risques d&rsquo;allergies ou de r\u00e9actions, ce qui la rend parfaitement adapt\u00e9e \u00e0 tous les types de peaux, m\u00eame les plus sensibles et r\u00e9actives.<br \/>\nConseils d&rsquo;utilisation :<br \/>\nLa SOLUTION MICELLAIRE s&rsquo;utilise matin et soir et s&rsquo;associe avec chaque soin.<br \/>\nAppliquer sur un coton.<br \/>\nRenouveler l\u2019application jusqu\u2019\u00e0 ce que le coton soit parfaitement propre.<br \/>\nIl n&rsquo;est pas n\u00e9cessaire de rincer son visage apr\u00e8s application.<br \/>\nComposition :<br \/>\nAQUA (WATER, EAU), PROPANEDIOL, SODIUM CITRATE, TREHALOSE, DISODIUM EDTA, PEG-6 CAPRYLIC\/CAPRIC GLYCERIDES, ZINC PCA, CETRIMONIUM BROMIDE, CITRIC ACID, RHAMNOSE, GLUCOSE, GLUCURONIC ACID<\/p>\n","protected":false},"excerpt":{"rendered":"<p>La SOLUTION MICELLAIRE visage et yeux de Filorga est une v\u00e9ritable prouesse cosm\u00e9tique, une eau d\u00e9maquillante 3-en-1 con\u00e7ue pour simplifier<\/p>\n","protected":false},"featured_media":21457,"comment_status":"open","ping_status":"closed","template":"","meta":[],"product_brand":[141],"product_cat":[346],"product_tag":[],"class_list":{"0":"post-21399","1":"product","2":"type-product","3":"status-publish","4":"has-post-thumbnail","6":"product_brand-filorga","7":"product_cat-demaquillants-et-nettoyants","9":"first","10":"instock","11":"sale","12":"shipping-taxable","13":"purchasable","14":"product-type-simple"},"yoast_head":"<!-- This site is optimized with the Yoast SEO plugin v26.6 - https:\/\/yoast.com\/wordpress\/plugins\/seo\/ -->\r\n<title>FILORGA SKIN PREP SOLUTION MICELLAIRE 400ML - Paracherkaoui.ma<\/title>\r\n<meta name=\"robots\" content=\"index, follow, max-snippet:-1, max-image-preview:large, max-video-preview:-1\" \/>\r\n<link rel=\"canonical\" href=\"https:\/\/paracherkaoui.ma\/index.php\/produit\/filorga-skin-prep-solution-micellaire-400ml\/\" \/>\r\n<meta property=\"og:locale\" content=\"fr_FR\" \/>\r\n<meta property=\"og:type\" content=\"article\" \/>\r\n<meta property=\"og:title\" content=\"FILORGA SKIN PREP SOLUTION MICELLAIRE 400ML - Paracherkaoui.ma\" \/>\r\n<meta property=\"og:description\" content=\"La SOLUTION MICELLAIRE visage et yeux de Filorga est une v\u00e9ritable prouesse cosm\u00e9tique, une eau d\u00e9maquillante 3-en-1 con\u00e7ue pour simplifier\" \/>\r\n<meta property=\"og:url\" content=\"https:\/\/paracherkaoui.ma\/index.php\/produit\/filorga-skin-prep-solution-micellaire-400ml\/\" \/>\r\n<meta property=\"og:site_name\" content=\"Paracherkaoui.ma\" \/>\r\n<meta property=\"article:modified_time\" content=\"2025-12-12T17:06:49+00:00\" \/>\r\n<meta property=\"og:image\" content=\"https:\/\/paracherkaoui.ma\/wp-content\/uploads\/2025\/12\/filorga-skin-prep-solution-micellaire-400ml.jpg\" \/>\r\n\t<meta property=\"og:image:width\" content=\"700\" \/>\r\n\t<meta property=\"og:image:height\" content=\"700\" \/>\r\n\t<meta property=\"og:image:type\" content=\"image\/jpeg\" \/>\r\n<meta name=\"twitter:card\" content=\"summary_large_image\" \/>\r\n<meta name=\"twitter:label1\" content=\"Dur\u00e9e de lecture estim\u00e9e\" \/>\n\t<meta name=\"twitter:data1\" content=\"2 minutes\" \/>\r\n<script type=\"application\/ld+json\" class=\"yoast-schema-graph\">{\"@context\":\"https:\/\/schema.org\",\"@graph\":[{\"@type\":\"WebPage\",\"@id\":\"https:\/\/paracherkaoui.ma\/index.php\/produit\/filorga-skin-prep-solution-micellaire-400ml\/\",\"url\":\"https:\/\/paracherkaoui.ma\/index.php\/produit\/filorga-skin-prep-solution-micellaire-400ml\/\",\"name\":\"FILORGA SKIN PREP SOLUTION MICELLAIRE 400ML - Paracherkaoui.ma\",\"isPartOf\":{\"@id\":\"https:\/\/paracherkaoui.ma\/#website\"},\"primaryImageOfPage\":{\"@id\":\"https:\/\/paracherkaoui.ma\/index.php\/produit\/filorga-skin-prep-solution-micellaire-400ml\/#primaryimage\"},\"image\":{\"@id\":\"https:\/\/paracherkaoui.ma\/index.php\/produit\/filorga-skin-prep-solution-micellaire-400ml\/#primaryimage\"},\"thumbnailUrl\":\"https:\/\/paracherkaoui.ma\/wp-content\/uploads\/2025\/12\/filorga-skin-prep-solution-micellaire-400ml.jpg\",\"datePublished\":\"2025-12-12T17:06:40+00:00\",\"dateModified\":\"2025-12-12T17:06:49+00:00\",\"breadcrumb\":{\"@id\":\"https:\/\/paracherkaoui.ma\/index.php\/produit\/filorga-skin-prep-solution-micellaire-400ml\/#breadcrumb\"},\"inLanguage\":\"fr-FR\",\"potentialAction\":[{\"@type\":\"ReadAction\",\"target\":[\"https:\/\/paracherkaoui.ma\/index.php\/produit\/filorga-skin-prep-solution-micellaire-400ml\/\"]}]},{\"@type\":\"ImageObject\",\"inLanguage\":\"fr-FR\",\"@id\":\"https:\/\/paracherkaoui.ma\/index.php\/produit\/filorga-skin-prep-solution-micellaire-400ml\/#primaryimage\",\"url\":\"https:\/\/paracherkaoui.ma\/wp-content\/uploads\/2025\/12\/filorga-skin-prep-solution-micellaire-400ml.jpg\",\"contentUrl\":\"https:\/\/paracherkaoui.ma\/wp-content\/uploads\/2025\/12\/filorga-skin-prep-solution-micellaire-400ml.jpg\",\"width\":700,\"height\":700},{\"@type\":\"BreadcrumbList\",\"@id\":\"https:\/\/paracherkaoui.ma\/index.php\/produit\/filorga-skin-prep-solution-micellaire-400ml\/#breadcrumb\",\"itemListElement\":[{\"@type\":\"ListItem\",\"position\":1,\"name\":\"Accueil\",\"item\":\"https:\/\/paracherkaoui.ma\/\"},{\"@type\":\"ListItem\",\"position\":2,\"name\":\"Boutique\",\"item\":\"https:\/\/paracherkaoui.ma\/index.php\/boutique\/\"},{\"@type\":\"ListItem\",\"position\":3,\"name\":\"FILORGA SKIN PREP SOLUTION MICELLAIRE 400ML\"}]},{\"@type\":\"WebSite\",\"@id\":\"https:\/\/paracherkaoui.ma\/#website\",\"url\":\"https:\/\/paracherkaoui.ma\/\",\"name\":\"Paracherkaoui.ma\",\"description\":\"Achetez en ligne sur Paracherkaoui.ma\",\"potentialAction\":[{\"@type\":\"SearchAction\",\"target\":{\"@type\":\"EntryPoint\",\"urlTemplate\":\"https:\/\/paracherkaoui.ma\/?s={search_term_string}\"},\"query-input\":{\"@type\":\"PropertyValueSpecification\",\"valueRequired\":true,\"valueName\":\"search_term_string\"}}],\"inLanguage\":\"fr-FR\"}]}<\/script>\r\n<!-- \/ Yoast SEO plugin. -->","yoast_head_json":{"title":"FILORGA SKIN PREP SOLUTION MICELLAIRE 400ML - Paracherkaoui.ma","robots":{"index":"index","follow":"follow","max-snippet":"max-snippet:-1","max-image-preview":"max-image-preview:large","max-video-preview":"max-video-preview:-1"},"canonical":"https:\/\/paracherkaoui.ma\/index.php\/produit\/filorga-skin-prep-solution-micellaire-400ml\/","og_locale":"fr_FR","og_type":"article","og_title":"FILORGA SKIN PREP SOLUTION MICELLAIRE 400ML - Paracherkaoui.ma","og_description":"La SOLUTION MICELLAIRE visage et yeux de Filorga est une v\u00e9ritable prouesse cosm\u00e9tique, une eau d\u00e9maquillante 3-en-1 con\u00e7ue pour simplifier","og_url":"https:\/\/paracherkaoui.ma\/index.php\/produit\/filorga-skin-prep-solution-micellaire-400ml\/","og_site_name":"Paracherkaoui.ma","article_modified_time":"2025-12-12T17:06:49+00:00","og_image":[{"width":700,"height":700,"url":"https:\/\/paracherkaoui.ma\/wp-content\/uploads\/2025\/12\/filorga-skin-prep-solution-micellaire-400ml.jpg","type":"image\/jpeg"}],"twitter_card":"summary_large_image","twitter_misc":{"Dur\u00e9e de lecture estim\u00e9e":"2 minutes"},"schema":{"@context":"https:\/\/schema.org","@graph":[{"@type":"WebPage","@id":"https:\/\/paracherkaoui.ma\/index.php\/produit\/filorga-skin-prep-solution-micellaire-400ml\/","url":"https:\/\/paracherkaoui.ma\/index.php\/produit\/filorga-skin-prep-solution-micellaire-400ml\/","name":"FILORGA SKIN PREP SOLUTION MICELLAIRE 400ML - Paracherkaoui.ma","isPartOf":{"@id":"https:\/\/paracherkaoui.ma\/#website"},"primaryImageOfPage":{"@id":"https:\/\/paracherkaoui.ma\/index.php\/produit\/filorga-skin-prep-solution-micellaire-400ml\/#primaryimage"},"image":{"@id":"https:\/\/paracherkaoui.ma\/index.php\/produit\/filorga-skin-prep-solution-micellaire-400ml\/#primaryimage"},"thumbnailUrl":"https:\/\/paracherkaoui.ma\/wp-content\/uploads\/2025\/12\/filorga-skin-prep-solution-micellaire-400ml.jpg","datePublished":"2025-12-12T17:06:40+00:00","dateModified":"2025-12-12T17:06:49+00:00","breadcrumb":{"@id":"https:\/\/paracherkaoui.ma\/index.php\/produit\/filorga-skin-prep-solution-micellaire-400ml\/#breadcrumb"},"inLanguage":"fr-FR","potentialAction":[{"@type":"ReadAction","target":["https:\/\/paracherkaoui.ma\/index.php\/produit\/filorga-skin-prep-solution-micellaire-400ml\/"]}]},{"@type":"ImageObject","inLanguage":"fr-FR","@id":"https:\/\/paracherkaoui.ma\/index.php\/produit\/filorga-skin-prep-solution-micellaire-400ml\/#primaryimage","url":"https:\/\/paracherkaoui.ma\/wp-content\/uploads\/2025\/12\/filorga-skin-prep-solution-micellaire-400ml.jpg","contentUrl":"https:\/\/paracherkaoui.ma\/wp-content\/uploads\/2025\/12\/filorga-skin-prep-solution-micellaire-400ml.jpg","width":700,"height":700},{"@type":"BreadcrumbList","@id":"https:\/\/paracherkaoui.ma\/index.php\/produit\/filorga-skin-prep-solution-micellaire-400ml\/#breadcrumb","itemListElement":[{"@type":"ListItem","position":1,"name":"Accueil","item":"https:\/\/paracherkaoui.ma\/"},{"@type":"ListItem","position":2,"name":"Boutique","item":"https:\/\/paracherkaoui.ma\/index.php\/boutique\/"},{"@type":"ListItem","position":3,"name":"FILORGA SKIN PREP SOLUTION MICELLAIRE 400ML"}]},{"@type":"WebSite","@id":"https:\/\/paracherkaoui.ma\/#website","url":"https:\/\/paracherkaoui.ma\/","name":"Paracherkaoui.ma","description":"Achetez en ligne sur Paracherkaoui.ma","potentialAction":[{"@type":"SearchAction","target":{"@type":"EntryPoint","urlTemplate":"https:\/\/paracherkaoui.ma\/?s={search_term_string}"},"query-input":{"@type":"PropertyValueSpecification","valueRequired":true,"valueName":"search_term_string"}}],"inLanguage":"fr-FR"}]}},"_links":{"self":[{"href":"https:\/\/paracherkaoui.ma\/index.php\/wp-json\/wp\/v2\/product\/21399","targetHints":{"allow":["GET"]}}],"collection":[{"href":"https:\/\/paracherkaoui.ma\/index.php\/wp-json\/wp\/v2\/product"}],"about":[{"href":"https:\/\/paracherkaoui.ma\/index.php\/wp-json\/wp\/v2\/types\/product"}],"replies":[{"embeddable":true,"href":"https:\/\/paracherkaoui.ma\/index.php\/wp-json\/wp\/v2\/comments?post=21399"}],"version-history":[{"count":1,"href":"https:\/\/paracherkaoui.ma\/index.php\/wp-json\/wp\/v2\/product\/21399\/revisions"}],"predecessor-version":[{"id":21458,"href":"https:\/\/paracherkaoui.ma\/index.php\/wp-json\/wp\/v2\/product\/21399\/revisions\/21458"}],"wp:featuredmedia":[{"embeddable":true,"href":"https:\/\/paracherkaoui.ma\/index.php\/wp-json\/wp\/v2\/media\/21457"}],"wp:attachment":[{"href":"https:\/\/paracherkaoui.ma\/index.php\/wp-json\/wp\/v2\/media?parent=21399"}],"wp:term":[{"taxonomy":"product_brand","embeddable":true,"href":"https:\/\/paracherkaoui.ma\/index.php\/wp-json\/wp\/v2\/product_brand?post=21399"},{"taxonomy":"product_cat","embeddable":true,"href":"https:\/\/paracherkaoui.ma\/index.php\/wp-json\/wp\/v2\/product_cat?post=21399"},{"taxonomy":"product_tag","embeddable":true,"href":"https:\/\/paracherkaoui.ma\/index.php\/wp-json\/wp\/v2\/product_tag?post=21399"}],"curies":[{"name":"wp","href":"https:\/\/api.w.org\/{rel}","templated":true}]}}