{"id":21398,"date":"2025-12-12T18:06:40","date_gmt":"2025-12-12T17:06:40","guid":{"rendered":"https:\/\/test.ecbeaute.com\/?post_type=product&#038;p=21398"},"modified":"2025-12-12T18:06:49","modified_gmt":"2025-12-12T17:06:49","slug":"mesoestetic-demaquillant-biphase-150ml","status":"publish","type":"product","link":"https:\/\/paracherkaoui.ma\/index.php\/produit\/mesoestetic-demaquillant-biphase-150ml\/","title":{"rendered":"MESOESTETIC DEMAQUILLANT BIPHASE 150ML"},"content":{"rendered":"<p>Sa formule biphasique innovante, con\u00e7ue sp\u00e9cifiquement pour les zones d\u00e9licates des yeux et des l\u00e8vres, retire efficacement le maquillage le plus tenace, m\u00eame waterproof, sans laisser le moindre r\u00e9sidu gras.<br \/>\nImaginez la sensation d&rsquo;une peau propre, fra\u00eeche et apais\u00e9e, m\u00eame apr\u00e8s une longue journ\u00e9e de maquillage intense. Le secret de cette efficacit\u00e9 r\u00e9side dans sa composition unique. La phase huileuse, enrichie en huile de graine de tournesol, dissout instantan\u00e9ment et en douceur le maquillage waterproof, tandis que la phase aqueuse, gorg\u00e9e de micelles, encapsule d\u00e9licatement les impuret\u00e9s et les pigments. Ce duo puissant assure un d\u00e9maquillage sans effort, pr\u00e9servant la fragilit\u00e9 de votre contour des yeux et de vos l\u00e8vres.<br \/>\nMais le Mesoestetic D\u00e9maquillant Biphase va bien au-del\u00e0 d&rsquo;un simple nettoyage. Il int\u00e8gre une action bio\u00e9quilibrante gr\u00e2ce \u00e0 un actif postbiotique, le Lactobacillus Ferment. Obtenu par fermentation d&rsquo;une bact\u00e9rie b\u00e9n\u00e9fique, cet actif favorise l&rsquo;\u00e9quilibre du microbiote cutan\u00e9, cette flore microscopique essentielle \u00e0 la sant\u00e9 de votre peau. Un microbiote \u00e9quilibr\u00e9, c&rsquo;est une barri\u00e8re cutan\u00e9e renforc\u00e9e et pr\u00e9serv\u00e9e dans des conditions optimales, capable de mieux se d\u00e9fendre contre les agressions ext\u00e9rieures. De plus, chaque formule Mesoestetic poss\u00e8de un pH l\u00e9g\u00e8rement acide qui maintient cet \u00e9quilibre et prot\u00e8ge la peau des micro-organismes pathog\u00e8nes ind\u00e9sirables.<br \/>\nConseils d&rsquo;utilisation :<br \/>\nAvant chaque utilisation, agitez bien le flacon pour m\u00e9langer les deux phases du produit. C&rsquo;est essentiel pour activer tous les ingr\u00e9dients.<br \/>\nComposition :<br \/>\nAqua, Isododecane, Hydrogenated Polyisobutene, Dimethicone, Propanediol, Pentylene Glycol, Glycerin, 1,2-Hexanediol, Maltooligosyl Glucoside, Sodium Chloride, Lactobacillus Ferment, Plankton Extract, Alteromonas Ferment Extract, Helianthus Annuus Seed Oil, Tocopherol, Maltodextrin, Hydrogenated Starch Hydrolysate, Butylene Glycol, Decyl Glucoside, Tetrasodium EDTA, Disodium Phosphate, Sodium Phosphate<\/p>\n","protected":false},"excerpt":{"rendered":"<p>Sa formule biphasique innovante, con\u00e7ue sp\u00e9cifiquement pour les zones d\u00e9licates des yeux et des l\u00e8vres, retire efficacement le maquillage le<\/p>\n","protected":false},"featured_media":21455,"comment_status":"open","ping_status":"closed","template":"","meta":[],"product_brand":[399],"product_cat":[346],"product_tag":[],"class_list":{"0":"post-21398","1":"product","2":"type-product","3":"status-publish","4":"has-post-thumbnail","6":"product_brand-mesoestetic","7":"product_cat-demaquillants-et-nettoyants","9":"first","10":"instock","11":"sale","12":"shipping-taxable","13":"purchasable","14":"product-type-simple"},"yoast_head":"<!-- This site is optimized with the Yoast SEO plugin v26.6 - https:\/\/yoast.com\/wordpress\/plugins\/seo\/ -->\r\n<title>MESOESTETIC DEMAQUILLANT BIPHASE 150ML - Paracherkaoui.ma<\/title>\r\n<meta name=\"robots\" content=\"index, follow, max-snippet:-1, max-image-preview:large, max-video-preview:-1\" \/>\r\n<link rel=\"canonical\" href=\"https:\/\/paracherkaoui.ma\/index.php\/produit\/mesoestetic-demaquillant-biphase-150ml\/\" \/>\r\n<meta property=\"og:locale\" content=\"fr_FR\" \/>\r\n<meta property=\"og:type\" content=\"article\" \/>\r\n<meta property=\"og:title\" content=\"MESOESTETIC DEMAQUILLANT BIPHASE 150ML - Paracherkaoui.ma\" \/>\r\n<meta property=\"og:description\" content=\"Sa formule biphasique innovante, con\u00e7ue sp\u00e9cifiquement pour les zones d\u00e9licates des yeux et des l\u00e8vres, retire efficacement le maquillage le\" \/>\r\n<meta property=\"og:url\" content=\"https:\/\/paracherkaoui.ma\/index.php\/produit\/mesoestetic-demaquillant-biphase-150ml\/\" \/>\r\n<meta property=\"og:site_name\" content=\"Paracherkaoui.ma\" \/>\r\n<meta property=\"article:modified_time\" content=\"2025-12-12T17:06:49+00:00\" \/>\r\n<meta property=\"og:image\" content=\"https:\/\/paracherkaoui.ma\/wp-content\/uploads\/2025\/12\/mesoestetic-demaquillant-biphase-150ml.jpg\" \/>\r\n\t<meta property=\"og:image:width\" content=\"700\" \/>\r\n\t<meta property=\"og:image:height\" content=\"700\" \/>\r\n\t<meta property=\"og:image:type\" content=\"image\/jpeg\" \/>\r\n<meta name=\"twitter:card\" content=\"summary_large_image\" \/>\r\n<meta name=\"twitter:label1\" content=\"Dur\u00e9e de lecture estim\u00e9e\" \/>\n\t<meta name=\"twitter:data1\" content=\"2 minutes\" \/>\r\n<script type=\"application\/ld+json\" class=\"yoast-schema-graph\">{\"@context\":\"https:\/\/schema.org\",\"@graph\":[{\"@type\":\"WebPage\",\"@id\":\"https:\/\/paracherkaoui.ma\/index.php\/produit\/mesoestetic-demaquillant-biphase-150ml\/\",\"url\":\"https:\/\/paracherkaoui.ma\/index.php\/produit\/mesoestetic-demaquillant-biphase-150ml\/\",\"name\":\"MESOESTETIC DEMAQUILLANT BIPHASE 150ML - Paracherkaoui.ma\",\"isPartOf\":{\"@id\":\"https:\/\/paracherkaoui.ma\/#website\"},\"primaryImageOfPage\":{\"@id\":\"https:\/\/paracherkaoui.ma\/index.php\/produit\/mesoestetic-demaquillant-biphase-150ml\/#primaryimage\"},\"image\":{\"@id\":\"https:\/\/paracherkaoui.ma\/index.php\/produit\/mesoestetic-demaquillant-biphase-150ml\/#primaryimage\"},\"thumbnailUrl\":\"https:\/\/paracherkaoui.ma\/wp-content\/uploads\/2025\/12\/mesoestetic-demaquillant-biphase-150ml.jpg\",\"datePublished\":\"2025-12-12T17:06:40+00:00\",\"dateModified\":\"2025-12-12T17:06:49+00:00\",\"breadcrumb\":{\"@id\":\"https:\/\/paracherkaoui.ma\/index.php\/produit\/mesoestetic-demaquillant-biphase-150ml\/#breadcrumb\"},\"inLanguage\":\"fr-FR\",\"potentialAction\":[{\"@type\":\"ReadAction\",\"target\":[\"https:\/\/paracherkaoui.ma\/index.php\/produit\/mesoestetic-demaquillant-biphase-150ml\/\"]}]},{\"@type\":\"ImageObject\",\"inLanguage\":\"fr-FR\",\"@id\":\"https:\/\/paracherkaoui.ma\/index.php\/produit\/mesoestetic-demaquillant-biphase-150ml\/#primaryimage\",\"url\":\"https:\/\/paracherkaoui.ma\/wp-content\/uploads\/2025\/12\/mesoestetic-demaquillant-biphase-150ml.jpg\",\"contentUrl\":\"https:\/\/paracherkaoui.ma\/wp-content\/uploads\/2025\/12\/mesoestetic-demaquillant-biphase-150ml.jpg\",\"width\":700,\"height\":700},{\"@type\":\"BreadcrumbList\",\"@id\":\"https:\/\/paracherkaoui.ma\/index.php\/produit\/mesoestetic-demaquillant-biphase-150ml\/#breadcrumb\",\"itemListElement\":[{\"@type\":\"ListItem\",\"position\":1,\"name\":\"Accueil\",\"item\":\"https:\/\/paracherkaoui.ma\/\"},{\"@type\":\"ListItem\",\"position\":2,\"name\":\"Boutique\",\"item\":\"https:\/\/paracherkaoui.ma\/index.php\/boutique\/\"},{\"@type\":\"ListItem\",\"position\":3,\"name\":\"MESOESTETIC DEMAQUILLANT BIPHASE 150ML\"}]},{\"@type\":\"WebSite\",\"@id\":\"https:\/\/paracherkaoui.ma\/#website\",\"url\":\"https:\/\/paracherkaoui.ma\/\",\"name\":\"Paracherkaoui.ma\",\"description\":\"Achetez en ligne sur Paracherkaoui.ma\",\"potentialAction\":[{\"@type\":\"SearchAction\",\"target\":{\"@type\":\"EntryPoint\",\"urlTemplate\":\"https:\/\/paracherkaoui.ma\/?s={search_term_string}\"},\"query-input\":{\"@type\":\"PropertyValueSpecification\",\"valueRequired\":true,\"valueName\":\"search_term_string\"}}],\"inLanguage\":\"fr-FR\"}]}<\/script>\r\n<!-- \/ Yoast SEO plugin. -->","yoast_head_json":{"title":"MESOESTETIC DEMAQUILLANT BIPHASE 150ML - Paracherkaoui.ma","robots":{"index":"index","follow":"follow","max-snippet":"max-snippet:-1","max-image-preview":"max-image-preview:large","max-video-preview":"max-video-preview:-1"},"canonical":"https:\/\/paracherkaoui.ma\/index.php\/produit\/mesoestetic-demaquillant-biphase-150ml\/","og_locale":"fr_FR","og_type":"article","og_title":"MESOESTETIC DEMAQUILLANT BIPHASE 150ML - Paracherkaoui.ma","og_description":"Sa formule biphasique innovante, con\u00e7ue sp\u00e9cifiquement pour les zones d\u00e9licates des yeux et des l\u00e8vres, retire efficacement le maquillage le","og_url":"https:\/\/paracherkaoui.ma\/index.php\/produit\/mesoestetic-demaquillant-biphase-150ml\/","og_site_name":"Paracherkaoui.ma","article_modified_time":"2025-12-12T17:06:49+00:00","og_image":[{"width":700,"height":700,"url":"https:\/\/paracherkaoui.ma\/wp-content\/uploads\/2025\/12\/mesoestetic-demaquillant-biphase-150ml.jpg","type":"image\/jpeg"}],"twitter_card":"summary_large_image","twitter_misc":{"Dur\u00e9e de lecture estim\u00e9e":"2 minutes"},"schema":{"@context":"https:\/\/schema.org","@graph":[{"@type":"WebPage","@id":"https:\/\/paracherkaoui.ma\/index.php\/produit\/mesoestetic-demaquillant-biphase-150ml\/","url":"https:\/\/paracherkaoui.ma\/index.php\/produit\/mesoestetic-demaquillant-biphase-150ml\/","name":"MESOESTETIC DEMAQUILLANT BIPHASE 150ML - Paracherkaoui.ma","isPartOf":{"@id":"https:\/\/paracherkaoui.ma\/#website"},"primaryImageOfPage":{"@id":"https:\/\/paracherkaoui.ma\/index.php\/produit\/mesoestetic-demaquillant-biphase-150ml\/#primaryimage"},"image":{"@id":"https:\/\/paracherkaoui.ma\/index.php\/produit\/mesoestetic-demaquillant-biphase-150ml\/#primaryimage"},"thumbnailUrl":"https:\/\/paracherkaoui.ma\/wp-content\/uploads\/2025\/12\/mesoestetic-demaquillant-biphase-150ml.jpg","datePublished":"2025-12-12T17:06:40+00:00","dateModified":"2025-12-12T17:06:49+00:00","breadcrumb":{"@id":"https:\/\/paracherkaoui.ma\/index.php\/produit\/mesoestetic-demaquillant-biphase-150ml\/#breadcrumb"},"inLanguage":"fr-FR","potentialAction":[{"@type":"ReadAction","target":["https:\/\/paracherkaoui.ma\/index.php\/produit\/mesoestetic-demaquillant-biphase-150ml\/"]}]},{"@type":"ImageObject","inLanguage":"fr-FR","@id":"https:\/\/paracherkaoui.ma\/index.php\/produit\/mesoestetic-demaquillant-biphase-150ml\/#primaryimage","url":"https:\/\/paracherkaoui.ma\/wp-content\/uploads\/2025\/12\/mesoestetic-demaquillant-biphase-150ml.jpg","contentUrl":"https:\/\/paracherkaoui.ma\/wp-content\/uploads\/2025\/12\/mesoestetic-demaquillant-biphase-150ml.jpg","width":700,"height":700},{"@type":"BreadcrumbList","@id":"https:\/\/paracherkaoui.ma\/index.php\/produit\/mesoestetic-demaquillant-biphase-150ml\/#breadcrumb","itemListElement":[{"@type":"ListItem","position":1,"name":"Accueil","item":"https:\/\/paracherkaoui.ma\/"},{"@type":"ListItem","position":2,"name":"Boutique","item":"https:\/\/paracherkaoui.ma\/index.php\/boutique\/"},{"@type":"ListItem","position":3,"name":"MESOESTETIC DEMAQUILLANT BIPHASE 150ML"}]},{"@type":"WebSite","@id":"https:\/\/paracherkaoui.ma\/#website","url":"https:\/\/paracherkaoui.ma\/","name":"Paracherkaoui.ma","description":"Achetez en ligne sur Paracherkaoui.ma","potentialAction":[{"@type":"SearchAction","target":{"@type":"EntryPoint","urlTemplate":"https:\/\/paracherkaoui.ma\/?s={search_term_string}"},"query-input":{"@type":"PropertyValueSpecification","valueRequired":true,"valueName":"search_term_string"}}],"inLanguage":"fr-FR"}]}},"_links":{"self":[{"href":"https:\/\/paracherkaoui.ma\/index.php\/wp-json\/wp\/v2\/product\/21398","targetHints":{"allow":["GET"]}}],"collection":[{"href":"https:\/\/paracherkaoui.ma\/index.php\/wp-json\/wp\/v2\/product"}],"about":[{"href":"https:\/\/paracherkaoui.ma\/index.php\/wp-json\/wp\/v2\/types\/product"}],"replies":[{"embeddable":true,"href":"https:\/\/paracherkaoui.ma\/index.php\/wp-json\/wp\/v2\/comments?post=21398"}],"version-history":[{"count":1,"href":"https:\/\/paracherkaoui.ma\/index.php\/wp-json\/wp\/v2\/product\/21398\/revisions"}],"predecessor-version":[{"id":21456,"href":"https:\/\/paracherkaoui.ma\/index.php\/wp-json\/wp\/v2\/product\/21398\/revisions\/21456"}],"wp:featuredmedia":[{"embeddable":true,"href":"https:\/\/paracherkaoui.ma\/index.php\/wp-json\/wp\/v2\/media\/21455"}],"wp:attachment":[{"href":"https:\/\/paracherkaoui.ma\/index.php\/wp-json\/wp\/v2\/media?parent=21398"}],"wp:term":[{"taxonomy":"product_brand","embeddable":true,"href":"https:\/\/paracherkaoui.ma\/index.php\/wp-json\/wp\/v2\/product_brand?post=21398"},{"taxonomy":"product_cat","embeddable":true,"href":"https:\/\/paracherkaoui.ma\/index.php\/wp-json\/wp\/v2\/product_cat?post=21398"},{"taxonomy":"product_tag","embeddable":true,"href":"https:\/\/paracherkaoui.ma\/index.php\/wp-json\/wp\/v2\/product_tag?post=21398"}],"curies":[{"name":"wp","href":"https:\/\/api.w.org\/{rel}","templated":true}]}}