{"id":21387,"date":"2025-12-12T18:06:39","date_gmt":"2025-12-12T17:06:39","guid":{"rendered":"https:\/\/test.ecbeaute.com\/?post_type=product&#038;p=21387"},"modified":"2025-12-12T18:06:44","modified_gmt":"2025-12-12T17:06:44","slug":"la-roche-posay-lipikar-surgras-creme-lavante-recharge-400-ml","status":"publish","type":"product","link":"https:\/\/paracherkaoui.ma\/index.php\/produit\/la-roche-posay-lipikar-surgras-creme-lavante-recharge-400-ml\/","title":{"rendered":"LA ROCHE POSAY LIPIKAR SURGRAS CREME LAVANTE RECHARGE 400 ML"},"content":{"rendered":"<p>Gr\u00e2ce \u00e0 sa formule enrichie en concentr\u00e9 surgras (10 %) et en Niacinamide, elle nettoie en douceur sans dess\u00e9cher, tout en renfor\u00e7ant la barri\u00e8re cutan\u00e9e. Son action apaisante soulage les sensations d&rsquo;inconfort et laisse la peau souple, nourrie et prot\u00e9g\u00e9e. Sans savon, ne pique pas les yeux, et convient \u00e0 toutes les zones sensibles du corps : visage, corps, cuir chevelu et m\u00eame zones intimes.<br \/>\nId\u00e9ale pour l\u2019usage quotidien, cette cr\u00e8me lavante est \u00e9galement parfum\u00e9e pour une sensation de fra\u00eecheur, tout en restant douce et tol\u00e9rante. Son format de 400 ml en \u00e9co-recharge en fait une solution plus \u00e9cologique, tout en garantissant une utilisation prolong\u00e9e.<br \/>\nConseils d&rsquo;utilisation<br \/>\nAppliquez une noisette de cr\u00e8me sur peau mouill\u00e9e.<br \/>\nMassez d\u00e9licatement sur le visage, corps ou cuir chevelu.<br \/>\nRincez soigneusement \u00e0 l\u2019eau claire.<br \/>\nPour une hydratation optimale, poursuivez avec le lait corps Lipikar.<br \/>\nComposition<br \/>\nAqua \/ Water \/ Eau, PEG-7 Glyceryl Cocoate, Disodium Cocoamphodiacetate, Coco-Betaine, Sodium Laureth Sulfate, PEG-60 Hydrogenated Castor Oil, PEG-200 Hydrogenated Glyceryl Palmate, Glycol Distearate, PPG-5-Ceteth-20, Glycerin, Citric Acid, Sodium Hydroxide, Niacinamide, Ceteareth-60 Myristyl Glycol, PEG-55 Propylene Glycol Oleate, PEG-75 Shea Butter Glycerides, Polyquaternium-7, Propylene Glycol, Sodium Chloride, Sodium Benzoate, Parfum \/ Fragrance (F.I.L. C254949\/1)<br \/>\nOffrez \u00e0 votre peau une routine de soin douce, protectrice et sensorielle avec La Roche-Posay Lipikar Surgras Cr\u00e8me Lavante 400 ml, l\u2019alli\u00e9 des peaux sensibles au quotidien.<\/p>\n","protected":false},"excerpt":{"rendered":"<p>Gr\u00e2ce \u00e0 sa formule enrichie en concentr\u00e9 surgras (10 %) et en Niacinamide, elle nettoie en douceur sans dess\u00e9cher, tout<\/p>\n","protected":false},"featured_media":21433,"comment_status":"open","ping_status":"closed","template":"","meta":[],"product_brand":[132],"product_cat":[346],"product_tag":[],"class_list":{"0":"post-21387","1":"product","2":"type-product","3":"status-publish","4":"has-post-thumbnail","6":"product_brand-la-roche-posay","7":"product_cat-demaquillants-et-nettoyants","9":"first","10":"instock","11":"sale","12":"shipping-taxable","13":"purchasable","14":"product-type-simple"},"yoast_head":"<!-- This site is optimized with the Yoast SEO plugin v26.6 - https:\/\/yoast.com\/wordpress\/plugins\/seo\/ -->\r\n<title>LA ROCHE POSAY LIPIKAR SURGRAS CREME LAVANTE RECHARGE 400 ML - Paracherkaoui.ma<\/title>\r\n<meta name=\"robots\" content=\"index, follow, max-snippet:-1, max-image-preview:large, max-video-preview:-1\" \/>\r\n<link rel=\"canonical\" href=\"https:\/\/paracherkaoui.ma\/index.php\/produit\/la-roche-posay-lipikar-surgras-creme-lavante-recharge-400-ml\/\" \/>\r\n<meta property=\"og:locale\" content=\"fr_FR\" \/>\r\n<meta property=\"og:type\" content=\"article\" \/>\r\n<meta property=\"og:title\" content=\"LA ROCHE POSAY LIPIKAR SURGRAS CREME LAVANTE RECHARGE 400 ML - Paracherkaoui.ma\" \/>\r\n<meta property=\"og:description\" content=\"Gr\u00e2ce \u00e0 sa formule enrichie en concentr\u00e9 surgras (10 %) et en Niacinamide, elle nettoie en douceur sans dess\u00e9cher, tout\" \/>\r\n<meta property=\"og:url\" content=\"https:\/\/paracherkaoui.ma\/index.php\/produit\/la-roche-posay-lipikar-surgras-creme-lavante-recharge-400-ml\/\" \/>\r\n<meta property=\"og:site_name\" content=\"Paracherkaoui.ma\" \/>\r\n<meta property=\"article:modified_time\" content=\"2025-12-12T17:06:44+00:00\" \/>\r\n<meta property=\"og:image\" content=\"https:\/\/paracherkaoui.ma\/wp-content\/uploads\/2025\/12\/la-roche-posay-la-roche-posay-lipikar-surgras-creme-lavante-recharge-400-ml-demaquillants-et-nettoyants.jpg\" \/>\r\n\t<meta property=\"og:image:width\" content=\"700\" \/>\r\n\t<meta property=\"og:image:height\" content=\"700\" \/>\r\n\t<meta property=\"og:image:type\" content=\"image\/jpeg\" \/>\r\n<meta name=\"twitter:card\" content=\"summary_large_image\" \/>\r\n<meta name=\"twitter:label1\" content=\"Dur\u00e9e de lecture estim\u00e9e\" \/>\n\t<meta name=\"twitter:data1\" content=\"1 minute\" \/>\r\n<script type=\"application\/ld+json\" class=\"yoast-schema-graph\">{\"@context\":\"https:\/\/schema.org\",\"@graph\":[{\"@type\":\"WebPage\",\"@id\":\"https:\/\/paracherkaoui.ma\/index.php\/produit\/la-roche-posay-lipikar-surgras-creme-lavante-recharge-400-ml\/\",\"url\":\"https:\/\/paracherkaoui.ma\/index.php\/produit\/la-roche-posay-lipikar-surgras-creme-lavante-recharge-400-ml\/\",\"name\":\"LA ROCHE POSAY LIPIKAR SURGRAS CREME LAVANTE RECHARGE 400 ML - Paracherkaoui.ma\",\"isPartOf\":{\"@id\":\"https:\/\/paracherkaoui.ma\/#website\"},\"primaryImageOfPage\":{\"@id\":\"https:\/\/paracherkaoui.ma\/index.php\/produit\/la-roche-posay-lipikar-surgras-creme-lavante-recharge-400-ml\/#primaryimage\"},\"image\":{\"@id\":\"https:\/\/paracherkaoui.ma\/index.php\/produit\/la-roche-posay-lipikar-surgras-creme-lavante-recharge-400-ml\/#primaryimage\"},\"thumbnailUrl\":\"https:\/\/paracherkaoui.ma\/wp-content\/uploads\/2025\/12\/la-roche-posay-la-roche-posay-lipikar-surgras-creme-lavante-recharge-400-ml-demaquillants-et-nettoyants.jpg\",\"datePublished\":\"2025-12-12T17:06:39+00:00\",\"dateModified\":\"2025-12-12T17:06:44+00:00\",\"breadcrumb\":{\"@id\":\"https:\/\/paracherkaoui.ma\/index.php\/produit\/la-roche-posay-lipikar-surgras-creme-lavante-recharge-400-ml\/#breadcrumb\"},\"inLanguage\":\"fr-FR\",\"potentialAction\":[{\"@type\":\"ReadAction\",\"target\":[\"https:\/\/paracherkaoui.ma\/index.php\/produit\/la-roche-posay-lipikar-surgras-creme-lavante-recharge-400-ml\/\"]}]},{\"@type\":\"ImageObject\",\"inLanguage\":\"fr-FR\",\"@id\":\"https:\/\/paracherkaoui.ma\/index.php\/produit\/la-roche-posay-lipikar-surgras-creme-lavante-recharge-400-ml\/#primaryimage\",\"url\":\"https:\/\/paracherkaoui.ma\/wp-content\/uploads\/2025\/12\/la-roche-posay-la-roche-posay-lipikar-surgras-creme-lavante-recharge-400-ml-demaquillants-et-nettoyants.jpg\",\"contentUrl\":\"https:\/\/paracherkaoui.ma\/wp-content\/uploads\/2025\/12\/la-roche-posay-la-roche-posay-lipikar-surgras-creme-lavante-recharge-400-ml-demaquillants-et-nettoyants.jpg\",\"width\":700,\"height\":700},{\"@type\":\"BreadcrumbList\",\"@id\":\"https:\/\/paracherkaoui.ma\/index.php\/produit\/la-roche-posay-lipikar-surgras-creme-lavante-recharge-400-ml\/#breadcrumb\",\"itemListElement\":[{\"@type\":\"ListItem\",\"position\":1,\"name\":\"Accueil\",\"item\":\"https:\/\/paracherkaoui.ma\/\"},{\"@type\":\"ListItem\",\"position\":2,\"name\":\"Boutique\",\"item\":\"https:\/\/paracherkaoui.ma\/index.php\/boutique\/\"},{\"@type\":\"ListItem\",\"position\":3,\"name\":\"LA ROCHE POSAY LIPIKAR SURGRAS CREME LAVANTE RECHARGE 400 ML\"}]},{\"@type\":\"WebSite\",\"@id\":\"https:\/\/paracherkaoui.ma\/#website\",\"url\":\"https:\/\/paracherkaoui.ma\/\",\"name\":\"Paracherkaoui.ma\",\"description\":\"Achetez en ligne sur Paracherkaoui.ma\",\"potentialAction\":[{\"@type\":\"SearchAction\",\"target\":{\"@type\":\"EntryPoint\",\"urlTemplate\":\"https:\/\/paracherkaoui.ma\/?s={search_term_string}\"},\"query-input\":{\"@type\":\"PropertyValueSpecification\",\"valueRequired\":true,\"valueName\":\"search_term_string\"}}],\"inLanguage\":\"fr-FR\"}]}<\/script>\r\n<!-- \/ Yoast SEO plugin. -->","yoast_head_json":{"title":"LA ROCHE POSAY LIPIKAR SURGRAS CREME LAVANTE RECHARGE 400 ML - Paracherkaoui.ma","robots":{"index":"index","follow":"follow","max-snippet":"max-snippet:-1","max-image-preview":"max-image-preview:large","max-video-preview":"max-video-preview:-1"},"canonical":"https:\/\/paracherkaoui.ma\/index.php\/produit\/la-roche-posay-lipikar-surgras-creme-lavante-recharge-400-ml\/","og_locale":"fr_FR","og_type":"article","og_title":"LA ROCHE POSAY LIPIKAR SURGRAS CREME LAVANTE RECHARGE 400 ML - Paracherkaoui.ma","og_description":"Gr\u00e2ce \u00e0 sa formule enrichie en concentr\u00e9 surgras (10 %) et en Niacinamide, elle nettoie en douceur sans dess\u00e9cher, tout","og_url":"https:\/\/paracherkaoui.ma\/index.php\/produit\/la-roche-posay-lipikar-surgras-creme-lavante-recharge-400-ml\/","og_site_name":"Paracherkaoui.ma","article_modified_time":"2025-12-12T17:06:44+00:00","og_image":[{"width":700,"height":700,"url":"https:\/\/paracherkaoui.ma\/wp-content\/uploads\/2025\/12\/la-roche-posay-la-roche-posay-lipikar-surgras-creme-lavante-recharge-400-ml-demaquillants-et-nettoyants.jpg","type":"image\/jpeg"}],"twitter_card":"summary_large_image","twitter_misc":{"Dur\u00e9e de lecture estim\u00e9e":"1 minute"},"schema":{"@context":"https:\/\/schema.org","@graph":[{"@type":"WebPage","@id":"https:\/\/paracherkaoui.ma\/index.php\/produit\/la-roche-posay-lipikar-surgras-creme-lavante-recharge-400-ml\/","url":"https:\/\/paracherkaoui.ma\/index.php\/produit\/la-roche-posay-lipikar-surgras-creme-lavante-recharge-400-ml\/","name":"LA ROCHE POSAY LIPIKAR SURGRAS CREME LAVANTE RECHARGE 400 ML - Paracherkaoui.ma","isPartOf":{"@id":"https:\/\/paracherkaoui.ma\/#website"},"primaryImageOfPage":{"@id":"https:\/\/paracherkaoui.ma\/index.php\/produit\/la-roche-posay-lipikar-surgras-creme-lavante-recharge-400-ml\/#primaryimage"},"image":{"@id":"https:\/\/paracherkaoui.ma\/index.php\/produit\/la-roche-posay-lipikar-surgras-creme-lavante-recharge-400-ml\/#primaryimage"},"thumbnailUrl":"https:\/\/paracherkaoui.ma\/wp-content\/uploads\/2025\/12\/la-roche-posay-la-roche-posay-lipikar-surgras-creme-lavante-recharge-400-ml-demaquillants-et-nettoyants.jpg","datePublished":"2025-12-12T17:06:39+00:00","dateModified":"2025-12-12T17:06:44+00:00","breadcrumb":{"@id":"https:\/\/paracherkaoui.ma\/index.php\/produit\/la-roche-posay-lipikar-surgras-creme-lavante-recharge-400-ml\/#breadcrumb"},"inLanguage":"fr-FR","potentialAction":[{"@type":"ReadAction","target":["https:\/\/paracherkaoui.ma\/index.php\/produit\/la-roche-posay-lipikar-surgras-creme-lavante-recharge-400-ml\/"]}]},{"@type":"ImageObject","inLanguage":"fr-FR","@id":"https:\/\/paracherkaoui.ma\/index.php\/produit\/la-roche-posay-lipikar-surgras-creme-lavante-recharge-400-ml\/#primaryimage","url":"https:\/\/paracherkaoui.ma\/wp-content\/uploads\/2025\/12\/la-roche-posay-la-roche-posay-lipikar-surgras-creme-lavante-recharge-400-ml-demaquillants-et-nettoyants.jpg","contentUrl":"https:\/\/paracherkaoui.ma\/wp-content\/uploads\/2025\/12\/la-roche-posay-la-roche-posay-lipikar-surgras-creme-lavante-recharge-400-ml-demaquillants-et-nettoyants.jpg","width":700,"height":700},{"@type":"BreadcrumbList","@id":"https:\/\/paracherkaoui.ma\/index.php\/produit\/la-roche-posay-lipikar-surgras-creme-lavante-recharge-400-ml\/#breadcrumb","itemListElement":[{"@type":"ListItem","position":1,"name":"Accueil","item":"https:\/\/paracherkaoui.ma\/"},{"@type":"ListItem","position":2,"name":"Boutique","item":"https:\/\/paracherkaoui.ma\/index.php\/boutique\/"},{"@type":"ListItem","position":3,"name":"LA ROCHE POSAY LIPIKAR SURGRAS CREME LAVANTE RECHARGE 400 ML"}]},{"@type":"WebSite","@id":"https:\/\/paracherkaoui.ma\/#website","url":"https:\/\/paracherkaoui.ma\/","name":"Paracherkaoui.ma","description":"Achetez en ligne sur Paracherkaoui.ma","potentialAction":[{"@type":"SearchAction","target":{"@type":"EntryPoint","urlTemplate":"https:\/\/paracherkaoui.ma\/?s={search_term_string}"},"query-input":{"@type":"PropertyValueSpecification","valueRequired":true,"valueName":"search_term_string"}}],"inLanguage":"fr-FR"}]}},"_links":{"self":[{"href":"https:\/\/paracherkaoui.ma\/index.php\/wp-json\/wp\/v2\/product\/21387","targetHints":{"allow":["GET"]}}],"collection":[{"href":"https:\/\/paracherkaoui.ma\/index.php\/wp-json\/wp\/v2\/product"}],"about":[{"href":"https:\/\/paracherkaoui.ma\/index.php\/wp-json\/wp\/v2\/types\/product"}],"replies":[{"embeddable":true,"href":"https:\/\/paracherkaoui.ma\/index.php\/wp-json\/wp\/v2\/comments?post=21387"}],"version-history":[{"count":1,"href":"https:\/\/paracherkaoui.ma\/index.php\/wp-json\/wp\/v2\/product\/21387\/revisions"}],"predecessor-version":[{"id":21434,"href":"https:\/\/paracherkaoui.ma\/index.php\/wp-json\/wp\/v2\/product\/21387\/revisions\/21434"}],"wp:featuredmedia":[{"embeddable":true,"href":"https:\/\/paracherkaoui.ma\/index.php\/wp-json\/wp\/v2\/media\/21433"}],"wp:attachment":[{"href":"https:\/\/paracherkaoui.ma\/index.php\/wp-json\/wp\/v2\/media?parent=21387"}],"wp:term":[{"taxonomy":"product_brand","embeddable":true,"href":"https:\/\/paracherkaoui.ma\/index.php\/wp-json\/wp\/v2\/product_brand?post=21387"},{"taxonomy":"product_cat","embeddable":true,"href":"https:\/\/paracherkaoui.ma\/index.php\/wp-json\/wp\/v2\/product_cat?post=21387"},{"taxonomy":"product_tag","embeddable":true,"href":"https:\/\/paracherkaoui.ma\/index.php\/wp-json\/wp\/v2\/product_tag?post=21387"}],"curies":[{"name":"wp","href":"https:\/\/api.w.org\/{rel}","templated":true}]}}