{"id":21383,"date":"2025-12-12T18:06:39","date_gmt":"2025-12-12T17:06:39","guid":{"rendered":"https:\/\/test.ecbeaute.com\/?post_type=product&#038;p=21383"},"modified":"2025-12-12T18:06:42","modified_gmt":"2025-12-12T17:06:42","slug":"dermo-soins-aposeche-gel-nettoyant-surgras-200-ml","status":"publish","type":"product","link":"https:\/\/paracherkaoui.ma\/index.php\/produit\/dermo-soins-aposeche-gel-nettoyant-surgras-200-ml\/","title":{"rendered":"DERMO SOINS APOSECHE GEL NETTOYANT SURGRAS 200 ML"},"content":{"rendered":"<p>La richesse de l\u2019huile de Nigelle en acides gras essentiels (acide ol\u00e9ique et acide linol\u00e9ique), en vitamines A, B, C et E, ainsi qu\u2019en min\u00e9raux, en fait un ingr\u00e9dient id\u00e9al pour restaurer le film hydrolipidique et renforcer la barri\u00e8re cutan\u00e9e. R\u00e9sultat : la peau est nettoy\u00e9e en douceur, sans sensation de tiraillement, et retrouve confort et souplesse d\u00e8s la premi\u00e8re utilisation.<br \/>\nGr\u00e2ce \u00e0 ses actifs surgraissants, ce gel nettoyant respecte l\u2019\u00e9quilibre physiologique de la peau, m\u00eame la plus sensible. Sa texture fluide et onctueuse se transforme en une mousse l\u00e9g\u00e8re au contact de l\u2019eau, laissant une sensation de propret\u00e9 durable et un film protecteur non gras.<br \/>\nCe soin est id\u00e9al pour toute la famille, en particulier en p\u00e9riode de s\u00e9cheresse cutan\u00e9e (hiver, eau calcaire, traitements dermatologiques&#8230;).<br \/>\nConseils d\u2019utilisation<br \/>\nAppliquer une noisette de gel sur une peau pr\u00e9alablement mouill\u00e9e.<br \/>\nMasser d\u00e9licatement jusqu\u2019\u00e0 formation d\u2019une mousse l\u00e9g\u00e8re.<br \/>\nRincer soigneusement \u00e0 l\u2019eau claire.<br \/>\nS\u00e9cher sans frotter, puis appliquer une cr\u00e8me hydratante si besoin.<br \/>\nComposition<br \/>\nAqua, Sodium Laureth Sulfate, Lauryl Glucoside, Peg-15 Cocopolyamine, Cocamidopropyl Betaine, Sodium Lauroyl Oat Amino Acids, Sodium Chloride, Nigella Sativa Oil, Benzyl Alcohol, Dehydroacetic Acid, Parfum<\/p>\n","protected":false},"excerpt":{"rendered":"<p>La richesse de l\u2019huile de Nigelle en acides gras essentiels (acide ol\u00e9ique et acide linol\u00e9ique), en vitamines A, B, C<\/p>\n","protected":false},"featured_media":21425,"comment_status":"open","ping_status":"closed","template":"","meta":[],"product_brand":[319],"product_cat":[346],"product_tag":[],"class_list":{"0":"post-21383","1":"product","2":"type-product","3":"status-publish","4":"has-post-thumbnail","6":"product_brand-dermo-soin","7":"product_cat-demaquillants-et-nettoyants","9":"first","10":"instock","11":"sale","12":"shipping-taxable","13":"purchasable","14":"product-type-simple"},"yoast_head":"<!-- This site is optimized with the Yoast SEO plugin v26.6 - https:\/\/yoast.com\/wordpress\/plugins\/seo\/ -->\r\n<title>DERMO SOINS APOSECHE GEL NETTOYANT SURGRAS 200 ML - Paracherkaoui.ma<\/title>\r\n<meta name=\"robots\" content=\"index, follow, max-snippet:-1, max-image-preview:large, max-video-preview:-1\" \/>\r\n<link rel=\"canonical\" href=\"https:\/\/paracherkaoui.ma\/index.php\/produit\/dermo-soins-aposeche-gel-nettoyant-surgras-200-ml\/\" \/>\r\n<meta property=\"og:locale\" content=\"fr_FR\" \/>\r\n<meta property=\"og:type\" content=\"article\" \/>\r\n<meta property=\"og:title\" content=\"DERMO SOINS APOSECHE GEL NETTOYANT SURGRAS 200 ML - Paracherkaoui.ma\" \/>\r\n<meta property=\"og:description\" content=\"La richesse de l\u2019huile de Nigelle en acides gras essentiels (acide ol\u00e9ique et acide linol\u00e9ique), en vitamines A, B, C\" \/>\r\n<meta property=\"og:url\" content=\"https:\/\/paracherkaoui.ma\/index.php\/produit\/dermo-soins-aposeche-gel-nettoyant-surgras-200-ml\/\" \/>\r\n<meta property=\"og:site_name\" content=\"Paracherkaoui.ma\" \/>\r\n<meta property=\"article:modified_time\" content=\"2025-12-12T17:06:42+00:00\" \/>\r\n<meta property=\"og:image\" content=\"https:\/\/paracherkaoui.ma\/wp-content\/uploads\/2025\/12\/dermo-soin-dermo-soins-aposeche-gel-nettoyant-surgras-200-ml-demaquillants-et-nettoyants.jpg\" \/>\r\n\t<meta property=\"og:image:width\" content=\"700\" \/>\r\n\t<meta property=\"og:image:height\" content=\"700\" \/>\r\n\t<meta property=\"og:image:type\" content=\"image\/jpeg\" \/>\r\n<meta name=\"twitter:card\" content=\"summary_large_image\" \/>\r\n<meta name=\"twitter:label1\" content=\"Dur\u00e9e de lecture estim\u00e9e\" \/>\n\t<meta name=\"twitter:data1\" content=\"1 minute\" \/>\r\n<script type=\"application\/ld+json\" class=\"yoast-schema-graph\">{\"@context\":\"https:\/\/schema.org\",\"@graph\":[{\"@type\":\"WebPage\",\"@id\":\"https:\/\/paracherkaoui.ma\/index.php\/produit\/dermo-soins-aposeche-gel-nettoyant-surgras-200-ml\/\",\"url\":\"https:\/\/paracherkaoui.ma\/index.php\/produit\/dermo-soins-aposeche-gel-nettoyant-surgras-200-ml\/\",\"name\":\"DERMO SOINS APOSECHE GEL NETTOYANT SURGRAS 200 ML - Paracherkaoui.ma\",\"isPartOf\":{\"@id\":\"https:\/\/paracherkaoui.ma\/#website\"},\"primaryImageOfPage\":{\"@id\":\"https:\/\/paracherkaoui.ma\/index.php\/produit\/dermo-soins-aposeche-gel-nettoyant-surgras-200-ml\/#primaryimage\"},\"image\":{\"@id\":\"https:\/\/paracherkaoui.ma\/index.php\/produit\/dermo-soins-aposeche-gel-nettoyant-surgras-200-ml\/#primaryimage\"},\"thumbnailUrl\":\"https:\/\/paracherkaoui.ma\/wp-content\/uploads\/2025\/12\/dermo-soin-dermo-soins-aposeche-gel-nettoyant-surgras-200-ml-demaquillants-et-nettoyants.jpg\",\"datePublished\":\"2025-12-12T17:06:39+00:00\",\"dateModified\":\"2025-12-12T17:06:42+00:00\",\"breadcrumb\":{\"@id\":\"https:\/\/paracherkaoui.ma\/index.php\/produit\/dermo-soins-aposeche-gel-nettoyant-surgras-200-ml\/#breadcrumb\"},\"inLanguage\":\"fr-FR\",\"potentialAction\":[{\"@type\":\"ReadAction\",\"target\":[\"https:\/\/paracherkaoui.ma\/index.php\/produit\/dermo-soins-aposeche-gel-nettoyant-surgras-200-ml\/\"]}]},{\"@type\":\"ImageObject\",\"inLanguage\":\"fr-FR\",\"@id\":\"https:\/\/paracherkaoui.ma\/index.php\/produit\/dermo-soins-aposeche-gel-nettoyant-surgras-200-ml\/#primaryimage\",\"url\":\"https:\/\/paracherkaoui.ma\/wp-content\/uploads\/2025\/12\/dermo-soin-dermo-soins-aposeche-gel-nettoyant-surgras-200-ml-demaquillants-et-nettoyants.jpg\",\"contentUrl\":\"https:\/\/paracherkaoui.ma\/wp-content\/uploads\/2025\/12\/dermo-soin-dermo-soins-aposeche-gel-nettoyant-surgras-200-ml-demaquillants-et-nettoyants.jpg\",\"width\":700,\"height\":700},{\"@type\":\"BreadcrumbList\",\"@id\":\"https:\/\/paracherkaoui.ma\/index.php\/produit\/dermo-soins-aposeche-gel-nettoyant-surgras-200-ml\/#breadcrumb\",\"itemListElement\":[{\"@type\":\"ListItem\",\"position\":1,\"name\":\"Accueil\",\"item\":\"https:\/\/paracherkaoui.ma\/\"},{\"@type\":\"ListItem\",\"position\":2,\"name\":\"Boutique\",\"item\":\"https:\/\/paracherkaoui.ma\/index.php\/boutique\/\"},{\"@type\":\"ListItem\",\"position\":3,\"name\":\"DERMO SOINS APOSECHE GEL NETTOYANT SURGRAS 200 ML\"}]},{\"@type\":\"WebSite\",\"@id\":\"https:\/\/paracherkaoui.ma\/#website\",\"url\":\"https:\/\/paracherkaoui.ma\/\",\"name\":\"Paracherkaoui.ma\",\"description\":\"Achetez en ligne sur Paracherkaoui.ma\",\"potentialAction\":[{\"@type\":\"SearchAction\",\"target\":{\"@type\":\"EntryPoint\",\"urlTemplate\":\"https:\/\/paracherkaoui.ma\/?s={search_term_string}\"},\"query-input\":{\"@type\":\"PropertyValueSpecification\",\"valueRequired\":true,\"valueName\":\"search_term_string\"}}],\"inLanguage\":\"fr-FR\"}]}<\/script>\r\n<!-- \/ Yoast SEO plugin. -->","yoast_head_json":{"title":"DERMO SOINS APOSECHE GEL NETTOYANT SURGRAS 200 ML - Paracherkaoui.ma","robots":{"index":"index","follow":"follow","max-snippet":"max-snippet:-1","max-image-preview":"max-image-preview:large","max-video-preview":"max-video-preview:-1"},"canonical":"https:\/\/paracherkaoui.ma\/index.php\/produit\/dermo-soins-aposeche-gel-nettoyant-surgras-200-ml\/","og_locale":"fr_FR","og_type":"article","og_title":"DERMO SOINS APOSECHE GEL NETTOYANT SURGRAS 200 ML - Paracherkaoui.ma","og_description":"La richesse de l\u2019huile de Nigelle en acides gras essentiels (acide ol\u00e9ique et acide linol\u00e9ique), en vitamines A, B, C","og_url":"https:\/\/paracherkaoui.ma\/index.php\/produit\/dermo-soins-aposeche-gel-nettoyant-surgras-200-ml\/","og_site_name":"Paracherkaoui.ma","article_modified_time":"2025-12-12T17:06:42+00:00","og_image":[{"width":700,"height":700,"url":"https:\/\/paracherkaoui.ma\/wp-content\/uploads\/2025\/12\/dermo-soin-dermo-soins-aposeche-gel-nettoyant-surgras-200-ml-demaquillants-et-nettoyants.jpg","type":"image\/jpeg"}],"twitter_card":"summary_large_image","twitter_misc":{"Dur\u00e9e de lecture estim\u00e9e":"1 minute"},"schema":{"@context":"https:\/\/schema.org","@graph":[{"@type":"WebPage","@id":"https:\/\/paracherkaoui.ma\/index.php\/produit\/dermo-soins-aposeche-gel-nettoyant-surgras-200-ml\/","url":"https:\/\/paracherkaoui.ma\/index.php\/produit\/dermo-soins-aposeche-gel-nettoyant-surgras-200-ml\/","name":"DERMO SOINS APOSECHE GEL NETTOYANT SURGRAS 200 ML - Paracherkaoui.ma","isPartOf":{"@id":"https:\/\/paracherkaoui.ma\/#website"},"primaryImageOfPage":{"@id":"https:\/\/paracherkaoui.ma\/index.php\/produit\/dermo-soins-aposeche-gel-nettoyant-surgras-200-ml\/#primaryimage"},"image":{"@id":"https:\/\/paracherkaoui.ma\/index.php\/produit\/dermo-soins-aposeche-gel-nettoyant-surgras-200-ml\/#primaryimage"},"thumbnailUrl":"https:\/\/paracherkaoui.ma\/wp-content\/uploads\/2025\/12\/dermo-soin-dermo-soins-aposeche-gel-nettoyant-surgras-200-ml-demaquillants-et-nettoyants.jpg","datePublished":"2025-12-12T17:06:39+00:00","dateModified":"2025-12-12T17:06:42+00:00","breadcrumb":{"@id":"https:\/\/paracherkaoui.ma\/index.php\/produit\/dermo-soins-aposeche-gel-nettoyant-surgras-200-ml\/#breadcrumb"},"inLanguage":"fr-FR","potentialAction":[{"@type":"ReadAction","target":["https:\/\/paracherkaoui.ma\/index.php\/produit\/dermo-soins-aposeche-gel-nettoyant-surgras-200-ml\/"]}]},{"@type":"ImageObject","inLanguage":"fr-FR","@id":"https:\/\/paracherkaoui.ma\/index.php\/produit\/dermo-soins-aposeche-gel-nettoyant-surgras-200-ml\/#primaryimage","url":"https:\/\/paracherkaoui.ma\/wp-content\/uploads\/2025\/12\/dermo-soin-dermo-soins-aposeche-gel-nettoyant-surgras-200-ml-demaquillants-et-nettoyants.jpg","contentUrl":"https:\/\/paracherkaoui.ma\/wp-content\/uploads\/2025\/12\/dermo-soin-dermo-soins-aposeche-gel-nettoyant-surgras-200-ml-demaquillants-et-nettoyants.jpg","width":700,"height":700},{"@type":"BreadcrumbList","@id":"https:\/\/paracherkaoui.ma\/index.php\/produit\/dermo-soins-aposeche-gel-nettoyant-surgras-200-ml\/#breadcrumb","itemListElement":[{"@type":"ListItem","position":1,"name":"Accueil","item":"https:\/\/paracherkaoui.ma\/"},{"@type":"ListItem","position":2,"name":"Boutique","item":"https:\/\/paracherkaoui.ma\/index.php\/boutique\/"},{"@type":"ListItem","position":3,"name":"DERMO SOINS APOSECHE GEL NETTOYANT SURGRAS 200 ML"}]},{"@type":"WebSite","@id":"https:\/\/paracherkaoui.ma\/#website","url":"https:\/\/paracherkaoui.ma\/","name":"Paracherkaoui.ma","description":"Achetez en ligne sur Paracherkaoui.ma","potentialAction":[{"@type":"SearchAction","target":{"@type":"EntryPoint","urlTemplate":"https:\/\/paracherkaoui.ma\/?s={search_term_string}"},"query-input":{"@type":"PropertyValueSpecification","valueRequired":true,"valueName":"search_term_string"}}],"inLanguage":"fr-FR"}]}},"_links":{"self":[{"href":"https:\/\/paracherkaoui.ma\/index.php\/wp-json\/wp\/v2\/product\/21383","targetHints":{"allow":["GET"]}}],"collection":[{"href":"https:\/\/paracherkaoui.ma\/index.php\/wp-json\/wp\/v2\/product"}],"about":[{"href":"https:\/\/paracherkaoui.ma\/index.php\/wp-json\/wp\/v2\/types\/product"}],"replies":[{"embeddable":true,"href":"https:\/\/paracherkaoui.ma\/index.php\/wp-json\/wp\/v2\/comments?post=21383"}],"version-history":[{"count":1,"href":"https:\/\/paracherkaoui.ma\/index.php\/wp-json\/wp\/v2\/product\/21383\/revisions"}],"predecessor-version":[{"id":21426,"href":"https:\/\/paracherkaoui.ma\/index.php\/wp-json\/wp\/v2\/product\/21383\/revisions\/21426"}],"wp:featuredmedia":[{"embeddable":true,"href":"https:\/\/paracherkaoui.ma\/index.php\/wp-json\/wp\/v2\/media\/21425"}],"wp:attachment":[{"href":"https:\/\/paracherkaoui.ma\/index.php\/wp-json\/wp\/v2\/media?parent=21383"}],"wp:term":[{"taxonomy":"product_brand","embeddable":true,"href":"https:\/\/paracherkaoui.ma\/index.php\/wp-json\/wp\/v2\/product_brand?post=21383"},{"taxonomy":"product_cat","embeddable":true,"href":"https:\/\/paracherkaoui.ma\/index.php\/wp-json\/wp\/v2\/product_cat?post=21383"},{"taxonomy":"product_tag","embeddable":true,"href":"https:\/\/paracherkaoui.ma\/index.php\/wp-json\/wp\/v2\/product_tag?post=21383"}],"curies":[{"name":"wp","href":"https:\/\/api.w.org\/{rel}","templated":true}]}}