{"id":21308,"date":"2025-12-12T18:06:29","date_gmt":"2025-12-12T17:06:29","guid":{"rendered":"https:\/\/test.ecbeaute.com\/?post_type=product&#038;p=21308"},"modified":"2025-12-12T18:06:36","modified_gmt":"2025-12-12T17:06:36","slug":"nuxe-very-rose-eau-micellaire-demaquillante-apaisante-200-ml","status":"publish","type":"product","link":"https:\/\/paracherkaoui.ma\/index.php\/produit\/nuxe-very-rose-eau-micellaire-demaquillante-apaisante-200-ml\/","title":{"rendered":"NUXE VERY ROSE EAU MICELLAIRE DEMAQUILLANTE APAISANTE 200 ML"},"content":{"rendered":"<p>L&rsquo;EAU MICELLAIRE D\u00c9MAQUILLANTE APAISANTE NUXE VERY ROSE est l&rsquo;alli\u00e9e id\u00e9ale pour un d\u00e9maquillage efficace et respectueux de votre peau. Ses micelles agissent comme de petits aimants pour capturer en douceur le maquillage, m\u00eame waterproof, l&rsquo;exc\u00e8s de s\u00e9bum et les particules de pollution, sans agresser l&rsquo;\u00e9piderme. L&rsquo;extrait de rose, ingr\u00e9dient phare de cette formule, apporte ses propri\u00e9t\u00e9s apaisantes et hydratantes, laissant votre peau confortable et fra\u00eeche apr\u00e8s chaque utilisation. Pour 94% des volontaires, la peau est d\u00e9maquill\u00e9e en douceur, tandis que 97% ressentent une peau nettoy\u00e9e en douceur et pr\u00eate \u00e0 recevoir leurs soins habituels. Son parfum subtil aux notes d\u00e9licates de rose transforme votre routine de d\u00e9maquillage en un v\u00e9ritable moment de plaisir sensoriel et de bien-\u00eatre.<br \/>\nOffrez \u00e0 votre peau la douceur et l&rsquo;efficacit\u00e9 du d\u00e9maquillage floral avec l&rsquo;NUXE VERY ROSE EAU MICELLAIRE D\u00c9MAQUILLANTE APAISANTE. Sa formule naturelle \u00e0 l&rsquo;extrait de rose d\u00e9maquille en douceur le visage et les yeux, nettoie efficacement et apaise instantan\u00e9ment toutes les peaux, m\u00eame les plus sensibles. Sa texture fra\u00eeche et son parfum d\u00e9licat vous procurent une sensation de confort et de bien-\u00eatre \u00e0 chaque utilisation.<br \/>\nTest d&rsquo;usage r\u00e9alis\u00e9 sous contr\u00f4le dermatologique sur 21 volontaires. % de satisfaction imm\u00e9diatement apr\u00e8s application.<br \/>\nConseils d&rsquo;utilisation :<br \/>\nApplication : Imbibez un coton d&rsquo;Eau Micellaire D\u00e9maquillante Apaisante.<br \/>\nD\u00e9maquillage du visage : Passez d\u00e9licatement le coton sur l&rsquo;ensemble du visage pour \u00e9liminer le maquillage et les impuret\u00e9s. Inutile de frotter.<br \/>\nD\u00e9maquillage des yeux : Pour d\u00e9maquiller les yeux, laissez le coton imbib\u00e9 quelques secondes sur la paupi\u00e8re et les cils, puis essuyez d\u00e9licatement de la racine vers la pointe.<br \/>\nComposition :<br \/>\nAQUA\/WATER, GLYCERIN, PENTYLENE GLYCOL, POLYGLYCERYL-6 CAPRYLATE, POLYGLYCERYL-4 CAPRATE, PARFUM\/FRAGRANCE, SODIUM GLUCONATE, PHENOXYETHANOL,CETRIMONIUM BROMIDE, ROSE FLOWER OIL\/EXTRACT [N5805\/B]<\/p>\n","protected":false},"excerpt":{"rendered":"<p>L&rsquo;EAU MICELLAIRE D\u00c9MAQUILLANTE APAISANTE NUXE VERY ROSE est l&rsquo;alli\u00e9e id\u00e9ale pour un d\u00e9maquillage efficace et respectueux de votre peau. Ses<\/p>\n","protected":false},"featured_media":21365,"comment_status":"open","ping_status":"closed","template":"","meta":[],"product_brand":[230],"product_cat":[346],"product_tag":[],"class_list":{"0":"post-21308","1":"product","2":"type-product","3":"status-publish","4":"has-post-thumbnail","6":"product_brand-nuxe","7":"product_cat-demaquillants-et-nettoyants","9":"first","10":"instock","11":"sale","12":"shipping-taxable","13":"purchasable","14":"product-type-simple"},"yoast_head":"<!-- This site is optimized with the Yoast SEO plugin v26.6 - https:\/\/yoast.com\/wordpress\/plugins\/seo\/ -->\r\n<title>NUXE VERY ROSE EAU MICELLAIRE DEMAQUILLANTE APAISANTE 200 ML - Paracherkaoui.ma<\/title>\r\n<meta name=\"robots\" content=\"index, follow, max-snippet:-1, max-image-preview:large, max-video-preview:-1\" \/>\r\n<link rel=\"canonical\" href=\"https:\/\/paracherkaoui.ma\/index.php\/produit\/nuxe-very-rose-eau-micellaire-demaquillante-apaisante-200-ml\/\" \/>\r\n<meta property=\"og:locale\" content=\"fr_FR\" \/>\r\n<meta property=\"og:type\" content=\"article\" \/>\r\n<meta property=\"og:title\" content=\"NUXE VERY ROSE EAU MICELLAIRE DEMAQUILLANTE APAISANTE 200 ML - Paracherkaoui.ma\" \/>\r\n<meta property=\"og:description\" content=\"L&rsquo;EAU MICELLAIRE D\u00c9MAQUILLANTE APAISANTE NUXE VERY ROSE est l&rsquo;alli\u00e9e id\u00e9ale pour un d\u00e9maquillage efficace et respectueux de votre peau. Ses\" \/>\r\n<meta property=\"og:url\" content=\"https:\/\/paracherkaoui.ma\/index.php\/produit\/nuxe-very-rose-eau-micellaire-demaquillante-apaisante-200-ml\/\" \/>\r\n<meta property=\"og:site_name\" content=\"Paracherkaoui.ma\" \/>\r\n<meta property=\"article:modified_time\" content=\"2025-12-12T17:06:36+00:00\" \/>\r\n<meta property=\"og:image\" content=\"https:\/\/paracherkaoui.ma\/wp-content\/uploads\/2025\/12\/nuxe-nuxe-very-rose-eau-micellaire-demaquillante-apaisante-200-ml-demaquillants-et-nettoyants.jpg\" \/>\r\n\t<meta property=\"og:image:width\" content=\"700\" \/>\r\n\t<meta property=\"og:image:height\" content=\"700\" \/>\r\n\t<meta property=\"og:image:type\" content=\"image\/jpeg\" \/>\r\n<meta name=\"twitter:card\" content=\"summary_large_image\" \/>\r\n<meta name=\"twitter:label1\" content=\"Dur\u00e9e de lecture estim\u00e9e\" \/>\n\t<meta name=\"twitter:data1\" content=\"2 minutes\" \/>\r\n<script type=\"application\/ld+json\" class=\"yoast-schema-graph\">{\"@context\":\"https:\/\/schema.org\",\"@graph\":[{\"@type\":\"WebPage\",\"@id\":\"https:\/\/paracherkaoui.ma\/index.php\/produit\/nuxe-very-rose-eau-micellaire-demaquillante-apaisante-200-ml\/\",\"url\":\"https:\/\/paracherkaoui.ma\/index.php\/produit\/nuxe-very-rose-eau-micellaire-demaquillante-apaisante-200-ml\/\",\"name\":\"NUXE VERY ROSE EAU MICELLAIRE DEMAQUILLANTE APAISANTE 200 ML - Paracherkaoui.ma\",\"isPartOf\":{\"@id\":\"https:\/\/paracherkaoui.ma\/#website\"},\"primaryImageOfPage\":{\"@id\":\"https:\/\/paracherkaoui.ma\/index.php\/produit\/nuxe-very-rose-eau-micellaire-demaquillante-apaisante-200-ml\/#primaryimage\"},\"image\":{\"@id\":\"https:\/\/paracherkaoui.ma\/index.php\/produit\/nuxe-very-rose-eau-micellaire-demaquillante-apaisante-200-ml\/#primaryimage\"},\"thumbnailUrl\":\"https:\/\/paracherkaoui.ma\/wp-content\/uploads\/2025\/12\/nuxe-nuxe-very-rose-eau-micellaire-demaquillante-apaisante-200-ml-demaquillants-et-nettoyants.jpg\",\"datePublished\":\"2025-12-12T17:06:29+00:00\",\"dateModified\":\"2025-12-12T17:06:36+00:00\",\"breadcrumb\":{\"@id\":\"https:\/\/paracherkaoui.ma\/index.php\/produit\/nuxe-very-rose-eau-micellaire-demaquillante-apaisante-200-ml\/#breadcrumb\"},\"inLanguage\":\"fr-FR\",\"potentialAction\":[{\"@type\":\"ReadAction\",\"target\":[\"https:\/\/paracherkaoui.ma\/index.php\/produit\/nuxe-very-rose-eau-micellaire-demaquillante-apaisante-200-ml\/\"]}]},{\"@type\":\"ImageObject\",\"inLanguage\":\"fr-FR\",\"@id\":\"https:\/\/paracherkaoui.ma\/index.php\/produit\/nuxe-very-rose-eau-micellaire-demaquillante-apaisante-200-ml\/#primaryimage\",\"url\":\"https:\/\/paracherkaoui.ma\/wp-content\/uploads\/2025\/12\/nuxe-nuxe-very-rose-eau-micellaire-demaquillante-apaisante-200-ml-demaquillants-et-nettoyants.jpg\",\"contentUrl\":\"https:\/\/paracherkaoui.ma\/wp-content\/uploads\/2025\/12\/nuxe-nuxe-very-rose-eau-micellaire-demaquillante-apaisante-200-ml-demaquillants-et-nettoyants.jpg\",\"width\":700,\"height\":700},{\"@type\":\"BreadcrumbList\",\"@id\":\"https:\/\/paracherkaoui.ma\/index.php\/produit\/nuxe-very-rose-eau-micellaire-demaquillante-apaisante-200-ml\/#breadcrumb\",\"itemListElement\":[{\"@type\":\"ListItem\",\"position\":1,\"name\":\"Accueil\",\"item\":\"https:\/\/paracherkaoui.ma\/\"},{\"@type\":\"ListItem\",\"position\":2,\"name\":\"Boutique\",\"item\":\"https:\/\/paracherkaoui.ma\/index.php\/boutique\/\"},{\"@type\":\"ListItem\",\"position\":3,\"name\":\"NUXE VERY ROSE EAU MICELLAIRE DEMAQUILLANTE APAISANTE 200 ML\"}]},{\"@type\":\"WebSite\",\"@id\":\"https:\/\/paracherkaoui.ma\/#website\",\"url\":\"https:\/\/paracherkaoui.ma\/\",\"name\":\"Paracherkaoui.ma\",\"description\":\"Achetez en ligne sur Paracherkaoui.ma\",\"potentialAction\":[{\"@type\":\"SearchAction\",\"target\":{\"@type\":\"EntryPoint\",\"urlTemplate\":\"https:\/\/paracherkaoui.ma\/?s={search_term_string}\"},\"query-input\":{\"@type\":\"PropertyValueSpecification\",\"valueRequired\":true,\"valueName\":\"search_term_string\"}}],\"inLanguage\":\"fr-FR\"}]}<\/script>\r\n<!-- \/ Yoast SEO plugin. -->","yoast_head_json":{"title":"NUXE VERY ROSE EAU MICELLAIRE DEMAQUILLANTE APAISANTE 200 ML - Paracherkaoui.ma","robots":{"index":"index","follow":"follow","max-snippet":"max-snippet:-1","max-image-preview":"max-image-preview:large","max-video-preview":"max-video-preview:-1"},"canonical":"https:\/\/paracherkaoui.ma\/index.php\/produit\/nuxe-very-rose-eau-micellaire-demaquillante-apaisante-200-ml\/","og_locale":"fr_FR","og_type":"article","og_title":"NUXE VERY ROSE EAU MICELLAIRE DEMAQUILLANTE APAISANTE 200 ML - Paracherkaoui.ma","og_description":"L&rsquo;EAU MICELLAIRE D\u00c9MAQUILLANTE APAISANTE NUXE VERY ROSE est l&rsquo;alli\u00e9e id\u00e9ale pour un d\u00e9maquillage efficace et respectueux de votre peau. Ses","og_url":"https:\/\/paracherkaoui.ma\/index.php\/produit\/nuxe-very-rose-eau-micellaire-demaquillante-apaisante-200-ml\/","og_site_name":"Paracherkaoui.ma","article_modified_time":"2025-12-12T17:06:36+00:00","og_image":[{"width":700,"height":700,"url":"https:\/\/paracherkaoui.ma\/wp-content\/uploads\/2025\/12\/nuxe-nuxe-very-rose-eau-micellaire-demaquillante-apaisante-200-ml-demaquillants-et-nettoyants.jpg","type":"image\/jpeg"}],"twitter_card":"summary_large_image","twitter_misc":{"Dur\u00e9e de lecture estim\u00e9e":"2 minutes"},"schema":{"@context":"https:\/\/schema.org","@graph":[{"@type":"WebPage","@id":"https:\/\/paracherkaoui.ma\/index.php\/produit\/nuxe-very-rose-eau-micellaire-demaquillante-apaisante-200-ml\/","url":"https:\/\/paracherkaoui.ma\/index.php\/produit\/nuxe-very-rose-eau-micellaire-demaquillante-apaisante-200-ml\/","name":"NUXE VERY ROSE EAU MICELLAIRE DEMAQUILLANTE APAISANTE 200 ML - Paracherkaoui.ma","isPartOf":{"@id":"https:\/\/paracherkaoui.ma\/#website"},"primaryImageOfPage":{"@id":"https:\/\/paracherkaoui.ma\/index.php\/produit\/nuxe-very-rose-eau-micellaire-demaquillante-apaisante-200-ml\/#primaryimage"},"image":{"@id":"https:\/\/paracherkaoui.ma\/index.php\/produit\/nuxe-very-rose-eau-micellaire-demaquillante-apaisante-200-ml\/#primaryimage"},"thumbnailUrl":"https:\/\/paracherkaoui.ma\/wp-content\/uploads\/2025\/12\/nuxe-nuxe-very-rose-eau-micellaire-demaquillante-apaisante-200-ml-demaquillants-et-nettoyants.jpg","datePublished":"2025-12-12T17:06:29+00:00","dateModified":"2025-12-12T17:06:36+00:00","breadcrumb":{"@id":"https:\/\/paracherkaoui.ma\/index.php\/produit\/nuxe-very-rose-eau-micellaire-demaquillante-apaisante-200-ml\/#breadcrumb"},"inLanguage":"fr-FR","potentialAction":[{"@type":"ReadAction","target":["https:\/\/paracherkaoui.ma\/index.php\/produit\/nuxe-very-rose-eau-micellaire-demaquillante-apaisante-200-ml\/"]}]},{"@type":"ImageObject","inLanguage":"fr-FR","@id":"https:\/\/paracherkaoui.ma\/index.php\/produit\/nuxe-very-rose-eau-micellaire-demaquillante-apaisante-200-ml\/#primaryimage","url":"https:\/\/paracherkaoui.ma\/wp-content\/uploads\/2025\/12\/nuxe-nuxe-very-rose-eau-micellaire-demaquillante-apaisante-200-ml-demaquillants-et-nettoyants.jpg","contentUrl":"https:\/\/paracherkaoui.ma\/wp-content\/uploads\/2025\/12\/nuxe-nuxe-very-rose-eau-micellaire-demaquillante-apaisante-200-ml-demaquillants-et-nettoyants.jpg","width":700,"height":700},{"@type":"BreadcrumbList","@id":"https:\/\/paracherkaoui.ma\/index.php\/produit\/nuxe-very-rose-eau-micellaire-demaquillante-apaisante-200-ml\/#breadcrumb","itemListElement":[{"@type":"ListItem","position":1,"name":"Accueil","item":"https:\/\/paracherkaoui.ma\/"},{"@type":"ListItem","position":2,"name":"Boutique","item":"https:\/\/paracherkaoui.ma\/index.php\/boutique\/"},{"@type":"ListItem","position":3,"name":"NUXE VERY ROSE EAU MICELLAIRE DEMAQUILLANTE APAISANTE 200 ML"}]},{"@type":"WebSite","@id":"https:\/\/paracherkaoui.ma\/#website","url":"https:\/\/paracherkaoui.ma\/","name":"Paracherkaoui.ma","description":"Achetez en ligne sur Paracherkaoui.ma","potentialAction":[{"@type":"SearchAction","target":{"@type":"EntryPoint","urlTemplate":"https:\/\/paracherkaoui.ma\/?s={search_term_string}"},"query-input":{"@type":"PropertyValueSpecification","valueRequired":true,"valueName":"search_term_string"}}],"inLanguage":"fr-FR"}]}},"_links":{"self":[{"href":"https:\/\/paracherkaoui.ma\/index.php\/wp-json\/wp\/v2\/product\/21308","targetHints":{"allow":["GET"]}}],"collection":[{"href":"https:\/\/paracherkaoui.ma\/index.php\/wp-json\/wp\/v2\/product"}],"about":[{"href":"https:\/\/paracherkaoui.ma\/index.php\/wp-json\/wp\/v2\/types\/product"}],"replies":[{"embeddable":true,"href":"https:\/\/paracherkaoui.ma\/index.php\/wp-json\/wp\/v2\/comments?post=21308"}],"version-history":[{"count":1,"href":"https:\/\/paracherkaoui.ma\/index.php\/wp-json\/wp\/v2\/product\/21308\/revisions"}],"predecessor-version":[{"id":21366,"href":"https:\/\/paracherkaoui.ma\/index.php\/wp-json\/wp\/v2\/product\/21308\/revisions\/21366"}],"wp:featuredmedia":[{"embeddable":true,"href":"https:\/\/paracherkaoui.ma\/index.php\/wp-json\/wp\/v2\/media\/21365"}],"wp:attachment":[{"href":"https:\/\/paracherkaoui.ma\/index.php\/wp-json\/wp\/v2\/media?parent=21308"}],"wp:term":[{"taxonomy":"product_brand","embeddable":true,"href":"https:\/\/paracherkaoui.ma\/index.php\/wp-json\/wp\/v2\/product_brand?post=21308"},{"taxonomy":"product_cat","embeddable":true,"href":"https:\/\/paracherkaoui.ma\/index.php\/wp-json\/wp\/v2\/product_cat?post=21308"},{"taxonomy":"product_tag","embeddable":true,"href":"https:\/\/paracherkaoui.ma\/index.php\/wp-json\/wp\/v2\/product_tag?post=21308"}],"curies":[{"name":"wp","href":"https:\/\/api.w.org\/{rel}","templated":true}]}}