{"id":21294,"date":"2025-12-12T18:06:29","date_gmt":"2025-12-12T17:06:29","guid":{"rendered":"https:\/\/test.ecbeaute.com\/?post_type=product&#038;p=21294"},"modified":"2025-12-12T18:06:33","modified_gmt":"2025-12-12T17:06:33","slug":"filorga-skin-prep-huile-demaquillante-perfectrice-150-ml","status":"publish","type":"product","link":"https:\/\/paracherkaoui.ma\/index.php\/produit\/filorga-skin-prep-huile-demaquillante-perfectrice-150-ml\/","title":{"rendered":"FILORGA SKIN PREP HUILE DEMAQUILLANTE PERFECTRICE 150 ML"},"content":{"rendered":"<p>Cette huile nettoyante haut de gamme est con\u00e7ue pour \u00e9liminer efficacement maquillage, impuret\u00e9s et exc\u00e8s de s\u00e9bum, tout en nourrissant et apaisant la peau.<br \/>\nSa formule unique, enrichie en om\u00e9ga 6 hydratants et vitamine E r\u00e9g\u00e9n\u00e9rante, respecte la barri\u00e8re cutan\u00e9e et assure un nettoyage en profondeur sans agresser la peau. Adapt\u00e9e \u00e0 tous les types de peaux, m\u00eame sensibles, elle convient parfaitement au d\u00e9maquillage des yeux, m\u00eame avec des produits waterproof.<br \/>\nSa texture huile non grasse, qui se transforme en lait au contact de la peau, offre une exp\u00e9rience sensorielle douce et efficace. R\u00e9sultat : une peau parfaitement nettoy\u00e9e, souple, \u00e9clatante et pr\u00eate \u00e0 recevoir les soins suivants.<br \/>\nSans parfum, sans huile min\u00e9rale, 100 % d\u2019ingr\u00e9dients d\u2019origine naturelle et non com\u00e9dog\u00e8ne, cette huile coche toutes les cases pour une routine de soin s\u00fbre et performante.<br \/>\nConseils d&rsquo;utilisation:<br \/>\nAppliquer 1 \u00e0 2 pressions dans le creux des mains s\u00e8ches.<br \/>\nMasser d\u00e9licatement sur peau s\u00e8che, visage et yeux ferm\u00e9s.<br \/>\nAjouter un peu d\u2019eau pour \u00e9mulsionner : l\u2019huile devient un lait.<br \/>\nRincer abondamment \u00e0 l\u2019eau ti\u00e8de.<br \/>\nUtiliser matin et\/ou soir selon vos besoins.<br \/>\nComposition :<br \/>\nHELIANTHUS ANNUUS (SUNFLOWER) SEED OIL, DECYL OLEATE, POLYGLYCERYL-4 OLEATE,POLYGLYCERYL-2 SESQUIOLEATE, AQUA (WATER, EAU), TOCOPHEROL, HYDROGENATED PALM GLYCERIDES, CITRATE<\/p>\n","protected":false},"excerpt":{"rendered":"<p>Cette huile nettoyante haut de gamme est con\u00e7ue pour \u00e9liminer efficacement maquillage, impuret\u00e9s et exc\u00e8s de s\u00e9bum, tout en nourrissant<\/p>\n","protected":false},"featured_media":21337,"comment_status":"open","ping_status":"closed","template":"","meta":[],"product_brand":[141],"product_cat":[346],"product_tag":[],"class_list":{"0":"post-21294","1":"product","2":"type-product","3":"status-publish","4":"has-post-thumbnail","6":"product_brand-filorga","7":"product_cat-demaquillants-et-nettoyants","9":"first","10":"instock","11":"sale","12":"shipping-taxable","13":"purchasable","14":"product-type-simple"},"yoast_head":"<!-- This site is optimized with the Yoast SEO plugin v26.6 - https:\/\/yoast.com\/wordpress\/plugins\/seo\/ -->\r\n<title>FILORGA SKIN PREP HUILE DEMAQUILLANTE PERFECTRICE 150 ML - Paracherkaoui.ma<\/title>\r\n<meta name=\"robots\" content=\"index, follow, max-snippet:-1, max-image-preview:large, max-video-preview:-1\" \/>\r\n<link rel=\"canonical\" href=\"https:\/\/paracherkaoui.ma\/index.php\/produit\/filorga-skin-prep-huile-demaquillante-perfectrice-150-ml\/\" \/>\r\n<meta property=\"og:locale\" content=\"fr_FR\" \/>\r\n<meta property=\"og:type\" content=\"article\" \/>\r\n<meta property=\"og:title\" content=\"FILORGA SKIN PREP HUILE DEMAQUILLANTE PERFECTRICE 150 ML - Paracherkaoui.ma\" \/>\r\n<meta property=\"og:description\" content=\"Cette huile nettoyante haut de gamme est con\u00e7ue pour \u00e9liminer efficacement maquillage, impuret\u00e9s et exc\u00e8s de s\u00e9bum, tout en nourrissant\" \/>\r\n<meta property=\"og:url\" content=\"https:\/\/paracherkaoui.ma\/index.php\/produit\/filorga-skin-prep-huile-demaquillante-perfectrice-150-ml\/\" \/>\r\n<meta property=\"og:site_name\" content=\"Paracherkaoui.ma\" \/>\r\n<meta property=\"article:modified_time\" content=\"2025-12-12T17:06:33+00:00\" \/>\r\n<meta property=\"og:image\" content=\"https:\/\/paracherkaoui.ma\/wp-content\/uploads\/2025\/12\/filorga-skin-prep-huile-demaquillante-perfectrice-150-ml.jpg\" \/>\r\n\t<meta property=\"og:image:width\" content=\"700\" \/>\r\n\t<meta property=\"og:image:height\" content=\"700\" \/>\r\n\t<meta property=\"og:image:type\" content=\"image\/jpeg\" \/>\r\n<meta name=\"twitter:card\" content=\"summary_large_image\" \/>\r\n<meta name=\"twitter:label1\" content=\"Dur\u00e9e de lecture estim\u00e9e\" \/>\n\t<meta name=\"twitter:data1\" content=\"1 minute\" \/>\r\n<script type=\"application\/ld+json\" class=\"yoast-schema-graph\">{\"@context\":\"https:\/\/schema.org\",\"@graph\":[{\"@type\":\"WebPage\",\"@id\":\"https:\/\/paracherkaoui.ma\/index.php\/produit\/filorga-skin-prep-huile-demaquillante-perfectrice-150-ml\/\",\"url\":\"https:\/\/paracherkaoui.ma\/index.php\/produit\/filorga-skin-prep-huile-demaquillante-perfectrice-150-ml\/\",\"name\":\"FILORGA SKIN PREP HUILE DEMAQUILLANTE PERFECTRICE 150 ML - Paracherkaoui.ma\",\"isPartOf\":{\"@id\":\"https:\/\/paracherkaoui.ma\/#website\"},\"primaryImageOfPage\":{\"@id\":\"https:\/\/paracherkaoui.ma\/index.php\/produit\/filorga-skin-prep-huile-demaquillante-perfectrice-150-ml\/#primaryimage\"},\"image\":{\"@id\":\"https:\/\/paracherkaoui.ma\/index.php\/produit\/filorga-skin-prep-huile-demaquillante-perfectrice-150-ml\/#primaryimage\"},\"thumbnailUrl\":\"https:\/\/paracherkaoui.ma\/wp-content\/uploads\/2025\/12\/filorga-skin-prep-huile-demaquillante-perfectrice-150-ml.jpg\",\"datePublished\":\"2025-12-12T17:06:29+00:00\",\"dateModified\":\"2025-12-12T17:06:33+00:00\",\"breadcrumb\":{\"@id\":\"https:\/\/paracherkaoui.ma\/index.php\/produit\/filorga-skin-prep-huile-demaquillante-perfectrice-150-ml\/#breadcrumb\"},\"inLanguage\":\"fr-FR\",\"potentialAction\":[{\"@type\":\"ReadAction\",\"target\":[\"https:\/\/paracherkaoui.ma\/index.php\/produit\/filorga-skin-prep-huile-demaquillante-perfectrice-150-ml\/\"]}]},{\"@type\":\"ImageObject\",\"inLanguage\":\"fr-FR\",\"@id\":\"https:\/\/paracherkaoui.ma\/index.php\/produit\/filorga-skin-prep-huile-demaquillante-perfectrice-150-ml\/#primaryimage\",\"url\":\"https:\/\/paracherkaoui.ma\/wp-content\/uploads\/2025\/12\/filorga-skin-prep-huile-demaquillante-perfectrice-150-ml.jpg\",\"contentUrl\":\"https:\/\/paracherkaoui.ma\/wp-content\/uploads\/2025\/12\/filorga-skin-prep-huile-demaquillante-perfectrice-150-ml.jpg\",\"width\":700,\"height\":700},{\"@type\":\"BreadcrumbList\",\"@id\":\"https:\/\/paracherkaoui.ma\/index.php\/produit\/filorga-skin-prep-huile-demaquillante-perfectrice-150-ml\/#breadcrumb\",\"itemListElement\":[{\"@type\":\"ListItem\",\"position\":1,\"name\":\"Accueil\",\"item\":\"https:\/\/paracherkaoui.ma\/\"},{\"@type\":\"ListItem\",\"position\":2,\"name\":\"Boutique\",\"item\":\"https:\/\/paracherkaoui.ma\/index.php\/boutique\/\"},{\"@type\":\"ListItem\",\"position\":3,\"name\":\"FILORGA SKIN PREP HUILE DEMAQUILLANTE PERFECTRICE 150 ML\"}]},{\"@type\":\"WebSite\",\"@id\":\"https:\/\/paracherkaoui.ma\/#website\",\"url\":\"https:\/\/paracherkaoui.ma\/\",\"name\":\"Paracherkaoui.ma\",\"description\":\"Achetez en ligne sur Paracherkaoui.ma\",\"potentialAction\":[{\"@type\":\"SearchAction\",\"target\":{\"@type\":\"EntryPoint\",\"urlTemplate\":\"https:\/\/paracherkaoui.ma\/?s={search_term_string}\"},\"query-input\":{\"@type\":\"PropertyValueSpecification\",\"valueRequired\":true,\"valueName\":\"search_term_string\"}}],\"inLanguage\":\"fr-FR\"}]}<\/script>\r\n<!-- \/ Yoast SEO plugin. -->","yoast_head_json":{"title":"FILORGA SKIN PREP HUILE DEMAQUILLANTE PERFECTRICE 150 ML - Paracherkaoui.ma","robots":{"index":"index","follow":"follow","max-snippet":"max-snippet:-1","max-image-preview":"max-image-preview:large","max-video-preview":"max-video-preview:-1"},"canonical":"https:\/\/paracherkaoui.ma\/index.php\/produit\/filorga-skin-prep-huile-demaquillante-perfectrice-150-ml\/","og_locale":"fr_FR","og_type":"article","og_title":"FILORGA SKIN PREP HUILE DEMAQUILLANTE PERFECTRICE 150 ML - Paracherkaoui.ma","og_description":"Cette huile nettoyante haut de gamme est con\u00e7ue pour \u00e9liminer efficacement maquillage, impuret\u00e9s et exc\u00e8s de s\u00e9bum, tout en nourrissant","og_url":"https:\/\/paracherkaoui.ma\/index.php\/produit\/filorga-skin-prep-huile-demaquillante-perfectrice-150-ml\/","og_site_name":"Paracherkaoui.ma","article_modified_time":"2025-12-12T17:06:33+00:00","og_image":[{"width":700,"height":700,"url":"https:\/\/paracherkaoui.ma\/wp-content\/uploads\/2025\/12\/filorga-skin-prep-huile-demaquillante-perfectrice-150-ml.jpg","type":"image\/jpeg"}],"twitter_card":"summary_large_image","twitter_misc":{"Dur\u00e9e de lecture estim\u00e9e":"1 minute"},"schema":{"@context":"https:\/\/schema.org","@graph":[{"@type":"WebPage","@id":"https:\/\/paracherkaoui.ma\/index.php\/produit\/filorga-skin-prep-huile-demaquillante-perfectrice-150-ml\/","url":"https:\/\/paracherkaoui.ma\/index.php\/produit\/filorga-skin-prep-huile-demaquillante-perfectrice-150-ml\/","name":"FILORGA SKIN PREP HUILE DEMAQUILLANTE PERFECTRICE 150 ML - Paracherkaoui.ma","isPartOf":{"@id":"https:\/\/paracherkaoui.ma\/#website"},"primaryImageOfPage":{"@id":"https:\/\/paracherkaoui.ma\/index.php\/produit\/filorga-skin-prep-huile-demaquillante-perfectrice-150-ml\/#primaryimage"},"image":{"@id":"https:\/\/paracherkaoui.ma\/index.php\/produit\/filorga-skin-prep-huile-demaquillante-perfectrice-150-ml\/#primaryimage"},"thumbnailUrl":"https:\/\/paracherkaoui.ma\/wp-content\/uploads\/2025\/12\/filorga-skin-prep-huile-demaquillante-perfectrice-150-ml.jpg","datePublished":"2025-12-12T17:06:29+00:00","dateModified":"2025-12-12T17:06:33+00:00","breadcrumb":{"@id":"https:\/\/paracherkaoui.ma\/index.php\/produit\/filorga-skin-prep-huile-demaquillante-perfectrice-150-ml\/#breadcrumb"},"inLanguage":"fr-FR","potentialAction":[{"@type":"ReadAction","target":["https:\/\/paracherkaoui.ma\/index.php\/produit\/filorga-skin-prep-huile-demaquillante-perfectrice-150-ml\/"]}]},{"@type":"ImageObject","inLanguage":"fr-FR","@id":"https:\/\/paracherkaoui.ma\/index.php\/produit\/filorga-skin-prep-huile-demaquillante-perfectrice-150-ml\/#primaryimage","url":"https:\/\/paracherkaoui.ma\/wp-content\/uploads\/2025\/12\/filorga-skin-prep-huile-demaquillante-perfectrice-150-ml.jpg","contentUrl":"https:\/\/paracherkaoui.ma\/wp-content\/uploads\/2025\/12\/filorga-skin-prep-huile-demaquillante-perfectrice-150-ml.jpg","width":700,"height":700},{"@type":"BreadcrumbList","@id":"https:\/\/paracherkaoui.ma\/index.php\/produit\/filorga-skin-prep-huile-demaquillante-perfectrice-150-ml\/#breadcrumb","itemListElement":[{"@type":"ListItem","position":1,"name":"Accueil","item":"https:\/\/paracherkaoui.ma\/"},{"@type":"ListItem","position":2,"name":"Boutique","item":"https:\/\/paracherkaoui.ma\/index.php\/boutique\/"},{"@type":"ListItem","position":3,"name":"FILORGA SKIN PREP HUILE DEMAQUILLANTE PERFECTRICE 150 ML"}]},{"@type":"WebSite","@id":"https:\/\/paracherkaoui.ma\/#website","url":"https:\/\/paracherkaoui.ma\/","name":"Paracherkaoui.ma","description":"Achetez en ligne sur Paracherkaoui.ma","potentialAction":[{"@type":"SearchAction","target":{"@type":"EntryPoint","urlTemplate":"https:\/\/paracherkaoui.ma\/?s={search_term_string}"},"query-input":{"@type":"PropertyValueSpecification","valueRequired":true,"valueName":"search_term_string"}}],"inLanguage":"fr-FR"}]}},"_links":{"self":[{"href":"https:\/\/paracherkaoui.ma\/index.php\/wp-json\/wp\/v2\/product\/21294","targetHints":{"allow":["GET"]}}],"collection":[{"href":"https:\/\/paracherkaoui.ma\/index.php\/wp-json\/wp\/v2\/product"}],"about":[{"href":"https:\/\/paracherkaoui.ma\/index.php\/wp-json\/wp\/v2\/types\/product"}],"replies":[{"embeddable":true,"href":"https:\/\/paracherkaoui.ma\/index.php\/wp-json\/wp\/v2\/comments?post=21294"}],"version-history":[{"count":1,"href":"https:\/\/paracherkaoui.ma\/index.php\/wp-json\/wp\/v2\/product\/21294\/revisions"}],"predecessor-version":[{"id":21338,"href":"https:\/\/paracherkaoui.ma\/index.php\/wp-json\/wp\/v2\/product\/21294\/revisions\/21338"}],"wp:featuredmedia":[{"embeddable":true,"href":"https:\/\/paracherkaoui.ma\/index.php\/wp-json\/wp\/v2\/media\/21337"}],"wp:attachment":[{"href":"https:\/\/paracherkaoui.ma\/index.php\/wp-json\/wp\/v2\/media?parent=21294"}],"wp:term":[{"taxonomy":"product_brand","embeddable":true,"href":"https:\/\/paracherkaoui.ma\/index.php\/wp-json\/wp\/v2\/product_brand?post=21294"},{"taxonomy":"product_cat","embeddable":true,"href":"https:\/\/paracherkaoui.ma\/index.php\/wp-json\/wp\/v2\/product_cat?post=21294"},{"taxonomy":"product_tag","embeddable":true,"href":"https:\/\/paracherkaoui.ma\/index.php\/wp-json\/wp\/v2\/product_tag?post=21294"}],"curies":[{"name":"wp","href":"https:\/\/api.w.org\/{rel}","templated":true}]}}