{"id":21229,"date":"2025-12-12T18:06:11","date_gmt":"2025-12-12T17:06:11","guid":{"rendered":"https:\/\/test.ecbeaute.com\/?post_type=product&#038;p=21229"},"modified":"2025-12-12T18:06:13","modified_gmt":"2025-12-12T17:06:13","slug":"hd-cosmetics-melan-txa-daily-peeling-toner-125-ml","status":"publish","type":"product","link":"https:\/\/paracherkaoui.ma\/index.php\/produit\/hd-cosmetics-melan-txa-daily-peeling-toner-125-ml\/","title":{"rendered":"HD COSMETICS MELAN TXA DAILY PEELING TONER 125 ML"},"content":{"rendered":"<p>D\u00e9couvrez le HD Cosmetics Melan TXA Daily Peeling Toner, l&rsquo;alli\u00e9 indispensable pour une peau \u00e9clatante et un teint unifi\u00e9. Con\u00e7u pour tous types de peaux, ce toner exfoliant et d\u00e9pigmentant pr\u00e9pare efficacement votre peau \u00e0 recevoir les soins suivants de votre routine beaut\u00e9. Sa formule innovante permet une meilleure absorption des actifs, maximisant ainsi les effets de vos s\u00e9rums et cr\u00e8mes pr\u00e9f\u00e9r\u00e9s.<br \/>\nGr\u00e2ce \u00e0 son action cibl\u00e9e, ce toner r\u00e9duit visiblement les taches brunes et les irr\u00e9gularit\u00e9s du teint, offrant une peau plus lumineuse et homog\u00e8ne. Il agit en douceur pour \u00e9liminer les cellules mortes, r\u00e9v\u00e9lant une peau fra\u00eeche et revitalis\u00e9e apr\u00e8s chaque utilisation. Avec une contenance g\u00e9n\u00e9reuse de 125 ml, il s&rsquo;int\u00e8gre parfaitement dans votre routine quotidienne pour des r\u00e9sultats progressifs et durables.<br \/>\nAdoptez le Melan TXA Daily Peeling Toner pour pr\u00e9parer votre peau, booster l\u2019efficacit\u00e9 de vos soins et retrouver un teint \u00e9clatant et uniforme.<br \/>\nConseils d&rsquo;utilisation :<br \/>\nAppliquez le toner matin et soir sur une peau propre.<br \/>\nImbibez un coton et passez-le d\u00e9licatement sur le visage et le cou.<br \/>\n\u00c9vitez le contour des yeux.<\/p>\n","protected":false},"excerpt":{"rendered":"<p>D\u00e9couvrez le HD Cosmetics Melan TXA Daily Peeling Toner, l&rsquo;alli\u00e9 indispensable pour une peau \u00e9clatante et un teint unifi\u00e9. Con\u00e7u<\/p>\n","protected":false},"featured_media":21257,"comment_status":"open","ping_status":"closed","template":"","meta":[],"product_brand":[320],"product_cat":[346],"product_tag":[],"class_list":{"0":"post-21229","1":"product","2":"type-product","3":"status-publish","4":"has-post-thumbnail","6":"product_brand-hd-cosmetics-effeciency","7":"product_cat-demaquillants-et-nettoyants","9":"first","10":"instock","11":"sale","12":"shipping-taxable","13":"purchasable","14":"product-type-simple"},"yoast_head":"<!-- This site is optimized with the Yoast SEO plugin v26.6 - https:\/\/yoast.com\/wordpress\/plugins\/seo\/ -->\r\n<title>HD COSMETICS MELAN TXA DAILY PEELING TONER 125 ML - Paracherkaoui.ma<\/title>\r\n<meta name=\"robots\" content=\"index, follow, max-snippet:-1, max-image-preview:large, max-video-preview:-1\" \/>\r\n<link rel=\"canonical\" href=\"https:\/\/paracherkaoui.ma\/index.php\/produit\/hd-cosmetics-melan-txa-daily-peeling-toner-125-ml\/\" \/>\r\n<meta property=\"og:locale\" content=\"fr_FR\" \/>\r\n<meta property=\"og:type\" content=\"article\" \/>\r\n<meta property=\"og:title\" content=\"HD COSMETICS MELAN TXA DAILY PEELING TONER 125 ML - Paracherkaoui.ma\" \/>\r\n<meta property=\"og:description\" content=\"D\u00e9couvrez le HD Cosmetics Melan TXA Daily Peeling Toner, l&rsquo;alli\u00e9 indispensable pour une peau \u00e9clatante et un teint unifi\u00e9. Con\u00e7u\" \/>\r\n<meta property=\"og:url\" content=\"https:\/\/paracherkaoui.ma\/index.php\/produit\/hd-cosmetics-melan-txa-daily-peeling-toner-125-ml\/\" \/>\r\n<meta property=\"og:site_name\" content=\"Paracherkaoui.ma\" \/>\r\n<meta property=\"article:modified_time\" content=\"2025-12-12T17:06:13+00:00\" \/>\r\n<meta property=\"og:image\" content=\"https:\/\/paracherkaoui.ma\/wp-content\/uploads\/2025\/12\/hd-cosmetics-effeciency-hd-cosmetics-melan-txa-daily-peeling-toner-125-ml-demaquillants-et-nettoyants.jpg\" \/>\r\n\t<meta property=\"og:image:width\" content=\"700\" \/>\r\n\t<meta property=\"og:image:height\" content=\"700\" \/>\r\n\t<meta property=\"og:image:type\" content=\"image\/jpeg\" \/>\r\n<meta name=\"twitter:card\" content=\"summary_large_image\" \/>\r\n<meta name=\"twitter:label1\" content=\"Dur\u00e9e de lecture estim\u00e9e\" \/>\n\t<meta name=\"twitter:data1\" content=\"1 minute\" \/>\r\n<script type=\"application\/ld+json\" class=\"yoast-schema-graph\">{\"@context\":\"https:\/\/schema.org\",\"@graph\":[{\"@type\":\"WebPage\",\"@id\":\"https:\/\/paracherkaoui.ma\/index.php\/produit\/hd-cosmetics-melan-txa-daily-peeling-toner-125-ml\/\",\"url\":\"https:\/\/paracherkaoui.ma\/index.php\/produit\/hd-cosmetics-melan-txa-daily-peeling-toner-125-ml\/\",\"name\":\"HD COSMETICS MELAN TXA DAILY PEELING TONER 125 ML - Paracherkaoui.ma\",\"isPartOf\":{\"@id\":\"https:\/\/paracherkaoui.ma\/#website\"},\"primaryImageOfPage\":{\"@id\":\"https:\/\/paracherkaoui.ma\/index.php\/produit\/hd-cosmetics-melan-txa-daily-peeling-toner-125-ml\/#primaryimage\"},\"image\":{\"@id\":\"https:\/\/paracherkaoui.ma\/index.php\/produit\/hd-cosmetics-melan-txa-daily-peeling-toner-125-ml\/#primaryimage\"},\"thumbnailUrl\":\"https:\/\/paracherkaoui.ma\/wp-content\/uploads\/2025\/12\/hd-cosmetics-effeciency-hd-cosmetics-melan-txa-daily-peeling-toner-125-ml-demaquillants-et-nettoyants.jpg\",\"datePublished\":\"2025-12-12T17:06:11+00:00\",\"dateModified\":\"2025-12-12T17:06:13+00:00\",\"breadcrumb\":{\"@id\":\"https:\/\/paracherkaoui.ma\/index.php\/produit\/hd-cosmetics-melan-txa-daily-peeling-toner-125-ml\/#breadcrumb\"},\"inLanguage\":\"fr-FR\",\"potentialAction\":[{\"@type\":\"ReadAction\",\"target\":[\"https:\/\/paracherkaoui.ma\/index.php\/produit\/hd-cosmetics-melan-txa-daily-peeling-toner-125-ml\/\"]}]},{\"@type\":\"ImageObject\",\"inLanguage\":\"fr-FR\",\"@id\":\"https:\/\/paracherkaoui.ma\/index.php\/produit\/hd-cosmetics-melan-txa-daily-peeling-toner-125-ml\/#primaryimage\",\"url\":\"https:\/\/paracherkaoui.ma\/wp-content\/uploads\/2025\/12\/hd-cosmetics-effeciency-hd-cosmetics-melan-txa-daily-peeling-toner-125-ml-demaquillants-et-nettoyants.jpg\",\"contentUrl\":\"https:\/\/paracherkaoui.ma\/wp-content\/uploads\/2025\/12\/hd-cosmetics-effeciency-hd-cosmetics-melan-txa-daily-peeling-toner-125-ml-demaquillants-et-nettoyants.jpg\",\"width\":700,\"height\":700},{\"@type\":\"BreadcrumbList\",\"@id\":\"https:\/\/paracherkaoui.ma\/index.php\/produit\/hd-cosmetics-melan-txa-daily-peeling-toner-125-ml\/#breadcrumb\",\"itemListElement\":[{\"@type\":\"ListItem\",\"position\":1,\"name\":\"Accueil\",\"item\":\"https:\/\/paracherkaoui.ma\/\"},{\"@type\":\"ListItem\",\"position\":2,\"name\":\"Boutique\",\"item\":\"https:\/\/paracherkaoui.ma\/index.php\/boutique\/\"},{\"@type\":\"ListItem\",\"position\":3,\"name\":\"HD COSMETICS MELAN TXA DAILY PEELING TONER 125 ML\"}]},{\"@type\":\"WebSite\",\"@id\":\"https:\/\/paracherkaoui.ma\/#website\",\"url\":\"https:\/\/paracherkaoui.ma\/\",\"name\":\"Paracherkaoui.ma\",\"description\":\"Achetez en ligne sur Paracherkaoui.ma\",\"potentialAction\":[{\"@type\":\"SearchAction\",\"target\":{\"@type\":\"EntryPoint\",\"urlTemplate\":\"https:\/\/paracherkaoui.ma\/?s={search_term_string}\"},\"query-input\":{\"@type\":\"PropertyValueSpecification\",\"valueRequired\":true,\"valueName\":\"search_term_string\"}}],\"inLanguage\":\"fr-FR\"}]}<\/script>\r\n<!-- \/ Yoast SEO plugin. -->","yoast_head_json":{"title":"HD COSMETICS MELAN TXA DAILY PEELING TONER 125 ML - Paracherkaoui.ma","robots":{"index":"index","follow":"follow","max-snippet":"max-snippet:-1","max-image-preview":"max-image-preview:large","max-video-preview":"max-video-preview:-1"},"canonical":"https:\/\/paracherkaoui.ma\/index.php\/produit\/hd-cosmetics-melan-txa-daily-peeling-toner-125-ml\/","og_locale":"fr_FR","og_type":"article","og_title":"HD COSMETICS MELAN TXA DAILY PEELING TONER 125 ML - Paracherkaoui.ma","og_description":"D\u00e9couvrez le HD Cosmetics Melan TXA Daily Peeling Toner, l&rsquo;alli\u00e9 indispensable pour une peau \u00e9clatante et un teint unifi\u00e9. Con\u00e7u","og_url":"https:\/\/paracherkaoui.ma\/index.php\/produit\/hd-cosmetics-melan-txa-daily-peeling-toner-125-ml\/","og_site_name":"Paracherkaoui.ma","article_modified_time":"2025-12-12T17:06:13+00:00","og_image":[{"width":700,"height":700,"url":"https:\/\/paracherkaoui.ma\/wp-content\/uploads\/2025\/12\/hd-cosmetics-effeciency-hd-cosmetics-melan-txa-daily-peeling-toner-125-ml-demaquillants-et-nettoyants.jpg","type":"image\/jpeg"}],"twitter_card":"summary_large_image","twitter_misc":{"Dur\u00e9e de lecture estim\u00e9e":"1 minute"},"schema":{"@context":"https:\/\/schema.org","@graph":[{"@type":"WebPage","@id":"https:\/\/paracherkaoui.ma\/index.php\/produit\/hd-cosmetics-melan-txa-daily-peeling-toner-125-ml\/","url":"https:\/\/paracherkaoui.ma\/index.php\/produit\/hd-cosmetics-melan-txa-daily-peeling-toner-125-ml\/","name":"HD COSMETICS MELAN TXA DAILY PEELING TONER 125 ML - Paracherkaoui.ma","isPartOf":{"@id":"https:\/\/paracherkaoui.ma\/#website"},"primaryImageOfPage":{"@id":"https:\/\/paracherkaoui.ma\/index.php\/produit\/hd-cosmetics-melan-txa-daily-peeling-toner-125-ml\/#primaryimage"},"image":{"@id":"https:\/\/paracherkaoui.ma\/index.php\/produit\/hd-cosmetics-melan-txa-daily-peeling-toner-125-ml\/#primaryimage"},"thumbnailUrl":"https:\/\/paracherkaoui.ma\/wp-content\/uploads\/2025\/12\/hd-cosmetics-effeciency-hd-cosmetics-melan-txa-daily-peeling-toner-125-ml-demaquillants-et-nettoyants.jpg","datePublished":"2025-12-12T17:06:11+00:00","dateModified":"2025-12-12T17:06:13+00:00","breadcrumb":{"@id":"https:\/\/paracherkaoui.ma\/index.php\/produit\/hd-cosmetics-melan-txa-daily-peeling-toner-125-ml\/#breadcrumb"},"inLanguage":"fr-FR","potentialAction":[{"@type":"ReadAction","target":["https:\/\/paracherkaoui.ma\/index.php\/produit\/hd-cosmetics-melan-txa-daily-peeling-toner-125-ml\/"]}]},{"@type":"ImageObject","inLanguage":"fr-FR","@id":"https:\/\/paracherkaoui.ma\/index.php\/produit\/hd-cosmetics-melan-txa-daily-peeling-toner-125-ml\/#primaryimage","url":"https:\/\/paracherkaoui.ma\/wp-content\/uploads\/2025\/12\/hd-cosmetics-effeciency-hd-cosmetics-melan-txa-daily-peeling-toner-125-ml-demaquillants-et-nettoyants.jpg","contentUrl":"https:\/\/paracherkaoui.ma\/wp-content\/uploads\/2025\/12\/hd-cosmetics-effeciency-hd-cosmetics-melan-txa-daily-peeling-toner-125-ml-demaquillants-et-nettoyants.jpg","width":700,"height":700},{"@type":"BreadcrumbList","@id":"https:\/\/paracherkaoui.ma\/index.php\/produit\/hd-cosmetics-melan-txa-daily-peeling-toner-125-ml\/#breadcrumb","itemListElement":[{"@type":"ListItem","position":1,"name":"Accueil","item":"https:\/\/paracherkaoui.ma\/"},{"@type":"ListItem","position":2,"name":"Boutique","item":"https:\/\/paracherkaoui.ma\/index.php\/boutique\/"},{"@type":"ListItem","position":3,"name":"HD COSMETICS MELAN TXA DAILY PEELING TONER 125 ML"}]},{"@type":"WebSite","@id":"https:\/\/paracherkaoui.ma\/#website","url":"https:\/\/paracherkaoui.ma\/","name":"Paracherkaoui.ma","description":"Achetez en ligne sur Paracherkaoui.ma","potentialAction":[{"@type":"SearchAction","target":{"@type":"EntryPoint","urlTemplate":"https:\/\/paracherkaoui.ma\/?s={search_term_string}"},"query-input":{"@type":"PropertyValueSpecification","valueRequired":true,"valueName":"search_term_string"}}],"inLanguage":"fr-FR"}]}},"_links":{"self":[{"href":"https:\/\/paracherkaoui.ma\/index.php\/wp-json\/wp\/v2\/product\/21229","targetHints":{"allow":["GET"]}}],"collection":[{"href":"https:\/\/paracherkaoui.ma\/index.php\/wp-json\/wp\/v2\/product"}],"about":[{"href":"https:\/\/paracherkaoui.ma\/index.php\/wp-json\/wp\/v2\/types\/product"}],"replies":[{"embeddable":true,"href":"https:\/\/paracherkaoui.ma\/index.php\/wp-json\/wp\/v2\/comments?post=21229"}],"version-history":[{"count":1,"href":"https:\/\/paracherkaoui.ma\/index.php\/wp-json\/wp\/v2\/product\/21229\/revisions"}],"predecessor-version":[{"id":21258,"href":"https:\/\/paracherkaoui.ma\/index.php\/wp-json\/wp\/v2\/product\/21229\/revisions\/21258"}],"wp:featuredmedia":[{"embeddable":true,"href":"https:\/\/paracherkaoui.ma\/index.php\/wp-json\/wp\/v2\/media\/21257"}],"wp:attachment":[{"href":"https:\/\/paracherkaoui.ma\/index.php\/wp-json\/wp\/v2\/media?parent=21229"}],"wp:term":[{"taxonomy":"product_brand","embeddable":true,"href":"https:\/\/paracherkaoui.ma\/index.php\/wp-json\/wp\/v2\/product_brand?post=21229"},{"taxonomy":"product_cat","embeddable":true,"href":"https:\/\/paracherkaoui.ma\/index.php\/wp-json\/wp\/v2\/product_cat?post=21229"},{"taxonomy":"product_tag","embeddable":true,"href":"https:\/\/paracherkaoui.ma\/index.php\/wp-json\/wp\/v2\/product_tag?post=21229"}],"curies":[{"name":"wp","href":"https:\/\/api.w.org\/{rel}","templated":true}]}}