{"id":21140,"date":"2025-12-12T18:06:04","date_gmt":"2025-12-12T17:06:04","guid":{"rendered":"https:\/\/test.ecbeaute.com\/?post_type=product&#038;p=21140"},"modified":"2025-12-12T18:06:07","modified_gmt":"2025-12-12T17:06:07","slug":"vichy-purete-thermale-gel-frais-nettoyant-200-ml-2","status":"publish","type":"product","link":"https:\/\/paracherkaoui.ma\/index.php\/produit\/vichy-purete-thermale-gel-frais-nettoyant-200-ml-2\/","title":{"rendered":"VICHY PURETE THERMALE GEL FRAIS NETTOYANT 200 ML"},"content":{"rendered":"<p>Enrichi en Eau Thermale Min\u00e9ralisante de Vichy, il prot\u00e8ge la peau du dess\u00e8chement tout en renfor\u00e7ant la barri\u00e8re cutan\u00e9e jour apr\u00e8s jour. Cette eau unique, puis\u00e9e au c\u0153ur des volcans d&rsquo;Auvergne, est connue pour ses propri\u00e9t\u00e9s apaisantes, fortifiantes et r\u00e9g\u00e9n\u00e9rantes.<br \/>\nGr\u00e2ce \u00e0 la pr\u00e9sence d\u2019extraits de Moringa, reconnus pour leurs vertus purifiantes et antibact\u00e9riennes, ce nettoyant \u00e9limine en douceur les impuret\u00e9s, les particules de pollution et l\u2019exc\u00e8s de s\u00e9bum qui peuvent obstruer les pores et ternir le teint. R\u00e9sultat : une peau fra\u00eeche, douce, lisse et un teint visiblement raviv\u00e9 d\u00e8s la premi\u00e8re utilisation.<br \/>\nCon\u00e7u pour respecter les \u00e9pidermes les plus d\u00e9licats, ce gel est hypoallerg\u00e9nique, sans savon, sans parab\u00e8ne et a \u00e9t\u00e9 test\u00e9 sous contr\u00f4le dermatologique.<br \/>\n86 % des femmes l&rsquo;ont trouv\u00e9 plus agr\u00e9able que leur nettoyant habituel.*<br \/>\nConseils d\u2019utilisation<br \/>\nAppliquez le gel nettoyant sur le visage pr\u00e9alablement humide, en \u00e9vitant le contour des yeux.<br \/>\nMassez d\u00e9licatement par mouvements circulaires pour activer la microcirculation et d\u00e9sincruster les impuret\u00e9s.<br \/>\nRincez soigneusement \u00e0 l\u2019eau claire.<br \/>\n\u00c0 utiliser matin et soir pour une efficacit\u00e9 optimale.<br \/>\nComposition<br \/>\nAQUA \/ WATER, GLYCERIN, COCO-BETAINE, SODIUM COCOYL GLYCINATE, PEG-120 METHYL GLUCOSE DIOLEATE, SODIUM CHLORIDE, DIPROPYLENE GLYCOL, LAURIC ACID, TRIETHANOLAMINE, MORINGA PTERYGOSPERMA SEED EXTRACT, PHENOXYETHANOL, CAPRYLYL GLYCOL, CITRIC ACID, TETRASODIUM EDTA, PARFUM \/ FRAGRANCE<\/p>\n","protected":false},"excerpt":{"rendered":"<p>Enrichi en Eau Thermale Min\u00e9ralisante de Vichy, il prot\u00e8ge la peau du dess\u00e8chement tout en renfor\u00e7ant la barri\u00e8re cutan\u00e9e jour<\/p>\n","protected":false},"featured_media":12361,"comment_status":"open","ping_status":"closed","template":"","meta":[],"product_brand":[139],"product_cat":[346],"product_tag":[],"class_list":{"0":"post-21140","1":"product","2":"type-product","3":"status-publish","4":"has-post-thumbnail","6":"product_brand-vichy","7":"product_cat-demaquillants-et-nettoyants","9":"first","10":"instock","11":"sale","12":"shipping-taxable","13":"purchasable","14":"product-type-simple"},"yoast_head":"<!-- This site is optimized with the Yoast SEO plugin v26.6 - https:\/\/yoast.com\/wordpress\/plugins\/seo\/ -->\r\n<title>VICHY PURETE THERMALE GEL FRAIS NETTOYANT 200 ML - Paracherkaoui.ma<\/title>\r\n<meta name=\"robots\" content=\"index, follow, max-snippet:-1, max-image-preview:large, max-video-preview:-1\" \/>\r\n<link rel=\"canonical\" href=\"https:\/\/paracherkaoui.ma\/index.php\/produit\/vichy-purete-thermale-gel-frais-nettoyant-200-ml-2\/\" \/>\r\n<meta property=\"og:locale\" content=\"fr_FR\" \/>\r\n<meta property=\"og:type\" content=\"article\" \/>\r\n<meta property=\"og:title\" content=\"VICHY PURETE THERMALE GEL FRAIS NETTOYANT 200 ML - Paracherkaoui.ma\" \/>\r\n<meta property=\"og:description\" content=\"Enrichi en Eau Thermale Min\u00e9ralisante de Vichy, il prot\u00e8ge la peau du dess\u00e8chement tout en renfor\u00e7ant la barri\u00e8re cutan\u00e9e jour\" \/>\r\n<meta property=\"og:url\" content=\"https:\/\/paracherkaoui.ma\/index.php\/produit\/vichy-purete-thermale-gel-frais-nettoyant-200-ml-2\/\" \/>\r\n<meta property=\"og:site_name\" content=\"Paracherkaoui.ma\" \/>\r\n<meta property=\"article:modified_time\" content=\"2025-12-12T17:06:07+00:00\" \/>\r\n<meta property=\"og:image\" content=\"https:\/\/paracherkaoui.ma\/wp-content\/uploads\/2025\/12\/vichy-vichy-purete-thermale-gel-frais-nettoyant-200-ml-accueil.jpg\" \/>\r\n\t<meta property=\"og:image:width\" content=\"700\" \/>\r\n\t<meta property=\"og:image:height\" content=\"700\" \/>\r\n\t<meta property=\"og:image:type\" content=\"image\/jpeg\" \/>\r\n<meta name=\"twitter:card\" content=\"summary_large_image\" \/>\r\n<meta name=\"twitter:label1\" content=\"Dur\u00e9e de lecture estim\u00e9e\" \/>\n\t<meta name=\"twitter:data1\" content=\"1 minute\" \/>\r\n<script type=\"application\/ld+json\" class=\"yoast-schema-graph\">{\"@context\":\"https:\/\/schema.org\",\"@graph\":[{\"@type\":\"WebPage\",\"@id\":\"https:\/\/paracherkaoui.ma\/index.php\/produit\/vichy-purete-thermale-gel-frais-nettoyant-200-ml-2\/\",\"url\":\"https:\/\/paracherkaoui.ma\/index.php\/produit\/vichy-purete-thermale-gel-frais-nettoyant-200-ml-2\/\",\"name\":\"VICHY PURETE THERMALE GEL FRAIS NETTOYANT 200 ML - Paracherkaoui.ma\",\"isPartOf\":{\"@id\":\"https:\/\/paracherkaoui.ma\/#website\"},\"primaryImageOfPage\":{\"@id\":\"https:\/\/paracherkaoui.ma\/index.php\/produit\/vichy-purete-thermale-gel-frais-nettoyant-200-ml-2\/#primaryimage\"},\"image\":{\"@id\":\"https:\/\/paracherkaoui.ma\/index.php\/produit\/vichy-purete-thermale-gel-frais-nettoyant-200-ml-2\/#primaryimage\"},\"thumbnailUrl\":\"https:\/\/paracherkaoui.ma\/wp-content\/uploads\/2025\/12\/vichy-vichy-purete-thermale-gel-frais-nettoyant-200-ml-accueil.jpg\",\"datePublished\":\"2025-12-12T17:06:04+00:00\",\"dateModified\":\"2025-12-12T17:06:07+00:00\",\"breadcrumb\":{\"@id\":\"https:\/\/paracherkaoui.ma\/index.php\/produit\/vichy-purete-thermale-gel-frais-nettoyant-200-ml-2\/#breadcrumb\"},\"inLanguage\":\"fr-FR\",\"potentialAction\":[{\"@type\":\"ReadAction\",\"target\":[\"https:\/\/paracherkaoui.ma\/index.php\/produit\/vichy-purete-thermale-gel-frais-nettoyant-200-ml-2\/\"]}]},{\"@type\":\"ImageObject\",\"inLanguage\":\"fr-FR\",\"@id\":\"https:\/\/paracherkaoui.ma\/index.php\/produit\/vichy-purete-thermale-gel-frais-nettoyant-200-ml-2\/#primaryimage\",\"url\":\"https:\/\/paracherkaoui.ma\/wp-content\/uploads\/2025\/12\/vichy-vichy-purete-thermale-gel-frais-nettoyant-200-ml-accueil.jpg\",\"contentUrl\":\"https:\/\/paracherkaoui.ma\/wp-content\/uploads\/2025\/12\/vichy-vichy-purete-thermale-gel-frais-nettoyant-200-ml-accueil.jpg\",\"width\":700,\"height\":700},{\"@type\":\"BreadcrumbList\",\"@id\":\"https:\/\/paracherkaoui.ma\/index.php\/produit\/vichy-purete-thermale-gel-frais-nettoyant-200-ml-2\/#breadcrumb\",\"itemListElement\":[{\"@type\":\"ListItem\",\"position\":1,\"name\":\"Accueil\",\"item\":\"https:\/\/paracherkaoui.ma\/\"},{\"@type\":\"ListItem\",\"position\":2,\"name\":\"Boutique\",\"item\":\"https:\/\/paracherkaoui.ma\/index.php\/boutique\/\"},{\"@type\":\"ListItem\",\"position\":3,\"name\":\"VICHY PURETE THERMALE GEL FRAIS NETTOYANT 200 ML\"}]},{\"@type\":\"WebSite\",\"@id\":\"https:\/\/paracherkaoui.ma\/#website\",\"url\":\"https:\/\/paracherkaoui.ma\/\",\"name\":\"Paracherkaoui.ma\",\"description\":\"Achetez en ligne sur Paracherkaoui.ma\",\"potentialAction\":[{\"@type\":\"SearchAction\",\"target\":{\"@type\":\"EntryPoint\",\"urlTemplate\":\"https:\/\/paracherkaoui.ma\/?s={search_term_string}\"},\"query-input\":{\"@type\":\"PropertyValueSpecification\",\"valueRequired\":true,\"valueName\":\"search_term_string\"}}],\"inLanguage\":\"fr-FR\"}]}<\/script>\r\n<!-- \/ Yoast SEO plugin. -->","yoast_head_json":{"title":"VICHY PURETE THERMALE GEL FRAIS NETTOYANT 200 ML - Paracherkaoui.ma","robots":{"index":"index","follow":"follow","max-snippet":"max-snippet:-1","max-image-preview":"max-image-preview:large","max-video-preview":"max-video-preview:-1"},"canonical":"https:\/\/paracherkaoui.ma\/index.php\/produit\/vichy-purete-thermale-gel-frais-nettoyant-200-ml-2\/","og_locale":"fr_FR","og_type":"article","og_title":"VICHY PURETE THERMALE GEL FRAIS NETTOYANT 200 ML - Paracherkaoui.ma","og_description":"Enrichi en Eau Thermale Min\u00e9ralisante de Vichy, il prot\u00e8ge la peau du dess\u00e8chement tout en renfor\u00e7ant la barri\u00e8re cutan\u00e9e jour","og_url":"https:\/\/paracherkaoui.ma\/index.php\/produit\/vichy-purete-thermale-gel-frais-nettoyant-200-ml-2\/","og_site_name":"Paracherkaoui.ma","article_modified_time":"2025-12-12T17:06:07+00:00","og_image":[{"width":700,"height":700,"url":"https:\/\/paracherkaoui.ma\/wp-content\/uploads\/2025\/12\/vichy-vichy-purete-thermale-gel-frais-nettoyant-200-ml-accueil.jpg","type":"image\/jpeg"}],"twitter_card":"summary_large_image","twitter_misc":{"Dur\u00e9e de lecture estim\u00e9e":"1 minute"},"schema":{"@context":"https:\/\/schema.org","@graph":[{"@type":"WebPage","@id":"https:\/\/paracherkaoui.ma\/index.php\/produit\/vichy-purete-thermale-gel-frais-nettoyant-200-ml-2\/","url":"https:\/\/paracherkaoui.ma\/index.php\/produit\/vichy-purete-thermale-gel-frais-nettoyant-200-ml-2\/","name":"VICHY PURETE THERMALE GEL FRAIS NETTOYANT 200 ML - Paracherkaoui.ma","isPartOf":{"@id":"https:\/\/paracherkaoui.ma\/#website"},"primaryImageOfPage":{"@id":"https:\/\/paracherkaoui.ma\/index.php\/produit\/vichy-purete-thermale-gel-frais-nettoyant-200-ml-2\/#primaryimage"},"image":{"@id":"https:\/\/paracherkaoui.ma\/index.php\/produit\/vichy-purete-thermale-gel-frais-nettoyant-200-ml-2\/#primaryimage"},"thumbnailUrl":"https:\/\/paracherkaoui.ma\/wp-content\/uploads\/2025\/12\/vichy-vichy-purete-thermale-gel-frais-nettoyant-200-ml-accueil.jpg","datePublished":"2025-12-12T17:06:04+00:00","dateModified":"2025-12-12T17:06:07+00:00","breadcrumb":{"@id":"https:\/\/paracherkaoui.ma\/index.php\/produit\/vichy-purete-thermale-gel-frais-nettoyant-200-ml-2\/#breadcrumb"},"inLanguage":"fr-FR","potentialAction":[{"@type":"ReadAction","target":["https:\/\/paracherkaoui.ma\/index.php\/produit\/vichy-purete-thermale-gel-frais-nettoyant-200-ml-2\/"]}]},{"@type":"ImageObject","inLanguage":"fr-FR","@id":"https:\/\/paracherkaoui.ma\/index.php\/produit\/vichy-purete-thermale-gel-frais-nettoyant-200-ml-2\/#primaryimage","url":"https:\/\/paracherkaoui.ma\/wp-content\/uploads\/2025\/12\/vichy-vichy-purete-thermale-gel-frais-nettoyant-200-ml-accueil.jpg","contentUrl":"https:\/\/paracherkaoui.ma\/wp-content\/uploads\/2025\/12\/vichy-vichy-purete-thermale-gel-frais-nettoyant-200-ml-accueil.jpg","width":700,"height":700},{"@type":"BreadcrumbList","@id":"https:\/\/paracherkaoui.ma\/index.php\/produit\/vichy-purete-thermale-gel-frais-nettoyant-200-ml-2\/#breadcrumb","itemListElement":[{"@type":"ListItem","position":1,"name":"Accueil","item":"https:\/\/paracherkaoui.ma\/"},{"@type":"ListItem","position":2,"name":"Boutique","item":"https:\/\/paracherkaoui.ma\/index.php\/boutique\/"},{"@type":"ListItem","position":3,"name":"VICHY PURETE THERMALE GEL FRAIS NETTOYANT 200 ML"}]},{"@type":"WebSite","@id":"https:\/\/paracherkaoui.ma\/#website","url":"https:\/\/paracherkaoui.ma\/","name":"Paracherkaoui.ma","description":"Achetez en ligne sur Paracherkaoui.ma","potentialAction":[{"@type":"SearchAction","target":{"@type":"EntryPoint","urlTemplate":"https:\/\/paracherkaoui.ma\/?s={search_term_string}"},"query-input":{"@type":"PropertyValueSpecification","valueRequired":true,"valueName":"search_term_string"}}],"inLanguage":"fr-FR"}]}},"_links":{"self":[{"href":"https:\/\/paracherkaoui.ma\/index.php\/wp-json\/wp\/v2\/product\/21140","targetHints":{"allow":["GET"]}}],"collection":[{"href":"https:\/\/paracherkaoui.ma\/index.php\/wp-json\/wp\/v2\/product"}],"about":[{"href":"https:\/\/paracherkaoui.ma\/index.php\/wp-json\/wp\/v2\/types\/product"}],"replies":[{"embeddable":true,"href":"https:\/\/paracherkaoui.ma\/index.php\/wp-json\/wp\/v2\/comments?post=21140"}],"version-history":[{"count":1,"href":"https:\/\/paracherkaoui.ma\/index.php\/wp-json\/wp\/v2\/product\/21140\/revisions"}],"predecessor-version":[{"id":21178,"href":"https:\/\/paracherkaoui.ma\/index.php\/wp-json\/wp\/v2\/product\/21140\/revisions\/21178"}],"wp:featuredmedia":[{"embeddable":true,"href":"https:\/\/paracherkaoui.ma\/index.php\/wp-json\/wp\/v2\/media\/12361"}],"wp:attachment":[{"href":"https:\/\/paracherkaoui.ma\/index.php\/wp-json\/wp\/v2\/media?parent=21140"}],"wp:term":[{"taxonomy":"product_brand","embeddable":true,"href":"https:\/\/paracherkaoui.ma\/index.php\/wp-json\/wp\/v2\/product_brand?post=21140"},{"taxonomy":"product_cat","embeddable":true,"href":"https:\/\/paracherkaoui.ma\/index.php\/wp-json\/wp\/v2\/product_cat?post=21140"},{"taxonomy":"product_tag","embeddable":true,"href":"https:\/\/paracherkaoui.ma\/index.php\/wp-json\/wp\/v2\/product_tag?post=21140"}],"curies":[{"name":"wp","href":"https:\/\/api.w.org\/{rel}","templated":true}]}}