{"id":21136,"date":"2025-12-12T18:06:04","date_gmt":"2025-12-12T17:06:04","guid":{"rendered":"https:\/\/test.ecbeaute.com\/?post_type=product&#038;p=21136"},"modified":"2025-12-12T18:06:06","modified_gmt":"2025-12-12T17:06:06","slug":"phyteane-gel-nettoyant-purifiant-peau-mixte-a-grasse-400-ml","status":"publish","type":"product","link":"https:\/\/paracherkaoui.ma\/index.php\/produit\/phyteane-gel-nettoyant-purifiant-peau-mixte-a-grasse-400-ml\/","title":{"rendered":"PHYTEANE GEL NETTOYANT PURIFIANT PEAU MIXTE A GRASSE 400 ML"},"content":{"rendered":"<p>La bardane, ingr\u00e9dient cl\u00e9 aux vertus apaisantes et r\u00e9gulatrices, agit en compl\u00e9ment pour calmer les irritations tout en aidant \u00e0 r\u00e9guler la production de s\u00e9bum. Ce gel nettoyant purifiant est \u00e9galement enrichi en alo\u00e9 vera, qui hydrate et apaise la peau, ainsi qu&rsquo;en extraits de concombre et de citron, connus pour leurs propri\u00e9t\u00e9s astringentes et rafra\u00eechissantes. Ces ingr\u00e9dients naturels offrent une sensation de fra\u00eecheur imm\u00e9diate et laissent votre peau douce et lumineuse apr\u00e8s chaque utilisation.<br \/>\nCe gel est formul\u00e9 sans agents irritants, tels que les sulfates agressifs, et est dot\u00e9 de tensioactifs doux comme le sodium laureth sulfate et la cocamidopropyl b\u00e9ta\u00efne, qui assurent un nettoyage d\u00e9licat sans compromettre la barri\u00e8re cutan\u00e9e. Le PHYTEANE Gel Nettoyant Purifiant combat \u00e9galement l&rsquo;enzyme 5-r\u00e9ductase, responsable de la surproduction de s\u00e9bum, aidant ainsi \u00e0 pr\u00e9venir les brillances excessives et \u00e0 maintenir une peau matifi\u00e9e tout au long de la journ\u00e9e.<br \/>\nAvec une utilisation r\u00e9guli\u00e8re, matin et soir, ce gel nettoyant contribue \u00e0 affiner le grain de peau, tout en laissant une sensation de confort. Votre peau sera parfaitement nettoy\u00e9e, purifi\u00e9e et pr\u00eate \u00e0 recevoir les soins suivants.<br \/>\nConseils d&rsquo;utilisation<br \/>\nAppliquez une petite quantit\u00e9 de gel sur une peau pr\u00e9alablement mouill\u00e9e.<br \/>\nFaites mousser en effectuant des mouvements circulaires sur l&rsquo;ensemble du visage, en insistant sur les zones sujettes aux imperfections.<br \/>\nRincez abondamment \u00e0 l&rsquo;eau ti\u00e8de.<br \/>\nUtilisez matin et soir pour un r\u00e9sultat optimal.<br \/>\n\u00c9vitez tout contact avec les yeux.<\/p>\n","protected":false},"excerpt":{"rendered":"<p>La bardane, ingr\u00e9dient cl\u00e9 aux vertus apaisantes et r\u00e9gulatrices, agit en compl\u00e9ment pour calmer les irritations tout en aidant \u00e0<\/p>\n","protected":false},"featured_media":21170,"comment_status":"open","ping_status":"closed","template":"","meta":[],"product_brand":[424],"product_cat":[346],"product_tag":[],"class_list":{"0":"post-21136","1":"product","2":"type-product","3":"status-publish","4":"has-post-thumbnail","6":"product_brand-phyteane","7":"product_cat-demaquillants-et-nettoyants","9":"first","10":"instock","11":"sale","12":"shipping-taxable","13":"purchasable","14":"product-type-simple"},"yoast_head":"<!-- This site is optimized with the Yoast SEO plugin v26.6 - https:\/\/yoast.com\/wordpress\/plugins\/seo\/ -->\r\n<title>PHYTEANE GEL NETTOYANT PURIFIANT PEAU MIXTE A GRASSE 400 ML - Paracherkaoui.ma<\/title>\r\n<meta name=\"robots\" content=\"index, follow, max-snippet:-1, max-image-preview:large, max-video-preview:-1\" \/>\r\n<link rel=\"canonical\" href=\"https:\/\/paracherkaoui.ma\/index.php\/produit\/phyteane-gel-nettoyant-purifiant-peau-mixte-a-grasse-400-ml\/\" \/>\r\n<meta property=\"og:locale\" content=\"fr_FR\" \/>\r\n<meta property=\"og:type\" content=\"article\" \/>\r\n<meta property=\"og:title\" content=\"PHYTEANE GEL NETTOYANT PURIFIANT PEAU MIXTE A GRASSE 400 ML - Paracherkaoui.ma\" \/>\r\n<meta property=\"og:description\" content=\"La bardane, ingr\u00e9dient cl\u00e9 aux vertus apaisantes et r\u00e9gulatrices, agit en compl\u00e9ment pour calmer les irritations tout en aidant \u00e0\" \/>\r\n<meta property=\"og:url\" content=\"https:\/\/paracherkaoui.ma\/index.php\/produit\/phyteane-gel-nettoyant-purifiant-peau-mixte-a-grasse-400-ml\/\" \/>\r\n<meta property=\"og:site_name\" content=\"Paracherkaoui.ma\" \/>\r\n<meta property=\"article:modified_time\" content=\"2025-12-12T17:06:06+00:00\" \/>\r\n<meta property=\"og:image\" content=\"https:\/\/paracherkaoui.ma\/wp-content\/uploads\/2025\/12\/phyteane-phyteane-gel-nettoyant-purifiant-peau-mixte-a-grasse-400-ml-demaquillants-et-nettoyants.jpg\" \/>\r\n\t<meta property=\"og:image:width\" content=\"700\" \/>\r\n\t<meta property=\"og:image:height\" content=\"700\" \/>\r\n\t<meta property=\"og:image:type\" content=\"image\/jpeg\" \/>\r\n<meta name=\"twitter:card\" content=\"summary_large_image\" \/>\r\n<meta name=\"twitter:label1\" content=\"Dur\u00e9e de lecture estim\u00e9e\" \/>\n\t<meta name=\"twitter:data1\" content=\"1 minute\" \/>\r\n<script type=\"application\/ld+json\" class=\"yoast-schema-graph\">{\"@context\":\"https:\/\/schema.org\",\"@graph\":[{\"@type\":\"WebPage\",\"@id\":\"https:\/\/paracherkaoui.ma\/index.php\/produit\/phyteane-gel-nettoyant-purifiant-peau-mixte-a-grasse-400-ml\/\",\"url\":\"https:\/\/paracherkaoui.ma\/index.php\/produit\/phyteane-gel-nettoyant-purifiant-peau-mixte-a-grasse-400-ml\/\",\"name\":\"PHYTEANE GEL NETTOYANT PURIFIANT PEAU MIXTE A GRASSE 400 ML - Paracherkaoui.ma\",\"isPartOf\":{\"@id\":\"https:\/\/paracherkaoui.ma\/#website\"},\"primaryImageOfPage\":{\"@id\":\"https:\/\/paracherkaoui.ma\/index.php\/produit\/phyteane-gel-nettoyant-purifiant-peau-mixte-a-grasse-400-ml\/#primaryimage\"},\"image\":{\"@id\":\"https:\/\/paracherkaoui.ma\/index.php\/produit\/phyteane-gel-nettoyant-purifiant-peau-mixte-a-grasse-400-ml\/#primaryimage\"},\"thumbnailUrl\":\"https:\/\/paracherkaoui.ma\/wp-content\/uploads\/2025\/12\/phyteane-phyteane-gel-nettoyant-purifiant-peau-mixte-a-grasse-400-ml-demaquillants-et-nettoyants.jpg\",\"datePublished\":\"2025-12-12T17:06:04+00:00\",\"dateModified\":\"2025-12-12T17:06:06+00:00\",\"breadcrumb\":{\"@id\":\"https:\/\/paracherkaoui.ma\/index.php\/produit\/phyteane-gel-nettoyant-purifiant-peau-mixte-a-grasse-400-ml\/#breadcrumb\"},\"inLanguage\":\"fr-FR\",\"potentialAction\":[{\"@type\":\"ReadAction\",\"target\":[\"https:\/\/paracherkaoui.ma\/index.php\/produit\/phyteane-gel-nettoyant-purifiant-peau-mixte-a-grasse-400-ml\/\"]}]},{\"@type\":\"ImageObject\",\"inLanguage\":\"fr-FR\",\"@id\":\"https:\/\/paracherkaoui.ma\/index.php\/produit\/phyteane-gel-nettoyant-purifiant-peau-mixte-a-grasse-400-ml\/#primaryimage\",\"url\":\"https:\/\/paracherkaoui.ma\/wp-content\/uploads\/2025\/12\/phyteane-phyteane-gel-nettoyant-purifiant-peau-mixte-a-grasse-400-ml-demaquillants-et-nettoyants.jpg\",\"contentUrl\":\"https:\/\/paracherkaoui.ma\/wp-content\/uploads\/2025\/12\/phyteane-phyteane-gel-nettoyant-purifiant-peau-mixte-a-grasse-400-ml-demaquillants-et-nettoyants.jpg\",\"width\":700,\"height\":700},{\"@type\":\"BreadcrumbList\",\"@id\":\"https:\/\/paracherkaoui.ma\/index.php\/produit\/phyteane-gel-nettoyant-purifiant-peau-mixte-a-grasse-400-ml\/#breadcrumb\",\"itemListElement\":[{\"@type\":\"ListItem\",\"position\":1,\"name\":\"Accueil\",\"item\":\"https:\/\/paracherkaoui.ma\/\"},{\"@type\":\"ListItem\",\"position\":2,\"name\":\"Boutique\",\"item\":\"https:\/\/paracherkaoui.ma\/index.php\/boutique\/\"},{\"@type\":\"ListItem\",\"position\":3,\"name\":\"PHYTEANE GEL NETTOYANT PURIFIANT PEAU MIXTE A GRASSE 400 ML\"}]},{\"@type\":\"WebSite\",\"@id\":\"https:\/\/paracherkaoui.ma\/#website\",\"url\":\"https:\/\/paracherkaoui.ma\/\",\"name\":\"Paracherkaoui.ma\",\"description\":\"Achetez en ligne sur Paracherkaoui.ma\",\"potentialAction\":[{\"@type\":\"SearchAction\",\"target\":{\"@type\":\"EntryPoint\",\"urlTemplate\":\"https:\/\/paracherkaoui.ma\/?s={search_term_string}\"},\"query-input\":{\"@type\":\"PropertyValueSpecification\",\"valueRequired\":true,\"valueName\":\"search_term_string\"}}],\"inLanguage\":\"fr-FR\"}]}<\/script>\r\n<!-- \/ Yoast SEO plugin. -->","yoast_head_json":{"title":"PHYTEANE GEL NETTOYANT PURIFIANT PEAU MIXTE A GRASSE 400 ML - Paracherkaoui.ma","robots":{"index":"index","follow":"follow","max-snippet":"max-snippet:-1","max-image-preview":"max-image-preview:large","max-video-preview":"max-video-preview:-1"},"canonical":"https:\/\/paracherkaoui.ma\/index.php\/produit\/phyteane-gel-nettoyant-purifiant-peau-mixte-a-grasse-400-ml\/","og_locale":"fr_FR","og_type":"article","og_title":"PHYTEANE GEL NETTOYANT PURIFIANT PEAU MIXTE A GRASSE 400 ML - Paracherkaoui.ma","og_description":"La bardane, ingr\u00e9dient cl\u00e9 aux vertus apaisantes et r\u00e9gulatrices, agit en compl\u00e9ment pour calmer les irritations tout en aidant \u00e0","og_url":"https:\/\/paracherkaoui.ma\/index.php\/produit\/phyteane-gel-nettoyant-purifiant-peau-mixte-a-grasse-400-ml\/","og_site_name":"Paracherkaoui.ma","article_modified_time":"2025-12-12T17:06:06+00:00","og_image":[{"width":700,"height":700,"url":"https:\/\/paracherkaoui.ma\/wp-content\/uploads\/2025\/12\/phyteane-phyteane-gel-nettoyant-purifiant-peau-mixte-a-grasse-400-ml-demaquillants-et-nettoyants.jpg","type":"image\/jpeg"}],"twitter_card":"summary_large_image","twitter_misc":{"Dur\u00e9e de lecture estim\u00e9e":"1 minute"},"schema":{"@context":"https:\/\/schema.org","@graph":[{"@type":"WebPage","@id":"https:\/\/paracherkaoui.ma\/index.php\/produit\/phyteane-gel-nettoyant-purifiant-peau-mixte-a-grasse-400-ml\/","url":"https:\/\/paracherkaoui.ma\/index.php\/produit\/phyteane-gel-nettoyant-purifiant-peau-mixte-a-grasse-400-ml\/","name":"PHYTEANE GEL NETTOYANT PURIFIANT PEAU MIXTE A GRASSE 400 ML - Paracherkaoui.ma","isPartOf":{"@id":"https:\/\/paracherkaoui.ma\/#website"},"primaryImageOfPage":{"@id":"https:\/\/paracherkaoui.ma\/index.php\/produit\/phyteane-gel-nettoyant-purifiant-peau-mixte-a-grasse-400-ml\/#primaryimage"},"image":{"@id":"https:\/\/paracherkaoui.ma\/index.php\/produit\/phyteane-gel-nettoyant-purifiant-peau-mixte-a-grasse-400-ml\/#primaryimage"},"thumbnailUrl":"https:\/\/paracherkaoui.ma\/wp-content\/uploads\/2025\/12\/phyteane-phyteane-gel-nettoyant-purifiant-peau-mixte-a-grasse-400-ml-demaquillants-et-nettoyants.jpg","datePublished":"2025-12-12T17:06:04+00:00","dateModified":"2025-12-12T17:06:06+00:00","breadcrumb":{"@id":"https:\/\/paracherkaoui.ma\/index.php\/produit\/phyteane-gel-nettoyant-purifiant-peau-mixte-a-grasse-400-ml\/#breadcrumb"},"inLanguage":"fr-FR","potentialAction":[{"@type":"ReadAction","target":["https:\/\/paracherkaoui.ma\/index.php\/produit\/phyteane-gel-nettoyant-purifiant-peau-mixte-a-grasse-400-ml\/"]}]},{"@type":"ImageObject","inLanguage":"fr-FR","@id":"https:\/\/paracherkaoui.ma\/index.php\/produit\/phyteane-gel-nettoyant-purifiant-peau-mixte-a-grasse-400-ml\/#primaryimage","url":"https:\/\/paracherkaoui.ma\/wp-content\/uploads\/2025\/12\/phyteane-phyteane-gel-nettoyant-purifiant-peau-mixte-a-grasse-400-ml-demaquillants-et-nettoyants.jpg","contentUrl":"https:\/\/paracherkaoui.ma\/wp-content\/uploads\/2025\/12\/phyteane-phyteane-gel-nettoyant-purifiant-peau-mixte-a-grasse-400-ml-demaquillants-et-nettoyants.jpg","width":700,"height":700},{"@type":"BreadcrumbList","@id":"https:\/\/paracherkaoui.ma\/index.php\/produit\/phyteane-gel-nettoyant-purifiant-peau-mixte-a-grasse-400-ml\/#breadcrumb","itemListElement":[{"@type":"ListItem","position":1,"name":"Accueil","item":"https:\/\/paracherkaoui.ma\/"},{"@type":"ListItem","position":2,"name":"Boutique","item":"https:\/\/paracherkaoui.ma\/index.php\/boutique\/"},{"@type":"ListItem","position":3,"name":"PHYTEANE GEL NETTOYANT PURIFIANT PEAU MIXTE A GRASSE 400 ML"}]},{"@type":"WebSite","@id":"https:\/\/paracherkaoui.ma\/#website","url":"https:\/\/paracherkaoui.ma\/","name":"Paracherkaoui.ma","description":"Achetez en ligne sur Paracherkaoui.ma","potentialAction":[{"@type":"SearchAction","target":{"@type":"EntryPoint","urlTemplate":"https:\/\/paracherkaoui.ma\/?s={search_term_string}"},"query-input":{"@type":"PropertyValueSpecification","valueRequired":true,"valueName":"search_term_string"}}],"inLanguage":"fr-FR"}]}},"_links":{"self":[{"href":"https:\/\/paracherkaoui.ma\/index.php\/wp-json\/wp\/v2\/product\/21136","targetHints":{"allow":["GET"]}}],"collection":[{"href":"https:\/\/paracherkaoui.ma\/index.php\/wp-json\/wp\/v2\/product"}],"about":[{"href":"https:\/\/paracherkaoui.ma\/index.php\/wp-json\/wp\/v2\/types\/product"}],"replies":[{"embeddable":true,"href":"https:\/\/paracherkaoui.ma\/index.php\/wp-json\/wp\/v2\/comments?post=21136"}],"version-history":[{"count":1,"href":"https:\/\/paracherkaoui.ma\/index.php\/wp-json\/wp\/v2\/product\/21136\/revisions"}],"predecessor-version":[{"id":21171,"href":"https:\/\/paracherkaoui.ma\/index.php\/wp-json\/wp\/v2\/product\/21136\/revisions\/21171"}],"wp:featuredmedia":[{"embeddable":true,"href":"https:\/\/paracherkaoui.ma\/index.php\/wp-json\/wp\/v2\/media\/21170"}],"wp:attachment":[{"href":"https:\/\/paracherkaoui.ma\/index.php\/wp-json\/wp\/v2\/media?parent=21136"}],"wp:term":[{"taxonomy":"product_brand","embeddable":true,"href":"https:\/\/paracherkaoui.ma\/index.php\/wp-json\/wp\/v2\/product_brand?post=21136"},{"taxonomy":"product_cat","embeddable":true,"href":"https:\/\/paracherkaoui.ma\/index.php\/wp-json\/wp\/v2\/product_cat?post=21136"},{"taxonomy":"product_tag","embeddable":true,"href":"https:\/\/paracherkaoui.ma\/index.php\/wp-json\/wp\/v2\/product_tag?post=21136"}],"curies":[{"name":"wp","href":"https:\/\/api.w.org\/{rel}","templated":true}]}}