{"id":21052,"date":"2025-12-12T18:05:55","date_gmt":"2025-12-12T17:05:55","guid":{"rendered":"https:\/\/test.ecbeaute.com\/?post_type=product&#038;p=21052"},"modified":"2025-12-12T18:05:58","modified_gmt":"2025-12-12T17:05:58","slug":"noreva-actipur-gel-dermo-nettoyant-150-ml","status":"publish","type":"product","link":"https:\/\/paracherkaoui.ma\/index.php\/produit\/noreva-actipur-gel-dermo-nettoyant-150-ml\/","title":{"rendered":"NOREVA ACTIPUR GEL DERMO-NETTOYANT 150 ML"},"content":{"rendered":"<p>Actipur Gel dermo-nettoyant purifiant<br \/>\nVisage et Corps<\/p>\n<p>Sp\u00e9cialement formul\u00e9 pour nettoyer en douceur les peaux grasses \u00e0 imperfections, Actipur\u00a0Gel dermo-nettoyant lave et assainit la peau sans l\u2019agresser.Sans savon et extr\u00eamement doux, il \u00e9limine les impuret\u00e9s et r\u00e9gule la production de s\u00e9bum de la peau du visage, mais aussi de celle du corps. Purifi\u00e9e et apais\u00e9e quotidiennement, la peau est pr\u00eate \u00e0 recevoir les soins dermatologiques adapt\u00e9s.<br \/>\nConseils d&rsquo;utilisation:<br \/>\nAppliquer le Gel dermo-nettoyant sur une peau humide. Masser d\u00e9licatement, rincer et s\u00e9cher.<br \/>\nAppliquer ensuite le Soin anti-imperfections intensif matin et\/ou soir.<br \/>\nComposition:<br \/>\nAQUA (WATER), GLYCERIN, PEG-40 GLYCERYL COCOATE, COCAMIDOPROPYL BETAINE, DECYL GLUCOSIDE,\u00a0CETEARETH-60 MYRISTYL GLYCOL, PEG-7 GLYCERYL COCOATE, SODIUM COCETH SULFATE, SODIUM CHLORIDE,\u00a0SODIUM METHYL COCOYL TAURATE, PARFUM (FRAGRANCE), COCONUT ACID, IMIDAZOLIDINYL UREA, CAPRYLYL GLYCOL,\u00a0TOCOPHERYL ACETATE, PROPYLENE GLYCOL, CITRIC ACID, ARCTIUM LAPPA ROOT EXTRACT, NASTURTIUM OFFICINALE LEAF EXTRACT, SALVIA OFFICINALIS (SAGE) LEAF EXTRACT, LINALOOL<\/p>\n","protected":false},"excerpt":{"rendered":"<p>Actipur Gel dermo-nettoyant purifiant Visage et Corps Sp\u00e9cialement formul\u00e9 pour nettoyer en douceur les peaux grasses \u00e0 imperfections, Actipur\u00a0Gel dermo-nettoyant<\/p>\n","protected":false},"featured_media":21092,"comment_status":"open","ping_status":"closed","template":"","meta":[],"product_brand":[403],"product_cat":[346],"product_tag":[],"class_list":{"0":"post-21052","1":"product","2":"type-product","3":"status-publish","4":"has-post-thumbnail","6":"product_brand-noreva","7":"product_cat-demaquillants-et-nettoyants","9":"first","10":"instock","11":"sale","12":"shipping-taxable","13":"purchasable","14":"product-type-simple"},"yoast_head":"<!-- This site is optimized with the Yoast SEO plugin v26.6 - https:\/\/yoast.com\/wordpress\/plugins\/seo\/ -->\r\n<title>NOREVA ACTIPUR GEL DERMO-NETTOYANT 150 ML - Paracherkaoui.ma<\/title>\r\n<meta name=\"robots\" content=\"index, follow, max-snippet:-1, max-image-preview:large, max-video-preview:-1\" \/>\r\n<link rel=\"canonical\" href=\"https:\/\/paracherkaoui.ma\/index.php\/produit\/noreva-actipur-gel-dermo-nettoyant-150-ml\/\" \/>\r\n<meta property=\"og:locale\" content=\"fr_FR\" \/>\r\n<meta property=\"og:type\" content=\"article\" \/>\r\n<meta property=\"og:title\" content=\"NOREVA ACTIPUR GEL DERMO-NETTOYANT 150 ML - Paracherkaoui.ma\" \/>\r\n<meta property=\"og:description\" content=\"Actipur Gel dermo-nettoyant purifiant Visage et Corps Sp\u00e9cialement formul\u00e9 pour nettoyer en douceur les peaux grasses \u00e0 imperfections, Actipur\u00a0Gel dermo-nettoyant\" \/>\r\n<meta property=\"og:url\" content=\"https:\/\/paracherkaoui.ma\/index.php\/produit\/noreva-actipur-gel-dermo-nettoyant-150-ml\/\" \/>\r\n<meta property=\"og:site_name\" content=\"Paracherkaoui.ma\" \/>\r\n<meta property=\"article:modified_time\" content=\"2025-12-12T17:05:58+00:00\" \/>\r\n<meta property=\"og:image\" content=\"https:\/\/paracherkaoui.ma\/wp-content\/uploads\/2025\/12\/noreva-noreva-actipur-gel-dermo-nettoyant-150-ml-soins-anti-imperfections.jpg\" \/>\r\n\t<meta property=\"og:image:width\" content=\"700\" \/>\r\n\t<meta property=\"og:image:height\" content=\"700\" \/>\r\n\t<meta property=\"og:image:type\" content=\"image\/jpeg\" \/>\r\n<meta name=\"twitter:card\" content=\"summary_large_image\" \/>\r\n<meta name=\"twitter:label1\" content=\"Dur\u00e9e de lecture estim\u00e9e\" \/>\n\t<meta name=\"twitter:data1\" content=\"1 minute\" \/>\r\n<script type=\"application\/ld+json\" class=\"yoast-schema-graph\">{\"@context\":\"https:\/\/schema.org\",\"@graph\":[{\"@type\":\"WebPage\",\"@id\":\"https:\/\/paracherkaoui.ma\/index.php\/produit\/noreva-actipur-gel-dermo-nettoyant-150-ml\/\",\"url\":\"https:\/\/paracherkaoui.ma\/index.php\/produit\/noreva-actipur-gel-dermo-nettoyant-150-ml\/\",\"name\":\"NOREVA ACTIPUR GEL DERMO-NETTOYANT 150 ML - Paracherkaoui.ma\",\"isPartOf\":{\"@id\":\"https:\/\/paracherkaoui.ma\/#website\"},\"primaryImageOfPage\":{\"@id\":\"https:\/\/paracherkaoui.ma\/index.php\/produit\/noreva-actipur-gel-dermo-nettoyant-150-ml\/#primaryimage\"},\"image\":{\"@id\":\"https:\/\/paracherkaoui.ma\/index.php\/produit\/noreva-actipur-gel-dermo-nettoyant-150-ml\/#primaryimage\"},\"thumbnailUrl\":\"https:\/\/paracherkaoui.ma\/wp-content\/uploads\/2025\/12\/noreva-noreva-actipur-gel-dermo-nettoyant-150-ml-soins-anti-imperfections.jpg\",\"datePublished\":\"2025-12-12T17:05:55+00:00\",\"dateModified\":\"2025-12-12T17:05:58+00:00\",\"breadcrumb\":{\"@id\":\"https:\/\/paracherkaoui.ma\/index.php\/produit\/noreva-actipur-gel-dermo-nettoyant-150-ml\/#breadcrumb\"},\"inLanguage\":\"fr-FR\",\"potentialAction\":[{\"@type\":\"ReadAction\",\"target\":[\"https:\/\/paracherkaoui.ma\/index.php\/produit\/noreva-actipur-gel-dermo-nettoyant-150-ml\/\"]}]},{\"@type\":\"ImageObject\",\"inLanguage\":\"fr-FR\",\"@id\":\"https:\/\/paracherkaoui.ma\/index.php\/produit\/noreva-actipur-gel-dermo-nettoyant-150-ml\/#primaryimage\",\"url\":\"https:\/\/paracherkaoui.ma\/wp-content\/uploads\/2025\/12\/noreva-noreva-actipur-gel-dermo-nettoyant-150-ml-soins-anti-imperfections.jpg\",\"contentUrl\":\"https:\/\/paracherkaoui.ma\/wp-content\/uploads\/2025\/12\/noreva-noreva-actipur-gel-dermo-nettoyant-150-ml-soins-anti-imperfections.jpg\",\"width\":700,\"height\":700},{\"@type\":\"BreadcrumbList\",\"@id\":\"https:\/\/paracherkaoui.ma\/index.php\/produit\/noreva-actipur-gel-dermo-nettoyant-150-ml\/#breadcrumb\",\"itemListElement\":[{\"@type\":\"ListItem\",\"position\":1,\"name\":\"Accueil\",\"item\":\"https:\/\/paracherkaoui.ma\/\"},{\"@type\":\"ListItem\",\"position\":2,\"name\":\"Boutique\",\"item\":\"https:\/\/paracherkaoui.ma\/index.php\/boutique\/\"},{\"@type\":\"ListItem\",\"position\":3,\"name\":\"NOREVA ACTIPUR GEL DERMO-NETTOYANT 150 ML\"}]},{\"@type\":\"WebSite\",\"@id\":\"https:\/\/paracherkaoui.ma\/#website\",\"url\":\"https:\/\/paracherkaoui.ma\/\",\"name\":\"Paracherkaoui.ma\",\"description\":\"Achetez en ligne sur Paracherkaoui.ma\",\"potentialAction\":[{\"@type\":\"SearchAction\",\"target\":{\"@type\":\"EntryPoint\",\"urlTemplate\":\"https:\/\/paracherkaoui.ma\/?s={search_term_string}\"},\"query-input\":{\"@type\":\"PropertyValueSpecification\",\"valueRequired\":true,\"valueName\":\"search_term_string\"}}],\"inLanguage\":\"fr-FR\"}]}<\/script>\r\n<!-- \/ Yoast SEO plugin. -->","yoast_head_json":{"title":"NOREVA ACTIPUR GEL DERMO-NETTOYANT 150 ML - Paracherkaoui.ma","robots":{"index":"index","follow":"follow","max-snippet":"max-snippet:-1","max-image-preview":"max-image-preview:large","max-video-preview":"max-video-preview:-1"},"canonical":"https:\/\/paracherkaoui.ma\/index.php\/produit\/noreva-actipur-gel-dermo-nettoyant-150-ml\/","og_locale":"fr_FR","og_type":"article","og_title":"NOREVA ACTIPUR GEL DERMO-NETTOYANT 150 ML - Paracherkaoui.ma","og_description":"Actipur Gel dermo-nettoyant purifiant Visage et Corps Sp\u00e9cialement formul\u00e9 pour nettoyer en douceur les peaux grasses \u00e0 imperfections, Actipur\u00a0Gel dermo-nettoyant","og_url":"https:\/\/paracherkaoui.ma\/index.php\/produit\/noreva-actipur-gel-dermo-nettoyant-150-ml\/","og_site_name":"Paracherkaoui.ma","article_modified_time":"2025-12-12T17:05:58+00:00","og_image":[{"width":700,"height":700,"url":"https:\/\/paracherkaoui.ma\/wp-content\/uploads\/2025\/12\/noreva-noreva-actipur-gel-dermo-nettoyant-150-ml-soins-anti-imperfections.jpg","type":"image\/jpeg"}],"twitter_card":"summary_large_image","twitter_misc":{"Dur\u00e9e de lecture estim\u00e9e":"1 minute"},"schema":{"@context":"https:\/\/schema.org","@graph":[{"@type":"WebPage","@id":"https:\/\/paracherkaoui.ma\/index.php\/produit\/noreva-actipur-gel-dermo-nettoyant-150-ml\/","url":"https:\/\/paracherkaoui.ma\/index.php\/produit\/noreva-actipur-gel-dermo-nettoyant-150-ml\/","name":"NOREVA ACTIPUR GEL DERMO-NETTOYANT 150 ML - Paracherkaoui.ma","isPartOf":{"@id":"https:\/\/paracherkaoui.ma\/#website"},"primaryImageOfPage":{"@id":"https:\/\/paracherkaoui.ma\/index.php\/produit\/noreva-actipur-gel-dermo-nettoyant-150-ml\/#primaryimage"},"image":{"@id":"https:\/\/paracherkaoui.ma\/index.php\/produit\/noreva-actipur-gel-dermo-nettoyant-150-ml\/#primaryimage"},"thumbnailUrl":"https:\/\/paracherkaoui.ma\/wp-content\/uploads\/2025\/12\/noreva-noreva-actipur-gel-dermo-nettoyant-150-ml-soins-anti-imperfections.jpg","datePublished":"2025-12-12T17:05:55+00:00","dateModified":"2025-12-12T17:05:58+00:00","breadcrumb":{"@id":"https:\/\/paracherkaoui.ma\/index.php\/produit\/noreva-actipur-gel-dermo-nettoyant-150-ml\/#breadcrumb"},"inLanguage":"fr-FR","potentialAction":[{"@type":"ReadAction","target":["https:\/\/paracherkaoui.ma\/index.php\/produit\/noreva-actipur-gel-dermo-nettoyant-150-ml\/"]}]},{"@type":"ImageObject","inLanguage":"fr-FR","@id":"https:\/\/paracherkaoui.ma\/index.php\/produit\/noreva-actipur-gel-dermo-nettoyant-150-ml\/#primaryimage","url":"https:\/\/paracherkaoui.ma\/wp-content\/uploads\/2025\/12\/noreva-noreva-actipur-gel-dermo-nettoyant-150-ml-soins-anti-imperfections.jpg","contentUrl":"https:\/\/paracherkaoui.ma\/wp-content\/uploads\/2025\/12\/noreva-noreva-actipur-gel-dermo-nettoyant-150-ml-soins-anti-imperfections.jpg","width":700,"height":700},{"@type":"BreadcrumbList","@id":"https:\/\/paracherkaoui.ma\/index.php\/produit\/noreva-actipur-gel-dermo-nettoyant-150-ml\/#breadcrumb","itemListElement":[{"@type":"ListItem","position":1,"name":"Accueil","item":"https:\/\/paracherkaoui.ma\/"},{"@type":"ListItem","position":2,"name":"Boutique","item":"https:\/\/paracherkaoui.ma\/index.php\/boutique\/"},{"@type":"ListItem","position":3,"name":"NOREVA ACTIPUR GEL DERMO-NETTOYANT 150 ML"}]},{"@type":"WebSite","@id":"https:\/\/paracherkaoui.ma\/#website","url":"https:\/\/paracherkaoui.ma\/","name":"Paracherkaoui.ma","description":"Achetez en ligne sur Paracherkaoui.ma","potentialAction":[{"@type":"SearchAction","target":{"@type":"EntryPoint","urlTemplate":"https:\/\/paracherkaoui.ma\/?s={search_term_string}"},"query-input":{"@type":"PropertyValueSpecification","valueRequired":true,"valueName":"search_term_string"}}],"inLanguage":"fr-FR"}]}},"_links":{"self":[{"href":"https:\/\/paracherkaoui.ma\/index.php\/wp-json\/wp\/v2\/product\/21052","targetHints":{"allow":["GET"]}}],"collection":[{"href":"https:\/\/paracherkaoui.ma\/index.php\/wp-json\/wp\/v2\/product"}],"about":[{"href":"https:\/\/paracherkaoui.ma\/index.php\/wp-json\/wp\/v2\/types\/product"}],"replies":[{"embeddable":true,"href":"https:\/\/paracherkaoui.ma\/index.php\/wp-json\/wp\/v2\/comments?post=21052"}],"version-history":[{"count":1,"href":"https:\/\/paracherkaoui.ma\/index.php\/wp-json\/wp\/v2\/product\/21052\/revisions"}],"predecessor-version":[{"id":21093,"href":"https:\/\/paracherkaoui.ma\/index.php\/wp-json\/wp\/v2\/product\/21052\/revisions\/21093"}],"wp:featuredmedia":[{"embeddable":true,"href":"https:\/\/paracherkaoui.ma\/index.php\/wp-json\/wp\/v2\/media\/21092"}],"wp:attachment":[{"href":"https:\/\/paracherkaoui.ma\/index.php\/wp-json\/wp\/v2\/media?parent=21052"}],"wp:term":[{"taxonomy":"product_brand","embeddable":true,"href":"https:\/\/paracherkaoui.ma\/index.php\/wp-json\/wp\/v2\/product_brand?post=21052"},{"taxonomy":"product_cat","embeddable":true,"href":"https:\/\/paracherkaoui.ma\/index.php\/wp-json\/wp\/v2\/product_cat?post=21052"},{"taxonomy":"product_tag","embeddable":true,"href":"https:\/\/paracherkaoui.ma\/index.php\/wp-json\/wp\/v2\/product_tag?post=21052"}],"curies":[{"name":"wp","href":"https:\/\/api.w.org\/{rel}","templated":true}]}}