{"id":21046,"date":"2025-12-12T18:05:55","date_gmt":"2025-12-12T17:05:55","guid":{"rendered":"https:\/\/test.ecbeaute.com\/?post_type=product&#038;p=21046"},"modified":"2025-12-12T18:05:57","modified_gmt":"2025-12-12T17:05:57","slug":"swiss-image-mousse-nettoyante-purifiant-150-ml","status":"publish","type":"product","link":"https:\/\/paracherkaoui.ma\/index.php\/produit\/swiss-image-mousse-nettoyante-purifiant-150-ml\/","title":{"rendered":"SWISS IMAGE MOUSSE NETTOYANTE PURIFIANT 150 ML"},"content":{"rendered":"<p>Gr\u00e2ce \u00e0 l&rsquo;acide salicylique, reconnu pour ses propri\u00e9t\u00e9s exfoliantes et antibact\u00e9riennes, cette mousse nettoyante p\u00e9n\u00e8tre en profondeur dans les pores, emp\u00eachant l&rsquo;accumulation de s\u00e9bum responsable des imperfections. Votre peau est non seulement propre, mais aussi prot\u00e9g\u00e9e des agressions ext\u00e9rieures. L&rsquo;eau de glacier alpin, riche en min\u00e9raux essentiels, hydrate la peau tout en lui offrant une sensation de fra\u00eecheur revitalisante. Ce nettoyant est id\u00e9al pour les peaux mixtes \u00e0 grasses, car il procure un effet matifiant longue dur\u00e9e sans dess\u00e9cher la peau.<br \/>\nLa Mousse Nettoyante Purifiante Swiss Image offre une texture l\u00e9g\u00e8re et agr\u00e9able qui se transforme en une mousse onctueuse au contact de l&rsquo;eau, garantissant un nettoyage doux et agr\u00e9able. Adapt\u00e9e \u00e0 une utilisation quotidienne, elle laisse la peau visiblement plus \u00e9clatante, fra\u00eeche et apais\u00e9e.<br \/>\nComposition<br \/>\nAqua\/[Eau]\u25cf Cocoamphodiac\u00e9tate disodique\u25cf Polysorbate 20\u25cf Glyc\u00e9rine\u25cf Chlorure de sodium\u25cf Glutamate de cocoyle disodique\u25cf Ph\u00e9noxy\u00e9thanol\u25cf Acide citrique\u25cf Glutamate de cocoyle sodique\u25cf Parfum\/Fragrance]\u25cf Ac\u00e9tate de tocoph\u00e9ryle\u25cf Edta disodique\u25cf \u00c9thylhexylglyc\u00e9rine\u25cf Extrait d&rsquo;\u00e9corce de Salix Alba\/Extrait d&rsquo;\u00e9corce de saule (saule)\u25cf Benzoate de sodium\u25cf Ci 42090\/[Bleu 1].<br \/>\nConseils d&rsquo;utilisation<br \/>\nAppliquez une petite quantit\u00e9 de mousse sur votre visage et votre cou pr\u00e9alablement humidifi\u00e9s.<br \/>\nMassez d\u00e9licatement en effectuant des mouvements circulaires, en \u00e9vitant soigneusement le contour des yeux.<br \/>\nRincez abondamment \u00e0 l&rsquo;eau ti\u00e8de pour \u00e9liminer toute trace de produit.<br \/>\nS\u00e9chez votre peau en tapotant doucement avec une serviette propre.<br \/>\nPour des r\u00e9sultats optimaux, utilisez ce produit quotidiennement, matin et soir.<\/p>\n","protected":false},"excerpt":{"rendered":"<p>Gr\u00e2ce \u00e0 l&rsquo;acide salicylique, reconnu pour ses propri\u00e9t\u00e9s exfoliantes et antibact\u00e9riennes, cette mousse nettoyante p\u00e9n\u00e8tre en profondeur dans les pores,<\/p>\n","protected":false},"featured_media":21080,"comment_status":"open","ping_status":"closed","template":"","meta":[],"product_brand":[408],"product_cat":[346],"product_tag":[],"class_list":{"0":"post-21046","1":"product","2":"type-product","3":"status-publish","4":"has-post-thumbnail","6":"product_brand-swiss-image","7":"product_cat-demaquillants-et-nettoyants","9":"first","10":"instock","11":"sale","12":"shipping-taxable","13":"purchasable","14":"product-type-simple"},"yoast_head":"<!-- This site is optimized with the Yoast SEO plugin v26.6 - https:\/\/yoast.com\/wordpress\/plugins\/seo\/ -->\r\n<title>SWISS IMAGE MOUSSE NETTOYANTE PURIFIANT 150 ML - Paracherkaoui.ma<\/title>\r\n<meta name=\"robots\" content=\"index, follow, max-snippet:-1, max-image-preview:large, max-video-preview:-1\" \/>\r\n<link rel=\"canonical\" href=\"https:\/\/paracherkaoui.ma\/index.php\/produit\/swiss-image-mousse-nettoyante-purifiant-150-ml\/\" \/>\r\n<meta property=\"og:locale\" content=\"fr_FR\" \/>\r\n<meta property=\"og:type\" content=\"article\" \/>\r\n<meta property=\"og:title\" content=\"SWISS IMAGE MOUSSE NETTOYANTE PURIFIANT 150 ML - Paracherkaoui.ma\" \/>\r\n<meta property=\"og:description\" content=\"Gr\u00e2ce \u00e0 l&rsquo;acide salicylique, reconnu pour ses propri\u00e9t\u00e9s exfoliantes et antibact\u00e9riennes, cette mousse nettoyante p\u00e9n\u00e8tre en profondeur dans les pores,\" \/>\r\n<meta property=\"og:url\" content=\"https:\/\/paracherkaoui.ma\/index.php\/produit\/swiss-image-mousse-nettoyante-purifiant-150-ml\/\" \/>\r\n<meta property=\"og:site_name\" content=\"Paracherkaoui.ma\" \/>\r\n<meta property=\"article:modified_time\" content=\"2025-12-12T17:05:57+00:00\" \/>\r\n<meta property=\"og:image\" content=\"https:\/\/paracherkaoui.ma\/wp-content\/uploads\/2025\/12\/swiss-image-swiss-image-mousse-nettoyante-purifiant-150-ml-demaquillants-et-nettoyants.jpg\" \/>\r\n\t<meta property=\"og:image:width\" content=\"700\" \/>\r\n\t<meta property=\"og:image:height\" content=\"700\" \/>\r\n\t<meta property=\"og:image:type\" content=\"image\/jpeg\" \/>\r\n<meta name=\"twitter:card\" content=\"summary_large_image\" \/>\r\n<meta name=\"twitter:label1\" content=\"Dur\u00e9e de lecture estim\u00e9e\" \/>\n\t<meta name=\"twitter:data1\" content=\"1 minute\" \/>\r\n<script type=\"application\/ld+json\" class=\"yoast-schema-graph\">{\"@context\":\"https:\/\/schema.org\",\"@graph\":[{\"@type\":\"WebPage\",\"@id\":\"https:\/\/paracherkaoui.ma\/index.php\/produit\/swiss-image-mousse-nettoyante-purifiant-150-ml\/\",\"url\":\"https:\/\/paracherkaoui.ma\/index.php\/produit\/swiss-image-mousse-nettoyante-purifiant-150-ml\/\",\"name\":\"SWISS IMAGE MOUSSE NETTOYANTE PURIFIANT 150 ML - Paracherkaoui.ma\",\"isPartOf\":{\"@id\":\"https:\/\/paracherkaoui.ma\/#website\"},\"primaryImageOfPage\":{\"@id\":\"https:\/\/paracherkaoui.ma\/index.php\/produit\/swiss-image-mousse-nettoyante-purifiant-150-ml\/#primaryimage\"},\"image\":{\"@id\":\"https:\/\/paracherkaoui.ma\/index.php\/produit\/swiss-image-mousse-nettoyante-purifiant-150-ml\/#primaryimage\"},\"thumbnailUrl\":\"https:\/\/paracherkaoui.ma\/wp-content\/uploads\/2025\/12\/swiss-image-swiss-image-mousse-nettoyante-purifiant-150-ml-demaquillants-et-nettoyants.jpg\",\"datePublished\":\"2025-12-12T17:05:55+00:00\",\"dateModified\":\"2025-12-12T17:05:57+00:00\",\"breadcrumb\":{\"@id\":\"https:\/\/paracherkaoui.ma\/index.php\/produit\/swiss-image-mousse-nettoyante-purifiant-150-ml\/#breadcrumb\"},\"inLanguage\":\"fr-FR\",\"potentialAction\":[{\"@type\":\"ReadAction\",\"target\":[\"https:\/\/paracherkaoui.ma\/index.php\/produit\/swiss-image-mousse-nettoyante-purifiant-150-ml\/\"]}]},{\"@type\":\"ImageObject\",\"inLanguage\":\"fr-FR\",\"@id\":\"https:\/\/paracherkaoui.ma\/index.php\/produit\/swiss-image-mousse-nettoyante-purifiant-150-ml\/#primaryimage\",\"url\":\"https:\/\/paracherkaoui.ma\/wp-content\/uploads\/2025\/12\/swiss-image-swiss-image-mousse-nettoyante-purifiant-150-ml-demaquillants-et-nettoyants.jpg\",\"contentUrl\":\"https:\/\/paracherkaoui.ma\/wp-content\/uploads\/2025\/12\/swiss-image-swiss-image-mousse-nettoyante-purifiant-150-ml-demaquillants-et-nettoyants.jpg\",\"width\":700,\"height\":700},{\"@type\":\"BreadcrumbList\",\"@id\":\"https:\/\/paracherkaoui.ma\/index.php\/produit\/swiss-image-mousse-nettoyante-purifiant-150-ml\/#breadcrumb\",\"itemListElement\":[{\"@type\":\"ListItem\",\"position\":1,\"name\":\"Accueil\",\"item\":\"https:\/\/paracherkaoui.ma\/\"},{\"@type\":\"ListItem\",\"position\":2,\"name\":\"Boutique\",\"item\":\"https:\/\/paracherkaoui.ma\/index.php\/boutique\/\"},{\"@type\":\"ListItem\",\"position\":3,\"name\":\"SWISS IMAGE MOUSSE NETTOYANTE PURIFIANT 150 ML\"}]},{\"@type\":\"WebSite\",\"@id\":\"https:\/\/paracherkaoui.ma\/#website\",\"url\":\"https:\/\/paracherkaoui.ma\/\",\"name\":\"Paracherkaoui.ma\",\"description\":\"Achetez en ligne sur Paracherkaoui.ma\",\"potentialAction\":[{\"@type\":\"SearchAction\",\"target\":{\"@type\":\"EntryPoint\",\"urlTemplate\":\"https:\/\/paracherkaoui.ma\/?s={search_term_string}\"},\"query-input\":{\"@type\":\"PropertyValueSpecification\",\"valueRequired\":true,\"valueName\":\"search_term_string\"}}],\"inLanguage\":\"fr-FR\"}]}<\/script>\r\n<!-- \/ Yoast SEO plugin. -->","yoast_head_json":{"title":"SWISS IMAGE MOUSSE NETTOYANTE PURIFIANT 150 ML - Paracherkaoui.ma","robots":{"index":"index","follow":"follow","max-snippet":"max-snippet:-1","max-image-preview":"max-image-preview:large","max-video-preview":"max-video-preview:-1"},"canonical":"https:\/\/paracherkaoui.ma\/index.php\/produit\/swiss-image-mousse-nettoyante-purifiant-150-ml\/","og_locale":"fr_FR","og_type":"article","og_title":"SWISS IMAGE MOUSSE NETTOYANTE PURIFIANT 150 ML - Paracherkaoui.ma","og_description":"Gr\u00e2ce \u00e0 l&rsquo;acide salicylique, reconnu pour ses propri\u00e9t\u00e9s exfoliantes et antibact\u00e9riennes, cette mousse nettoyante p\u00e9n\u00e8tre en profondeur dans les pores,","og_url":"https:\/\/paracherkaoui.ma\/index.php\/produit\/swiss-image-mousse-nettoyante-purifiant-150-ml\/","og_site_name":"Paracherkaoui.ma","article_modified_time":"2025-12-12T17:05:57+00:00","og_image":[{"width":700,"height":700,"url":"https:\/\/paracherkaoui.ma\/wp-content\/uploads\/2025\/12\/swiss-image-swiss-image-mousse-nettoyante-purifiant-150-ml-demaquillants-et-nettoyants.jpg","type":"image\/jpeg"}],"twitter_card":"summary_large_image","twitter_misc":{"Dur\u00e9e de lecture estim\u00e9e":"1 minute"},"schema":{"@context":"https:\/\/schema.org","@graph":[{"@type":"WebPage","@id":"https:\/\/paracherkaoui.ma\/index.php\/produit\/swiss-image-mousse-nettoyante-purifiant-150-ml\/","url":"https:\/\/paracherkaoui.ma\/index.php\/produit\/swiss-image-mousse-nettoyante-purifiant-150-ml\/","name":"SWISS IMAGE MOUSSE NETTOYANTE PURIFIANT 150 ML - Paracherkaoui.ma","isPartOf":{"@id":"https:\/\/paracherkaoui.ma\/#website"},"primaryImageOfPage":{"@id":"https:\/\/paracherkaoui.ma\/index.php\/produit\/swiss-image-mousse-nettoyante-purifiant-150-ml\/#primaryimage"},"image":{"@id":"https:\/\/paracherkaoui.ma\/index.php\/produit\/swiss-image-mousse-nettoyante-purifiant-150-ml\/#primaryimage"},"thumbnailUrl":"https:\/\/paracherkaoui.ma\/wp-content\/uploads\/2025\/12\/swiss-image-swiss-image-mousse-nettoyante-purifiant-150-ml-demaquillants-et-nettoyants.jpg","datePublished":"2025-12-12T17:05:55+00:00","dateModified":"2025-12-12T17:05:57+00:00","breadcrumb":{"@id":"https:\/\/paracherkaoui.ma\/index.php\/produit\/swiss-image-mousse-nettoyante-purifiant-150-ml\/#breadcrumb"},"inLanguage":"fr-FR","potentialAction":[{"@type":"ReadAction","target":["https:\/\/paracherkaoui.ma\/index.php\/produit\/swiss-image-mousse-nettoyante-purifiant-150-ml\/"]}]},{"@type":"ImageObject","inLanguage":"fr-FR","@id":"https:\/\/paracherkaoui.ma\/index.php\/produit\/swiss-image-mousse-nettoyante-purifiant-150-ml\/#primaryimage","url":"https:\/\/paracherkaoui.ma\/wp-content\/uploads\/2025\/12\/swiss-image-swiss-image-mousse-nettoyante-purifiant-150-ml-demaquillants-et-nettoyants.jpg","contentUrl":"https:\/\/paracherkaoui.ma\/wp-content\/uploads\/2025\/12\/swiss-image-swiss-image-mousse-nettoyante-purifiant-150-ml-demaquillants-et-nettoyants.jpg","width":700,"height":700},{"@type":"BreadcrumbList","@id":"https:\/\/paracherkaoui.ma\/index.php\/produit\/swiss-image-mousse-nettoyante-purifiant-150-ml\/#breadcrumb","itemListElement":[{"@type":"ListItem","position":1,"name":"Accueil","item":"https:\/\/paracherkaoui.ma\/"},{"@type":"ListItem","position":2,"name":"Boutique","item":"https:\/\/paracherkaoui.ma\/index.php\/boutique\/"},{"@type":"ListItem","position":3,"name":"SWISS IMAGE MOUSSE NETTOYANTE PURIFIANT 150 ML"}]},{"@type":"WebSite","@id":"https:\/\/paracherkaoui.ma\/#website","url":"https:\/\/paracherkaoui.ma\/","name":"Paracherkaoui.ma","description":"Achetez en ligne sur Paracherkaoui.ma","potentialAction":[{"@type":"SearchAction","target":{"@type":"EntryPoint","urlTemplate":"https:\/\/paracherkaoui.ma\/?s={search_term_string}"},"query-input":{"@type":"PropertyValueSpecification","valueRequired":true,"valueName":"search_term_string"}}],"inLanguage":"fr-FR"}]}},"_links":{"self":[{"href":"https:\/\/paracherkaoui.ma\/index.php\/wp-json\/wp\/v2\/product\/21046","targetHints":{"allow":["GET"]}}],"collection":[{"href":"https:\/\/paracherkaoui.ma\/index.php\/wp-json\/wp\/v2\/product"}],"about":[{"href":"https:\/\/paracherkaoui.ma\/index.php\/wp-json\/wp\/v2\/types\/product"}],"replies":[{"embeddable":true,"href":"https:\/\/paracherkaoui.ma\/index.php\/wp-json\/wp\/v2\/comments?post=21046"}],"version-history":[{"count":1,"href":"https:\/\/paracherkaoui.ma\/index.php\/wp-json\/wp\/v2\/product\/21046\/revisions"}],"predecessor-version":[{"id":21081,"href":"https:\/\/paracherkaoui.ma\/index.php\/wp-json\/wp\/v2\/product\/21046\/revisions\/21081"}],"wp:featuredmedia":[{"embeddable":true,"href":"https:\/\/paracherkaoui.ma\/index.php\/wp-json\/wp\/v2\/media\/21080"}],"wp:attachment":[{"href":"https:\/\/paracherkaoui.ma\/index.php\/wp-json\/wp\/v2\/media?parent=21046"}],"wp:term":[{"taxonomy":"product_brand","embeddable":true,"href":"https:\/\/paracherkaoui.ma\/index.php\/wp-json\/wp\/v2\/product_brand?post=21046"},{"taxonomy":"product_cat","embeddable":true,"href":"https:\/\/paracherkaoui.ma\/index.php\/wp-json\/wp\/v2\/product_cat?post=21046"},{"taxonomy":"product_tag","embeddable":true,"href":"https:\/\/paracherkaoui.ma\/index.php\/wp-json\/wp\/v2\/product_tag?post=21046"}],"curies":[{"name":"wp","href":"https:\/\/api.w.org\/{rel}","templated":true}]}}