{"id":20973,"date":"2025-12-12T18:05:49","date_gmt":"2025-12-12T17:05:49","guid":{"rendered":"https:\/\/test.ecbeaute.com\/?post_type=product&#038;p=20973"},"modified":"2025-12-12T18:05:53","modified_gmt":"2025-12-12T17:05:53","slug":"weleda-lotion-tonique-fraicheur-100ml","status":"publish","type":"product","link":"https:\/\/paracherkaoui.ma\/index.php\/produit\/weleda-lotion-tonique-fraicheur-100ml\/","title":{"rendered":"WELEDA LOTION TONIQUE FRAICHEUR 100ML"},"content":{"rendered":"<p>Cette lotion tonique affine le grain de peau et tonifie l&rsquo;\u00e9piderme. Elle convient \u00e0 tous types de peaux. Les huiles essentielles naturelles procurent un parfum frais qui vivifie et \u00e9veille les sens. La peau est nette, fra\u00eeche et tonifi\u00e9e, pr\u00eate \u00e0 recevoir un soin du visage Weleda.<br \/>\nTol\u00e9rance cutan\u00e9e test\u00e9e sous contr\u00f4le dermatologique.<br \/>\nPour qui ?<br \/>\nPour tous les types de peaux.<br \/>\nPlus produit<br \/>\n\u2022 Tonifie l&rsquo;\u00e9piderme<br \/>\n\u2022 Affine le grain de peau<br \/>\n\u2022 L&rsquo;eau distill\u00e9e d&rsquo;hamam\u00e9lis tonifie et resserre les pores<br \/>\n\u2022 Les huiles essentielles naturelles procurent un parfum frais qui vivifie la peau et \u00e9veille les sens<\/p>\n<p>R\u00e9sultat<br \/>\nLa peau est nette, fra\u00eeche et tonifi\u00e9e, pr\u00eate \u00e0 recevoir un Soin du Visage Weleda.<\/p>\n","protected":false},"excerpt":{"rendered":"<p>Cette lotion tonique affine le grain de peau et tonifie l&rsquo;\u00e9piderme. Elle convient \u00e0 tous types de peaux. Les huiles<\/p>\n","protected":false},"featured_media":21024,"comment_status":"open","ping_status":"closed","template":"","meta":[],"product_brand":[313],"product_cat":[346],"product_tag":[],"class_list":{"0":"post-20973","1":"product","2":"type-product","3":"status-publish","4":"has-post-thumbnail","6":"product_brand-weleda","7":"product_cat-demaquillants-et-nettoyants","9":"first","10":"instock","11":"shipping-taxable","12":"purchasable","13":"product-type-simple"},"yoast_head":"<!-- This site is optimized with the Yoast SEO plugin v26.6 - https:\/\/yoast.com\/wordpress\/plugins\/seo\/ -->\r\n<title>WELEDA LOTION TONIQUE FRAICHEUR 100ML - Paracherkaoui.ma<\/title>\r\n<meta name=\"robots\" content=\"index, follow, max-snippet:-1, max-image-preview:large, max-video-preview:-1\" \/>\r\n<link rel=\"canonical\" href=\"https:\/\/paracherkaoui.ma\/index.php\/produit\/weleda-lotion-tonique-fraicheur-100ml\/\" \/>\r\n<meta property=\"og:locale\" content=\"fr_FR\" \/>\r\n<meta property=\"og:type\" content=\"article\" \/>\r\n<meta property=\"og:title\" content=\"WELEDA LOTION TONIQUE FRAICHEUR 100ML - Paracherkaoui.ma\" \/>\r\n<meta property=\"og:description\" content=\"Cette lotion tonique affine le grain de peau et tonifie l&rsquo;\u00e9piderme. Elle convient \u00e0 tous types de peaux. Les huiles\" \/>\r\n<meta property=\"og:url\" content=\"https:\/\/paracherkaoui.ma\/index.php\/produit\/weleda-lotion-tonique-fraicheur-100ml\/\" \/>\r\n<meta property=\"og:site_name\" content=\"Paracherkaoui.ma\" \/>\r\n<meta property=\"article:modified_time\" content=\"2025-12-12T17:05:53+00:00\" \/>\r\n<meta property=\"og:image\" content=\"https:\/\/paracherkaoui.ma\/wp-content\/uploads\/2025\/12\/weleda-weleda-lotion-tonique-fraicheur-100ml-nettoyants-visage.jpg\" \/>\r\n\t<meta property=\"og:image:width\" content=\"700\" \/>\r\n\t<meta property=\"og:image:height\" content=\"700\" \/>\r\n\t<meta property=\"og:image:type\" content=\"image\/jpeg\" \/>\r\n<meta name=\"twitter:card\" content=\"summary_large_image\" \/>\r\n<meta name=\"twitter:label1\" content=\"Dur\u00e9e de lecture estim\u00e9e\" \/>\n\t<meta name=\"twitter:data1\" content=\"1 minute\" \/>\r\n<script type=\"application\/ld+json\" class=\"yoast-schema-graph\">{\"@context\":\"https:\/\/schema.org\",\"@graph\":[{\"@type\":\"WebPage\",\"@id\":\"https:\/\/paracherkaoui.ma\/index.php\/produit\/weleda-lotion-tonique-fraicheur-100ml\/\",\"url\":\"https:\/\/paracherkaoui.ma\/index.php\/produit\/weleda-lotion-tonique-fraicheur-100ml\/\",\"name\":\"WELEDA LOTION TONIQUE FRAICHEUR 100ML - Paracherkaoui.ma\",\"isPartOf\":{\"@id\":\"https:\/\/paracherkaoui.ma\/#website\"},\"primaryImageOfPage\":{\"@id\":\"https:\/\/paracherkaoui.ma\/index.php\/produit\/weleda-lotion-tonique-fraicheur-100ml\/#primaryimage\"},\"image\":{\"@id\":\"https:\/\/paracherkaoui.ma\/index.php\/produit\/weleda-lotion-tonique-fraicheur-100ml\/#primaryimage\"},\"thumbnailUrl\":\"https:\/\/paracherkaoui.ma\/wp-content\/uploads\/2025\/12\/weleda-weleda-lotion-tonique-fraicheur-100ml-nettoyants-visage.jpg\",\"datePublished\":\"2025-12-12T17:05:49+00:00\",\"dateModified\":\"2025-12-12T17:05:53+00:00\",\"breadcrumb\":{\"@id\":\"https:\/\/paracherkaoui.ma\/index.php\/produit\/weleda-lotion-tonique-fraicheur-100ml\/#breadcrumb\"},\"inLanguage\":\"fr-FR\",\"potentialAction\":[{\"@type\":\"ReadAction\",\"target\":[\"https:\/\/paracherkaoui.ma\/index.php\/produit\/weleda-lotion-tonique-fraicheur-100ml\/\"]}]},{\"@type\":\"ImageObject\",\"inLanguage\":\"fr-FR\",\"@id\":\"https:\/\/paracherkaoui.ma\/index.php\/produit\/weleda-lotion-tonique-fraicheur-100ml\/#primaryimage\",\"url\":\"https:\/\/paracherkaoui.ma\/wp-content\/uploads\/2025\/12\/weleda-weleda-lotion-tonique-fraicheur-100ml-nettoyants-visage.jpg\",\"contentUrl\":\"https:\/\/paracherkaoui.ma\/wp-content\/uploads\/2025\/12\/weleda-weleda-lotion-tonique-fraicheur-100ml-nettoyants-visage.jpg\",\"width\":700,\"height\":700},{\"@type\":\"BreadcrumbList\",\"@id\":\"https:\/\/paracherkaoui.ma\/index.php\/produit\/weleda-lotion-tonique-fraicheur-100ml\/#breadcrumb\",\"itemListElement\":[{\"@type\":\"ListItem\",\"position\":1,\"name\":\"Accueil\",\"item\":\"https:\/\/paracherkaoui.ma\/\"},{\"@type\":\"ListItem\",\"position\":2,\"name\":\"Boutique\",\"item\":\"https:\/\/paracherkaoui.ma\/index.php\/boutique\/\"},{\"@type\":\"ListItem\",\"position\":3,\"name\":\"WELEDA LOTION TONIQUE FRAICHEUR 100ML\"}]},{\"@type\":\"WebSite\",\"@id\":\"https:\/\/paracherkaoui.ma\/#website\",\"url\":\"https:\/\/paracherkaoui.ma\/\",\"name\":\"Paracherkaoui.ma\",\"description\":\"Achetez en ligne sur Paracherkaoui.ma\",\"potentialAction\":[{\"@type\":\"SearchAction\",\"target\":{\"@type\":\"EntryPoint\",\"urlTemplate\":\"https:\/\/paracherkaoui.ma\/?s={search_term_string}\"},\"query-input\":{\"@type\":\"PropertyValueSpecification\",\"valueRequired\":true,\"valueName\":\"search_term_string\"}}],\"inLanguage\":\"fr-FR\"}]}<\/script>\r\n<!-- \/ Yoast SEO plugin. -->","yoast_head_json":{"title":"WELEDA LOTION TONIQUE FRAICHEUR 100ML - Paracherkaoui.ma","robots":{"index":"index","follow":"follow","max-snippet":"max-snippet:-1","max-image-preview":"max-image-preview:large","max-video-preview":"max-video-preview:-1"},"canonical":"https:\/\/paracherkaoui.ma\/index.php\/produit\/weleda-lotion-tonique-fraicheur-100ml\/","og_locale":"fr_FR","og_type":"article","og_title":"WELEDA LOTION TONIQUE FRAICHEUR 100ML - Paracherkaoui.ma","og_description":"Cette lotion tonique affine le grain de peau et tonifie l&rsquo;\u00e9piderme. Elle convient \u00e0 tous types de peaux. Les huiles","og_url":"https:\/\/paracherkaoui.ma\/index.php\/produit\/weleda-lotion-tonique-fraicheur-100ml\/","og_site_name":"Paracherkaoui.ma","article_modified_time":"2025-12-12T17:05:53+00:00","og_image":[{"width":700,"height":700,"url":"https:\/\/paracherkaoui.ma\/wp-content\/uploads\/2025\/12\/weleda-weleda-lotion-tonique-fraicheur-100ml-nettoyants-visage.jpg","type":"image\/jpeg"}],"twitter_card":"summary_large_image","twitter_misc":{"Dur\u00e9e de lecture estim\u00e9e":"1 minute"},"schema":{"@context":"https:\/\/schema.org","@graph":[{"@type":"WebPage","@id":"https:\/\/paracherkaoui.ma\/index.php\/produit\/weleda-lotion-tonique-fraicheur-100ml\/","url":"https:\/\/paracherkaoui.ma\/index.php\/produit\/weleda-lotion-tonique-fraicheur-100ml\/","name":"WELEDA LOTION TONIQUE FRAICHEUR 100ML - Paracherkaoui.ma","isPartOf":{"@id":"https:\/\/paracherkaoui.ma\/#website"},"primaryImageOfPage":{"@id":"https:\/\/paracherkaoui.ma\/index.php\/produit\/weleda-lotion-tonique-fraicheur-100ml\/#primaryimage"},"image":{"@id":"https:\/\/paracherkaoui.ma\/index.php\/produit\/weleda-lotion-tonique-fraicheur-100ml\/#primaryimage"},"thumbnailUrl":"https:\/\/paracherkaoui.ma\/wp-content\/uploads\/2025\/12\/weleda-weleda-lotion-tonique-fraicheur-100ml-nettoyants-visage.jpg","datePublished":"2025-12-12T17:05:49+00:00","dateModified":"2025-12-12T17:05:53+00:00","breadcrumb":{"@id":"https:\/\/paracherkaoui.ma\/index.php\/produit\/weleda-lotion-tonique-fraicheur-100ml\/#breadcrumb"},"inLanguage":"fr-FR","potentialAction":[{"@type":"ReadAction","target":["https:\/\/paracherkaoui.ma\/index.php\/produit\/weleda-lotion-tonique-fraicheur-100ml\/"]}]},{"@type":"ImageObject","inLanguage":"fr-FR","@id":"https:\/\/paracherkaoui.ma\/index.php\/produit\/weleda-lotion-tonique-fraicheur-100ml\/#primaryimage","url":"https:\/\/paracherkaoui.ma\/wp-content\/uploads\/2025\/12\/weleda-weleda-lotion-tonique-fraicheur-100ml-nettoyants-visage.jpg","contentUrl":"https:\/\/paracherkaoui.ma\/wp-content\/uploads\/2025\/12\/weleda-weleda-lotion-tonique-fraicheur-100ml-nettoyants-visage.jpg","width":700,"height":700},{"@type":"BreadcrumbList","@id":"https:\/\/paracherkaoui.ma\/index.php\/produit\/weleda-lotion-tonique-fraicheur-100ml\/#breadcrumb","itemListElement":[{"@type":"ListItem","position":1,"name":"Accueil","item":"https:\/\/paracherkaoui.ma\/"},{"@type":"ListItem","position":2,"name":"Boutique","item":"https:\/\/paracherkaoui.ma\/index.php\/boutique\/"},{"@type":"ListItem","position":3,"name":"WELEDA LOTION TONIQUE FRAICHEUR 100ML"}]},{"@type":"WebSite","@id":"https:\/\/paracherkaoui.ma\/#website","url":"https:\/\/paracherkaoui.ma\/","name":"Paracherkaoui.ma","description":"Achetez en ligne sur Paracherkaoui.ma","potentialAction":[{"@type":"SearchAction","target":{"@type":"EntryPoint","urlTemplate":"https:\/\/paracherkaoui.ma\/?s={search_term_string}"},"query-input":{"@type":"PropertyValueSpecification","valueRequired":true,"valueName":"search_term_string"}}],"inLanguage":"fr-FR"}]}},"_links":{"self":[{"href":"https:\/\/paracherkaoui.ma\/index.php\/wp-json\/wp\/v2\/product\/20973","targetHints":{"allow":["GET"]}}],"collection":[{"href":"https:\/\/paracherkaoui.ma\/index.php\/wp-json\/wp\/v2\/product"}],"about":[{"href":"https:\/\/paracherkaoui.ma\/index.php\/wp-json\/wp\/v2\/types\/product"}],"replies":[{"embeddable":true,"href":"https:\/\/paracherkaoui.ma\/index.php\/wp-json\/wp\/v2\/comments?post=20973"}],"version-history":[{"count":1,"href":"https:\/\/paracherkaoui.ma\/index.php\/wp-json\/wp\/v2\/product\/20973\/revisions"}],"predecessor-version":[{"id":21025,"href":"https:\/\/paracherkaoui.ma\/index.php\/wp-json\/wp\/v2\/product\/20973\/revisions\/21025"}],"wp:featuredmedia":[{"embeddable":true,"href":"https:\/\/paracherkaoui.ma\/index.php\/wp-json\/wp\/v2\/media\/21024"}],"wp:attachment":[{"href":"https:\/\/paracherkaoui.ma\/index.php\/wp-json\/wp\/v2\/media?parent=20973"}],"wp:term":[{"taxonomy":"product_brand","embeddable":true,"href":"https:\/\/paracherkaoui.ma\/index.php\/wp-json\/wp\/v2\/product_brand?post=20973"},{"taxonomy":"product_cat","embeddable":true,"href":"https:\/\/paracherkaoui.ma\/index.php\/wp-json\/wp\/v2\/product_cat?post=20973"},{"taxonomy":"product_tag","embeddable":true,"href":"https:\/\/paracherkaoui.ma\/index.php\/wp-json\/wp\/v2\/product_tag?post=20973"}],"curies":[{"name":"wp","href":"https:\/\/api.w.org\/{rel}","templated":true}]}}