{"id":20891,"date":"2025-12-12T18:05:40","date_gmt":"2025-12-12T17:05:40","guid":{"rendered":"https:\/\/test.ecbeaute.com\/?post_type=product&#038;p=20891"},"modified":"2025-12-12T18:05:47","modified_gmt":"2025-12-12T17:05:47","slug":"algologie-gomme-marine-creme-gommante-desincrustante-50-ml","status":"publish","type":"product","link":"https:\/\/paracherkaoui.ma\/index.php\/produit\/algologie-gomme-marine-creme-gommante-desincrustante-50-ml\/","title":{"rendered":"ALGOLOGIE GOMME MARINE CREME GOMMANTE DESINCRUSTANTE 50 ML"},"content":{"rendered":"<p>Un masque fondant et p\u00e9tillant gr\u00e2ce \u00e0 la pr\u00e9sence d\u2019un polym\u00e8re min\u00e9ral qui g\u00e9n\u00e8re des bulles d\u2019oxyg\u00e8ne \u00e0 la surface de la peau pour relancer intens\u00e9ment l\u2019oxyg\u00e9nation.Nourrie en profondeur et revitalis\u00e9e, la peau retrouve sa jeunesse : le teint est lumineux et \u00e9clatant.Texture \u00e0 la double m\u00e9tamorphose. Gel-cr\u00e8me couleur c\u00e9ladon qui devient blanc puis naissance de microbulles oxyg\u00e9nantes.<br \/>\nConseils d&rsquo;utilisation:<br \/>\nAppliquer le masque en couche fine sur le visage et le cou en \u00e9vitant les yeux. La couleur c\u00e9ladon se transforme progressivement en un masque blanc p\u00e9tillant. Lorsque les fines bulles cessent de p\u00e9tiller, rincer \u00e0 l\u2019eau ti\u00e8de. A utiliser 1 \u00e0 2 fois par semaine.<\/p>\n","protected":false},"excerpt":{"rendered":"<p>Un masque fondant et p\u00e9tillant gr\u00e2ce \u00e0 la pr\u00e9sence d\u2019un polym\u00e8re min\u00e9ral qui g\u00e9n\u00e8re des bulles d\u2019oxyg\u00e8ne \u00e0 la surface<\/p>\n","protected":false},"featured_media":20948,"comment_status":"open","ping_status":"closed","template":"","meta":[],"product_brand":[384],"product_cat":[346],"product_tag":[],"class_list":{"0":"post-20891","1":"product","2":"type-product","3":"status-publish","4":"has-post-thumbnail","6":"product_brand-algologie","7":"product_cat-demaquillants-et-nettoyants","9":"first","10":"instock","11":"sale","12":"shipping-taxable","13":"purchasable","14":"product-type-simple"},"yoast_head":"<!-- This site is optimized with the Yoast SEO plugin v26.6 - https:\/\/yoast.com\/wordpress\/plugins\/seo\/ -->\r\n<title>ALGOLOGIE GOMME MARINE CREME GOMMANTE DESINCRUSTANTE 50 ML - Paracherkaoui.ma<\/title>\r\n<meta name=\"robots\" content=\"index, follow, max-snippet:-1, max-image-preview:large, max-video-preview:-1\" \/>\r\n<link rel=\"canonical\" href=\"https:\/\/paracherkaoui.ma\/index.php\/produit\/algologie-gomme-marine-creme-gommante-desincrustante-50-ml\/\" \/>\r\n<meta property=\"og:locale\" content=\"fr_FR\" \/>\r\n<meta property=\"og:type\" content=\"article\" \/>\r\n<meta property=\"og:title\" content=\"ALGOLOGIE GOMME MARINE CREME GOMMANTE DESINCRUSTANTE 50 ML - Paracherkaoui.ma\" \/>\r\n<meta property=\"og:description\" content=\"Un masque fondant et p\u00e9tillant gr\u00e2ce \u00e0 la pr\u00e9sence d\u2019un polym\u00e8re min\u00e9ral qui g\u00e9n\u00e8re des bulles d\u2019oxyg\u00e8ne \u00e0 la surface\" \/>\r\n<meta property=\"og:url\" content=\"https:\/\/paracherkaoui.ma\/index.php\/produit\/algologie-gomme-marine-creme-gommante-desincrustante-50-ml\/\" \/>\r\n<meta property=\"og:site_name\" content=\"Paracherkaoui.ma\" \/>\r\n<meta property=\"article:modified_time\" content=\"2025-12-12T17:05:47+00:00\" \/>\r\n<meta property=\"og:image\" content=\"https:\/\/paracherkaoui.ma\/wp-content\/uploads\/2025\/12\/algologie-gomme-marine-creme-gommante-desincrustante-50-ml.jpg\" \/>\r\n\t<meta property=\"og:image:width\" content=\"700\" \/>\r\n\t<meta property=\"og:image:height\" content=\"700\" \/>\r\n\t<meta property=\"og:image:type\" content=\"image\/jpeg\" \/>\r\n<meta name=\"twitter:card\" content=\"summary_large_image\" \/>\r\n<meta name=\"twitter:label1\" content=\"Dur\u00e9e de lecture estim\u00e9e\" \/>\n\t<meta name=\"twitter:data1\" content=\"1 minute\" \/>\r\n<script type=\"application\/ld+json\" class=\"yoast-schema-graph\">{\"@context\":\"https:\/\/schema.org\",\"@graph\":[{\"@type\":\"WebPage\",\"@id\":\"https:\/\/paracherkaoui.ma\/index.php\/produit\/algologie-gomme-marine-creme-gommante-desincrustante-50-ml\/\",\"url\":\"https:\/\/paracherkaoui.ma\/index.php\/produit\/algologie-gomme-marine-creme-gommante-desincrustante-50-ml\/\",\"name\":\"ALGOLOGIE GOMME MARINE CREME GOMMANTE DESINCRUSTANTE 50 ML - Paracherkaoui.ma\",\"isPartOf\":{\"@id\":\"https:\/\/paracherkaoui.ma\/#website\"},\"primaryImageOfPage\":{\"@id\":\"https:\/\/paracherkaoui.ma\/index.php\/produit\/algologie-gomme-marine-creme-gommante-desincrustante-50-ml\/#primaryimage\"},\"image\":{\"@id\":\"https:\/\/paracherkaoui.ma\/index.php\/produit\/algologie-gomme-marine-creme-gommante-desincrustante-50-ml\/#primaryimage\"},\"thumbnailUrl\":\"https:\/\/paracherkaoui.ma\/wp-content\/uploads\/2025\/12\/algologie-gomme-marine-creme-gommante-desincrustante-50-ml.jpg\",\"datePublished\":\"2025-12-12T17:05:40+00:00\",\"dateModified\":\"2025-12-12T17:05:47+00:00\",\"breadcrumb\":{\"@id\":\"https:\/\/paracherkaoui.ma\/index.php\/produit\/algologie-gomme-marine-creme-gommante-desincrustante-50-ml\/#breadcrumb\"},\"inLanguage\":\"fr-FR\",\"potentialAction\":[{\"@type\":\"ReadAction\",\"target\":[\"https:\/\/paracherkaoui.ma\/index.php\/produit\/algologie-gomme-marine-creme-gommante-desincrustante-50-ml\/\"]}]},{\"@type\":\"ImageObject\",\"inLanguage\":\"fr-FR\",\"@id\":\"https:\/\/paracherkaoui.ma\/index.php\/produit\/algologie-gomme-marine-creme-gommante-desincrustante-50-ml\/#primaryimage\",\"url\":\"https:\/\/paracherkaoui.ma\/wp-content\/uploads\/2025\/12\/algologie-gomme-marine-creme-gommante-desincrustante-50-ml.jpg\",\"contentUrl\":\"https:\/\/paracherkaoui.ma\/wp-content\/uploads\/2025\/12\/algologie-gomme-marine-creme-gommante-desincrustante-50-ml.jpg\",\"width\":700,\"height\":700},{\"@type\":\"BreadcrumbList\",\"@id\":\"https:\/\/paracherkaoui.ma\/index.php\/produit\/algologie-gomme-marine-creme-gommante-desincrustante-50-ml\/#breadcrumb\",\"itemListElement\":[{\"@type\":\"ListItem\",\"position\":1,\"name\":\"Accueil\",\"item\":\"https:\/\/paracherkaoui.ma\/\"},{\"@type\":\"ListItem\",\"position\":2,\"name\":\"Boutique\",\"item\":\"https:\/\/paracherkaoui.ma\/index.php\/boutique\/\"},{\"@type\":\"ListItem\",\"position\":3,\"name\":\"ALGOLOGIE GOMME MARINE CREME GOMMANTE DESINCRUSTANTE 50 ML\"}]},{\"@type\":\"WebSite\",\"@id\":\"https:\/\/paracherkaoui.ma\/#website\",\"url\":\"https:\/\/paracherkaoui.ma\/\",\"name\":\"Paracherkaoui.ma\",\"description\":\"Achetez en ligne sur Paracherkaoui.ma\",\"potentialAction\":[{\"@type\":\"SearchAction\",\"target\":{\"@type\":\"EntryPoint\",\"urlTemplate\":\"https:\/\/paracherkaoui.ma\/?s={search_term_string}\"},\"query-input\":{\"@type\":\"PropertyValueSpecification\",\"valueRequired\":true,\"valueName\":\"search_term_string\"}}],\"inLanguage\":\"fr-FR\"}]}<\/script>\r\n<!-- \/ Yoast SEO plugin. -->","yoast_head_json":{"title":"ALGOLOGIE GOMME MARINE CREME GOMMANTE DESINCRUSTANTE 50 ML - Paracherkaoui.ma","robots":{"index":"index","follow":"follow","max-snippet":"max-snippet:-1","max-image-preview":"max-image-preview:large","max-video-preview":"max-video-preview:-1"},"canonical":"https:\/\/paracherkaoui.ma\/index.php\/produit\/algologie-gomme-marine-creme-gommante-desincrustante-50-ml\/","og_locale":"fr_FR","og_type":"article","og_title":"ALGOLOGIE GOMME MARINE CREME GOMMANTE DESINCRUSTANTE 50 ML - Paracherkaoui.ma","og_description":"Un masque fondant et p\u00e9tillant gr\u00e2ce \u00e0 la pr\u00e9sence d\u2019un polym\u00e8re min\u00e9ral qui g\u00e9n\u00e8re des bulles d\u2019oxyg\u00e8ne \u00e0 la surface","og_url":"https:\/\/paracherkaoui.ma\/index.php\/produit\/algologie-gomme-marine-creme-gommante-desincrustante-50-ml\/","og_site_name":"Paracherkaoui.ma","article_modified_time":"2025-12-12T17:05:47+00:00","og_image":[{"width":700,"height":700,"url":"https:\/\/paracherkaoui.ma\/wp-content\/uploads\/2025\/12\/algologie-gomme-marine-creme-gommante-desincrustante-50-ml.jpg","type":"image\/jpeg"}],"twitter_card":"summary_large_image","twitter_misc":{"Dur\u00e9e de lecture estim\u00e9e":"1 minute"},"schema":{"@context":"https:\/\/schema.org","@graph":[{"@type":"WebPage","@id":"https:\/\/paracherkaoui.ma\/index.php\/produit\/algologie-gomme-marine-creme-gommante-desincrustante-50-ml\/","url":"https:\/\/paracherkaoui.ma\/index.php\/produit\/algologie-gomme-marine-creme-gommante-desincrustante-50-ml\/","name":"ALGOLOGIE GOMME MARINE CREME GOMMANTE DESINCRUSTANTE 50 ML - Paracherkaoui.ma","isPartOf":{"@id":"https:\/\/paracherkaoui.ma\/#website"},"primaryImageOfPage":{"@id":"https:\/\/paracherkaoui.ma\/index.php\/produit\/algologie-gomme-marine-creme-gommante-desincrustante-50-ml\/#primaryimage"},"image":{"@id":"https:\/\/paracherkaoui.ma\/index.php\/produit\/algologie-gomme-marine-creme-gommante-desincrustante-50-ml\/#primaryimage"},"thumbnailUrl":"https:\/\/paracherkaoui.ma\/wp-content\/uploads\/2025\/12\/algologie-gomme-marine-creme-gommante-desincrustante-50-ml.jpg","datePublished":"2025-12-12T17:05:40+00:00","dateModified":"2025-12-12T17:05:47+00:00","breadcrumb":{"@id":"https:\/\/paracherkaoui.ma\/index.php\/produit\/algologie-gomme-marine-creme-gommante-desincrustante-50-ml\/#breadcrumb"},"inLanguage":"fr-FR","potentialAction":[{"@type":"ReadAction","target":["https:\/\/paracherkaoui.ma\/index.php\/produit\/algologie-gomme-marine-creme-gommante-desincrustante-50-ml\/"]}]},{"@type":"ImageObject","inLanguage":"fr-FR","@id":"https:\/\/paracherkaoui.ma\/index.php\/produit\/algologie-gomme-marine-creme-gommante-desincrustante-50-ml\/#primaryimage","url":"https:\/\/paracherkaoui.ma\/wp-content\/uploads\/2025\/12\/algologie-gomme-marine-creme-gommante-desincrustante-50-ml.jpg","contentUrl":"https:\/\/paracherkaoui.ma\/wp-content\/uploads\/2025\/12\/algologie-gomme-marine-creme-gommante-desincrustante-50-ml.jpg","width":700,"height":700},{"@type":"BreadcrumbList","@id":"https:\/\/paracherkaoui.ma\/index.php\/produit\/algologie-gomme-marine-creme-gommante-desincrustante-50-ml\/#breadcrumb","itemListElement":[{"@type":"ListItem","position":1,"name":"Accueil","item":"https:\/\/paracherkaoui.ma\/"},{"@type":"ListItem","position":2,"name":"Boutique","item":"https:\/\/paracherkaoui.ma\/index.php\/boutique\/"},{"@type":"ListItem","position":3,"name":"ALGOLOGIE GOMME MARINE CREME GOMMANTE DESINCRUSTANTE 50 ML"}]},{"@type":"WebSite","@id":"https:\/\/paracherkaoui.ma\/#website","url":"https:\/\/paracherkaoui.ma\/","name":"Paracherkaoui.ma","description":"Achetez en ligne sur Paracherkaoui.ma","potentialAction":[{"@type":"SearchAction","target":{"@type":"EntryPoint","urlTemplate":"https:\/\/paracherkaoui.ma\/?s={search_term_string}"},"query-input":{"@type":"PropertyValueSpecification","valueRequired":true,"valueName":"search_term_string"}}],"inLanguage":"fr-FR"}]}},"_links":{"self":[{"href":"https:\/\/paracherkaoui.ma\/index.php\/wp-json\/wp\/v2\/product\/20891","targetHints":{"allow":["GET"]}}],"collection":[{"href":"https:\/\/paracherkaoui.ma\/index.php\/wp-json\/wp\/v2\/product"}],"about":[{"href":"https:\/\/paracherkaoui.ma\/index.php\/wp-json\/wp\/v2\/types\/product"}],"replies":[{"embeddable":true,"href":"https:\/\/paracherkaoui.ma\/index.php\/wp-json\/wp\/v2\/comments?post=20891"}],"version-history":[{"count":1,"href":"https:\/\/paracherkaoui.ma\/index.php\/wp-json\/wp\/v2\/product\/20891\/revisions"}],"predecessor-version":[{"id":20949,"href":"https:\/\/paracherkaoui.ma\/index.php\/wp-json\/wp\/v2\/product\/20891\/revisions\/20949"}],"wp:featuredmedia":[{"embeddable":true,"href":"https:\/\/paracherkaoui.ma\/index.php\/wp-json\/wp\/v2\/media\/20948"}],"wp:attachment":[{"href":"https:\/\/paracherkaoui.ma\/index.php\/wp-json\/wp\/v2\/media?parent=20891"}],"wp:term":[{"taxonomy":"product_brand","embeddable":true,"href":"https:\/\/paracherkaoui.ma\/index.php\/wp-json\/wp\/v2\/product_brand?post=20891"},{"taxonomy":"product_cat","embeddable":true,"href":"https:\/\/paracherkaoui.ma\/index.php\/wp-json\/wp\/v2\/product_cat?post=20891"},{"taxonomy":"product_tag","embeddable":true,"href":"https:\/\/paracherkaoui.ma\/index.php\/wp-json\/wp\/v2\/product_tag?post=20891"}],"curies":[{"name":"wp","href":"https:\/\/api.w.org\/{rel}","templated":true}]}}