{"id":20864,"date":"2025-12-12T18:05:39","date_gmt":"2025-12-12T17:05:39","guid":{"rendered":"https:\/\/test.ecbeaute.com\/?post_type=product&#038;p=20864"},"modified":"2025-12-12T18:05:40","modified_gmt":"2025-12-12T17:05:40","slug":"lea-nature-eau-thermale-jonzac-eau-micellaire-apaisante-500-ml","status":"publish","type":"product","link":"https:\/\/paracherkaoui.ma\/index.php\/produit\/lea-nature-eau-thermale-jonzac-eau-micellaire-apaisante-500-ml\/","title":{"rendered":"LEA NATURE EAU THERMALE JONZAC EAU MICELLAIRE APAISANTE 500 ML"},"content":{"rendered":"<p>L&rsquo;eau micellaire apaisante Reactive, gr\u00e2ce aux micelles qu&rsquo;elle contient, \u00e9limine les impuret\u00e9s et d\u00e9maquille le visage et les yeux.<br \/>\nConcentr\u00e9e en eau thermale de Jonzac et bisabolol apaisants, elle diminue les sensations d&rsquo;inconfort et apaise les peaux sensibles.<br \/>\nFormul\u00e9 avec : 15% Eau thermale de Jonzac, Eau florale de Camomille bio reconnue adoucissante, Bisabolol naturel reconnu apaisant.<br \/>\nConseils d&rsquo;utilisation:<br \/>\nAppliquez l&rsquo;eau micellaire apaisante Reactive 500ml sur le visage et les yeux \u00e0 l&rsquo;aide d&rsquo;un coton.<\/p>\n","protected":false},"excerpt":{"rendered":"<p>L&rsquo;eau micellaire apaisante Reactive, gr\u00e2ce aux micelles qu&rsquo;elle contient, \u00e9limine les impuret\u00e9s et d\u00e9maquille le visage et les yeux. Concentr\u00e9e<\/p>\n","protected":false},"featured_media":20895,"comment_status":"open","ping_status":"closed","template":"","meta":[],"product_brand":[373],"product_cat":[346],"product_tag":[],"class_list":{"0":"post-20864","1":"product","2":"type-product","3":"status-publish","4":"has-post-thumbnail","6":"product_brand-lea-nature","7":"product_cat-demaquillants-et-nettoyants","9":"first","10":"instock","11":"sale","12":"shipping-taxable","13":"purchasable","14":"product-type-simple"},"yoast_head":"<!-- This site is optimized with the Yoast SEO plugin v26.6 - https:\/\/yoast.com\/wordpress\/plugins\/seo\/ -->\r\n<title>LEA NATURE EAU THERMALE JONZAC EAU MICELLAIRE APAISANTE 500 ML - Paracherkaoui.ma<\/title>\r\n<meta name=\"robots\" content=\"index, follow, max-snippet:-1, max-image-preview:large, max-video-preview:-1\" \/>\r\n<link rel=\"canonical\" href=\"https:\/\/paracherkaoui.ma\/index.php\/produit\/lea-nature-eau-thermale-jonzac-eau-micellaire-apaisante-500-ml\/\" \/>\r\n<meta property=\"og:locale\" content=\"fr_FR\" \/>\r\n<meta property=\"og:type\" content=\"article\" \/>\r\n<meta property=\"og:title\" content=\"LEA NATURE EAU THERMALE JONZAC EAU MICELLAIRE APAISANTE 500 ML - Paracherkaoui.ma\" \/>\r\n<meta property=\"og:description\" content=\"L&rsquo;eau micellaire apaisante Reactive, gr\u00e2ce aux micelles qu&rsquo;elle contient, \u00e9limine les impuret\u00e9s et d\u00e9maquille le visage et les yeux. Concentr\u00e9e\" \/>\r\n<meta property=\"og:url\" content=\"https:\/\/paracherkaoui.ma\/index.php\/produit\/lea-nature-eau-thermale-jonzac-eau-micellaire-apaisante-500-ml\/\" \/>\r\n<meta property=\"og:site_name\" content=\"Paracherkaoui.ma\" \/>\r\n<meta property=\"article:modified_time\" content=\"2025-12-12T17:05:40+00:00\" \/>\r\n<meta property=\"og:image\" content=\"https:\/\/paracherkaoui.ma\/wp-content\/uploads\/2025\/12\/lea-nature-lea-nature-eau-thermale-jonzac-eau-micellaire-apaisante-500-ml-home.jpg\" \/>\r\n\t<meta property=\"og:image:width\" content=\"700\" \/>\r\n\t<meta property=\"og:image:height\" content=\"700\" \/>\r\n\t<meta property=\"og:image:type\" content=\"image\/jpeg\" \/>\r\n<meta name=\"twitter:card\" content=\"summary_large_image\" \/>\r\n<script type=\"application\/ld+json\" class=\"yoast-schema-graph\">{\"@context\":\"https:\/\/schema.org\",\"@graph\":[{\"@type\":\"WebPage\",\"@id\":\"https:\/\/paracherkaoui.ma\/index.php\/produit\/lea-nature-eau-thermale-jonzac-eau-micellaire-apaisante-500-ml\/\",\"url\":\"https:\/\/paracherkaoui.ma\/index.php\/produit\/lea-nature-eau-thermale-jonzac-eau-micellaire-apaisante-500-ml\/\",\"name\":\"LEA NATURE EAU THERMALE JONZAC EAU MICELLAIRE APAISANTE 500 ML - Paracherkaoui.ma\",\"isPartOf\":{\"@id\":\"https:\/\/paracherkaoui.ma\/#website\"},\"primaryImageOfPage\":{\"@id\":\"https:\/\/paracherkaoui.ma\/index.php\/produit\/lea-nature-eau-thermale-jonzac-eau-micellaire-apaisante-500-ml\/#primaryimage\"},\"image\":{\"@id\":\"https:\/\/paracherkaoui.ma\/index.php\/produit\/lea-nature-eau-thermale-jonzac-eau-micellaire-apaisante-500-ml\/#primaryimage\"},\"thumbnailUrl\":\"https:\/\/paracherkaoui.ma\/wp-content\/uploads\/2025\/12\/lea-nature-lea-nature-eau-thermale-jonzac-eau-micellaire-apaisante-500-ml-home.jpg\",\"datePublished\":\"2025-12-12T17:05:39+00:00\",\"dateModified\":\"2025-12-12T17:05:40+00:00\",\"breadcrumb\":{\"@id\":\"https:\/\/paracherkaoui.ma\/index.php\/produit\/lea-nature-eau-thermale-jonzac-eau-micellaire-apaisante-500-ml\/#breadcrumb\"},\"inLanguage\":\"fr-FR\",\"potentialAction\":[{\"@type\":\"ReadAction\",\"target\":[\"https:\/\/paracherkaoui.ma\/index.php\/produit\/lea-nature-eau-thermale-jonzac-eau-micellaire-apaisante-500-ml\/\"]}]},{\"@type\":\"ImageObject\",\"inLanguage\":\"fr-FR\",\"@id\":\"https:\/\/paracherkaoui.ma\/index.php\/produit\/lea-nature-eau-thermale-jonzac-eau-micellaire-apaisante-500-ml\/#primaryimage\",\"url\":\"https:\/\/paracherkaoui.ma\/wp-content\/uploads\/2025\/12\/lea-nature-lea-nature-eau-thermale-jonzac-eau-micellaire-apaisante-500-ml-home.jpg\",\"contentUrl\":\"https:\/\/paracherkaoui.ma\/wp-content\/uploads\/2025\/12\/lea-nature-lea-nature-eau-thermale-jonzac-eau-micellaire-apaisante-500-ml-home.jpg\",\"width\":700,\"height\":700},{\"@type\":\"BreadcrumbList\",\"@id\":\"https:\/\/paracherkaoui.ma\/index.php\/produit\/lea-nature-eau-thermale-jonzac-eau-micellaire-apaisante-500-ml\/#breadcrumb\",\"itemListElement\":[{\"@type\":\"ListItem\",\"position\":1,\"name\":\"Accueil\",\"item\":\"https:\/\/paracherkaoui.ma\/\"},{\"@type\":\"ListItem\",\"position\":2,\"name\":\"Boutique\",\"item\":\"https:\/\/paracherkaoui.ma\/index.php\/boutique\/\"},{\"@type\":\"ListItem\",\"position\":3,\"name\":\"LEA NATURE EAU THERMALE JONZAC EAU MICELLAIRE APAISANTE 500 ML\"}]},{\"@type\":\"WebSite\",\"@id\":\"https:\/\/paracherkaoui.ma\/#website\",\"url\":\"https:\/\/paracherkaoui.ma\/\",\"name\":\"Paracherkaoui.ma\",\"description\":\"Achetez en ligne sur Paracherkaoui.ma\",\"potentialAction\":[{\"@type\":\"SearchAction\",\"target\":{\"@type\":\"EntryPoint\",\"urlTemplate\":\"https:\/\/paracherkaoui.ma\/?s={search_term_string}\"},\"query-input\":{\"@type\":\"PropertyValueSpecification\",\"valueRequired\":true,\"valueName\":\"search_term_string\"}}],\"inLanguage\":\"fr-FR\"}]}<\/script>\r\n<!-- \/ Yoast SEO plugin. -->","yoast_head_json":{"title":"LEA NATURE EAU THERMALE JONZAC EAU MICELLAIRE APAISANTE 500 ML - Paracherkaoui.ma","robots":{"index":"index","follow":"follow","max-snippet":"max-snippet:-1","max-image-preview":"max-image-preview:large","max-video-preview":"max-video-preview:-1"},"canonical":"https:\/\/paracherkaoui.ma\/index.php\/produit\/lea-nature-eau-thermale-jonzac-eau-micellaire-apaisante-500-ml\/","og_locale":"fr_FR","og_type":"article","og_title":"LEA NATURE EAU THERMALE JONZAC EAU MICELLAIRE APAISANTE 500 ML - Paracherkaoui.ma","og_description":"L&rsquo;eau micellaire apaisante Reactive, gr\u00e2ce aux micelles qu&rsquo;elle contient, \u00e9limine les impuret\u00e9s et d\u00e9maquille le visage et les yeux. Concentr\u00e9e","og_url":"https:\/\/paracherkaoui.ma\/index.php\/produit\/lea-nature-eau-thermale-jonzac-eau-micellaire-apaisante-500-ml\/","og_site_name":"Paracherkaoui.ma","article_modified_time":"2025-12-12T17:05:40+00:00","og_image":[{"width":700,"height":700,"url":"https:\/\/paracherkaoui.ma\/wp-content\/uploads\/2025\/12\/lea-nature-lea-nature-eau-thermale-jonzac-eau-micellaire-apaisante-500-ml-home.jpg","type":"image\/jpeg"}],"twitter_card":"summary_large_image","schema":{"@context":"https:\/\/schema.org","@graph":[{"@type":"WebPage","@id":"https:\/\/paracherkaoui.ma\/index.php\/produit\/lea-nature-eau-thermale-jonzac-eau-micellaire-apaisante-500-ml\/","url":"https:\/\/paracherkaoui.ma\/index.php\/produit\/lea-nature-eau-thermale-jonzac-eau-micellaire-apaisante-500-ml\/","name":"LEA NATURE EAU THERMALE JONZAC EAU MICELLAIRE APAISANTE 500 ML - Paracherkaoui.ma","isPartOf":{"@id":"https:\/\/paracherkaoui.ma\/#website"},"primaryImageOfPage":{"@id":"https:\/\/paracherkaoui.ma\/index.php\/produit\/lea-nature-eau-thermale-jonzac-eau-micellaire-apaisante-500-ml\/#primaryimage"},"image":{"@id":"https:\/\/paracherkaoui.ma\/index.php\/produit\/lea-nature-eau-thermale-jonzac-eau-micellaire-apaisante-500-ml\/#primaryimage"},"thumbnailUrl":"https:\/\/paracherkaoui.ma\/wp-content\/uploads\/2025\/12\/lea-nature-lea-nature-eau-thermale-jonzac-eau-micellaire-apaisante-500-ml-home.jpg","datePublished":"2025-12-12T17:05:39+00:00","dateModified":"2025-12-12T17:05:40+00:00","breadcrumb":{"@id":"https:\/\/paracherkaoui.ma\/index.php\/produit\/lea-nature-eau-thermale-jonzac-eau-micellaire-apaisante-500-ml\/#breadcrumb"},"inLanguage":"fr-FR","potentialAction":[{"@type":"ReadAction","target":["https:\/\/paracherkaoui.ma\/index.php\/produit\/lea-nature-eau-thermale-jonzac-eau-micellaire-apaisante-500-ml\/"]}]},{"@type":"ImageObject","inLanguage":"fr-FR","@id":"https:\/\/paracherkaoui.ma\/index.php\/produit\/lea-nature-eau-thermale-jonzac-eau-micellaire-apaisante-500-ml\/#primaryimage","url":"https:\/\/paracherkaoui.ma\/wp-content\/uploads\/2025\/12\/lea-nature-lea-nature-eau-thermale-jonzac-eau-micellaire-apaisante-500-ml-home.jpg","contentUrl":"https:\/\/paracherkaoui.ma\/wp-content\/uploads\/2025\/12\/lea-nature-lea-nature-eau-thermale-jonzac-eau-micellaire-apaisante-500-ml-home.jpg","width":700,"height":700},{"@type":"BreadcrumbList","@id":"https:\/\/paracherkaoui.ma\/index.php\/produit\/lea-nature-eau-thermale-jonzac-eau-micellaire-apaisante-500-ml\/#breadcrumb","itemListElement":[{"@type":"ListItem","position":1,"name":"Accueil","item":"https:\/\/paracherkaoui.ma\/"},{"@type":"ListItem","position":2,"name":"Boutique","item":"https:\/\/paracherkaoui.ma\/index.php\/boutique\/"},{"@type":"ListItem","position":3,"name":"LEA NATURE EAU THERMALE JONZAC EAU MICELLAIRE APAISANTE 500 ML"}]},{"@type":"WebSite","@id":"https:\/\/paracherkaoui.ma\/#website","url":"https:\/\/paracherkaoui.ma\/","name":"Paracherkaoui.ma","description":"Achetez en ligne sur Paracherkaoui.ma","potentialAction":[{"@type":"SearchAction","target":{"@type":"EntryPoint","urlTemplate":"https:\/\/paracherkaoui.ma\/?s={search_term_string}"},"query-input":{"@type":"PropertyValueSpecification","valueRequired":true,"valueName":"search_term_string"}}],"inLanguage":"fr-FR"}]}},"_links":{"self":[{"href":"https:\/\/paracherkaoui.ma\/index.php\/wp-json\/wp\/v2\/product\/20864","targetHints":{"allow":["GET"]}}],"collection":[{"href":"https:\/\/paracherkaoui.ma\/index.php\/wp-json\/wp\/v2\/product"}],"about":[{"href":"https:\/\/paracherkaoui.ma\/index.php\/wp-json\/wp\/v2\/types\/product"}],"replies":[{"embeddable":true,"href":"https:\/\/paracherkaoui.ma\/index.php\/wp-json\/wp\/v2\/comments?post=20864"}],"version-history":[{"count":1,"href":"https:\/\/paracherkaoui.ma\/index.php\/wp-json\/wp\/v2\/product\/20864\/revisions"}],"predecessor-version":[{"id":20896,"href":"https:\/\/paracherkaoui.ma\/index.php\/wp-json\/wp\/v2\/product\/20864\/revisions\/20896"}],"wp:featuredmedia":[{"embeddable":true,"href":"https:\/\/paracherkaoui.ma\/index.php\/wp-json\/wp\/v2\/media\/20895"}],"wp:attachment":[{"href":"https:\/\/paracherkaoui.ma\/index.php\/wp-json\/wp\/v2\/media?parent=20864"}],"wp:term":[{"taxonomy":"product_brand","embeddable":true,"href":"https:\/\/paracherkaoui.ma\/index.php\/wp-json\/wp\/v2\/product_brand?post=20864"},{"taxonomy":"product_cat","embeddable":true,"href":"https:\/\/paracherkaoui.ma\/index.php\/wp-json\/wp\/v2\/product_cat?post=20864"},{"taxonomy":"product_tag","embeddable":true,"href":"https:\/\/paracherkaoui.ma\/index.php\/wp-json\/wp\/v2\/product_tag?post=20864"}],"curies":[{"name":"wp","href":"https:\/\/api.w.org\/{rel}","templated":true}]}}