{"id":20796,"date":"2025-12-12T18:05:33","date_gmt":"2025-12-12T17:05:33","guid":{"rendered":"https:\/\/test.ecbeaute.com\/?post_type=product&#038;p=20796"},"modified":"2025-12-12T18:05:37","modified_gmt":"2025-12-12T17:05:37","slug":"cattier-argile-blanche-surfine-200-g-en-poudre-4","status":"publish","type":"product","link":"https:\/\/paracherkaoui.ma\/index.php\/produit\/cattier-argile-blanche-surfine-200-g-en-poudre-4\/","title":{"rendered":"CATTIER ARGILE BLANCHE SURFINE 200 G EN POUDRE"},"content":{"rendered":"<p>L\u2019Argile blanche surfine Cattier, extraite en France, a \u00e9t\u00e9 rigoureusement s\u00e9lectionn\u00e9e pour son incomparable qualit\u00e9. Elle est traditionnellement utilis\u00e9e en masques , cataplasmes ou eau d\u2019argile.<br \/>\nCosmos Natural<br \/>\nContenance : 200 g<br \/>\nConseils d&rsquo;utilisation :<br \/>\nPr\u00e9paration de la p\u00e2te d\u2019argile : Verser la quantit\u00e9 d\u00e9sir\u00e9e d\u2019argile blanche dans un r\u00e9cipient en verre ou en bois. Ajouter un volume d\u2019eau de source afin d\u2019immerger totalement l\u2019argile. Laisser reposer pendant une demi-heure environ puis remuer avec une spatule non m\u00e9tallique pour obtenir une p\u00e2te lisse.<br \/>\nEn masque de beaut\u00e9 : Appliquer en couche \u00e9paisse sur le visage et le cou en \u00e9vitant le contour des yeux et des l\u00e8vres ou encore sur le cuir chevelu. Laisser poser 10 minutes environ sans laisser le masque s\u00e9cher. Rincer \u00e0 l\u2019eau ti\u00e8de et s\u00e9cher.<br \/>\nEn masque pour cheveux : Appliquer en couche \u00e9paisse sur la racine des cheveux. Laisser poser 10 minutes environ sans laisser le masque s\u00e9cher. Rincer \u00e0 l\u2019eau ti\u00e8de et appliquer un shampooing. Id\u00e9al pour les cheveux gras.<br \/>\nEn cataplasme : Disposer la p\u00e2te sur un textile naturel. R\u00e9partir l\u2019argile avec une spatule non m\u00e9tallique sur une \u00e9paisseur de 1 cm. Poser le cataplasme en laissant l\u2019argile en contact direct avec la peau et le maintenir (sans trop serrer) avec un bandage. Laisser le cataplasme pos\u00e9 une heure. Pour le retirer, enlever un maximum d\u2019argile, si n\u00e9cessaire en l\u2019humidifiant, puis rincer la peau et s\u00e9cher.<br \/>\nEn eau d\u2019argile : Verser une \u00e0 deux cuill\u00e8res \u00e0 caf\u00e9 d\u2019argile blanche dans un verre et ajouter de l\u2019eau de source. M\u00e9langer avec une spatule non m\u00e9tallique. Attendre que l\u2019argile se red\u00e9pose dans le fond et n\u2019utiliser que l\u2019eau d\u2019argile.<\/p>\n","protected":false},"excerpt":{"rendered":"<p>L\u2019Argile blanche surfine Cattier, extraite en France, a \u00e9t\u00e9 rigoureusement s\u00e9lectionn\u00e9e pour son incomparable qualit\u00e9. Elle est traditionnellement utilis\u00e9e en<\/p>\n","protected":false},"featured_media":14427,"comment_status":"open","ping_status":"closed","template":"","meta":[],"product_brand":[187],"product_cat":[346],"product_tag":[],"class_list":{"0":"post-20796","1":"product","2":"type-product","3":"status-publish","4":"has-post-thumbnail","6":"product_brand-cattier","7":"product_cat-demaquillants-et-nettoyants","9":"first","10":"instock","11":"shipping-taxable","12":"purchasable","13":"product-type-simple"},"yoast_head":"<!-- This site is optimized with the Yoast SEO plugin v26.6 - https:\/\/yoast.com\/wordpress\/plugins\/seo\/ -->\r\n<title>CATTIER ARGILE BLANCHE SURFINE 200 G EN POUDRE - Paracherkaoui.ma<\/title>\r\n<meta name=\"robots\" content=\"index, follow, max-snippet:-1, max-image-preview:large, max-video-preview:-1\" \/>\r\n<link rel=\"canonical\" href=\"https:\/\/paracherkaoui.ma\/index.php\/produit\/cattier-argile-blanche-surfine-200-g-en-poudre-4\/\" \/>\r\n<meta property=\"og:locale\" content=\"fr_FR\" \/>\r\n<meta property=\"og:type\" content=\"article\" \/>\r\n<meta property=\"og:title\" content=\"CATTIER ARGILE BLANCHE SURFINE 200 G EN POUDRE - Paracherkaoui.ma\" \/>\r\n<meta property=\"og:description\" content=\"L\u2019Argile blanche surfine Cattier, extraite en France, a \u00e9t\u00e9 rigoureusement s\u00e9lectionn\u00e9e pour son incomparable qualit\u00e9. Elle est traditionnellement utilis\u00e9e en\" \/>\r\n<meta property=\"og:url\" content=\"https:\/\/paracherkaoui.ma\/index.php\/produit\/cattier-argile-blanche-surfine-200-g-en-poudre-4\/\" \/>\r\n<meta property=\"og:site_name\" content=\"Paracherkaoui.ma\" \/>\r\n<meta property=\"article:modified_time\" content=\"2025-12-12T17:05:37+00:00\" \/>\r\n<meta property=\"og:image\" content=\"https:\/\/paracherkaoui.ma\/wp-content\/uploads\/2025\/12\/cattier-argile-blanche-surfine-200-g-en-poudre.jpg\" \/>\r\n\t<meta property=\"og:image:width\" content=\"700\" \/>\r\n\t<meta property=\"og:image:height\" content=\"700\" \/>\r\n\t<meta property=\"og:image:type\" content=\"image\/jpeg\" \/>\r\n<meta name=\"twitter:card\" content=\"summary_large_image\" \/>\r\n<meta name=\"twitter:label1\" content=\"Dur\u00e9e de lecture estim\u00e9e\" \/>\n\t<meta name=\"twitter:data1\" content=\"2 minutes\" \/>\r\n<script type=\"application\/ld+json\" class=\"yoast-schema-graph\">{\"@context\":\"https:\/\/schema.org\",\"@graph\":[{\"@type\":\"WebPage\",\"@id\":\"https:\/\/paracherkaoui.ma\/index.php\/produit\/cattier-argile-blanche-surfine-200-g-en-poudre-4\/\",\"url\":\"https:\/\/paracherkaoui.ma\/index.php\/produit\/cattier-argile-blanche-surfine-200-g-en-poudre-4\/\",\"name\":\"CATTIER ARGILE BLANCHE SURFINE 200 G EN POUDRE - Paracherkaoui.ma\",\"isPartOf\":{\"@id\":\"https:\/\/paracherkaoui.ma\/#website\"},\"primaryImageOfPage\":{\"@id\":\"https:\/\/paracherkaoui.ma\/index.php\/produit\/cattier-argile-blanche-surfine-200-g-en-poudre-4\/#primaryimage\"},\"image\":{\"@id\":\"https:\/\/paracherkaoui.ma\/index.php\/produit\/cattier-argile-blanche-surfine-200-g-en-poudre-4\/#primaryimage\"},\"thumbnailUrl\":\"https:\/\/paracherkaoui.ma\/wp-content\/uploads\/2025\/12\/cattier-argile-blanche-surfine-200-g-en-poudre.jpg\",\"datePublished\":\"2025-12-12T17:05:33+00:00\",\"dateModified\":\"2025-12-12T17:05:37+00:00\",\"breadcrumb\":{\"@id\":\"https:\/\/paracherkaoui.ma\/index.php\/produit\/cattier-argile-blanche-surfine-200-g-en-poudre-4\/#breadcrumb\"},\"inLanguage\":\"fr-FR\",\"potentialAction\":[{\"@type\":\"ReadAction\",\"target\":[\"https:\/\/paracherkaoui.ma\/index.php\/produit\/cattier-argile-blanche-surfine-200-g-en-poudre-4\/\"]}]},{\"@type\":\"ImageObject\",\"inLanguage\":\"fr-FR\",\"@id\":\"https:\/\/paracherkaoui.ma\/index.php\/produit\/cattier-argile-blanche-surfine-200-g-en-poudre-4\/#primaryimage\",\"url\":\"https:\/\/paracherkaoui.ma\/wp-content\/uploads\/2025\/12\/cattier-argile-blanche-surfine-200-g-en-poudre.jpg\",\"contentUrl\":\"https:\/\/paracherkaoui.ma\/wp-content\/uploads\/2025\/12\/cattier-argile-blanche-surfine-200-g-en-poudre.jpg\",\"width\":700,\"height\":700},{\"@type\":\"BreadcrumbList\",\"@id\":\"https:\/\/paracherkaoui.ma\/index.php\/produit\/cattier-argile-blanche-surfine-200-g-en-poudre-4\/#breadcrumb\",\"itemListElement\":[{\"@type\":\"ListItem\",\"position\":1,\"name\":\"Accueil\",\"item\":\"https:\/\/paracherkaoui.ma\/\"},{\"@type\":\"ListItem\",\"position\":2,\"name\":\"Boutique\",\"item\":\"https:\/\/paracherkaoui.ma\/index.php\/boutique\/\"},{\"@type\":\"ListItem\",\"position\":3,\"name\":\"CATTIER ARGILE BLANCHE SURFINE 200 G EN POUDRE\"}]},{\"@type\":\"WebSite\",\"@id\":\"https:\/\/paracherkaoui.ma\/#website\",\"url\":\"https:\/\/paracherkaoui.ma\/\",\"name\":\"Paracherkaoui.ma\",\"description\":\"Achetez en ligne sur Paracherkaoui.ma\",\"potentialAction\":[{\"@type\":\"SearchAction\",\"target\":{\"@type\":\"EntryPoint\",\"urlTemplate\":\"https:\/\/paracherkaoui.ma\/?s={search_term_string}\"},\"query-input\":{\"@type\":\"PropertyValueSpecification\",\"valueRequired\":true,\"valueName\":\"search_term_string\"}}],\"inLanguage\":\"fr-FR\"}]}<\/script>\r\n<!-- \/ Yoast SEO plugin. -->","yoast_head_json":{"title":"CATTIER ARGILE BLANCHE SURFINE 200 G EN POUDRE - Paracherkaoui.ma","robots":{"index":"index","follow":"follow","max-snippet":"max-snippet:-1","max-image-preview":"max-image-preview:large","max-video-preview":"max-video-preview:-1"},"canonical":"https:\/\/paracherkaoui.ma\/index.php\/produit\/cattier-argile-blanche-surfine-200-g-en-poudre-4\/","og_locale":"fr_FR","og_type":"article","og_title":"CATTIER ARGILE BLANCHE SURFINE 200 G EN POUDRE - Paracherkaoui.ma","og_description":"L\u2019Argile blanche surfine Cattier, extraite en France, a \u00e9t\u00e9 rigoureusement s\u00e9lectionn\u00e9e pour son incomparable qualit\u00e9. Elle est traditionnellement utilis\u00e9e en","og_url":"https:\/\/paracherkaoui.ma\/index.php\/produit\/cattier-argile-blanche-surfine-200-g-en-poudre-4\/","og_site_name":"Paracherkaoui.ma","article_modified_time":"2025-12-12T17:05:37+00:00","og_image":[{"width":700,"height":700,"url":"https:\/\/paracherkaoui.ma\/wp-content\/uploads\/2025\/12\/cattier-argile-blanche-surfine-200-g-en-poudre.jpg","type":"image\/jpeg"}],"twitter_card":"summary_large_image","twitter_misc":{"Dur\u00e9e de lecture estim\u00e9e":"2 minutes"},"schema":{"@context":"https:\/\/schema.org","@graph":[{"@type":"WebPage","@id":"https:\/\/paracherkaoui.ma\/index.php\/produit\/cattier-argile-blanche-surfine-200-g-en-poudre-4\/","url":"https:\/\/paracherkaoui.ma\/index.php\/produit\/cattier-argile-blanche-surfine-200-g-en-poudre-4\/","name":"CATTIER ARGILE BLANCHE SURFINE 200 G EN POUDRE - Paracherkaoui.ma","isPartOf":{"@id":"https:\/\/paracherkaoui.ma\/#website"},"primaryImageOfPage":{"@id":"https:\/\/paracherkaoui.ma\/index.php\/produit\/cattier-argile-blanche-surfine-200-g-en-poudre-4\/#primaryimage"},"image":{"@id":"https:\/\/paracherkaoui.ma\/index.php\/produit\/cattier-argile-blanche-surfine-200-g-en-poudre-4\/#primaryimage"},"thumbnailUrl":"https:\/\/paracherkaoui.ma\/wp-content\/uploads\/2025\/12\/cattier-argile-blanche-surfine-200-g-en-poudre.jpg","datePublished":"2025-12-12T17:05:33+00:00","dateModified":"2025-12-12T17:05:37+00:00","breadcrumb":{"@id":"https:\/\/paracherkaoui.ma\/index.php\/produit\/cattier-argile-blanche-surfine-200-g-en-poudre-4\/#breadcrumb"},"inLanguage":"fr-FR","potentialAction":[{"@type":"ReadAction","target":["https:\/\/paracherkaoui.ma\/index.php\/produit\/cattier-argile-blanche-surfine-200-g-en-poudre-4\/"]}]},{"@type":"ImageObject","inLanguage":"fr-FR","@id":"https:\/\/paracherkaoui.ma\/index.php\/produit\/cattier-argile-blanche-surfine-200-g-en-poudre-4\/#primaryimage","url":"https:\/\/paracherkaoui.ma\/wp-content\/uploads\/2025\/12\/cattier-argile-blanche-surfine-200-g-en-poudre.jpg","contentUrl":"https:\/\/paracherkaoui.ma\/wp-content\/uploads\/2025\/12\/cattier-argile-blanche-surfine-200-g-en-poudre.jpg","width":700,"height":700},{"@type":"BreadcrumbList","@id":"https:\/\/paracherkaoui.ma\/index.php\/produit\/cattier-argile-blanche-surfine-200-g-en-poudre-4\/#breadcrumb","itemListElement":[{"@type":"ListItem","position":1,"name":"Accueil","item":"https:\/\/paracherkaoui.ma\/"},{"@type":"ListItem","position":2,"name":"Boutique","item":"https:\/\/paracherkaoui.ma\/index.php\/boutique\/"},{"@type":"ListItem","position":3,"name":"CATTIER ARGILE BLANCHE SURFINE 200 G EN POUDRE"}]},{"@type":"WebSite","@id":"https:\/\/paracherkaoui.ma\/#website","url":"https:\/\/paracherkaoui.ma\/","name":"Paracherkaoui.ma","description":"Achetez en ligne sur Paracherkaoui.ma","potentialAction":[{"@type":"SearchAction","target":{"@type":"EntryPoint","urlTemplate":"https:\/\/paracherkaoui.ma\/?s={search_term_string}"},"query-input":{"@type":"PropertyValueSpecification","valueRequired":true,"valueName":"search_term_string"}}],"inLanguage":"fr-FR"}]}},"_links":{"self":[{"href":"https:\/\/paracherkaoui.ma\/index.php\/wp-json\/wp\/v2\/product\/20796","targetHints":{"allow":["GET"]}}],"collection":[{"href":"https:\/\/paracherkaoui.ma\/index.php\/wp-json\/wp\/v2\/product"}],"about":[{"href":"https:\/\/paracherkaoui.ma\/index.php\/wp-json\/wp\/v2\/types\/product"}],"replies":[{"embeddable":true,"href":"https:\/\/paracherkaoui.ma\/index.php\/wp-json\/wp\/v2\/comments?post=20796"}],"version-history":[{"count":1,"href":"https:\/\/paracherkaoui.ma\/index.php\/wp-json\/wp\/v2\/product\/20796\/revisions"}],"predecessor-version":[{"id":20848,"href":"https:\/\/paracherkaoui.ma\/index.php\/wp-json\/wp\/v2\/product\/20796\/revisions\/20848"}],"wp:featuredmedia":[{"embeddable":true,"href":"https:\/\/paracherkaoui.ma\/index.php\/wp-json\/wp\/v2\/media\/14427"}],"wp:attachment":[{"href":"https:\/\/paracherkaoui.ma\/index.php\/wp-json\/wp\/v2\/media?parent=20796"}],"wp:term":[{"taxonomy":"product_brand","embeddable":true,"href":"https:\/\/paracherkaoui.ma\/index.php\/wp-json\/wp\/v2\/product_brand?post=20796"},{"taxonomy":"product_cat","embeddable":true,"href":"https:\/\/paracherkaoui.ma\/index.php\/wp-json\/wp\/v2\/product_cat?post=20796"},{"taxonomy":"product_tag","embeddable":true,"href":"https:\/\/paracherkaoui.ma\/index.php\/wp-json\/wp\/v2\/product_tag?post=20796"}],"curies":[{"name":"wp","href":"https:\/\/api.w.org\/{rel}","templated":true}]}}