{"id":20792,"date":"2025-12-12T18:05:33","date_gmt":"2025-12-12T17:05:33","guid":{"rendered":"https:\/\/test.ecbeaute.com\/?post_type=product&#038;p=20792"},"modified":"2025-12-12T18:05:36","modified_gmt":"2025-12-12T17:05:36","slug":"noreva-xerodiane-ap-gel-surgras-liquide-doux-745-ml","status":"publish","type":"product","link":"https:\/\/paracherkaoui.ma\/index.php\/produit\/noreva-xerodiane-ap-gel-surgras-liquide-doux-745-ml\/","title":{"rendered":"NOREVA XERODIANE AP+ GEL SURGRAS LIQUIDE DOUX 745 ML"},"content":{"rendered":"<p>DESCRIPTION :<br \/>\nD\u00e9velopp\u00e9 sp\u00e9cialement pour nettoyer sans agresser les peaux s\u00e8ches, tr\u00e8s s\u00e8ches, sensibles, \u00e0 tendance atopique, et \u00e9viter le dess\u00e8chement, Xerodiane\u00a0AP+ Surgras liquide moussant doux pr\u00e9serve et hydrate la peau du visage et du corps sans la dess\u00e9cher. Sa formule haute tol\u00e9rance permet une utilisation quotidienne en toute s\u00e9curit\u00e9 chez les b\u00e9b\u00e9s, enfants et adultes.<br \/>\nConseils d&rsquo;utilisation<br \/>\nAppliquer le Surgras liquide doux sur une peau humide. Masser d\u00e9licatement, rincer et s\u00e9cher la peau. Appliquer ensuite la Cr\u00e8me \u00e9molliente sur l&rsquo;ensemble du visage et\/ou du corps.<br \/>\nComposition<br \/>\nAQUA (WATER), GLYCERIN, SODIUM LAURETH SULFATE, ACRYLATES\/STEARETH-20 METHACTRYLATE COPOLYMER, SODIUM LAUROYL SARCOSINATE, PHENETHYL ALCOHOL, PEG\/PPG-22\/24 DIMETHICONE, SODIUM COCOAMPHOACETATE, SODIUM BENZOATE, PARFUM (FRAGRANCE), TETRASODIUM EDTA, SODIUM HYDROXIDE, LAURETH-2, SODIUM CHLORIDE, CITRIC ACID, SODIUM SULFATE, SODIUM LAURYL SULFATE.<\/p>\n","protected":false},"excerpt":{"rendered":"<p>DESCRIPTION : D\u00e9velopp\u00e9 sp\u00e9cialement pour nettoyer sans agresser les peaux s\u00e8ches, tr\u00e8s s\u00e8ches, sensibles, \u00e0 tendance atopique, et \u00e9viter le<\/p>\n","protected":false},"featured_media":20840,"comment_status":"open","ping_status":"closed","template":"","meta":[],"product_brand":[403],"product_cat":[346],"product_tag":[],"class_list":{"0":"post-20792","1":"product","2":"type-product","3":"status-publish","4":"has-post-thumbnail","6":"product_brand-noreva","7":"product_cat-demaquillants-et-nettoyants","9":"first","10":"instock","11":"sale","12":"shipping-taxable","13":"purchasable","14":"product-type-simple"},"yoast_head":"<!-- This site is optimized with the Yoast SEO plugin v26.6 - https:\/\/yoast.com\/wordpress\/plugins\/seo\/ -->\r\n<title>NOREVA XERODIANE AP+ GEL SURGRAS LIQUIDE DOUX 745 ML - Paracherkaoui.ma<\/title>\r\n<meta name=\"robots\" content=\"index, follow, max-snippet:-1, max-image-preview:large, max-video-preview:-1\" \/>\r\n<link rel=\"canonical\" href=\"https:\/\/paracherkaoui.ma\/index.php\/produit\/noreva-xerodiane-ap-gel-surgras-liquide-doux-745-ml\/\" \/>\r\n<meta property=\"og:locale\" content=\"fr_FR\" \/>\r\n<meta property=\"og:type\" content=\"article\" \/>\r\n<meta property=\"og:title\" content=\"NOREVA XERODIANE AP+ GEL SURGRAS LIQUIDE DOUX 745 ML - Paracherkaoui.ma\" \/>\r\n<meta property=\"og:description\" content=\"DESCRIPTION : D\u00e9velopp\u00e9 sp\u00e9cialement pour nettoyer sans agresser les peaux s\u00e8ches, tr\u00e8s s\u00e8ches, sensibles, \u00e0 tendance atopique, et \u00e9viter le\" \/>\r\n<meta property=\"og:url\" content=\"https:\/\/paracherkaoui.ma\/index.php\/produit\/noreva-xerodiane-ap-gel-surgras-liquide-doux-745-ml\/\" \/>\r\n<meta property=\"og:site_name\" content=\"Paracherkaoui.ma\" \/>\r\n<meta property=\"article:modified_time\" content=\"2025-12-12T17:05:36+00:00\" \/>\r\n<meta property=\"og:image\" content=\"https:\/\/paracherkaoui.ma\/wp-content\/uploads\/2025\/12\/noreva-noreva-xerodiane-ap-gel-surgras-liquide-doux-745-ml.jpg\" \/>\r\n\t<meta property=\"og:image:width\" content=\"700\" \/>\r\n\t<meta property=\"og:image:height\" content=\"700\" \/>\r\n\t<meta property=\"og:image:type\" content=\"image\/jpeg\" \/>\r\n<meta name=\"twitter:card\" content=\"summary_large_image\" \/>\r\n<meta name=\"twitter:label1\" content=\"Dur\u00e9e de lecture estim\u00e9e\" \/>\n\t<meta name=\"twitter:data1\" content=\"1 minute\" \/>\r\n<script type=\"application\/ld+json\" class=\"yoast-schema-graph\">{\"@context\":\"https:\/\/schema.org\",\"@graph\":[{\"@type\":\"WebPage\",\"@id\":\"https:\/\/paracherkaoui.ma\/index.php\/produit\/noreva-xerodiane-ap-gel-surgras-liquide-doux-745-ml\/\",\"url\":\"https:\/\/paracherkaoui.ma\/index.php\/produit\/noreva-xerodiane-ap-gel-surgras-liquide-doux-745-ml\/\",\"name\":\"NOREVA XERODIANE AP+ GEL SURGRAS LIQUIDE DOUX 745 ML - Paracherkaoui.ma\",\"isPartOf\":{\"@id\":\"https:\/\/paracherkaoui.ma\/#website\"},\"primaryImageOfPage\":{\"@id\":\"https:\/\/paracherkaoui.ma\/index.php\/produit\/noreva-xerodiane-ap-gel-surgras-liquide-doux-745-ml\/#primaryimage\"},\"image\":{\"@id\":\"https:\/\/paracherkaoui.ma\/index.php\/produit\/noreva-xerodiane-ap-gel-surgras-liquide-doux-745-ml\/#primaryimage\"},\"thumbnailUrl\":\"https:\/\/paracherkaoui.ma\/wp-content\/uploads\/2025\/12\/noreva-noreva-xerodiane-ap-gel-surgras-liquide-doux-745-ml.jpg\",\"datePublished\":\"2025-12-12T17:05:33+00:00\",\"dateModified\":\"2025-12-12T17:05:36+00:00\",\"breadcrumb\":{\"@id\":\"https:\/\/paracherkaoui.ma\/index.php\/produit\/noreva-xerodiane-ap-gel-surgras-liquide-doux-745-ml\/#breadcrumb\"},\"inLanguage\":\"fr-FR\",\"potentialAction\":[{\"@type\":\"ReadAction\",\"target\":[\"https:\/\/paracherkaoui.ma\/index.php\/produit\/noreva-xerodiane-ap-gel-surgras-liquide-doux-745-ml\/\"]}]},{\"@type\":\"ImageObject\",\"inLanguage\":\"fr-FR\",\"@id\":\"https:\/\/paracherkaoui.ma\/index.php\/produit\/noreva-xerodiane-ap-gel-surgras-liquide-doux-745-ml\/#primaryimage\",\"url\":\"https:\/\/paracherkaoui.ma\/wp-content\/uploads\/2025\/12\/noreva-noreva-xerodiane-ap-gel-surgras-liquide-doux-745-ml.jpg\",\"contentUrl\":\"https:\/\/paracherkaoui.ma\/wp-content\/uploads\/2025\/12\/noreva-noreva-xerodiane-ap-gel-surgras-liquide-doux-745-ml.jpg\",\"width\":700,\"height\":700},{\"@type\":\"BreadcrumbList\",\"@id\":\"https:\/\/paracherkaoui.ma\/index.php\/produit\/noreva-xerodiane-ap-gel-surgras-liquide-doux-745-ml\/#breadcrumb\",\"itemListElement\":[{\"@type\":\"ListItem\",\"position\":1,\"name\":\"Accueil\",\"item\":\"https:\/\/paracherkaoui.ma\/\"},{\"@type\":\"ListItem\",\"position\":2,\"name\":\"Boutique\",\"item\":\"https:\/\/paracherkaoui.ma\/index.php\/boutique\/\"},{\"@type\":\"ListItem\",\"position\":3,\"name\":\"NOREVA XERODIANE AP+ GEL SURGRAS LIQUIDE DOUX 745 ML\"}]},{\"@type\":\"WebSite\",\"@id\":\"https:\/\/paracherkaoui.ma\/#website\",\"url\":\"https:\/\/paracherkaoui.ma\/\",\"name\":\"Paracherkaoui.ma\",\"description\":\"Achetez en ligne sur Paracherkaoui.ma\",\"potentialAction\":[{\"@type\":\"SearchAction\",\"target\":{\"@type\":\"EntryPoint\",\"urlTemplate\":\"https:\/\/paracherkaoui.ma\/?s={search_term_string}\"},\"query-input\":{\"@type\":\"PropertyValueSpecification\",\"valueRequired\":true,\"valueName\":\"search_term_string\"}}],\"inLanguage\":\"fr-FR\"}]}<\/script>\r\n<!-- \/ Yoast SEO plugin. -->","yoast_head_json":{"title":"NOREVA XERODIANE AP+ GEL SURGRAS LIQUIDE DOUX 745 ML - Paracherkaoui.ma","robots":{"index":"index","follow":"follow","max-snippet":"max-snippet:-1","max-image-preview":"max-image-preview:large","max-video-preview":"max-video-preview:-1"},"canonical":"https:\/\/paracherkaoui.ma\/index.php\/produit\/noreva-xerodiane-ap-gel-surgras-liquide-doux-745-ml\/","og_locale":"fr_FR","og_type":"article","og_title":"NOREVA XERODIANE AP+ GEL SURGRAS LIQUIDE DOUX 745 ML - Paracherkaoui.ma","og_description":"DESCRIPTION : D\u00e9velopp\u00e9 sp\u00e9cialement pour nettoyer sans agresser les peaux s\u00e8ches, tr\u00e8s s\u00e8ches, sensibles, \u00e0 tendance atopique, et \u00e9viter le","og_url":"https:\/\/paracherkaoui.ma\/index.php\/produit\/noreva-xerodiane-ap-gel-surgras-liquide-doux-745-ml\/","og_site_name":"Paracherkaoui.ma","article_modified_time":"2025-12-12T17:05:36+00:00","og_image":[{"width":700,"height":700,"url":"https:\/\/paracherkaoui.ma\/wp-content\/uploads\/2025\/12\/noreva-noreva-xerodiane-ap-gel-surgras-liquide-doux-745-ml.jpg","type":"image\/jpeg"}],"twitter_card":"summary_large_image","twitter_misc":{"Dur\u00e9e de lecture estim\u00e9e":"1 minute"},"schema":{"@context":"https:\/\/schema.org","@graph":[{"@type":"WebPage","@id":"https:\/\/paracherkaoui.ma\/index.php\/produit\/noreva-xerodiane-ap-gel-surgras-liquide-doux-745-ml\/","url":"https:\/\/paracherkaoui.ma\/index.php\/produit\/noreva-xerodiane-ap-gel-surgras-liquide-doux-745-ml\/","name":"NOREVA XERODIANE AP+ GEL SURGRAS LIQUIDE DOUX 745 ML - Paracherkaoui.ma","isPartOf":{"@id":"https:\/\/paracherkaoui.ma\/#website"},"primaryImageOfPage":{"@id":"https:\/\/paracherkaoui.ma\/index.php\/produit\/noreva-xerodiane-ap-gel-surgras-liquide-doux-745-ml\/#primaryimage"},"image":{"@id":"https:\/\/paracherkaoui.ma\/index.php\/produit\/noreva-xerodiane-ap-gel-surgras-liquide-doux-745-ml\/#primaryimage"},"thumbnailUrl":"https:\/\/paracherkaoui.ma\/wp-content\/uploads\/2025\/12\/noreva-noreva-xerodiane-ap-gel-surgras-liquide-doux-745-ml.jpg","datePublished":"2025-12-12T17:05:33+00:00","dateModified":"2025-12-12T17:05:36+00:00","breadcrumb":{"@id":"https:\/\/paracherkaoui.ma\/index.php\/produit\/noreva-xerodiane-ap-gel-surgras-liquide-doux-745-ml\/#breadcrumb"},"inLanguage":"fr-FR","potentialAction":[{"@type":"ReadAction","target":["https:\/\/paracherkaoui.ma\/index.php\/produit\/noreva-xerodiane-ap-gel-surgras-liquide-doux-745-ml\/"]}]},{"@type":"ImageObject","inLanguage":"fr-FR","@id":"https:\/\/paracherkaoui.ma\/index.php\/produit\/noreva-xerodiane-ap-gel-surgras-liquide-doux-745-ml\/#primaryimage","url":"https:\/\/paracherkaoui.ma\/wp-content\/uploads\/2025\/12\/noreva-noreva-xerodiane-ap-gel-surgras-liquide-doux-745-ml.jpg","contentUrl":"https:\/\/paracherkaoui.ma\/wp-content\/uploads\/2025\/12\/noreva-noreva-xerodiane-ap-gel-surgras-liquide-doux-745-ml.jpg","width":700,"height":700},{"@type":"BreadcrumbList","@id":"https:\/\/paracherkaoui.ma\/index.php\/produit\/noreva-xerodiane-ap-gel-surgras-liquide-doux-745-ml\/#breadcrumb","itemListElement":[{"@type":"ListItem","position":1,"name":"Accueil","item":"https:\/\/paracherkaoui.ma\/"},{"@type":"ListItem","position":2,"name":"Boutique","item":"https:\/\/paracherkaoui.ma\/index.php\/boutique\/"},{"@type":"ListItem","position":3,"name":"NOREVA XERODIANE AP+ GEL SURGRAS LIQUIDE DOUX 745 ML"}]},{"@type":"WebSite","@id":"https:\/\/paracherkaoui.ma\/#website","url":"https:\/\/paracherkaoui.ma\/","name":"Paracherkaoui.ma","description":"Achetez en ligne sur Paracherkaoui.ma","potentialAction":[{"@type":"SearchAction","target":{"@type":"EntryPoint","urlTemplate":"https:\/\/paracherkaoui.ma\/?s={search_term_string}"},"query-input":{"@type":"PropertyValueSpecification","valueRequired":true,"valueName":"search_term_string"}}],"inLanguage":"fr-FR"}]}},"_links":{"self":[{"href":"https:\/\/paracherkaoui.ma\/index.php\/wp-json\/wp\/v2\/product\/20792","targetHints":{"allow":["GET"]}}],"collection":[{"href":"https:\/\/paracherkaoui.ma\/index.php\/wp-json\/wp\/v2\/product"}],"about":[{"href":"https:\/\/paracherkaoui.ma\/index.php\/wp-json\/wp\/v2\/types\/product"}],"replies":[{"embeddable":true,"href":"https:\/\/paracherkaoui.ma\/index.php\/wp-json\/wp\/v2\/comments?post=20792"}],"version-history":[{"count":1,"href":"https:\/\/paracherkaoui.ma\/index.php\/wp-json\/wp\/v2\/product\/20792\/revisions"}],"predecessor-version":[{"id":20841,"href":"https:\/\/paracherkaoui.ma\/index.php\/wp-json\/wp\/v2\/product\/20792\/revisions\/20841"}],"wp:featuredmedia":[{"embeddable":true,"href":"https:\/\/paracherkaoui.ma\/index.php\/wp-json\/wp\/v2\/media\/20840"}],"wp:attachment":[{"href":"https:\/\/paracherkaoui.ma\/index.php\/wp-json\/wp\/v2\/media?parent=20792"}],"wp:term":[{"taxonomy":"product_brand","embeddable":true,"href":"https:\/\/paracherkaoui.ma\/index.php\/wp-json\/wp\/v2\/product_brand?post=20792"},{"taxonomy":"product_cat","embeddable":true,"href":"https:\/\/paracherkaoui.ma\/index.php\/wp-json\/wp\/v2\/product_cat?post=20792"},{"taxonomy":"product_tag","embeddable":true,"href":"https:\/\/paracherkaoui.ma\/index.php\/wp-json\/wp\/v2\/product_tag?post=20792"}],"curies":[{"name":"wp","href":"https:\/\/api.w.org\/{rel}","templated":true}]}}