{"id":20783,"date":"2025-12-12T18:05:32","date_gmt":"2025-12-12T17:05:32","guid":{"rendered":"https:\/\/test.ecbeaute.com\/?post_type=product&#038;p=20783"},"modified":"2025-12-12T18:05:35","modified_gmt":"2025-12-12T17:05:35","slug":"nuxe-very-rose-gel-masque-nettoyant-ultra-frais","status":"publish","type":"product","link":"https:\/\/paracherkaoui.ma\/index.php\/produit\/nuxe-very-rose-gel-masque-nettoyant-ultra-frais\/","title":{"rendered":"NUXE VERY ROSE Gel-Masque Nettoyant Ultra-frais"},"content":{"rendered":"<p>Ce gel-masque ultra-frais au d\u00e9licat parfum de rose nettoie en profondeur et \u00e9limine les particules de pollution. Enrichie d&rsquo;Eau Florale de Rose, sa gel\u00e9e fondante ultra-sensorielle apporte une efficacit\u00e9 anti-pollution ainsi<br \/>\nqu&rsquo;une incroyable sensation de fra\u00eecheur \u00e0 la peau.<br \/>\nCe Gel-Masque est le geste nettoyant plaisir \u00e0 utiliser directement sous la douche !<br \/>\nConseils d&rsquo;utilisation:<br \/>\nAppliquez matin et soir sur visage humide, en \u00e9vitant le contour des yeux.<br \/>\nLaissez poser 1 minute puis massez par mouvements circulaires pour d\u00e9crocher les impuret\u00e9s les plus incrust\u00e9es.<br \/>\nRincez ensuite abondamment \u00e0 l\u2019eau.En cas de contact avec les yeux, rincez abondamment.<\/p>\n","protected":false},"excerpt":{"rendered":"<p>Ce gel-masque ultra-frais au d\u00e9licat parfum de rose nettoie en profondeur et \u00e9limine les particules de pollution. Enrichie d&rsquo;Eau Florale<\/p>\n","protected":false},"featured_media":20822,"comment_status":"open","ping_status":"closed","template":"","meta":[],"product_brand":[230],"product_cat":[346],"product_tag":[],"class_list":{"0":"post-20783","1":"product","2":"type-product","3":"status-publish","4":"has-post-thumbnail","6":"product_brand-nuxe","7":"product_cat-demaquillants-et-nettoyants","9":"first","10":"instock","11":"sale","12":"shipping-taxable","13":"purchasable","14":"product-type-simple"},"yoast_head":"<!-- This site is optimized with the Yoast SEO plugin v26.6 - https:\/\/yoast.com\/wordpress\/plugins\/seo\/ -->\r\n<title>NUXE VERY ROSE Gel-Masque Nettoyant Ultra-frais - Paracherkaoui.ma<\/title>\r\n<meta name=\"robots\" content=\"index, follow, max-snippet:-1, max-image-preview:large, max-video-preview:-1\" \/>\r\n<link rel=\"canonical\" href=\"https:\/\/paracherkaoui.ma\/index.php\/produit\/nuxe-very-rose-gel-masque-nettoyant-ultra-frais\/\" \/>\r\n<meta property=\"og:locale\" content=\"fr_FR\" \/>\r\n<meta property=\"og:type\" content=\"article\" \/>\r\n<meta property=\"og:title\" content=\"NUXE VERY ROSE Gel-Masque Nettoyant Ultra-frais - Paracherkaoui.ma\" \/>\r\n<meta property=\"og:description\" content=\"Ce gel-masque ultra-frais au d\u00e9licat parfum de rose nettoie en profondeur et \u00e9limine les particules de pollution. Enrichie d&rsquo;Eau Florale\" \/>\r\n<meta property=\"og:url\" content=\"https:\/\/paracherkaoui.ma\/index.php\/produit\/nuxe-very-rose-gel-masque-nettoyant-ultra-frais\/\" \/>\r\n<meta property=\"og:site_name\" content=\"Paracherkaoui.ma\" \/>\r\n<meta property=\"article:modified_time\" content=\"2025-12-12T17:05:35+00:00\" \/>\r\n<meta property=\"og:image\" content=\"https:\/\/paracherkaoui.ma\/wp-content\/uploads\/2025\/12\/nuxe-nuxe-very-rose-gel-masque-nettoyant-ultra-frais-masques-visage.jpg\" \/>\r\n\t<meta property=\"og:image:width\" content=\"700\" \/>\r\n\t<meta property=\"og:image:height\" content=\"700\" \/>\r\n\t<meta property=\"og:image:type\" content=\"image\/jpeg\" \/>\r\n<meta name=\"twitter:card\" content=\"summary_large_image\" \/>\r\n<meta name=\"twitter:label1\" content=\"Dur\u00e9e de lecture estim\u00e9e\" \/>\n\t<meta name=\"twitter:data1\" content=\"1 minute\" \/>\r\n<script type=\"application\/ld+json\" class=\"yoast-schema-graph\">{\"@context\":\"https:\/\/schema.org\",\"@graph\":[{\"@type\":\"WebPage\",\"@id\":\"https:\/\/paracherkaoui.ma\/index.php\/produit\/nuxe-very-rose-gel-masque-nettoyant-ultra-frais\/\",\"url\":\"https:\/\/paracherkaoui.ma\/index.php\/produit\/nuxe-very-rose-gel-masque-nettoyant-ultra-frais\/\",\"name\":\"NUXE VERY ROSE Gel-Masque Nettoyant Ultra-frais - Paracherkaoui.ma\",\"isPartOf\":{\"@id\":\"https:\/\/paracherkaoui.ma\/#website\"},\"primaryImageOfPage\":{\"@id\":\"https:\/\/paracherkaoui.ma\/index.php\/produit\/nuxe-very-rose-gel-masque-nettoyant-ultra-frais\/#primaryimage\"},\"image\":{\"@id\":\"https:\/\/paracherkaoui.ma\/index.php\/produit\/nuxe-very-rose-gel-masque-nettoyant-ultra-frais\/#primaryimage\"},\"thumbnailUrl\":\"https:\/\/paracherkaoui.ma\/wp-content\/uploads\/2025\/12\/nuxe-nuxe-very-rose-gel-masque-nettoyant-ultra-frais-masques-visage.jpg\",\"datePublished\":\"2025-12-12T17:05:32+00:00\",\"dateModified\":\"2025-12-12T17:05:35+00:00\",\"breadcrumb\":{\"@id\":\"https:\/\/paracherkaoui.ma\/index.php\/produit\/nuxe-very-rose-gel-masque-nettoyant-ultra-frais\/#breadcrumb\"},\"inLanguage\":\"fr-FR\",\"potentialAction\":[{\"@type\":\"ReadAction\",\"target\":[\"https:\/\/paracherkaoui.ma\/index.php\/produit\/nuxe-very-rose-gel-masque-nettoyant-ultra-frais\/\"]}]},{\"@type\":\"ImageObject\",\"inLanguage\":\"fr-FR\",\"@id\":\"https:\/\/paracherkaoui.ma\/index.php\/produit\/nuxe-very-rose-gel-masque-nettoyant-ultra-frais\/#primaryimage\",\"url\":\"https:\/\/paracherkaoui.ma\/wp-content\/uploads\/2025\/12\/nuxe-nuxe-very-rose-gel-masque-nettoyant-ultra-frais-masques-visage.jpg\",\"contentUrl\":\"https:\/\/paracherkaoui.ma\/wp-content\/uploads\/2025\/12\/nuxe-nuxe-very-rose-gel-masque-nettoyant-ultra-frais-masques-visage.jpg\",\"width\":700,\"height\":700},{\"@type\":\"BreadcrumbList\",\"@id\":\"https:\/\/paracherkaoui.ma\/index.php\/produit\/nuxe-very-rose-gel-masque-nettoyant-ultra-frais\/#breadcrumb\",\"itemListElement\":[{\"@type\":\"ListItem\",\"position\":1,\"name\":\"Accueil\",\"item\":\"https:\/\/paracherkaoui.ma\/\"},{\"@type\":\"ListItem\",\"position\":2,\"name\":\"Boutique\",\"item\":\"https:\/\/paracherkaoui.ma\/index.php\/boutique\/\"},{\"@type\":\"ListItem\",\"position\":3,\"name\":\"NUXE VERY ROSE Gel-Masque Nettoyant Ultra-frais\"}]},{\"@type\":\"WebSite\",\"@id\":\"https:\/\/paracherkaoui.ma\/#website\",\"url\":\"https:\/\/paracherkaoui.ma\/\",\"name\":\"Paracherkaoui.ma\",\"description\":\"Achetez en ligne sur Paracherkaoui.ma\",\"potentialAction\":[{\"@type\":\"SearchAction\",\"target\":{\"@type\":\"EntryPoint\",\"urlTemplate\":\"https:\/\/paracherkaoui.ma\/?s={search_term_string}\"},\"query-input\":{\"@type\":\"PropertyValueSpecification\",\"valueRequired\":true,\"valueName\":\"search_term_string\"}}],\"inLanguage\":\"fr-FR\"}]}<\/script>\r\n<!-- \/ Yoast SEO plugin. -->","yoast_head_json":{"title":"NUXE VERY ROSE Gel-Masque Nettoyant Ultra-frais - Paracherkaoui.ma","robots":{"index":"index","follow":"follow","max-snippet":"max-snippet:-1","max-image-preview":"max-image-preview:large","max-video-preview":"max-video-preview:-1"},"canonical":"https:\/\/paracherkaoui.ma\/index.php\/produit\/nuxe-very-rose-gel-masque-nettoyant-ultra-frais\/","og_locale":"fr_FR","og_type":"article","og_title":"NUXE VERY ROSE Gel-Masque Nettoyant Ultra-frais - Paracherkaoui.ma","og_description":"Ce gel-masque ultra-frais au d\u00e9licat parfum de rose nettoie en profondeur et \u00e9limine les particules de pollution. Enrichie d&rsquo;Eau Florale","og_url":"https:\/\/paracherkaoui.ma\/index.php\/produit\/nuxe-very-rose-gel-masque-nettoyant-ultra-frais\/","og_site_name":"Paracherkaoui.ma","article_modified_time":"2025-12-12T17:05:35+00:00","og_image":[{"width":700,"height":700,"url":"https:\/\/paracherkaoui.ma\/wp-content\/uploads\/2025\/12\/nuxe-nuxe-very-rose-gel-masque-nettoyant-ultra-frais-masques-visage.jpg","type":"image\/jpeg"}],"twitter_card":"summary_large_image","twitter_misc":{"Dur\u00e9e de lecture estim\u00e9e":"1 minute"},"schema":{"@context":"https:\/\/schema.org","@graph":[{"@type":"WebPage","@id":"https:\/\/paracherkaoui.ma\/index.php\/produit\/nuxe-very-rose-gel-masque-nettoyant-ultra-frais\/","url":"https:\/\/paracherkaoui.ma\/index.php\/produit\/nuxe-very-rose-gel-masque-nettoyant-ultra-frais\/","name":"NUXE VERY ROSE Gel-Masque Nettoyant Ultra-frais - Paracherkaoui.ma","isPartOf":{"@id":"https:\/\/paracherkaoui.ma\/#website"},"primaryImageOfPage":{"@id":"https:\/\/paracherkaoui.ma\/index.php\/produit\/nuxe-very-rose-gel-masque-nettoyant-ultra-frais\/#primaryimage"},"image":{"@id":"https:\/\/paracherkaoui.ma\/index.php\/produit\/nuxe-very-rose-gel-masque-nettoyant-ultra-frais\/#primaryimage"},"thumbnailUrl":"https:\/\/paracherkaoui.ma\/wp-content\/uploads\/2025\/12\/nuxe-nuxe-very-rose-gel-masque-nettoyant-ultra-frais-masques-visage.jpg","datePublished":"2025-12-12T17:05:32+00:00","dateModified":"2025-12-12T17:05:35+00:00","breadcrumb":{"@id":"https:\/\/paracherkaoui.ma\/index.php\/produit\/nuxe-very-rose-gel-masque-nettoyant-ultra-frais\/#breadcrumb"},"inLanguage":"fr-FR","potentialAction":[{"@type":"ReadAction","target":["https:\/\/paracherkaoui.ma\/index.php\/produit\/nuxe-very-rose-gel-masque-nettoyant-ultra-frais\/"]}]},{"@type":"ImageObject","inLanguage":"fr-FR","@id":"https:\/\/paracherkaoui.ma\/index.php\/produit\/nuxe-very-rose-gel-masque-nettoyant-ultra-frais\/#primaryimage","url":"https:\/\/paracherkaoui.ma\/wp-content\/uploads\/2025\/12\/nuxe-nuxe-very-rose-gel-masque-nettoyant-ultra-frais-masques-visage.jpg","contentUrl":"https:\/\/paracherkaoui.ma\/wp-content\/uploads\/2025\/12\/nuxe-nuxe-very-rose-gel-masque-nettoyant-ultra-frais-masques-visage.jpg","width":700,"height":700},{"@type":"BreadcrumbList","@id":"https:\/\/paracherkaoui.ma\/index.php\/produit\/nuxe-very-rose-gel-masque-nettoyant-ultra-frais\/#breadcrumb","itemListElement":[{"@type":"ListItem","position":1,"name":"Accueil","item":"https:\/\/paracherkaoui.ma\/"},{"@type":"ListItem","position":2,"name":"Boutique","item":"https:\/\/paracherkaoui.ma\/index.php\/boutique\/"},{"@type":"ListItem","position":3,"name":"NUXE VERY ROSE Gel-Masque Nettoyant Ultra-frais"}]},{"@type":"WebSite","@id":"https:\/\/paracherkaoui.ma\/#website","url":"https:\/\/paracherkaoui.ma\/","name":"Paracherkaoui.ma","description":"Achetez en ligne sur Paracherkaoui.ma","potentialAction":[{"@type":"SearchAction","target":{"@type":"EntryPoint","urlTemplate":"https:\/\/paracherkaoui.ma\/?s={search_term_string}"},"query-input":{"@type":"PropertyValueSpecification","valueRequired":true,"valueName":"search_term_string"}}],"inLanguage":"fr-FR"}]}},"_links":{"self":[{"href":"https:\/\/paracherkaoui.ma\/index.php\/wp-json\/wp\/v2\/product\/20783","targetHints":{"allow":["GET"]}}],"collection":[{"href":"https:\/\/paracherkaoui.ma\/index.php\/wp-json\/wp\/v2\/product"}],"about":[{"href":"https:\/\/paracherkaoui.ma\/index.php\/wp-json\/wp\/v2\/types\/product"}],"replies":[{"embeddable":true,"href":"https:\/\/paracherkaoui.ma\/index.php\/wp-json\/wp\/v2\/comments?post=20783"}],"version-history":[{"count":1,"href":"https:\/\/paracherkaoui.ma\/index.php\/wp-json\/wp\/v2\/product\/20783\/revisions"}],"predecessor-version":[{"id":20823,"href":"https:\/\/paracherkaoui.ma\/index.php\/wp-json\/wp\/v2\/product\/20783\/revisions\/20823"}],"wp:featuredmedia":[{"embeddable":true,"href":"https:\/\/paracherkaoui.ma\/index.php\/wp-json\/wp\/v2\/media\/20822"}],"wp:attachment":[{"href":"https:\/\/paracherkaoui.ma\/index.php\/wp-json\/wp\/v2\/media?parent=20783"}],"wp:term":[{"taxonomy":"product_brand","embeddable":true,"href":"https:\/\/paracherkaoui.ma\/index.php\/wp-json\/wp\/v2\/product_brand?post=20783"},{"taxonomy":"product_cat","embeddable":true,"href":"https:\/\/paracherkaoui.ma\/index.php\/wp-json\/wp\/v2\/product_cat?post=20783"},{"taxonomy":"product_tag","embeddable":true,"href":"https:\/\/paracherkaoui.ma\/index.php\/wp-json\/wp\/v2\/product_tag?post=20783"}],"curies":[{"name":"wp","href":"https:\/\/api.w.org\/{rel}","templated":true}]}}