{"id":20695,"date":"2025-12-12T18:05:25","date_gmt":"2025-12-12T17:05:25","guid":{"rendered":"https:\/\/test.ecbeaute.com\/?post_type=product&#038;p=20695"},"modified":"2025-12-12T18:05:28","modified_gmt":"2025-12-12T17:05:28","slug":"dermina-sensi-blanc-creme-moussante-eclaircissante-100-ml","status":"publish","type":"product","link":"https:\/\/paracherkaoui.ma\/index.php\/produit\/dermina-sensi-blanc-creme-moussante-eclaircissante-100-ml\/","title":{"rendered":"DERMINA SENSI BLANC CREME MOUSSANTE ECLAIRCISSANTE 100 ML"},"content":{"rendered":"<p>La Cr\u00e8me Moussante \u00c9claircissante de DERMINA\u00a0formul\u00e9e sans savon, nettoie et purifie parfaitement toutes les peaux, m\u00eame les plus sensibles. Gr\u00e2ce \u00e0 la Vitamine C stabilis\u00e9e et \u00e0 l\u2019extrait de Licorice, la peau est clarifi\u00e9e, comme \u00e9claircie et le teint unifi\u00e9. Douce et nette, la peau est pr\u00eate \u00e0 recevoir les soins \u00e9claircissants appliqu\u00e9s \u00e0 la suite.<br \/>\nAppliquer matin et soir sur peau humide. Faire mousser et bien rincer. \u00c9viter le contact avec les yeux.<\/p>\n","protected":false},"excerpt":{"rendered":"<p>La Cr\u00e8me Moussante \u00c9claircissante de DERMINA\u00a0formul\u00e9e sans savon, nettoie et purifie parfaitement toutes les peaux, m\u00eame les plus sensibles. Gr\u00e2ce<\/p>\n","protected":false},"featured_media":20734,"comment_status":"open","ping_status":"closed","template":"","meta":[],"product_brand":[386],"product_cat":[346],"product_tag":[],"class_list":{"0":"post-20695","1":"product","2":"type-product","3":"status-publish","4":"has-post-thumbnail","6":"product_brand-dermina","7":"product_cat-demaquillants-et-nettoyants","9":"first","10":"instock","11":"sale","12":"shipping-taxable","13":"purchasable","14":"product-type-simple"},"yoast_head":"<!-- This site is optimized with the Yoast SEO plugin v26.6 - https:\/\/yoast.com\/wordpress\/plugins\/seo\/ -->\r\n<title>DERMINA SENSI BLANC CREME MOUSSANTE ECLAIRCISSANTE 100 ML - Paracherkaoui.ma<\/title>\r\n<meta name=\"robots\" content=\"index, follow, max-snippet:-1, max-image-preview:large, max-video-preview:-1\" \/>\r\n<link rel=\"canonical\" href=\"https:\/\/paracherkaoui.ma\/index.php\/produit\/dermina-sensi-blanc-creme-moussante-eclaircissante-100-ml\/\" \/>\r\n<meta property=\"og:locale\" content=\"fr_FR\" \/>\r\n<meta property=\"og:type\" content=\"article\" \/>\r\n<meta property=\"og:title\" content=\"DERMINA SENSI BLANC CREME MOUSSANTE ECLAIRCISSANTE 100 ML - Paracherkaoui.ma\" \/>\r\n<meta property=\"og:description\" content=\"La Cr\u00e8me Moussante \u00c9claircissante de DERMINA\u00a0formul\u00e9e sans savon, nettoie et purifie parfaitement toutes les peaux, m\u00eame les plus sensibles. Gr\u00e2ce\" \/>\r\n<meta property=\"og:url\" content=\"https:\/\/paracherkaoui.ma\/index.php\/produit\/dermina-sensi-blanc-creme-moussante-eclaircissante-100-ml\/\" \/>\r\n<meta property=\"og:site_name\" content=\"Paracherkaoui.ma\" \/>\r\n<meta property=\"article:modified_time\" content=\"2025-12-12T17:05:28+00:00\" \/>\r\n<meta property=\"og:image\" content=\"https:\/\/paracherkaoui.ma\/wp-content\/uploads\/2025\/12\/dermina-dermina-sensi-blanc-creme-moussante-eclaircissante-100-ml-nettoyants-visage.jpg\" \/>\r\n\t<meta property=\"og:image:width\" content=\"700\" \/>\r\n\t<meta property=\"og:image:height\" content=\"700\" \/>\r\n\t<meta property=\"og:image:type\" content=\"image\/jpeg\" \/>\r\n<meta name=\"twitter:card\" content=\"summary_large_image\" \/>\r\n<script type=\"application\/ld+json\" class=\"yoast-schema-graph\">{\"@context\":\"https:\/\/schema.org\",\"@graph\":[{\"@type\":\"WebPage\",\"@id\":\"https:\/\/paracherkaoui.ma\/index.php\/produit\/dermina-sensi-blanc-creme-moussante-eclaircissante-100-ml\/\",\"url\":\"https:\/\/paracherkaoui.ma\/index.php\/produit\/dermina-sensi-blanc-creme-moussante-eclaircissante-100-ml\/\",\"name\":\"DERMINA SENSI BLANC CREME MOUSSANTE ECLAIRCISSANTE 100 ML - Paracherkaoui.ma\",\"isPartOf\":{\"@id\":\"https:\/\/paracherkaoui.ma\/#website\"},\"primaryImageOfPage\":{\"@id\":\"https:\/\/paracherkaoui.ma\/index.php\/produit\/dermina-sensi-blanc-creme-moussante-eclaircissante-100-ml\/#primaryimage\"},\"image\":{\"@id\":\"https:\/\/paracherkaoui.ma\/index.php\/produit\/dermina-sensi-blanc-creme-moussante-eclaircissante-100-ml\/#primaryimage\"},\"thumbnailUrl\":\"https:\/\/paracherkaoui.ma\/wp-content\/uploads\/2025\/12\/dermina-dermina-sensi-blanc-creme-moussante-eclaircissante-100-ml-nettoyants-visage.jpg\",\"datePublished\":\"2025-12-12T17:05:25+00:00\",\"dateModified\":\"2025-12-12T17:05:28+00:00\",\"breadcrumb\":{\"@id\":\"https:\/\/paracherkaoui.ma\/index.php\/produit\/dermina-sensi-blanc-creme-moussante-eclaircissante-100-ml\/#breadcrumb\"},\"inLanguage\":\"fr-FR\",\"potentialAction\":[{\"@type\":\"ReadAction\",\"target\":[\"https:\/\/paracherkaoui.ma\/index.php\/produit\/dermina-sensi-blanc-creme-moussante-eclaircissante-100-ml\/\"]}]},{\"@type\":\"ImageObject\",\"inLanguage\":\"fr-FR\",\"@id\":\"https:\/\/paracherkaoui.ma\/index.php\/produit\/dermina-sensi-blanc-creme-moussante-eclaircissante-100-ml\/#primaryimage\",\"url\":\"https:\/\/paracherkaoui.ma\/wp-content\/uploads\/2025\/12\/dermina-dermina-sensi-blanc-creme-moussante-eclaircissante-100-ml-nettoyants-visage.jpg\",\"contentUrl\":\"https:\/\/paracherkaoui.ma\/wp-content\/uploads\/2025\/12\/dermina-dermina-sensi-blanc-creme-moussante-eclaircissante-100-ml-nettoyants-visage.jpg\",\"width\":700,\"height\":700},{\"@type\":\"BreadcrumbList\",\"@id\":\"https:\/\/paracherkaoui.ma\/index.php\/produit\/dermina-sensi-blanc-creme-moussante-eclaircissante-100-ml\/#breadcrumb\",\"itemListElement\":[{\"@type\":\"ListItem\",\"position\":1,\"name\":\"Accueil\",\"item\":\"https:\/\/paracherkaoui.ma\/\"},{\"@type\":\"ListItem\",\"position\":2,\"name\":\"Boutique\",\"item\":\"https:\/\/paracherkaoui.ma\/index.php\/boutique\/\"},{\"@type\":\"ListItem\",\"position\":3,\"name\":\"DERMINA SENSI BLANC CREME MOUSSANTE ECLAIRCISSANTE 100 ML\"}]},{\"@type\":\"WebSite\",\"@id\":\"https:\/\/paracherkaoui.ma\/#website\",\"url\":\"https:\/\/paracherkaoui.ma\/\",\"name\":\"Paracherkaoui.ma\",\"description\":\"Achetez en ligne sur Paracherkaoui.ma\",\"potentialAction\":[{\"@type\":\"SearchAction\",\"target\":{\"@type\":\"EntryPoint\",\"urlTemplate\":\"https:\/\/paracherkaoui.ma\/?s={search_term_string}\"},\"query-input\":{\"@type\":\"PropertyValueSpecification\",\"valueRequired\":true,\"valueName\":\"search_term_string\"}}],\"inLanguage\":\"fr-FR\"}]}<\/script>\r\n<!-- \/ Yoast SEO plugin. -->","yoast_head_json":{"title":"DERMINA SENSI BLANC CREME MOUSSANTE ECLAIRCISSANTE 100 ML - Paracherkaoui.ma","robots":{"index":"index","follow":"follow","max-snippet":"max-snippet:-1","max-image-preview":"max-image-preview:large","max-video-preview":"max-video-preview:-1"},"canonical":"https:\/\/paracherkaoui.ma\/index.php\/produit\/dermina-sensi-blanc-creme-moussante-eclaircissante-100-ml\/","og_locale":"fr_FR","og_type":"article","og_title":"DERMINA SENSI BLANC CREME MOUSSANTE ECLAIRCISSANTE 100 ML - Paracherkaoui.ma","og_description":"La Cr\u00e8me Moussante \u00c9claircissante de DERMINA\u00a0formul\u00e9e sans savon, nettoie et purifie parfaitement toutes les peaux, m\u00eame les plus sensibles. Gr\u00e2ce","og_url":"https:\/\/paracherkaoui.ma\/index.php\/produit\/dermina-sensi-blanc-creme-moussante-eclaircissante-100-ml\/","og_site_name":"Paracherkaoui.ma","article_modified_time":"2025-12-12T17:05:28+00:00","og_image":[{"width":700,"height":700,"url":"https:\/\/paracherkaoui.ma\/wp-content\/uploads\/2025\/12\/dermina-dermina-sensi-blanc-creme-moussante-eclaircissante-100-ml-nettoyants-visage.jpg","type":"image\/jpeg"}],"twitter_card":"summary_large_image","schema":{"@context":"https:\/\/schema.org","@graph":[{"@type":"WebPage","@id":"https:\/\/paracherkaoui.ma\/index.php\/produit\/dermina-sensi-blanc-creme-moussante-eclaircissante-100-ml\/","url":"https:\/\/paracherkaoui.ma\/index.php\/produit\/dermina-sensi-blanc-creme-moussante-eclaircissante-100-ml\/","name":"DERMINA SENSI BLANC CREME MOUSSANTE ECLAIRCISSANTE 100 ML - Paracherkaoui.ma","isPartOf":{"@id":"https:\/\/paracherkaoui.ma\/#website"},"primaryImageOfPage":{"@id":"https:\/\/paracherkaoui.ma\/index.php\/produit\/dermina-sensi-blanc-creme-moussante-eclaircissante-100-ml\/#primaryimage"},"image":{"@id":"https:\/\/paracherkaoui.ma\/index.php\/produit\/dermina-sensi-blanc-creme-moussante-eclaircissante-100-ml\/#primaryimage"},"thumbnailUrl":"https:\/\/paracherkaoui.ma\/wp-content\/uploads\/2025\/12\/dermina-dermina-sensi-blanc-creme-moussante-eclaircissante-100-ml-nettoyants-visage.jpg","datePublished":"2025-12-12T17:05:25+00:00","dateModified":"2025-12-12T17:05:28+00:00","breadcrumb":{"@id":"https:\/\/paracherkaoui.ma\/index.php\/produit\/dermina-sensi-blanc-creme-moussante-eclaircissante-100-ml\/#breadcrumb"},"inLanguage":"fr-FR","potentialAction":[{"@type":"ReadAction","target":["https:\/\/paracherkaoui.ma\/index.php\/produit\/dermina-sensi-blanc-creme-moussante-eclaircissante-100-ml\/"]}]},{"@type":"ImageObject","inLanguage":"fr-FR","@id":"https:\/\/paracherkaoui.ma\/index.php\/produit\/dermina-sensi-blanc-creme-moussante-eclaircissante-100-ml\/#primaryimage","url":"https:\/\/paracherkaoui.ma\/wp-content\/uploads\/2025\/12\/dermina-dermina-sensi-blanc-creme-moussante-eclaircissante-100-ml-nettoyants-visage.jpg","contentUrl":"https:\/\/paracherkaoui.ma\/wp-content\/uploads\/2025\/12\/dermina-dermina-sensi-blanc-creme-moussante-eclaircissante-100-ml-nettoyants-visage.jpg","width":700,"height":700},{"@type":"BreadcrumbList","@id":"https:\/\/paracherkaoui.ma\/index.php\/produit\/dermina-sensi-blanc-creme-moussante-eclaircissante-100-ml\/#breadcrumb","itemListElement":[{"@type":"ListItem","position":1,"name":"Accueil","item":"https:\/\/paracherkaoui.ma\/"},{"@type":"ListItem","position":2,"name":"Boutique","item":"https:\/\/paracherkaoui.ma\/index.php\/boutique\/"},{"@type":"ListItem","position":3,"name":"DERMINA SENSI BLANC CREME MOUSSANTE ECLAIRCISSANTE 100 ML"}]},{"@type":"WebSite","@id":"https:\/\/paracherkaoui.ma\/#website","url":"https:\/\/paracherkaoui.ma\/","name":"Paracherkaoui.ma","description":"Achetez en ligne sur Paracherkaoui.ma","potentialAction":[{"@type":"SearchAction","target":{"@type":"EntryPoint","urlTemplate":"https:\/\/paracherkaoui.ma\/?s={search_term_string}"},"query-input":{"@type":"PropertyValueSpecification","valueRequired":true,"valueName":"search_term_string"}}],"inLanguage":"fr-FR"}]}},"_links":{"self":[{"href":"https:\/\/paracherkaoui.ma\/index.php\/wp-json\/wp\/v2\/product\/20695","targetHints":{"allow":["GET"]}}],"collection":[{"href":"https:\/\/paracherkaoui.ma\/index.php\/wp-json\/wp\/v2\/product"}],"about":[{"href":"https:\/\/paracherkaoui.ma\/index.php\/wp-json\/wp\/v2\/types\/product"}],"replies":[{"embeddable":true,"href":"https:\/\/paracherkaoui.ma\/index.php\/wp-json\/wp\/v2\/comments?post=20695"}],"version-history":[{"count":1,"href":"https:\/\/paracherkaoui.ma\/index.php\/wp-json\/wp\/v2\/product\/20695\/revisions"}],"predecessor-version":[{"id":20735,"href":"https:\/\/paracherkaoui.ma\/index.php\/wp-json\/wp\/v2\/product\/20695\/revisions\/20735"}],"wp:featuredmedia":[{"embeddable":true,"href":"https:\/\/paracherkaoui.ma\/index.php\/wp-json\/wp\/v2\/media\/20734"}],"wp:attachment":[{"href":"https:\/\/paracherkaoui.ma\/index.php\/wp-json\/wp\/v2\/media?parent=20695"}],"wp:term":[{"taxonomy":"product_brand","embeddable":true,"href":"https:\/\/paracherkaoui.ma\/index.php\/wp-json\/wp\/v2\/product_brand?post=20695"},{"taxonomy":"product_cat","embeddable":true,"href":"https:\/\/paracherkaoui.ma\/index.php\/wp-json\/wp\/v2\/product_cat?post=20695"},{"taxonomy":"product_tag","embeddable":true,"href":"https:\/\/paracherkaoui.ma\/index.php\/wp-json\/wp\/v2\/product_tag?post=20695"}],"curies":[{"name":"wp","href":"https:\/\/api.w.org\/{rel}","templated":true}]}}