{"id":20625,"date":"2025-12-12T18:05:07","date_gmt":"2025-12-12T17:05:07","guid":{"rendered":"https:\/\/test.ecbeaute.com\/?post_type=product&#038;p=20625"},"modified":"2025-12-12T18:05:09","modified_gmt":"2025-12-12T17:05:09","slug":"biotherm-biosource-eau-micellaire-200-ml","status":"publish","type":"product","link":"https:\/\/paracherkaoui.ma\/index.php\/produit\/biotherm-biosource-eau-micellaire-200-ml\/","title":{"rendered":"BIOTHERM BIOSOURCE EAU MICELLAIRE 200 ML"},"content":{"rendered":"<p>D\u00e9couvrez une nouvelle approche des soins nettoyants avec la Biotherm Biosource Eau Micellaire 200 ml, une solution innovante sp\u00e9cialement con\u00e7ue pour r\u00e9pondre aux besoins des femmes modernes. Dans un monde o\u00f9 le temps est pr\u00e9cieux, cette eau micellaire offre un nettoyage rapide et efficace, tout en pr\u00e9servant la douceur et la fra\u00eecheur de votre peau.<br \/>\nLa Biosource Eau Micellaire est bien plus qu&rsquo;un simple d\u00e9maquillant. Enrichie en eau cellulaire de Plancton de vie\u2122, elle nettoie en profondeur tout en \u00e9liminant le maquillage, m\u00eame le plus tenace, sur le visage et les yeux. Sa formule unique permet une application globale, offrant une sensation de puret\u00e9 et de fra\u00eecheur instantan\u00e9e. En un seul geste, vous pouvez dire adieu aux impuret\u00e9s et \u00e0 la fatigue accumul\u00e9e au fil de la journ\u00e9e.<br \/>\nConseils d&rsquo;utilisation :<br \/>\nUtiliser l\u2019Eau Micellaire Biotherm est un jeu d\u2019enfant. Il suffit de suivre ces quelques conseils :<br \/>\nAppliquez : Imbibez un coton ou un disque d\u00e9maquillant avec l\u2019eau micellaire.<br \/>\nNettoyez : Passez d\u00e9licatement le coton sur votre visage et vos yeux en effectuant des mouvements circulaires. Pas besoin de rincer !<br \/>\nComposition :<br \/>\nAQUA \u2022 PEG-7 CAPRYLIC\/CAPRIC GLYCERIDES \u2022 POLOXAMER 184 \u2022 POLOXAMER 124 \u2022 PEG-6 CAPRYLIC\/CAPRIC GLYCERIDES \u2022 POLYSORBATE 80 \u2022 SODIUM BENZOATE \u2022 DISODIUM EDTA \u2022 TETRASODIUM EDTA \u2022 POLYAMINOPROPYL BIGUANIDE \u2022 LACTOBACILLUS FERMENT \u2022 MAGNESIUM PCA \u2022 COPPER PCA \u2022 ZINC PCA \u2022 VITREOSCILLA FERMENT \u2022 MANGANESE GLUCONATE \u2022 PARFUM<\/p>\n","protected":false},"excerpt":{"rendered":"<p>D\u00e9couvrez une nouvelle approche des soins nettoyants avec la Biotherm Biosource Eau Micellaire 200 ml, une solution innovante sp\u00e9cialement con\u00e7ue<\/p>\n","protected":false},"featured_media":20646,"comment_status":"open","ping_status":"closed","template":"","meta":[],"product_brand":[391],"product_cat":[346],"product_tag":[],"class_list":{"0":"post-20625","1":"product","2":"type-product","3":"status-publish","4":"has-post-thumbnail","6":"product_brand-biotherm","7":"product_cat-demaquillants-et-nettoyants","9":"first","10":"instock","11":"shipping-taxable","12":"purchasable","13":"product-type-simple"},"yoast_head":"<!-- This site is optimized with the Yoast SEO plugin v26.6 - https:\/\/yoast.com\/wordpress\/plugins\/seo\/ -->\r\n<title>BIOTHERM BIOSOURCE EAU MICELLAIRE 200 ML - Paracherkaoui.ma<\/title>\r\n<meta name=\"robots\" content=\"index, follow, max-snippet:-1, max-image-preview:large, max-video-preview:-1\" \/>\r\n<link rel=\"canonical\" href=\"https:\/\/paracherkaoui.ma\/index.php\/produit\/biotherm-biosource-eau-micellaire-200-ml\/\" \/>\r\n<meta property=\"og:locale\" content=\"fr_FR\" \/>\r\n<meta property=\"og:type\" content=\"article\" \/>\r\n<meta property=\"og:title\" content=\"BIOTHERM BIOSOURCE EAU MICELLAIRE 200 ML - Paracherkaoui.ma\" \/>\r\n<meta property=\"og:description\" content=\"D\u00e9couvrez une nouvelle approche des soins nettoyants avec la Biotherm Biosource Eau Micellaire 200 ml, une solution innovante sp\u00e9cialement con\u00e7ue\" \/>\r\n<meta property=\"og:url\" content=\"https:\/\/paracherkaoui.ma\/index.php\/produit\/biotherm-biosource-eau-micellaire-200-ml\/\" \/>\r\n<meta property=\"og:site_name\" content=\"Paracherkaoui.ma\" \/>\r\n<meta property=\"article:modified_time\" content=\"2025-12-12T17:05:09+00:00\" \/>\r\n<meta property=\"og:image\" content=\"https:\/\/paracherkaoui.ma\/wp-content\/uploads\/2025\/12\/biotherm-biosource-eau-micellaire-200-ml.jpg\" \/>\r\n\t<meta property=\"og:image:width\" content=\"700\" \/>\r\n\t<meta property=\"og:image:height\" content=\"700\" \/>\r\n\t<meta property=\"og:image:type\" content=\"image\/jpeg\" \/>\r\n<meta name=\"twitter:card\" content=\"summary_large_image\" \/>\r\n<meta name=\"twitter:label1\" content=\"Dur\u00e9e de lecture estim\u00e9e\" \/>\n\t<meta name=\"twitter:data1\" content=\"1 minute\" \/>\r\n<script type=\"application\/ld+json\" class=\"yoast-schema-graph\">{\"@context\":\"https:\/\/schema.org\",\"@graph\":[{\"@type\":\"WebPage\",\"@id\":\"https:\/\/paracherkaoui.ma\/index.php\/produit\/biotherm-biosource-eau-micellaire-200-ml\/\",\"url\":\"https:\/\/paracherkaoui.ma\/index.php\/produit\/biotherm-biosource-eau-micellaire-200-ml\/\",\"name\":\"BIOTHERM BIOSOURCE EAU MICELLAIRE 200 ML - Paracherkaoui.ma\",\"isPartOf\":{\"@id\":\"https:\/\/paracherkaoui.ma\/#website\"},\"primaryImageOfPage\":{\"@id\":\"https:\/\/paracherkaoui.ma\/index.php\/produit\/biotherm-biosource-eau-micellaire-200-ml\/#primaryimage\"},\"image\":{\"@id\":\"https:\/\/paracherkaoui.ma\/index.php\/produit\/biotherm-biosource-eau-micellaire-200-ml\/#primaryimage\"},\"thumbnailUrl\":\"https:\/\/paracherkaoui.ma\/wp-content\/uploads\/2025\/12\/biotherm-biosource-eau-micellaire-200-ml.jpg\",\"datePublished\":\"2025-12-12T17:05:07+00:00\",\"dateModified\":\"2025-12-12T17:05:09+00:00\",\"breadcrumb\":{\"@id\":\"https:\/\/paracherkaoui.ma\/index.php\/produit\/biotherm-biosource-eau-micellaire-200-ml\/#breadcrumb\"},\"inLanguage\":\"fr-FR\",\"potentialAction\":[{\"@type\":\"ReadAction\",\"target\":[\"https:\/\/paracherkaoui.ma\/index.php\/produit\/biotherm-biosource-eau-micellaire-200-ml\/\"]}]},{\"@type\":\"ImageObject\",\"inLanguage\":\"fr-FR\",\"@id\":\"https:\/\/paracherkaoui.ma\/index.php\/produit\/biotherm-biosource-eau-micellaire-200-ml\/#primaryimage\",\"url\":\"https:\/\/paracherkaoui.ma\/wp-content\/uploads\/2025\/12\/biotherm-biosource-eau-micellaire-200-ml.jpg\",\"contentUrl\":\"https:\/\/paracherkaoui.ma\/wp-content\/uploads\/2025\/12\/biotherm-biosource-eau-micellaire-200-ml.jpg\",\"width\":700,\"height\":700},{\"@type\":\"BreadcrumbList\",\"@id\":\"https:\/\/paracherkaoui.ma\/index.php\/produit\/biotherm-biosource-eau-micellaire-200-ml\/#breadcrumb\",\"itemListElement\":[{\"@type\":\"ListItem\",\"position\":1,\"name\":\"Accueil\",\"item\":\"https:\/\/paracherkaoui.ma\/\"},{\"@type\":\"ListItem\",\"position\":2,\"name\":\"Boutique\",\"item\":\"https:\/\/paracherkaoui.ma\/index.php\/boutique\/\"},{\"@type\":\"ListItem\",\"position\":3,\"name\":\"BIOTHERM BIOSOURCE EAU MICELLAIRE 200 ML\"}]},{\"@type\":\"WebSite\",\"@id\":\"https:\/\/paracherkaoui.ma\/#website\",\"url\":\"https:\/\/paracherkaoui.ma\/\",\"name\":\"Paracherkaoui.ma\",\"description\":\"Achetez en ligne sur Paracherkaoui.ma\",\"potentialAction\":[{\"@type\":\"SearchAction\",\"target\":{\"@type\":\"EntryPoint\",\"urlTemplate\":\"https:\/\/paracherkaoui.ma\/?s={search_term_string}\"},\"query-input\":{\"@type\":\"PropertyValueSpecification\",\"valueRequired\":true,\"valueName\":\"search_term_string\"}}],\"inLanguage\":\"fr-FR\"}]}<\/script>\r\n<!-- \/ Yoast SEO plugin. -->","yoast_head_json":{"title":"BIOTHERM BIOSOURCE EAU MICELLAIRE 200 ML - Paracherkaoui.ma","robots":{"index":"index","follow":"follow","max-snippet":"max-snippet:-1","max-image-preview":"max-image-preview:large","max-video-preview":"max-video-preview:-1"},"canonical":"https:\/\/paracherkaoui.ma\/index.php\/produit\/biotherm-biosource-eau-micellaire-200-ml\/","og_locale":"fr_FR","og_type":"article","og_title":"BIOTHERM BIOSOURCE EAU MICELLAIRE 200 ML - Paracherkaoui.ma","og_description":"D\u00e9couvrez une nouvelle approche des soins nettoyants avec la Biotherm Biosource Eau Micellaire 200 ml, une solution innovante sp\u00e9cialement con\u00e7ue","og_url":"https:\/\/paracherkaoui.ma\/index.php\/produit\/biotherm-biosource-eau-micellaire-200-ml\/","og_site_name":"Paracherkaoui.ma","article_modified_time":"2025-12-12T17:05:09+00:00","og_image":[{"width":700,"height":700,"url":"https:\/\/paracherkaoui.ma\/wp-content\/uploads\/2025\/12\/biotherm-biosource-eau-micellaire-200-ml.jpg","type":"image\/jpeg"}],"twitter_card":"summary_large_image","twitter_misc":{"Dur\u00e9e de lecture estim\u00e9e":"1 minute"},"schema":{"@context":"https:\/\/schema.org","@graph":[{"@type":"WebPage","@id":"https:\/\/paracherkaoui.ma\/index.php\/produit\/biotherm-biosource-eau-micellaire-200-ml\/","url":"https:\/\/paracherkaoui.ma\/index.php\/produit\/biotherm-biosource-eau-micellaire-200-ml\/","name":"BIOTHERM BIOSOURCE EAU MICELLAIRE 200 ML - Paracherkaoui.ma","isPartOf":{"@id":"https:\/\/paracherkaoui.ma\/#website"},"primaryImageOfPage":{"@id":"https:\/\/paracherkaoui.ma\/index.php\/produit\/biotherm-biosource-eau-micellaire-200-ml\/#primaryimage"},"image":{"@id":"https:\/\/paracherkaoui.ma\/index.php\/produit\/biotherm-biosource-eau-micellaire-200-ml\/#primaryimage"},"thumbnailUrl":"https:\/\/paracherkaoui.ma\/wp-content\/uploads\/2025\/12\/biotherm-biosource-eau-micellaire-200-ml.jpg","datePublished":"2025-12-12T17:05:07+00:00","dateModified":"2025-12-12T17:05:09+00:00","breadcrumb":{"@id":"https:\/\/paracherkaoui.ma\/index.php\/produit\/biotherm-biosource-eau-micellaire-200-ml\/#breadcrumb"},"inLanguage":"fr-FR","potentialAction":[{"@type":"ReadAction","target":["https:\/\/paracherkaoui.ma\/index.php\/produit\/biotherm-biosource-eau-micellaire-200-ml\/"]}]},{"@type":"ImageObject","inLanguage":"fr-FR","@id":"https:\/\/paracherkaoui.ma\/index.php\/produit\/biotherm-biosource-eau-micellaire-200-ml\/#primaryimage","url":"https:\/\/paracherkaoui.ma\/wp-content\/uploads\/2025\/12\/biotherm-biosource-eau-micellaire-200-ml.jpg","contentUrl":"https:\/\/paracherkaoui.ma\/wp-content\/uploads\/2025\/12\/biotherm-biosource-eau-micellaire-200-ml.jpg","width":700,"height":700},{"@type":"BreadcrumbList","@id":"https:\/\/paracherkaoui.ma\/index.php\/produit\/biotherm-biosource-eau-micellaire-200-ml\/#breadcrumb","itemListElement":[{"@type":"ListItem","position":1,"name":"Accueil","item":"https:\/\/paracherkaoui.ma\/"},{"@type":"ListItem","position":2,"name":"Boutique","item":"https:\/\/paracherkaoui.ma\/index.php\/boutique\/"},{"@type":"ListItem","position":3,"name":"BIOTHERM BIOSOURCE EAU MICELLAIRE 200 ML"}]},{"@type":"WebSite","@id":"https:\/\/paracherkaoui.ma\/#website","url":"https:\/\/paracherkaoui.ma\/","name":"Paracherkaoui.ma","description":"Achetez en ligne sur Paracherkaoui.ma","potentialAction":[{"@type":"SearchAction","target":{"@type":"EntryPoint","urlTemplate":"https:\/\/paracherkaoui.ma\/?s={search_term_string}"},"query-input":{"@type":"PropertyValueSpecification","valueRequired":true,"valueName":"search_term_string"}}],"inLanguage":"fr-FR"}]}},"_links":{"self":[{"href":"https:\/\/paracherkaoui.ma\/index.php\/wp-json\/wp\/v2\/product\/20625","targetHints":{"allow":["GET"]}}],"collection":[{"href":"https:\/\/paracherkaoui.ma\/index.php\/wp-json\/wp\/v2\/product"}],"about":[{"href":"https:\/\/paracherkaoui.ma\/index.php\/wp-json\/wp\/v2\/types\/product"}],"replies":[{"embeddable":true,"href":"https:\/\/paracherkaoui.ma\/index.php\/wp-json\/wp\/v2\/comments?post=20625"}],"version-history":[{"count":1,"href":"https:\/\/paracherkaoui.ma\/index.php\/wp-json\/wp\/v2\/product\/20625\/revisions"}],"predecessor-version":[{"id":20647,"href":"https:\/\/paracherkaoui.ma\/index.php\/wp-json\/wp\/v2\/product\/20625\/revisions\/20647"}],"wp:featuredmedia":[{"embeddable":true,"href":"https:\/\/paracherkaoui.ma\/index.php\/wp-json\/wp\/v2\/media\/20646"}],"wp:attachment":[{"href":"https:\/\/paracherkaoui.ma\/index.php\/wp-json\/wp\/v2\/media?parent=20625"}],"wp:term":[{"taxonomy":"product_brand","embeddable":true,"href":"https:\/\/paracherkaoui.ma\/index.php\/wp-json\/wp\/v2\/product_brand?post=20625"},{"taxonomy":"product_cat","embeddable":true,"href":"https:\/\/paracherkaoui.ma\/index.php\/wp-json\/wp\/v2\/product_cat?post=20625"},{"taxonomy":"product_tag","embeddable":true,"href":"https:\/\/paracherkaoui.ma\/index.php\/wp-json\/wp\/v2\/product_tag?post=20625"}],"curies":[{"name":"wp","href":"https:\/\/api.w.org\/{rel}","templated":true}]}}