{"id":20561,"date":"2025-12-12T18:05:01","date_gmt":"2025-12-12T17:05:01","guid":{"rendered":"https:\/\/test.ecbeaute.com\/?post_type=product&#038;p=20561"},"modified":"2025-12-12T18:05:06","modified_gmt":"2025-12-12T17:05:06","slug":"eneomey-soft-cleanser-nettoyant-doux-150ml","status":"publish","type":"product","link":"https:\/\/paracherkaoui.ma\/index.php\/produit\/eneomey-soft-cleanser-nettoyant-doux-150ml\/","title":{"rendered":"ENEOMEY SOFT CLEANSER NETTOYANT DOUX 150ML"},"content":{"rendered":"<p>ENEOMEY<br \/>\nSoft Cleanser<br \/>\nNettoyant Doux<br \/>\nExfoliant, Lissant, Eclat<br \/>\n150ml<br \/>\nLe nettoyant Soft Cleanser \u00e9limine d\u00e9licatement les impuret\u00e9s et les cellules mortes en laissant votre peau lisse et propre. Son action sublimatrice permet de laisser votre peau saine et \u00e9clatante.<br \/>\nACTIFS\u00a0:<br \/>\nAcide glycolique : Am\u00e9liore la texture de la peau, r\u00e9duit les rides et l&rsquo;hyperpigmentation.<br \/>\nLe nettoyant est indiqu\u00e9 pour les peaux sensibles et tous les types de peaux.<br \/>\nConseils d&rsquo;utilisation<br \/>\n&#8211; Appliquer sur l&rsquo;ensemble du visage en massant d\u00e9licatement, rincer soigneusement \u00e0 l&rsquo;eau<\/p>\n","protected":false},"excerpt":{"rendered":"<p>ENEOMEY Soft Cleanser Nettoyant Doux Exfoliant, Lissant, Eclat 150ml Le nettoyant Soft Cleanser \u00e9limine d\u00e9licatement les impuret\u00e9s et les cellules<\/p>\n","protected":false},"featured_media":20612,"comment_status":"open","ping_status":"closed","template":"","meta":[],"product_brand":[412],"product_cat":[346],"product_tag":[],"class_list":{"0":"post-20561","1":"product","2":"type-product","3":"status-publish","4":"has-post-thumbnail","6":"product_brand-eneomey","7":"product_cat-demaquillants-et-nettoyants","9":"first","10":"instock","11":"sale","12":"shipping-taxable","13":"purchasable","14":"product-type-simple"},"yoast_head":"<!-- This site is optimized with the Yoast SEO plugin v26.6 - https:\/\/yoast.com\/wordpress\/plugins\/seo\/ -->\r\n<title>ENEOMEY SOFT CLEANSER NETTOYANT DOUX 150ML - Paracherkaoui.ma<\/title>\r\n<meta name=\"robots\" content=\"index, follow, max-snippet:-1, max-image-preview:large, max-video-preview:-1\" \/>\r\n<link rel=\"canonical\" href=\"https:\/\/paracherkaoui.ma\/index.php\/produit\/eneomey-soft-cleanser-nettoyant-doux-150ml\/\" \/>\r\n<meta property=\"og:locale\" content=\"fr_FR\" \/>\r\n<meta property=\"og:type\" content=\"article\" \/>\r\n<meta property=\"og:title\" content=\"ENEOMEY SOFT CLEANSER NETTOYANT DOUX 150ML - Paracherkaoui.ma\" \/>\r\n<meta property=\"og:description\" content=\"ENEOMEY Soft Cleanser Nettoyant Doux Exfoliant, Lissant, Eclat 150ml Le nettoyant Soft Cleanser \u00e9limine d\u00e9licatement les impuret\u00e9s et les cellules\" \/>\r\n<meta property=\"og:url\" content=\"https:\/\/paracherkaoui.ma\/index.php\/produit\/eneomey-soft-cleanser-nettoyant-doux-150ml\/\" \/>\r\n<meta property=\"og:site_name\" content=\"Paracherkaoui.ma\" \/>\r\n<meta property=\"article:modified_time\" content=\"2025-12-12T17:05:06+00:00\" \/>\r\n<meta property=\"og:image\" content=\"https:\/\/paracherkaoui.ma\/wp-content\/uploads\/2025\/12\/eneomey-eneomey-soft-cleanser-nettoyant-doux-150ml-nettoyants-visage.jpg\" \/>\r\n\t<meta property=\"og:image:width\" content=\"700\" \/>\r\n\t<meta property=\"og:image:height\" content=\"700\" \/>\r\n\t<meta property=\"og:image:type\" content=\"image\/jpeg\" \/>\r\n<meta name=\"twitter:card\" content=\"summary_large_image\" \/>\r\n<script type=\"application\/ld+json\" class=\"yoast-schema-graph\">{\"@context\":\"https:\/\/schema.org\",\"@graph\":[{\"@type\":\"WebPage\",\"@id\":\"https:\/\/paracherkaoui.ma\/index.php\/produit\/eneomey-soft-cleanser-nettoyant-doux-150ml\/\",\"url\":\"https:\/\/paracherkaoui.ma\/index.php\/produit\/eneomey-soft-cleanser-nettoyant-doux-150ml\/\",\"name\":\"ENEOMEY SOFT CLEANSER NETTOYANT DOUX 150ML - Paracherkaoui.ma\",\"isPartOf\":{\"@id\":\"https:\/\/paracherkaoui.ma\/#website\"},\"primaryImageOfPage\":{\"@id\":\"https:\/\/paracherkaoui.ma\/index.php\/produit\/eneomey-soft-cleanser-nettoyant-doux-150ml\/#primaryimage\"},\"image\":{\"@id\":\"https:\/\/paracherkaoui.ma\/index.php\/produit\/eneomey-soft-cleanser-nettoyant-doux-150ml\/#primaryimage\"},\"thumbnailUrl\":\"https:\/\/paracherkaoui.ma\/wp-content\/uploads\/2025\/12\/eneomey-eneomey-soft-cleanser-nettoyant-doux-150ml-nettoyants-visage.jpg\",\"datePublished\":\"2025-12-12T17:05:01+00:00\",\"dateModified\":\"2025-12-12T17:05:06+00:00\",\"breadcrumb\":{\"@id\":\"https:\/\/paracherkaoui.ma\/index.php\/produit\/eneomey-soft-cleanser-nettoyant-doux-150ml\/#breadcrumb\"},\"inLanguage\":\"fr-FR\",\"potentialAction\":[{\"@type\":\"ReadAction\",\"target\":[\"https:\/\/paracherkaoui.ma\/index.php\/produit\/eneomey-soft-cleanser-nettoyant-doux-150ml\/\"]}]},{\"@type\":\"ImageObject\",\"inLanguage\":\"fr-FR\",\"@id\":\"https:\/\/paracherkaoui.ma\/index.php\/produit\/eneomey-soft-cleanser-nettoyant-doux-150ml\/#primaryimage\",\"url\":\"https:\/\/paracherkaoui.ma\/wp-content\/uploads\/2025\/12\/eneomey-eneomey-soft-cleanser-nettoyant-doux-150ml-nettoyants-visage.jpg\",\"contentUrl\":\"https:\/\/paracherkaoui.ma\/wp-content\/uploads\/2025\/12\/eneomey-eneomey-soft-cleanser-nettoyant-doux-150ml-nettoyants-visage.jpg\",\"width\":700,\"height\":700},{\"@type\":\"BreadcrumbList\",\"@id\":\"https:\/\/paracherkaoui.ma\/index.php\/produit\/eneomey-soft-cleanser-nettoyant-doux-150ml\/#breadcrumb\",\"itemListElement\":[{\"@type\":\"ListItem\",\"position\":1,\"name\":\"Accueil\",\"item\":\"https:\/\/paracherkaoui.ma\/\"},{\"@type\":\"ListItem\",\"position\":2,\"name\":\"Boutique\",\"item\":\"https:\/\/paracherkaoui.ma\/index.php\/boutique\/\"},{\"@type\":\"ListItem\",\"position\":3,\"name\":\"ENEOMEY SOFT CLEANSER NETTOYANT DOUX 150ML\"}]},{\"@type\":\"WebSite\",\"@id\":\"https:\/\/paracherkaoui.ma\/#website\",\"url\":\"https:\/\/paracherkaoui.ma\/\",\"name\":\"Paracherkaoui.ma\",\"description\":\"Achetez en ligne sur Paracherkaoui.ma\",\"potentialAction\":[{\"@type\":\"SearchAction\",\"target\":{\"@type\":\"EntryPoint\",\"urlTemplate\":\"https:\/\/paracherkaoui.ma\/?s={search_term_string}\"},\"query-input\":{\"@type\":\"PropertyValueSpecification\",\"valueRequired\":true,\"valueName\":\"search_term_string\"}}],\"inLanguage\":\"fr-FR\"}]}<\/script>\r\n<!-- \/ Yoast SEO plugin. -->","yoast_head_json":{"title":"ENEOMEY SOFT CLEANSER NETTOYANT DOUX 150ML - Paracherkaoui.ma","robots":{"index":"index","follow":"follow","max-snippet":"max-snippet:-1","max-image-preview":"max-image-preview:large","max-video-preview":"max-video-preview:-1"},"canonical":"https:\/\/paracherkaoui.ma\/index.php\/produit\/eneomey-soft-cleanser-nettoyant-doux-150ml\/","og_locale":"fr_FR","og_type":"article","og_title":"ENEOMEY SOFT CLEANSER NETTOYANT DOUX 150ML - Paracherkaoui.ma","og_description":"ENEOMEY Soft Cleanser Nettoyant Doux Exfoliant, Lissant, Eclat 150ml Le nettoyant Soft Cleanser \u00e9limine d\u00e9licatement les impuret\u00e9s et les cellules","og_url":"https:\/\/paracherkaoui.ma\/index.php\/produit\/eneomey-soft-cleanser-nettoyant-doux-150ml\/","og_site_name":"Paracherkaoui.ma","article_modified_time":"2025-12-12T17:05:06+00:00","og_image":[{"width":700,"height":700,"url":"https:\/\/paracherkaoui.ma\/wp-content\/uploads\/2025\/12\/eneomey-eneomey-soft-cleanser-nettoyant-doux-150ml-nettoyants-visage.jpg","type":"image\/jpeg"}],"twitter_card":"summary_large_image","schema":{"@context":"https:\/\/schema.org","@graph":[{"@type":"WebPage","@id":"https:\/\/paracherkaoui.ma\/index.php\/produit\/eneomey-soft-cleanser-nettoyant-doux-150ml\/","url":"https:\/\/paracherkaoui.ma\/index.php\/produit\/eneomey-soft-cleanser-nettoyant-doux-150ml\/","name":"ENEOMEY SOFT CLEANSER NETTOYANT DOUX 150ML - Paracherkaoui.ma","isPartOf":{"@id":"https:\/\/paracherkaoui.ma\/#website"},"primaryImageOfPage":{"@id":"https:\/\/paracherkaoui.ma\/index.php\/produit\/eneomey-soft-cleanser-nettoyant-doux-150ml\/#primaryimage"},"image":{"@id":"https:\/\/paracherkaoui.ma\/index.php\/produit\/eneomey-soft-cleanser-nettoyant-doux-150ml\/#primaryimage"},"thumbnailUrl":"https:\/\/paracherkaoui.ma\/wp-content\/uploads\/2025\/12\/eneomey-eneomey-soft-cleanser-nettoyant-doux-150ml-nettoyants-visage.jpg","datePublished":"2025-12-12T17:05:01+00:00","dateModified":"2025-12-12T17:05:06+00:00","breadcrumb":{"@id":"https:\/\/paracherkaoui.ma\/index.php\/produit\/eneomey-soft-cleanser-nettoyant-doux-150ml\/#breadcrumb"},"inLanguage":"fr-FR","potentialAction":[{"@type":"ReadAction","target":["https:\/\/paracherkaoui.ma\/index.php\/produit\/eneomey-soft-cleanser-nettoyant-doux-150ml\/"]}]},{"@type":"ImageObject","inLanguage":"fr-FR","@id":"https:\/\/paracherkaoui.ma\/index.php\/produit\/eneomey-soft-cleanser-nettoyant-doux-150ml\/#primaryimage","url":"https:\/\/paracherkaoui.ma\/wp-content\/uploads\/2025\/12\/eneomey-eneomey-soft-cleanser-nettoyant-doux-150ml-nettoyants-visage.jpg","contentUrl":"https:\/\/paracherkaoui.ma\/wp-content\/uploads\/2025\/12\/eneomey-eneomey-soft-cleanser-nettoyant-doux-150ml-nettoyants-visage.jpg","width":700,"height":700},{"@type":"BreadcrumbList","@id":"https:\/\/paracherkaoui.ma\/index.php\/produit\/eneomey-soft-cleanser-nettoyant-doux-150ml\/#breadcrumb","itemListElement":[{"@type":"ListItem","position":1,"name":"Accueil","item":"https:\/\/paracherkaoui.ma\/"},{"@type":"ListItem","position":2,"name":"Boutique","item":"https:\/\/paracherkaoui.ma\/index.php\/boutique\/"},{"@type":"ListItem","position":3,"name":"ENEOMEY SOFT CLEANSER NETTOYANT DOUX 150ML"}]},{"@type":"WebSite","@id":"https:\/\/paracherkaoui.ma\/#website","url":"https:\/\/paracherkaoui.ma\/","name":"Paracherkaoui.ma","description":"Achetez en ligne sur Paracherkaoui.ma","potentialAction":[{"@type":"SearchAction","target":{"@type":"EntryPoint","urlTemplate":"https:\/\/paracherkaoui.ma\/?s={search_term_string}"},"query-input":{"@type":"PropertyValueSpecification","valueRequired":true,"valueName":"search_term_string"}}],"inLanguage":"fr-FR"}]}},"_links":{"self":[{"href":"https:\/\/paracherkaoui.ma\/index.php\/wp-json\/wp\/v2\/product\/20561","targetHints":{"allow":["GET"]}}],"collection":[{"href":"https:\/\/paracherkaoui.ma\/index.php\/wp-json\/wp\/v2\/product"}],"about":[{"href":"https:\/\/paracherkaoui.ma\/index.php\/wp-json\/wp\/v2\/types\/product"}],"replies":[{"embeddable":true,"href":"https:\/\/paracherkaoui.ma\/index.php\/wp-json\/wp\/v2\/comments?post=20561"}],"version-history":[{"count":1,"href":"https:\/\/paracherkaoui.ma\/index.php\/wp-json\/wp\/v2\/product\/20561\/revisions"}],"predecessor-version":[{"id":20613,"href":"https:\/\/paracherkaoui.ma\/index.php\/wp-json\/wp\/v2\/product\/20561\/revisions\/20613"}],"wp:featuredmedia":[{"embeddable":true,"href":"https:\/\/paracherkaoui.ma\/index.php\/wp-json\/wp\/v2\/media\/20612"}],"wp:attachment":[{"href":"https:\/\/paracherkaoui.ma\/index.php\/wp-json\/wp\/v2\/media?parent=20561"}],"wp:term":[{"taxonomy":"product_brand","embeddable":true,"href":"https:\/\/paracherkaoui.ma\/index.php\/wp-json\/wp\/v2\/product_brand?post=20561"},{"taxonomy":"product_cat","embeddable":true,"href":"https:\/\/paracherkaoui.ma\/index.php\/wp-json\/wp\/v2\/product_cat?post=20561"},{"taxonomy":"product_tag","embeddable":true,"href":"https:\/\/paracherkaoui.ma\/index.php\/wp-json\/wp\/v2\/product_tag?post=20561"}],"curies":[{"name":"wp","href":"https:\/\/api.w.org\/{rel}","templated":true}]}}