{"id":20546,"date":"2025-12-12T18:05:00","date_gmt":"2025-12-12T17:05:00","guid":{"rendered":"https:\/\/test.ecbeaute.com\/?post_type=product&#038;p=20546"},"modified":"2025-12-12T18:05:03","modified_gmt":"2025-12-12T17:05:03","slug":"swiss-image-anti-age-36-nettoyant-visage-booster-delasticite","status":"publish","type":"product","link":"https:\/\/paracherkaoui.ma\/index.php\/produit\/swiss-image-anti-age-36-nettoyant-visage-booster-delasticite\/","title":{"rendered":"SWISS IMAGE ANTI AGE 36+ NETTOYANT VISAGE BOOSTER D&rsquo;ELASTICITE"},"content":{"rendered":"<p>M\u00e9lange doux d&rsquo;extraits naturels d&rsquo;algues des neiges, d&rsquo;eau de glacier alpin, d&rsquo;extrait d&rsquo;hysope et de Liftonin, ce nettoyant pour le visage aux particules de cire exfoliantes nettoie en douceur tout en \u00e9liminant efficacement le maquillage et les impuret\u00e9s. Avec une utilisation r\u00e9guli\u00e8re, la peau est douce, lisse et d\u2019apparence plus jeune.<br \/>\nCONSEILS D&rsquo;UTILISATION:<br \/>\nFaites mousser le gel et appliquez-le sur le visage et le cou humides en effectuant des mouvements circulaires.<\/p>\n","protected":false},"excerpt":{"rendered":"<p>M\u00e9lange doux d&rsquo;extraits naturels d&rsquo;algues des neiges, d&rsquo;eau de glacier alpin, d&rsquo;extrait d&rsquo;hysope et de Liftonin, ce nettoyant pour le<\/p>\n","protected":false},"featured_media":20583,"comment_status":"open","ping_status":"closed","template":"","meta":[],"product_brand":[408],"product_cat":[346],"product_tag":[],"class_list":{"0":"post-20546","1":"product","2":"type-product","3":"status-publish","4":"has-post-thumbnail","6":"product_brand-swiss-image","7":"product_cat-demaquillants-et-nettoyants","9":"first","10":"instock","11":"sale","12":"shipping-taxable","13":"purchasable","14":"product-type-simple"},"yoast_head":"<!-- This site is optimized with the Yoast SEO plugin v26.6 - https:\/\/yoast.com\/wordpress\/plugins\/seo\/ -->\r\n<title>SWISS IMAGE ANTI AGE 36+ NETTOYANT VISAGE BOOSTER D&#039;ELASTICITE - Paracherkaoui.ma<\/title>\r\n<meta name=\"robots\" content=\"index, follow, max-snippet:-1, max-image-preview:large, max-video-preview:-1\" \/>\r\n<link rel=\"canonical\" href=\"https:\/\/paracherkaoui.ma\/index.php\/produit\/swiss-image-anti-age-36-nettoyant-visage-booster-delasticite\/\" \/>\r\n<meta property=\"og:locale\" content=\"fr_FR\" \/>\r\n<meta property=\"og:type\" content=\"article\" \/>\r\n<meta property=\"og:title\" content=\"SWISS IMAGE ANTI AGE 36+ NETTOYANT VISAGE BOOSTER D&#039;ELASTICITE - Paracherkaoui.ma\" \/>\r\n<meta property=\"og:description\" content=\"M\u00e9lange doux d&rsquo;extraits naturels d&rsquo;algues des neiges, d&rsquo;eau de glacier alpin, d&rsquo;extrait d&rsquo;hysope et de Liftonin, ce nettoyant pour le\" \/>\r\n<meta property=\"og:url\" content=\"https:\/\/paracherkaoui.ma\/index.php\/produit\/swiss-image-anti-age-36-nettoyant-visage-booster-delasticite\/\" \/>\r\n<meta property=\"og:site_name\" content=\"Paracherkaoui.ma\" \/>\r\n<meta property=\"article:modified_time\" content=\"2025-12-12T17:05:03+00:00\" \/>\r\n<meta property=\"og:image\" content=\"https:\/\/paracherkaoui.ma\/wp-content\/uploads\/2025\/12\/swiss-image-swiss-image-anti-age-36-nettoyant-visage-booster-delasticite-nettoyants-visage.jpg\" \/>\r\n\t<meta property=\"og:image:width\" content=\"700\" \/>\r\n\t<meta property=\"og:image:height\" content=\"700\" \/>\r\n\t<meta property=\"og:image:type\" content=\"image\/jpeg\" \/>\r\n<meta name=\"twitter:card\" content=\"summary_large_image\" \/>\r\n<script type=\"application\/ld+json\" class=\"yoast-schema-graph\">{\"@context\":\"https:\/\/schema.org\",\"@graph\":[{\"@type\":\"WebPage\",\"@id\":\"https:\/\/paracherkaoui.ma\/index.php\/produit\/swiss-image-anti-age-36-nettoyant-visage-booster-delasticite\/\",\"url\":\"https:\/\/paracherkaoui.ma\/index.php\/produit\/swiss-image-anti-age-36-nettoyant-visage-booster-delasticite\/\",\"name\":\"SWISS IMAGE ANTI AGE 36+ NETTOYANT VISAGE BOOSTER D'ELASTICITE - Paracherkaoui.ma\",\"isPartOf\":{\"@id\":\"https:\/\/paracherkaoui.ma\/#website\"},\"primaryImageOfPage\":{\"@id\":\"https:\/\/paracherkaoui.ma\/index.php\/produit\/swiss-image-anti-age-36-nettoyant-visage-booster-delasticite\/#primaryimage\"},\"image\":{\"@id\":\"https:\/\/paracherkaoui.ma\/index.php\/produit\/swiss-image-anti-age-36-nettoyant-visage-booster-delasticite\/#primaryimage\"},\"thumbnailUrl\":\"https:\/\/paracherkaoui.ma\/wp-content\/uploads\/2025\/12\/swiss-image-swiss-image-anti-age-36-nettoyant-visage-booster-delasticite-nettoyants-visage.jpg\",\"datePublished\":\"2025-12-12T17:05:00+00:00\",\"dateModified\":\"2025-12-12T17:05:03+00:00\",\"breadcrumb\":{\"@id\":\"https:\/\/paracherkaoui.ma\/index.php\/produit\/swiss-image-anti-age-36-nettoyant-visage-booster-delasticite\/#breadcrumb\"},\"inLanguage\":\"fr-FR\",\"potentialAction\":[{\"@type\":\"ReadAction\",\"target\":[\"https:\/\/paracherkaoui.ma\/index.php\/produit\/swiss-image-anti-age-36-nettoyant-visage-booster-delasticite\/\"]}]},{\"@type\":\"ImageObject\",\"inLanguage\":\"fr-FR\",\"@id\":\"https:\/\/paracherkaoui.ma\/index.php\/produit\/swiss-image-anti-age-36-nettoyant-visage-booster-delasticite\/#primaryimage\",\"url\":\"https:\/\/paracherkaoui.ma\/wp-content\/uploads\/2025\/12\/swiss-image-swiss-image-anti-age-36-nettoyant-visage-booster-delasticite-nettoyants-visage.jpg\",\"contentUrl\":\"https:\/\/paracherkaoui.ma\/wp-content\/uploads\/2025\/12\/swiss-image-swiss-image-anti-age-36-nettoyant-visage-booster-delasticite-nettoyants-visage.jpg\",\"width\":700,\"height\":700},{\"@type\":\"BreadcrumbList\",\"@id\":\"https:\/\/paracherkaoui.ma\/index.php\/produit\/swiss-image-anti-age-36-nettoyant-visage-booster-delasticite\/#breadcrumb\",\"itemListElement\":[{\"@type\":\"ListItem\",\"position\":1,\"name\":\"Accueil\",\"item\":\"https:\/\/paracherkaoui.ma\/\"},{\"@type\":\"ListItem\",\"position\":2,\"name\":\"Boutique\",\"item\":\"https:\/\/paracherkaoui.ma\/index.php\/boutique\/\"},{\"@type\":\"ListItem\",\"position\":3,\"name\":\"SWISS IMAGE ANTI AGE 36+ NETTOYANT VISAGE BOOSTER D&rsquo;ELASTICITE\"}]},{\"@type\":\"WebSite\",\"@id\":\"https:\/\/paracherkaoui.ma\/#website\",\"url\":\"https:\/\/paracherkaoui.ma\/\",\"name\":\"Paracherkaoui.ma\",\"description\":\"Achetez en ligne sur Paracherkaoui.ma\",\"potentialAction\":[{\"@type\":\"SearchAction\",\"target\":{\"@type\":\"EntryPoint\",\"urlTemplate\":\"https:\/\/paracherkaoui.ma\/?s={search_term_string}\"},\"query-input\":{\"@type\":\"PropertyValueSpecification\",\"valueRequired\":true,\"valueName\":\"search_term_string\"}}],\"inLanguage\":\"fr-FR\"}]}<\/script>\r\n<!-- \/ Yoast SEO plugin. -->","yoast_head_json":{"title":"SWISS IMAGE ANTI AGE 36+ NETTOYANT VISAGE BOOSTER D'ELASTICITE - Paracherkaoui.ma","robots":{"index":"index","follow":"follow","max-snippet":"max-snippet:-1","max-image-preview":"max-image-preview:large","max-video-preview":"max-video-preview:-1"},"canonical":"https:\/\/paracherkaoui.ma\/index.php\/produit\/swiss-image-anti-age-36-nettoyant-visage-booster-delasticite\/","og_locale":"fr_FR","og_type":"article","og_title":"SWISS IMAGE ANTI AGE 36+ NETTOYANT VISAGE BOOSTER D'ELASTICITE - Paracherkaoui.ma","og_description":"M\u00e9lange doux d&rsquo;extraits naturels d&rsquo;algues des neiges, d&rsquo;eau de glacier alpin, d&rsquo;extrait d&rsquo;hysope et de Liftonin, ce nettoyant pour le","og_url":"https:\/\/paracherkaoui.ma\/index.php\/produit\/swiss-image-anti-age-36-nettoyant-visage-booster-delasticite\/","og_site_name":"Paracherkaoui.ma","article_modified_time":"2025-12-12T17:05:03+00:00","og_image":[{"width":700,"height":700,"url":"https:\/\/paracherkaoui.ma\/wp-content\/uploads\/2025\/12\/swiss-image-swiss-image-anti-age-36-nettoyant-visage-booster-delasticite-nettoyants-visage.jpg","type":"image\/jpeg"}],"twitter_card":"summary_large_image","schema":{"@context":"https:\/\/schema.org","@graph":[{"@type":"WebPage","@id":"https:\/\/paracherkaoui.ma\/index.php\/produit\/swiss-image-anti-age-36-nettoyant-visage-booster-delasticite\/","url":"https:\/\/paracherkaoui.ma\/index.php\/produit\/swiss-image-anti-age-36-nettoyant-visage-booster-delasticite\/","name":"SWISS IMAGE ANTI AGE 36+ NETTOYANT VISAGE BOOSTER D'ELASTICITE - Paracherkaoui.ma","isPartOf":{"@id":"https:\/\/paracherkaoui.ma\/#website"},"primaryImageOfPage":{"@id":"https:\/\/paracherkaoui.ma\/index.php\/produit\/swiss-image-anti-age-36-nettoyant-visage-booster-delasticite\/#primaryimage"},"image":{"@id":"https:\/\/paracherkaoui.ma\/index.php\/produit\/swiss-image-anti-age-36-nettoyant-visage-booster-delasticite\/#primaryimage"},"thumbnailUrl":"https:\/\/paracherkaoui.ma\/wp-content\/uploads\/2025\/12\/swiss-image-swiss-image-anti-age-36-nettoyant-visage-booster-delasticite-nettoyants-visage.jpg","datePublished":"2025-12-12T17:05:00+00:00","dateModified":"2025-12-12T17:05:03+00:00","breadcrumb":{"@id":"https:\/\/paracherkaoui.ma\/index.php\/produit\/swiss-image-anti-age-36-nettoyant-visage-booster-delasticite\/#breadcrumb"},"inLanguage":"fr-FR","potentialAction":[{"@type":"ReadAction","target":["https:\/\/paracherkaoui.ma\/index.php\/produit\/swiss-image-anti-age-36-nettoyant-visage-booster-delasticite\/"]}]},{"@type":"ImageObject","inLanguage":"fr-FR","@id":"https:\/\/paracherkaoui.ma\/index.php\/produit\/swiss-image-anti-age-36-nettoyant-visage-booster-delasticite\/#primaryimage","url":"https:\/\/paracherkaoui.ma\/wp-content\/uploads\/2025\/12\/swiss-image-swiss-image-anti-age-36-nettoyant-visage-booster-delasticite-nettoyants-visage.jpg","contentUrl":"https:\/\/paracherkaoui.ma\/wp-content\/uploads\/2025\/12\/swiss-image-swiss-image-anti-age-36-nettoyant-visage-booster-delasticite-nettoyants-visage.jpg","width":700,"height":700},{"@type":"BreadcrumbList","@id":"https:\/\/paracherkaoui.ma\/index.php\/produit\/swiss-image-anti-age-36-nettoyant-visage-booster-delasticite\/#breadcrumb","itemListElement":[{"@type":"ListItem","position":1,"name":"Accueil","item":"https:\/\/paracherkaoui.ma\/"},{"@type":"ListItem","position":2,"name":"Boutique","item":"https:\/\/paracherkaoui.ma\/index.php\/boutique\/"},{"@type":"ListItem","position":3,"name":"SWISS IMAGE ANTI AGE 36+ NETTOYANT VISAGE BOOSTER D&rsquo;ELASTICITE"}]},{"@type":"WebSite","@id":"https:\/\/paracherkaoui.ma\/#website","url":"https:\/\/paracherkaoui.ma\/","name":"Paracherkaoui.ma","description":"Achetez en ligne sur Paracherkaoui.ma","potentialAction":[{"@type":"SearchAction","target":{"@type":"EntryPoint","urlTemplate":"https:\/\/paracherkaoui.ma\/?s={search_term_string}"},"query-input":{"@type":"PropertyValueSpecification","valueRequired":true,"valueName":"search_term_string"}}],"inLanguage":"fr-FR"}]}},"_links":{"self":[{"href":"https:\/\/paracherkaoui.ma\/index.php\/wp-json\/wp\/v2\/product\/20546","targetHints":{"allow":["GET"]}}],"collection":[{"href":"https:\/\/paracherkaoui.ma\/index.php\/wp-json\/wp\/v2\/product"}],"about":[{"href":"https:\/\/paracherkaoui.ma\/index.php\/wp-json\/wp\/v2\/types\/product"}],"replies":[{"embeddable":true,"href":"https:\/\/paracherkaoui.ma\/index.php\/wp-json\/wp\/v2\/comments?post=20546"}],"version-history":[{"count":1,"href":"https:\/\/paracherkaoui.ma\/index.php\/wp-json\/wp\/v2\/product\/20546\/revisions"}],"predecessor-version":[{"id":20584,"href":"https:\/\/paracherkaoui.ma\/index.php\/wp-json\/wp\/v2\/product\/20546\/revisions\/20584"}],"wp:featuredmedia":[{"embeddable":true,"href":"https:\/\/paracherkaoui.ma\/index.php\/wp-json\/wp\/v2\/media\/20583"}],"wp:attachment":[{"href":"https:\/\/paracherkaoui.ma\/index.php\/wp-json\/wp\/v2\/media?parent=20546"}],"wp:term":[{"taxonomy":"product_brand","embeddable":true,"href":"https:\/\/paracherkaoui.ma\/index.php\/wp-json\/wp\/v2\/product_brand?post=20546"},{"taxonomy":"product_cat","embeddable":true,"href":"https:\/\/paracherkaoui.ma\/index.php\/wp-json\/wp\/v2\/product_cat?post=20546"},{"taxonomy":"product_tag","embeddable":true,"href":"https:\/\/paracherkaoui.ma\/index.php\/wp-json\/wp\/v2\/product_tag?post=20546"}],"curies":[{"name":"wp","href":"https:\/\/api.w.org\/{rel}","templated":true}]}}