{"id":20475,"date":"2025-12-12T18:04:54","date_gmt":"2025-12-12T17:04:54","guid":{"rendered":"https:\/\/test.ecbeaute.com\/?post_type=product&#038;p=20475"},"modified":"2025-12-12T18:04:58","modified_gmt":"2025-12-12T17:04:58","slug":"capiderma-sebiocap-gel-dermo-nettoyant-pour-peaux-a-tendance-acneique-200-ml","status":"publish","type":"product","link":"https:\/\/paracherkaoui.ma\/index.php\/produit\/capiderma-sebiocap-gel-dermo-nettoyant-pour-peaux-a-tendance-acneique-200-ml\/","title":{"rendered":"CAPIDERMA SEBIOCAP GEL DERMO NETTOYANT POUR PEAUX A TENDANCE ACNEIQUE 200 ML"},"content":{"rendered":"<p>Description Produit :<br \/>\nSEBIOCAP\u00ae gel est un soin nettoyant, purifiant et s\u00e9bor\u00e9gulateur pour peaux \u00e0 tendance acn\u00e9ique. B\u00e9n\u00e9ficie d\u2019un complexe exclusif riche en acide salicylique pour d\u00e9sincruster les pores et limiter les risques de r\u00e9apparition de nouvelles imperfections, ainsi que d\u2019extraits d\u2019algues marines et d\u2019Aloe Vera aux propri\u00e9t\u00e9s r\u00e9ductrices d\u2019exc\u00e8s de s\u00e9bum et d\u2019impuret\u00e9s. \u00a0Nettoie et purifie en douceur le visage et le corps sans dess\u00e9cher la peau. Procure un effet anti-irritant, confort et apaisement imm\u00e9diat. La peau apparait plus nette et son grain plus affin\u00e9.<\/p>\n<p>Avantages :<br \/>\n&#8211; Gel nettoyant aux propri\u00e9t\u00e9s r\u00e9ductrices de l\u2019exc\u00e8s de s\u00e9bum<br \/>\n&#8211; Effet anti-irritant, apaisant et r\u00e9ducteur de l\u2019inflammation cutan\u00e9e<br \/>\n&#8211; Agent \u00e9purateur de radicaux libres<\/p>\n<p>Conseils d\u2019utilisation :<br \/>\nAppliquer matin et ou soir sur une peau propre et s\u00e8che en mouvements circulaires en insistant sur les zones \u00e0 traiter. Pour de meilleurs r\u00e9sultats, utiliser en combinaison avec SEBIOCAP gel dermo-nettoyant pour peaux \u00e0 tendance acn\u00e9ique.<\/p>\n","protected":false},"excerpt":{"rendered":"<p>Description Produit : SEBIOCAP\u00ae gel est un soin nettoyant, purifiant et s\u00e9bor\u00e9gulateur pour peaux \u00e0 tendance acn\u00e9ique. B\u00e9n\u00e9ficie d\u2019un complexe<\/p>\n","protected":false},"featured_media":20522,"comment_status":"open","ping_status":"closed","template":"","meta":[],"product_brand":[247],"product_cat":[346],"product_tag":[],"class_list":{"0":"post-20475","1":"product","2":"type-product","3":"status-publish","4":"has-post-thumbnail","6":"product_brand-capiderma","7":"product_cat-demaquillants-et-nettoyants","9":"first","10":"instock","11":"sale","12":"shipping-taxable","13":"purchasable","14":"product-type-simple"},"yoast_head":"<!-- This site is optimized with the Yoast SEO plugin v26.6 - https:\/\/yoast.com\/wordpress\/plugins\/seo\/ -->\r\n<title>CAPIDERMA SEBIOCAP GEL DERMO NETTOYANT POUR PEAUX A TENDANCE ACNEIQUE 200 ML - Paracherkaoui.ma<\/title>\r\n<meta name=\"robots\" content=\"index, follow, max-snippet:-1, max-image-preview:large, max-video-preview:-1\" \/>\r\n<link rel=\"canonical\" href=\"https:\/\/paracherkaoui.ma\/index.php\/produit\/capiderma-sebiocap-gel-dermo-nettoyant-pour-peaux-a-tendance-acneique-200-ml\/\" \/>\r\n<meta property=\"og:locale\" content=\"fr_FR\" \/>\r\n<meta property=\"og:type\" content=\"article\" \/>\r\n<meta property=\"og:title\" content=\"CAPIDERMA SEBIOCAP GEL DERMO NETTOYANT POUR PEAUX A TENDANCE ACNEIQUE 200 ML - Paracherkaoui.ma\" \/>\r\n<meta property=\"og:description\" content=\"Description Produit : SEBIOCAP\u00ae gel est un soin nettoyant, purifiant et s\u00e9bor\u00e9gulateur pour peaux \u00e0 tendance acn\u00e9ique. B\u00e9n\u00e9ficie d\u2019un complexe\" \/>\r\n<meta property=\"og:url\" content=\"https:\/\/paracherkaoui.ma\/index.php\/produit\/capiderma-sebiocap-gel-dermo-nettoyant-pour-peaux-a-tendance-acneique-200-ml\/\" \/>\r\n<meta property=\"og:site_name\" content=\"Paracherkaoui.ma\" \/>\r\n<meta property=\"article:modified_time\" content=\"2025-12-12T17:04:58+00:00\" \/>\r\n<meta property=\"og:image\" content=\"https:\/\/paracherkaoui.ma\/wp-content\/uploads\/2025\/12\/capiderma-capiderma-sebiocap-gel-dermo-nettoyant-pour-peaux-a-tendance-acneique-200-ml-soins-anti-imperfections.jpg\" \/>\r\n\t<meta property=\"og:image:width\" content=\"700\" \/>\r\n\t<meta property=\"og:image:height\" content=\"700\" \/>\r\n\t<meta property=\"og:image:type\" content=\"image\/jpeg\" \/>\r\n<meta name=\"twitter:card\" content=\"summary_large_image\" \/>\r\n<meta name=\"twitter:label1\" content=\"Dur\u00e9e de lecture estim\u00e9e\" \/>\n\t<meta name=\"twitter:data1\" content=\"1 minute\" \/>\r\n<script type=\"application\/ld+json\" class=\"yoast-schema-graph\">{\"@context\":\"https:\/\/schema.org\",\"@graph\":[{\"@type\":\"WebPage\",\"@id\":\"https:\/\/paracherkaoui.ma\/index.php\/produit\/capiderma-sebiocap-gel-dermo-nettoyant-pour-peaux-a-tendance-acneique-200-ml\/\",\"url\":\"https:\/\/paracherkaoui.ma\/index.php\/produit\/capiderma-sebiocap-gel-dermo-nettoyant-pour-peaux-a-tendance-acneique-200-ml\/\",\"name\":\"CAPIDERMA SEBIOCAP GEL DERMO NETTOYANT POUR PEAUX A TENDANCE ACNEIQUE 200 ML - Paracherkaoui.ma\",\"isPartOf\":{\"@id\":\"https:\/\/paracherkaoui.ma\/#website\"},\"primaryImageOfPage\":{\"@id\":\"https:\/\/paracherkaoui.ma\/index.php\/produit\/capiderma-sebiocap-gel-dermo-nettoyant-pour-peaux-a-tendance-acneique-200-ml\/#primaryimage\"},\"image\":{\"@id\":\"https:\/\/paracherkaoui.ma\/index.php\/produit\/capiderma-sebiocap-gel-dermo-nettoyant-pour-peaux-a-tendance-acneique-200-ml\/#primaryimage\"},\"thumbnailUrl\":\"https:\/\/paracherkaoui.ma\/wp-content\/uploads\/2025\/12\/capiderma-capiderma-sebiocap-gel-dermo-nettoyant-pour-peaux-a-tendance-acneique-200-ml-soins-anti-imperfections.jpg\",\"datePublished\":\"2025-12-12T17:04:54+00:00\",\"dateModified\":\"2025-12-12T17:04:58+00:00\",\"breadcrumb\":{\"@id\":\"https:\/\/paracherkaoui.ma\/index.php\/produit\/capiderma-sebiocap-gel-dermo-nettoyant-pour-peaux-a-tendance-acneique-200-ml\/#breadcrumb\"},\"inLanguage\":\"fr-FR\",\"potentialAction\":[{\"@type\":\"ReadAction\",\"target\":[\"https:\/\/paracherkaoui.ma\/index.php\/produit\/capiderma-sebiocap-gel-dermo-nettoyant-pour-peaux-a-tendance-acneique-200-ml\/\"]}]},{\"@type\":\"ImageObject\",\"inLanguage\":\"fr-FR\",\"@id\":\"https:\/\/paracherkaoui.ma\/index.php\/produit\/capiderma-sebiocap-gel-dermo-nettoyant-pour-peaux-a-tendance-acneique-200-ml\/#primaryimage\",\"url\":\"https:\/\/paracherkaoui.ma\/wp-content\/uploads\/2025\/12\/capiderma-capiderma-sebiocap-gel-dermo-nettoyant-pour-peaux-a-tendance-acneique-200-ml-soins-anti-imperfections.jpg\",\"contentUrl\":\"https:\/\/paracherkaoui.ma\/wp-content\/uploads\/2025\/12\/capiderma-capiderma-sebiocap-gel-dermo-nettoyant-pour-peaux-a-tendance-acneique-200-ml-soins-anti-imperfections.jpg\",\"width\":700,\"height\":700},{\"@type\":\"BreadcrumbList\",\"@id\":\"https:\/\/paracherkaoui.ma\/index.php\/produit\/capiderma-sebiocap-gel-dermo-nettoyant-pour-peaux-a-tendance-acneique-200-ml\/#breadcrumb\",\"itemListElement\":[{\"@type\":\"ListItem\",\"position\":1,\"name\":\"Accueil\",\"item\":\"https:\/\/paracherkaoui.ma\/\"},{\"@type\":\"ListItem\",\"position\":2,\"name\":\"Boutique\",\"item\":\"https:\/\/paracherkaoui.ma\/index.php\/boutique\/\"},{\"@type\":\"ListItem\",\"position\":3,\"name\":\"CAPIDERMA SEBIOCAP GEL DERMO NETTOYANT POUR PEAUX A TENDANCE ACNEIQUE 200 ML\"}]},{\"@type\":\"WebSite\",\"@id\":\"https:\/\/paracherkaoui.ma\/#website\",\"url\":\"https:\/\/paracherkaoui.ma\/\",\"name\":\"Paracherkaoui.ma\",\"description\":\"Achetez en ligne sur Paracherkaoui.ma\",\"potentialAction\":[{\"@type\":\"SearchAction\",\"target\":{\"@type\":\"EntryPoint\",\"urlTemplate\":\"https:\/\/paracherkaoui.ma\/?s={search_term_string}\"},\"query-input\":{\"@type\":\"PropertyValueSpecification\",\"valueRequired\":true,\"valueName\":\"search_term_string\"}}],\"inLanguage\":\"fr-FR\"}]}<\/script>\r\n<!-- \/ Yoast SEO plugin. -->","yoast_head_json":{"title":"CAPIDERMA SEBIOCAP GEL DERMO NETTOYANT POUR PEAUX A TENDANCE ACNEIQUE 200 ML - Paracherkaoui.ma","robots":{"index":"index","follow":"follow","max-snippet":"max-snippet:-1","max-image-preview":"max-image-preview:large","max-video-preview":"max-video-preview:-1"},"canonical":"https:\/\/paracherkaoui.ma\/index.php\/produit\/capiderma-sebiocap-gel-dermo-nettoyant-pour-peaux-a-tendance-acneique-200-ml\/","og_locale":"fr_FR","og_type":"article","og_title":"CAPIDERMA SEBIOCAP GEL DERMO NETTOYANT POUR PEAUX A TENDANCE ACNEIQUE 200 ML - Paracherkaoui.ma","og_description":"Description Produit : SEBIOCAP\u00ae gel est un soin nettoyant, purifiant et s\u00e9bor\u00e9gulateur pour peaux \u00e0 tendance acn\u00e9ique. B\u00e9n\u00e9ficie d\u2019un complexe","og_url":"https:\/\/paracherkaoui.ma\/index.php\/produit\/capiderma-sebiocap-gel-dermo-nettoyant-pour-peaux-a-tendance-acneique-200-ml\/","og_site_name":"Paracherkaoui.ma","article_modified_time":"2025-12-12T17:04:58+00:00","og_image":[{"width":700,"height":700,"url":"https:\/\/paracherkaoui.ma\/wp-content\/uploads\/2025\/12\/capiderma-capiderma-sebiocap-gel-dermo-nettoyant-pour-peaux-a-tendance-acneique-200-ml-soins-anti-imperfections.jpg","type":"image\/jpeg"}],"twitter_card":"summary_large_image","twitter_misc":{"Dur\u00e9e de lecture estim\u00e9e":"1 minute"},"schema":{"@context":"https:\/\/schema.org","@graph":[{"@type":"WebPage","@id":"https:\/\/paracherkaoui.ma\/index.php\/produit\/capiderma-sebiocap-gel-dermo-nettoyant-pour-peaux-a-tendance-acneique-200-ml\/","url":"https:\/\/paracherkaoui.ma\/index.php\/produit\/capiderma-sebiocap-gel-dermo-nettoyant-pour-peaux-a-tendance-acneique-200-ml\/","name":"CAPIDERMA SEBIOCAP GEL DERMO NETTOYANT POUR PEAUX A TENDANCE ACNEIQUE 200 ML - Paracherkaoui.ma","isPartOf":{"@id":"https:\/\/paracherkaoui.ma\/#website"},"primaryImageOfPage":{"@id":"https:\/\/paracherkaoui.ma\/index.php\/produit\/capiderma-sebiocap-gel-dermo-nettoyant-pour-peaux-a-tendance-acneique-200-ml\/#primaryimage"},"image":{"@id":"https:\/\/paracherkaoui.ma\/index.php\/produit\/capiderma-sebiocap-gel-dermo-nettoyant-pour-peaux-a-tendance-acneique-200-ml\/#primaryimage"},"thumbnailUrl":"https:\/\/paracherkaoui.ma\/wp-content\/uploads\/2025\/12\/capiderma-capiderma-sebiocap-gel-dermo-nettoyant-pour-peaux-a-tendance-acneique-200-ml-soins-anti-imperfections.jpg","datePublished":"2025-12-12T17:04:54+00:00","dateModified":"2025-12-12T17:04:58+00:00","breadcrumb":{"@id":"https:\/\/paracherkaoui.ma\/index.php\/produit\/capiderma-sebiocap-gel-dermo-nettoyant-pour-peaux-a-tendance-acneique-200-ml\/#breadcrumb"},"inLanguage":"fr-FR","potentialAction":[{"@type":"ReadAction","target":["https:\/\/paracherkaoui.ma\/index.php\/produit\/capiderma-sebiocap-gel-dermo-nettoyant-pour-peaux-a-tendance-acneique-200-ml\/"]}]},{"@type":"ImageObject","inLanguage":"fr-FR","@id":"https:\/\/paracherkaoui.ma\/index.php\/produit\/capiderma-sebiocap-gel-dermo-nettoyant-pour-peaux-a-tendance-acneique-200-ml\/#primaryimage","url":"https:\/\/paracherkaoui.ma\/wp-content\/uploads\/2025\/12\/capiderma-capiderma-sebiocap-gel-dermo-nettoyant-pour-peaux-a-tendance-acneique-200-ml-soins-anti-imperfections.jpg","contentUrl":"https:\/\/paracherkaoui.ma\/wp-content\/uploads\/2025\/12\/capiderma-capiderma-sebiocap-gel-dermo-nettoyant-pour-peaux-a-tendance-acneique-200-ml-soins-anti-imperfections.jpg","width":700,"height":700},{"@type":"BreadcrumbList","@id":"https:\/\/paracherkaoui.ma\/index.php\/produit\/capiderma-sebiocap-gel-dermo-nettoyant-pour-peaux-a-tendance-acneique-200-ml\/#breadcrumb","itemListElement":[{"@type":"ListItem","position":1,"name":"Accueil","item":"https:\/\/paracherkaoui.ma\/"},{"@type":"ListItem","position":2,"name":"Boutique","item":"https:\/\/paracherkaoui.ma\/index.php\/boutique\/"},{"@type":"ListItem","position":3,"name":"CAPIDERMA SEBIOCAP GEL DERMO NETTOYANT POUR PEAUX A TENDANCE ACNEIQUE 200 ML"}]},{"@type":"WebSite","@id":"https:\/\/paracherkaoui.ma\/#website","url":"https:\/\/paracherkaoui.ma\/","name":"Paracherkaoui.ma","description":"Achetez en ligne sur Paracherkaoui.ma","potentialAction":[{"@type":"SearchAction","target":{"@type":"EntryPoint","urlTemplate":"https:\/\/paracherkaoui.ma\/?s={search_term_string}"},"query-input":{"@type":"PropertyValueSpecification","valueRequired":true,"valueName":"search_term_string"}}],"inLanguage":"fr-FR"}]}},"_links":{"self":[{"href":"https:\/\/paracherkaoui.ma\/index.php\/wp-json\/wp\/v2\/product\/20475","targetHints":{"allow":["GET"]}}],"collection":[{"href":"https:\/\/paracherkaoui.ma\/index.php\/wp-json\/wp\/v2\/product"}],"about":[{"href":"https:\/\/paracherkaoui.ma\/index.php\/wp-json\/wp\/v2\/types\/product"}],"replies":[{"embeddable":true,"href":"https:\/\/paracherkaoui.ma\/index.php\/wp-json\/wp\/v2\/comments?post=20475"}],"version-history":[{"count":1,"href":"https:\/\/paracherkaoui.ma\/index.php\/wp-json\/wp\/v2\/product\/20475\/revisions"}],"predecessor-version":[{"id":20523,"href":"https:\/\/paracherkaoui.ma\/index.php\/wp-json\/wp\/v2\/product\/20475\/revisions\/20523"}],"wp:featuredmedia":[{"embeddable":true,"href":"https:\/\/paracherkaoui.ma\/index.php\/wp-json\/wp\/v2\/media\/20522"}],"wp:attachment":[{"href":"https:\/\/paracherkaoui.ma\/index.php\/wp-json\/wp\/v2\/media?parent=20475"}],"wp:term":[{"taxonomy":"product_brand","embeddable":true,"href":"https:\/\/paracherkaoui.ma\/index.php\/wp-json\/wp\/v2\/product_brand?post=20475"},{"taxonomy":"product_cat","embeddable":true,"href":"https:\/\/paracherkaoui.ma\/index.php\/wp-json\/wp\/v2\/product_cat?post=20475"},{"taxonomy":"product_tag","embeddable":true,"href":"https:\/\/paracherkaoui.ma\/index.php\/wp-json\/wp\/v2\/product_tag?post=20475"}],"curies":[{"name":"wp","href":"https:\/\/api.w.org\/{rel}","templated":true}]}}