{"id":20469,"date":"2025-12-12T18:04:54","date_gmt":"2025-12-12T17:04:54","guid":{"rendered":"https:\/\/test.ecbeaute.com\/?post_type=product&#038;p=20469"},"modified":"2025-12-12T18:04:57","modified_gmt":"2025-12-12T17:04:57","slug":"noreva-exfoliac-gel-moussant-intensif-200-ml","status":"publish","type":"product","link":"https:\/\/paracherkaoui.ma\/index.php\/produit\/noreva-exfoliac-gel-moussant-intensif-200-ml\/","title":{"rendered":"NOREVA EXFOLIAC GEL MOUSSANT INTENSIF 200 ML"},"content":{"rendered":"<p>Sp\u00e9cialement \u00e9labor\u00e9 pour nettoyer les peaux jeunes \u00e0 imperfections, Exfoliac\u00ae Gel moussant intensif favorise l\u2019\u00e9limination des impuret\u00e9s, r\u00e9gule la s\u00e9cr\u00e9tion de s\u00e9bum tout en respectant le pH cutan\u00e9. Il r\u00e9duit la prolif\u00e9ration bact\u00e9rienne et assainit l\u2019\u00e9piderme durablement. La peau retrouve un aspect plus net, les pores sont resserr\u00e9s et le teint lumineux.<br \/>\nConseils d&rsquo;utilisation:<br \/>\nAppliquer le Gel moussant intensif sur une peau humide. Masser d\u00e9licatement, rincer et s\u00e9cher.<\/p>\n","protected":false},"excerpt":{"rendered":"<p>Sp\u00e9cialement \u00e9labor\u00e9 pour nettoyer les peaux jeunes \u00e0 imperfections, Exfoliac\u00ae Gel moussant intensif favorise l\u2019\u00e9limination des impuret\u00e9s, r\u00e9gule la s\u00e9cr\u00e9tion<\/p>\n","protected":false},"featured_media":20511,"comment_status":"open","ping_status":"closed","template":"","meta":[],"product_brand":[403],"product_cat":[346],"product_tag":[],"class_list":{"0":"post-20469","1":"product","2":"type-product","3":"status-publish","4":"has-post-thumbnail","6":"product_brand-noreva","7":"product_cat-demaquillants-et-nettoyants","9":"first","10":"instock","11":"sale","12":"shipping-taxable","13":"purchasable","14":"product-type-simple"},"yoast_head":"<!-- This site is optimized with the Yoast SEO plugin v26.6 - https:\/\/yoast.com\/wordpress\/plugins\/seo\/ -->\r\n<title>NOREVA EXFOLIAC GEL MOUSSANT INTENSIF 200 ML - Paracherkaoui.ma<\/title>\r\n<meta name=\"robots\" content=\"index, follow, max-snippet:-1, max-image-preview:large, max-video-preview:-1\" \/>\r\n<link rel=\"canonical\" href=\"https:\/\/paracherkaoui.ma\/index.php\/produit\/noreva-exfoliac-gel-moussant-intensif-200-ml\/\" \/>\r\n<meta property=\"og:locale\" content=\"fr_FR\" \/>\r\n<meta property=\"og:type\" content=\"article\" \/>\r\n<meta property=\"og:title\" content=\"NOREVA EXFOLIAC GEL MOUSSANT INTENSIF 200 ML - Paracherkaoui.ma\" \/>\r\n<meta property=\"og:description\" content=\"Sp\u00e9cialement \u00e9labor\u00e9 pour nettoyer les peaux jeunes \u00e0 imperfections, Exfoliac\u00ae Gel moussant intensif favorise l\u2019\u00e9limination des impuret\u00e9s, r\u00e9gule la s\u00e9cr\u00e9tion\" \/>\r\n<meta property=\"og:url\" content=\"https:\/\/paracherkaoui.ma\/index.php\/produit\/noreva-exfoliac-gel-moussant-intensif-200-ml\/\" \/>\r\n<meta property=\"og:site_name\" content=\"Paracherkaoui.ma\" \/>\r\n<meta property=\"article:modified_time\" content=\"2025-12-12T17:04:57+00:00\" \/>\r\n<meta property=\"og:image\" content=\"https:\/\/paracherkaoui.ma\/wp-content\/uploads\/2025\/12\/noreva-noreva-exfoliac-gel-moussant-intensif-200-ml-nettoyants-visage.jpg\" \/>\r\n\t<meta property=\"og:image:width\" content=\"700\" \/>\r\n\t<meta property=\"og:image:height\" content=\"700\" \/>\r\n\t<meta property=\"og:image:type\" content=\"image\/jpeg\" \/>\r\n<meta name=\"twitter:card\" content=\"summary_large_image\" \/>\r\n<script type=\"application\/ld+json\" class=\"yoast-schema-graph\">{\"@context\":\"https:\/\/schema.org\",\"@graph\":[{\"@type\":\"WebPage\",\"@id\":\"https:\/\/paracherkaoui.ma\/index.php\/produit\/noreva-exfoliac-gel-moussant-intensif-200-ml\/\",\"url\":\"https:\/\/paracherkaoui.ma\/index.php\/produit\/noreva-exfoliac-gel-moussant-intensif-200-ml\/\",\"name\":\"NOREVA EXFOLIAC GEL MOUSSANT INTENSIF 200 ML - Paracherkaoui.ma\",\"isPartOf\":{\"@id\":\"https:\/\/paracherkaoui.ma\/#website\"},\"primaryImageOfPage\":{\"@id\":\"https:\/\/paracherkaoui.ma\/index.php\/produit\/noreva-exfoliac-gel-moussant-intensif-200-ml\/#primaryimage\"},\"image\":{\"@id\":\"https:\/\/paracherkaoui.ma\/index.php\/produit\/noreva-exfoliac-gel-moussant-intensif-200-ml\/#primaryimage\"},\"thumbnailUrl\":\"https:\/\/paracherkaoui.ma\/wp-content\/uploads\/2025\/12\/noreva-noreva-exfoliac-gel-moussant-intensif-200-ml-nettoyants-visage.jpg\",\"datePublished\":\"2025-12-12T17:04:54+00:00\",\"dateModified\":\"2025-12-12T17:04:57+00:00\",\"breadcrumb\":{\"@id\":\"https:\/\/paracherkaoui.ma\/index.php\/produit\/noreva-exfoliac-gel-moussant-intensif-200-ml\/#breadcrumb\"},\"inLanguage\":\"fr-FR\",\"potentialAction\":[{\"@type\":\"ReadAction\",\"target\":[\"https:\/\/paracherkaoui.ma\/index.php\/produit\/noreva-exfoliac-gel-moussant-intensif-200-ml\/\"]}]},{\"@type\":\"ImageObject\",\"inLanguage\":\"fr-FR\",\"@id\":\"https:\/\/paracherkaoui.ma\/index.php\/produit\/noreva-exfoliac-gel-moussant-intensif-200-ml\/#primaryimage\",\"url\":\"https:\/\/paracherkaoui.ma\/wp-content\/uploads\/2025\/12\/noreva-noreva-exfoliac-gel-moussant-intensif-200-ml-nettoyants-visage.jpg\",\"contentUrl\":\"https:\/\/paracherkaoui.ma\/wp-content\/uploads\/2025\/12\/noreva-noreva-exfoliac-gel-moussant-intensif-200-ml-nettoyants-visage.jpg\",\"width\":700,\"height\":700},{\"@type\":\"BreadcrumbList\",\"@id\":\"https:\/\/paracherkaoui.ma\/index.php\/produit\/noreva-exfoliac-gel-moussant-intensif-200-ml\/#breadcrumb\",\"itemListElement\":[{\"@type\":\"ListItem\",\"position\":1,\"name\":\"Accueil\",\"item\":\"https:\/\/paracherkaoui.ma\/\"},{\"@type\":\"ListItem\",\"position\":2,\"name\":\"Boutique\",\"item\":\"https:\/\/paracherkaoui.ma\/index.php\/boutique\/\"},{\"@type\":\"ListItem\",\"position\":3,\"name\":\"NOREVA EXFOLIAC GEL MOUSSANT INTENSIF 200 ML\"}]},{\"@type\":\"WebSite\",\"@id\":\"https:\/\/paracherkaoui.ma\/#website\",\"url\":\"https:\/\/paracherkaoui.ma\/\",\"name\":\"Paracherkaoui.ma\",\"description\":\"Achetez en ligne sur Paracherkaoui.ma\",\"potentialAction\":[{\"@type\":\"SearchAction\",\"target\":{\"@type\":\"EntryPoint\",\"urlTemplate\":\"https:\/\/paracherkaoui.ma\/?s={search_term_string}\"},\"query-input\":{\"@type\":\"PropertyValueSpecification\",\"valueRequired\":true,\"valueName\":\"search_term_string\"}}],\"inLanguage\":\"fr-FR\"}]}<\/script>\r\n<!-- \/ Yoast SEO plugin. -->","yoast_head_json":{"title":"NOREVA EXFOLIAC GEL MOUSSANT INTENSIF 200 ML - Paracherkaoui.ma","robots":{"index":"index","follow":"follow","max-snippet":"max-snippet:-1","max-image-preview":"max-image-preview:large","max-video-preview":"max-video-preview:-1"},"canonical":"https:\/\/paracherkaoui.ma\/index.php\/produit\/noreva-exfoliac-gel-moussant-intensif-200-ml\/","og_locale":"fr_FR","og_type":"article","og_title":"NOREVA EXFOLIAC GEL MOUSSANT INTENSIF 200 ML - Paracherkaoui.ma","og_description":"Sp\u00e9cialement \u00e9labor\u00e9 pour nettoyer les peaux jeunes \u00e0 imperfections, Exfoliac\u00ae Gel moussant intensif favorise l\u2019\u00e9limination des impuret\u00e9s, r\u00e9gule la s\u00e9cr\u00e9tion","og_url":"https:\/\/paracherkaoui.ma\/index.php\/produit\/noreva-exfoliac-gel-moussant-intensif-200-ml\/","og_site_name":"Paracherkaoui.ma","article_modified_time":"2025-12-12T17:04:57+00:00","og_image":[{"width":700,"height":700,"url":"https:\/\/paracherkaoui.ma\/wp-content\/uploads\/2025\/12\/noreva-noreva-exfoliac-gel-moussant-intensif-200-ml-nettoyants-visage.jpg","type":"image\/jpeg"}],"twitter_card":"summary_large_image","schema":{"@context":"https:\/\/schema.org","@graph":[{"@type":"WebPage","@id":"https:\/\/paracherkaoui.ma\/index.php\/produit\/noreva-exfoliac-gel-moussant-intensif-200-ml\/","url":"https:\/\/paracherkaoui.ma\/index.php\/produit\/noreva-exfoliac-gel-moussant-intensif-200-ml\/","name":"NOREVA EXFOLIAC GEL MOUSSANT INTENSIF 200 ML - Paracherkaoui.ma","isPartOf":{"@id":"https:\/\/paracherkaoui.ma\/#website"},"primaryImageOfPage":{"@id":"https:\/\/paracherkaoui.ma\/index.php\/produit\/noreva-exfoliac-gel-moussant-intensif-200-ml\/#primaryimage"},"image":{"@id":"https:\/\/paracherkaoui.ma\/index.php\/produit\/noreva-exfoliac-gel-moussant-intensif-200-ml\/#primaryimage"},"thumbnailUrl":"https:\/\/paracherkaoui.ma\/wp-content\/uploads\/2025\/12\/noreva-noreva-exfoliac-gel-moussant-intensif-200-ml-nettoyants-visage.jpg","datePublished":"2025-12-12T17:04:54+00:00","dateModified":"2025-12-12T17:04:57+00:00","breadcrumb":{"@id":"https:\/\/paracherkaoui.ma\/index.php\/produit\/noreva-exfoliac-gel-moussant-intensif-200-ml\/#breadcrumb"},"inLanguage":"fr-FR","potentialAction":[{"@type":"ReadAction","target":["https:\/\/paracherkaoui.ma\/index.php\/produit\/noreva-exfoliac-gel-moussant-intensif-200-ml\/"]}]},{"@type":"ImageObject","inLanguage":"fr-FR","@id":"https:\/\/paracherkaoui.ma\/index.php\/produit\/noreva-exfoliac-gel-moussant-intensif-200-ml\/#primaryimage","url":"https:\/\/paracherkaoui.ma\/wp-content\/uploads\/2025\/12\/noreva-noreva-exfoliac-gel-moussant-intensif-200-ml-nettoyants-visage.jpg","contentUrl":"https:\/\/paracherkaoui.ma\/wp-content\/uploads\/2025\/12\/noreva-noreva-exfoliac-gel-moussant-intensif-200-ml-nettoyants-visage.jpg","width":700,"height":700},{"@type":"BreadcrumbList","@id":"https:\/\/paracherkaoui.ma\/index.php\/produit\/noreva-exfoliac-gel-moussant-intensif-200-ml\/#breadcrumb","itemListElement":[{"@type":"ListItem","position":1,"name":"Accueil","item":"https:\/\/paracherkaoui.ma\/"},{"@type":"ListItem","position":2,"name":"Boutique","item":"https:\/\/paracherkaoui.ma\/index.php\/boutique\/"},{"@type":"ListItem","position":3,"name":"NOREVA EXFOLIAC GEL MOUSSANT INTENSIF 200 ML"}]},{"@type":"WebSite","@id":"https:\/\/paracherkaoui.ma\/#website","url":"https:\/\/paracherkaoui.ma\/","name":"Paracherkaoui.ma","description":"Achetez en ligne sur Paracherkaoui.ma","potentialAction":[{"@type":"SearchAction","target":{"@type":"EntryPoint","urlTemplate":"https:\/\/paracherkaoui.ma\/?s={search_term_string}"},"query-input":{"@type":"PropertyValueSpecification","valueRequired":true,"valueName":"search_term_string"}}],"inLanguage":"fr-FR"}]}},"_links":{"self":[{"href":"https:\/\/paracherkaoui.ma\/index.php\/wp-json\/wp\/v2\/product\/20469","targetHints":{"allow":["GET"]}}],"collection":[{"href":"https:\/\/paracherkaoui.ma\/index.php\/wp-json\/wp\/v2\/product"}],"about":[{"href":"https:\/\/paracherkaoui.ma\/index.php\/wp-json\/wp\/v2\/types\/product"}],"replies":[{"embeddable":true,"href":"https:\/\/paracherkaoui.ma\/index.php\/wp-json\/wp\/v2\/comments?post=20469"}],"version-history":[{"count":1,"href":"https:\/\/paracherkaoui.ma\/index.php\/wp-json\/wp\/v2\/product\/20469\/revisions"}],"predecessor-version":[{"id":20512,"href":"https:\/\/paracherkaoui.ma\/index.php\/wp-json\/wp\/v2\/product\/20469\/revisions\/20512"}],"wp:featuredmedia":[{"embeddable":true,"href":"https:\/\/paracherkaoui.ma\/index.php\/wp-json\/wp\/v2\/media\/20511"}],"wp:attachment":[{"href":"https:\/\/paracherkaoui.ma\/index.php\/wp-json\/wp\/v2\/media?parent=20469"}],"wp:term":[{"taxonomy":"product_brand","embeddable":true,"href":"https:\/\/paracherkaoui.ma\/index.php\/wp-json\/wp\/v2\/product_brand?post=20469"},{"taxonomy":"product_cat","embeddable":true,"href":"https:\/\/paracherkaoui.ma\/index.php\/wp-json\/wp\/v2\/product_cat?post=20469"},{"taxonomy":"product_tag","embeddable":true,"href":"https:\/\/paracherkaoui.ma\/index.php\/wp-json\/wp\/v2\/product_tag?post=20469"}],"curies":[{"name":"wp","href":"https:\/\/api.w.org\/{rel}","templated":true}]}}