{"id":20389,"date":"2025-12-12T18:04:46","date_gmt":"2025-12-12T17:04:46","guid":{"rendered":"https:\/\/test.ecbeaute.com\/?post_type=product&#038;p=20389"},"modified":"2025-12-12T18:04:51","modified_gmt":"2025-12-12T17:04:51","slug":"mesoestetic-mousse-purifiante-150-ml","status":"publish","type":"product","link":"https:\/\/paracherkaoui.ma\/index.php\/produit\/mesoestetic-mousse-purifiante-150-ml\/","title":{"rendered":"MESOESTETIC MOUSSE PURIFIANTE 150 ML"},"content":{"rendered":"<p>Mousse de nettoyage quotidien pour le nettoyage et l\u2019hygi\u00e8ne des peaux \u00e0 tendance acn\u00e9ique et s\u00e9borrh\u00e9ique. Sa texture l\u00e9g\u00e8re et sa formulation \u00e0 base de glucosides et d\u2019agents rafra\u00eechissants permettent d\u2019\u00e9liminer les impuret\u00e9s de la peau, en lui apportant les conditions optimales de douceur ainsi qu\u2019une agr\u00e9able sensation de confort.<br \/>\nConseils d&rsquo;utilisation :<br \/>\nHumidifier les zones de la peau \u00e0 traiter et \u00e9taler une couche uniforme de purifying mousse en frottant doucement du bout des doigts pour \u00e9liminer l\u2019exc\u00e8s de s\u00e9bum et les impuret\u00e9s superficielles. Rincer abondamment \u00e0 l\u2019eau.<\/p>\n","protected":false},"excerpt":{"rendered":"<p>Mousse de nettoyage quotidien pour le nettoyage et l\u2019hygi\u00e8ne des peaux \u00e0 tendance acn\u00e9ique et s\u00e9borrh\u00e9ique. Sa texture l\u00e9g\u00e8re et<\/p>\n","protected":false},"featured_media":20437,"comment_status":"open","ping_status":"closed","template":"","meta":[],"product_brand":[399],"product_cat":[346],"product_tag":[],"class_list":{"0":"post-20389","1":"product","2":"type-product","3":"status-publish","4":"has-post-thumbnail","6":"product_brand-mesoestetic","7":"product_cat-demaquillants-et-nettoyants","9":"first","10":"instock","11":"sale","12":"shipping-taxable","13":"purchasable","14":"product-type-simple"},"yoast_head":"<!-- This site is optimized with the Yoast SEO plugin v26.6 - https:\/\/yoast.com\/wordpress\/plugins\/seo\/ -->\r\n<title>MESOESTETIC MOUSSE PURIFIANTE 150 ML - Paracherkaoui.ma<\/title>\r\n<meta name=\"robots\" content=\"index, follow, max-snippet:-1, max-image-preview:large, max-video-preview:-1\" \/>\r\n<link rel=\"canonical\" href=\"https:\/\/paracherkaoui.ma\/index.php\/produit\/mesoestetic-mousse-purifiante-150-ml\/\" \/>\r\n<meta property=\"og:locale\" content=\"fr_FR\" \/>\r\n<meta property=\"og:type\" content=\"article\" \/>\r\n<meta property=\"og:title\" content=\"MESOESTETIC MOUSSE PURIFIANTE 150 ML - Paracherkaoui.ma\" \/>\r\n<meta property=\"og:description\" content=\"Mousse de nettoyage quotidien pour le nettoyage et l\u2019hygi\u00e8ne des peaux \u00e0 tendance acn\u00e9ique et s\u00e9borrh\u00e9ique. Sa texture l\u00e9g\u00e8re et\" \/>\r\n<meta property=\"og:url\" content=\"https:\/\/paracherkaoui.ma\/index.php\/produit\/mesoestetic-mousse-purifiante-150-ml\/\" \/>\r\n<meta property=\"og:site_name\" content=\"Paracherkaoui.ma\" \/>\r\n<meta property=\"article:modified_time\" content=\"2025-12-12T17:04:51+00:00\" \/>\r\n<meta property=\"og:image\" content=\"https:\/\/paracherkaoui.ma\/wp-content\/uploads\/2025\/12\/mesoestetic-mesoestetic-mousse-purifiante-150-ml-nettoyants-visage.jpg\" \/>\r\n\t<meta property=\"og:image:width\" content=\"700\" \/>\r\n\t<meta property=\"og:image:height\" content=\"700\" \/>\r\n\t<meta property=\"og:image:type\" content=\"image\/jpeg\" \/>\r\n<meta name=\"twitter:card\" content=\"summary_large_image\" \/>\r\n<meta name=\"twitter:label1\" content=\"Dur\u00e9e de lecture estim\u00e9e\" \/>\n\t<meta name=\"twitter:data1\" content=\"1 minute\" \/>\r\n<script type=\"application\/ld+json\" class=\"yoast-schema-graph\">{\"@context\":\"https:\/\/schema.org\",\"@graph\":[{\"@type\":\"WebPage\",\"@id\":\"https:\/\/paracherkaoui.ma\/index.php\/produit\/mesoestetic-mousse-purifiante-150-ml\/\",\"url\":\"https:\/\/paracherkaoui.ma\/index.php\/produit\/mesoestetic-mousse-purifiante-150-ml\/\",\"name\":\"MESOESTETIC MOUSSE PURIFIANTE 150 ML - Paracherkaoui.ma\",\"isPartOf\":{\"@id\":\"https:\/\/paracherkaoui.ma\/#website\"},\"primaryImageOfPage\":{\"@id\":\"https:\/\/paracherkaoui.ma\/index.php\/produit\/mesoestetic-mousse-purifiante-150-ml\/#primaryimage\"},\"image\":{\"@id\":\"https:\/\/paracherkaoui.ma\/index.php\/produit\/mesoestetic-mousse-purifiante-150-ml\/#primaryimage\"},\"thumbnailUrl\":\"https:\/\/paracherkaoui.ma\/wp-content\/uploads\/2025\/12\/mesoestetic-mesoestetic-mousse-purifiante-150-ml-nettoyants-visage.jpg\",\"datePublished\":\"2025-12-12T17:04:46+00:00\",\"dateModified\":\"2025-12-12T17:04:51+00:00\",\"breadcrumb\":{\"@id\":\"https:\/\/paracherkaoui.ma\/index.php\/produit\/mesoestetic-mousse-purifiante-150-ml\/#breadcrumb\"},\"inLanguage\":\"fr-FR\",\"potentialAction\":[{\"@type\":\"ReadAction\",\"target\":[\"https:\/\/paracherkaoui.ma\/index.php\/produit\/mesoestetic-mousse-purifiante-150-ml\/\"]}]},{\"@type\":\"ImageObject\",\"inLanguage\":\"fr-FR\",\"@id\":\"https:\/\/paracherkaoui.ma\/index.php\/produit\/mesoestetic-mousse-purifiante-150-ml\/#primaryimage\",\"url\":\"https:\/\/paracherkaoui.ma\/wp-content\/uploads\/2025\/12\/mesoestetic-mesoestetic-mousse-purifiante-150-ml-nettoyants-visage.jpg\",\"contentUrl\":\"https:\/\/paracherkaoui.ma\/wp-content\/uploads\/2025\/12\/mesoestetic-mesoestetic-mousse-purifiante-150-ml-nettoyants-visage.jpg\",\"width\":700,\"height\":700},{\"@type\":\"BreadcrumbList\",\"@id\":\"https:\/\/paracherkaoui.ma\/index.php\/produit\/mesoestetic-mousse-purifiante-150-ml\/#breadcrumb\",\"itemListElement\":[{\"@type\":\"ListItem\",\"position\":1,\"name\":\"Accueil\",\"item\":\"https:\/\/paracherkaoui.ma\/\"},{\"@type\":\"ListItem\",\"position\":2,\"name\":\"Boutique\",\"item\":\"https:\/\/paracherkaoui.ma\/index.php\/boutique\/\"},{\"@type\":\"ListItem\",\"position\":3,\"name\":\"MESOESTETIC MOUSSE PURIFIANTE 150 ML\"}]},{\"@type\":\"WebSite\",\"@id\":\"https:\/\/paracherkaoui.ma\/#website\",\"url\":\"https:\/\/paracherkaoui.ma\/\",\"name\":\"Paracherkaoui.ma\",\"description\":\"Achetez en ligne sur Paracherkaoui.ma\",\"potentialAction\":[{\"@type\":\"SearchAction\",\"target\":{\"@type\":\"EntryPoint\",\"urlTemplate\":\"https:\/\/paracherkaoui.ma\/?s={search_term_string}\"},\"query-input\":{\"@type\":\"PropertyValueSpecification\",\"valueRequired\":true,\"valueName\":\"search_term_string\"}}],\"inLanguage\":\"fr-FR\"}]}<\/script>\r\n<!-- \/ Yoast SEO plugin. -->","yoast_head_json":{"title":"MESOESTETIC MOUSSE PURIFIANTE 150 ML - Paracherkaoui.ma","robots":{"index":"index","follow":"follow","max-snippet":"max-snippet:-1","max-image-preview":"max-image-preview:large","max-video-preview":"max-video-preview:-1"},"canonical":"https:\/\/paracherkaoui.ma\/index.php\/produit\/mesoestetic-mousse-purifiante-150-ml\/","og_locale":"fr_FR","og_type":"article","og_title":"MESOESTETIC MOUSSE PURIFIANTE 150 ML - Paracherkaoui.ma","og_description":"Mousse de nettoyage quotidien pour le nettoyage et l\u2019hygi\u00e8ne des peaux \u00e0 tendance acn\u00e9ique et s\u00e9borrh\u00e9ique. Sa texture l\u00e9g\u00e8re et","og_url":"https:\/\/paracherkaoui.ma\/index.php\/produit\/mesoestetic-mousse-purifiante-150-ml\/","og_site_name":"Paracherkaoui.ma","article_modified_time":"2025-12-12T17:04:51+00:00","og_image":[{"width":700,"height":700,"url":"https:\/\/paracherkaoui.ma\/wp-content\/uploads\/2025\/12\/mesoestetic-mesoestetic-mousse-purifiante-150-ml-nettoyants-visage.jpg","type":"image\/jpeg"}],"twitter_card":"summary_large_image","twitter_misc":{"Dur\u00e9e de lecture estim\u00e9e":"1 minute"},"schema":{"@context":"https:\/\/schema.org","@graph":[{"@type":"WebPage","@id":"https:\/\/paracherkaoui.ma\/index.php\/produit\/mesoestetic-mousse-purifiante-150-ml\/","url":"https:\/\/paracherkaoui.ma\/index.php\/produit\/mesoestetic-mousse-purifiante-150-ml\/","name":"MESOESTETIC MOUSSE PURIFIANTE 150 ML - Paracherkaoui.ma","isPartOf":{"@id":"https:\/\/paracherkaoui.ma\/#website"},"primaryImageOfPage":{"@id":"https:\/\/paracherkaoui.ma\/index.php\/produit\/mesoestetic-mousse-purifiante-150-ml\/#primaryimage"},"image":{"@id":"https:\/\/paracherkaoui.ma\/index.php\/produit\/mesoestetic-mousse-purifiante-150-ml\/#primaryimage"},"thumbnailUrl":"https:\/\/paracherkaoui.ma\/wp-content\/uploads\/2025\/12\/mesoestetic-mesoestetic-mousse-purifiante-150-ml-nettoyants-visage.jpg","datePublished":"2025-12-12T17:04:46+00:00","dateModified":"2025-12-12T17:04:51+00:00","breadcrumb":{"@id":"https:\/\/paracherkaoui.ma\/index.php\/produit\/mesoestetic-mousse-purifiante-150-ml\/#breadcrumb"},"inLanguage":"fr-FR","potentialAction":[{"@type":"ReadAction","target":["https:\/\/paracherkaoui.ma\/index.php\/produit\/mesoestetic-mousse-purifiante-150-ml\/"]}]},{"@type":"ImageObject","inLanguage":"fr-FR","@id":"https:\/\/paracherkaoui.ma\/index.php\/produit\/mesoestetic-mousse-purifiante-150-ml\/#primaryimage","url":"https:\/\/paracherkaoui.ma\/wp-content\/uploads\/2025\/12\/mesoestetic-mesoestetic-mousse-purifiante-150-ml-nettoyants-visage.jpg","contentUrl":"https:\/\/paracherkaoui.ma\/wp-content\/uploads\/2025\/12\/mesoestetic-mesoestetic-mousse-purifiante-150-ml-nettoyants-visage.jpg","width":700,"height":700},{"@type":"BreadcrumbList","@id":"https:\/\/paracherkaoui.ma\/index.php\/produit\/mesoestetic-mousse-purifiante-150-ml\/#breadcrumb","itemListElement":[{"@type":"ListItem","position":1,"name":"Accueil","item":"https:\/\/paracherkaoui.ma\/"},{"@type":"ListItem","position":2,"name":"Boutique","item":"https:\/\/paracherkaoui.ma\/index.php\/boutique\/"},{"@type":"ListItem","position":3,"name":"MESOESTETIC MOUSSE PURIFIANTE 150 ML"}]},{"@type":"WebSite","@id":"https:\/\/paracherkaoui.ma\/#website","url":"https:\/\/paracherkaoui.ma\/","name":"Paracherkaoui.ma","description":"Achetez en ligne sur Paracherkaoui.ma","potentialAction":[{"@type":"SearchAction","target":{"@type":"EntryPoint","urlTemplate":"https:\/\/paracherkaoui.ma\/?s={search_term_string}"},"query-input":{"@type":"PropertyValueSpecification","valueRequired":true,"valueName":"search_term_string"}}],"inLanguage":"fr-FR"}]}},"_links":{"self":[{"href":"https:\/\/paracherkaoui.ma\/index.php\/wp-json\/wp\/v2\/product\/20389","targetHints":{"allow":["GET"]}}],"collection":[{"href":"https:\/\/paracherkaoui.ma\/index.php\/wp-json\/wp\/v2\/product"}],"about":[{"href":"https:\/\/paracherkaoui.ma\/index.php\/wp-json\/wp\/v2\/types\/product"}],"replies":[{"embeddable":true,"href":"https:\/\/paracherkaoui.ma\/index.php\/wp-json\/wp\/v2\/comments?post=20389"}],"version-history":[{"count":1,"href":"https:\/\/paracherkaoui.ma\/index.php\/wp-json\/wp\/v2\/product\/20389\/revisions"}],"predecessor-version":[{"id":20438,"href":"https:\/\/paracherkaoui.ma\/index.php\/wp-json\/wp\/v2\/product\/20389\/revisions\/20438"}],"wp:featuredmedia":[{"embeddable":true,"href":"https:\/\/paracherkaoui.ma\/index.php\/wp-json\/wp\/v2\/media\/20437"}],"wp:attachment":[{"href":"https:\/\/paracherkaoui.ma\/index.php\/wp-json\/wp\/v2\/media?parent=20389"}],"wp:term":[{"taxonomy":"product_brand","embeddable":true,"href":"https:\/\/paracherkaoui.ma\/index.php\/wp-json\/wp\/v2\/product_brand?post=20389"},{"taxonomy":"product_cat","embeddable":true,"href":"https:\/\/paracherkaoui.ma\/index.php\/wp-json\/wp\/v2\/product_cat?post=20389"},{"taxonomy":"product_tag","embeddable":true,"href":"https:\/\/paracherkaoui.ma\/index.php\/wp-json\/wp\/v2\/product_tag?post=20389"}],"curies":[{"name":"wp","href":"https:\/\/api.w.org\/{rel}","templated":true}]}}