{"id":20384,"date":"2025-12-12T18:04:46","date_gmt":"2025-12-12T17:04:46","guid":{"rendered":"https:\/\/test.ecbeaute.com\/?post_type=product&#038;p=20384"},"modified":"2025-12-12T18:04:50","modified_gmt":"2025-12-12T17:04:50","slug":"cetaphil-nettoyant-cremeux-revelateur-de-luminosite-100g-3","status":"publish","type":"product","link":"https:\/\/paracherkaoui.ma\/index.php\/produit\/cetaphil-nettoyant-cremeux-revelateur-de-luminosite-100g-3\/","title":{"rendered":"CETAPHIL NETTOYANT CREMEUX REVELATEUR DE LUMINOSITE 100G"},"content":{"rendered":"<p>Un nettoyant doux et moussant qui \u00e9limine le teint terne, r\u00e9v\u00e9lant une peau plus lumineuse et radieuse. La texture cr\u00e9meuse se transforme en une mousse riche et r\u00e9confortante qui laisse la peau douce et lisse. Les cellules mortes de la peau et la poussi\u00e8re quotidienne, les impuret\u00e9s et les particules de pollution sont \u00e9limin\u00e9es, purifiant votre peau et la pr\u00e9parant \u00e0 la tonification et \u00e0 l\u2019hydratation. Nettoie en profondeur mais ne perturbe pas la barri\u00e8re naturelle de la peau ni ne la dess\u00e8che.<br \/>\nConseils d\u2019utilisation :<br \/>\nAppliquer une petite quantit\u00e9 sur peau humide et masser doucement en mouvements circulaires en \u00e9vitant le contour des yeux. Rincez compl\u00e8tement et s\u00e9chez le visage avec une serviette propre et douce.<\/p>\n","protected":false},"excerpt":{"rendered":"<p>Un nettoyant doux et moussant qui \u00e9limine le teint terne, r\u00e9v\u00e9lant une peau plus lumineuse et radieuse. La texture cr\u00e9meuse<\/p>\n","protected":false},"featured_media":11845,"comment_status":"open","ping_status":"closed","template":"","meta":[],"product_brand":[150],"product_cat":[346],"product_tag":[],"class_list":{"0":"post-20384","1":"product","2":"type-product","3":"status-publish","4":"has-post-thumbnail","6":"product_brand-cetaphil","7":"product_cat-demaquillants-et-nettoyants","9":"first","10":"instock","11":"sale","12":"shipping-taxable","13":"purchasable","14":"product-type-simple"},"yoast_head":"<!-- This site is optimized with the Yoast SEO plugin v26.6 - https:\/\/yoast.com\/wordpress\/plugins\/seo\/ -->\r\n<title>CETAPHIL NETTOYANT CREMEUX REVELATEUR DE LUMINOSITE 100G - Paracherkaoui.ma<\/title>\r\n<meta name=\"robots\" content=\"index, follow, max-snippet:-1, max-image-preview:large, max-video-preview:-1\" \/>\r\n<link rel=\"canonical\" href=\"https:\/\/paracherkaoui.ma\/index.php\/produit\/cetaphil-nettoyant-cremeux-revelateur-de-luminosite-100g-3\/\" \/>\r\n<meta property=\"og:locale\" content=\"fr_FR\" \/>\r\n<meta property=\"og:type\" content=\"article\" \/>\r\n<meta property=\"og:title\" content=\"CETAPHIL NETTOYANT CREMEUX REVELATEUR DE LUMINOSITE 100G - Paracherkaoui.ma\" \/>\r\n<meta property=\"og:description\" content=\"Un nettoyant doux et moussant qui \u00e9limine le teint terne, r\u00e9v\u00e9lant une peau plus lumineuse et radieuse. La texture cr\u00e9meuse\" \/>\r\n<meta property=\"og:url\" content=\"https:\/\/paracherkaoui.ma\/index.php\/produit\/cetaphil-nettoyant-cremeux-revelateur-de-luminosite-100g-3\/\" \/>\r\n<meta property=\"og:site_name\" content=\"Paracherkaoui.ma\" \/>\r\n<meta property=\"article:modified_time\" content=\"2025-12-12T17:04:50+00:00\" \/>\r\n<meta property=\"og:image\" content=\"https:\/\/paracherkaoui.ma\/wp-content\/uploads\/2025\/12\/cetaphil-cetaphil-nettoyant-cremeux-revelateur-de-luminosite-100g-nettoyants-visage.jpg\" \/>\r\n\t<meta property=\"og:image:width\" content=\"700\" \/>\r\n\t<meta property=\"og:image:height\" content=\"700\" \/>\r\n\t<meta property=\"og:image:type\" content=\"image\/jpeg\" \/>\r\n<meta name=\"twitter:card\" content=\"summary_large_image\" \/>\r\n<meta name=\"twitter:label1\" content=\"Dur\u00e9e de lecture estim\u00e9e\" \/>\n\t<meta name=\"twitter:data1\" content=\"1 minute\" \/>\r\n<script type=\"application\/ld+json\" class=\"yoast-schema-graph\">{\"@context\":\"https:\/\/schema.org\",\"@graph\":[{\"@type\":\"WebPage\",\"@id\":\"https:\/\/paracherkaoui.ma\/index.php\/produit\/cetaphil-nettoyant-cremeux-revelateur-de-luminosite-100g-3\/\",\"url\":\"https:\/\/paracherkaoui.ma\/index.php\/produit\/cetaphil-nettoyant-cremeux-revelateur-de-luminosite-100g-3\/\",\"name\":\"CETAPHIL NETTOYANT CREMEUX REVELATEUR DE LUMINOSITE 100G - Paracherkaoui.ma\",\"isPartOf\":{\"@id\":\"https:\/\/paracherkaoui.ma\/#website\"},\"primaryImageOfPage\":{\"@id\":\"https:\/\/paracherkaoui.ma\/index.php\/produit\/cetaphil-nettoyant-cremeux-revelateur-de-luminosite-100g-3\/#primaryimage\"},\"image\":{\"@id\":\"https:\/\/paracherkaoui.ma\/index.php\/produit\/cetaphil-nettoyant-cremeux-revelateur-de-luminosite-100g-3\/#primaryimage\"},\"thumbnailUrl\":\"https:\/\/paracherkaoui.ma\/wp-content\/uploads\/2025\/12\/cetaphil-cetaphil-nettoyant-cremeux-revelateur-de-luminosite-100g-nettoyants-visage.jpg\",\"datePublished\":\"2025-12-12T17:04:46+00:00\",\"dateModified\":\"2025-12-12T17:04:50+00:00\",\"breadcrumb\":{\"@id\":\"https:\/\/paracherkaoui.ma\/index.php\/produit\/cetaphil-nettoyant-cremeux-revelateur-de-luminosite-100g-3\/#breadcrumb\"},\"inLanguage\":\"fr-FR\",\"potentialAction\":[{\"@type\":\"ReadAction\",\"target\":[\"https:\/\/paracherkaoui.ma\/index.php\/produit\/cetaphil-nettoyant-cremeux-revelateur-de-luminosite-100g-3\/\"]}]},{\"@type\":\"ImageObject\",\"inLanguage\":\"fr-FR\",\"@id\":\"https:\/\/paracherkaoui.ma\/index.php\/produit\/cetaphil-nettoyant-cremeux-revelateur-de-luminosite-100g-3\/#primaryimage\",\"url\":\"https:\/\/paracherkaoui.ma\/wp-content\/uploads\/2025\/12\/cetaphil-cetaphil-nettoyant-cremeux-revelateur-de-luminosite-100g-nettoyants-visage.jpg\",\"contentUrl\":\"https:\/\/paracherkaoui.ma\/wp-content\/uploads\/2025\/12\/cetaphil-cetaphil-nettoyant-cremeux-revelateur-de-luminosite-100g-nettoyants-visage.jpg\",\"width\":700,\"height\":700},{\"@type\":\"BreadcrumbList\",\"@id\":\"https:\/\/paracherkaoui.ma\/index.php\/produit\/cetaphil-nettoyant-cremeux-revelateur-de-luminosite-100g-3\/#breadcrumb\",\"itemListElement\":[{\"@type\":\"ListItem\",\"position\":1,\"name\":\"Accueil\",\"item\":\"https:\/\/paracherkaoui.ma\/\"},{\"@type\":\"ListItem\",\"position\":2,\"name\":\"Boutique\",\"item\":\"https:\/\/paracherkaoui.ma\/index.php\/boutique\/\"},{\"@type\":\"ListItem\",\"position\":3,\"name\":\"CETAPHIL NETTOYANT CREMEUX REVELATEUR DE LUMINOSITE 100G\"}]},{\"@type\":\"WebSite\",\"@id\":\"https:\/\/paracherkaoui.ma\/#website\",\"url\":\"https:\/\/paracherkaoui.ma\/\",\"name\":\"Paracherkaoui.ma\",\"description\":\"Achetez en ligne sur Paracherkaoui.ma\",\"potentialAction\":[{\"@type\":\"SearchAction\",\"target\":{\"@type\":\"EntryPoint\",\"urlTemplate\":\"https:\/\/paracherkaoui.ma\/?s={search_term_string}\"},\"query-input\":{\"@type\":\"PropertyValueSpecification\",\"valueRequired\":true,\"valueName\":\"search_term_string\"}}],\"inLanguage\":\"fr-FR\"}]}<\/script>\r\n<!-- \/ Yoast SEO plugin. -->","yoast_head_json":{"title":"CETAPHIL NETTOYANT CREMEUX REVELATEUR DE LUMINOSITE 100G - Paracherkaoui.ma","robots":{"index":"index","follow":"follow","max-snippet":"max-snippet:-1","max-image-preview":"max-image-preview:large","max-video-preview":"max-video-preview:-1"},"canonical":"https:\/\/paracherkaoui.ma\/index.php\/produit\/cetaphil-nettoyant-cremeux-revelateur-de-luminosite-100g-3\/","og_locale":"fr_FR","og_type":"article","og_title":"CETAPHIL NETTOYANT CREMEUX REVELATEUR DE LUMINOSITE 100G - Paracherkaoui.ma","og_description":"Un nettoyant doux et moussant qui \u00e9limine le teint terne, r\u00e9v\u00e9lant une peau plus lumineuse et radieuse. La texture cr\u00e9meuse","og_url":"https:\/\/paracherkaoui.ma\/index.php\/produit\/cetaphil-nettoyant-cremeux-revelateur-de-luminosite-100g-3\/","og_site_name":"Paracherkaoui.ma","article_modified_time":"2025-12-12T17:04:50+00:00","og_image":[{"width":700,"height":700,"url":"https:\/\/paracherkaoui.ma\/wp-content\/uploads\/2025\/12\/cetaphil-cetaphil-nettoyant-cremeux-revelateur-de-luminosite-100g-nettoyants-visage.jpg","type":"image\/jpeg"}],"twitter_card":"summary_large_image","twitter_misc":{"Dur\u00e9e de lecture estim\u00e9e":"1 minute"},"schema":{"@context":"https:\/\/schema.org","@graph":[{"@type":"WebPage","@id":"https:\/\/paracherkaoui.ma\/index.php\/produit\/cetaphil-nettoyant-cremeux-revelateur-de-luminosite-100g-3\/","url":"https:\/\/paracherkaoui.ma\/index.php\/produit\/cetaphil-nettoyant-cremeux-revelateur-de-luminosite-100g-3\/","name":"CETAPHIL NETTOYANT CREMEUX REVELATEUR DE LUMINOSITE 100G - Paracherkaoui.ma","isPartOf":{"@id":"https:\/\/paracherkaoui.ma\/#website"},"primaryImageOfPage":{"@id":"https:\/\/paracherkaoui.ma\/index.php\/produit\/cetaphil-nettoyant-cremeux-revelateur-de-luminosite-100g-3\/#primaryimage"},"image":{"@id":"https:\/\/paracherkaoui.ma\/index.php\/produit\/cetaphil-nettoyant-cremeux-revelateur-de-luminosite-100g-3\/#primaryimage"},"thumbnailUrl":"https:\/\/paracherkaoui.ma\/wp-content\/uploads\/2025\/12\/cetaphil-cetaphil-nettoyant-cremeux-revelateur-de-luminosite-100g-nettoyants-visage.jpg","datePublished":"2025-12-12T17:04:46+00:00","dateModified":"2025-12-12T17:04:50+00:00","breadcrumb":{"@id":"https:\/\/paracherkaoui.ma\/index.php\/produit\/cetaphil-nettoyant-cremeux-revelateur-de-luminosite-100g-3\/#breadcrumb"},"inLanguage":"fr-FR","potentialAction":[{"@type":"ReadAction","target":["https:\/\/paracherkaoui.ma\/index.php\/produit\/cetaphil-nettoyant-cremeux-revelateur-de-luminosite-100g-3\/"]}]},{"@type":"ImageObject","inLanguage":"fr-FR","@id":"https:\/\/paracherkaoui.ma\/index.php\/produit\/cetaphil-nettoyant-cremeux-revelateur-de-luminosite-100g-3\/#primaryimage","url":"https:\/\/paracherkaoui.ma\/wp-content\/uploads\/2025\/12\/cetaphil-cetaphil-nettoyant-cremeux-revelateur-de-luminosite-100g-nettoyants-visage.jpg","contentUrl":"https:\/\/paracherkaoui.ma\/wp-content\/uploads\/2025\/12\/cetaphil-cetaphil-nettoyant-cremeux-revelateur-de-luminosite-100g-nettoyants-visage.jpg","width":700,"height":700},{"@type":"BreadcrumbList","@id":"https:\/\/paracherkaoui.ma\/index.php\/produit\/cetaphil-nettoyant-cremeux-revelateur-de-luminosite-100g-3\/#breadcrumb","itemListElement":[{"@type":"ListItem","position":1,"name":"Accueil","item":"https:\/\/paracherkaoui.ma\/"},{"@type":"ListItem","position":2,"name":"Boutique","item":"https:\/\/paracherkaoui.ma\/index.php\/boutique\/"},{"@type":"ListItem","position":3,"name":"CETAPHIL NETTOYANT CREMEUX REVELATEUR DE LUMINOSITE 100G"}]},{"@type":"WebSite","@id":"https:\/\/paracherkaoui.ma\/#website","url":"https:\/\/paracherkaoui.ma\/","name":"Paracherkaoui.ma","description":"Achetez en ligne sur Paracherkaoui.ma","potentialAction":[{"@type":"SearchAction","target":{"@type":"EntryPoint","urlTemplate":"https:\/\/paracherkaoui.ma\/?s={search_term_string}"},"query-input":{"@type":"PropertyValueSpecification","valueRequired":true,"valueName":"search_term_string"}}],"inLanguage":"fr-FR"}]}},"_links":{"self":[{"href":"https:\/\/paracherkaoui.ma\/index.php\/wp-json\/wp\/v2\/product\/20384","targetHints":{"allow":["GET"]}}],"collection":[{"href":"https:\/\/paracherkaoui.ma\/index.php\/wp-json\/wp\/v2\/product"}],"about":[{"href":"https:\/\/paracherkaoui.ma\/index.php\/wp-json\/wp\/v2\/types\/product"}],"replies":[{"embeddable":true,"href":"https:\/\/paracherkaoui.ma\/index.php\/wp-json\/wp\/v2\/comments?post=20384"}],"version-history":[{"count":1,"href":"https:\/\/paracherkaoui.ma\/index.php\/wp-json\/wp\/v2\/product\/20384\/revisions"}],"predecessor-version":[{"id":20428,"href":"https:\/\/paracherkaoui.ma\/index.php\/wp-json\/wp\/v2\/product\/20384\/revisions\/20428"}],"wp:featuredmedia":[{"embeddable":true,"href":"https:\/\/paracherkaoui.ma\/index.php\/wp-json\/wp\/v2\/media\/11845"}],"wp:attachment":[{"href":"https:\/\/paracherkaoui.ma\/index.php\/wp-json\/wp\/v2\/media?parent=20384"}],"wp:term":[{"taxonomy":"product_brand","embeddable":true,"href":"https:\/\/paracherkaoui.ma\/index.php\/wp-json\/wp\/v2\/product_brand?post=20384"},{"taxonomy":"product_cat","embeddable":true,"href":"https:\/\/paracherkaoui.ma\/index.php\/wp-json\/wp\/v2\/product_cat?post=20384"},{"taxonomy":"product_tag","embeddable":true,"href":"https:\/\/paracherkaoui.ma\/index.php\/wp-json\/wp\/v2\/product_tag?post=20384"}],"curies":[{"name":"wp","href":"https:\/\/api.w.org\/{rel}","templated":true}]}}