{"id":20381,"date":"2025-12-12T18:04:46","date_gmt":"2025-12-12T17:04:46","guid":{"rendered":"https:\/\/test.ecbeaute.com\/?post_type=product&#038;p=20381"},"modified":"2025-12-12T18:04:50","modified_gmt":"2025-12-12T17:04:50","slug":"dermalift-sebolift-gel-purifiant-500-ml","status":"publish","type":"product","link":"https:\/\/paracherkaoui.ma\/index.php\/produit\/dermalift-sebolift-gel-purifiant-500-ml\/","title":{"rendered":"DERMALIFT SEBOLIFT GEL PURIFIANT 500 ML"},"content":{"rendered":"<p>Le\u00a0 GEL NETTOYANT PURIFIANT a \u00e9t\u00e9 sp\u00e9cialement d\u00e9velopp\u00e9 pour les peaux grasses et sensibles. Sa base lavante sans savon nettoie en douceur sans dess\u00e9cher la peau, purifie, \u00e9limine les impuret\u00e9s et l\u2019exc\u00e8s de s\u00e9bum. La peau est nette et fra\u00eeche.<br \/>\nConseils d&rsquo;utilisation:<br \/>\nAppliquer sur le visage et le cou humides, faire mousser puis rincer. En cas de contact avec les yeux, rincer abondamment.<\/p>\n","protected":false},"excerpt":{"rendered":"<p>Le\u00a0 GEL NETTOYANT PURIFIANT a \u00e9t\u00e9 sp\u00e9cialement d\u00e9velopp\u00e9 pour les peaux grasses et sensibles. Sa base lavante sans savon nettoie<\/p>\n","protected":false},"featured_media":20422,"comment_status":"open","ping_status":"closed","template":"","meta":[],"product_brand":[301],"product_cat":[346],"product_tag":[],"class_list":{"0":"post-20381","1":"product","2":"type-product","3":"status-publish","4":"has-post-thumbnail","6":"product_brand-dermalift","7":"product_cat-demaquillants-et-nettoyants","9":"first","10":"instock","11":"sale","12":"shipping-taxable","13":"purchasable","14":"product-type-simple"},"yoast_head":"<!-- This site is optimized with the Yoast SEO plugin v26.6 - https:\/\/yoast.com\/wordpress\/plugins\/seo\/ -->\r\n<title>DERMALIFT SEBOLIFT GEL PURIFIANT 500 ML - Paracherkaoui.ma<\/title>\r\n<meta name=\"robots\" content=\"index, follow, max-snippet:-1, max-image-preview:large, max-video-preview:-1\" \/>\r\n<link rel=\"canonical\" href=\"https:\/\/paracherkaoui.ma\/index.php\/produit\/dermalift-sebolift-gel-purifiant-500-ml\/\" \/>\r\n<meta property=\"og:locale\" content=\"fr_FR\" \/>\r\n<meta property=\"og:type\" content=\"article\" \/>\r\n<meta property=\"og:title\" content=\"DERMALIFT SEBOLIFT GEL PURIFIANT 500 ML - Paracherkaoui.ma\" \/>\r\n<meta property=\"og:description\" content=\"Le\u00a0 GEL NETTOYANT PURIFIANT a \u00e9t\u00e9 sp\u00e9cialement d\u00e9velopp\u00e9 pour les peaux grasses et sensibles. Sa base lavante sans savon nettoie\" \/>\r\n<meta property=\"og:url\" content=\"https:\/\/paracherkaoui.ma\/index.php\/produit\/dermalift-sebolift-gel-purifiant-500-ml\/\" \/>\r\n<meta property=\"og:site_name\" content=\"Paracherkaoui.ma\" \/>\r\n<meta property=\"article:modified_time\" content=\"2025-12-12T17:04:50+00:00\" \/>\r\n<meta property=\"og:image\" content=\"https:\/\/paracherkaoui.ma\/wp-content\/uploads\/2025\/12\/dermalift-dermalift-sebolift-gel-purifiant-500-ml-nettoyants-visage.jpg\" \/>\r\n\t<meta property=\"og:image:width\" content=\"700\" \/>\r\n\t<meta property=\"og:image:height\" content=\"700\" \/>\r\n\t<meta property=\"og:image:type\" content=\"image\/jpeg\" \/>\r\n<meta name=\"twitter:card\" content=\"summary_large_image\" \/>\r\n<script type=\"application\/ld+json\" class=\"yoast-schema-graph\">{\"@context\":\"https:\/\/schema.org\",\"@graph\":[{\"@type\":\"WebPage\",\"@id\":\"https:\/\/paracherkaoui.ma\/index.php\/produit\/dermalift-sebolift-gel-purifiant-500-ml\/\",\"url\":\"https:\/\/paracherkaoui.ma\/index.php\/produit\/dermalift-sebolift-gel-purifiant-500-ml\/\",\"name\":\"DERMALIFT SEBOLIFT GEL PURIFIANT 500 ML - Paracherkaoui.ma\",\"isPartOf\":{\"@id\":\"https:\/\/paracherkaoui.ma\/#website\"},\"primaryImageOfPage\":{\"@id\":\"https:\/\/paracherkaoui.ma\/index.php\/produit\/dermalift-sebolift-gel-purifiant-500-ml\/#primaryimage\"},\"image\":{\"@id\":\"https:\/\/paracherkaoui.ma\/index.php\/produit\/dermalift-sebolift-gel-purifiant-500-ml\/#primaryimage\"},\"thumbnailUrl\":\"https:\/\/paracherkaoui.ma\/wp-content\/uploads\/2025\/12\/dermalift-dermalift-sebolift-gel-purifiant-500-ml-nettoyants-visage.jpg\",\"datePublished\":\"2025-12-12T17:04:46+00:00\",\"dateModified\":\"2025-12-12T17:04:50+00:00\",\"breadcrumb\":{\"@id\":\"https:\/\/paracherkaoui.ma\/index.php\/produit\/dermalift-sebolift-gel-purifiant-500-ml\/#breadcrumb\"},\"inLanguage\":\"fr-FR\",\"potentialAction\":[{\"@type\":\"ReadAction\",\"target\":[\"https:\/\/paracherkaoui.ma\/index.php\/produit\/dermalift-sebolift-gel-purifiant-500-ml\/\"]}]},{\"@type\":\"ImageObject\",\"inLanguage\":\"fr-FR\",\"@id\":\"https:\/\/paracherkaoui.ma\/index.php\/produit\/dermalift-sebolift-gel-purifiant-500-ml\/#primaryimage\",\"url\":\"https:\/\/paracherkaoui.ma\/wp-content\/uploads\/2025\/12\/dermalift-dermalift-sebolift-gel-purifiant-500-ml-nettoyants-visage.jpg\",\"contentUrl\":\"https:\/\/paracherkaoui.ma\/wp-content\/uploads\/2025\/12\/dermalift-dermalift-sebolift-gel-purifiant-500-ml-nettoyants-visage.jpg\",\"width\":700,\"height\":700},{\"@type\":\"BreadcrumbList\",\"@id\":\"https:\/\/paracherkaoui.ma\/index.php\/produit\/dermalift-sebolift-gel-purifiant-500-ml\/#breadcrumb\",\"itemListElement\":[{\"@type\":\"ListItem\",\"position\":1,\"name\":\"Accueil\",\"item\":\"https:\/\/paracherkaoui.ma\/\"},{\"@type\":\"ListItem\",\"position\":2,\"name\":\"Boutique\",\"item\":\"https:\/\/paracherkaoui.ma\/index.php\/boutique\/\"},{\"@type\":\"ListItem\",\"position\":3,\"name\":\"DERMALIFT SEBOLIFT GEL PURIFIANT 500 ML\"}]},{\"@type\":\"WebSite\",\"@id\":\"https:\/\/paracherkaoui.ma\/#website\",\"url\":\"https:\/\/paracherkaoui.ma\/\",\"name\":\"Paracherkaoui.ma\",\"description\":\"Achetez en ligne sur Paracherkaoui.ma\",\"potentialAction\":[{\"@type\":\"SearchAction\",\"target\":{\"@type\":\"EntryPoint\",\"urlTemplate\":\"https:\/\/paracherkaoui.ma\/?s={search_term_string}\"},\"query-input\":{\"@type\":\"PropertyValueSpecification\",\"valueRequired\":true,\"valueName\":\"search_term_string\"}}],\"inLanguage\":\"fr-FR\"}]}<\/script>\r\n<!-- \/ Yoast SEO plugin. -->","yoast_head_json":{"title":"DERMALIFT SEBOLIFT GEL PURIFIANT 500 ML - Paracherkaoui.ma","robots":{"index":"index","follow":"follow","max-snippet":"max-snippet:-1","max-image-preview":"max-image-preview:large","max-video-preview":"max-video-preview:-1"},"canonical":"https:\/\/paracherkaoui.ma\/index.php\/produit\/dermalift-sebolift-gel-purifiant-500-ml\/","og_locale":"fr_FR","og_type":"article","og_title":"DERMALIFT SEBOLIFT GEL PURIFIANT 500 ML - Paracherkaoui.ma","og_description":"Le\u00a0 GEL NETTOYANT PURIFIANT a \u00e9t\u00e9 sp\u00e9cialement d\u00e9velopp\u00e9 pour les peaux grasses et sensibles. Sa base lavante sans savon nettoie","og_url":"https:\/\/paracherkaoui.ma\/index.php\/produit\/dermalift-sebolift-gel-purifiant-500-ml\/","og_site_name":"Paracherkaoui.ma","article_modified_time":"2025-12-12T17:04:50+00:00","og_image":[{"width":700,"height":700,"url":"https:\/\/paracherkaoui.ma\/wp-content\/uploads\/2025\/12\/dermalift-dermalift-sebolift-gel-purifiant-500-ml-nettoyants-visage.jpg","type":"image\/jpeg"}],"twitter_card":"summary_large_image","schema":{"@context":"https:\/\/schema.org","@graph":[{"@type":"WebPage","@id":"https:\/\/paracherkaoui.ma\/index.php\/produit\/dermalift-sebolift-gel-purifiant-500-ml\/","url":"https:\/\/paracherkaoui.ma\/index.php\/produit\/dermalift-sebolift-gel-purifiant-500-ml\/","name":"DERMALIFT SEBOLIFT GEL PURIFIANT 500 ML - Paracherkaoui.ma","isPartOf":{"@id":"https:\/\/paracherkaoui.ma\/#website"},"primaryImageOfPage":{"@id":"https:\/\/paracherkaoui.ma\/index.php\/produit\/dermalift-sebolift-gel-purifiant-500-ml\/#primaryimage"},"image":{"@id":"https:\/\/paracherkaoui.ma\/index.php\/produit\/dermalift-sebolift-gel-purifiant-500-ml\/#primaryimage"},"thumbnailUrl":"https:\/\/paracherkaoui.ma\/wp-content\/uploads\/2025\/12\/dermalift-dermalift-sebolift-gel-purifiant-500-ml-nettoyants-visage.jpg","datePublished":"2025-12-12T17:04:46+00:00","dateModified":"2025-12-12T17:04:50+00:00","breadcrumb":{"@id":"https:\/\/paracherkaoui.ma\/index.php\/produit\/dermalift-sebolift-gel-purifiant-500-ml\/#breadcrumb"},"inLanguage":"fr-FR","potentialAction":[{"@type":"ReadAction","target":["https:\/\/paracherkaoui.ma\/index.php\/produit\/dermalift-sebolift-gel-purifiant-500-ml\/"]}]},{"@type":"ImageObject","inLanguage":"fr-FR","@id":"https:\/\/paracherkaoui.ma\/index.php\/produit\/dermalift-sebolift-gel-purifiant-500-ml\/#primaryimage","url":"https:\/\/paracherkaoui.ma\/wp-content\/uploads\/2025\/12\/dermalift-dermalift-sebolift-gel-purifiant-500-ml-nettoyants-visage.jpg","contentUrl":"https:\/\/paracherkaoui.ma\/wp-content\/uploads\/2025\/12\/dermalift-dermalift-sebolift-gel-purifiant-500-ml-nettoyants-visage.jpg","width":700,"height":700},{"@type":"BreadcrumbList","@id":"https:\/\/paracherkaoui.ma\/index.php\/produit\/dermalift-sebolift-gel-purifiant-500-ml\/#breadcrumb","itemListElement":[{"@type":"ListItem","position":1,"name":"Accueil","item":"https:\/\/paracherkaoui.ma\/"},{"@type":"ListItem","position":2,"name":"Boutique","item":"https:\/\/paracherkaoui.ma\/index.php\/boutique\/"},{"@type":"ListItem","position":3,"name":"DERMALIFT SEBOLIFT GEL PURIFIANT 500 ML"}]},{"@type":"WebSite","@id":"https:\/\/paracherkaoui.ma\/#website","url":"https:\/\/paracherkaoui.ma\/","name":"Paracherkaoui.ma","description":"Achetez en ligne sur Paracherkaoui.ma","potentialAction":[{"@type":"SearchAction","target":{"@type":"EntryPoint","urlTemplate":"https:\/\/paracherkaoui.ma\/?s={search_term_string}"},"query-input":{"@type":"PropertyValueSpecification","valueRequired":true,"valueName":"search_term_string"}}],"inLanguage":"fr-FR"}]}},"_links":{"self":[{"href":"https:\/\/paracherkaoui.ma\/index.php\/wp-json\/wp\/v2\/product\/20381","targetHints":{"allow":["GET"]}}],"collection":[{"href":"https:\/\/paracherkaoui.ma\/index.php\/wp-json\/wp\/v2\/product"}],"about":[{"href":"https:\/\/paracherkaoui.ma\/index.php\/wp-json\/wp\/v2\/types\/product"}],"replies":[{"embeddable":true,"href":"https:\/\/paracherkaoui.ma\/index.php\/wp-json\/wp\/v2\/comments?post=20381"}],"version-history":[{"count":1,"href":"https:\/\/paracherkaoui.ma\/index.php\/wp-json\/wp\/v2\/product\/20381\/revisions"}],"predecessor-version":[{"id":20423,"href":"https:\/\/paracherkaoui.ma\/index.php\/wp-json\/wp\/v2\/product\/20381\/revisions\/20423"}],"wp:featuredmedia":[{"embeddable":true,"href":"https:\/\/paracherkaoui.ma\/index.php\/wp-json\/wp\/v2\/media\/20422"}],"wp:attachment":[{"href":"https:\/\/paracherkaoui.ma\/index.php\/wp-json\/wp\/v2\/media?parent=20381"}],"wp:term":[{"taxonomy":"product_brand","embeddable":true,"href":"https:\/\/paracherkaoui.ma\/index.php\/wp-json\/wp\/v2\/product_brand?post=20381"},{"taxonomy":"product_cat","embeddable":true,"href":"https:\/\/paracherkaoui.ma\/index.php\/wp-json\/wp\/v2\/product_cat?post=20381"},{"taxonomy":"product_tag","embeddable":true,"href":"https:\/\/paracherkaoui.ma\/index.php\/wp-json\/wp\/v2\/product_tag?post=20381"}],"curies":[{"name":"wp","href":"https:\/\/api.w.org\/{rel}","templated":true}]}}