{"id":20375,"date":"2025-12-12T18:04:45","date_gmt":"2025-12-12T17:04:45","guid":{"rendered":"https:\/\/test.ecbeaute.com\/?post_type=product&#038;p=20375"},"modified":"2025-12-12T18:04:49","modified_gmt":"2025-12-12T17:04:49","slug":"floxia-gel-nettoyant-douceur-200-ml","status":"publish","type":"product","link":"https:\/\/paracherkaoui.ma\/index.php\/produit\/floxia-gel-nettoyant-douceur-200-ml\/","title":{"rendered":"FLOXIA GEL NETTOYANT DOUCEUR 200 ML"},"content":{"rendered":"<p>e Gel Nettoyant Doux est un v\u00e9ritable baume apaisant et r\u00e9parateur pour les\u00a0peaux sensibles. Enrichi \u00e0 l\u2019aloe vera, ce\u00a0gel nettoyant\u00a0\u00e9limine les impuret\u00e9s et calme les inconforts cutan\u00e9s. Att\u00e9nuez vos rougeurs, soulagez les tiraillements et redonnez de l\u2019\u00e9clat \u00e0 votre visage gr\u00e2ce au Gel Douceur pour peaux agress\u00e9es.<br \/>\nLe Gel Douceur\u00a0:\u00a0nettoie en douceur, sans agresser l\u2019\u00e9piderme d\u00e9sincruste les pores apaise les irritations et les d\u00e9mangeaisons att\u00e9nue les rougeurs adoucit la peau du visage, du corps et des mains hydrate en profondeur<br \/>\nLe gel nettoyant doux r\u00e9pare les tissus cutan\u00e9s l\u00e9s\u00e9s et fragilis\u00e9s par les agressions ext\u00e9rieures. Froid, soleil, pollution\u2026 Le gel rafra\u00eechissant prend soin des peaux sensibles et ab\u00eem\u00e9es. Son pouvoir hydratant maintient l\u2019\u00e9lasticit\u00e9 de l\u2019\u00e9piderme et illumine le teint. Gr\u00e2ce \u00e0 l\u2019Aloe Vera, un actif v\u00e9g\u00e9tal incroyable pour le soin de la peau, le Gel Douceur\u00a0att\u00e9nue les imperfections\u00a0(rougeurs, boutons, pores dilat\u00e9s, cicatrices, etc.) et am\u00e9liore la r\u00e9g\u00e9n\u00e9ration cellulaire. Les peaux sensibles et fragiles ont besoin de douceur. Octroyez-vous un moment de d\u00e9tente avec le\u00a0soin nettoyant Gel Douceur. Lavez votre peau r\u00e9active sans la d\u00e9s\u00e9quilibrer.<br \/>\nConseils d&rsquo;utilisation:<br \/>\nAppliquez une petite quantit\u00e9 du gel nettoyant doux sur vos doigts. Sur une peau humide, effectuez des mouvements circulaires. Accordez-vous un massage bien m\u00e9rit\u00e9 pour d\u00e9sincruster et \u00e9liminer toutes les impuret\u00e9s qui bouchent les pores. Ce\u00a0gel nettoyant moussant\u00a0apaise imm\u00e9diatement la peau. Rincez \u00e0 l\u2019eau claire. Ce soin cutan\u00e9 peut \u00e9galement s\u2019utiliser comme gel lavant apr\u00e8s-soleil afin de calmer et de traiter les br\u00fblures des coups de soleil. Utilisez ce gel nettoyant doux matin et soir.<\/p>\n","protected":false},"excerpt":{"rendered":"<p>e Gel Nettoyant Doux est un v\u00e9ritable baume apaisant et r\u00e9parateur pour les\u00a0peaux sensibles. Enrichi \u00e0 l\u2019aloe vera, ce\u00a0gel nettoyant\u00a0\u00e9limine<\/p>\n","protected":false},"featured_media":20411,"comment_status":"open","ping_status":"closed","template":"","meta":[],"product_brand":[300],"product_cat":[346],"product_tag":[],"class_list":{"0":"post-20375","1":"product","2":"type-product","3":"status-publish","4":"has-post-thumbnail","6":"product_brand-floxia","7":"product_cat-demaquillants-et-nettoyants","9":"first","10":"instock","11":"sale","12":"shipping-taxable","13":"purchasable","14":"product-type-simple"},"yoast_head":"<!-- This site is optimized with the Yoast SEO plugin v26.6 - https:\/\/yoast.com\/wordpress\/plugins\/seo\/ -->\r\n<title>FLOXIA GEL NETTOYANT DOUCEUR 200 ML - Paracherkaoui.ma<\/title>\r\n<meta name=\"robots\" content=\"index, follow, max-snippet:-1, max-image-preview:large, max-video-preview:-1\" \/>\r\n<link rel=\"canonical\" href=\"https:\/\/paracherkaoui.ma\/index.php\/produit\/floxia-gel-nettoyant-douceur-200-ml\/\" \/>\r\n<meta property=\"og:locale\" content=\"fr_FR\" \/>\r\n<meta property=\"og:type\" content=\"article\" \/>\r\n<meta property=\"og:title\" content=\"FLOXIA GEL NETTOYANT DOUCEUR 200 ML - Paracherkaoui.ma\" \/>\r\n<meta property=\"og:description\" content=\"e Gel Nettoyant Doux est un v\u00e9ritable baume apaisant et r\u00e9parateur pour les\u00a0peaux sensibles. Enrichi \u00e0 l\u2019aloe vera, ce\u00a0gel nettoyant\u00a0\u00e9limine\" \/>\r\n<meta property=\"og:url\" content=\"https:\/\/paracherkaoui.ma\/index.php\/produit\/floxia-gel-nettoyant-douceur-200-ml\/\" \/>\r\n<meta property=\"og:site_name\" content=\"Paracherkaoui.ma\" \/>\r\n<meta property=\"article:modified_time\" content=\"2025-12-12T17:04:49+00:00\" \/>\r\n<meta property=\"og:image\" content=\"https:\/\/paracherkaoui.ma\/wp-content\/uploads\/2025\/12\/floxia-floxia-gel-nettoyant-douceur-200-ml-nettoyants-visage.jpg\" \/>\r\n\t<meta property=\"og:image:width\" content=\"700\" \/>\r\n\t<meta property=\"og:image:height\" content=\"700\" \/>\r\n\t<meta property=\"og:image:type\" content=\"image\/jpeg\" \/>\r\n<meta name=\"twitter:card\" content=\"summary_large_image\" \/>\r\n<meta name=\"twitter:label1\" content=\"Dur\u00e9e de lecture estim\u00e9e\" \/>\n\t<meta name=\"twitter:data1\" content=\"2 minutes\" \/>\r\n<script type=\"application\/ld+json\" class=\"yoast-schema-graph\">{\"@context\":\"https:\/\/schema.org\",\"@graph\":[{\"@type\":\"WebPage\",\"@id\":\"https:\/\/paracherkaoui.ma\/index.php\/produit\/floxia-gel-nettoyant-douceur-200-ml\/\",\"url\":\"https:\/\/paracherkaoui.ma\/index.php\/produit\/floxia-gel-nettoyant-douceur-200-ml\/\",\"name\":\"FLOXIA GEL NETTOYANT DOUCEUR 200 ML - Paracherkaoui.ma\",\"isPartOf\":{\"@id\":\"https:\/\/paracherkaoui.ma\/#website\"},\"primaryImageOfPage\":{\"@id\":\"https:\/\/paracherkaoui.ma\/index.php\/produit\/floxia-gel-nettoyant-douceur-200-ml\/#primaryimage\"},\"image\":{\"@id\":\"https:\/\/paracherkaoui.ma\/index.php\/produit\/floxia-gel-nettoyant-douceur-200-ml\/#primaryimage\"},\"thumbnailUrl\":\"https:\/\/paracherkaoui.ma\/wp-content\/uploads\/2025\/12\/floxia-floxia-gel-nettoyant-douceur-200-ml-nettoyants-visage.jpg\",\"datePublished\":\"2025-12-12T17:04:45+00:00\",\"dateModified\":\"2025-12-12T17:04:49+00:00\",\"breadcrumb\":{\"@id\":\"https:\/\/paracherkaoui.ma\/index.php\/produit\/floxia-gel-nettoyant-douceur-200-ml\/#breadcrumb\"},\"inLanguage\":\"fr-FR\",\"potentialAction\":[{\"@type\":\"ReadAction\",\"target\":[\"https:\/\/paracherkaoui.ma\/index.php\/produit\/floxia-gel-nettoyant-douceur-200-ml\/\"]}]},{\"@type\":\"ImageObject\",\"inLanguage\":\"fr-FR\",\"@id\":\"https:\/\/paracherkaoui.ma\/index.php\/produit\/floxia-gel-nettoyant-douceur-200-ml\/#primaryimage\",\"url\":\"https:\/\/paracherkaoui.ma\/wp-content\/uploads\/2025\/12\/floxia-floxia-gel-nettoyant-douceur-200-ml-nettoyants-visage.jpg\",\"contentUrl\":\"https:\/\/paracherkaoui.ma\/wp-content\/uploads\/2025\/12\/floxia-floxia-gel-nettoyant-douceur-200-ml-nettoyants-visage.jpg\",\"width\":700,\"height\":700},{\"@type\":\"BreadcrumbList\",\"@id\":\"https:\/\/paracherkaoui.ma\/index.php\/produit\/floxia-gel-nettoyant-douceur-200-ml\/#breadcrumb\",\"itemListElement\":[{\"@type\":\"ListItem\",\"position\":1,\"name\":\"Accueil\",\"item\":\"https:\/\/paracherkaoui.ma\/\"},{\"@type\":\"ListItem\",\"position\":2,\"name\":\"Boutique\",\"item\":\"https:\/\/paracherkaoui.ma\/index.php\/boutique\/\"},{\"@type\":\"ListItem\",\"position\":3,\"name\":\"FLOXIA GEL NETTOYANT DOUCEUR 200 ML\"}]},{\"@type\":\"WebSite\",\"@id\":\"https:\/\/paracherkaoui.ma\/#website\",\"url\":\"https:\/\/paracherkaoui.ma\/\",\"name\":\"Paracherkaoui.ma\",\"description\":\"Achetez en ligne sur Paracherkaoui.ma\",\"potentialAction\":[{\"@type\":\"SearchAction\",\"target\":{\"@type\":\"EntryPoint\",\"urlTemplate\":\"https:\/\/paracherkaoui.ma\/?s={search_term_string}\"},\"query-input\":{\"@type\":\"PropertyValueSpecification\",\"valueRequired\":true,\"valueName\":\"search_term_string\"}}],\"inLanguage\":\"fr-FR\"}]}<\/script>\r\n<!-- \/ Yoast SEO plugin. -->","yoast_head_json":{"title":"FLOXIA GEL NETTOYANT DOUCEUR 200 ML - Paracherkaoui.ma","robots":{"index":"index","follow":"follow","max-snippet":"max-snippet:-1","max-image-preview":"max-image-preview:large","max-video-preview":"max-video-preview:-1"},"canonical":"https:\/\/paracherkaoui.ma\/index.php\/produit\/floxia-gel-nettoyant-douceur-200-ml\/","og_locale":"fr_FR","og_type":"article","og_title":"FLOXIA GEL NETTOYANT DOUCEUR 200 ML - Paracherkaoui.ma","og_description":"e Gel Nettoyant Doux est un v\u00e9ritable baume apaisant et r\u00e9parateur pour les\u00a0peaux sensibles. Enrichi \u00e0 l\u2019aloe vera, ce\u00a0gel nettoyant\u00a0\u00e9limine","og_url":"https:\/\/paracherkaoui.ma\/index.php\/produit\/floxia-gel-nettoyant-douceur-200-ml\/","og_site_name":"Paracherkaoui.ma","article_modified_time":"2025-12-12T17:04:49+00:00","og_image":[{"width":700,"height":700,"url":"https:\/\/paracherkaoui.ma\/wp-content\/uploads\/2025\/12\/floxia-floxia-gel-nettoyant-douceur-200-ml-nettoyants-visage.jpg","type":"image\/jpeg"}],"twitter_card":"summary_large_image","twitter_misc":{"Dur\u00e9e de lecture estim\u00e9e":"2 minutes"},"schema":{"@context":"https:\/\/schema.org","@graph":[{"@type":"WebPage","@id":"https:\/\/paracherkaoui.ma\/index.php\/produit\/floxia-gel-nettoyant-douceur-200-ml\/","url":"https:\/\/paracherkaoui.ma\/index.php\/produit\/floxia-gel-nettoyant-douceur-200-ml\/","name":"FLOXIA GEL NETTOYANT DOUCEUR 200 ML - Paracherkaoui.ma","isPartOf":{"@id":"https:\/\/paracherkaoui.ma\/#website"},"primaryImageOfPage":{"@id":"https:\/\/paracherkaoui.ma\/index.php\/produit\/floxia-gel-nettoyant-douceur-200-ml\/#primaryimage"},"image":{"@id":"https:\/\/paracherkaoui.ma\/index.php\/produit\/floxia-gel-nettoyant-douceur-200-ml\/#primaryimage"},"thumbnailUrl":"https:\/\/paracherkaoui.ma\/wp-content\/uploads\/2025\/12\/floxia-floxia-gel-nettoyant-douceur-200-ml-nettoyants-visage.jpg","datePublished":"2025-12-12T17:04:45+00:00","dateModified":"2025-12-12T17:04:49+00:00","breadcrumb":{"@id":"https:\/\/paracherkaoui.ma\/index.php\/produit\/floxia-gel-nettoyant-douceur-200-ml\/#breadcrumb"},"inLanguage":"fr-FR","potentialAction":[{"@type":"ReadAction","target":["https:\/\/paracherkaoui.ma\/index.php\/produit\/floxia-gel-nettoyant-douceur-200-ml\/"]}]},{"@type":"ImageObject","inLanguage":"fr-FR","@id":"https:\/\/paracherkaoui.ma\/index.php\/produit\/floxia-gel-nettoyant-douceur-200-ml\/#primaryimage","url":"https:\/\/paracherkaoui.ma\/wp-content\/uploads\/2025\/12\/floxia-floxia-gel-nettoyant-douceur-200-ml-nettoyants-visage.jpg","contentUrl":"https:\/\/paracherkaoui.ma\/wp-content\/uploads\/2025\/12\/floxia-floxia-gel-nettoyant-douceur-200-ml-nettoyants-visage.jpg","width":700,"height":700},{"@type":"BreadcrumbList","@id":"https:\/\/paracherkaoui.ma\/index.php\/produit\/floxia-gel-nettoyant-douceur-200-ml\/#breadcrumb","itemListElement":[{"@type":"ListItem","position":1,"name":"Accueil","item":"https:\/\/paracherkaoui.ma\/"},{"@type":"ListItem","position":2,"name":"Boutique","item":"https:\/\/paracherkaoui.ma\/index.php\/boutique\/"},{"@type":"ListItem","position":3,"name":"FLOXIA GEL NETTOYANT DOUCEUR 200 ML"}]},{"@type":"WebSite","@id":"https:\/\/paracherkaoui.ma\/#website","url":"https:\/\/paracherkaoui.ma\/","name":"Paracherkaoui.ma","description":"Achetez en ligne sur Paracherkaoui.ma","potentialAction":[{"@type":"SearchAction","target":{"@type":"EntryPoint","urlTemplate":"https:\/\/paracherkaoui.ma\/?s={search_term_string}"},"query-input":{"@type":"PropertyValueSpecification","valueRequired":true,"valueName":"search_term_string"}}],"inLanguage":"fr-FR"}]}},"_links":{"self":[{"href":"https:\/\/paracherkaoui.ma\/index.php\/wp-json\/wp\/v2\/product\/20375","targetHints":{"allow":["GET"]}}],"collection":[{"href":"https:\/\/paracherkaoui.ma\/index.php\/wp-json\/wp\/v2\/product"}],"about":[{"href":"https:\/\/paracherkaoui.ma\/index.php\/wp-json\/wp\/v2\/types\/product"}],"replies":[{"embeddable":true,"href":"https:\/\/paracherkaoui.ma\/index.php\/wp-json\/wp\/v2\/comments?post=20375"}],"version-history":[{"count":1,"href":"https:\/\/paracherkaoui.ma\/index.php\/wp-json\/wp\/v2\/product\/20375\/revisions"}],"predecessor-version":[{"id":20412,"href":"https:\/\/paracherkaoui.ma\/index.php\/wp-json\/wp\/v2\/product\/20375\/revisions\/20412"}],"wp:featuredmedia":[{"embeddable":true,"href":"https:\/\/paracherkaoui.ma\/index.php\/wp-json\/wp\/v2\/media\/20411"}],"wp:attachment":[{"href":"https:\/\/paracherkaoui.ma\/index.php\/wp-json\/wp\/v2\/media?parent=20375"}],"wp:term":[{"taxonomy":"product_brand","embeddable":true,"href":"https:\/\/paracherkaoui.ma\/index.php\/wp-json\/wp\/v2\/product_brand?post=20375"},{"taxonomy":"product_cat","embeddable":true,"href":"https:\/\/paracherkaoui.ma\/index.php\/wp-json\/wp\/v2\/product_cat?post=20375"},{"taxonomy":"product_tag","embeddable":true,"href":"https:\/\/paracherkaoui.ma\/index.php\/wp-json\/wp\/v2\/product_tag?post=20375"}],"curies":[{"name":"wp","href":"https:\/\/api.w.org\/{rel}","templated":true}]}}