{"id":20371,"date":"2025-12-12T18:04:45","date_gmt":"2025-12-12T17:04:45","guid":{"rendered":"https:\/\/test.ecbeaute.com\/?post_type=product&#038;p=20371"},"modified":"2025-12-12T18:04:48","modified_gmt":"2025-12-12T17:04:48","slug":"caudalie-vinoclean-mousse-nettoyante-50-ml","status":"publish","type":"product","link":"https:\/\/paracherkaoui.ma\/index.php\/produit\/caudalie-vinoclean-mousse-nettoyante-50-ml\/","title":{"rendered":"CAUDALIE VINOCLEAN MOUSSE NETTOYANTE 50 ML"},"content":{"rendered":"<p>Compos\u00e9e \u00e0 97% d&rsquo;ingr\u00e9dients d&rsquo;origine naturelle, cette lotion cristalline se transforme en une mousse g\u00e9n\u00e9reuse et a\u00e9rienne pour offrir \u00e0 la peau un cocon de douceur.Son parfum fleur de vigne m\u00eale des notes fleuries de rose, bois blanc, past\u00e8que, feuilles de violette et poivre rose.<br \/>\nConseils d&rsquo;utilisation:<br \/>\nAppliquer sur peau humide, les yeux ferm\u00e9s et masser en mouvements circulaires l\u2019ensemble du visage sans oublier le cou. Rincer abondamment \u00e0 l&rsquo;eau.<\/p>\n","protected":false},"excerpt":{"rendered":"<p>Compos\u00e9e \u00e0 97% d&rsquo;ingr\u00e9dients d&rsquo;origine naturelle, cette lotion cristalline se transforme en une mousse g\u00e9n\u00e9reuse et a\u00e9rienne pour offrir \u00e0<\/p>\n","protected":false},"featured_media":20404,"comment_status":"open","ping_status":"closed","template":"","meta":[],"product_brand":[358],"product_cat":[346],"product_tag":[],"class_list":{"0":"post-20371","1":"product","2":"type-product","3":"status-publish","4":"has-post-thumbnail","6":"product_brand-caudalie","7":"product_cat-demaquillants-et-nettoyants","9":"first","10":"instock","11":"shipping-taxable","12":"purchasable","13":"product-type-simple"},"yoast_head":"<!-- This site is optimized with the Yoast SEO plugin v26.6 - https:\/\/yoast.com\/wordpress\/plugins\/seo\/ -->\r\n<title>CAUDALIE VINOCLEAN MOUSSE NETTOYANTE 50 ML - Paracherkaoui.ma<\/title>\r\n<meta name=\"robots\" content=\"index, follow, max-snippet:-1, max-image-preview:large, max-video-preview:-1\" \/>\r\n<link rel=\"canonical\" href=\"https:\/\/paracherkaoui.ma\/index.php\/produit\/caudalie-vinoclean-mousse-nettoyante-50-ml\/\" \/>\r\n<meta property=\"og:locale\" content=\"fr_FR\" \/>\r\n<meta property=\"og:type\" content=\"article\" \/>\r\n<meta property=\"og:title\" content=\"CAUDALIE VINOCLEAN MOUSSE NETTOYANTE 50 ML - Paracherkaoui.ma\" \/>\r\n<meta property=\"og:description\" content=\"Compos\u00e9e \u00e0 97% d&rsquo;ingr\u00e9dients d&rsquo;origine naturelle, cette lotion cristalline se transforme en une mousse g\u00e9n\u00e9reuse et a\u00e9rienne pour offrir \u00e0\" \/>\r\n<meta property=\"og:url\" content=\"https:\/\/paracherkaoui.ma\/index.php\/produit\/caudalie-vinoclean-mousse-nettoyante-50-ml\/\" \/>\r\n<meta property=\"og:site_name\" content=\"Paracherkaoui.ma\" \/>\r\n<meta property=\"article:modified_time\" content=\"2025-12-12T17:04:48+00:00\" \/>\r\n<meta property=\"og:image\" content=\"https:\/\/paracherkaoui.ma\/wp-content\/uploads\/2025\/12\/caudalie-caudalie-vinoclean-mousse-nettoyante-50-ml-nettoyants-visage.jpg\" \/>\r\n\t<meta property=\"og:image:width\" content=\"700\" \/>\r\n\t<meta property=\"og:image:height\" content=\"700\" \/>\r\n\t<meta property=\"og:image:type\" content=\"image\/jpeg\" \/>\r\n<meta name=\"twitter:card\" content=\"summary_large_image\" \/>\r\n<script type=\"application\/ld+json\" class=\"yoast-schema-graph\">{\"@context\":\"https:\/\/schema.org\",\"@graph\":[{\"@type\":\"WebPage\",\"@id\":\"https:\/\/paracherkaoui.ma\/index.php\/produit\/caudalie-vinoclean-mousse-nettoyante-50-ml\/\",\"url\":\"https:\/\/paracherkaoui.ma\/index.php\/produit\/caudalie-vinoclean-mousse-nettoyante-50-ml\/\",\"name\":\"CAUDALIE VINOCLEAN MOUSSE NETTOYANTE 50 ML - Paracherkaoui.ma\",\"isPartOf\":{\"@id\":\"https:\/\/paracherkaoui.ma\/#website\"},\"primaryImageOfPage\":{\"@id\":\"https:\/\/paracherkaoui.ma\/index.php\/produit\/caudalie-vinoclean-mousse-nettoyante-50-ml\/#primaryimage\"},\"image\":{\"@id\":\"https:\/\/paracherkaoui.ma\/index.php\/produit\/caudalie-vinoclean-mousse-nettoyante-50-ml\/#primaryimage\"},\"thumbnailUrl\":\"https:\/\/paracherkaoui.ma\/wp-content\/uploads\/2025\/12\/caudalie-caudalie-vinoclean-mousse-nettoyante-50-ml-nettoyants-visage.jpg\",\"datePublished\":\"2025-12-12T17:04:45+00:00\",\"dateModified\":\"2025-12-12T17:04:48+00:00\",\"breadcrumb\":{\"@id\":\"https:\/\/paracherkaoui.ma\/index.php\/produit\/caudalie-vinoclean-mousse-nettoyante-50-ml\/#breadcrumb\"},\"inLanguage\":\"fr-FR\",\"potentialAction\":[{\"@type\":\"ReadAction\",\"target\":[\"https:\/\/paracherkaoui.ma\/index.php\/produit\/caudalie-vinoclean-mousse-nettoyante-50-ml\/\"]}]},{\"@type\":\"ImageObject\",\"inLanguage\":\"fr-FR\",\"@id\":\"https:\/\/paracherkaoui.ma\/index.php\/produit\/caudalie-vinoclean-mousse-nettoyante-50-ml\/#primaryimage\",\"url\":\"https:\/\/paracherkaoui.ma\/wp-content\/uploads\/2025\/12\/caudalie-caudalie-vinoclean-mousse-nettoyante-50-ml-nettoyants-visage.jpg\",\"contentUrl\":\"https:\/\/paracherkaoui.ma\/wp-content\/uploads\/2025\/12\/caudalie-caudalie-vinoclean-mousse-nettoyante-50-ml-nettoyants-visage.jpg\",\"width\":700,\"height\":700},{\"@type\":\"BreadcrumbList\",\"@id\":\"https:\/\/paracherkaoui.ma\/index.php\/produit\/caudalie-vinoclean-mousse-nettoyante-50-ml\/#breadcrumb\",\"itemListElement\":[{\"@type\":\"ListItem\",\"position\":1,\"name\":\"Accueil\",\"item\":\"https:\/\/paracherkaoui.ma\/\"},{\"@type\":\"ListItem\",\"position\":2,\"name\":\"Boutique\",\"item\":\"https:\/\/paracherkaoui.ma\/index.php\/boutique\/\"},{\"@type\":\"ListItem\",\"position\":3,\"name\":\"CAUDALIE VINOCLEAN MOUSSE NETTOYANTE 50 ML\"}]},{\"@type\":\"WebSite\",\"@id\":\"https:\/\/paracherkaoui.ma\/#website\",\"url\":\"https:\/\/paracherkaoui.ma\/\",\"name\":\"Paracherkaoui.ma\",\"description\":\"Achetez en ligne sur Paracherkaoui.ma\",\"potentialAction\":[{\"@type\":\"SearchAction\",\"target\":{\"@type\":\"EntryPoint\",\"urlTemplate\":\"https:\/\/paracherkaoui.ma\/?s={search_term_string}\"},\"query-input\":{\"@type\":\"PropertyValueSpecification\",\"valueRequired\":true,\"valueName\":\"search_term_string\"}}],\"inLanguage\":\"fr-FR\"}]}<\/script>\r\n<!-- \/ Yoast SEO plugin. -->","yoast_head_json":{"title":"CAUDALIE VINOCLEAN MOUSSE NETTOYANTE 50 ML - Paracherkaoui.ma","robots":{"index":"index","follow":"follow","max-snippet":"max-snippet:-1","max-image-preview":"max-image-preview:large","max-video-preview":"max-video-preview:-1"},"canonical":"https:\/\/paracherkaoui.ma\/index.php\/produit\/caudalie-vinoclean-mousse-nettoyante-50-ml\/","og_locale":"fr_FR","og_type":"article","og_title":"CAUDALIE VINOCLEAN MOUSSE NETTOYANTE 50 ML - Paracherkaoui.ma","og_description":"Compos\u00e9e \u00e0 97% d&rsquo;ingr\u00e9dients d&rsquo;origine naturelle, cette lotion cristalline se transforme en une mousse g\u00e9n\u00e9reuse et a\u00e9rienne pour offrir \u00e0","og_url":"https:\/\/paracherkaoui.ma\/index.php\/produit\/caudalie-vinoclean-mousse-nettoyante-50-ml\/","og_site_name":"Paracherkaoui.ma","article_modified_time":"2025-12-12T17:04:48+00:00","og_image":[{"width":700,"height":700,"url":"https:\/\/paracherkaoui.ma\/wp-content\/uploads\/2025\/12\/caudalie-caudalie-vinoclean-mousse-nettoyante-50-ml-nettoyants-visage.jpg","type":"image\/jpeg"}],"twitter_card":"summary_large_image","schema":{"@context":"https:\/\/schema.org","@graph":[{"@type":"WebPage","@id":"https:\/\/paracherkaoui.ma\/index.php\/produit\/caudalie-vinoclean-mousse-nettoyante-50-ml\/","url":"https:\/\/paracherkaoui.ma\/index.php\/produit\/caudalie-vinoclean-mousse-nettoyante-50-ml\/","name":"CAUDALIE VINOCLEAN MOUSSE NETTOYANTE 50 ML - Paracherkaoui.ma","isPartOf":{"@id":"https:\/\/paracherkaoui.ma\/#website"},"primaryImageOfPage":{"@id":"https:\/\/paracherkaoui.ma\/index.php\/produit\/caudalie-vinoclean-mousse-nettoyante-50-ml\/#primaryimage"},"image":{"@id":"https:\/\/paracherkaoui.ma\/index.php\/produit\/caudalie-vinoclean-mousse-nettoyante-50-ml\/#primaryimage"},"thumbnailUrl":"https:\/\/paracherkaoui.ma\/wp-content\/uploads\/2025\/12\/caudalie-caudalie-vinoclean-mousse-nettoyante-50-ml-nettoyants-visage.jpg","datePublished":"2025-12-12T17:04:45+00:00","dateModified":"2025-12-12T17:04:48+00:00","breadcrumb":{"@id":"https:\/\/paracherkaoui.ma\/index.php\/produit\/caudalie-vinoclean-mousse-nettoyante-50-ml\/#breadcrumb"},"inLanguage":"fr-FR","potentialAction":[{"@type":"ReadAction","target":["https:\/\/paracherkaoui.ma\/index.php\/produit\/caudalie-vinoclean-mousse-nettoyante-50-ml\/"]}]},{"@type":"ImageObject","inLanguage":"fr-FR","@id":"https:\/\/paracherkaoui.ma\/index.php\/produit\/caudalie-vinoclean-mousse-nettoyante-50-ml\/#primaryimage","url":"https:\/\/paracherkaoui.ma\/wp-content\/uploads\/2025\/12\/caudalie-caudalie-vinoclean-mousse-nettoyante-50-ml-nettoyants-visage.jpg","contentUrl":"https:\/\/paracherkaoui.ma\/wp-content\/uploads\/2025\/12\/caudalie-caudalie-vinoclean-mousse-nettoyante-50-ml-nettoyants-visage.jpg","width":700,"height":700},{"@type":"BreadcrumbList","@id":"https:\/\/paracherkaoui.ma\/index.php\/produit\/caudalie-vinoclean-mousse-nettoyante-50-ml\/#breadcrumb","itemListElement":[{"@type":"ListItem","position":1,"name":"Accueil","item":"https:\/\/paracherkaoui.ma\/"},{"@type":"ListItem","position":2,"name":"Boutique","item":"https:\/\/paracherkaoui.ma\/index.php\/boutique\/"},{"@type":"ListItem","position":3,"name":"CAUDALIE VINOCLEAN MOUSSE NETTOYANTE 50 ML"}]},{"@type":"WebSite","@id":"https:\/\/paracherkaoui.ma\/#website","url":"https:\/\/paracherkaoui.ma\/","name":"Paracherkaoui.ma","description":"Achetez en ligne sur Paracherkaoui.ma","potentialAction":[{"@type":"SearchAction","target":{"@type":"EntryPoint","urlTemplate":"https:\/\/paracherkaoui.ma\/?s={search_term_string}"},"query-input":{"@type":"PropertyValueSpecification","valueRequired":true,"valueName":"search_term_string"}}],"inLanguage":"fr-FR"}]}},"_links":{"self":[{"href":"https:\/\/paracherkaoui.ma\/index.php\/wp-json\/wp\/v2\/product\/20371","targetHints":{"allow":["GET"]}}],"collection":[{"href":"https:\/\/paracherkaoui.ma\/index.php\/wp-json\/wp\/v2\/product"}],"about":[{"href":"https:\/\/paracherkaoui.ma\/index.php\/wp-json\/wp\/v2\/types\/product"}],"replies":[{"embeddable":true,"href":"https:\/\/paracherkaoui.ma\/index.php\/wp-json\/wp\/v2\/comments?post=20371"}],"version-history":[{"count":1,"href":"https:\/\/paracherkaoui.ma\/index.php\/wp-json\/wp\/v2\/product\/20371\/revisions"}],"predecessor-version":[{"id":20405,"href":"https:\/\/paracherkaoui.ma\/index.php\/wp-json\/wp\/v2\/product\/20371\/revisions\/20405"}],"wp:featuredmedia":[{"embeddable":true,"href":"https:\/\/paracherkaoui.ma\/index.php\/wp-json\/wp\/v2\/media\/20404"}],"wp:attachment":[{"href":"https:\/\/paracherkaoui.ma\/index.php\/wp-json\/wp\/v2\/media?parent=20371"}],"wp:term":[{"taxonomy":"product_brand","embeddable":true,"href":"https:\/\/paracherkaoui.ma\/index.php\/wp-json\/wp\/v2\/product_brand?post=20371"},{"taxonomy":"product_cat","embeddable":true,"href":"https:\/\/paracherkaoui.ma\/index.php\/wp-json\/wp\/v2\/product_cat?post=20371"},{"taxonomy":"product_tag","embeddable":true,"href":"https:\/\/paracherkaoui.ma\/index.php\/wp-json\/wp\/v2\/product_tag?post=20371"}],"curies":[{"name":"wp","href":"https:\/\/api.w.org\/{rel}","templated":true}]}}