{"id":20311,"date":"2025-12-12T18:04:39","date_gmt":"2025-12-12T17:04:39","guid":{"rendered":"https:\/\/test.ecbeaute.com\/?post_type=product&#038;p=20311"},"modified":"2025-12-12T18:04:44","modified_gmt":"2025-12-12T17:04:44","slug":"ducray-kertyol-pso-gel-nettoyant-400-ml-4","status":"publish","type":"product","link":"https:\/\/paracherkaoui.ma\/index.php\/produit\/ducray-kertyol-pso-gel-nettoyant-400-ml-4\/","title":{"rendered":"DUCRAY KERTYOL PSO GEL NETTOYANT 400 ML"},"content":{"rendered":"<p>Le gel nettoyant surgras KERTYOL PSO est un soin d&rsquo;hygi\u00e8ne des peaux \u00e0 tendance psoriasique \u2022 Sa formule contient notamment du CE\u0301LASTROL, actif apaisant re\u0301volutionnaire qui agit sur les ke\u0301ratinocytes (cellules de la couche superficielle de la peau), ainsi que de la GLYCE\u0301RINE, actif hydratant* \u2022 Ce soin d&rsquo;hygi\u00e8ne est sp\u00e9cialement con\u00e7u pour la toilette des peaux \u00e0 tendance psoriasique*Hydratation des couches sup\u00e9rieures de l&rsquo;\u00e9piderme.<br \/>\nConseils d&rsquo;utilisation:<br \/>\n\u2022 Appliquer sur le visage et\/ou le corps sur peau humide<br \/>\n\u2022 Emulsionner<br \/>\n\u2022 Rincer<\/p>\n","protected":false},"excerpt":{"rendered":"<p>Le gel nettoyant surgras KERTYOL PSO est un soin d&rsquo;hygi\u00e8ne des peaux \u00e0 tendance psoriasique \u2022 Sa formule contient notamment<\/p>\n","protected":false},"featured_media":11711,"comment_status":"open","ping_status":"closed","template":"","meta":[],"product_brand":[138],"product_cat":[346],"product_tag":[],"class_list":{"0":"post-20311","1":"product","2":"type-product","3":"status-publish","4":"has-post-thumbnail","6":"product_brand-ducray","7":"product_cat-demaquillants-et-nettoyants","9":"first","10":"instock","11":"sale","12":"shipping-taxable","13":"purchasable","14":"product-type-simple"},"yoast_head":"<!-- This site is optimized with the Yoast SEO plugin v26.6 - https:\/\/yoast.com\/wordpress\/plugins\/seo\/ -->\r\n<title>DUCRAY KERTYOL PSO GEL NETTOYANT 400 ML - Paracherkaoui.ma<\/title>\r\n<meta name=\"robots\" content=\"index, follow, max-snippet:-1, max-image-preview:large, max-video-preview:-1\" \/>\r\n<link rel=\"canonical\" href=\"https:\/\/paracherkaoui.ma\/index.php\/produit\/ducray-kertyol-pso-gel-nettoyant-400-ml-4\/\" \/>\r\n<meta property=\"og:locale\" content=\"fr_FR\" \/>\r\n<meta property=\"og:type\" content=\"article\" \/>\r\n<meta property=\"og:title\" content=\"DUCRAY KERTYOL PSO GEL NETTOYANT 400 ML - Paracherkaoui.ma\" \/>\r\n<meta property=\"og:description\" content=\"Le gel nettoyant surgras KERTYOL PSO est un soin d&rsquo;hygi\u00e8ne des peaux \u00e0 tendance psoriasique \u2022 Sa formule contient notamment\" \/>\r\n<meta property=\"og:url\" content=\"https:\/\/paracherkaoui.ma\/index.php\/produit\/ducray-kertyol-pso-gel-nettoyant-400-ml-4\/\" \/>\r\n<meta property=\"og:site_name\" content=\"Paracherkaoui.ma\" \/>\r\n<meta property=\"article:modified_time\" content=\"2025-12-12T17:04:44+00:00\" \/>\r\n<meta property=\"og:image\" content=\"https:\/\/paracherkaoui.ma\/wp-content\/uploads\/2025\/12\/ducray-ducray-kertyol-pso-gel-nettoyant-400-ml-nettoyants-visage.jpg\" \/>\r\n\t<meta property=\"og:image:width\" content=\"700\" \/>\r\n\t<meta property=\"og:image:height\" content=\"700\" \/>\r\n\t<meta property=\"og:image:type\" content=\"image\/jpeg\" \/>\r\n<meta name=\"twitter:card\" content=\"summary_large_image\" \/>\r\n<script type=\"application\/ld+json\" class=\"yoast-schema-graph\">{\"@context\":\"https:\/\/schema.org\",\"@graph\":[{\"@type\":\"WebPage\",\"@id\":\"https:\/\/paracherkaoui.ma\/index.php\/produit\/ducray-kertyol-pso-gel-nettoyant-400-ml-4\/\",\"url\":\"https:\/\/paracherkaoui.ma\/index.php\/produit\/ducray-kertyol-pso-gel-nettoyant-400-ml-4\/\",\"name\":\"DUCRAY KERTYOL PSO GEL NETTOYANT 400 ML - Paracherkaoui.ma\",\"isPartOf\":{\"@id\":\"https:\/\/paracherkaoui.ma\/#website\"},\"primaryImageOfPage\":{\"@id\":\"https:\/\/paracherkaoui.ma\/index.php\/produit\/ducray-kertyol-pso-gel-nettoyant-400-ml-4\/#primaryimage\"},\"image\":{\"@id\":\"https:\/\/paracherkaoui.ma\/index.php\/produit\/ducray-kertyol-pso-gel-nettoyant-400-ml-4\/#primaryimage\"},\"thumbnailUrl\":\"https:\/\/paracherkaoui.ma\/wp-content\/uploads\/2025\/12\/ducray-ducray-kertyol-pso-gel-nettoyant-400-ml-nettoyants-visage.jpg\",\"datePublished\":\"2025-12-12T17:04:39+00:00\",\"dateModified\":\"2025-12-12T17:04:44+00:00\",\"breadcrumb\":{\"@id\":\"https:\/\/paracherkaoui.ma\/index.php\/produit\/ducray-kertyol-pso-gel-nettoyant-400-ml-4\/#breadcrumb\"},\"inLanguage\":\"fr-FR\",\"potentialAction\":[{\"@type\":\"ReadAction\",\"target\":[\"https:\/\/paracherkaoui.ma\/index.php\/produit\/ducray-kertyol-pso-gel-nettoyant-400-ml-4\/\"]}]},{\"@type\":\"ImageObject\",\"inLanguage\":\"fr-FR\",\"@id\":\"https:\/\/paracherkaoui.ma\/index.php\/produit\/ducray-kertyol-pso-gel-nettoyant-400-ml-4\/#primaryimage\",\"url\":\"https:\/\/paracherkaoui.ma\/wp-content\/uploads\/2025\/12\/ducray-ducray-kertyol-pso-gel-nettoyant-400-ml-nettoyants-visage.jpg\",\"contentUrl\":\"https:\/\/paracherkaoui.ma\/wp-content\/uploads\/2025\/12\/ducray-ducray-kertyol-pso-gel-nettoyant-400-ml-nettoyants-visage.jpg\",\"width\":700,\"height\":700},{\"@type\":\"BreadcrumbList\",\"@id\":\"https:\/\/paracherkaoui.ma\/index.php\/produit\/ducray-kertyol-pso-gel-nettoyant-400-ml-4\/#breadcrumb\",\"itemListElement\":[{\"@type\":\"ListItem\",\"position\":1,\"name\":\"Accueil\",\"item\":\"https:\/\/paracherkaoui.ma\/\"},{\"@type\":\"ListItem\",\"position\":2,\"name\":\"Boutique\",\"item\":\"https:\/\/paracherkaoui.ma\/index.php\/boutique\/\"},{\"@type\":\"ListItem\",\"position\":3,\"name\":\"DUCRAY KERTYOL PSO GEL NETTOYANT 400 ML\"}]},{\"@type\":\"WebSite\",\"@id\":\"https:\/\/paracherkaoui.ma\/#website\",\"url\":\"https:\/\/paracherkaoui.ma\/\",\"name\":\"Paracherkaoui.ma\",\"description\":\"Achetez en ligne sur Paracherkaoui.ma\",\"potentialAction\":[{\"@type\":\"SearchAction\",\"target\":{\"@type\":\"EntryPoint\",\"urlTemplate\":\"https:\/\/paracherkaoui.ma\/?s={search_term_string}\"},\"query-input\":{\"@type\":\"PropertyValueSpecification\",\"valueRequired\":true,\"valueName\":\"search_term_string\"}}],\"inLanguage\":\"fr-FR\"}]}<\/script>\r\n<!-- \/ Yoast SEO plugin. -->","yoast_head_json":{"title":"DUCRAY KERTYOL PSO GEL NETTOYANT 400 ML - Paracherkaoui.ma","robots":{"index":"index","follow":"follow","max-snippet":"max-snippet:-1","max-image-preview":"max-image-preview:large","max-video-preview":"max-video-preview:-1"},"canonical":"https:\/\/paracherkaoui.ma\/index.php\/produit\/ducray-kertyol-pso-gel-nettoyant-400-ml-4\/","og_locale":"fr_FR","og_type":"article","og_title":"DUCRAY KERTYOL PSO GEL NETTOYANT 400 ML - Paracherkaoui.ma","og_description":"Le gel nettoyant surgras KERTYOL PSO est un soin d&rsquo;hygi\u00e8ne des peaux \u00e0 tendance psoriasique \u2022 Sa formule contient notamment","og_url":"https:\/\/paracherkaoui.ma\/index.php\/produit\/ducray-kertyol-pso-gel-nettoyant-400-ml-4\/","og_site_name":"Paracherkaoui.ma","article_modified_time":"2025-12-12T17:04:44+00:00","og_image":[{"width":700,"height":700,"url":"https:\/\/paracherkaoui.ma\/wp-content\/uploads\/2025\/12\/ducray-ducray-kertyol-pso-gel-nettoyant-400-ml-nettoyants-visage.jpg","type":"image\/jpeg"}],"twitter_card":"summary_large_image","schema":{"@context":"https:\/\/schema.org","@graph":[{"@type":"WebPage","@id":"https:\/\/paracherkaoui.ma\/index.php\/produit\/ducray-kertyol-pso-gel-nettoyant-400-ml-4\/","url":"https:\/\/paracherkaoui.ma\/index.php\/produit\/ducray-kertyol-pso-gel-nettoyant-400-ml-4\/","name":"DUCRAY KERTYOL PSO GEL NETTOYANT 400 ML - Paracherkaoui.ma","isPartOf":{"@id":"https:\/\/paracherkaoui.ma\/#website"},"primaryImageOfPage":{"@id":"https:\/\/paracherkaoui.ma\/index.php\/produit\/ducray-kertyol-pso-gel-nettoyant-400-ml-4\/#primaryimage"},"image":{"@id":"https:\/\/paracherkaoui.ma\/index.php\/produit\/ducray-kertyol-pso-gel-nettoyant-400-ml-4\/#primaryimage"},"thumbnailUrl":"https:\/\/paracherkaoui.ma\/wp-content\/uploads\/2025\/12\/ducray-ducray-kertyol-pso-gel-nettoyant-400-ml-nettoyants-visage.jpg","datePublished":"2025-12-12T17:04:39+00:00","dateModified":"2025-12-12T17:04:44+00:00","breadcrumb":{"@id":"https:\/\/paracherkaoui.ma\/index.php\/produit\/ducray-kertyol-pso-gel-nettoyant-400-ml-4\/#breadcrumb"},"inLanguage":"fr-FR","potentialAction":[{"@type":"ReadAction","target":["https:\/\/paracherkaoui.ma\/index.php\/produit\/ducray-kertyol-pso-gel-nettoyant-400-ml-4\/"]}]},{"@type":"ImageObject","inLanguage":"fr-FR","@id":"https:\/\/paracherkaoui.ma\/index.php\/produit\/ducray-kertyol-pso-gel-nettoyant-400-ml-4\/#primaryimage","url":"https:\/\/paracherkaoui.ma\/wp-content\/uploads\/2025\/12\/ducray-ducray-kertyol-pso-gel-nettoyant-400-ml-nettoyants-visage.jpg","contentUrl":"https:\/\/paracherkaoui.ma\/wp-content\/uploads\/2025\/12\/ducray-ducray-kertyol-pso-gel-nettoyant-400-ml-nettoyants-visage.jpg","width":700,"height":700},{"@type":"BreadcrumbList","@id":"https:\/\/paracherkaoui.ma\/index.php\/produit\/ducray-kertyol-pso-gel-nettoyant-400-ml-4\/#breadcrumb","itemListElement":[{"@type":"ListItem","position":1,"name":"Accueil","item":"https:\/\/paracherkaoui.ma\/"},{"@type":"ListItem","position":2,"name":"Boutique","item":"https:\/\/paracherkaoui.ma\/index.php\/boutique\/"},{"@type":"ListItem","position":3,"name":"DUCRAY KERTYOL PSO GEL NETTOYANT 400 ML"}]},{"@type":"WebSite","@id":"https:\/\/paracherkaoui.ma\/#website","url":"https:\/\/paracherkaoui.ma\/","name":"Paracherkaoui.ma","description":"Achetez en ligne sur Paracherkaoui.ma","potentialAction":[{"@type":"SearchAction","target":{"@type":"EntryPoint","urlTemplate":"https:\/\/paracherkaoui.ma\/?s={search_term_string}"},"query-input":{"@type":"PropertyValueSpecification","valueRequired":true,"valueName":"search_term_string"}}],"inLanguage":"fr-FR"}]}},"_links":{"self":[{"href":"https:\/\/paracherkaoui.ma\/index.php\/wp-json\/wp\/v2\/product\/20311","targetHints":{"allow":["GET"]}}],"collection":[{"href":"https:\/\/paracherkaoui.ma\/index.php\/wp-json\/wp\/v2\/product"}],"about":[{"href":"https:\/\/paracherkaoui.ma\/index.php\/wp-json\/wp\/v2\/types\/product"}],"replies":[{"embeddable":true,"href":"https:\/\/paracherkaoui.ma\/index.php\/wp-json\/wp\/v2\/comments?post=20311"}],"version-history":[{"count":1,"href":"https:\/\/paracherkaoui.ma\/index.php\/wp-json\/wp\/v2\/product\/20311\/revisions"}],"predecessor-version":[{"id":20366,"href":"https:\/\/paracherkaoui.ma\/index.php\/wp-json\/wp\/v2\/product\/20311\/revisions\/20366"}],"wp:featuredmedia":[{"embeddable":true,"href":"https:\/\/paracherkaoui.ma\/index.php\/wp-json\/wp\/v2\/media\/11711"}],"wp:attachment":[{"href":"https:\/\/paracherkaoui.ma\/index.php\/wp-json\/wp\/v2\/media?parent=20311"}],"wp:term":[{"taxonomy":"product_brand","embeddable":true,"href":"https:\/\/paracherkaoui.ma\/index.php\/wp-json\/wp\/v2\/product_brand?post=20311"},{"taxonomy":"product_cat","embeddable":true,"href":"https:\/\/paracherkaoui.ma\/index.php\/wp-json\/wp\/v2\/product_cat?post=20311"},{"taxonomy":"product_tag","embeddable":true,"href":"https:\/\/paracherkaoui.ma\/index.php\/wp-json\/wp\/v2\/product_tag?post=20311"}],"curies":[{"name":"wp","href":"https:\/\/api.w.org\/{rel}","templated":true}]}}