{"id":20298,"date":"2025-12-12T18:04:38","date_gmt":"2025-12-12T17:04:38","guid":{"rendered":"https:\/\/test.ecbeaute.com\/?post_type=product&#038;p=20298"},"modified":"2025-12-12T18:04:42","modified_gmt":"2025-12-12T17:04:42","slug":"vichy-purete-thermale-demaquillant-integral-3-en-1-300-ml-2","status":"publish","type":"product","link":"https:\/\/paracherkaoui.ma\/index.php\/produit\/vichy-purete-thermale-demaquillant-integral-3-en-1-300-ml-2\/","title":{"rendered":"VICHY PURETE THERMALE DEMAQUILLANT INTEGRAL 3 EN 1-300 ML"},"content":{"rendered":"<p>Sa texture lait-gel onctueuse glisse sur la peau pour \u00e9liminer les impuret\u00e9s, le maquillage \u2013 m\u00eame waterproof \u2013 et les particules de pollution, tout en respectant l\u2019\u00e9quilibre cutan\u00e9. Formul\u00e9 avec Captelae, un extrait purifiant issu du karit\u00e9, ce soin capte les r\u00e9sidus urbains et offre \u00e0 la peau un nettoyage profond sans irritation. En un seul geste, la peau est fra\u00eeche, propre, apais\u00e9e et \u00e9clatante.<br \/>\nCon\u00e7u pour les peaux sensibles, ce d\u00e9maquillant est hypoallerg\u00e9nique, sans parab\u00e8ne et test\u00e9 sous contr\u00f4le dermatologique et ophtalmologique. Il est aussi parfaitement adapt\u00e9 aux porteurs de lentilles, gr\u00e2ce \u00e0 une formule qui ne pique pas les yeux.<br \/>\nR\u00e9sultats visibles d\u00e8s la premi\u00e8re utilisation :<br \/>\n93% trouvent leur peau plus fra\u00eeche.<br \/>\n93% d\u00e9clarent une sensation de confort.<br \/>\n100% affirment qu\u2019il ne pique pas les yeux.<br \/>\nInt\u00e9grez-le \u00e0 votre routine beaut\u00e9 quotidienne pour une peau propre, douce et confortable, d\u00e9barrass\u00e9e des traces de fatigue et de pollution.<br \/>\nConseils d\u2019utilisation<br \/>\nMatin et soir, appliquez une noisette du d\u00e9maquillant Vichy 3 en 1 sur un coton. Passez d\u00e9licatement sur l\u2019ensemble du visage et les yeux. Sans rin\u00e7age. Convient \u00e0 un usage quotidien.<br \/>\nComposition<br \/>\nAQUA, PARAFFINUM LIQUIDUM, ISOPROPYL MYRISTATE, POTASSIUM PHOSPHATE, CARBOMER, SODIUM HYDROXIDE, DIPOTASSIUM PHOSPHATE, DISODIUM EDTA, DISODIUM COCOAMPHODIACETATE, MYRTRIMONIUM BROMIDE, BUTYLENE GLYCOL, BUTYROSPERMUM PARKII SEEDCAKE EXTRACT, PARFUM<\/p>\n","protected":false},"excerpt":{"rendered":"<p>Sa texture lait-gel onctueuse glisse sur la peau pour \u00e9liminer les impuret\u00e9s, le maquillage \u2013 m\u00eame waterproof \u2013 et les<\/p>\n","protected":false},"featured_media":12407,"comment_status":"open","ping_status":"closed","template":"","meta":[],"product_brand":[139],"product_cat":[346],"product_tag":[],"class_list":{"0":"post-20298","1":"product","2":"type-product","3":"status-publish","4":"has-post-thumbnail","6":"product_brand-vichy","7":"product_cat-demaquillants-et-nettoyants","9":"first","10":"instock","11":"sale","12":"shipping-taxable","13":"purchasable","14":"product-type-simple"},"yoast_head":"<!-- This site is optimized with the Yoast SEO plugin v26.6 - https:\/\/yoast.com\/wordpress\/plugins\/seo\/ -->\r\n<title>VICHY PURETE THERMALE DEMAQUILLANT INTEGRAL 3 EN 1-300 ML - Paracherkaoui.ma<\/title>\r\n<meta name=\"robots\" content=\"index, follow, max-snippet:-1, max-image-preview:large, max-video-preview:-1\" \/>\r\n<link rel=\"canonical\" href=\"https:\/\/paracherkaoui.ma\/index.php\/produit\/vichy-purete-thermale-demaquillant-integral-3-en-1-300-ml-2\/\" \/>\r\n<meta property=\"og:locale\" content=\"fr_FR\" \/>\r\n<meta property=\"og:type\" content=\"article\" \/>\r\n<meta property=\"og:title\" content=\"VICHY PURETE THERMALE DEMAQUILLANT INTEGRAL 3 EN 1-300 ML - Paracherkaoui.ma\" \/>\r\n<meta property=\"og:description\" content=\"Sa texture lait-gel onctueuse glisse sur la peau pour \u00e9liminer les impuret\u00e9s, le maquillage \u2013 m\u00eame waterproof \u2013 et les\" \/>\r\n<meta property=\"og:url\" content=\"https:\/\/paracherkaoui.ma\/index.php\/produit\/vichy-purete-thermale-demaquillant-integral-3-en-1-300-ml-2\/\" \/>\r\n<meta property=\"og:site_name\" content=\"Paracherkaoui.ma\" \/>\r\n<meta property=\"article:modified_time\" content=\"2025-12-12T17:04:42+00:00\" \/>\r\n<meta property=\"og:image\" content=\"https:\/\/paracherkaoui.ma\/wp-content\/uploads\/2025\/12\/vichy-vichy-purete-thermale-demaquillant-integral-3-en-1-300-ml-accueil.jpg\" \/>\r\n\t<meta property=\"og:image:width\" content=\"700\" \/>\r\n\t<meta property=\"og:image:height\" content=\"700\" \/>\r\n\t<meta property=\"og:image:type\" content=\"image\/jpeg\" \/>\r\n<meta name=\"twitter:card\" content=\"summary_large_image\" \/>\r\n<meta name=\"twitter:label1\" content=\"Dur\u00e9e de lecture estim\u00e9e\" \/>\n\t<meta name=\"twitter:data1\" content=\"1 minute\" \/>\r\n<script type=\"application\/ld+json\" class=\"yoast-schema-graph\">{\"@context\":\"https:\/\/schema.org\",\"@graph\":[{\"@type\":\"WebPage\",\"@id\":\"https:\/\/paracherkaoui.ma\/index.php\/produit\/vichy-purete-thermale-demaquillant-integral-3-en-1-300-ml-2\/\",\"url\":\"https:\/\/paracherkaoui.ma\/index.php\/produit\/vichy-purete-thermale-demaquillant-integral-3-en-1-300-ml-2\/\",\"name\":\"VICHY PURETE THERMALE DEMAQUILLANT INTEGRAL 3 EN 1-300 ML - Paracherkaoui.ma\",\"isPartOf\":{\"@id\":\"https:\/\/paracherkaoui.ma\/#website\"},\"primaryImageOfPage\":{\"@id\":\"https:\/\/paracherkaoui.ma\/index.php\/produit\/vichy-purete-thermale-demaquillant-integral-3-en-1-300-ml-2\/#primaryimage\"},\"image\":{\"@id\":\"https:\/\/paracherkaoui.ma\/index.php\/produit\/vichy-purete-thermale-demaquillant-integral-3-en-1-300-ml-2\/#primaryimage\"},\"thumbnailUrl\":\"https:\/\/paracherkaoui.ma\/wp-content\/uploads\/2025\/12\/vichy-vichy-purete-thermale-demaquillant-integral-3-en-1-300-ml-accueil.jpg\",\"datePublished\":\"2025-12-12T17:04:38+00:00\",\"dateModified\":\"2025-12-12T17:04:42+00:00\",\"breadcrumb\":{\"@id\":\"https:\/\/paracherkaoui.ma\/index.php\/produit\/vichy-purete-thermale-demaquillant-integral-3-en-1-300-ml-2\/#breadcrumb\"},\"inLanguage\":\"fr-FR\",\"potentialAction\":[{\"@type\":\"ReadAction\",\"target\":[\"https:\/\/paracherkaoui.ma\/index.php\/produit\/vichy-purete-thermale-demaquillant-integral-3-en-1-300-ml-2\/\"]}]},{\"@type\":\"ImageObject\",\"inLanguage\":\"fr-FR\",\"@id\":\"https:\/\/paracherkaoui.ma\/index.php\/produit\/vichy-purete-thermale-demaquillant-integral-3-en-1-300-ml-2\/#primaryimage\",\"url\":\"https:\/\/paracherkaoui.ma\/wp-content\/uploads\/2025\/12\/vichy-vichy-purete-thermale-demaquillant-integral-3-en-1-300-ml-accueil.jpg\",\"contentUrl\":\"https:\/\/paracherkaoui.ma\/wp-content\/uploads\/2025\/12\/vichy-vichy-purete-thermale-demaquillant-integral-3-en-1-300-ml-accueil.jpg\",\"width\":700,\"height\":700},{\"@type\":\"BreadcrumbList\",\"@id\":\"https:\/\/paracherkaoui.ma\/index.php\/produit\/vichy-purete-thermale-demaquillant-integral-3-en-1-300-ml-2\/#breadcrumb\",\"itemListElement\":[{\"@type\":\"ListItem\",\"position\":1,\"name\":\"Accueil\",\"item\":\"https:\/\/paracherkaoui.ma\/\"},{\"@type\":\"ListItem\",\"position\":2,\"name\":\"Boutique\",\"item\":\"https:\/\/paracherkaoui.ma\/index.php\/boutique\/\"},{\"@type\":\"ListItem\",\"position\":3,\"name\":\"VICHY PURETE THERMALE DEMAQUILLANT INTEGRAL 3 EN 1-300 ML\"}]},{\"@type\":\"WebSite\",\"@id\":\"https:\/\/paracherkaoui.ma\/#website\",\"url\":\"https:\/\/paracherkaoui.ma\/\",\"name\":\"Paracherkaoui.ma\",\"description\":\"Achetez en ligne sur Paracherkaoui.ma\",\"potentialAction\":[{\"@type\":\"SearchAction\",\"target\":{\"@type\":\"EntryPoint\",\"urlTemplate\":\"https:\/\/paracherkaoui.ma\/?s={search_term_string}\"},\"query-input\":{\"@type\":\"PropertyValueSpecification\",\"valueRequired\":true,\"valueName\":\"search_term_string\"}}],\"inLanguage\":\"fr-FR\"}]}<\/script>\r\n<!-- \/ Yoast SEO plugin. -->","yoast_head_json":{"title":"VICHY PURETE THERMALE DEMAQUILLANT INTEGRAL 3 EN 1-300 ML - Paracherkaoui.ma","robots":{"index":"index","follow":"follow","max-snippet":"max-snippet:-1","max-image-preview":"max-image-preview:large","max-video-preview":"max-video-preview:-1"},"canonical":"https:\/\/paracherkaoui.ma\/index.php\/produit\/vichy-purete-thermale-demaquillant-integral-3-en-1-300-ml-2\/","og_locale":"fr_FR","og_type":"article","og_title":"VICHY PURETE THERMALE DEMAQUILLANT INTEGRAL 3 EN 1-300 ML - Paracherkaoui.ma","og_description":"Sa texture lait-gel onctueuse glisse sur la peau pour \u00e9liminer les impuret\u00e9s, le maquillage \u2013 m\u00eame waterproof \u2013 et les","og_url":"https:\/\/paracherkaoui.ma\/index.php\/produit\/vichy-purete-thermale-demaquillant-integral-3-en-1-300-ml-2\/","og_site_name":"Paracherkaoui.ma","article_modified_time":"2025-12-12T17:04:42+00:00","og_image":[{"width":700,"height":700,"url":"https:\/\/paracherkaoui.ma\/wp-content\/uploads\/2025\/12\/vichy-vichy-purete-thermale-demaquillant-integral-3-en-1-300-ml-accueil.jpg","type":"image\/jpeg"}],"twitter_card":"summary_large_image","twitter_misc":{"Dur\u00e9e de lecture estim\u00e9e":"1 minute"},"schema":{"@context":"https:\/\/schema.org","@graph":[{"@type":"WebPage","@id":"https:\/\/paracherkaoui.ma\/index.php\/produit\/vichy-purete-thermale-demaquillant-integral-3-en-1-300-ml-2\/","url":"https:\/\/paracherkaoui.ma\/index.php\/produit\/vichy-purete-thermale-demaquillant-integral-3-en-1-300-ml-2\/","name":"VICHY PURETE THERMALE DEMAQUILLANT INTEGRAL 3 EN 1-300 ML - Paracherkaoui.ma","isPartOf":{"@id":"https:\/\/paracherkaoui.ma\/#website"},"primaryImageOfPage":{"@id":"https:\/\/paracherkaoui.ma\/index.php\/produit\/vichy-purete-thermale-demaquillant-integral-3-en-1-300-ml-2\/#primaryimage"},"image":{"@id":"https:\/\/paracherkaoui.ma\/index.php\/produit\/vichy-purete-thermale-demaquillant-integral-3-en-1-300-ml-2\/#primaryimage"},"thumbnailUrl":"https:\/\/paracherkaoui.ma\/wp-content\/uploads\/2025\/12\/vichy-vichy-purete-thermale-demaquillant-integral-3-en-1-300-ml-accueil.jpg","datePublished":"2025-12-12T17:04:38+00:00","dateModified":"2025-12-12T17:04:42+00:00","breadcrumb":{"@id":"https:\/\/paracherkaoui.ma\/index.php\/produit\/vichy-purete-thermale-demaquillant-integral-3-en-1-300-ml-2\/#breadcrumb"},"inLanguage":"fr-FR","potentialAction":[{"@type":"ReadAction","target":["https:\/\/paracherkaoui.ma\/index.php\/produit\/vichy-purete-thermale-demaquillant-integral-3-en-1-300-ml-2\/"]}]},{"@type":"ImageObject","inLanguage":"fr-FR","@id":"https:\/\/paracherkaoui.ma\/index.php\/produit\/vichy-purete-thermale-demaquillant-integral-3-en-1-300-ml-2\/#primaryimage","url":"https:\/\/paracherkaoui.ma\/wp-content\/uploads\/2025\/12\/vichy-vichy-purete-thermale-demaquillant-integral-3-en-1-300-ml-accueil.jpg","contentUrl":"https:\/\/paracherkaoui.ma\/wp-content\/uploads\/2025\/12\/vichy-vichy-purete-thermale-demaquillant-integral-3-en-1-300-ml-accueil.jpg","width":700,"height":700},{"@type":"BreadcrumbList","@id":"https:\/\/paracherkaoui.ma\/index.php\/produit\/vichy-purete-thermale-demaquillant-integral-3-en-1-300-ml-2\/#breadcrumb","itemListElement":[{"@type":"ListItem","position":1,"name":"Accueil","item":"https:\/\/paracherkaoui.ma\/"},{"@type":"ListItem","position":2,"name":"Boutique","item":"https:\/\/paracherkaoui.ma\/index.php\/boutique\/"},{"@type":"ListItem","position":3,"name":"VICHY PURETE THERMALE DEMAQUILLANT INTEGRAL 3 EN 1-300 ML"}]},{"@type":"WebSite","@id":"https:\/\/paracherkaoui.ma\/#website","url":"https:\/\/paracherkaoui.ma\/","name":"Paracherkaoui.ma","description":"Achetez en ligne sur Paracherkaoui.ma","potentialAction":[{"@type":"SearchAction","target":{"@type":"EntryPoint","urlTemplate":"https:\/\/paracherkaoui.ma\/?s={search_term_string}"},"query-input":{"@type":"PropertyValueSpecification","valueRequired":true,"valueName":"search_term_string"}}],"inLanguage":"fr-FR"}]}},"_links":{"self":[{"href":"https:\/\/paracherkaoui.ma\/index.php\/wp-json\/wp\/v2\/product\/20298","targetHints":{"allow":["GET"]}}],"collection":[{"href":"https:\/\/paracherkaoui.ma\/index.php\/wp-json\/wp\/v2\/product"}],"about":[{"href":"https:\/\/paracherkaoui.ma\/index.php\/wp-json\/wp\/v2\/types\/product"}],"replies":[{"embeddable":true,"href":"https:\/\/paracherkaoui.ma\/index.php\/wp-json\/wp\/v2\/comments?post=20298"}],"version-history":[{"count":1,"href":"https:\/\/paracherkaoui.ma\/index.php\/wp-json\/wp\/v2\/product\/20298\/revisions"}],"predecessor-version":[{"id":20342,"href":"https:\/\/paracherkaoui.ma\/index.php\/wp-json\/wp\/v2\/product\/20298\/revisions\/20342"}],"wp:featuredmedia":[{"embeddable":true,"href":"https:\/\/paracherkaoui.ma\/index.php\/wp-json\/wp\/v2\/media\/12407"}],"wp:attachment":[{"href":"https:\/\/paracherkaoui.ma\/index.php\/wp-json\/wp\/v2\/media?parent=20298"}],"wp:term":[{"taxonomy":"product_brand","embeddable":true,"href":"https:\/\/paracherkaoui.ma\/index.php\/wp-json\/wp\/v2\/product_brand?post=20298"},{"taxonomy":"product_cat","embeddable":true,"href":"https:\/\/paracherkaoui.ma\/index.php\/wp-json\/wp\/v2\/product_cat?post=20298"},{"taxonomy":"product_tag","embeddable":true,"href":"https:\/\/paracherkaoui.ma\/index.php\/wp-json\/wp\/v2\/product_tag?post=20298"}],"curies":[{"name":"wp","href":"https:\/\/api.w.org\/{rel}","templated":true}]}}