{"id":20285,"date":"2025-12-12T18:04:38","date_gmt":"2025-12-12T17:04:38","guid":{"rendered":"https:\/\/test.ecbeaute.com\/?post_type=product&#038;p=20285"},"modified":"2025-12-12T18:04:40","modified_gmt":"2025-12-12T17:04:40","slug":"cattier-argile-verte-prete-a-lemploi-100-ml","status":"publish","type":"product","link":"https:\/\/paracherkaoui.ma\/index.php\/produit\/cattier-argile-verte-prete-a-lemploi-100-ml\/","title":{"rendered":"CATTIER ARGILE VERTE PRETE A L&rsquo;EMPLOI 100 ML"},"content":{"rendered":"<p>L\u2019Argile verte pr\u00eate \u00e0 l\u2019emploi Cattier est absorbante, purifiante et r\u00e9g\u00e9n\u00e9rante, elle est particuli\u00e8rement bien adapt\u00e9e au soin des peaux mixtes \u00e0 grasses. Elle absorbe et r\u00e9gule l\u2019exc\u00e8s de s\u00e9bum, \u00e9limine les impuret\u00e9s, revitalise la peau et favorise le renouvellement cellulaire. Elle est \u00e9galement adoucissante.<br \/>\nConseils d&rsquo;utilisation :<br \/>\nEn masque de beaut\u00e9 : Appliquer en couche \u00e9paisse sur le visage et le cou en \u00e9vitant le contour des yeux et des l\u00e8vres. Laisser poser 10 minutes environ sans laisser le masque s\u00e9cher. Rincer \u00e0 l\u2019eau ti\u00e8de et s\u00e9cher la peau.<br \/>\nEn masque pour cheveux : Appliquer en couche \u00e9paisse sur la racine des cheveux. Laisser poser 10 minutes environ sans laisser le masque s\u00e9cher. Rincer \u00e0 l\u2019eau ti\u00e8de et appliquer un shampooing. Id\u00e9al pour les cheveux gras.<br \/>\nEn cataplasme : Disposer la p\u00e2te sur un textile naturel. R\u00e9partir l\u2019argile avec une spatule non m\u00e9tallique sur une \u00e9paisseur de 1 cm. Poser le cataplasme en laissant l\u2019argile en contact direct avec la peau et le maintenir (sans trop serrer) avec un bandage. Laisser le cataplasme pos\u00e9 une heure. Pour le retirer, enlever un maximum d\u2019argile, si n\u00e9cessaire en l\u2019humidifiant, puis rincer la peau et s\u00e9che<\/p>\n","protected":false},"excerpt":{"rendered":"<p>L\u2019Argile verte pr\u00eate \u00e0 l\u2019emploi Cattier est absorbante, purifiante et r\u00e9g\u00e9n\u00e9rante, elle est particuli\u00e8rement bien adapt\u00e9e au soin des peaux<\/p>\n","protected":false},"featured_media":20318,"comment_status":"open","ping_status":"closed","template":"","meta":[],"product_brand":[187],"product_cat":[346],"product_tag":[],"class_list":{"0":"post-20285","1":"product","2":"type-product","3":"status-publish","4":"has-post-thumbnail","6":"product_brand-cattier","7":"product_cat-demaquillants-et-nettoyants","9":"first","10":"instock","11":"shipping-taxable","12":"purchasable","13":"product-type-simple"},"yoast_head":"<!-- This site is optimized with the Yoast SEO plugin v26.6 - https:\/\/yoast.com\/wordpress\/plugins\/seo\/ -->\r\n<title>CATTIER ARGILE VERTE PRETE A L&#039;EMPLOI 100 ML - Paracherkaoui.ma<\/title>\r\n<meta name=\"robots\" content=\"index, follow, max-snippet:-1, max-image-preview:large, max-video-preview:-1\" \/>\r\n<link rel=\"canonical\" href=\"https:\/\/paracherkaoui.ma\/index.php\/produit\/cattier-argile-verte-prete-a-lemploi-100-ml\/\" \/>\r\n<meta property=\"og:locale\" content=\"fr_FR\" \/>\r\n<meta property=\"og:type\" content=\"article\" \/>\r\n<meta property=\"og:title\" content=\"CATTIER ARGILE VERTE PRETE A L&#039;EMPLOI 100 ML - Paracherkaoui.ma\" \/>\r\n<meta property=\"og:description\" content=\"L\u2019Argile verte pr\u00eate \u00e0 l\u2019emploi Cattier est absorbante, purifiante et r\u00e9g\u00e9n\u00e9rante, elle est particuli\u00e8rement bien adapt\u00e9e au soin des peaux\" \/>\r\n<meta property=\"og:url\" content=\"https:\/\/paracherkaoui.ma\/index.php\/produit\/cattier-argile-verte-prete-a-lemploi-100-ml\/\" \/>\r\n<meta property=\"og:site_name\" content=\"Paracherkaoui.ma\" \/>\r\n<meta property=\"article:modified_time\" content=\"2025-12-12T17:04:40+00:00\" \/>\r\n<meta property=\"og:image\" content=\"https:\/\/paracherkaoui.ma\/wp-content\/uploads\/2025\/12\/cattier-cattier-argile-verte-prete-a-lemploi-100-ml-masques-visage.jpg\" \/>\r\n\t<meta property=\"og:image:width\" content=\"700\" \/>\r\n\t<meta property=\"og:image:height\" content=\"700\" \/>\r\n\t<meta property=\"og:image:type\" content=\"image\/jpeg\" \/>\r\n<meta name=\"twitter:card\" content=\"summary_large_image\" \/>\r\n<meta name=\"twitter:label1\" content=\"Dur\u00e9e de lecture estim\u00e9e\" \/>\n\t<meta name=\"twitter:data1\" content=\"1 minute\" \/>\r\n<script type=\"application\/ld+json\" class=\"yoast-schema-graph\">{\"@context\":\"https:\/\/schema.org\",\"@graph\":[{\"@type\":\"WebPage\",\"@id\":\"https:\/\/paracherkaoui.ma\/index.php\/produit\/cattier-argile-verte-prete-a-lemploi-100-ml\/\",\"url\":\"https:\/\/paracherkaoui.ma\/index.php\/produit\/cattier-argile-verte-prete-a-lemploi-100-ml\/\",\"name\":\"CATTIER ARGILE VERTE PRETE A L'EMPLOI 100 ML - Paracherkaoui.ma\",\"isPartOf\":{\"@id\":\"https:\/\/paracherkaoui.ma\/#website\"},\"primaryImageOfPage\":{\"@id\":\"https:\/\/paracherkaoui.ma\/index.php\/produit\/cattier-argile-verte-prete-a-lemploi-100-ml\/#primaryimage\"},\"image\":{\"@id\":\"https:\/\/paracherkaoui.ma\/index.php\/produit\/cattier-argile-verte-prete-a-lemploi-100-ml\/#primaryimage\"},\"thumbnailUrl\":\"https:\/\/paracherkaoui.ma\/wp-content\/uploads\/2025\/12\/cattier-cattier-argile-verte-prete-a-lemploi-100-ml-masques-visage.jpg\",\"datePublished\":\"2025-12-12T17:04:38+00:00\",\"dateModified\":\"2025-12-12T17:04:40+00:00\",\"breadcrumb\":{\"@id\":\"https:\/\/paracherkaoui.ma\/index.php\/produit\/cattier-argile-verte-prete-a-lemploi-100-ml\/#breadcrumb\"},\"inLanguage\":\"fr-FR\",\"potentialAction\":[{\"@type\":\"ReadAction\",\"target\":[\"https:\/\/paracherkaoui.ma\/index.php\/produit\/cattier-argile-verte-prete-a-lemploi-100-ml\/\"]}]},{\"@type\":\"ImageObject\",\"inLanguage\":\"fr-FR\",\"@id\":\"https:\/\/paracherkaoui.ma\/index.php\/produit\/cattier-argile-verte-prete-a-lemploi-100-ml\/#primaryimage\",\"url\":\"https:\/\/paracherkaoui.ma\/wp-content\/uploads\/2025\/12\/cattier-cattier-argile-verte-prete-a-lemploi-100-ml-masques-visage.jpg\",\"contentUrl\":\"https:\/\/paracherkaoui.ma\/wp-content\/uploads\/2025\/12\/cattier-cattier-argile-verte-prete-a-lemploi-100-ml-masques-visage.jpg\",\"width\":700,\"height\":700},{\"@type\":\"BreadcrumbList\",\"@id\":\"https:\/\/paracherkaoui.ma\/index.php\/produit\/cattier-argile-verte-prete-a-lemploi-100-ml\/#breadcrumb\",\"itemListElement\":[{\"@type\":\"ListItem\",\"position\":1,\"name\":\"Accueil\",\"item\":\"https:\/\/paracherkaoui.ma\/\"},{\"@type\":\"ListItem\",\"position\":2,\"name\":\"Boutique\",\"item\":\"https:\/\/paracherkaoui.ma\/index.php\/boutique\/\"},{\"@type\":\"ListItem\",\"position\":3,\"name\":\"CATTIER ARGILE VERTE PRETE A L&rsquo;EMPLOI 100 ML\"}]},{\"@type\":\"WebSite\",\"@id\":\"https:\/\/paracherkaoui.ma\/#website\",\"url\":\"https:\/\/paracherkaoui.ma\/\",\"name\":\"Paracherkaoui.ma\",\"description\":\"Achetez en ligne sur Paracherkaoui.ma\",\"potentialAction\":[{\"@type\":\"SearchAction\",\"target\":{\"@type\":\"EntryPoint\",\"urlTemplate\":\"https:\/\/paracherkaoui.ma\/?s={search_term_string}\"},\"query-input\":{\"@type\":\"PropertyValueSpecification\",\"valueRequired\":true,\"valueName\":\"search_term_string\"}}],\"inLanguage\":\"fr-FR\"}]}<\/script>\r\n<!-- \/ Yoast SEO plugin. -->","yoast_head_json":{"title":"CATTIER ARGILE VERTE PRETE A L'EMPLOI 100 ML - Paracherkaoui.ma","robots":{"index":"index","follow":"follow","max-snippet":"max-snippet:-1","max-image-preview":"max-image-preview:large","max-video-preview":"max-video-preview:-1"},"canonical":"https:\/\/paracherkaoui.ma\/index.php\/produit\/cattier-argile-verte-prete-a-lemploi-100-ml\/","og_locale":"fr_FR","og_type":"article","og_title":"CATTIER ARGILE VERTE PRETE A L'EMPLOI 100 ML - Paracherkaoui.ma","og_description":"L\u2019Argile verte pr\u00eate \u00e0 l\u2019emploi Cattier est absorbante, purifiante et r\u00e9g\u00e9n\u00e9rante, elle est particuli\u00e8rement bien adapt\u00e9e au soin des peaux","og_url":"https:\/\/paracherkaoui.ma\/index.php\/produit\/cattier-argile-verte-prete-a-lemploi-100-ml\/","og_site_name":"Paracherkaoui.ma","article_modified_time":"2025-12-12T17:04:40+00:00","og_image":[{"width":700,"height":700,"url":"https:\/\/paracherkaoui.ma\/wp-content\/uploads\/2025\/12\/cattier-cattier-argile-verte-prete-a-lemploi-100-ml-masques-visage.jpg","type":"image\/jpeg"}],"twitter_card":"summary_large_image","twitter_misc":{"Dur\u00e9e de lecture estim\u00e9e":"1 minute"},"schema":{"@context":"https:\/\/schema.org","@graph":[{"@type":"WebPage","@id":"https:\/\/paracherkaoui.ma\/index.php\/produit\/cattier-argile-verte-prete-a-lemploi-100-ml\/","url":"https:\/\/paracherkaoui.ma\/index.php\/produit\/cattier-argile-verte-prete-a-lemploi-100-ml\/","name":"CATTIER ARGILE VERTE PRETE A L'EMPLOI 100 ML - Paracherkaoui.ma","isPartOf":{"@id":"https:\/\/paracherkaoui.ma\/#website"},"primaryImageOfPage":{"@id":"https:\/\/paracherkaoui.ma\/index.php\/produit\/cattier-argile-verte-prete-a-lemploi-100-ml\/#primaryimage"},"image":{"@id":"https:\/\/paracherkaoui.ma\/index.php\/produit\/cattier-argile-verte-prete-a-lemploi-100-ml\/#primaryimage"},"thumbnailUrl":"https:\/\/paracherkaoui.ma\/wp-content\/uploads\/2025\/12\/cattier-cattier-argile-verte-prete-a-lemploi-100-ml-masques-visage.jpg","datePublished":"2025-12-12T17:04:38+00:00","dateModified":"2025-12-12T17:04:40+00:00","breadcrumb":{"@id":"https:\/\/paracherkaoui.ma\/index.php\/produit\/cattier-argile-verte-prete-a-lemploi-100-ml\/#breadcrumb"},"inLanguage":"fr-FR","potentialAction":[{"@type":"ReadAction","target":["https:\/\/paracherkaoui.ma\/index.php\/produit\/cattier-argile-verte-prete-a-lemploi-100-ml\/"]}]},{"@type":"ImageObject","inLanguage":"fr-FR","@id":"https:\/\/paracherkaoui.ma\/index.php\/produit\/cattier-argile-verte-prete-a-lemploi-100-ml\/#primaryimage","url":"https:\/\/paracherkaoui.ma\/wp-content\/uploads\/2025\/12\/cattier-cattier-argile-verte-prete-a-lemploi-100-ml-masques-visage.jpg","contentUrl":"https:\/\/paracherkaoui.ma\/wp-content\/uploads\/2025\/12\/cattier-cattier-argile-verte-prete-a-lemploi-100-ml-masques-visage.jpg","width":700,"height":700},{"@type":"BreadcrumbList","@id":"https:\/\/paracherkaoui.ma\/index.php\/produit\/cattier-argile-verte-prete-a-lemploi-100-ml\/#breadcrumb","itemListElement":[{"@type":"ListItem","position":1,"name":"Accueil","item":"https:\/\/paracherkaoui.ma\/"},{"@type":"ListItem","position":2,"name":"Boutique","item":"https:\/\/paracherkaoui.ma\/index.php\/boutique\/"},{"@type":"ListItem","position":3,"name":"CATTIER ARGILE VERTE PRETE A L&rsquo;EMPLOI 100 ML"}]},{"@type":"WebSite","@id":"https:\/\/paracherkaoui.ma\/#website","url":"https:\/\/paracherkaoui.ma\/","name":"Paracherkaoui.ma","description":"Achetez en ligne sur Paracherkaoui.ma","potentialAction":[{"@type":"SearchAction","target":{"@type":"EntryPoint","urlTemplate":"https:\/\/paracherkaoui.ma\/?s={search_term_string}"},"query-input":{"@type":"PropertyValueSpecification","valueRequired":true,"valueName":"search_term_string"}}],"inLanguage":"fr-FR"}]}},"_links":{"self":[{"href":"https:\/\/paracherkaoui.ma\/index.php\/wp-json\/wp\/v2\/product\/20285","targetHints":{"allow":["GET"]}}],"collection":[{"href":"https:\/\/paracherkaoui.ma\/index.php\/wp-json\/wp\/v2\/product"}],"about":[{"href":"https:\/\/paracherkaoui.ma\/index.php\/wp-json\/wp\/v2\/types\/product"}],"replies":[{"embeddable":true,"href":"https:\/\/paracherkaoui.ma\/index.php\/wp-json\/wp\/v2\/comments?post=20285"}],"version-history":[{"count":1,"href":"https:\/\/paracherkaoui.ma\/index.php\/wp-json\/wp\/v2\/product\/20285\/revisions"}],"predecessor-version":[{"id":20319,"href":"https:\/\/paracherkaoui.ma\/index.php\/wp-json\/wp\/v2\/product\/20285\/revisions\/20319"}],"wp:featuredmedia":[{"embeddable":true,"href":"https:\/\/paracherkaoui.ma\/index.php\/wp-json\/wp\/v2\/media\/20318"}],"wp:attachment":[{"href":"https:\/\/paracherkaoui.ma\/index.php\/wp-json\/wp\/v2\/media?parent=20285"}],"wp:term":[{"taxonomy":"product_brand","embeddable":true,"href":"https:\/\/paracherkaoui.ma\/index.php\/wp-json\/wp\/v2\/product_brand?post=20285"},{"taxonomy":"product_cat","embeddable":true,"href":"https:\/\/paracherkaoui.ma\/index.php\/wp-json\/wp\/v2\/product_cat?post=20285"},{"taxonomy":"product_tag","embeddable":true,"href":"https:\/\/paracherkaoui.ma\/index.php\/wp-json\/wp\/v2\/product_tag?post=20285"}],"curies":[{"name":"wp","href":"https:\/\/api.w.org\/{rel}","templated":true}]}}