{"id":20284,"date":"2025-12-12T18:04:38","date_gmt":"2025-12-12T17:04:38","guid":{"rendered":"https:\/\/test.ecbeaute.com\/?post_type=product&#038;p=20284"},"modified":"2025-12-12T18:04:39","modified_gmt":"2025-12-12T17:04:39","slug":"biotherm-biosource-nettoyant-moussant-adoucissant-150-ml-peau-sensible","status":"publish","type":"product","link":"https:\/\/paracherkaoui.ma\/index.php\/produit\/biotherm-biosource-nettoyant-moussant-adoucissant-150-ml-peau-sensible\/","title":{"rendered":"BIOTHERM BIOSOURCE NETTOYANT MOUSSANT ADOUCISSANT 150 ML PEAU SENSIBLE"},"content":{"rendered":"<p>D\u00e9couvrez la Biotherm Biosource Nettoyant Moussant Adoucissant, un v\u00e9ritable bijou de soin pour votre peau. Sa formule unique allie l\u2019eau et la cr\u00e8me pour cr\u00e9er une mousse fine et onctueuse, qui nettoie en profondeur sans jamais dess\u00e9cher votre \u00e9piderme. Enrichie en vitamine E, un puissant antioxydant, et en Plancton de Vie\u2122, cette mousse offre \u00e0 votre peau une vitalit\u00e9 exceptionnelle.<br \/>\nEn un seul geste, elle \u00e9limine les impuret\u00e9s, le maquillage et la pollution, laissant votre visage parfaitement propre, souple et confortable. La texture l\u00e9g\u00e8re de ce nettoyant permet un rin\u00e7age rapide, facilitant ainsi votre routine de soins quotidienne. Apr\u00e8s utilisation, votre peau respire la fra\u00eecheur et est pr\u00eate \u00e0 recevoir votre cr\u00e8me hydratante ou votre s\u00e9rum favori.<br \/>\nConseils d&rsquo;utilisation :<br \/>\nAppliquez une petite quantit\u00e9 de mousse sur le visage humide.<br \/>\nMassez d\u00e9licatement avec des mouvements circulaires pour activer la mousse.<br \/>\nRincez \u00e0 l\u2019eau ti\u00e8de pour \u00e9liminer toute trace de produit.<br \/>\nS\u00e9chez d\u00e9licatement votre visage avec une serviette propre.<br \/>\nPoursuivez avec votre routine de soins habituelle.<br \/>\nComposition :<br \/>\naqua \u2022 glycerin \u2022 sodium cocoyl glycinate \u2022 montmorillonite \u2022 myristic acid \u2022 butylene glycol \u2022 argilla \u2022 palmitic acid \u2022 glycol stearate \u2022 lauric acid \u2022 stearic acid \u2022 potassium hydroxide \u2022 ci 77891 \u2022 sodium hydroxide \u2022 salicylic acid \u2022 phenoxyethanol \u2022 tetrasodium edta \u2022 kaolin \u2022 linalool \u2022 alpha-isomethyl ionone \u2022 butylphenyl methylpropional \u2022 citronellol \u2022 geraniol \u2022 maris sal \u2022 magnesium gluconate \u2022 benzyl alcohol \u2022 vitreoscilla ferment \u2022 ci 14700 \u2022 parfum \u2022<\/p>\n","protected":false},"excerpt":{"rendered":"<p>D\u00e9couvrez la Biotherm Biosource Nettoyant Moussant Adoucissant, un v\u00e9ritable bijou de soin pour votre peau. Sa formule unique allie l\u2019eau<\/p>\n","protected":false},"featured_media":20316,"comment_status":"open","ping_status":"closed","template":"","meta":[],"product_brand":[391],"product_cat":[346],"product_tag":[],"class_list":{"0":"post-20284","1":"product","2":"type-product","3":"status-publish","4":"has-post-thumbnail","6":"product_brand-biotherm","7":"product_cat-demaquillants-et-nettoyants","9":"first","10":"instock","11":"shipping-taxable","12":"purchasable","13":"product-type-simple"},"yoast_head":"<!-- This site is optimized with the Yoast SEO plugin v26.6 - https:\/\/yoast.com\/wordpress\/plugins\/seo\/ -->\r\n<title>BIOTHERM BIOSOURCE NETTOYANT MOUSSANT ADOUCISSANT 150 ML PEAU SENSIBLE - Paracherkaoui.ma<\/title>\r\n<meta name=\"robots\" content=\"index, follow, max-snippet:-1, max-image-preview:large, max-video-preview:-1\" \/>\r\n<link rel=\"canonical\" href=\"https:\/\/paracherkaoui.ma\/index.php\/produit\/biotherm-biosource-nettoyant-moussant-adoucissant-150-ml-peau-sensible\/\" \/>\r\n<meta property=\"og:locale\" content=\"fr_FR\" \/>\r\n<meta property=\"og:type\" content=\"article\" \/>\r\n<meta property=\"og:title\" content=\"BIOTHERM BIOSOURCE NETTOYANT MOUSSANT ADOUCISSANT 150 ML PEAU SENSIBLE - Paracherkaoui.ma\" \/>\r\n<meta property=\"og:description\" content=\"D\u00e9couvrez la Biotherm Biosource Nettoyant Moussant Adoucissant, un v\u00e9ritable bijou de soin pour votre peau. Sa formule unique allie l\u2019eau\" \/>\r\n<meta property=\"og:url\" content=\"https:\/\/paracherkaoui.ma\/index.php\/produit\/biotherm-biosource-nettoyant-moussant-adoucissant-150-ml-peau-sensible\/\" \/>\r\n<meta property=\"og:site_name\" content=\"Paracherkaoui.ma\" \/>\r\n<meta property=\"article:modified_time\" content=\"2025-12-12T17:04:39+00:00\" \/>\r\n<meta property=\"og:image\" content=\"https:\/\/paracherkaoui.ma\/wp-content\/uploads\/2025\/12\/biotherm-biosource-nettoyant-moussant-adoucissant-150-ml-peau-sensible.jpg\" \/>\r\n\t<meta property=\"og:image:width\" content=\"700\" \/>\r\n\t<meta property=\"og:image:height\" content=\"700\" \/>\r\n\t<meta property=\"og:image:type\" content=\"image\/jpeg\" \/>\r\n<meta name=\"twitter:card\" content=\"summary_large_image\" \/>\r\n<meta name=\"twitter:label1\" content=\"Dur\u00e9e de lecture estim\u00e9e\" \/>\n\t<meta name=\"twitter:data1\" content=\"1 minute\" \/>\r\n<script type=\"application\/ld+json\" class=\"yoast-schema-graph\">{\"@context\":\"https:\/\/schema.org\",\"@graph\":[{\"@type\":\"WebPage\",\"@id\":\"https:\/\/paracherkaoui.ma\/index.php\/produit\/biotherm-biosource-nettoyant-moussant-adoucissant-150-ml-peau-sensible\/\",\"url\":\"https:\/\/paracherkaoui.ma\/index.php\/produit\/biotherm-biosource-nettoyant-moussant-adoucissant-150-ml-peau-sensible\/\",\"name\":\"BIOTHERM BIOSOURCE NETTOYANT MOUSSANT ADOUCISSANT 150 ML PEAU SENSIBLE - Paracherkaoui.ma\",\"isPartOf\":{\"@id\":\"https:\/\/paracherkaoui.ma\/#website\"},\"primaryImageOfPage\":{\"@id\":\"https:\/\/paracherkaoui.ma\/index.php\/produit\/biotherm-biosource-nettoyant-moussant-adoucissant-150-ml-peau-sensible\/#primaryimage\"},\"image\":{\"@id\":\"https:\/\/paracherkaoui.ma\/index.php\/produit\/biotherm-biosource-nettoyant-moussant-adoucissant-150-ml-peau-sensible\/#primaryimage\"},\"thumbnailUrl\":\"https:\/\/paracherkaoui.ma\/wp-content\/uploads\/2025\/12\/biotherm-biosource-nettoyant-moussant-adoucissant-150-ml-peau-sensible.jpg\",\"datePublished\":\"2025-12-12T17:04:38+00:00\",\"dateModified\":\"2025-12-12T17:04:39+00:00\",\"breadcrumb\":{\"@id\":\"https:\/\/paracherkaoui.ma\/index.php\/produit\/biotherm-biosource-nettoyant-moussant-adoucissant-150-ml-peau-sensible\/#breadcrumb\"},\"inLanguage\":\"fr-FR\",\"potentialAction\":[{\"@type\":\"ReadAction\",\"target\":[\"https:\/\/paracherkaoui.ma\/index.php\/produit\/biotherm-biosource-nettoyant-moussant-adoucissant-150-ml-peau-sensible\/\"]}]},{\"@type\":\"ImageObject\",\"inLanguage\":\"fr-FR\",\"@id\":\"https:\/\/paracherkaoui.ma\/index.php\/produit\/biotherm-biosource-nettoyant-moussant-adoucissant-150-ml-peau-sensible\/#primaryimage\",\"url\":\"https:\/\/paracherkaoui.ma\/wp-content\/uploads\/2025\/12\/biotherm-biosource-nettoyant-moussant-adoucissant-150-ml-peau-sensible.jpg\",\"contentUrl\":\"https:\/\/paracherkaoui.ma\/wp-content\/uploads\/2025\/12\/biotherm-biosource-nettoyant-moussant-adoucissant-150-ml-peau-sensible.jpg\",\"width\":700,\"height\":700},{\"@type\":\"BreadcrumbList\",\"@id\":\"https:\/\/paracherkaoui.ma\/index.php\/produit\/biotherm-biosource-nettoyant-moussant-adoucissant-150-ml-peau-sensible\/#breadcrumb\",\"itemListElement\":[{\"@type\":\"ListItem\",\"position\":1,\"name\":\"Accueil\",\"item\":\"https:\/\/paracherkaoui.ma\/\"},{\"@type\":\"ListItem\",\"position\":2,\"name\":\"Boutique\",\"item\":\"https:\/\/paracherkaoui.ma\/index.php\/boutique\/\"},{\"@type\":\"ListItem\",\"position\":3,\"name\":\"BIOTHERM BIOSOURCE NETTOYANT MOUSSANT ADOUCISSANT 150 ML PEAU SENSIBLE\"}]},{\"@type\":\"WebSite\",\"@id\":\"https:\/\/paracherkaoui.ma\/#website\",\"url\":\"https:\/\/paracherkaoui.ma\/\",\"name\":\"Paracherkaoui.ma\",\"description\":\"Achetez en ligne sur Paracherkaoui.ma\",\"potentialAction\":[{\"@type\":\"SearchAction\",\"target\":{\"@type\":\"EntryPoint\",\"urlTemplate\":\"https:\/\/paracherkaoui.ma\/?s={search_term_string}\"},\"query-input\":{\"@type\":\"PropertyValueSpecification\",\"valueRequired\":true,\"valueName\":\"search_term_string\"}}],\"inLanguage\":\"fr-FR\"}]}<\/script>\r\n<!-- \/ Yoast SEO plugin. -->","yoast_head_json":{"title":"BIOTHERM BIOSOURCE NETTOYANT MOUSSANT ADOUCISSANT 150 ML PEAU SENSIBLE - Paracherkaoui.ma","robots":{"index":"index","follow":"follow","max-snippet":"max-snippet:-1","max-image-preview":"max-image-preview:large","max-video-preview":"max-video-preview:-1"},"canonical":"https:\/\/paracherkaoui.ma\/index.php\/produit\/biotherm-biosource-nettoyant-moussant-adoucissant-150-ml-peau-sensible\/","og_locale":"fr_FR","og_type":"article","og_title":"BIOTHERM BIOSOURCE NETTOYANT MOUSSANT ADOUCISSANT 150 ML PEAU SENSIBLE - Paracherkaoui.ma","og_description":"D\u00e9couvrez la Biotherm Biosource Nettoyant Moussant Adoucissant, un v\u00e9ritable bijou de soin pour votre peau. Sa formule unique allie l\u2019eau","og_url":"https:\/\/paracherkaoui.ma\/index.php\/produit\/biotherm-biosource-nettoyant-moussant-adoucissant-150-ml-peau-sensible\/","og_site_name":"Paracherkaoui.ma","article_modified_time":"2025-12-12T17:04:39+00:00","og_image":[{"width":700,"height":700,"url":"https:\/\/paracherkaoui.ma\/wp-content\/uploads\/2025\/12\/biotherm-biosource-nettoyant-moussant-adoucissant-150-ml-peau-sensible.jpg","type":"image\/jpeg"}],"twitter_card":"summary_large_image","twitter_misc":{"Dur\u00e9e de lecture estim\u00e9e":"1 minute"},"schema":{"@context":"https:\/\/schema.org","@graph":[{"@type":"WebPage","@id":"https:\/\/paracherkaoui.ma\/index.php\/produit\/biotherm-biosource-nettoyant-moussant-adoucissant-150-ml-peau-sensible\/","url":"https:\/\/paracherkaoui.ma\/index.php\/produit\/biotherm-biosource-nettoyant-moussant-adoucissant-150-ml-peau-sensible\/","name":"BIOTHERM BIOSOURCE NETTOYANT MOUSSANT ADOUCISSANT 150 ML PEAU SENSIBLE - Paracherkaoui.ma","isPartOf":{"@id":"https:\/\/paracherkaoui.ma\/#website"},"primaryImageOfPage":{"@id":"https:\/\/paracherkaoui.ma\/index.php\/produit\/biotherm-biosource-nettoyant-moussant-adoucissant-150-ml-peau-sensible\/#primaryimage"},"image":{"@id":"https:\/\/paracherkaoui.ma\/index.php\/produit\/biotherm-biosource-nettoyant-moussant-adoucissant-150-ml-peau-sensible\/#primaryimage"},"thumbnailUrl":"https:\/\/paracherkaoui.ma\/wp-content\/uploads\/2025\/12\/biotherm-biosource-nettoyant-moussant-adoucissant-150-ml-peau-sensible.jpg","datePublished":"2025-12-12T17:04:38+00:00","dateModified":"2025-12-12T17:04:39+00:00","breadcrumb":{"@id":"https:\/\/paracherkaoui.ma\/index.php\/produit\/biotherm-biosource-nettoyant-moussant-adoucissant-150-ml-peau-sensible\/#breadcrumb"},"inLanguage":"fr-FR","potentialAction":[{"@type":"ReadAction","target":["https:\/\/paracherkaoui.ma\/index.php\/produit\/biotherm-biosource-nettoyant-moussant-adoucissant-150-ml-peau-sensible\/"]}]},{"@type":"ImageObject","inLanguage":"fr-FR","@id":"https:\/\/paracherkaoui.ma\/index.php\/produit\/biotherm-biosource-nettoyant-moussant-adoucissant-150-ml-peau-sensible\/#primaryimage","url":"https:\/\/paracherkaoui.ma\/wp-content\/uploads\/2025\/12\/biotherm-biosource-nettoyant-moussant-adoucissant-150-ml-peau-sensible.jpg","contentUrl":"https:\/\/paracherkaoui.ma\/wp-content\/uploads\/2025\/12\/biotherm-biosource-nettoyant-moussant-adoucissant-150-ml-peau-sensible.jpg","width":700,"height":700},{"@type":"BreadcrumbList","@id":"https:\/\/paracherkaoui.ma\/index.php\/produit\/biotherm-biosource-nettoyant-moussant-adoucissant-150-ml-peau-sensible\/#breadcrumb","itemListElement":[{"@type":"ListItem","position":1,"name":"Accueil","item":"https:\/\/paracherkaoui.ma\/"},{"@type":"ListItem","position":2,"name":"Boutique","item":"https:\/\/paracherkaoui.ma\/index.php\/boutique\/"},{"@type":"ListItem","position":3,"name":"BIOTHERM BIOSOURCE NETTOYANT MOUSSANT ADOUCISSANT 150 ML PEAU SENSIBLE"}]},{"@type":"WebSite","@id":"https:\/\/paracherkaoui.ma\/#website","url":"https:\/\/paracherkaoui.ma\/","name":"Paracherkaoui.ma","description":"Achetez en ligne sur Paracherkaoui.ma","potentialAction":[{"@type":"SearchAction","target":{"@type":"EntryPoint","urlTemplate":"https:\/\/paracherkaoui.ma\/?s={search_term_string}"},"query-input":{"@type":"PropertyValueSpecification","valueRequired":true,"valueName":"search_term_string"}}],"inLanguage":"fr-FR"}]}},"_links":{"self":[{"href":"https:\/\/paracherkaoui.ma\/index.php\/wp-json\/wp\/v2\/product\/20284","targetHints":{"allow":["GET"]}}],"collection":[{"href":"https:\/\/paracherkaoui.ma\/index.php\/wp-json\/wp\/v2\/product"}],"about":[{"href":"https:\/\/paracherkaoui.ma\/index.php\/wp-json\/wp\/v2\/types\/product"}],"replies":[{"embeddable":true,"href":"https:\/\/paracherkaoui.ma\/index.php\/wp-json\/wp\/v2\/comments?post=20284"}],"version-history":[{"count":1,"href":"https:\/\/paracherkaoui.ma\/index.php\/wp-json\/wp\/v2\/product\/20284\/revisions"}],"predecessor-version":[{"id":20317,"href":"https:\/\/paracherkaoui.ma\/index.php\/wp-json\/wp\/v2\/product\/20284\/revisions\/20317"}],"wp:featuredmedia":[{"embeddable":true,"href":"https:\/\/paracherkaoui.ma\/index.php\/wp-json\/wp\/v2\/media\/20316"}],"wp:attachment":[{"href":"https:\/\/paracherkaoui.ma\/index.php\/wp-json\/wp\/v2\/media?parent=20284"}],"wp:term":[{"taxonomy":"product_brand","embeddable":true,"href":"https:\/\/paracherkaoui.ma\/index.php\/wp-json\/wp\/v2\/product_brand?post=20284"},{"taxonomy":"product_cat","embeddable":true,"href":"https:\/\/paracherkaoui.ma\/index.php\/wp-json\/wp\/v2\/product_cat?post=20284"},{"taxonomy":"product_tag","embeddable":true,"href":"https:\/\/paracherkaoui.ma\/index.php\/wp-json\/wp\/v2\/product_tag?post=20284"}],"curies":[{"name":"wp","href":"https:\/\/api.w.org\/{rel}","templated":true}]}}