{"id":20225,"date":"2025-12-12T18:04:33","date_gmt":"2025-12-12T17:04:33","guid":{"rendered":"https:\/\/test.ecbeaute.com\/?post_type=product&#038;p=20225"},"modified":"2025-12-12T18:04:36","modified_gmt":"2025-12-12T17:04:36","slug":"bioderma-sebium-peel-concentre-lissant-nuit-peaux-sensibles-a-mixtes-2","status":"publish","type":"product","link":"https:\/\/paracherkaoui.ma\/index.php\/produit\/bioderma-sebium-peel-concentre-lissant-nuit-peaux-sensibles-a-mixtes-2\/","title":{"rendered":"BIODERMA SEBIUM PEEL CONCENTRE LISSANT NUIT PEAUX SENSIBLES A MIXTES"},"content":{"rendered":"<p>Description:<br \/>\nNight Peel est un soin peeling de nuit pour les peaux mixtes et grasses \u00e0 imperfections afin de retrouver l\u2019efficacit\u00e9 d\u2019un peeling doux chez soi.Cette action peeling est induite par la pr\u00e9sence \u00e0 hauteur de 15% d\u2019acide glycolique. Naturellement pr\u00e9sent dans les fruits, et fr\u00e9quemment utilis\u00e9 par les dermatologues pour les peelings car il est tr\u00e8s efficace et bien tol\u00e9r\u00e9, cet acide AHA a une action k\u00e9ratolytique de surface. Il r\u00e9sorbe les imperfections, diminue les l\u00e9sions cicatricielles et redonne de l&rsquo;\u00e9clat en favorisant le renouvellement de la peau. Pour renforcer son action anti-imperfection, Night Peel int\u00e8gre le brevet Fluidactiv de la gamme S\u00e9bium. Gr\u00e2ce \u00e0 la pr\u00e9sence du Brevet Fluidactiv, le maintien de la qualit\u00e9 du s\u00e9bum est assur\u00e9 et l\u2019obstruction des pores est ainsi \u00e9vit\u00e9e pour pr\u00e9venir l&rsquo;apparition de nouvelles imperfections.Il associe \u00e9galement du D-panth\u00e9nol pour ses propri\u00e9t\u00e9s restructurantes et apaisantes.<\/p>\n<p>Conseils d\u2019utilisation :<br \/>\n&#8211; Appliquer le soir uniquement sur peau nettoy\u00e9e et s\u00e8che, non irrit\u00e9e, pendant 4 semaines.- Rincer le visage le matin.- Faire une pause d&rsquo;un mois entre les utilisations.- Peut \u00eatre utilis\u00e9 comme un pr\u00e9-peeling dermato avant un acte esth\u00e9tique, pour pr\u00e9parer la peau.<\/p>\n","protected":false},"excerpt":{"rendered":"<p>Description: Night Peel est un soin peeling de nuit pour les peaux mixtes et grasses \u00e0 imperfections afin de retrouver<\/p>\n","protected":false},"featured_media":13658,"comment_status":"open","ping_status":"closed","template":"","meta":[],"product_brand":[137],"product_cat":[346],"product_tag":[],"class_list":{"0":"post-20225","1":"product","2":"type-product","3":"status-publish","4":"has-post-thumbnail","6":"product_brand-bioderma","7":"product_cat-demaquillants-et-nettoyants","9":"first","10":"instock","11":"sale","12":"shipping-taxable","13":"purchasable","14":"product-type-simple"},"yoast_head":"<!-- This site is optimized with the Yoast SEO plugin v26.6 - https:\/\/yoast.com\/wordpress\/plugins\/seo\/ -->\r\n<title>BIODERMA SEBIUM PEEL CONCENTRE LISSANT NUIT PEAUX SENSIBLES A MIXTES - Paracherkaoui.ma<\/title>\r\n<meta name=\"robots\" content=\"index, follow, max-snippet:-1, max-image-preview:large, max-video-preview:-1\" \/>\r\n<link rel=\"canonical\" href=\"https:\/\/paracherkaoui.ma\/index.php\/produit\/bioderma-sebium-peel-concentre-lissant-nuit-peaux-sensibles-a-mixtes-2\/\" \/>\r\n<meta property=\"og:locale\" content=\"fr_FR\" \/>\r\n<meta property=\"og:type\" content=\"article\" \/>\r\n<meta property=\"og:title\" content=\"BIODERMA SEBIUM PEEL CONCENTRE LISSANT NUIT PEAUX SENSIBLES A MIXTES - Paracherkaoui.ma\" \/>\r\n<meta property=\"og:description\" content=\"Description: Night Peel est un soin peeling de nuit pour les peaux mixtes et grasses \u00e0 imperfections afin de retrouver\" \/>\r\n<meta property=\"og:url\" content=\"https:\/\/paracherkaoui.ma\/index.php\/produit\/bioderma-sebium-peel-concentre-lissant-nuit-peaux-sensibles-a-mixtes-2\/\" \/>\r\n<meta property=\"og:site_name\" content=\"Paracherkaoui.ma\" \/>\r\n<meta property=\"article:modified_time\" content=\"2025-12-12T17:04:36+00:00\" \/>\r\n<meta property=\"og:image\" content=\"https:\/\/paracherkaoui.ma\/wp-content\/uploads\/2025\/12\/bioderma-bioderma-sebium-peel-concentre-lissant-nuit-peaux-sensibles-a-mixtes-soins-anti-imperfections.jpg\" \/>\r\n\t<meta property=\"og:image:width\" content=\"700\" \/>\r\n\t<meta property=\"og:image:height\" content=\"700\" \/>\r\n\t<meta property=\"og:image:type\" content=\"image\/jpeg\" \/>\r\n<meta name=\"twitter:card\" content=\"summary_large_image\" \/>\r\n<meta name=\"twitter:label1\" content=\"Dur\u00e9e de lecture estim\u00e9e\" \/>\n\t<meta name=\"twitter:data1\" content=\"1 minute\" \/>\r\n<script type=\"application\/ld+json\" class=\"yoast-schema-graph\">{\"@context\":\"https:\/\/schema.org\",\"@graph\":[{\"@type\":\"WebPage\",\"@id\":\"https:\/\/paracherkaoui.ma\/index.php\/produit\/bioderma-sebium-peel-concentre-lissant-nuit-peaux-sensibles-a-mixtes-2\/\",\"url\":\"https:\/\/paracherkaoui.ma\/index.php\/produit\/bioderma-sebium-peel-concentre-lissant-nuit-peaux-sensibles-a-mixtes-2\/\",\"name\":\"BIODERMA SEBIUM PEEL CONCENTRE LISSANT NUIT PEAUX SENSIBLES A MIXTES - Paracherkaoui.ma\",\"isPartOf\":{\"@id\":\"https:\/\/paracherkaoui.ma\/#website\"},\"primaryImageOfPage\":{\"@id\":\"https:\/\/paracherkaoui.ma\/index.php\/produit\/bioderma-sebium-peel-concentre-lissant-nuit-peaux-sensibles-a-mixtes-2\/#primaryimage\"},\"image\":{\"@id\":\"https:\/\/paracherkaoui.ma\/index.php\/produit\/bioderma-sebium-peel-concentre-lissant-nuit-peaux-sensibles-a-mixtes-2\/#primaryimage\"},\"thumbnailUrl\":\"https:\/\/paracherkaoui.ma\/wp-content\/uploads\/2025\/12\/bioderma-bioderma-sebium-peel-concentre-lissant-nuit-peaux-sensibles-a-mixtes-soins-anti-imperfections.jpg\",\"datePublished\":\"2025-12-12T17:04:33+00:00\",\"dateModified\":\"2025-12-12T17:04:36+00:00\",\"breadcrumb\":{\"@id\":\"https:\/\/paracherkaoui.ma\/index.php\/produit\/bioderma-sebium-peel-concentre-lissant-nuit-peaux-sensibles-a-mixtes-2\/#breadcrumb\"},\"inLanguage\":\"fr-FR\",\"potentialAction\":[{\"@type\":\"ReadAction\",\"target\":[\"https:\/\/paracherkaoui.ma\/index.php\/produit\/bioderma-sebium-peel-concentre-lissant-nuit-peaux-sensibles-a-mixtes-2\/\"]}]},{\"@type\":\"ImageObject\",\"inLanguage\":\"fr-FR\",\"@id\":\"https:\/\/paracherkaoui.ma\/index.php\/produit\/bioderma-sebium-peel-concentre-lissant-nuit-peaux-sensibles-a-mixtes-2\/#primaryimage\",\"url\":\"https:\/\/paracherkaoui.ma\/wp-content\/uploads\/2025\/12\/bioderma-bioderma-sebium-peel-concentre-lissant-nuit-peaux-sensibles-a-mixtes-soins-anti-imperfections.jpg\",\"contentUrl\":\"https:\/\/paracherkaoui.ma\/wp-content\/uploads\/2025\/12\/bioderma-bioderma-sebium-peel-concentre-lissant-nuit-peaux-sensibles-a-mixtes-soins-anti-imperfections.jpg\",\"width\":700,\"height\":700},{\"@type\":\"BreadcrumbList\",\"@id\":\"https:\/\/paracherkaoui.ma\/index.php\/produit\/bioderma-sebium-peel-concentre-lissant-nuit-peaux-sensibles-a-mixtes-2\/#breadcrumb\",\"itemListElement\":[{\"@type\":\"ListItem\",\"position\":1,\"name\":\"Accueil\",\"item\":\"https:\/\/paracherkaoui.ma\/\"},{\"@type\":\"ListItem\",\"position\":2,\"name\":\"Boutique\",\"item\":\"https:\/\/paracherkaoui.ma\/index.php\/boutique\/\"},{\"@type\":\"ListItem\",\"position\":3,\"name\":\"BIODERMA SEBIUM PEEL CONCENTRE LISSANT NUIT PEAUX SENSIBLES A MIXTES\"}]},{\"@type\":\"WebSite\",\"@id\":\"https:\/\/paracherkaoui.ma\/#website\",\"url\":\"https:\/\/paracherkaoui.ma\/\",\"name\":\"Paracherkaoui.ma\",\"description\":\"Achetez en ligne sur Paracherkaoui.ma\",\"potentialAction\":[{\"@type\":\"SearchAction\",\"target\":{\"@type\":\"EntryPoint\",\"urlTemplate\":\"https:\/\/paracherkaoui.ma\/?s={search_term_string}\"},\"query-input\":{\"@type\":\"PropertyValueSpecification\",\"valueRequired\":true,\"valueName\":\"search_term_string\"}}],\"inLanguage\":\"fr-FR\"}]}<\/script>\r\n<!-- \/ Yoast SEO plugin. -->","yoast_head_json":{"title":"BIODERMA SEBIUM PEEL CONCENTRE LISSANT NUIT PEAUX SENSIBLES A MIXTES - Paracherkaoui.ma","robots":{"index":"index","follow":"follow","max-snippet":"max-snippet:-1","max-image-preview":"max-image-preview:large","max-video-preview":"max-video-preview:-1"},"canonical":"https:\/\/paracherkaoui.ma\/index.php\/produit\/bioderma-sebium-peel-concentre-lissant-nuit-peaux-sensibles-a-mixtes-2\/","og_locale":"fr_FR","og_type":"article","og_title":"BIODERMA SEBIUM PEEL CONCENTRE LISSANT NUIT PEAUX SENSIBLES A MIXTES - Paracherkaoui.ma","og_description":"Description: Night Peel est un soin peeling de nuit pour les peaux mixtes et grasses \u00e0 imperfections afin de retrouver","og_url":"https:\/\/paracherkaoui.ma\/index.php\/produit\/bioderma-sebium-peel-concentre-lissant-nuit-peaux-sensibles-a-mixtes-2\/","og_site_name":"Paracherkaoui.ma","article_modified_time":"2025-12-12T17:04:36+00:00","og_image":[{"width":700,"height":700,"url":"https:\/\/paracherkaoui.ma\/wp-content\/uploads\/2025\/12\/bioderma-bioderma-sebium-peel-concentre-lissant-nuit-peaux-sensibles-a-mixtes-soins-anti-imperfections.jpg","type":"image\/jpeg"}],"twitter_card":"summary_large_image","twitter_misc":{"Dur\u00e9e de lecture estim\u00e9e":"1 minute"},"schema":{"@context":"https:\/\/schema.org","@graph":[{"@type":"WebPage","@id":"https:\/\/paracherkaoui.ma\/index.php\/produit\/bioderma-sebium-peel-concentre-lissant-nuit-peaux-sensibles-a-mixtes-2\/","url":"https:\/\/paracherkaoui.ma\/index.php\/produit\/bioderma-sebium-peel-concentre-lissant-nuit-peaux-sensibles-a-mixtes-2\/","name":"BIODERMA SEBIUM PEEL CONCENTRE LISSANT NUIT PEAUX SENSIBLES A MIXTES - Paracherkaoui.ma","isPartOf":{"@id":"https:\/\/paracherkaoui.ma\/#website"},"primaryImageOfPage":{"@id":"https:\/\/paracherkaoui.ma\/index.php\/produit\/bioderma-sebium-peel-concentre-lissant-nuit-peaux-sensibles-a-mixtes-2\/#primaryimage"},"image":{"@id":"https:\/\/paracherkaoui.ma\/index.php\/produit\/bioderma-sebium-peel-concentre-lissant-nuit-peaux-sensibles-a-mixtes-2\/#primaryimage"},"thumbnailUrl":"https:\/\/paracherkaoui.ma\/wp-content\/uploads\/2025\/12\/bioderma-bioderma-sebium-peel-concentre-lissant-nuit-peaux-sensibles-a-mixtes-soins-anti-imperfections.jpg","datePublished":"2025-12-12T17:04:33+00:00","dateModified":"2025-12-12T17:04:36+00:00","breadcrumb":{"@id":"https:\/\/paracherkaoui.ma\/index.php\/produit\/bioderma-sebium-peel-concentre-lissant-nuit-peaux-sensibles-a-mixtes-2\/#breadcrumb"},"inLanguage":"fr-FR","potentialAction":[{"@type":"ReadAction","target":["https:\/\/paracherkaoui.ma\/index.php\/produit\/bioderma-sebium-peel-concentre-lissant-nuit-peaux-sensibles-a-mixtes-2\/"]}]},{"@type":"ImageObject","inLanguage":"fr-FR","@id":"https:\/\/paracherkaoui.ma\/index.php\/produit\/bioderma-sebium-peel-concentre-lissant-nuit-peaux-sensibles-a-mixtes-2\/#primaryimage","url":"https:\/\/paracherkaoui.ma\/wp-content\/uploads\/2025\/12\/bioderma-bioderma-sebium-peel-concentre-lissant-nuit-peaux-sensibles-a-mixtes-soins-anti-imperfections.jpg","contentUrl":"https:\/\/paracherkaoui.ma\/wp-content\/uploads\/2025\/12\/bioderma-bioderma-sebium-peel-concentre-lissant-nuit-peaux-sensibles-a-mixtes-soins-anti-imperfections.jpg","width":700,"height":700},{"@type":"BreadcrumbList","@id":"https:\/\/paracherkaoui.ma\/index.php\/produit\/bioderma-sebium-peel-concentre-lissant-nuit-peaux-sensibles-a-mixtes-2\/#breadcrumb","itemListElement":[{"@type":"ListItem","position":1,"name":"Accueil","item":"https:\/\/paracherkaoui.ma\/"},{"@type":"ListItem","position":2,"name":"Boutique","item":"https:\/\/paracherkaoui.ma\/index.php\/boutique\/"},{"@type":"ListItem","position":3,"name":"BIODERMA SEBIUM PEEL CONCENTRE LISSANT NUIT PEAUX SENSIBLES A MIXTES"}]},{"@type":"WebSite","@id":"https:\/\/paracherkaoui.ma\/#website","url":"https:\/\/paracherkaoui.ma\/","name":"Paracherkaoui.ma","description":"Achetez en ligne sur Paracherkaoui.ma","potentialAction":[{"@type":"SearchAction","target":{"@type":"EntryPoint","urlTemplate":"https:\/\/paracherkaoui.ma\/?s={search_term_string}"},"query-input":{"@type":"PropertyValueSpecification","valueRequired":true,"valueName":"search_term_string"}}],"inLanguage":"fr-FR"}]}},"_links":{"self":[{"href":"https:\/\/paracherkaoui.ma\/index.php\/wp-json\/wp\/v2\/product\/20225","targetHints":{"allow":["GET"]}}],"collection":[{"href":"https:\/\/paracherkaoui.ma\/index.php\/wp-json\/wp\/v2\/product"}],"about":[{"href":"https:\/\/paracherkaoui.ma\/index.php\/wp-json\/wp\/v2\/types\/product"}],"replies":[{"embeddable":true,"href":"https:\/\/paracherkaoui.ma\/index.php\/wp-json\/wp\/v2\/comments?post=20225"}],"version-history":[{"count":1,"href":"https:\/\/paracherkaoui.ma\/index.php\/wp-json\/wp\/v2\/product\/20225\/revisions"}],"predecessor-version":[{"id":20268,"href":"https:\/\/paracherkaoui.ma\/index.php\/wp-json\/wp\/v2\/product\/20225\/revisions\/20268"}],"wp:featuredmedia":[{"embeddable":true,"href":"https:\/\/paracherkaoui.ma\/index.php\/wp-json\/wp\/v2\/media\/13658"}],"wp:attachment":[{"href":"https:\/\/paracherkaoui.ma\/index.php\/wp-json\/wp\/v2\/media?parent=20225"}],"wp:term":[{"taxonomy":"product_brand","embeddable":true,"href":"https:\/\/paracherkaoui.ma\/index.php\/wp-json\/wp\/v2\/product_brand?post=20225"},{"taxonomy":"product_cat","embeddable":true,"href":"https:\/\/paracherkaoui.ma\/index.php\/wp-json\/wp\/v2\/product_cat?post=20225"},{"taxonomy":"product_tag","embeddable":true,"href":"https:\/\/paracherkaoui.ma\/index.php\/wp-json\/wp\/v2\/product_tag?post=20225"}],"curies":[{"name":"wp","href":"https:\/\/api.w.org\/{rel}","templated":true}]}}