{"id":20221,"date":"2025-12-12T18:04:33","date_gmt":"2025-12-12T17:04:33","guid":{"rendered":"https:\/\/test.ecbeaute.com\/?post_type=product&#038;p=20221"},"modified":"2025-12-12T18:04:36","modified_gmt":"2025-12-12T17:04:36","slug":"cetaphil-pro-eczema-prone-skin-nettoyant-corps-295-ml-3","status":"publish","type":"product","link":"https:\/\/paracherkaoui.ma\/index.php\/produit\/cetaphil-pro-eczema-prone-skin-nettoyant-corps-295-ml-3\/","title":{"rendered":"CETAPHIL PRO ECZEMA PRONE SKIN NETTOYANT CORPS 295 ML"},"content":{"rendered":"<p>Cetaphil Pro Eczema le Nettoyant Hydratant pour le corps est formul\u00e9 pour les peaux atopiques. Effet nettoyant non irritant et non ass\u00e9chant cliniquement d\u00e9montr\u00e9 sur une peau atopique en utilisation quotidienne. Nettoyant moussant pour peaux tr\u00e8s s\u00e8ches et alt\u00e9r\u00e9es. Se rince facilement, laisse la peau lisse et douce. Sans savon, sans parfum. Hypoallerg\u00e9nique. Convient aux enfants et aux adultes.<br \/>\nUn nettoyant unique formul\u00e9 pour apaiser les peaux s\u00e8ches et sensibles. Gr\u00e2ce \u00e0 une technologie de pointe, ce nettoyant cr\u00e9meux nettoie et rince en douceur pour maintenir les huiles nourrissantes pour la peau dans un nettoyant doux sans savon.<br \/>\nConseils d\u2019utilisation<br \/>\nIl est conseill\u00e9 d\u2019Appliquer Cetaphil Pro Eczema sur une peau humide et faire mousser. Rincer, s\u00e8cher la peau et appliquer ensuite CETAPHIL RESTORADERM Emulsion Hydratante.<\/p>\n","protected":false},"excerpt":{"rendered":"<p>Cetaphil Pro Eczema le Nettoyant Hydratant pour le corps est formul\u00e9 pour les peaux atopiques. Effet nettoyant non irritant et<\/p>\n","protected":false},"featured_media":11384,"comment_status":"open","ping_status":"closed","template":"","meta":[],"product_brand":[150],"product_cat":[346],"product_tag":[],"class_list":{"0":"post-20221","1":"product","2":"type-product","3":"status-publish","4":"has-post-thumbnail","6":"product_brand-cetaphil","7":"product_cat-demaquillants-et-nettoyants","9":"first","10":"instock","11":"sale","12":"shipping-taxable","13":"purchasable","14":"product-type-simple"},"yoast_head":"<!-- This site is optimized with the Yoast SEO plugin v26.6 - https:\/\/yoast.com\/wordpress\/plugins\/seo\/ -->\r\n<title>CETAPHIL PRO ECZEMA PRONE SKIN NETTOYANT CORPS 295 ML - Paracherkaoui.ma<\/title>\r\n<meta name=\"robots\" content=\"index, follow, max-snippet:-1, max-image-preview:large, max-video-preview:-1\" \/>\r\n<link rel=\"canonical\" href=\"https:\/\/paracherkaoui.ma\/index.php\/produit\/cetaphil-pro-eczema-prone-skin-nettoyant-corps-295-ml-3\/\" \/>\r\n<meta property=\"og:locale\" content=\"fr_FR\" \/>\r\n<meta property=\"og:type\" content=\"article\" \/>\r\n<meta property=\"og:title\" content=\"CETAPHIL PRO ECZEMA PRONE SKIN NETTOYANT CORPS 295 ML - Paracherkaoui.ma\" \/>\r\n<meta property=\"og:description\" content=\"Cetaphil Pro Eczema le Nettoyant Hydratant pour le corps est formul\u00e9 pour les peaux atopiques. Effet nettoyant non irritant et\" \/>\r\n<meta property=\"og:url\" content=\"https:\/\/paracherkaoui.ma\/index.php\/produit\/cetaphil-pro-eczema-prone-skin-nettoyant-corps-295-ml-3\/\" \/>\r\n<meta property=\"og:site_name\" content=\"Paracherkaoui.ma\" \/>\r\n<meta property=\"article:modified_time\" content=\"2025-12-12T17:04:36+00:00\" \/>\r\n<meta property=\"og:image\" content=\"https:\/\/paracherkaoui.ma\/wp-content\/uploads\/2025\/12\/cetaphil-cetaphil-pro-eczema-prone-skin-nettoyant-corps-295-ml-nettoyants-visage.jpg\" \/>\r\n\t<meta property=\"og:image:width\" content=\"700\" \/>\r\n\t<meta property=\"og:image:height\" content=\"700\" \/>\r\n\t<meta property=\"og:image:type\" content=\"image\/jpeg\" \/>\r\n<meta name=\"twitter:card\" content=\"summary_large_image\" \/>\r\n<meta name=\"twitter:label1\" content=\"Dur\u00e9e de lecture estim\u00e9e\" \/>\n\t<meta name=\"twitter:data1\" content=\"1 minute\" \/>\r\n<script type=\"application\/ld+json\" class=\"yoast-schema-graph\">{\"@context\":\"https:\/\/schema.org\",\"@graph\":[{\"@type\":\"WebPage\",\"@id\":\"https:\/\/paracherkaoui.ma\/index.php\/produit\/cetaphil-pro-eczema-prone-skin-nettoyant-corps-295-ml-3\/\",\"url\":\"https:\/\/paracherkaoui.ma\/index.php\/produit\/cetaphil-pro-eczema-prone-skin-nettoyant-corps-295-ml-3\/\",\"name\":\"CETAPHIL PRO ECZEMA PRONE SKIN NETTOYANT CORPS 295 ML - Paracherkaoui.ma\",\"isPartOf\":{\"@id\":\"https:\/\/paracherkaoui.ma\/#website\"},\"primaryImageOfPage\":{\"@id\":\"https:\/\/paracherkaoui.ma\/index.php\/produit\/cetaphil-pro-eczema-prone-skin-nettoyant-corps-295-ml-3\/#primaryimage\"},\"image\":{\"@id\":\"https:\/\/paracherkaoui.ma\/index.php\/produit\/cetaphil-pro-eczema-prone-skin-nettoyant-corps-295-ml-3\/#primaryimage\"},\"thumbnailUrl\":\"https:\/\/paracherkaoui.ma\/wp-content\/uploads\/2025\/12\/cetaphil-cetaphil-pro-eczema-prone-skin-nettoyant-corps-295-ml-nettoyants-visage.jpg\",\"datePublished\":\"2025-12-12T17:04:33+00:00\",\"dateModified\":\"2025-12-12T17:04:36+00:00\",\"breadcrumb\":{\"@id\":\"https:\/\/paracherkaoui.ma\/index.php\/produit\/cetaphil-pro-eczema-prone-skin-nettoyant-corps-295-ml-3\/#breadcrumb\"},\"inLanguage\":\"fr-FR\",\"potentialAction\":[{\"@type\":\"ReadAction\",\"target\":[\"https:\/\/paracherkaoui.ma\/index.php\/produit\/cetaphil-pro-eczema-prone-skin-nettoyant-corps-295-ml-3\/\"]}]},{\"@type\":\"ImageObject\",\"inLanguage\":\"fr-FR\",\"@id\":\"https:\/\/paracherkaoui.ma\/index.php\/produit\/cetaphil-pro-eczema-prone-skin-nettoyant-corps-295-ml-3\/#primaryimage\",\"url\":\"https:\/\/paracherkaoui.ma\/wp-content\/uploads\/2025\/12\/cetaphil-cetaphil-pro-eczema-prone-skin-nettoyant-corps-295-ml-nettoyants-visage.jpg\",\"contentUrl\":\"https:\/\/paracherkaoui.ma\/wp-content\/uploads\/2025\/12\/cetaphil-cetaphil-pro-eczema-prone-skin-nettoyant-corps-295-ml-nettoyants-visage.jpg\",\"width\":700,\"height\":700},{\"@type\":\"BreadcrumbList\",\"@id\":\"https:\/\/paracherkaoui.ma\/index.php\/produit\/cetaphil-pro-eczema-prone-skin-nettoyant-corps-295-ml-3\/#breadcrumb\",\"itemListElement\":[{\"@type\":\"ListItem\",\"position\":1,\"name\":\"Accueil\",\"item\":\"https:\/\/paracherkaoui.ma\/\"},{\"@type\":\"ListItem\",\"position\":2,\"name\":\"Boutique\",\"item\":\"https:\/\/paracherkaoui.ma\/index.php\/boutique\/\"},{\"@type\":\"ListItem\",\"position\":3,\"name\":\"CETAPHIL PRO ECZEMA PRONE SKIN NETTOYANT CORPS 295 ML\"}]},{\"@type\":\"WebSite\",\"@id\":\"https:\/\/paracherkaoui.ma\/#website\",\"url\":\"https:\/\/paracherkaoui.ma\/\",\"name\":\"Paracherkaoui.ma\",\"description\":\"Achetez en ligne sur Paracherkaoui.ma\",\"potentialAction\":[{\"@type\":\"SearchAction\",\"target\":{\"@type\":\"EntryPoint\",\"urlTemplate\":\"https:\/\/paracherkaoui.ma\/?s={search_term_string}\"},\"query-input\":{\"@type\":\"PropertyValueSpecification\",\"valueRequired\":true,\"valueName\":\"search_term_string\"}}],\"inLanguage\":\"fr-FR\"}]}<\/script>\r\n<!-- \/ Yoast SEO plugin. -->","yoast_head_json":{"title":"CETAPHIL PRO ECZEMA PRONE SKIN NETTOYANT CORPS 295 ML - Paracherkaoui.ma","robots":{"index":"index","follow":"follow","max-snippet":"max-snippet:-1","max-image-preview":"max-image-preview:large","max-video-preview":"max-video-preview:-1"},"canonical":"https:\/\/paracherkaoui.ma\/index.php\/produit\/cetaphil-pro-eczema-prone-skin-nettoyant-corps-295-ml-3\/","og_locale":"fr_FR","og_type":"article","og_title":"CETAPHIL PRO ECZEMA PRONE SKIN NETTOYANT CORPS 295 ML - Paracherkaoui.ma","og_description":"Cetaphil Pro Eczema le Nettoyant Hydratant pour le corps est formul\u00e9 pour les peaux atopiques. Effet nettoyant non irritant et","og_url":"https:\/\/paracherkaoui.ma\/index.php\/produit\/cetaphil-pro-eczema-prone-skin-nettoyant-corps-295-ml-3\/","og_site_name":"Paracherkaoui.ma","article_modified_time":"2025-12-12T17:04:36+00:00","og_image":[{"width":700,"height":700,"url":"https:\/\/paracherkaoui.ma\/wp-content\/uploads\/2025\/12\/cetaphil-cetaphil-pro-eczema-prone-skin-nettoyant-corps-295-ml-nettoyants-visage.jpg","type":"image\/jpeg"}],"twitter_card":"summary_large_image","twitter_misc":{"Dur\u00e9e de lecture estim\u00e9e":"1 minute"},"schema":{"@context":"https:\/\/schema.org","@graph":[{"@type":"WebPage","@id":"https:\/\/paracherkaoui.ma\/index.php\/produit\/cetaphil-pro-eczema-prone-skin-nettoyant-corps-295-ml-3\/","url":"https:\/\/paracherkaoui.ma\/index.php\/produit\/cetaphil-pro-eczema-prone-skin-nettoyant-corps-295-ml-3\/","name":"CETAPHIL PRO ECZEMA PRONE SKIN NETTOYANT CORPS 295 ML - Paracherkaoui.ma","isPartOf":{"@id":"https:\/\/paracherkaoui.ma\/#website"},"primaryImageOfPage":{"@id":"https:\/\/paracherkaoui.ma\/index.php\/produit\/cetaphil-pro-eczema-prone-skin-nettoyant-corps-295-ml-3\/#primaryimage"},"image":{"@id":"https:\/\/paracherkaoui.ma\/index.php\/produit\/cetaphil-pro-eczema-prone-skin-nettoyant-corps-295-ml-3\/#primaryimage"},"thumbnailUrl":"https:\/\/paracherkaoui.ma\/wp-content\/uploads\/2025\/12\/cetaphil-cetaphil-pro-eczema-prone-skin-nettoyant-corps-295-ml-nettoyants-visage.jpg","datePublished":"2025-12-12T17:04:33+00:00","dateModified":"2025-12-12T17:04:36+00:00","breadcrumb":{"@id":"https:\/\/paracherkaoui.ma\/index.php\/produit\/cetaphil-pro-eczema-prone-skin-nettoyant-corps-295-ml-3\/#breadcrumb"},"inLanguage":"fr-FR","potentialAction":[{"@type":"ReadAction","target":["https:\/\/paracherkaoui.ma\/index.php\/produit\/cetaphil-pro-eczema-prone-skin-nettoyant-corps-295-ml-3\/"]}]},{"@type":"ImageObject","inLanguage":"fr-FR","@id":"https:\/\/paracherkaoui.ma\/index.php\/produit\/cetaphil-pro-eczema-prone-skin-nettoyant-corps-295-ml-3\/#primaryimage","url":"https:\/\/paracherkaoui.ma\/wp-content\/uploads\/2025\/12\/cetaphil-cetaphil-pro-eczema-prone-skin-nettoyant-corps-295-ml-nettoyants-visage.jpg","contentUrl":"https:\/\/paracherkaoui.ma\/wp-content\/uploads\/2025\/12\/cetaphil-cetaphil-pro-eczema-prone-skin-nettoyant-corps-295-ml-nettoyants-visage.jpg","width":700,"height":700},{"@type":"BreadcrumbList","@id":"https:\/\/paracherkaoui.ma\/index.php\/produit\/cetaphil-pro-eczema-prone-skin-nettoyant-corps-295-ml-3\/#breadcrumb","itemListElement":[{"@type":"ListItem","position":1,"name":"Accueil","item":"https:\/\/paracherkaoui.ma\/"},{"@type":"ListItem","position":2,"name":"Boutique","item":"https:\/\/paracherkaoui.ma\/index.php\/boutique\/"},{"@type":"ListItem","position":3,"name":"CETAPHIL PRO ECZEMA PRONE SKIN NETTOYANT CORPS 295 ML"}]},{"@type":"WebSite","@id":"https:\/\/paracherkaoui.ma\/#website","url":"https:\/\/paracherkaoui.ma\/","name":"Paracherkaoui.ma","description":"Achetez en ligne sur Paracherkaoui.ma","potentialAction":[{"@type":"SearchAction","target":{"@type":"EntryPoint","urlTemplate":"https:\/\/paracherkaoui.ma\/?s={search_term_string}"},"query-input":{"@type":"PropertyValueSpecification","valueRequired":true,"valueName":"search_term_string"}}],"inLanguage":"fr-FR"}]}},"_links":{"self":[{"href":"https:\/\/paracherkaoui.ma\/index.php\/wp-json\/wp\/v2\/product\/20221","targetHints":{"allow":["GET"]}}],"collection":[{"href":"https:\/\/paracherkaoui.ma\/index.php\/wp-json\/wp\/v2\/product"}],"about":[{"href":"https:\/\/paracherkaoui.ma\/index.php\/wp-json\/wp\/v2\/types\/product"}],"replies":[{"embeddable":true,"href":"https:\/\/paracherkaoui.ma\/index.php\/wp-json\/wp\/v2\/comments?post=20221"}],"version-history":[{"count":1,"href":"https:\/\/paracherkaoui.ma\/index.php\/wp-json\/wp\/v2\/product\/20221\/revisions"}],"predecessor-version":[{"id":20262,"href":"https:\/\/paracherkaoui.ma\/index.php\/wp-json\/wp\/v2\/product\/20221\/revisions\/20262"}],"wp:featuredmedia":[{"embeddable":true,"href":"https:\/\/paracherkaoui.ma\/index.php\/wp-json\/wp\/v2\/media\/11384"}],"wp:attachment":[{"href":"https:\/\/paracherkaoui.ma\/index.php\/wp-json\/wp\/v2\/media?parent=20221"}],"wp:term":[{"taxonomy":"product_brand","embeddable":true,"href":"https:\/\/paracherkaoui.ma\/index.php\/wp-json\/wp\/v2\/product_brand?post=20221"},{"taxonomy":"product_cat","embeddable":true,"href":"https:\/\/paracherkaoui.ma\/index.php\/wp-json\/wp\/v2\/product_cat?post=20221"},{"taxonomy":"product_tag","embeddable":true,"href":"https:\/\/paracherkaoui.ma\/index.php\/wp-json\/wp\/v2\/product_tag?post=20221"}],"curies":[{"name":"wp","href":"https:\/\/api.w.org\/{rel}","templated":true}]}}