{"id":20208,"date":"2025-12-12T18:04:32","date_gmt":"2025-12-12T17:04:32","guid":{"rendered":"https:\/\/test.ecbeaute.com\/?post_type=product&#038;p=20208"},"modified":"2025-12-12T18:04:34","modified_gmt":"2025-12-12T17:04:34","slug":"svr-sebiaclear-creme-lavante-200-ml-2","status":"publish","type":"product","link":"https:\/\/paracherkaoui.ma\/index.php\/produit\/svr-sebiaclear-creme-lavante-200-ml-2\/","title":{"rendered":"SVR SEBIACLEAR CREME LAVANTE 200 ML"},"content":{"rendered":"<p>Pour les peaux sensibles, fragilis\u00e9es, irrit\u00e9es d\u00fb au dess\u00e8chement cutan\u00e9. Peaux \u00e0 imperfections d\u00e9shydrat\u00e9es ou peaux fragilis\u00e9es par les traitements dess\u00e9chants. Visage et corps. Adolescents, adultes.<br \/>\nNettoyer sa peau est un geste indispensable de la routine beaut\u00e9. Mais quand la peau est sensibilis\u00e9e, d\u00e9shydrat\u00e9e ou encore fragilis\u00e9e par des traitements dess\u00e9chants, elle a besoin d\u2019un nettoyant tout particulier ultra confortable.<br \/>\nLa Cr\u00e8me Lavante SEBIACLEAR a \u00e9t\u00e9 sp\u00e9cialement formul\u00e9e sans parfum et sans savon pour nettoyer en douceur dans le plus grand respect des peaux sensibles fragilis\u00e9es. Sa base lavante sans tensioactifs sulfat\u00e9s est associ\u00e9e au zinc pour purifier la peau et \u00e0 la niacinamide pour apaiser les sensations de tiraillements, d\u2019irritations et renforcer la barri\u00e8re cutan\u00e9e. Sa texture enveloppante non moussante \u00e9limine les impuret\u00e9s et l\u2019exc\u00e8s de s\u00e9bum pour une sensation peau nette. Enrichie en glyc\u00e9rine, elle prot\u00e8ge la peau en aidant \u00e0 compenser les effets des traitements dess\u00e9chants. La peau est douce, fraiche et confortable.<br \/>\nCONSEILS D&rsquo;UTILISATION:<br \/>\nAppliquer sur le visage et\/ou le corps, masser doucement puis rincer.<br \/>\nMatin et soir.<\/p>\n","protected":false},"excerpt":{"rendered":"<p>Pour les peaux sensibles, fragilis\u00e9es, irrit\u00e9es d\u00fb au dess\u00e8chement cutan\u00e9. Peaux \u00e0 imperfections d\u00e9shydrat\u00e9es ou peaux fragilis\u00e9es par les traitements<\/p>\n","protected":false},"featured_media":12513,"comment_status":"open","ping_status":"closed","template":"","meta":[],"product_brand":[133],"product_cat":[346],"product_tag":[],"class_list":{"0":"post-20208","1":"product","2":"type-product","3":"status-publish","4":"has-post-thumbnail","6":"product_brand-svr","7":"product_cat-demaquillants-et-nettoyants","9":"first","10":"instock","11":"sale","12":"shipping-taxable","13":"purchasable","14":"product-type-simple"},"yoast_head":"<!-- This site is optimized with the Yoast SEO plugin v26.6 - https:\/\/yoast.com\/wordpress\/plugins\/seo\/ -->\r\n<title>SVR SEBIACLEAR CREME LAVANTE 200 ML - Paracherkaoui.ma<\/title>\r\n<meta name=\"robots\" content=\"index, follow, max-snippet:-1, max-image-preview:large, max-video-preview:-1\" \/>\r\n<link rel=\"canonical\" href=\"https:\/\/paracherkaoui.ma\/index.php\/produit\/svr-sebiaclear-creme-lavante-200-ml-2\/\" \/>\r\n<meta property=\"og:locale\" content=\"fr_FR\" \/>\r\n<meta property=\"og:type\" content=\"article\" \/>\r\n<meta property=\"og:title\" content=\"SVR SEBIACLEAR CREME LAVANTE 200 ML - Paracherkaoui.ma\" \/>\r\n<meta property=\"og:description\" content=\"Pour les peaux sensibles, fragilis\u00e9es, irrit\u00e9es d\u00fb au dess\u00e8chement cutan\u00e9. Peaux \u00e0 imperfections d\u00e9shydrat\u00e9es ou peaux fragilis\u00e9es par les traitements\" \/>\r\n<meta property=\"og:url\" content=\"https:\/\/paracherkaoui.ma\/index.php\/produit\/svr-sebiaclear-creme-lavante-200-ml-2\/\" \/>\r\n<meta property=\"og:site_name\" content=\"Paracherkaoui.ma\" \/>\r\n<meta property=\"article:modified_time\" content=\"2025-12-12T17:04:34+00:00\" \/>\r\n<meta property=\"og:image\" content=\"https:\/\/paracherkaoui.ma\/wp-content\/uploads\/2025\/12\/svr-svr-sebiaclear-creme-lavante-200-ml-home.jpg\" \/>\r\n\t<meta property=\"og:image:width\" content=\"700\" \/>\r\n\t<meta property=\"og:image:height\" content=\"700\" \/>\r\n\t<meta property=\"og:image:type\" content=\"image\/jpeg\" \/>\r\n<meta name=\"twitter:card\" content=\"summary_large_image\" \/>\r\n<meta name=\"twitter:label1\" content=\"Dur\u00e9e de lecture estim\u00e9e\" \/>\n\t<meta name=\"twitter:data1\" content=\"1 minute\" \/>\r\n<script type=\"application\/ld+json\" class=\"yoast-schema-graph\">{\"@context\":\"https:\/\/schema.org\",\"@graph\":[{\"@type\":\"WebPage\",\"@id\":\"https:\/\/paracherkaoui.ma\/index.php\/produit\/svr-sebiaclear-creme-lavante-200-ml-2\/\",\"url\":\"https:\/\/paracherkaoui.ma\/index.php\/produit\/svr-sebiaclear-creme-lavante-200-ml-2\/\",\"name\":\"SVR SEBIACLEAR CREME LAVANTE 200 ML - Paracherkaoui.ma\",\"isPartOf\":{\"@id\":\"https:\/\/paracherkaoui.ma\/#website\"},\"primaryImageOfPage\":{\"@id\":\"https:\/\/paracherkaoui.ma\/index.php\/produit\/svr-sebiaclear-creme-lavante-200-ml-2\/#primaryimage\"},\"image\":{\"@id\":\"https:\/\/paracherkaoui.ma\/index.php\/produit\/svr-sebiaclear-creme-lavante-200-ml-2\/#primaryimage\"},\"thumbnailUrl\":\"https:\/\/paracherkaoui.ma\/wp-content\/uploads\/2025\/12\/svr-svr-sebiaclear-creme-lavante-200-ml-home.jpg\",\"datePublished\":\"2025-12-12T17:04:32+00:00\",\"dateModified\":\"2025-12-12T17:04:34+00:00\",\"breadcrumb\":{\"@id\":\"https:\/\/paracherkaoui.ma\/index.php\/produit\/svr-sebiaclear-creme-lavante-200-ml-2\/#breadcrumb\"},\"inLanguage\":\"fr-FR\",\"potentialAction\":[{\"@type\":\"ReadAction\",\"target\":[\"https:\/\/paracherkaoui.ma\/index.php\/produit\/svr-sebiaclear-creme-lavante-200-ml-2\/\"]}]},{\"@type\":\"ImageObject\",\"inLanguage\":\"fr-FR\",\"@id\":\"https:\/\/paracherkaoui.ma\/index.php\/produit\/svr-sebiaclear-creme-lavante-200-ml-2\/#primaryimage\",\"url\":\"https:\/\/paracherkaoui.ma\/wp-content\/uploads\/2025\/12\/svr-svr-sebiaclear-creme-lavante-200-ml-home.jpg\",\"contentUrl\":\"https:\/\/paracherkaoui.ma\/wp-content\/uploads\/2025\/12\/svr-svr-sebiaclear-creme-lavante-200-ml-home.jpg\",\"width\":700,\"height\":700},{\"@type\":\"BreadcrumbList\",\"@id\":\"https:\/\/paracherkaoui.ma\/index.php\/produit\/svr-sebiaclear-creme-lavante-200-ml-2\/#breadcrumb\",\"itemListElement\":[{\"@type\":\"ListItem\",\"position\":1,\"name\":\"Accueil\",\"item\":\"https:\/\/paracherkaoui.ma\/\"},{\"@type\":\"ListItem\",\"position\":2,\"name\":\"Boutique\",\"item\":\"https:\/\/paracherkaoui.ma\/index.php\/boutique\/\"},{\"@type\":\"ListItem\",\"position\":3,\"name\":\"SVR SEBIACLEAR CREME LAVANTE 200 ML\"}]},{\"@type\":\"WebSite\",\"@id\":\"https:\/\/paracherkaoui.ma\/#website\",\"url\":\"https:\/\/paracherkaoui.ma\/\",\"name\":\"Paracherkaoui.ma\",\"description\":\"Achetez en ligne sur Paracherkaoui.ma\",\"potentialAction\":[{\"@type\":\"SearchAction\",\"target\":{\"@type\":\"EntryPoint\",\"urlTemplate\":\"https:\/\/paracherkaoui.ma\/?s={search_term_string}\"},\"query-input\":{\"@type\":\"PropertyValueSpecification\",\"valueRequired\":true,\"valueName\":\"search_term_string\"}}],\"inLanguage\":\"fr-FR\"}]}<\/script>\r\n<!-- \/ Yoast SEO plugin. -->","yoast_head_json":{"title":"SVR SEBIACLEAR CREME LAVANTE 200 ML - Paracherkaoui.ma","robots":{"index":"index","follow":"follow","max-snippet":"max-snippet:-1","max-image-preview":"max-image-preview:large","max-video-preview":"max-video-preview:-1"},"canonical":"https:\/\/paracherkaoui.ma\/index.php\/produit\/svr-sebiaclear-creme-lavante-200-ml-2\/","og_locale":"fr_FR","og_type":"article","og_title":"SVR SEBIACLEAR CREME LAVANTE 200 ML - Paracherkaoui.ma","og_description":"Pour les peaux sensibles, fragilis\u00e9es, irrit\u00e9es d\u00fb au dess\u00e8chement cutan\u00e9. Peaux \u00e0 imperfections d\u00e9shydrat\u00e9es ou peaux fragilis\u00e9es par les traitements","og_url":"https:\/\/paracherkaoui.ma\/index.php\/produit\/svr-sebiaclear-creme-lavante-200-ml-2\/","og_site_name":"Paracherkaoui.ma","article_modified_time":"2025-12-12T17:04:34+00:00","og_image":[{"width":700,"height":700,"url":"https:\/\/paracherkaoui.ma\/wp-content\/uploads\/2025\/12\/svr-svr-sebiaclear-creme-lavante-200-ml-home.jpg","type":"image\/jpeg"}],"twitter_card":"summary_large_image","twitter_misc":{"Dur\u00e9e de lecture estim\u00e9e":"1 minute"},"schema":{"@context":"https:\/\/schema.org","@graph":[{"@type":"WebPage","@id":"https:\/\/paracherkaoui.ma\/index.php\/produit\/svr-sebiaclear-creme-lavante-200-ml-2\/","url":"https:\/\/paracherkaoui.ma\/index.php\/produit\/svr-sebiaclear-creme-lavante-200-ml-2\/","name":"SVR SEBIACLEAR CREME LAVANTE 200 ML - Paracherkaoui.ma","isPartOf":{"@id":"https:\/\/paracherkaoui.ma\/#website"},"primaryImageOfPage":{"@id":"https:\/\/paracherkaoui.ma\/index.php\/produit\/svr-sebiaclear-creme-lavante-200-ml-2\/#primaryimage"},"image":{"@id":"https:\/\/paracherkaoui.ma\/index.php\/produit\/svr-sebiaclear-creme-lavante-200-ml-2\/#primaryimage"},"thumbnailUrl":"https:\/\/paracherkaoui.ma\/wp-content\/uploads\/2025\/12\/svr-svr-sebiaclear-creme-lavante-200-ml-home.jpg","datePublished":"2025-12-12T17:04:32+00:00","dateModified":"2025-12-12T17:04:34+00:00","breadcrumb":{"@id":"https:\/\/paracherkaoui.ma\/index.php\/produit\/svr-sebiaclear-creme-lavante-200-ml-2\/#breadcrumb"},"inLanguage":"fr-FR","potentialAction":[{"@type":"ReadAction","target":["https:\/\/paracherkaoui.ma\/index.php\/produit\/svr-sebiaclear-creme-lavante-200-ml-2\/"]}]},{"@type":"ImageObject","inLanguage":"fr-FR","@id":"https:\/\/paracherkaoui.ma\/index.php\/produit\/svr-sebiaclear-creme-lavante-200-ml-2\/#primaryimage","url":"https:\/\/paracherkaoui.ma\/wp-content\/uploads\/2025\/12\/svr-svr-sebiaclear-creme-lavante-200-ml-home.jpg","contentUrl":"https:\/\/paracherkaoui.ma\/wp-content\/uploads\/2025\/12\/svr-svr-sebiaclear-creme-lavante-200-ml-home.jpg","width":700,"height":700},{"@type":"BreadcrumbList","@id":"https:\/\/paracherkaoui.ma\/index.php\/produit\/svr-sebiaclear-creme-lavante-200-ml-2\/#breadcrumb","itemListElement":[{"@type":"ListItem","position":1,"name":"Accueil","item":"https:\/\/paracherkaoui.ma\/"},{"@type":"ListItem","position":2,"name":"Boutique","item":"https:\/\/paracherkaoui.ma\/index.php\/boutique\/"},{"@type":"ListItem","position":3,"name":"SVR SEBIACLEAR CREME LAVANTE 200 ML"}]},{"@type":"WebSite","@id":"https:\/\/paracherkaoui.ma\/#website","url":"https:\/\/paracherkaoui.ma\/","name":"Paracherkaoui.ma","description":"Achetez en ligne sur Paracherkaoui.ma","potentialAction":[{"@type":"SearchAction","target":{"@type":"EntryPoint","urlTemplate":"https:\/\/paracherkaoui.ma\/?s={search_term_string}"},"query-input":{"@type":"PropertyValueSpecification","valueRequired":true,"valueName":"search_term_string"}}],"inLanguage":"fr-FR"}]}},"_links":{"self":[{"href":"https:\/\/paracherkaoui.ma\/index.php\/wp-json\/wp\/v2\/product\/20208","targetHints":{"allow":["GET"]}}],"collection":[{"href":"https:\/\/paracherkaoui.ma\/index.php\/wp-json\/wp\/v2\/product"}],"about":[{"href":"https:\/\/paracherkaoui.ma\/index.php\/wp-json\/wp\/v2\/types\/product"}],"replies":[{"embeddable":true,"href":"https:\/\/paracherkaoui.ma\/index.php\/wp-json\/wp\/v2\/comments?post=20208"}],"version-history":[{"count":1,"href":"https:\/\/paracherkaoui.ma\/index.php\/wp-json\/wp\/v2\/product\/20208\/revisions"}],"predecessor-version":[{"id":20241,"href":"https:\/\/paracherkaoui.ma\/index.php\/wp-json\/wp\/v2\/product\/20208\/revisions\/20241"}],"wp:featuredmedia":[{"embeddable":true,"href":"https:\/\/paracherkaoui.ma\/index.php\/wp-json\/wp\/v2\/media\/12513"}],"wp:attachment":[{"href":"https:\/\/paracherkaoui.ma\/index.php\/wp-json\/wp\/v2\/media?parent=20208"}],"wp:term":[{"taxonomy":"product_brand","embeddable":true,"href":"https:\/\/paracherkaoui.ma\/index.php\/wp-json\/wp\/v2\/product_brand?post=20208"},{"taxonomy":"product_cat","embeddable":true,"href":"https:\/\/paracherkaoui.ma\/index.php\/wp-json\/wp\/v2\/product_cat?post=20208"},{"taxonomy":"product_tag","embeddable":true,"href":"https:\/\/paracherkaoui.ma\/index.php\/wp-json\/wp\/v2\/product_tag?post=20208"}],"curies":[{"name":"wp","href":"https:\/\/api.w.org\/{rel}","templated":true}]}}