{"id":20207,"date":"2025-12-12T18:04:32","date_gmt":"2025-12-12T17:04:32","guid":{"rendered":"https:\/\/test.ecbeaute.com\/?post_type=product&#038;p=20207"},"modified":"2025-12-12T18:04:34","modified_gmt":"2025-12-12T17:04:34","slug":"lierac-la-lotion-hydratante-200ml","status":"publish","type":"product","link":"https:\/\/paracherkaoui.ma\/index.php\/produit\/lierac-la-lotion-hydratante-200ml\/","title":{"rendered":"LIERAC LA LOTION HYDRATANTE 200ML"},"content":{"rendered":"<p>Compos\u00e9e \u00e0 98% d&rsquo;ingr\u00e9dients d&rsquo;origine naturelle, La Lotion Hydratante \u00e9limine les impuret\u00e9s et traces de maquillage r\u00e9siduelles, tout en hydratant et lissant la peau. Au coeur de sa formule, le Complexe Pr\u00e9biotiques Marin pr\u00e9serve et renforce le microbiote cutan\u00e9. Enrichie en Acide Hyaluronique, pour son action lissante et repulpante.<\/p>\n<p>Sa texture g\u00e9lifi\u00e9e fra\u00eeche et l\u00e9g\u00e8re fond sur la peau pour l&rsquo;envelopper d&rsquo;hydratation. La peau est nette, repulp\u00e9e et pr\u00eate \u00e0 recevoir les soins.<\/p>\n<p>Convient \u00e0 tous les types de peaux, m\u00eame sensibles.<\/p>\n<p>VEGAN*<br \/>\nTest\u00e9 sous contr\u00f4le dermatologique.<br \/>\nConseils d&rsquo;utilisation:<br \/>\nAppliquer \u00e0 l&rsquo;aide d&rsquo;un coton en \u00e9vitant le contour des yeux.<\/p>\n","protected":false},"excerpt":{"rendered":"<p>Compos\u00e9e \u00e0 98% d&rsquo;ingr\u00e9dients d&rsquo;origine naturelle, La Lotion Hydratante \u00e9limine les impuret\u00e9s et traces de maquillage r\u00e9siduelles, tout en hydratant<\/p>\n","protected":false},"featured_media":20239,"comment_status":"open","ping_status":"closed","template":"","meta":[],"product_brand":[371],"product_cat":[346],"product_tag":[],"class_list":{"0":"post-20207","1":"product","2":"type-product","3":"status-publish","4":"has-post-thumbnail","6":"product_brand-lierac","7":"product_cat-demaquillants-et-nettoyants","9":"first","10":"instock","11":"shipping-taxable","12":"purchasable","13":"product-type-simple"},"yoast_head":"<!-- This site is optimized with the Yoast SEO plugin v26.6 - https:\/\/yoast.com\/wordpress\/plugins\/seo\/ -->\r\n<title>LIERAC LA LOTION HYDRATANTE 200ML - Paracherkaoui.ma<\/title>\r\n<meta name=\"robots\" content=\"index, follow, max-snippet:-1, max-image-preview:large, max-video-preview:-1\" \/>\r\n<link rel=\"canonical\" href=\"https:\/\/paracherkaoui.ma\/index.php\/produit\/lierac-la-lotion-hydratante-200ml\/\" \/>\r\n<meta property=\"og:locale\" content=\"fr_FR\" \/>\r\n<meta property=\"og:type\" content=\"article\" \/>\r\n<meta property=\"og:title\" content=\"LIERAC LA LOTION HYDRATANTE 200ML - Paracherkaoui.ma\" \/>\r\n<meta property=\"og:description\" content=\"Compos\u00e9e \u00e0 98% d&rsquo;ingr\u00e9dients d&rsquo;origine naturelle, La Lotion Hydratante \u00e9limine les impuret\u00e9s et traces de maquillage r\u00e9siduelles, tout en hydratant\" \/>\r\n<meta property=\"og:url\" content=\"https:\/\/paracherkaoui.ma\/index.php\/produit\/lierac-la-lotion-hydratante-200ml\/\" \/>\r\n<meta property=\"og:site_name\" content=\"Paracherkaoui.ma\" \/>\r\n<meta property=\"article:modified_time\" content=\"2025-12-12T17:04:34+00:00\" \/>\r\n<meta property=\"og:image\" content=\"https:\/\/paracherkaoui.ma\/wp-content\/uploads\/2025\/12\/lierac-lierac-la-lotion-hydratante-200ml-nettoyants-visage.jpg\" \/>\r\n\t<meta property=\"og:image:width\" content=\"700\" \/>\r\n\t<meta property=\"og:image:height\" content=\"700\" \/>\r\n\t<meta property=\"og:image:type\" content=\"image\/jpeg\" \/>\r\n<meta name=\"twitter:card\" content=\"summary_large_image\" \/>\r\n<meta name=\"twitter:label1\" content=\"Dur\u00e9e de lecture estim\u00e9e\" \/>\n\t<meta name=\"twitter:data1\" content=\"1 minute\" \/>\r\n<script type=\"application\/ld+json\" class=\"yoast-schema-graph\">{\"@context\":\"https:\/\/schema.org\",\"@graph\":[{\"@type\":\"WebPage\",\"@id\":\"https:\/\/paracherkaoui.ma\/index.php\/produit\/lierac-la-lotion-hydratante-200ml\/\",\"url\":\"https:\/\/paracherkaoui.ma\/index.php\/produit\/lierac-la-lotion-hydratante-200ml\/\",\"name\":\"LIERAC LA LOTION HYDRATANTE 200ML - Paracherkaoui.ma\",\"isPartOf\":{\"@id\":\"https:\/\/paracherkaoui.ma\/#website\"},\"primaryImageOfPage\":{\"@id\":\"https:\/\/paracherkaoui.ma\/index.php\/produit\/lierac-la-lotion-hydratante-200ml\/#primaryimage\"},\"image\":{\"@id\":\"https:\/\/paracherkaoui.ma\/index.php\/produit\/lierac-la-lotion-hydratante-200ml\/#primaryimage\"},\"thumbnailUrl\":\"https:\/\/paracherkaoui.ma\/wp-content\/uploads\/2025\/12\/lierac-lierac-la-lotion-hydratante-200ml-nettoyants-visage.jpg\",\"datePublished\":\"2025-12-12T17:04:32+00:00\",\"dateModified\":\"2025-12-12T17:04:34+00:00\",\"breadcrumb\":{\"@id\":\"https:\/\/paracherkaoui.ma\/index.php\/produit\/lierac-la-lotion-hydratante-200ml\/#breadcrumb\"},\"inLanguage\":\"fr-FR\",\"potentialAction\":[{\"@type\":\"ReadAction\",\"target\":[\"https:\/\/paracherkaoui.ma\/index.php\/produit\/lierac-la-lotion-hydratante-200ml\/\"]}]},{\"@type\":\"ImageObject\",\"inLanguage\":\"fr-FR\",\"@id\":\"https:\/\/paracherkaoui.ma\/index.php\/produit\/lierac-la-lotion-hydratante-200ml\/#primaryimage\",\"url\":\"https:\/\/paracherkaoui.ma\/wp-content\/uploads\/2025\/12\/lierac-lierac-la-lotion-hydratante-200ml-nettoyants-visage.jpg\",\"contentUrl\":\"https:\/\/paracherkaoui.ma\/wp-content\/uploads\/2025\/12\/lierac-lierac-la-lotion-hydratante-200ml-nettoyants-visage.jpg\",\"width\":700,\"height\":700},{\"@type\":\"BreadcrumbList\",\"@id\":\"https:\/\/paracherkaoui.ma\/index.php\/produit\/lierac-la-lotion-hydratante-200ml\/#breadcrumb\",\"itemListElement\":[{\"@type\":\"ListItem\",\"position\":1,\"name\":\"Accueil\",\"item\":\"https:\/\/paracherkaoui.ma\/\"},{\"@type\":\"ListItem\",\"position\":2,\"name\":\"Boutique\",\"item\":\"https:\/\/paracherkaoui.ma\/index.php\/boutique\/\"},{\"@type\":\"ListItem\",\"position\":3,\"name\":\"LIERAC LA LOTION HYDRATANTE 200ML\"}]},{\"@type\":\"WebSite\",\"@id\":\"https:\/\/paracherkaoui.ma\/#website\",\"url\":\"https:\/\/paracherkaoui.ma\/\",\"name\":\"Paracherkaoui.ma\",\"description\":\"Achetez en ligne sur Paracherkaoui.ma\",\"potentialAction\":[{\"@type\":\"SearchAction\",\"target\":{\"@type\":\"EntryPoint\",\"urlTemplate\":\"https:\/\/paracherkaoui.ma\/?s={search_term_string}\"},\"query-input\":{\"@type\":\"PropertyValueSpecification\",\"valueRequired\":true,\"valueName\":\"search_term_string\"}}],\"inLanguage\":\"fr-FR\"}]}<\/script>\r\n<!-- \/ Yoast SEO plugin. -->","yoast_head_json":{"title":"LIERAC LA LOTION HYDRATANTE 200ML - Paracherkaoui.ma","robots":{"index":"index","follow":"follow","max-snippet":"max-snippet:-1","max-image-preview":"max-image-preview:large","max-video-preview":"max-video-preview:-1"},"canonical":"https:\/\/paracherkaoui.ma\/index.php\/produit\/lierac-la-lotion-hydratante-200ml\/","og_locale":"fr_FR","og_type":"article","og_title":"LIERAC LA LOTION HYDRATANTE 200ML - Paracherkaoui.ma","og_description":"Compos\u00e9e \u00e0 98% d&rsquo;ingr\u00e9dients d&rsquo;origine naturelle, La Lotion Hydratante \u00e9limine les impuret\u00e9s et traces de maquillage r\u00e9siduelles, tout en hydratant","og_url":"https:\/\/paracherkaoui.ma\/index.php\/produit\/lierac-la-lotion-hydratante-200ml\/","og_site_name":"Paracherkaoui.ma","article_modified_time":"2025-12-12T17:04:34+00:00","og_image":[{"width":700,"height":700,"url":"https:\/\/paracherkaoui.ma\/wp-content\/uploads\/2025\/12\/lierac-lierac-la-lotion-hydratante-200ml-nettoyants-visage.jpg","type":"image\/jpeg"}],"twitter_card":"summary_large_image","twitter_misc":{"Dur\u00e9e de lecture estim\u00e9e":"1 minute"},"schema":{"@context":"https:\/\/schema.org","@graph":[{"@type":"WebPage","@id":"https:\/\/paracherkaoui.ma\/index.php\/produit\/lierac-la-lotion-hydratante-200ml\/","url":"https:\/\/paracherkaoui.ma\/index.php\/produit\/lierac-la-lotion-hydratante-200ml\/","name":"LIERAC LA LOTION HYDRATANTE 200ML - Paracherkaoui.ma","isPartOf":{"@id":"https:\/\/paracherkaoui.ma\/#website"},"primaryImageOfPage":{"@id":"https:\/\/paracherkaoui.ma\/index.php\/produit\/lierac-la-lotion-hydratante-200ml\/#primaryimage"},"image":{"@id":"https:\/\/paracherkaoui.ma\/index.php\/produit\/lierac-la-lotion-hydratante-200ml\/#primaryimage"},"thumbnailUrl":"https:\/\/paracherkaoui.ma\/wp-content\/uploads\/2025\/12\/lierac-lierac-la-lotion-hydratante-200ml-nettoyants-visage.jpg","datePublished":"2025-12-12T17:04:32+00:00","dateModified":"2025-12-12T17:04:34+00:00","breadcrumb":{"@id":"https:\/\/paracherkaoui.ma\/index.php\/produit\/lierac-la-lotion-hydratante-200ml\/#breadcrumb"},"inLanguage":"fr-FR","potentialAction":[{"@type":"ReadAction","target":["https:\/\/paracherkaoui.ma\/index.php\/produit\/lierac-la-lotion-hydratante-200ml\/"]}]},{"@type":"ImageObject","inLanguage":"fr-FR","@id":"https:\/\/paracherkaoui.ma\/index.php\/produit\/lierac-la-lotion-hydratante-200ml\/#primaryimage","url":"https:\/\/paracherkaoui.ma\/wp-content\/uploads\/2025\/12\/lierac-lierac-la-lotion-hydratante-200ml-nettoyants-visage.jpg","contentUrl":"https:\/\/paracherkaoui.ma\/wp-content\/uploads\/2025\/12\/lierac-lierac-la-lotion-hydratante-200ml-nettoyants-visage.jpg","width":700,"height":700},{"@type":"BreadcrumbList","@id":"https:\/\/paracherkaoui.ma\/index.php\/produit\/lierac-la-lotion-hydratante-200ml\/#breadcrumb","itemListElement":[{"@type":"ListItem","position":1,"name":"Accueil","item":"https:\/\/paracherkaoui.ma\/"},{"@type":"ListItem","position":2,"name":"Boutique","item":"https:\/\/paracherkaoui.ma\/index.php\/boutique\/"},{"@type":"ListItem","position":3,"name":"LIERAC LA LOTION HYDRATANTE 200ML"}]},{"@type":"WebSite","@id":"https:\/\/paracherkaoui.ma\/#website","url":"https:\/\/paracherkaoui.ma\/","name":"Paracherkaoui.ma","description":"Achetez en ligne sur Paracherkaoui.ma","potentialAction":[{"@type":"SearchAction","target":{"@type":"EntryPoint","urlTemplate":"https:\/\/paracherkaoui.ma\/?s={search_term_string}"},"query-input":{"@type":"PropertyValueSpecification","valueRequired":true,"valueName":"search_term_string"}}],"inLanguage":"fr-FR"}]}},"_links":{"self":[{"href":"https:\/\/paracherkaoui.ma\/index.php\/wp-json\/wp\/v2\/product\/20207","targetHints":{"allow":["GET"]}}],"collection":[{"href":"https:\/\/paracherkaoui.ma\/index.php\/wp-json\/wp\/v2\/product"}],"about":[{"href":"https:\/\/paracherkaoui.ma\/index.php\/wp-json\/wp\/v2\/types\/product"}],"replies":[{"embeddable":true,"href":"https:\/\/paracherkaoui.ma\/index.php\/wp-json\/wp\/v2\/comments?post=20207"}],"version-history":[{"count":1,"href":"https:\/\/paracherkaoui.ma\/index.php\/wp-json\/wp\/v2\/product\/20207\/revisions"}],"predecessor-version":[{"id":20240,"href":"https:\/\/paracherkaoui.ma\/index.php\/wp-json\/wp\/v2\/product\/20207\/revisions\/20240"}],"wp:featuredmedia":[{"embeddable":true,"href":"https:\/\/paracherkaoui.ma\/index.php\/wp-json\/wp\/v2\/media\/20239"}],"wp:attachment":[{"href":"https:\/\/paracherkaoui.ma\/index.php\/wp-json\/wp\/v2\/media?parent=20207"}],"wp:term":[{"taxonomy":"product_brand","embeddable":true,"href":"https:\/\/paracherkaoui.ma\/index.php\/wp-json\/wp\/v2\/product_brand?post=20207"},{"taxonomy":"product_cat","embeddable":true,"href":"https:\/\/paracherkaoui.ma\/index.php\/wp-json\/wp\/v2\/product_cat?post=20207"},{"taxonomy":"product_tag","embeddable":true,"href":"https:\/\/paracherkaoui.ma\/index.php\/wp-json\/wp\/v2\/product_tag?post=20207"}],"curies":[{"name":"wp","href":"https:\/\/api.w.org\/{rel}","templated":true}]}}